{"id":1108,"date":"2024-06-20T15:17:29","date_gmt":"2024-06-20T13:17:29","guid":{"rendered":"http:\/\/www.ihr-ferienpartner.de\/mobil\/?page_id=1108"},"modified":"2024-06-20T15:17:30","modified_gmt":"2024-06-20T13:17:30","slug":"cluburlaub-in-der-tuerkei","status":"publish","type":"page","link":"https:\/\/www.ihr-ferienpartner.de\/mobil\/cluburlaub-in-der-tuerkei\/","title":{"rendered":"Cluburlaub in der T\u00fcrkei"},"content":{"rendered":"<div style=\"background-color: #ffffff; padding:20px 20px 20px 20px;\">\n<h1>Cluburlaub in der T\u00fcrkei<\/h1>\n<p><img decoding=\"async\" src=\"https:\/\/www.ihr-ferienpartner.de\/Angebot\/Tuerkei.jpg\" title=\"Cluburlaub in der T\u00fcrkei\"><br \/>\n<b>All inclusive in der T\u00fcrkei:<\/b> Besonders beliebt f\u00fcr Cluburlaub sind die tiefblauen Buchten und langen Str\u00e4nde der t\u00fcrkischen Riviera, u.a. Side, Kemer und Alanya. Auch die t\u00fcrkische \u00c4g\u00e4is bei Bodrum und Marmaris bieten sich f\u00fcr unbeschwerten Cluburlaub an. Die T\u00fcrkei bietet traumhafte K\u00fcsten f\u00fcr erholsame Badeferien und Aktivurlaub.<\/p>\n<div>\n<hr>\n<table bgcolor=\"#CCFFFF\">\n<tbody>\n<tr>\n<th width=\"100%\">\n<ul>\n<li><a href=\"https:\/\/www.ihr-ferienpartner.de\/mobil\/club-mega-saray\/\"><strong>Club Mega Saray &gt;&gt;<\/strong><\/a>, Belek<\/li>\n<p><a href=\"https:\/\/www.ihr-ferienpartner.de\/mobil\/club-mega-saray\/\"><img decoding=\"async\" src=\"https:\/\/www.ihr-ferienpartner.de\/Angebot\/MegaSaray.jpg\" width=\"500\"><\/a><br \/>\nDer sehr beliebte Club liegt direkt am langen Strand von Belek und bietet neben einer gro\u00dfen gepflegten Gartenlandschaft mit drei Pools auch eine Menge Kinder- und Sportanimation sowie Wellnessangebote.<\/ul>\n<\/th>\n<\/tr>\n<\/tbody>\n<\/table>\n<\/div>\n<div>\n<hr>\n<table bgcolor=\"#CCFFFF\">\n<tbody>\n<tr>\n<th width=\"100%\"><img decoding=\"async\" src=\"https:\/\/www.ihr-ferienpartner.de\/mobil\/wp-content\/uploads\/2018\/10\/Robinson.png\"><\/p>\n<ul>\n<li><a href=\"https:\/\/www.ihr-ferienpartner.de\/mobil\/robinson-club-sarigerme-park\/\"><strong>Robinson Club Sarigerme Park &gt;&gt;<\/strong><\/a><br \/>\nSarigerme<\/li>\n<li><a href=\"https:\/\/www.ihr-ferienpartner.de\/mobil\/robinson-club-pamfilya\/\"><strong>Robinson Club Pamfilya &gt;&gt;<\/strong><\/a><br \/>\nSide<\/li>\n<li><a href=\"https:\/\/www.ihr-ferienpartner.de\/mobil\/robinson-club-nobilis\/\"><strong>Robinson Club Nobilis &gt;&gt;<\/strong><\/a><br \/>\nBelek<\/li>\n<li><a href=\"https:\/\/www.ihr-ferienpartner.de\/mobil\/robinson-club-camyuva\/\"><strong>Robinson Club Camyuva &gt;&gt;<\/strong><\/a><br \/>\nKemer<\/li>\n<\/ul>\n<\/th>\n<\/tr>\n<\/tbody>\n<\/table>\n<\/div>\n<div>\n<hr>\n<table bgcolor=\"#CCFFFF\">\n<tbody>\n<tr>\n<th width=\"100%\">\n<img decoding=\"async\" src=\"https:\/\/www.ihr-ferienpartner.de\/mobil\/wp-content\/uploads\/2018\/10\/MagicLife.png\"><\/p>\n<ul>\n<li><a href=\"https:\/\/www.ihr-ferienpartner.de\/mobil\/magic-life-sarigerme\/\"><strong>Magic Life Sarigerme &gt;&gt;<\/strong><\/a><br \/>\nSarigerme<\/li>\n<li><a href=\"https:\/\/www.ihr-ferienpartner.de\/mobil\/magic-life-jacaranda\/\"><strong>Magic Life Jacaranda &gt;&gt;<\/strong><\/a><br \/>\nSide-Colakli<\/li>\n<li><a href=\"https:\/\/www.ihr-ferienpartner.de\/mobil\/magic-life-masmavi\/\"><strong>Magic Life Masmavi &gt;&gt;<\/strong><\/a><br \/>\nBelek<\/li>\n<li><a href=\"https:\/\/www.ihr-ferienpartner.de\/mobil\/magic-life-belek\/\"><strong>Magic Life Belek &gt;&gt;<\/strong><\/a><br \/>\nBelek<\/li>\n<li><a href=\"https:\/\/www.ihr-ferienpartner.de\/mobil\/magic-life-bodrum\/\"><strong>Magic Life Bodrum &gt;&gt;<\/strong><\/a><br \/>\nBodrum<\/li>\n<\/ul>\n<\/th>\n<\/tr>\n<\/tbody>\n<\/table>\n<\/div>\n<div>\n<hr>\n<table bgcolor=\"#CCFFFF\">\n<tbody>\n<tr>\n<th width=\"100%\">\n<ul>\n<li><a href=\"https:\/\/www.ihr-ferienpartner.de\/mobil\/magic-life-waterworld\/\"><strong>Aquaworld Belek &gt;&gt;<\/strong><\/a><br \/>\nBelek<\/li>\n<p><a href=\"https:\/\/www.ihr-ferienpartner.de\/mobil\/magic-life-waterworld\/\" title=\"Aquaworld Belek\"><img decoding=\"async\" src=\"https:\/\/www.ihr-ferienpartner.de\/Angebot\/Tuerkei.jpg\" width=\"500\"><\/a><br \/>\nDer bisher sehr beliebte all inclusive-Club \u201eMAGIC LIFE WATERWORLD\u201c wird als &#8222;Aquaworld Belek&#8220; weitergef\u00fchrt. Der Name ist Programm: gro\u00dfe Wasserrutschen &amp; Poolanlagen, direkt am Strand von Belek!<\/ul>\n<\/th>\n<\/tr>\n<\/tbody>\n<\/table>\n<\/div>\n<div>\n<hr>\n<table bgcolor=\"#CCFFFF\">\n<tbody>\n<tr>\n<th width=\"100%\"><img decoding=\"async\" src=\"https:\/\/www.ihr-ferienpartner.de\/mobil\/wp-content\/uploads\/2018\/10\/Labranda.png\"><\/p>\n<ul>\n<li><a href=\"https:\/\/www.ihr-ferienpartner.de\/mobil\/labranda-alantur-resort\/\"><strong>LABRANDA Alantur Resort &gt;&gt;<\/strong><\/a><br \/>\nAlanya<\/li>\n<li><a href=\"https:\/\/www.ihr-ferienpartner.de\/mobil\/labranda-excelsior-hotel-side\/\"><strong>LABRANDA Excelsior Hotel Side &gt;&gt;<\/strong><\/a><br \/>\nSide-Sorgun<\/li>\n<li><a href=\"https:\/\/www.ihr-ferienpartner.de\/mobil\/labranda-ephesus-princess\/\"><strong>LABRANDA Ephesus Princess &gt;&gt;<\/strong><\/a><br \/>\nPamucak Selcuk Beach (Kusadasi)<\/li>\n<li><a href=\"https:\/\/www.ihr-ferienpartner.de\/mobil\/labranda-tmt-bodrum\/\"><strong>LABRANDA TMT Bodrum &gt;&gt;<\/strong><\/a><br \/>\nBodrum<\/li>\n<li><a href=\"https:\/\/www.ihr-ferienpartner.de\/mobil\/labranda-mares-marmaris\/\"><strong>LABRANDA Mares Marmaris &gt;&gt;<\/strong><\/a><br \/>\nMarmaris<\/li>\n<\/ul>\n<\/th>\n<\/tr>\n<\/tbody>\n<\/table>\n<\/div>\n<div>\n<hr>\n<h3><b><u>Sehr beliebte Ferien-Hotelketten in der T\u00fcrkei:<\/u><\/b><\/h3>\n<table bgcolor=\"#CCFFFF\">\n<tbody>\n<tr>\n<th width=\"100%\">\n<ul>\n<li><a href=\"https:\/\/www.ihr-ferienpartner.de\/mobil\/dl-pauschal2\/?countryId=TR&amp;duration=7-7&amp;from=15&amp;to=316&amp;hotelName=delphin&amp;minRecommrate=60\" alt=\"Delphin Hotels &amp; Resorts\"><strong>Delphin Hotels &amp; Resorts &gt;&gt;<\/strong><\/a><br \/>\n<a href=\"https:\/\/www.ihr-ferienpartner.de\/mobil\/dl-pauschal2\/?countryId=TR&amp;duration=7-7&amp;from=15&amp;to=316&amp;hotelName=delphin&amp;minRecommrate=60\" alt=\"Delphin Hotels &amp; Resorts\"><img decoding=\"async\" src=\"https:\/\/www.ihr-ferienpartner.de\/mobil\/wp-content\/uploads\/2020\/08\/delphinhotelsandresorts.png\" width=\"200px\"><\/a><\/li>\n<\/ul>\n<\/th>\n<\/tr>\n<\/tbody>\n<\/table>\n<table bgcolor=\"#CCFFFF\">\n<tbody>\n<tr>\n<th width=\"100%\">\n<ul>\n<li><a href=\"https:\/\/www.ihr-ferienpartner.de\/mobil\/dl-pauschal2\/?countryId=TR&amp;duration=7-7&amp;from=15&amp;to=316&amp;hotelName=granada+luxury&amp;minRecommrate=60\" alt=\"Granada Luxury Hotels\"><strong>Granada Luxury Hotels &gt;&gt;<\/strong><\/a><br \/>\n<a href=\"https:\/\/www.ihr-ferienpartner.de\/mobil\/dl-pauschal2\/?countryId=TR&amp;duration=7-7&amp;from=15&amp;to=316&amp;hotelName=granada+luxury&amp;minRecommrate=60 alt=\" granada=\"\" luxury=\"\" hotels\"\"=\"\"><img decoding=\"async\" src=\"https:\/\/www.ihr-ferienpartner.de\/mobil\/wp-content\/uploads\/2020\/08\/GranadaLuxuryHotels.png\" width=\"200px\"><\/a><\/li>\n<\/ul>\n<\/th>\n<\/tr>\n<\/tbody>\n<\/table>\n<table bgcolor=\"#CCFFFF\">\n<tbody>\n<tr>\n<th width=\"100%\">\n<ul>\n<li><a href=\"https:\/\/www.ihr-ferienpartner.de\/mobil\/dl-pauschal2\/?countryId=TR&amp;duration=7-7&amp;from=15&amp;to=316&amp;hotelName=eftalia&amp;minRecommrate=60\" alt=\"Eftalia Hotels\"><strong>Eftalia Hotels &gt;&gt;<\/strong><\/a><br \/>\n<a href=\"https:\/\/www.ihr-ferienpartner.de\/mobil\/dl-pauschal2\/?countryId=TR&amp;duration=7-7&amp;from=15&amp;to=316&amp;hotelName=eftalia&amp;minRecommrate=60\" alt=\"Eftalia Hotels\"><img decoding=\"async\" src=\"https:\/\/www.ihr-ferienpartner.de\/mobil\/wp-content\/uploads\/2020\/08\/eftaliahotels.png\" width=\"200px\"><\/a><\/li>\n<\/ul>\n<\/th>\n<\/tr>\n<\/tbody>\n<\/table>\n<table bgcolor=\"#CCFFFF\">\n<tbody>\n<tr>\n<th width=\"100%\">\n<ul>\n<li><a href=\"https:\/\/www.ihr-ferienpartner.de\/mobil\/dl-pauschal2\/?countryId=TR&amp;duration=7-7&amp;from=15&amp;to=316&amp;hotelName=voyage&amp;minRecommrate=60\" alt=\"Voyage Hotels\"><strong>Voyage Hotels &gt;&gt;<\/strong><\/a><br \/>\n<a href=\"https:\/\/www.ihr-ferienpartner.de\/mobil\/dl-pauschal2\/?countryId=TR&amp;duration=7-7&amp;from=15&amp;to=316&amp;hotelName=voyage&amp;minRecommrate=60\" alt=\"Voyage Hotels\"><img decoding=\"async\" src=\"https:\/\/www.ihr-ferienpartner.de\/mobil\/wp-content\/uploads\/2020\/08\/VoyageHotels.png\" width=\"200px\"><\/a><\/li>\n<\/ul>\n<\/th>\n<\/tr>\n<\/tbody>\n<\/table>\n<table bgcolor=\"#CCFFFF\">\n<tbody>\n<tr>\n<th width=\"100%\">\n<ul>\n<li><a href=\"https:\/\/www.ihr-ferienpartner.de\/mobil\/dl-pauschal2\/?countryId=TR&amp;duration=7-7&amp;from=15&amp;to=316&amp;hotelName=trendy&amp;minRecommrate=60\" alt=\"Trendy Hotels\"><strong>Trendy Hotels &gt;&gt;<\/strong><\/a><br \/>\n<a href=\"https:\/\/www.ihr-ferienpartner.de\/mobil\/dl-pauschal2\/?countryId=TR&amp;duration=7-7&amp;from=15&amp;to=316&amp;hotelName=trendy&amp;minRecommrate=60\" alt=\"Trendy Hotels\"><img decoding=\"async\" src=\"https:\/\/www.ihr-ferienpartner.de\/mobil\/wp-content\/uploads\/2020\/08\/trendyhotels.png\" width=\"200px\"><\/a><\/li>\n<\/ul>\n<\/th>\n<\/tr>\n<\/tbody>\n<\/table>\n<table bgcolor=\"#CCFFFF\">\n<tbody>\n<tr>\n<th width=\"100%\">\n<ul>\n<li><a href=\"https:\/\/www.ihr-ferienpartner.de\/mobil\/dl-pauschal2\/?countryId=TR&amp;duration=7-7&amp;from=15&amp;to=316&amp;hotelName=melas&amp;minRecommrate=60\" alt=\"Melas Hotels &amp; Resorts\"><strong>Melas Hotels &amp; Resorts &gt;&gt;<\/strong><\/a><br \/>\n<a href=\"https:\/\/www.ihr-ferienpartner.de\/mobil\/dl-pauschal2\/?countryId=TR&amp;duration=7-7&amp;from=15&amp;to=316&amp;hotelName=melas&amp;minRecommrate=60\" alt=\"Melas Hotels &amp; Resorts\"><img decoding=\"async\" src=\"https:\/\/www.ihr-ferienpartner.de\/mobil\/wp-content\/uploads\/2020\/08\/MelasHotelsResorts.png\" width=\"200px\"><\/a><\/li>\n<\/ul>\n<\/th>\n<\/tr>\n<\/tbody>\n<\/table>\n<\/div>\n<hr>\n<div style=\"background-color: #e1eaed; padding: 10px 10px 10px 10px;\"><strong><span style=\"color: #ed1c24;\">weitere T\u00fcrkei-Hoteltipps:<\/span><\/strong><br \/>\n<a href=\"https:\/\/www.ihr-ferienpartner.de\/mobil\/dl-pauschal2\/?&amp;duration=7-7&amp;from=15&amp;to=316&amp;minRecommrate=90&amp;category=4&amp;boardCode=AI&amp;regionId=149,144\" alt=\"T\u00fcrkei Hoteltipps\"><strong>zu den Angeboten &gt;&gt;<\/strong><\/a><\/p>\n<ul>\n<li><strong>ALL INCLUSIVE<\/strong><\/li>\n<li><strong>top bewertet &#8211; mind. 90% Weiterempfehlung<\/strong><\/li>\n<li><strong>mind. Hotelkategorie 4<\/strong><\/li>\n<li><strong>t\u00fcrkische Riviera &amp; \u00c4g\u00e4is<\/strong><\/li>\n<\/ul>\n<p><a href=\"https:\/\/www.ihr-ferienpartner.de\/mobil\/dl-pauschal2\/?&amp;duration=7-7&amp;from=15&amp;to=316&amp;minRecommrate=90&amp;category=4&amp;boardCode=AI&amp;regionId=149,144\" alt=\"T\u00fcrkei Hoteltipps\"><strong>zu den Angeboten &gt;&gt;<\/strong><\/a><\/p>\n<\/div>\n<hr>\n<p><a href=\"https:\/\/www.ihr-ferienpartner.de\/mobil\/tuerkei\/\"><br \/>\n<img decoding=\"async\" src=\"https:\/\/www.ihr-ferienpartner.de\/Reisen\/Tuerkei.jpg\" alt=\"T\u00fcrkei Hoteltipps\"><\/a><\/p>\n<hr>\n<h4>Gro\u00dfe Angebotsauswahl mit Preisvergleich:<\/h4>\n<p><img decoding=\"async\" src=\"https:\/\/www.ihr-ferienpartner.de\/Angebot\/Anbietervergleich.jpg\" alt=\"T\u00fcrkei Reisen\" title=\"T\u00fcrkei Urlaub\"><\/p>\n<hr>\n<div align=\"center\">\n<span style=\"color: #000000;\"><strong>Follow us:<\/strong><\/span><br \/>\n<a href=\"https:\/\/www.facebook.de\/spontanien\" target=\"_blank\" rel=\"noopener noreferrer\"><img loading=\"lazy\" decoding=\"async\" src=\"\/mobil\/wp-content\/uploads\/2015\/07\/facebook.png\" alt=\"Facebook\" width=\"32\" height=\"32\"><\/a> <a href=\"https:\/\/twitter.com\/spontanien\" target=\"_blank\" rel=\"noopener noreferrer\"><img loading=\"lazy\" decoding=\"async\" src=\"\/mobil\/wp-content\/uploads\/2015\/07\/twitter.png\" alt=\"Twitter\" width=\"32\" height=\"32\"><\/a> <a href=\"https:\/\/www.instagram.com\/spontanien.de\" target=\"_blank\" rel=\"noopener noreferrer\"><img loading=\"lazy\" decoding=\"async\" src=\"\/mobil\/wp-content\/uploads\/2015\/07\/instagram.png\" alt=\"Instagram\" width=\"32\" height=\"32\"><\/a><\/div>\n<hr>\n<div align=\"right\"><img decoding=\"async\" src=\"https:\/\/www.ihr-ferienpartner.de\/mobil\/wp-content\/uploads\/2019\/10\/spontanien.jpg\" alt=\"spontanien.de\" width=\"250\"><\/div>\n<\/div>\n","protected":false},"excerpt":{"rendered":"<p>Cluburlaub in der T\u00fcrkei All inclusive in der T\u00fcrkei: Besonders beliebt f\u00fcr Cluburlaub sind die tiefblauen Buchten und langen Str\u00e4nde der t\u00fcrkischen Riviera, u.a. Side, Kemer und Alanya. Auch die t\u00fcrkische \u00c4g\u00e4is bei Bodrum und Marmaris bieten sich f\u00fcr unbeschwerten Cluburlaub an. Die T\u00fcrkei bietet traumhafte K\u00fcsten f\u00fcr erholsame Badeferien und Aktivurlaub. Club Mega Saray [&hellip;]<\/p>\n","protected":false},"author":1,"featured_media":0,"parent":0,"menu_order":0,"comment_status":"closed","ping_status":"closed","template":"","meta":{"footnotes":""},"yoast_head":"<!-- This site is optimized with the Yoast SEO plugin v22.8 - https:\/\/yoast.com\/wordpress\/plugins\/seo\/ -->\n<title>Cluburlaub in der T\u00fcrkei - g\u00fcnstig buchen<\/title>\n<meta name=\"description\" content=\"All inclusive Cluburlaub - u.a. ROBINSON, MAGIC LIFE, LABRANDA - in der T\u00fcrkei buchen: Preisvergleich, Hotelbewertungen &amp; flexible Termine\" \/>\n<meta name=\"robots\" content=\"index, follow, max-snippet:-1, max-image-preview:large, max-video-preview:-1\" \/>\n<link rel=\"canonical\" href=\"https:\/\/www.ihr-ferienpartner.de\/mobil\/cluburlaub-in-der-tuerkei\/\" \/>\n<meta property=\"og:locale\" content=\"de_DE\" \/>\n<meta property=\"og:type\" content=\"article\" \/>\n<meta property=\"og:title\" content=\"Cluburlaub in der T\u00fcrkei - g\u00fcnstig buchen\" \/>\n<meta property=\"og:description\" content=\"All inclusive Cluburlaub - u.a. ROBINSON, MAGIC LIFE, LABRANDA - in der T\u00fcrkei buchen: Preisvergleich, Hotelbewertungen &amp; flexible Termine\" \/>\n<meta property=\"og:url\" content=\"https:\/\/www.ihr-ferienpartner.de\/mobil\/cluburlaub-in-der-tuerkei\/\" \/>\n<meta property=\"og:site_name\" content=\"FINDE DEIN SPONTANIEN - Reisen g\u00fcnstig buchen\" \/>\n<meta property=\"article:modified_time\" content=\"2024-06-20T13:17:30+00:00\" \/>\n<meta property=\"og:image\" content=\"https:\/\/www.ihr-ferienpartner.de\/Angebot\/Tuerkei.jpg\" \/>\n<meta name=\"twitter:card\" content=\"summary_large_image\" \/>\n<meta name=\"twitter:label1\" content=\"Gesch\u00e4tzte Lesezeit\" \/>\n\t<meta name=\"twitter:data1\" content=\"5\u00a0Minuten\" \/>\n<script type=\"application\/ld+json\" class=\"yoast-schema-graph\">{\"@context\":\"https:\/\/schema.org\",\"@graph\":[{\"@type\":\"WebPage\",\"@id\":\"https:\/\/www.ihr-ferienpartner.de\/mobil\/cluburlaub-in-der-tuerkei\/\",\"url\":\"https:\/\/www.ihr-ferienpartner.de\/mobil\/cluburlaub-in-der-tuerkei\/\",\"name\":\"Cluburlaub in der T\u00fcrkei - g\u00fcnstig buchen\",\"isPartOf\":{\"@id\":\"https:\/\/www.ihr-ferienpartner.de\/mobil\/#website\"},\"primaryImageOfPage\":{\"@id\":\"https:\/\/www.ihr-ferienpartner.de\/mobil\/cluburlaub-in-der-tuerkei\/#primaryimage\"},\"image\":{\"@id\":\"https:\/\/www.ihr-ferienpartner.de\/mobil\/cluburlaub-in-der-tuerkei\/#primaryimage\"},\"thumbnailUrl\":\"https:\/\/www.ihr-ferienpartner.de\/Angebot\/Tuerkei.jpg\",\"datePublished\":\"2024-06-20T13:17:29+00:00\",\"dateModified\":\"2024-06-20T13:17:30+00:00\",\"description\":\"All inclusive Cluburlaub - u.a. ROBINSON, MAGIC LIFE, LABRANDA - in der T\u00fcrkei buchen: Preisvergleich, Hotelbewertungen & flexible Termine\",\"breadcrumb\":{\"@id\":\"https:\/\/www.ihr-ferienpartner.de\/mobil\/cluburlaub-in-der-tuerkei\/#breadcrumb\"},\"inLanguage\":\"de\",\"potentialAction\":[{\"@type\":\"ReadAction\",\"target\":[\"https:\/\/www.ihr-ferienpartner.de\/mobil\/cluburlaub-in-der-tuerkei\/\"]}]},{\"@type\":\"ImageObject\",\"inLanguage\":\"de\",\"@id\":\"https:\/\/www.ihr-ferienpartner.de\/mobil\/cluburlaub-in-der-tuerkei\/#primaryimage\",\"url\":\"https:\/\/www.ihr-ferienpartner.de\/Angebot\/Tuerkei.jpg\",\"contentUrl\":\"https:\/\/www.ihr-ferienpartner.de\/Angebot\/Tuerkei.jpg\"},{\"@type\":\"BreadcrumbList\",\"@id\":\"https:\/\/www.ihr-ferienpartner.de\/mobil\/cluburlaub-in-der-tuerkei\/#breadcrumb\",\"itemListElement\":[{\"@type\":\"ListItem\",\"position\":1,\"name\":\"Startseite\",\"item\":\"https:\/\/www.ihr-ferienpartner.de\/mobil\/\"},{\"@type\":\"ListItem\",\"position\":2,\"name\":\"Cluburlaub in der T\u00fcrkei\"}]},{\"@type\":\"WebSite\",\"@id\":\"https:\/\/www.ihr-ferienpartner.de\/mobil\/#website\",\"url\":\"https:\/\/www.ihr-ferienpartner.de\/mobil\/\",\"name\":\"FINDE DEIN SPONTANIEN - Reisen g\u00fcnstig buchen\",\"description\":\"Flugreisen im Preisvergleich mit flexiblen Terminen &amp; Abflughafen.\",\"publisher\":{\"@id\":\"https:\/\/www.ihr-ferienpartner.de\/mobil\/#organization\"},\"potentialAction\":[{\"@type\":\"SearchAction\",\"target\":{\"@type\":\"EntryPoint\",\"urlTemplate\":\"https:\/\/www.ihr-ferienpartner.de\/mobil\/?s={search_term_string}\"},\"query-input\":\"required name=search_term_string\"}],\"inLanguage\":\"de\"},{\"@type\":\"Organization\",\"@id\":\"https:\/\/www.ihr-ferienpartner.de\/mobil\/#organization\",\"name\":\"FINDE DEIN SPONTANIEN - Reisen g\u00fcnstig buchen\",\"url\":\"https:\/\/www.ihr-ferienpartner.de\/mobil\/\",\"logo\":{\"@type\":\"ImageObject\",\"inLanguage\":\"de\",\"@id\":\"https:\/\/www.ihr-ferienpartner.de\/mobil\/#\/schema\/logo\/image\/\",\"url\":\"https:\/\/www.ihr-ferienpartner.de\/mobil\/wp-content\/uploads\/2019\/10\/spontanien.jpg\",\"contentUrl\":\"https:\/\/www.ihr-ferienpartner.de\/mobil\/wp-content\/uploads\/2019\/10\/spontanien.jpg\",\"width\":818,\"height\":200,\"caption\":\"FINDE DEIN SPONTANIEN - Reisen g\u00fcnstig buchen\"},\"image\":{\"@id\":\"https:\/\/www.ihr-ferienpartner.de\/mobil\/#\/schema\/logo\/image\/\"}}]}<\/script>\n<!-- \/ Yoast SEO plugin. -->","yoast_head_json":{"title":"Cluburlaub in der T\u00fcrkei - g\u00fcnstig buchen","description":"All inclusive Cluburlaub - u.a. ROBINSON, MAGIC LIFE, LABRANDA - in der T\u00fcrkei buchen: Preisvergleich, Hotelbewertungen & flexible Termine","robots":{"index":"index","follow":"follow","max-snippet":"max-snippet:-1","max-image-preview":"max-image-preview:large","max-video-preview":"max-video-preview:-1"},"canonical":"https:\/\/www.ihr-ferienpartner.de\/mobil\/cluburlaub-in-der-tuerkei\/","og_locale":"de_DE","og_type":"article","og_title":"Cluburlaub in der T\u00fcrkei - g\u00fcnstig buchen","og_description":"All inclusive Cluburlaub - u.a. ROBINSON, MAGIC LIFE, LABRANDA - in der T\u00fcrkei buchen: Preisvergleich, Hotelbewertungen & flexible Termine","og_url":"https:\/\/www.ihr-ferienpartner.de\/mobil\/cluburlaub-in-der-tuerkei\/","og_site_name":"FINDE DEIN SPONTANIEN - Reisen g\u00fcnstig buchen","article_modified_time":"2024-06-20T13:17:30+00:00","og_image":[{"url":"https:\/\/www.ihr-ferienpartner.de\/Angebot\/Tuerkei.jpg"}],"twitter_card":"summary_large_image","twitter_misc":{"Gesch\u00e4tzte Lesezeit":"5\u00a0Minuten"},"schema":{"@context":"https:\/\/schema.org","@graph":[{"@type":"WebPage","@id":"https:\/\/www.ihr-ferienpartner.de\/mobil\/cluburlaub-in-der-tuerkei\/","url":"https:\/\/www.ihr-ferienpartner.de\/mobil\/cluburlaub-in-der-tuerkei\/","name":"Cluburlaub in der T\u00fcrkei - g\u00fcnstig buchen","isPartOf":{"@id":"https:\/\/www.ihr-ferienpartner.de\/mobil\/#website"},"primaryImageOfPage":{"@id":"https:\/\/www.ihr-ferienpartner.de\/mobil\/cluburlaub-in-der-tuerkei\/#primaryimage"},"image":{"@id":"https:\/\/www.ihr-ferienpartner.de\/mobil\/cluburlaub-in-der-tuerkei\/#primaryimage"},"thumbnailUrl":"https:\/\/www.ihr-ferienpartner.de\/Angebot\/Tuerkei.jpg","datePublished":"2024-06-20T13:17:29+00:00","dateModified":"2024-06-20T13:17:30+00:00","description":"All inclusive Cluburlaub - u.a. ROBINSON, MAGIC LIFE, LABRANDA - in der T\u00fcrkei buchen: Preisvergleich, Hotelbewertungen & flexible Termine","breadcrumb":{"@id":"https:\/\/www.ihr-ferienpartner.de\/mobil\/cluburlaub-in-der-tuerkei\/#breadcrumb"},"inLanguage":"de","potentialAction":[{"@type":"ReadAction","target":["https:\/\/www.ihr-ferienpartner.de\/mobil\/cluburlaub-in-der-tuerkei\/"]}]},{"@type":"ImageObject","inLanguage":"de","@id":"https:\/\/www.ihr-ferienpartner.de\/mobil\/cluburlaub-in-der-tuerkei\/#primaryimage","url":"https:\/\/www.ihr-ferienpartner.de\/Angebot\/Tuerkei.jpg","contentUrl":"https:\/\/www.ihr-ferienpartner.de\/Angebot\/Tuerkei.jpg"},{"@type":"BreadcrumbList","@id":"https:\/\/www.ihr-ferienpartner.de\/mobil\/cluburlaub-in-der-tuerkei\/#breadcrumb","itemListElement":[{"@type":"ListItem","position":1,"name":"Startseite","item":"https:\/\/www.ihr-ferienpartner.de\/mobil\/"},{"@type":"ListItem","position":2,"name":"Cluburlaub in der T\u00fcrkei"}]},{"@type":"WebSite","@id":"https:\/\/www.ihr-ferienpartner.de\/mobil\/#website","url":"https:\/\/www.ihr-ferienpartner.de\/mobil\/","name":"FINDE DEIN SPONTANIEN - Reisen g\u00fcnstig buchen","description":"Flugreisen im Preisvergleich mit flexiblen Terminen &amp; Abflughafen.","publisher":{"@id":"https:\/\/www.ihr-ferienpartner.de\/mobil\/#organization"},"potentialAction":[{"@type":"SearchAction","target":{"@type":"EntryPoint","urlTemplate":"https:\/\/www.ihr-ferienpartner.de\/mobil\/?s={search_term_string}"},"query-input":"required name=search_term_string"}],"inLanguage":"de"},{"@type":"Organization","@id":"https:\/\/www.ihr-ferienpartner.de\/mobil\/#organization","name":"FINDE DEIN SPONTANIEN - Reisen g\u00fcnstig buchen","url":"https:\/\/www.ihr-ferienpartner.de\/mobil\/","logo":{"@type":"ImageObject","inLanguage":"de","@id":"https:\/\/www.ihr-ferienpartner.de\/mobil\/#\/schema\/logo\/image\/","url":"https:\/\/www.ihr-ferienpartner.de\/mobil\/wp-content\/uploads\/2019\/10\/spontanien.jpg","contentUrl":"https:\/\/www.ihr-ferienpartner.de\/mobil\/wp-content\/uploads\/2019\/10\/spontanien.jpg","width":818,"height":200,"caption":"FINDE DEIN SPONTANIEN - Reisen g\u00fcnstig buchen"},"image":{"@id":"https:\/\/www.ihr-ferienpartner.de\/mobil\/#\/schema\/logo\/image\/"}}]}},"_links":{"self":[{"href":"https:\/\/www.ihr-ferienpartner.de\/mobil\/wp-json\/wp\/v2\/pages\/1108"}],"collection":[{"href":"https:\/\/www.ihr-ferienpartner.de\/mobil\/wp-json\/wp\/v2\/pages"}],"about":[{"href":"https:\/\/www.ihr-ferienpartner.de\/mobil\/wp-json\/wp\/v2\/types\/page"}],"author":[{"embeddable":true,"href":"https:\/\/www.ihr-ferienpartner.de\/mobil\/wp-json\/wp\/v2\/users\/1"}],"replies":[{"embeddable":true,"href":"https:\/\/www.ihr-ferienpartner.de\/mobil\/wp-json\/wp\/v2\/comments?post=1108"}],"version-history":[{"count":84,"href":"https:\/\/www.ihr-ferienpartner.de\/mobil\/wp-json\/wp\/v2\/pages\/1108\/revisions"}],"predecessor-version":[{"id":5086,"href":"https:\/\/www.ihr-ferienpartner.de\/mobil\/wp-json\/wp\/v2\/pages\/1108\/revisions\/5086"}],"wp:attachment":[{"href":"https:\/\/www.ihr-ferienpartner.de\/mobil\/wp-json\/wp\/v2\/media?parent=1108"}],"curies":[{"name":"wp","href":"https:\/\/api.w.org\/{rel}","templated":true}]}}