{"id":1203,"date":"2024-07-15T16:52:00","date_gmt":"2024-07-15T14:52:00","guid":{"rendered":"http:\/\/www.ihr-ferienpartner.de\/mobil\/?page_id=1203"},"modified":"2024-07-15T16:52:01","modified_gmt":"2024-07-15T14:52:01","slug":"tuerkei","status":"publish","type":"page","link":"https:\/\/www.ihr-ferienpartner.de\/mobil\/tuerkei\/","title":{"rendered":"T\u00fcrkei Reisen"},"content":{"rendered":"<div style=\"background-color: #ffffff; padding:20px 20px 20px 20px;\">\n<h1>T\u00fcrkei Reisen<\/h1>\n<p>Ein Reiseland von ganz besonderem Reiz<\/p>\n<p><img decoding=\"async\" src=\"https:\/\/www.ihr-ferienpartner.de\/Angebot\/Tuerkei.jpg\" alt=\"Reisen in die T\u00fcrkei g\u00fcnstig buchen\" title=\"T\u00fcrkei Reisen\"><br \/>\n<font size=\"-1\">Traumhafte K\u00fcsten f\u00fcr Bade- oder Sporturlaub, unber\u00fchrte Berglandschaften, antike Ausgrabungsst\u00e4tten, pulsierende Metropolen und nicht zuletzt herzliche Menschen machen die T\u00fcrkei zum idealen Reiseland, welches f\u00fcr jeden etwas bietet.<\/font><\/p>\n<hr>\n<p><font color=\"b62b31\"><b>Unsere Tipps f\u00fcr all inclusive-Cluburlaub:<\/b><\/font> <a href=\"https:\/\/www.ihr-ferienpartner.de\/mobil\/club-mega-saray\/\">MEGA SARAY<\/a>, Belek<br \/>\n<font color=\"b62b31\"><b>ROBINSON-Clubs:<\/b><\/font> <a href=\"https:\/\/www.ihr-ferienpartner.de\/mobil\/robinson-club-pamfilya\/\">PAMFILYA<\/a>, Side &#8211; <a href=\"https:\/\/www.ihr-ferienpartner.de\/mobil\/robinson-club-nobilis\/\">NOBILIS<\/a>, Belek &#8211; <a href=\"https:\/\/www.ihr-ferienpartner.de\/mobil\/robinson-club-camyuva\/\">CAMYUVA<\/a>, Kemer &#8211; <a href=\"https:\/\/www.ihr-ferienpartner.de\/mobil\/robinson-club-sarigerme-park\/\">SARIGERME PARK<\/a>, Sarigerme<br \/>\n<font color=\"b62b31\"><b>MAGIC LIFE-Clubs:<\/b><\/font> <a href=\"https:\/\/www.ihr-ferienpartner.de\/mobil\/magic-life-sarigerme\/\">SARIGERME<\/a>, Sarigerme &#8211; <a href=\"https:\/\/www.ihr-ferienpartner.de\/mobil\/magic-life-masmavi\/\">MASMAVI<\/a>, Belek &#8211; <a href=\"https:\/\/www.ihr-ferienpartner.de\/mobil\/magic-life-belek\/\">BELEK<\/a>, Belek &#8211; <a href=\"https:\/\/www.ihr-ferienpartner.de\/mobil\/magic-life-jacaranda\/\">JACARANDA<\/a>, Side &#8211; <a href=\"https:\/\/www.ihr-ferienpartner.de\/mobil\/magic-life-bodrum\/\">BODRUM<\/a>, Bodrum<\/p>\n<hr>\n<div id=\"ypsnet-ibe\" data-src=\"https:\/\/b2b.specials.de\/index\/jump\/119\/2780\/991880\/?action=dates&amp;countryId=TR&amp;from=15&amp;to=316&amp;duration=7-7&amp;maxPrice=5000&amp;adults=2&amp;category=3&amp;minRecommrate=70\"><\/div>\n<p><script src=\"https:\/\/webmedia.ypsilon.net\/spl_js\/ypsnet-ibe.js\"><\/script><\/p>\n<\/div>\n<div style=\"background-color: #ffffff; padding: 20px 20px 20px 20px;\">\n<hr>\n<p><b>Pauschalreisen, Fr\u00fchbucher-Rabatte &amp; Last Minute-Angebote:<\/b><br \/>\nBuchen Sie Ihre T\u00fcrkei-Reise und profitieren Sie u.a. vom Anbieter-Preisvergleich und Hotel-Rankings aus \u00fcber 1.000.000 authentischen Hotelbewertungen.<\/p>\n<hr>\n<p><img decoding=\"async\" src=\"https:\/\/www.ihr-ferienpartner.de\/Reisen\/Tuerkei.jpg\" alt=\"T\u00fcrkei Clubs\"><\/p>\n<hr>\n<h4>Gro\u00dfe Angebotsauswahl mit Preisvergleich:<\/h4>\n<p><img decoding=\"async\" src=\"https:\/\/www.ihr-ferienpartner.de\/Angebot\/Anbietervergleich.jpg\" alt=\"T\u00fcrkei Reisen\" title=\"T\u00fcrkei Urlaub\"><\/p>\n<hr>\n<div align=\"center\">\n<span style=\"color: #000000;\"><strong>Follow us:<\/strong><\/span><br \/>\n<a href=\"https:\/\/www.facebook.de\/spontanien\" target=\"_blank\" rel=\"noopener noreferrer\"><img loading=\"lazy\" decoding=\"async\" src=\"\/mobil\/wp-content\/uploads\/2015\/07\/facebook.png\" alt=\"Facebook\" width=\"32\" height=\"32\"><\/a> <a href=\"https:\/\/twitter.com\/spontanien\" target=\"_blank\" rel=\"noopener noreferrer\"><img loading=\"lazy\" decoding=\"async\" src=\"\/mobil\/wp-content\/uploads\/2015\/07\/twitter.png\" alt=\"Twitter\" width=\"32\" height=\"32\"><\/a> <a href=\"https:\/\/www.instagram.com\/spontanien.de\" target=\"_blank\" rel=\"noopener noreferrer\"><img loading=\"lazy\" decoding=\"async\" src=\"\/mobil\/wp-content\/uploads\/2015\/07\/instagram.png\" alt=\"Instagram\" width=\"32\" height=\"32\"><\/a><\/div>\n<hr>\n<div align=\"right\"><img decoding=\"async\" src=\"https:\/\/www.ihr-ferienpartner.de\/mobil\/wp-content\/uploads\/2019\/10\/spontanien.jpg\" alt=\"spontanien.de\" width=\"250\"><\/div>\n<\/div>\n","protected":false},"excerpt":{"rendered":"<p>T\u00fcrkei Reisen Ein Reiseland von ganz besonderem Reiz Traumhafte K\u00fcsten f\u00fcr Bade- oder Sporturlaub, unber\u00fchrte Berglandschaften, antike Ausgrabungsst\u00e4tten, pulsierende Metropolen und nicht zuletzt herzliche Menschen machen die T\u00fcrkei zum idealen Reiseland, welches f\u00fcr jeden etwas bietet. Unsere Tipps f\u00fcr all inclusive-Cluburlaub: MEGA SARAY, Belek ROBINSON-Clubs: PAMFILYA, Side &#8211; NOBILIS, Belek &#8211; CAMYUVA, Kemer &#8211; SARIGERME [&hellip;]<\/p>\n","protected":false},"author":1,"featured_media":0,"parent":0,"menu_order":0,"comment_status":"closed","ping_status":"closed","template":"","meta":{"footnotes":""},"yoast_head":"<!-- This site is optimized with the Yoast SEO plugin v22.8 - https:\/\/yoast.com\/wordpress\/plugins\/seo\/ -->\n<title>T\u00fcrkei Reisen - Last Minute &amp; Fr\u00fchbucher Reisen<\/title>\n<meta name=\"description\" content=\"T\u00fcrkei Urlaub clever buchen: Mit Preisvergleich, Hotelbewertungen, flexiblen Reiseterminen und von allen deutschen &amp; grenznahen Abflughafen!\" \/>\n<meta name=\"robots\" content=\"index, follow, max-snippet:-1, max-image-preview:large, max-video-preview:-1\" \/>\n<link rel=\"canonical\" href=\"https:\/\/www.ihr-ferienpartner.de\/mobil\/tuerkei\/\" \/>\n<meta property=\"og:locale\" content=\"de_DE\" \/>\n<meta property=\"og:type\" content=\"article\" \/>\n<meta property=\"og:title\" content=\"T\u00fcrkei Reisen - Last Minute &amp; Fr\u00fchbucher Reisen\" \/>\n<meta property=\"og:description\" content=\"T\u00fcrkei Urlaub clever buchen: Mit Preisvergleich, Hotelbewertungen, flexiblen Reiseterminen und von allen deutschen &amp; grenznahen Abflughafen!\" \/>\n<meta property=\"og:url\" content=\"https:\/\/www.ihr-ferienpartner.de\/mobil\/tuerkei\/\" \/>\n<meta property=\"og:site_name\" content=\"FINDE DEIN SPONTANIEN - Reisen g\u00fcnstig buchen\" \/>\n<meta property=\"article:modified_time\" content=\"2024-07-15T14:52:01+00:00\" \/>\n<meta property=\"og:image\" content=\"https:\/\/www.ihr-ferienpartner.de\/Angebot\/Tuerkei.jpg\" \/>\n<meta name=\"twitter:card\" content=\"summary_large_image\" \/>\n<meta name=\"twitter:label1\" content=\"Gesch\u00e4tzte Lesezeit\" \/>\n\t<meta name=\"twitter:data1\" content=\"2\u00a0Minuten\" \/>\n<script type=\"application\/ld+json\" class=\"yoast-schema-graph\">{\"@context\":\"https:\/\/schema.org\",\"@graph\":[{\"@type\":\"WebPage\",\"@id\":\"https:\/\/www.ihr-ferienpartner.de\/mobil\/tuerkei\/\",\"url\":\"https:\/\/www.ihr-ferienpartner.de\/mobil\/tuerkei\/\",\"name\":\"T\u00fcrkei Reisen - Last Minute & Fr\u00fchbucher Reisen\",\"isPartOf\":{\"@id\":\"https:\/\/www.ihr-ferienpartner.de\/mobil\/#website\"},\"primaryImageOfPage\":{\"@id\":\"https:\/\/www.ihr-ferienpartner.de\/mobil\/tuerkei\/#primaryimage\"},\"image\":{\"@id\":\"https:\/\/www.ihr-ferienpartner.de\/mobil\/tuerkei\/#primaryimage\"},\"thumbnailUrl\":\"https:\/\/www.ihr-ferienpartner.de\/Angebot\/Tuerkei.jpg\",\"datePublished\":\"2024-07-15T14:52:00+00:00\",\"dateModified\":\"2024-07-15T14:52:01+00:00\",\"description\":\"T\u00fcrkei Urlaub clever buchen: Mit Preisvergleich, Hotelbewertungen, flexiblen Reiseterminen und von allen deutschen & grenznahen Abflughafen!\",\"breadcrumb\":{\"@id\":\"https:\/\/www.ihr-ferienpartner.de\/mobil\/tuerkei\/#breadcrumb\"},\"inLanguage\":\"de\",\"potentialAction\":[{\"@type\":\"ReadAction\",\"target\":[\"https:\/\/www.ihr-ferienpartner.de\/mobil\/tuerkei\/\"]}]},{\"@type\":\"ImageObject\",\"inLanguage\":\"de\",\"@id\":\"https:\/\/www.ihr-ferienpartner.de\/mobil\/tuerkei\/#primaryimage\",\"url\":\"https:\/\/www.ihr-ferienpartner.de\/Angebot\/Tuerkei.jpg\",\"contentUrl\":\"https:\/\/www.ihr-ferienpartner.de\/Angebot\/Tuerkei.jpg\"},{\"@type\":\"BreadcrumbList\",\"@id\":\"https:\/\/www.ihr-ferienpartner.de\/mobil\/tuerkei\/#breadcrumb\",\"itemListElement\":[{\"@type\":\"ListItem\",\"position\":1,\"name\":\"Startseite\",\"item\":\"https:\/\/www.ihr-ferienpartner.de\/mobil\/\"},{\"@type\":\"ListItem\",\"position\":2,\"name\":\"T\u00fcrkei Reisen\"}]},{\"@type\":\"WebSite\",\"@id\":\"https:\/\/www.ihr-ferienpartner.de\/mobil\/#website\",\"url\":\"https:\/\/www.ihr-ferienpartner.de\/mobil\/\",\"name\":\"FINDE DEIN SPONTANIEN - Reisen g\u00fcnstig buchen\",\"description\":\"Flugreisen im Preisvergleich mit flexiblen Terminen &amp; Abflughafen.\",\"publisher\":{\"@id\":\"https:\/\/www.ihr-ferienpartner.de\/mobil\/#organization\"},\"potentialAction\":[{\"@type\":\"SearchAction\",\"target\":{\"@type\":\"EntryPoint\",\"urlTemplate\":\"https:\/\/www.ihr-ferienpartner.de\/mobil\/?s={search_term_string}\"},\"query-input\":\"required name=search_term_string\"}],\"inLanguage\":\"de\"},{\"@type\":\"Organization\",\"@id\":\"https:\/\/www.ihr-ferienpartner.de\/mobil\/#organization\",\"name\":\"FINDE DEIN SPONTANIEN - Reisen g\u00fcnstig buchen\",\"url\":\"https:\/\/www.ihr-ferienpartner.de\/mobil\/\",\"logo\":{\"@type\":\"ImageObject\",\"inLanguage\":\"de\",\"@id\":\"https:\/\/www.ihr-ferienpartner.de\/mobil\/#\/schema\/logo\/image\/\",\"url\":\"https:\/\/www.ihr-ferienpartner.de\/mobil\/wp-content\/uploads\/2019\/10\/spontanien.jpg\",\"contentUrl\":\"https:\/\/www.ihr-ferienpartner.de\/mobil\/wp-content\/uploads\/2019\/10\/spontanien.jpg\",\"width\":818,\"height\":200,\"caption\":\"FINDE DEIN SPONTANIEN - Reisen g\u00fcnstig buchen\"},\"image\":{\"@id\":\"https:\/\/www.ihr-ferienpartner.de\/mobil\/#\/schema\/logo\/image\/\"}}]}<\/script>\n<!-- \/ Yoast SEO plugin. -->","yoast_head_json":{"title":"T\u00fcrkei Reisen - Last Minute & Fr\u00fchbucher Reisen","description":"T\u00fcrkei Urlaub clever buchen: Mit Preisvergleich, Hotelbewertungen, flexiblen Reiseterminen und von allen deutschen & grenznahen Abflughafen!","robots":{"index":"index","follow":"follow","max-snippet":"max-snippet:-1","max-image-preview":"max-image-preview:large","max-video-preview":"max-video-preview:-1"},"canonical":"https:\/\/www.ihr-ferienpartner.de\/mobil\/tuerkei\/","og_locale":"de_DE","og_type":"article","og_title":"T\u00fcrkei Reisen - Last Minute & Fr\u00fchbucher Reisen","og_description":"T\u00fcrkei Urlaub clever buchen: Mit Preisvergleich, Hotelbewertungen, flexiblen Reiseterminen und von allen deutschen & grenznahen Abflughafen!","og_url":"https:\/\/www.ihr-ferienpartner.de\/mobil\/tuerkei\/","og_site_name":"FINDE DEIN SPONTANIEN - Reisen g\u00fcnstig buchen","article_modified_time":"2024-07-15T14:52:01+00:00","og_image":[{"url":"https:\/\/www.ihr-ferienpartner.de\/Angebot\/Tuerkei.jpg"}],"twitter_card":"summary_large_image","twitter_misc":{"Gesch\u00e4tzte Lesezeit":"2\u00a0Minuten"},"schema":{"@context":"https:\/\/schema.org","@graph":[{"@type":"WebPage","@id":"https:\/\/www.ihr-ferienpartner.de\/mobil\/tuerkei\/","url":"https:\/\/www.ihr-ferienpartner.de\/mobil\/tuerkei\/","name":"T\u00fcrkei Reisen - Last Minute & Fr\u00fchbucher Reisen","isPartOf":{"@id":"https:\/\/www.ihr-ferienpartner.de\/mobil\/#website"},"primaryImageOfPage":{"@id":"https:\/\/www.ihr-ferienpartner.de\/mobil\/tuerkei\/#primaryimage"},"image":{"@id":"https:\/\/www.ihr-ferienpartner.de\/mobil\/tuerkei\/#primaryimage"},"thumbnailUrl":"https:\/\/www.ihr-ferienpartner.de\/Angebot\/Tuerkei.jpg","datePublished":"2024-07-15T14:52:00+00:00","dateModified":"2024-07-15T14:52:01+00:00","description":"T\u00fcrkei Urlaub clever buchen: Mit Preisvergleich, Hotelbewertungen, flexiblen Reiseterminen und von allen deutschen & grenznahen Abflughafen!","breadcrumb":{"@id":"https:\/\/www.ihr-ferienpartner.de\/mobil\/tuerkei\/#breadcrumb"},"inLanguage":"de","potentialAction":[{"@type":"ReadAction","target":["https:\/\/www.ihr-ferienpartner.de\/mobil\/tuerkei\/"]}]},{"@type":"ImageObject","inLanguage":"de","@id":"https:\/\/www.ihr-ferienpartner.de\/mobil\/tuerkei\/#primaryimage","url":"https:\/\/www.ihr-ferienpartner.de\/Angebot\/Tuerkei.jpg","contentUrl":"https:\/\/www.ihr-ferienpartner.de\/Angebot\/Tuerkei.jpg"},{"@type":"BreadcrumbList","@id":"https:\/\/www.ihr-ferienpartner.de\/mobil\/tuerkei\/#breadcrumb","itemListElement":[{"@type":"ListItem","position":1,"name":"Startseite","item":"https:\/\/www.ihr-ferienpartner.de\/mobil\/"},{"@type":"ListItem","position":2,"name":"T\u00fcrkei Reisen"}]},{"@type":"WebSite","@id":"https:\/\/www.ihr-ferienpartner.de\/mobil\/#website","url":"https:\/\/www.ihr-ferienpartner.de\/mobil\/","name":"FINDE DEIN SPONTANIEN - Reisen g\u00fcnstig buchen","description":"Flugreisen im Preisvergleich mit flexiblen Terminen &amp; Abflughafen.","publisher":{"@id":"https:\/\/www.ihr-ferienpartner.de\/mobil\/#organization"},"potentialAction":[{"@type":"SearchAction","target":{"@type":"EntryPoint","urlTemplate":"https:\/\/www.ihr-ferienpartner.de\/mobil\/?s={search_term_string}"},"query-input":"required name=search_term_string"}],"inLanguage":"de"},{"@type":"Organization","@id":"https:\/\/www.ihr-ferienpartner.de\/mobil\/#organization","name":"FINDE DEIN SPONTANIEN - Reisen g\u00fcnstig buchen","url":"https:\/\/www.ihr-ferienpartner.de\/mobil\/","logo":{"@type":"ImageObject","inLanguage":"de","@id":"https:\/\/www.ihr-ferienpartner.de\/mobil\/#\/schema\/logo\/image\/","url":"https:\/\/www.ihr-ferienpartner.de\/mobil\/wp-content\/uploads\/2019\/10\/spontanien.jpg","contentUrl":"https:\/\/www.ihr-ferienpartner.de\/mobil\/wp-content\/uploads\/2019\/10\/spontanien.jpg","width":818,"height":200,"caption":"FINDE DEIN SPONTANIEN - Reisen g\u00fcnstig buchen"},"image":{"@id":"https:\/\/www.ihr-ferienpartner.de\/mobil\/#\/schema\/logo\/image\/"}}]}},"_links":{"self":[{"href":"https:\/\/www.ihr-ferienpartner.de\/mobil\/wp-json\/wp\/v2\/pages\/1203"}],"collection":[{"href":"https:\/\/www.ihr-ferienpartner.de\/mobil\/wp-json\/wp\/v2\/pages"}],"about":[{"href":"https:\/\/www.ihr-ferienpartner.de\/mobil\/wp-json\/wp\/v2\/types\/page"}],"author":[{"embeddable":true,"href":"https:\/\/www.ihr-ferienpartner.de\/mobil\/wp-json\/wp\/v2\/users\/1"}],"replies":[{"embeddable":true,"href":"https:\/\/www.ihr-ferienpartner.de\/mobil\/wp-json\/wp\/v2\/comments?post=1203"}],"version-history":[{"count":27,"href":"https:\/\/www.ihr-ferienpartner.de\/mobil\/wp-json\/wp\/v2\/pages\/1203\/revisions"}],"predecessor-version":[{"id":5372,"href":"https:\/\/www.ihr-ferienpartner.de\/mobil\/wp-json\/wp\/v2\/pages\/1203\/revisions\/5372"}],"wp:attachment":[{"href":"https:\/\/www.ihr-ferienpartner.de\/mobil\/wp-json\/wp\/v2\/media?parent=1203"}],"curies":[{"name":"wp","href":"https:\/\/api.w.org\/{rel}","templated":true}]}}