{"id":1208,"date":"2024-06-17T12:49:27","date_gmt":"2024-06-17T10:49:27","guid":{"rendered":"http:\/\/www.ihr-ferienpartner.de\/mobil\/?page_id=1208"},"modified":"2024-06-17T12:56:06","modified_gmt":"2024-06-17T10:56:06","slug":"aegypten","status":"publish","type":"page","link":"https:\/\/www.ihr-ferienpartner.de\/mobil\/aegypten\/","title":{"rendered":"\u00c4gypten Reisen"},"content":{"rendered":"<div style=\"background-color: #ffffff; padding:20px 20px 20px 20px;\">\n<h1>\u00c4gypten &#8211; Reisen im Land der Pharaonen<\/h1>\n<p><img decoding=\"async\" src=\"https:\/\/www.ihr-ferienpartner.de\/Angebot\/Aegypten.jpg\" alt=\"Willkommen auf der \u00c4gypten-Webseite von ihr-ferienpartner.de\" title=\"\u00c4gypten Reisen\"><br \/>\n<font size=\"-1\">Ein Reiseziel mit unendlich vielen M\u00f6glichkeiten: geschichtstr\u00e4chtige Sehensw\u00fcrdigkeiten, beeindruckende Wasserwelten, Zauber des Orients oder unendliche Weiten in der W\u00fcste. <\/font><\/p>\n<hr>\n<p><b><font color=\"b62b31\">Hotel-Tipps:<\/font><\/b> <a href=\"https:\/\/www.ihr-ferienpartner.de\/mobil\/robinson-club-soma-bay\/\">ROBINSON CLUB SOMA BAY<\/a>, Soma Bay &#8211; <a href=\"\/magic-life-kalawy\/\">MAGIC LIFE KALAWY<\/a>, Safaga &#8211; <a href=\"https:\/\/www.ihr-ferienpartner.de\/mobil\/jaz-makadina\/\">Jaz Makadina<\/a>, Makadi Bay<br \/>\n<b><font color=\"b62b31\">Cluburlaub in:<\/font><\/b> <a href=\"https:\/\/www.ihr-ferienpartner.de\/mobil\/cluburlaub-in-aegypten\/\">\u00c4gypten<\/a><\/p>\n<hr>\n<div id=\"ypsnet-ibe\" data-src=\"https:\/\/b2b.specials.de\/index\/jump\/119\/2780\/991880\/?action=dates&amp;countryId=EG&amp;from=15&amp;to=316&amp;duration=7-7&amp;maxPrice=5000&amp;adults=2&amp;category=3&amp;minRecommrate=70\"><\/div>\n<p><script src=\"https:\/\/webmedia.ypsilon.net\/spl_js\/ypsnet-ibe.js\"><\/script><\/p>\n<\/div>\n<div style=\"background-color: #ffffff; padding: 20px 20px 20px 20px;\">\n<hr>\n<p><b>Pauschalreisen, Fr\u00fchbucher-Rabatte &amp; Last Minute-Angebote:<\/b><br \/>\nBuchen Sie Ihre \u00c4gypten-Reise und profitieren Sie u.a. vom Anbieter-Preisvergleich und Hotel-Rankings aus \u00fcber 1.000.000 authentischen Hotelbewertungen.<\/p>\n<p><img decoding=\"async\" src=\"https:\/\/www.ihr-ferienpartner.de\/Angebot\/Anbietervergleich.jpg\" alt=\"\u00c4gypten Reisen\" title=\"\u00c4gypten Urlaub\"><\/p>\n<\/div>\n","protected":false},"excerpt":{"rendered":"<p>\u00c4gypten &#8211; Reisen im Land der Pharaonen Ein Reiseziel mit unendlich vielen M\u00f6glichkeiten: geschichtstr\u00e4chtige Sehensw\u00fcrdigkeiten, beeindruckende Wasserwelten, Zauber des Orients oder unendliche Weiten in der W\u00fcste. Hotel-Tipps: ROBINSON CLUB SOMA BAY, Soma Bay &#8211; MAGIC LIFE KALAWY, Safaga &#8211; Jaz Makadina, Makadi Bay Cluburlaub in: \u00c4gypten Pauschalreisen, Fr\u00fchbucher-Rabatte &amp; Last Minute-Angebote: Buchen Sie Ihre \u00c4gypten-Reise [&hellip;]<\/p>\n","protected":false},"author":1,"featured_media":0,"parent":0,"menu_order":0,"comment_status":"closed","ping_status":"closed","template":"","meta":{"footnotes":""},"yoast_head":"<!-- This site is optimized with the Yoast SEO plugin v22.8 - https:\/\/yoast.com\/wordpress\/plugins\/seo\/ -->\n<title>\u00c4gypten Reisen - Last Minute &amp; Fr\u00fchbucher Flugreisen<\/title>\n<meta name=\"description\" content=\"Urlaub in \u00c4gypten clever buchen? Mit Anbieter-Preisvergleich, Hotelbewertungem, flexiblen Reiseterminen &amp; ab allen relevanten Abflughafen!\" \/>\n<meta name=\"robots\" content=\"index, follow, max-snippet:-1, max-image-preview:large, max-video-preview:-1\" \/>\n<link rel=\"canonical\" href=\"https:\/\/www.ihr-ferienpartner.de\/mobil\/aegypten\/\" \/>\n<meta property=\"og:locale\" content=\"de_DE\" \/>\n<meta property=\"og:type\" content=\"article\" \/>\n<meta property=\"og:title\" content=\"\u00c4gypten Reisen - Last Minute &amp; Fr\u00fchbucher Flugreisen\" \/>\n<meta property=\"og:description\" content=\"Urlaub in \u00c4gypten clever buchen? Mit Anbieter-Preisvergleich, Hotelbewertungem, flexiblen Reiseterminen &amp; ab allen relevanten Abflughafen!\" \/>\n<meta property=\"og:url\" content=\"https:\/\/www.ihr-ferienpartner.de\/mobil\/aegypten\/\" \/>\n<meta property=\"og:site_name\" content=\"FINDE DEIN SPONTANIEN - Reisen g\u00fcnstig buchen\" \/>\n<meta property=\"article:modified_time\" content=\"2024-06-17T10:56:06+00:00\" \/>\n<meta property=\"og:image\" content=\"https:\/\/www.ihr-ferienpartner.de\/Angebot\/Aegypten.jpg\" \/>\n<meta name=\"twitter:card\" content=\"summary_large_image\" \/>\n<meta name=\"twitter:label1\" content=\"Gesch\u00e4tzte Lesezeit\" \/>\n\t<meta name=\"twitter:data1\" content=\"1\u00a0Minute\" \/>\n<script type=\"application\/ld+json\" class=\"yoast-schema-graph\">{\"@context\":\"https:\/\/schema.org\",\"@graph\":[{\"@type\":\"WebPage\",\"@id\":\"https:\/\/www.ihr-ferienpartner.de\/mobil\/aegypten\/\",\"url\":\"https:\/\/www.ihr-ferienpartner.de\/mobil\/aegypten\/\",\"name\":\"\u00c4gypten Reisen - Last Minute & Fr\u00fchbucher Flugreisen\",\"isPartOf\":{\"@id\":\"https:\/\/www.ihr-ferienpartner.de\/mobil\/#website\"},\"primaryImageOfPage\":{\"@id\":\"https:\/\/www.ihr-ferienpartner.de\/mobil\/aegypten\/#primaryimage\"},\"image\":{\"@id\":\"https:\/\/www.ihr-ferienpartner.de\/mobil\/aegypten\/#primaryimage\"},\"thumbnailUrl\":\"https:\/\/www.ihr-ferienpartner.de\/Angebot\/Aegypten.jpg\",\"datePublished\":\"2024-06-17T10:49:27+00:00\",\"dateModified\":\"2024-06-17T10:56:06+00:00\",\"description\":\"Urlaub in \u00c4gypten clever buchen? Mit Anbieter-Preisvergleich, Hotelbewertungem, flexiblen Reiseterminen & ab allen relevanten Abflughafen!\",\"breadcrumb\":{\"@id\":\"https:\/\/www.ihr-ferienpartner.de\/mobil\/aegypten\/#breadcrumb\"},\"inLanguage\":\"de\",\"potentialAction\":[{\"@type\":\"ReadAction\",\"target\":[\"https:\/\/www.ihr-ferienpartner.de\/mobil\/aegypten\/\"]}]},{\"@type\":\"ImageObject\",\"inLanguage\":\"de\",\"@id\":\"https:\/\/www.ihr-ferienpartner.de\/mobil\/aegypten\/#primaryimage\",\"url\":\"https:\/\/www.ihr-ferienpartner.de\/Angebot\/Aegypten.jpg\",\"contentUrl\":\"https:\/\/www.ihr-ferienpartner.de\/Angebot\/Aegypten.jpg\"},{\"@type\":\"BreadcrumbList\",\"@id\":\"https:\/\/www.ihr-ferienpartner.de\/mobil\/aegypten\/#breadcrumb\",\"itemListElement\":[{\"@type\":\"ListItem\",\"position\":1,\"name\":\"Startseite\",\"item\":\"https:\/\/www.ihr-ferienpartner.de\/mobil\/\"},{\"@type\":\"ListItem\",\"position\":2,\"name\":\"\u00c4gypten Reisen\"}]},{\"@type\":\"WebSite\",\"@id\":\"https:\/\/www.ihr-ferienpartner.de\/mobil\/#website\",\"url\":\"https:\/\/www.ihr-ferienpartner.de\/mobil\/\",\"name\":\"FINDE DEIN SPONTANIEN - Reisen g\u00fcnstig buchen\",\"description\":\"Flugreisen im Preisvergleich mit flexiblen Terminen &amp; Abflughafen.\",\"publisher\":{\"@id\":\"https:\/\/www.ihr-ferienpartner.de\/mobil\/#organization\"},\"potentialAction\":[{\"@type\":\"SearchAction\",\"target\":{\"@type\":\"EntryPoint\",\"urlTemplate\":\"https:\/\/www.ihr-ferienpartner.de\/mobil\/?s={search_term_string}\"},\"query-input\":\"required name=search_term_string\"}],\"inLanguage\":\"de\"},{\"@type\":\"Organization\",\"@id\":\"https:\/\/www.ihr-ferienpartner.de\/mobil\/#organization\",\"name\":\"FINDE DEIN SPONTANIEN - Reisen g\u00fcnstig buchen\",\"url\":\"https:\/\/www.ihr-ferienpartner.de\/mobil\/\",\"logo\":{\"@type\":\"ImageObject\",\"inLanguage\":\"de\",\"@id\":\"https:\/\/www.ihr-ferienpartner.de\/mobil\/#\/schema\/logo\/image\/\",\"url\":\"https:\/\/www.ihr-ferienpartner.de\/mobil\/wp-content\/uploads\/2019\/10\/spontanien.jpg\",\"contentUrl\":\"https:\/\/www.ihr-ferienpartner.de\/mobil\/wp-content\/uploads\/2019\/10\/spontanien.jpg\",\"width\":818,\"height\":200,\"caption\":\"FINDE DEIN SPONTANIEN - Reisen g\u00fcnstig buchen\"},\"image\":{\"@id\":\"https:\/\/www.ihr-ferienpartner.de\/mobil\/#\/schema\/logo\/image\/\"}}]}<\/script>\n<!-- \/ Yoast SEO plugin. -->","yoast_head_json":{"title":"\u00c4gypten Reisen - Last Minute & Fr\u00fchbucher Flugreisen","description":"Urlaub in \u00c4gypten clever buchen? Mit Anbieter-Preisvergleich, Hotelbewertungem, flexiblen Reiseterminen & ab allen relevanten Abflughafen!","robots":{"index":"index","follow":"follow","max-snippet":"max-snippet:-1","max-image-preview":"max-image-preview:large","max-video-preview":"max-video-preview:-1"},"canonical":"https:\/\/www.ihr-ferienpartner.de\/mobil\/aegypten\/","og_locale":"de_DE","og_type":"article","og_title":"\u00c4gypten Reisen - Last Minute & Fr\u00fchbucher Flugreisen","og_description":"Urlaub in \u00c4gypten clever buchen? Mit Anbieter-Preisvergleich, Hotelbewertungem, flexiblen Reiseterminen & ab allen relevanten Abflughafen!","og_url":"https:\/\/www.ihr-ferienpartner.de\/mobil\/aegypten\/","og_site_name":"FINDE DEIN SPONTANIEN - Reisen g\u00fcnstig buchen","article_modified_time":"2024-06-17T10:56:06+00:00","og_image":[{"url":"https:\/\/www.ihr-ferienpartner.de\/Angebot\/Aegypten.jpg"}],"twitter_card":"summary_large_image","twitter_misc":{"Gesch\u00e4tzte Lesezeit":"1\u00a0Minute"},"schema":{"@context":"https:\/\/schema.org","@graph":[{"@type":"WebPage","@id":"https:\/\/www.ihr-ferienpartner.de\/mobil\/aegypten\/","url":"https:\/\/www.ihr-ferienpartner.de\/mobil\/aegypten\/","name":"\u00c4gypten Reisen - Last Minute & Fr\u00fchbucher Flugreisen","isPartOf":{"@id":"https:\/\/www.ihr-ferienpartner.de\/mobil\/#website"},"primaryImageOfPage":{"@id":"https:\/\/www.ihr-ferienpartner.de\/mobil\/aegypten\/#primaryimage"},"image":{"@id":"https:\/\/www.ihr-ferienpartner.de\/mobil\/aegypten\/#primaryimage"},"thumbnailUrl":"https:\/\/www.ihr-ferienpartner.de\/Angebot\/Aegypten.jpg","datePublished":"2024-06-17T10:49:27+00:00","dateModified":"2024-06-17T10:56:06+00:00","description":"Urlaub in \u00c4gypten clever buchen? Mit Anbieter-Preisvergleich, Hotelbewertungem, flexiblen Reiseterminen & ab allen relevanten Abflughafen!","breadcrumb":{"@id":"https:\/\/www.ihr-ferienpartner.de\/mobil\/aegypten\/#breadcrumb"},"inLanguage":"de","potentialAction":[{"@type":"ReadAction","target":["https:\/\/www.ihr-ferienpartner.de\/mobil\/aegypten\/"]}]},{"@type":"ImageObject","inLanguage":"de","@id":"https:\/\/www.ihr-ferienpartner.de\/mobil\/aegypten\/#primaryimage","url":"https:\/\/www.ihr-ferienpartner.de\/Angebot\/Aegypten.jpg","contentUrl":"https:\/\/www.ihr-ferienpartner.de\/Angebot\/Aegypten.jpg"},{"@type":"BreadcrumbList","@id":"https:\/\/www.ihr-ferienpartner.de\/mobil\/aegypten\/#breadcrumb","itemListElement":[{"@type":"ListItem","position":1,"name":"Startseite","item":"https:\/\/www.ihr-ferienpartner.de\/mobil\/"},{"@type":"ListItem","position":2,"name":"\u00c4gypten Reisen"}]},{"@type":"WebSite","@id":"https:\/\/www.ihr-ferienpartner.de\/mobil\/#website","url":"https:\/\/www.ihr-ferienpartner.de\/mobil\/","name":"FINDE DEIN SPONTANIEN - Reisen g\u00fcnstig buchen","description":"Flugreisen im Preisvergleich mit flexiblen Terminen &amp; Abflughafen.","publisher":{"@id":"https:\/\/www.ihr-ferienpartner.de\/mobil\/#organization"},"potentialAction":[{"@type":"SearchAction","target":{"@type":"EntryPoint","urlTemplate":"https:\/\/www.ihr-ferienpartner.de\/mobil\/?s={search_term_string}"},"query-input":"required name=search_term_string"}],"inLanguage":"de"},{"@type":"Organization","@id":"https:\/\/www.ihr-ferienpartner.de\/mobil\/#organization","name":"FINDE DEIN SPONTANIEN - Reisen g\u00fcnstig buchen","url":"https:\/\/www.ihr-ferienpartner.de\/mobil\/","logo":{"@type":"ImageObject","inLanguage":"de","@id":"https:\/\/www.ihr-ferienpartner.de\/mobil\/#\/schema\/logo\/image\/","url":"https:\/\/www.ihr-ferienpartner.de\/mobil\/wp-content\/uploads\/2019\/10\/spontanien.jpg","contentUrl":"https:\/\/www.ihr-ferienpartner.de\/mobil\/wp-content\/uploads\/2019\/10\/spontanien.jpg","width":818,"height":200,"caption":"FINDE DEIN SPONTANIEN - Reisen g\u00fcnstig buchen"},"image":{"@id":"https:\/\/www.ihr-ferienpartner.de\/mobil\/#\/schema\/logo\/image\/"}}]}},"_links":{"self":[{"href":"https:\/\/www.ihr-ferienpartner.de\/mobil\/wp-json\/wp\/v2\/pages\/1208"}],"collection":[{"href":"https:\/\/www.ihr-ferienpartner.de\/mobil\/wp-json\/wp\/v2\/pages"}],"about":[{"href":"https:\/\/www.ihr-ferienpartner.de\/mobil\/wp-json\/wp\/v2\/types\/page"}],"author":[{"embeddable":true,"href":"https:\/\/www.ihr-ferienpartner.de\/mobil\/wp-json\/wp\/v2\/users\/1"}],"replies":[{"embeddable":true,"href":"https:\/\/www.ihr-ferienpartner.de\/mobil\/wp-json\/wp\/v2\/comments?post=1208"}],"version-history":[{"count":18,"href":"https:\/\/www.ihr-ferienpartner.de\/mobil\/wp-json\/wp\/v2\/pages\/1208\/revisions"}],"predecessor-version":[{"id":5640,"href":"https:\/\/www.ihr-ferienpartner.de\/mobil\/wp-json\/wp\/v2\/pages\/1208\/revisions\/5640"}],"wp:attachment":[{"href":"https:\/\/www.ihr-ferienpartner.de\/mobil\/wp-json\/wp\/v2\/media?parent=1208"}],"curies":[{"name":"wp","href":"https:\/\/api.w.org\/{rel}","templated":true}]}}