{"id":1242,"date":"2024-06-26T13:20:04","date_gmt":"2024-06-26T11:20:04","guid":{"rendered":"http:\/\/www.ihr-ferienpartner.de\/mobil\/?page_id=1242"},"modified":"2024-06-26T13:20:04","modified_gmt":"2024-06-26T11:20:04","slug":"fuerteventura","status":"publish","type":"page","link":"https:\/\/www.ihr-ferienpartner.de\/mobil\/fuerteventura\/","title":{"rendered":"Fuerteventura Reisen"},"content":{"rendered":"<div style=\"background-color: #ffffff; padding:20px 20px 20px 20px;\">\n<h1>Fuerteventura &#8211; traumhafte Sandstr\u00e4nde<\/h1>\n<p><img decoding=\"async\" src=\"https:\/\/www.ihr-ferienpartner.de\/Angebot\/Fuerteventura.jpg\" alt=\"Fuerteventura Reisen billig buchen\" title=\"Reisen nach Fuerteventura\"><br \/>\n<font size=\"-1\">Ideal f\u00fcr Badeferien: Ob kilometerlanges Strandwandern entlang der Ostk\u00fcste von Costa Calma \u00fcber Esquinzo Playa und Jandia nach Morro Jable im S\u00fcden oder meterhohe Sandd\u00fcnen im Norden bei Corralejo, Sonnenhungrige kommen voll auf ihre Kosten.<\/font><\/p>\n<hr>\n<p><font size=\"-1\"><b><font color=\"b62b31\">Unsere Hotel-Tipps auf Fuerteventura:<\/font><\/b><br \/>\n<a href=\"https:\/\/www.ihr-ferienpartner.de\/mobil\/riu-palace-jandia\/\">Riu Palace Jandia<\/a>, Jandia Playa &#8211; <a href=\"https:\/\/www.ihr-ferienpartner.de\/mobil\/iberostar-selection-fuerteventura-palace\/\">Iberostar Selection Fuerteventura Palace<\/a>, Jandia Playa &#8211; <a href=\"https:\/\/www.ihr-ferienpartner.de\/mobil\/robinson-club-jandia-playa\/\">Robinson Club Jandia Playa<\/a>, Jandia Playa &#8211; <a href=\"https:\/\/www.ihr-ferienpartner.de\/mobil\/robinson-club-esquinzo-playa\/\">Robinson Club Esquinzo Playa<\/a>, Playa de Esquinzo &#8211; <a href=\"https:\/\/www.ihr-ferienpartner.de\/mobil\/costa-calma-palace\/\">Costa Calma Palace<\/a>, Costa Calma &#8211; <a href=\"https:\/\/www.ihr-ferienpartner.de\/mobil\/barcelo-fuerteventura\/\">Barcelo Fuerteventura<\/a>, Playa Castillo<\/font><\/p>\n<hr>\n<div id=\"ypsnet-ibe\" data-src=\"https:\/\/b2b.specials.de\/index\/jump\/119\/2780\/991880\/?action=dates&amp;regionId=127&amp;from=15&amp;to=316&amp;duration=7-7&amp;maxPrice=5000&amp;adults=2&amp;category=3&amp;minRecommrate=70\"><\/div>\n<p><script src=\"https:\/\/webmedia.ypsilon.net\/spl_js\/ypsnet-ibe.js\"><\/script><\/p>\n<\/div>\n<div style=\"background-color: #ffffff; padding: 20px 20px 20px 20px;\">\n<hr>\n<p><b>Pauschalreisen, Fr\u00fchbucher-Rabatte &amp; Last Minute-Angebote:<\/b><br \/>\nBuchen Sie Ihre Fuerteventura-Reise und profitieren Sie u.a. vom Anbieter-Preisvergleich und Hotel-Rankings aus \u00fcber 1.000.000 authentischen Hotelbewertungen.<\/p>\n<p><img decoding=\"async\" src=\"https:\/\/www.ihr-ferienpartner.de\/Angebot\/Anbietervergleich.jpg\" alt=\"Reisen nach Fuerteventura\" title=\"Reisen nach Fuerteventura\"><\/p>\n<\/div>\n","protected":false},"excerpt":{"rendered":"<p>Fuerteventura &#8211; traumhafte Sandstr\u00e4nde Ideal f\u00fcr Badeferien: Ob kilometerlanges Strandwandern entlang der Ostk\u00fcste von Costa Calma \u00fcber Esquinzo Playa und Jandia nach Morro Jable im S\u00fcden oder meterhohe Sandd\u00fcnen im Norden bei Corralejo, Sonnenhungrige kommen voll auf ihre Kosten. Unsere Hotel-Tipps auf Fuerteventura: Riu Palace Jandia, Jandia Playa &#8211; Iberostar Selection Fuerteventura Palace, Jandia Playa [&hellip;]<\/p>\n","protected":false},"author":1,"featured_media":0,"parent":0,"menu_order":0,"comment_status":"closed","ping_status":"closed","template":"","meta":{"footnotes":""},"yoast_head":"<!-- This site is optimized with the Yoast SEO plugin v22.8 - https:\/\/yoast.com\/wordpress\/plugins\/seo\/ -->\n<title>Fuerteventura Reisen - Last Minute &amp; Fr\u00fchbucher-Rabatte<\/title>\n<meta name=\"description\" content=\"Fuerteventura Urlaub clever buchen: Anbieter-Preisvergleich, Hotelbewertungen, flexible Reisetermine und ab allen Abflughafen.\" \/>\n<meta name=\"robots\" content=\"index, follow, max-snippet:-1, max-image-preview:large, max-video-preview:-1\" \/>\n<link rel=\"canonical\" href=\"https:\/\/www.ihr-ferienpartner.de\/mobil\/fuerteventura\/\" \/>\n<meta property=\"og:locale\" content=\"de_DE\" \/>\n<meta property=\"og:type\" content=\"article\" \/>\n<meta property=\"og:title\" content=\"Fuerteventura Reisen - Last Minute &amp; Fr\u00fchbucher-Rabatte\" \/>\n<meta property=\"og:description\" content=\"Fuerteventura Urlaub clever buchen: Anbieter-Preisvergleich, Hotelbewertungen, flexible Reisetermine und ab allen Abflughafen.\" \/>\n<meta property=\"og:url\" content=\"https:\/\/www.ihr-ferienpartner.de\/mobil\/fuerteventura\/\" \/>\n<meta property=\"og:site_name\" content=\"FINDE DEIN SPONTANIEN - Reisen g\u00fcnstig buchen\" \/>\n<meta property=\"og:image\" content=\"https:\/\/www.ihr-ferienpartner.de\/Angebot\/Fuerteventura.jpg\" \/>\n<meta name=\"twitter:card\" content=\"summary_large_image\" \/>\n<meta name=\"twitter:label1\" content=\"Gesch\u00e4tzte Lesezeit\" \/>\n\t<meta name=\"twitter:data1\" content=\"1\u00a0Minute\" \/>\n<script type=\"application\/ld+json\" class=\"yoast-schema-graph\">{\"@context\":\"https:\/\/schema.org\",\"@graph\":[{\"@type\":\"WebPage\",\"@id\":\"https:\/\/www.ihr-ferienpartner.de\/mobil\/fuerteventura\/\",\"url\":\"https:\/\/www.ihr-ferienpartner.de\/mobil\/fuerteventura\/\",\"name\":\"Fuerteventura Reisen - Last Minute & Fr\u00fchbucher-Rabatte\",\"isPartOf\":{\"@id\":\"https:\/\/www.ihr-ferienpartner.de\/mobil\/#website\"},\"primaryImageOfPage\":{\"@id\":\"https:\/\/www.ihr-ferienpartner.de\/mobil\/fuerteventura\/#primaryimage\"},\"image\":{\"@id\":\"https:\/\/www.ihr-ferienpartner.de\/mobil\/fuerteventura\/#primaryimage\"},\"thumbnailUrl\":\"https:\/\/www.ihr-ferienpartner.de\/Angebot\/Fuerteventura.jpg\",\"datePublished\":\"2024-06-26T11:20:04+00:00\",\"dateModified\":\"2024-06-26T11:20:04+00:00\",\"description\":\"Fuerteventura Urlaub clever buchen: Anbieter-Preisvergleich, Hotelbewertungen, flexible Reisetermine und ab allen Abflughafen.\",\"breadcrumb\":{\"@id\":\"https:\/\/www.ihr-ferienpartner.de\/mobil\/fuerteventura\/#breadcrumb\"},\"inLanguage\":\"de\",\"potentialAction\":[{\"@type\":\"ReadAction\",\"target\":[\"https:\/\/www.ihr-ferienpartner.de\/mobil\/fuerteventura\/\"]}]},{\"@type\":\"ImageObject\",\"inLanguage\":\"de\",\"@id\":\"https:\/\/www.ihr-ferienpartner.de\/mobil\/fuerteventura\/#primaryimage\",\"url\":\"https:\/\/www.ihr-ferienpartner.de\/Angebot\/Fuerteventura.jpg\",\"contentUrl\":\"https:\/\/www.ihr-ferienpartner.de\/Angebot\/Fuerteventura.jpg\"},{\"@type\":\"BreadcrumbList\",\"@id\":\"https:\/\/www.ihr-ferienpartner.de\/mobil\/fuerteventura\/#breadcrumb\",\"itemListElement\":[{\"@type\":\"ListItem\",\"position\":1,\"name\":\"Startseite\",\"item\":\"https:\/\/www.ihr-ferienpartner.de\/mobil\/\"},{\"@type\":\"ListItem\",\"position\":2,\"name\":\"Fuerteventura Reisen\"}]},{\"@type\":\"WebSite\",\"@id\":\"https:\/\/www.ihr-ferienpartner.de\/mobil\/#website\",\"url\":\"https:\/\/www.ihr-ferienpartner.de\/mobil\/\",\"name\":\"FINDE DEIN SPONTANIEN - Reisen g\u00fcnstig buchen\",\"description\":\"Flugreisen im Preisvergleich mit flexiblen Terminen &amp; Abflughafen.\",\"publisher\":{\"@id\":\"https:\/\/www.ihr-ferienpartner.de\/mobil\/#organization\"},\"potentialAction\":[{\"@type\":\"SearchAction\",\"target\":{\"@type\":\"EntryPoint\",\"urlTemplate\":\"https:\/\/www.ihr-ferienpartner.de\/mobil\/?s={search_term_string}\"},\"query-input\":\"required name=search_term_string\"}],\"inLanguage\":\"de\"},{\"@type\":\"Organization\",\"@id\":\"https:\/\/www.ihr-ferienpartner.de\/mobil\/#organization\",\"name\":\"FINDE DEIN SPONTANIEN - Reisen g\u00fcnstig buchen\",\"url\":\"https:\/\/www.ihr-ferienpartner.de\/mobil\/\",\"logo\":{\"@type\":\"ImageObject\",\"inLanguage\":\"de\",\"@id\":\"https:\/\/www.ihr-ferienpartner.de\/mobil\/#\/schema\/logo\/image\/\",\"url\":\"https:\/\/www.ihr-ferienpartner.de\/mobil\/wp-content\/uploads\/2019\/10\/spontanien.jpg\",\"contentUrl\":\"https:\/\/www.ihr-ferienpartner.de\/mobil\/wp-content\/uploads\/2019\/10\/spontanien.jpg\",\"width\":818,\"height\":200,\"caption\":\"FINDE DEIN SPONTANIEN - Reisen g\u00fcnstig buchen\"},\"image\":{\"@id\":\"https:\/\/www.ihr-ferienpartner.de\/mobil\/#\/schema\/logo\/image\/\"}}]}<\/script>\n<!-- \/ Yoast SEO plugin. -->","yoast_head_json":{"title":"Fuerteventura Reisen - Last Minute & Fr\u00fchbucher-Rabatte","description":"Fuerteventura Urlaub clever buchen: Anbieter-Preisvergleich, Hotelbewertungen, flexible Reisetermine und ab allen Abflughafen.","robots":{"index":"index","follow":"follow","max-snippet":"max-snippet:-1","max-image-preview":"max-image-preview:large","max-video-preview":"max-video-preview:-1"},"canonical":"https:\/\/www.ihr-ferienpartner.de\/mobil\/fuerteventura\/","og_locale":"de_DE","og_type":"article","og_title":"Fuerteventura Reisen - Last Minute & Fr\u00fchbucher-Rabatte","og_description":"Fuerteventura Urlaub clever buchen: Anbieter-Preisvergleich, Hotelbewertungen, flexible Reisetermine und ab allen Abflughafen.","og_url":"https:\/\/www.ihr-ferienpartner.de\/mobil\/fuerteventura\/","og_site_name":"FINDE DEIN SPONTANIEN - Reisen g\u00fcnstig buchen","og_image":[{"url":"https:\/\/www.ihr-ferienpartner.de\/Angebot\/Fuerteventura.jpg"}],"twitter_card":"summary_large_image","twitter_misc":{"Gesch\u00e4tzte Lesezeit":"1\u00a0Minute"},"schema":{"@context":"https:\/\/schema.org","@graph":[{"@type":"WebPage","@id":"https:\/\/www.ihr-ferienpartner.de\/mobil\/fuerteventura\/","url":"https:\/\/www.ihr-ferienpartner.de\/mobil\/fuerteventura\/","name":"Fuerteventura Reisen - Last Minute & Fr\u00fchbucher-Rabatte","isPartOf":{"@id":"https:\/\/www.ihr-ferienpartner.de\/mobil\/#website"},"primaryImageOfPage":{"@id":"https:\/\/www.ihr-ferienpartner.de\/mobil\/fuerteventura\/#primaryimage"},"image":{"@id":"https:\/\/www.ihr-ferienpartner.de\/mobil\/fuerteventura\/#primaryimage"},"thumbnailUrl":"https:\/\/www.ihr-ferienpartner.de\/Angebot\/Fuerteventura.jpg","datePublished":"2024-06-26T11:20:04+00:00","dateModified":"2024-06-26T11:20:04+00:00","description":"Fuerteventura Urlaub clever buchen: Anbieter-Preisvergleich, Hotelbewertungen, flexible Reisetermine und ab allen Abflughafen.","breadcrumb":{"@id":"https:\/\/www.ihr-ferienpartner.de\/mobil\/fuerteventura\/#breadcrumb"},"inLanguage":"de","potentialAction":[{"@type":"ReadAction","target":["https:\/\/www.ihr-ferienpartner.de\/mobil\/fuerteventura\/"]}]},{"@type":"ImageObject","inLanguage":"de","@id":"https:\/\/www.ihr-ferienpartner.de\/mobil\/fuerteventura\/#primaryimage","url":"https:\/\/www.ihr-ferienpartner.de\/Angebot\/Fuerteventura.jpg","contentUrl":"https:\/\/www.ihr-ferienpartner.de\/Angebot\/Fuerteventura.jpg"},{"@type":"BreadcrumbList","@id":"https:\/\/www.ihr-ferienpartner.de\/mobil\/fuerteventura\/#breadcrumb","itemListElement":[{"@type":"ListItem","position":1,"name":"Startseite","item":"https:\/\/www.ihr-ferienpartner.de\/mobil\/"},{"@type":"ListItem","position":2,"name":"Fuerteventura Reisen"}]},{"@type":"WebSite","@id":"https:\/\/www.ihr-ferienpartner.de\/mobil\/#website","url":"https:\/\/www.ihr-ferienpartner.de\/mobil\/","name":"FINDE DEIN SPONTANIEN - Reisen g\u00fcnstig buchen","description":"Flugreisen im Preisvergleich mit flexiblen Terminen &amp; Abflughafen.","publisher":{"@id":"https:\/\/www.ihr-ferienpartner.de\/mobil\/#organization"},"potentialAction":[{"@type":"SearchAction","target":{"@type":"EntryPoint","urlTemplate":"https:\/\/www.ihr-ferienpartner.de\/mobil\/?s={search_term_string}"},"query-input":"required name=search_term_string"}],"inLanguage":"de"},{"@type":"Organization","@id":"https:\/\/www.ihr-ferienpartner.de\/mobil\/#organization","name":"FINDE DEIN SPONTANIEN - Reisen g\u00fcnstig buchen","url":"https:\/\/www.ihr-ferienpartner.de\/mobil\/","logo":{"@type":"ImageObject","inLanguage":"de","@id":"https:\/\/www.ihr-ferienpartner.de\/mobil\/#\/schema\/logo\/image\/","url":"https:\/\/www.ihr-ferienpartner.de\/mobil\/wp-content\/uploads\/2019\/10\/spontanien.jpg","contentUrl":"https:\/\/www.ihr-ferienpartner.de\/mobil\/wp-content\/uploads\/2019\/10\/spontanien.jpg","width":818,"height":200,"caption":"FINDE DEIN SPONTANIEN - Reisen g\u00fcnstig buchen"},"image":{"@id":"https:\/\/www.ihr-ferienpartner.de\/mobil\/#\/schema\/logo\/image\/"}}]}},"_links":{"self":[{"href":"https:\/\/www.ihr-ferienpartner.de\/mobil\/wp-json\/wp\/v2\/pages\/1242"}],"collection":[{"href":"https:\/\/www.ihr-ferienpartner.de\/mobil\/wp-json\/wp\/v2\/pages"}],"about":[{"href":"https:\/\/www.ihr-ferienpartner.de\/mobil\/wp-json\/wp\/v2\/types\/page"}],"author":[{"embeddable":true,"href":"https:\/\/www.ihr-ferienpartner.de\/mobil\/wp-json\/wp\/v2\/users\/1"}],"replies":[{"embeddable":true,"href":"https:\/\/www.ihr-ferienpartner.de\/mobil\/wp-json\/wp\/v2\/comments?post=1242"}],"version-history":[{"count":14,"href":"https:\/\/www.ihr-ferienpartner.de\/mobil\/wp-json\/wp\/v2\/pages\/1242\/revisions"}],"predecessor-version":[{"id":5062,"href":"https:\/\/www.ihr-ferienpartner.de\/mobil\/wp-json\/wp\/v2\/pages\/1242\/revisions\/5062"}],"wp:attachment":[{"href":"https:\/\/www.ihr-ferienpartner.de\/mobil\/wp-json\/wp\/v2\/media?parent=1242"}],"curies":[{"name":"wp","href":"https:\/\/api.w.org\/{rel}","templated":true}]}}