{"id":1257,"date":"2024-07-15T16:51:17","date_gmt":"2024-07-15T14:51:17","guid":{"rendered":"http:\/\/www.ihr-ferienpartner.de\/mobil\/?page_id=1257"},"modified":"2024-07-15T16:51:17","modified_gmt":"2024-07-15T14:51:17","slug":"teneriffa","status":"publish","type":"page","link":"https:\/\/www.ihr-ferienpartner.de\/mobil\/teneriffa\/","title":{"rendered":"Teneriffa Reisen"},"content":{"rendered":"<div style=\"background-color: #ffffff; padding:20px 20px 20px 20px;\">\n<h1>Teneriffa<\/h1>\n<p>Urlaub zwischen Bergen und Meer<\/p>\n<p><img decoding=\"async\" src=\"https:\/\/www.ihr-ferienpartner.de\/Angebot\/Teneriffa.jpg\" alt=\"Reisen nach Teneriffa g\u00fcnstig buchen\" title=\"Reisen nach Teneriffa billig buchen\"><br \/>\n<font size=\"-1\">Die vielf\u00e4ltige Insel hat den Ruf eines kleinen Kontinents. Mit dem Pico de Teide erhebt sich der h\u00f6chste Berg Spaniens auf Teneriffa. Bei Los Gigantes beeindrucken steile Felsk\u00fcsten. Bei Bootstouren trifft man vor der Insel Delfine &amp; Wale an. Im Norden lockt die Altstadt von Puerto de la Cruz &amp; an der wettersicheren Westk\u00fcste findet man u.a. die Ferienzentren Playa de las Americas, Costa Adeje, Playa de Fanabe, Los Cristianos, La Caleta &amp; Playa Paraiso.<\/font><\/p>\n<hr>\n<p><font size=\"-1\"><b><font color=\"b62b31\">Unsere Hotel-Tipps auf Teneriffa:<\/font><\/b><br \/>\n<a href=\"https:\/\/www.ihr-ferienpartner.de\/mobil\/riu-palace-tenerife\/\">Riu Palace Tenerife<\/a>, Playa del Duque &#8211; <a href=\"https:\/\/www.ihr-ferienpartner.de\/mobil\/riu-arecas\/\">Riu Arecas<\/a>, Playa del Duque &#8211; <a href=\"https:\/\/www.ihr-ferienpartner.de\/mobil\/riu-buenavista\/\">Riu Buenavista<\/a>, Playa Paraiso &#8211; <a href=\"https:\/\/www.ihr-ferienpartner.de\/mobil\/bahia-principe\/\">Bahia Principe Costa Adeje &amp; Tenerife Resort<\/a>, Playa Paraiso &#8211; <a href=\"https:\/\/www.ihr-ferienpartner.de\/mobil\/gran-melia-palacia-de-isora\/\">Gran Melia Palacia de Isora<\/a>, Alcala &#8211; <a href=\"https:\/\/www.ihr-ferienpartner.de\/mobil\/iberostar-selection-anthelia\/\">Iberostar Selection Anthelia<\/a>, Playa De Fanabe &#8211; <a href=\"https:\/\/www.ihr-ferienpartner.de\/mobil\/bahia-princess\/\">Bahia Princess<\/a>, Costa Adeje<\/font><\/p>\n<hr>\n<div id=\"ypsnet-ibe\" data-src=\"https:\/\/b2b.specials.de\/index\/jump\/119\/2780\/991880\/?action=dates&amp;regionId=135&amp;from=15&amp;to=316&amp;duration=7-7&amp;maxPrice=5000&amp;adults=2&amp;category=3&amp;minRecommrate=70\"><\/div>\n<p><script src=\"https:\/\/webmedia.ypsilon.net\/spl_js\/ypsnet-ibe.js\"><\/script><\/p>\n<\/div>\n<div style=\"background-color: #ffffff; padding: 20px 20px 20px 20px;\">\n<hr>\n<p><b>Pauschalreisen, Fr\u00fchbucher-Rabatte &amp; Last Minute-Angebote:<\/b><br \/>\nBuchen Sie Ihre Teneriffa-Reise und profitieren Sie u.a. vom Anbieter-Preisvergleich und Hotel-Rankings aus \u00fcber 1.000.000 authentischen Hotelbewertungen.<\/p>\n<p><img decoding=\"async\" src=\"https:\/\/www.ihr-ferienpartner.de\/Angebot\/Anbietervergleich.jpg\" alt=\"Reisen nach Teneriffa\" title=\"Reisen nach Teneriffa\"><\/p>\n<\/div>\n","protected":false},"excerpt":{"rendered":"<p>Teneriffa Urlaub zwischen Bergen und Meer Die vielf\u00e4ltige Insel hat den Ruf eines kleinen Kontinents. Mit dem Pico de Teide erhebt sich der h\u00f6chste Berg Spaniens auf Teneriffa. Bei Los Gigantes beeindrucken steile Felsk\u00fcsten. Bei Bootstouren trifft man vor der Insel Delfine &amp; Wale an. Im Norden lockt die Altstadt von Puerto de la Cruz [&hellip;]<\/p>\n","protected":false},"author":1,"featured_media":0,"parent":0,"menu_order":0,"comment_status":"closed","ping_status":"closed","template":"","meta":{"footnotes":""},"yoast_head":"<!-- This site is optimized with the Yoast SEO plugin v22.8 - https:\/\/yoast.com\/wordpress\/plugins\/seo\/ -->\n<title>Teneriffa Reisen - Last Minute &amp; Fr\u00fchbucher Urlaub billig buchen!<\/title>\n<meta name=\"description\" content=\"Flug-Pauschalreisen nach Teneriffa clever buchen: Preisvergleich, Hotelbewertungen, flexiblen Terminen &amp; Abflughafen.\" \/>\n<meta name=\"robots\" content=\"index, follow, max-snippet:-1, max-image-preview:large, max-video-preview:-1\" \/>\n<link rel=\"canonical\" href=\"https:\/\/www.ihr-ferienpartner.de\/mobil\/teneriffa\/\" \/>\n<meta property=\"og:locale\" content=\"de_DE\" \/>\n<meta property=\"og:type\" content=\"article\" \/>\n<meta property=\"og:title\" content=\"Teneriffa Reisen - Last Minute &amp; Fr\u00fchbucher Urlaub billig buchen!\" \/>\n<meta property=\"og:description\" content=\"Flug-Pauschalreisen nach Teneriffa clever buchen: Preisvergleich, Hotelbewertungen, flexiblen Terminen &amp; Abflughafen.\" \/>\n<meta property=\"og:url\" content=\"https:\/\/www.ihr-ferienpartner.de\/mobil\/teneriffa\/\" \/>\n<meta property=\"og:site_name\" content=\"FINDE DEIN SPONTANIEN - Reisen g\u00fcnstig buchen\" \/>\n<meta property=\"og:image\" content=\"https:\/\/www.ihr-ferienpartner.de\/Angebot\/Teneriffa.jpg\" \/>\n<meta name=\"twitter:card\" content=\"summary_large_image\" \/>\n<meta name=\"twitter:label1\" content=\"Gesch\u00e4tzte Lesezeit\" \/>\n\t<meta name=\"twitter:data1\" content=\"2\u00a0Minuten\" \/>\n<script type=\"application\/ld+json\" class=\"yoast-schema-graph\">{\"@context\":\"https:\/\/schema.org\",\"@graph\":[{\"@type\":\"WebPage\",\"@id\":\"https:\/\/www.ihr-ferienpartner.de\/mobil\/teneriffa\/\",\"url\":\"https:\/\/www.ihr-ferienpartner.de\/mobil\/teneriffa\/\",\"name\":\"Teneriffa Reisen - Last Minute & Fr\u00fchbucher Urlaub billig buchen!\",\"isPartOf\":{\"@id\":\"https:\/\/www.ihr-ferienpartner.de\/mobil\/#website\"},\"primaryImageOfPage\":{\"@id\":\"https:\/\/www.ihr-ferienpartner.de\/mobil\/teneriffa\/#primaryimage\"},\"image\":{\"@id\":\"https:\/\/www.ihr-ferienpartner.de\/mobil\/teneriffa\/#primaryimage\"},\"thumbnailUrl\":\"https:\/\/www.ihr-ferienpartner.de\/Angebot\/Teneriffa.jpg\",\"datePublished\":\"2024-07-15T14:51:17+00:00\",\"dateModified\":\"2024-07-15T14:51:17+00:00\",\"description\":\"Flug-Pauschalreisen nach Teneriffa clever buchen: Preisvergleich, Hotelbewertungen, flexiblen Terminen & Abflughafen.\",\"breadcrumb\":{\"@id\":\"https:\/\/www.ihr-ferienpartner.de\/mobil\/teneriffa\/#breadcrumb\"},\"inLanguage\":\"de\",\"potentialAction\":[{\"@type\":\"ReadAction\",\"target\":[\"https:\/\/www.ihr-ferienpartner.de\/mobil\/teneriffa\/\"]}]},{\"@type\":\"ImageObject\",\"inLanguage\":\"de\",\"@id\":\"https:\/\/www.ihr-ferienpartner.de\/mobil\/teneriffa\/#primaryimage\",\"url\":\"https:\/\/www.ihr-ferienpartner.de\/Angebot\/Teneriffa.jpg\",\"contentUrl\":\"https:\/\/www.ihr-ferienpartner.de\/Angebot\/Teneriffa.jpg\"},{\"@type\":\"BreadcrumbList\",\"@id\":\"https:\/\/www.ihr-ferienpartner.de\/mobil\/teneriffa\/#breadcrumb\",\"itemListElement\":[{\"@type\":\"ListItem\",\"position\":1,\"name\":\"Startseite\",\"item\":\"https:\/\/www.ihr-ferienpartner.de\/mobil\/\"},{\"@type\":\"ListItem\",\"position\":2,\"name\":\"Teneriffa Reisen\"}]},{\"@type\":\"WebSite\",\"@id\":\"https:\/\/www.ihr-ferienpartner.de\/mobil\/#website\",\"url\":\"https:\/\/www.ihr-ferienpartner.de\/mobil\/\",\"name\":\"FINDE DEIN SPONTANIEN - Reisen g\u00fcnstig buchen\",\"description\":\"Flugreisen im Preisvergleich mit flexiblen Terminen &amp; Abflughafen.\",\"publisher\":{\"@id\":\"https:\/\/www.ihr-ferienpartner.de\/mobil\/#organization\"},\"potentialAction\":[{\"@type\":\"SearchAction\",\"target\":{\"@type\":\"EntryPoint\",\"urlTemplate\":\"https:\/\/www.ihr-ferienpartner.de\/mobil\/?s={search_term_string}\"},\"query-input\":\"required name=search_term_string\"}],\"inLanguage\":\"de\"},{\"@type\":\"Organization\",\"@id\":\"https:\/\/www.ihr-ferienpartner.de\/mobil\/#organization\",\"name\":\"FINDE DEIN SPONTANIEN - Reisen g\u00fcnstig buchen\",\"url\":\"https:\/\/www.ihr-ferienpartner.de\/mobil\/\",\"logo\":{\"@type\":\"ImageObject\",\"inLanguage\":\"de\",\"@id\":\"https:\/\/www.ihr-ferienpartner.de\/mobil\/#\/schema\/logo\/image\/\",\"url\":\"https:\/\/www.ihr-ferienpartner.de\/mobil\/wp-content\/uploads\/2019\/10\/spontanien.jpg\",\"contentUrl\":\"https:\/\/www.ihr-ferienpartner.de\/mobil\/wp-content\/uploads\/2019\/10\/spontanien.jpg\",\"width\":818,\"height\":200,\"caption\":\"FINDE DEIN SPONTANIEN - Reisen g\u00fcnstig buchen\"},\"image\":{\"@id\":\"https:\/\/www.ihr-ferienpartner.de\/mobil\/#\/schema\/logo\/image\/\"}}]}<\/script>\n<!-- \/ Yoast SEO plugin. -->","yoast_head_json":{"title":"Teneriffa Reisen - Last Minute & Fr\u00fchbucher Urlaub billig buchen!","description":"Flug-Pauschalreisen nach Teneriffa clever buchen: Preisvergleich, Hotelbewertungen, flexiblen Terminen & Abflughafen.","robots":{"index":"index","follow":"follow","max-snippet":"max-snippet:-1","max-image-preview":"max-image-preview:large","max-video-preview":"max-video-preview:-1"},"canonical":"https:\/\/www.ihr-ferienpartner.de\/mobil\/teneriffa\/","og_locale":"de_DE","og_type":"article","og_title":"Teneriffa Reisen - Last Minute & Fr\u00fchbucher Urlaub billig buchen!","og_description":"Flug-Pauschalreisen nach Teneriffa clever buchen: Preisvergleich, Hotelbewertungen, flexiblen Terminen & Abflughafen.","og_url":"https:\/\/www.ihr-ferienpartner.de\/mobil\/teneriffa\/","og_site_name":"FINDE DEIN SPONTANIEN - Reisen g\u00fcnstig buchen","og_image":[{"url":"https:\/\/www.ihr-ferienpartner.de\/Angebot\/Teneriffa.jpg"}],"twitter_card":"summary_large_image","twitter_misc":{"Gesch\u00e4tzte Lesezeit":"2\u00a0Minuten"},"schema":{"@context":"https:\/\/schema.org","@graph":[{"@type":"WebPage","@id":"https:\/\/www.ihr-ferienpartner.de\/mobil\/teneriffa\/","url":"https:\/\/www.ihr-ferienpartner.de\/mobil\/teneriffa\/","name":"Teneriffa Reisen - Last Minute & Fr\u00fchbucher Urlaub billig buchen!","isPartOf":{"@id":"https:\/\/www.ihr-ferienpartner.de\/mobil\/#website"},"primaryImageOfPage":{"@id":"https:\/\/www.ihr-ferienpartner.de\/mobil\/teneriffa\/#primaryimage"},"image":{"@id":"https:\/\/www.ihr-ferienpartner.de\/mobil\/teneriffa\/#primaryimage"},"thumbnailUrl":"https:\/\/www.ihr-ferienpartner.de\/Angebot\/Teneriffa.jpg","datePublished":"2024-07-15T14:51:17+00:00","dateModified":"2024-07-15T14:51:17+00:00","description":"Flug-Pauschalreisen nach Teneriffa clever buchen: Preisvergleich, Hotelbewertungen, flexiblen Terminen & Abflughafen.","breadcrumb":{"@id":"https:\/\/www.ihr-ferienpartner.de\/mobil\/teneriffa\/#breadcrumb"},"inLanguage":"de","potentialAction":[{"@type":"ReadAction","target":["https:\/\/www.ihr-ferienpartner.de\/mobil\/teneriffa\/"]}]},{"@type":"ImageObject","inLanguage":"de","@id":"https:\/\/www.ihr-ferienpartner.de\/mobil\/teneriffa\/#primaryimage","url":"https:\/\/www.ihr-ferienpartner.de\/Angebot\/Teneriffa.jpg","contentUrl":"https:\/\/www.ihr-ferienpartner.de\/Angebot\/Teneriffa.jpg"},{"@type":"BreadcrumbList","@id":"https:\/\/www.ihr-ferienpartner.de\/mobil\/teneriffa\/#breadcrumb","itemListElement":[{"@type":"ListItem","position":1,"name":"Startseite","item":"https:\/\/www.ihr-ferienpartner.de\/mobil\/"},{"@type":"ListItem","position":2,"name":"Teneriffa Reisen"}]},{"@type":"WebSite","@id":"https:\/\/www.ihr-ferienpartner.de\/mobil\/#website","url":"https:\/\/www.ihr-ferienpartner.de\/mobil\/","name":"FINDE DEIN SPONTANIEN - Reisen g\u00fcnstig buchen","description":"Flugreisen im Preisvergleich mit flexiblen Terminen &amp; Abflughafen.","publisher":{"@id":"https:\/\/www.ihr-ferienpartner.de\/mobil\/#organization"},"potentialAction":[{"@type":"SearchAction","target":{"@type":"EntryPoint","urlTemplate":"https:\/\/www.ihr-ferienpartner.de\/mobil\/?s={search_term_string}"},"query-input":"required name=search_term_string"}],"inLanguage":"de"},{"@type":"Organization","@id":"https:\/\/www.ihr-ferienpartner.de\/mobil\/#organization","name":"FINDE DEIN SPONTANIEN - Reisen g\u00fcnstig buchen","url":"https:\/\/www.ihr-ferienpartner.de\/mobil\/","logo":{"@type":"ImageObject","inLanguage":"de","@id":"https:\/\/www.ihr-ferienpartner.de\/mobil\/#\/schema\/logo\/image\/","url":"https:\/\/www.ihr-ferienpartner.de\/mobil\/wp-content\/uploads\/2019\/10\/spontanien.jpg","contentUrl":"https:\/\/www.ihr-ferienpartner.de\/mobil\/wp-content\/uploads\/2019\/10\/spontanien.jpg","width":818,"height":200,"caption":"FINDE DEIN SPONTANIEN - Reisen g\u00fcnstig buchen"},"image":{"@id":"https:\/\/www.ihr-ferienpartner.de\/mobil\/#\/schema\/logo\/image\/"}}]}},"_links":{"self":[{"href":"https:\/\/www.ihr-ferienpartner.de\/mobil\/wp-json\/wp\/v2\/pages\/1257"}],"collection":[{"href":"https:\/\/www.ihr-ferienpartner.de\/mobil\/wp-json\/wp\/v2\/pages"}],"about":[{"href":"https:\/\/www.ihr-ferienpartner.de\/mobil\/wp-json\/wp\/v2\/types\/page"}],"author":[{"embeddable":true,"href":"https:\/\/www.ihr-ferienpartner.de\/mobil\/wp-json\/wp\/v2\/users\/1"}],"replies":[{"embeddable":true,"href":"https:\/\/www.ihr-ferienpartner.de\/mobil\/wp-json\/wp\/v2\/comments?post=1257"}],"version-history":[{"count":15,"href":"https:\/\/www.ihr-ferienpartner.de\/mobil\/wp-json\/wp\/v2\/pages\/1257\/revisions"}],"predecessor-version":[{"id":5368,"href":"https:\/\/www.ihr-ferienpartner.de\/mobil\/wp-json\/wp\/v2\/pages\/1257\/revisions\/5368"}],"wp:attachment":[{"href":"https:\/\/www.ihr-ferienpartner.de\/mobil\/wp-json\/wp\/v2\/media?parent=1257"}],"curies":[{"name":"wp","href":"https:\/\/api.w.org\/{rel}","templated":true}]}}