{"id":1276,"date":"2024-07-12T09:54:41","date_gmt":"2024-07-12T07:54:41","guid":{"rendered":"http:\/\/www.ihr-ferienpartner.de\/mobil\/?page_id=1276"},"modified":"2024-07-12T09:54:41","modified_gmt":"2024-07-12T07:54:41","slug":"riu-palace-meloneras","status":"publish","type":"page","link":"https:\/\/www.ihr-ferienpartner.de\/mobil\/riu-palace-meloneras\/","title":{"rendered":"Riu Palace Meloneras, Maspalomas"},"content":{"rendered":"<div style=\"background-color: #ffffff; padding: 20px 20px 20px 20px;\">\n<h1>Riu Palace Meloneras<\/h1>\n<p>Maspalomas (Gran Canaria)<\/p>\n<p><img decoding=\"async\" src=\"https:\/\/www.ihr-ferienpartner.de\/Gran-Canaria\/RiuPalaceMeloneras.jpg\" alt=\"Hotel Riu Palace Meloneras auf Gran Canaria g\u00fcnstig buchen\" title=\"Reisen nach Gran Canaria mit Riu-Hotel-Tipp\"><br \/>\n<font size=\"-1\">Das komfortable Resort in Maspalomas wurde gerade frisch renoviert und bietet einen weitl\u00e4ufigen gepflegten Garten. An vielen Stellen genie\u00dft man wundersch\u00f6ne Blicke auf das Meer. Die Weiterempfehlungsrate von weit \u00fcber 90% spricht f\u00fcr sich.<\/font><\/p>\n<hr>\n<p><font size=\"-1\"><b><font color=\"b62b31\">weitere Hotel-Tipps auf Gran Canaria:<\/font><\/b> <a href=\"https:\/\/www.ihr-ferienpartner.de\/mobil\/corallium-beach\/\">Corallium Beach &gt;&gt;<\/a> &#8211; <a href=\"https:\/\/www.ihr-ferienpartner.de\/mobil\/cordial-mogan-playa\/\">Cordial Mogan Playa &gt;&gt;<\/a> &#8211; <a href=\"https:\/\/www.ihr-ferienpartner.de\/mobil\/costa-meloneras\/\">Costa Meloneras &gt;&gt;<\/a> &#8211; <a href=\"https:\/\/www.ihr-ferienpartner.de\/mobil\/villa-del-conde\">Villa Del Conde &gt;&gt;<\/a> &#8211; <a href=\"https:\/\/www.ihr-ferienpartner.de\/mobil\/riu-gran-canaria\/\">Riu Gran Canaria &gt;&gt;<\/a> &#8211; <a href=\"https:\/\/www.ihr-ferienpartner.de\/mobil\/seaside-palm-beach\/\">Seaside Palm Beach &gt;&gt;<\/a> &#8211; <a href=\"https:\/\/www.ihr-ferienpartner.de\/mobil\/baobab-resort\/\">Baobab Resort &gt;&gt;<\/a><\/font><br \/>\n<font size=\"-1\"><b><font color=\"b62b31\">alle Hotels auf:<\/font><\/b> <a href=\"https:\/\/www.ihr-ferienpartner.de\/mobil\/gran-canaria\/\">Gran Canaria &gt;&gt;<\/a><\/font><\/p>\n<hr>\n<div id=\"ypsnet-ibe\" data-src=\"https:\/\/b2b.specials.de\/index\/jump\/119\/2780\/991880\/?action=dates&amp;regionId=128&amp;from=15&amp;to=316&amp;duration=7-7&amp;maxPrice=5000&amp;adults=2&amp;giataId=20440\"><\/div>\n<p><script src=\"https:\/\/webmedia.ypsilon.net\/spl_js\/ypsnet-ibe.js\"><\/script><\/p>\n<\/div>\n<div style=\"background-color: #ffffff; padding: 20px 20px 20px 20px;\">\n<hr>\n<p><b>Urlaub im Riu Palace Meloneras in Maspalomas:<\/b><br \/>\nBuchen Sie Ihre Gran Canaria-Reise und profitieren Sie u.a. vom Anbieter-Preisvergleich und Hotel-Rankings aus \u00fcber 1.000.000 authentischen Hotelbewertungen.<\/p>\n<p><img decoding=\"async\" src=\"https:\/\/www.ihr-ferienpartner.de\/Angebot\/Anbietervergleich.jpg\" alt=\"Reisen nach Gran Canaria in Riu-Hotel\" title=\"Reisen nach Gran Canaria mit Riu-Hotel-Tipp\"><\/p>\n<\/div>\n","protected":false},"excerpt":{"rendered":"<p>Riu Palace Meloneras Maspalomas (Gran Canaria) Das komfortable Resort in Maspalomas wurde gerade frisch renoviert und bietet einen weitl\u00e4ufigen gepflegten Garten. An vielen Stellen genie\u00dft man wundersch\u00f6ne Blicke auf das Meer. Die Weiterempfehlungsrate von weit \u00fcber 90% spricht f\u00fcr sich. weitere Hotel-Tipps auf Gran Canaria: Corallium Beach &gt;&gt; &#8211; Cordial Mogan Playa &gt;&gt; &#8211; Costa [&hellip;]<\/p>\n","protected":false},"author":1,"featured_media":0,"parent":0,"menu_order":0,"comment_status":"closed","ping_status":"closed","template":"","meta":{"footnotes":""},"yoast_head":"<!-- This site is optimized with the Yoast SEO plugin v22.8 - https:\/\/yoast.com\/wordpress\/plugins\/seo\/ -->\n<title>Riu Palace Meloneras in Maspalomas auf Gran Canaria buchen<\/title>\n<meta name=\"description\" content=\"Buchen Sie das beliebte Riu-Komforthotel g\u00fcnstig: mit Preisvergleich, flexiblen Terminen &amp; -dauern, ab allen relevanten Abflughafen.\" \/>\n<meta name=\"robots\" content=\"index, follow, max-snippet:-1, max-image-preview:large, max-video-preview:-1\" \/>\n<link rel=\"canonical\" href=\"https:\/\/www.ihr-ferienpartner.de\/mobil\/riu-palace-meloneras\/\" \/>\n<meta property=\"og:locale\" content=\"de_DE\" \/>\n<meta property=\"og:type\" content=\"article\" \/>\n<meta property=\"og:title\" content=\"Riu Palace Meloneras in Maspalomas auf Gran Canaria buchen\" \/>\n<meta property=\"og:description\" content=\"Buchen Sie das beliebte Riu-Komforthotel g\u00fcnstig: mit Preisvergleich, flexiblen Terminen &amp; -dauern, ab allen relevanten Abflughafen.\" \/>\n<meta property=\"og:url\" content=\"https:\/\/www.ihr-ferienpartner.de\/mobil\/riu-palace-meloneras\/\" \/>\n<meta property=\"og:site_name\" content=\"FINDE DEIN SPONTANIEN - Reisen g\u00fcnstig buchen\" \/>\n<meta property=\"og:image\" content=\"https:\/\/www.ihr-ferienpartner.de\/Gran-Canaria\/RiuPalaceMeloneras.jpg\" \/>\n<meta name=\"twitter:card\" content=\"summary_large_image\" \/>\n<meta name=\"twitter:label1\" content=\"Gesch\u00e4tzte Lesezeit\" \/>\n\t<meta name=\"twitter:data1\" content=\"1\u00a0Minute\" \/>\n<script type=\"application\/ld+json\" class=\"yoast-schema-graph\">{\"@context\":\"https:\/\/schema.org\",\"@graph\":[{\"@type\":\"WebPage\",\"@id\":\"https:\/\/www.ihr-ferienpartner.de\/mobil\/riu-palace-meloneras\/\",\"url\":\"https:\/\/www.ihr-ferienpartner.de\/mobil\/riu-palace-meloneras\/\",\"name\":\"Riu Palace Meloneras in Maspalomas auf Gran Canaria buchen\",\"isPartOf\":{\"@id\":\"https:\/\/www.ihr-ferienpartner.de\/mobil\/#website\"},\"primaryImageOfPage\":{\"@id\":\"https:\/\/www.ihr-ferienpartner.de\/mobil\/riu-palace-meloneras\/#primaryimage\"},\"image\":{\"@id\":\"https:\/\/www.ihr-ferienpartner.de\/mobil\/riu-palace-meloneras\/#primaryimage\"},\"thumbnailUrl\":\"https:\/\/www.ihr-ferienpartner.de\/Gran-Canaria\/RiuPalaceMeloneras.jpg\",\"datePublished\":\"2024-07-12T07:54:41+00:00\",\"dateModified\":\"2024-07-12T07:54:41+00:00\",\"description\":\"Buchen Sie das beliebte Riu-Komforthotel g\u00fcnstig: mit Preisvergleich, flexiblen Terminen & -dauern, ab allen relevanten Abflughafen.\",\"breadcrumb\":{\"@id\":\"https:\/\/www.ihr-ferienpartner.de\/mobil\/riu-palace-meloneras\/#breadcrumb\"},\"inLanguage\":\"de\",\"potentialAction\":[{\"@type\":\"ReadAction\",\"target\":[\"https:\/\/www.ihr-ferienpartner.de\/mobil\/riu-palace-meloneras\/\"]}]},{\"@type\":\"ImageObject\",\"inLanguage\":\"de\",\"@id\":\"https:\/\/www.ihr-ferienpartner.de\/mobil\/riu-palace-meloneras\/#primaryimage\",\"url\":\"https:\/\/www.ihr-ferienpartner.de\/Gran-Canaria\/RiuPalaceMeloneras.jpg\",\"contentUrl\":\"https:\/\/www.ihr-ferienpartner.de\/Gran-Canaria\/RiuPalaceMeloneras.jpg\"},{\"@type\":\"BreadcrumbList\",\"@id\":\"https:\/\/www.ihr-ferienpartner.de\/mobil\/riu-palace-meloneras\/#breadcrumb\",\"itemListElement\":[{\"@type\":\"ListItem\",\"position\":1,\"name\":\"Startseite\",\"item\":\"https:\/\/www.ihr-ferienpartner.de\/mobil\/\"},{\"@type\":\"ListItem\",\"position\":2,\"name\":\"Riu Palace Meloneras, Maspalomas\"}]},{\"@type\":\"WebSite\",\"@id\":\"https:\/\/www.ihr-ferienpartner.de\/mobil\/#website\",\"url\":\"https:\/\/www.ihr-ferienpartner.de\/mobil\/\",\"name\":\"FINDE DEIN SPONTANIEN - Reisen g\u00fcnstig buchen\",\"description\":\"Flugreisen im Preisvergleich mit flexiblen Terminen &amp; Abflughafen.\",\"publisher\":{\"@id\":\"https:\/\/www.ihr-ferienpartner.de\/mobil\/#organization\"},\"potentialAction\":[{\"@type\":\"SearchAction\",\"target\":{\"@type\":\"EntryPoint\",\"urlTemplate\":\"https:\/\/www.ihr-ferienpartner.de\/mobil\/?s={search_term_string}\"},\"query-input\":\"required name=search_term_string\"}],\"inLanguage\":\"de\"},{\"@type\":\"Organization\",\"@id\":\"https:\/\/www.ihr-ferienpartner.de\/mobil\/#organization\",\"name\":\"FINDE DEIN SPONTANIEN - Reisen g\u00fcnstig buchen\",\"url\":\"https:\/\/www.ihr-ferienpartner.de\/mobil\/\",\"logo\":{\"@type\":\"ImageObject\",\"inLanguage\":\"de\",\"@id\":\"https:\/\/www.ihr-ferienpartner.de\/mobil\/#\/schema\/logo\/image\/\",\"url\":\"https:\/\/www.ihr-ferienpartner.de\/mobil\/wp-content\/uploads\/2019\/10\/spontanien.jpg\",\"contentUrl\":\"https:\/\/www.ihr-ferienpartner.de\/mobil\/wp-content\/uploads\/2019\/10\/spontanien.jpg\",\"width\":818,\"height\":200,\"caption\":\"FINDE DEIN SPONTANIEN - Reisen g\u00fcnstig buchen\"},\"image\":{\"@id\":\"https:\/\/www.ihr-ferienpartner.de\/mobil\/#\/schema\/logo\/image\/\"}}]}<\/script>\n<!-- \/ Yoast SEO plugin. -->","yoast_head_json":{"title":"Riu Palace Meloneras in Maspalomas auf Gran Canaria buchen","description":"Buchen Sie das beliebte Riu-Komforthotel g\u00fcnstig: mit Preisvergleich, flexiblen Terminen & -dauern, ab allen relevanten Abflughafen.","robots":{"index":"index","follow":"follow","max-snippet":"max-snippet:-1","max-image-preview":"max-image-preview:large","max-video-preview":"max-video-preview:-1"},"canonical":"https:\/\/www.ihr-ferienpartner.de\/mobil\/riu-palace-meloneras\/","og_locale":"de_DE","og_type":"article","og_title":"Riu Palace Meloneras in Maspalomas auf Gran Canaria buchen","og_description":"Buchen Sie das beliebte Riu-Komforthotel g\u00fcnstig: mit Preisvergleich, flexiblen Terminen & -dauern, ab allen relevanten Abflughafen.","og_url":"https:\/\/www.ihr-ferienpartner.de\/mobil\/riu-palace-meloneras\/","og_site_name":"FINDE DEIN SPONTANIEN - Reisen g\u00fcnstig buchen","og_image":[{"url":"https:\/\/www.ihr-ferienpartner.de\/Gran-Canaria\/RiuPalaceMeloneras.jpg"}],"twitter_card":"summary_large_image","twitter_misc":{"Gesch\u00e4tzte Lesezeit":"1\u00a0Minute"},"schema":{"@context":"https:\/\/schema.org","@graph":[{"@type":"WebPage","@id":"https:\/\/www.ihr-ferienpartner.de\/mobil\/riu-palace-meloneras\/","url":"https:\/\/www.ihr-ferienpartner.de\/mobil\/riu-palace-meloneras\/","name":"Riu Palace Meloneras in Maspalomas auf Gran Canaria buchen","isPartOf":{"@id":"https:\/\/www.ihr-ferienpartner.de\/mobil\/#website"},"primaryImageOfPage":{"@id":"https:\/\/www.ihr-ferienpartner.de\/mobil\/riu-palace-meloneras\/#primaryimage"},"image":{"@id":"https:\/\/www.ihr-ferienpartner.de\/mobil\/riu-palace-meloneras\/#primaryimage"},"thumbnailUrl":"https:\/\/www.ihr-ferienpartner.de\/Gran-Canaria\/RiuPalaceMeloneras.jpg","datePublished":"2024-07-12T07:54:41+00:00","dateModified":"2024-07-12T07:54:41+00:00","description":"Buchen Sie das beliebte Riu-Komforthotel g\u00fcnstig: mit Preisvergleich, flexiblen Terminen & -dauern, ab allen relevanten Abflughafen.","breadcrumb":{"@id":"https:\/\/www.ihr-ferienpartner.de\/mobil\/riu-palace-meloneras\/#breadcrumb"},"inLanguage":"de","potentialAction":[{"@type":"ReadAction","target":["https:\/\/www.ihr-ferienpartner.de\/mobil\/riu-palace-meloneras\/"]}]},{"@type":"ImageObject","inLanguage":"de","@id":"https:\/\/www.ihr-ferienpartner.de\/mobil\/riu-palace-meloneras\/#primaryimage","url":"https:\/\/www.ihr-ferienpartner.de\/Gran-Canaria\/RiuPalaceMeloneras.jpg","contentUrl":"https:\/\/www.ihr-ferienpartner.de\/Gran-Canaria\/RiuPalaceMeloneras.jpg"},{"@type":"BreadcrumbList","@id":"https:\/\/www.ihr-ferienpartner.de\/mobil\/riu-palace-meloneras\/#breadcrumb","itemListElement":[{"@type":"ListItem","position":1,"name":"Startseite","item":"https:\/\/www.ihr-ferienpartner.de\/mobil\/"},{"@type":"ListItem","position":2,"name":"Riu Palace Meloneras, Maspalomas"}]},{"@type":"WebSite","@id":"https:\/\/www.ihr-ferienpartner.de\/mobil\/#website","url":"https:\/\/www.ihr-ferienpartner.de\/mobil\/","name":"FINDE DEIN SPONTANIEN - Reisen g\u00fcnstig buchen","description":"Flugreisen im Preisvergleich mit flexiblen Terminen &amp; Abflughafen.","publisher":{"@id":"https:\/\/www.ihr-ferienpartner.de\/mobil\/#organization"},"potentialAction":[{"@type":"SearchAction","target":{"@type":"EntryPoint","urlTemplate":"https:\/\/www.ihr-ferienpartner.de\/mobil\/?s={search_term_string}"},"query-input":"required name=search_term_string"}],"inLanguage":"de"},{"@type":"Organization","@id":"https:\/\/www.ihr-ferienpartner.de\/mobil\/#organization","name":"FINDE DEIN SPONTANIEN - Reisen g\u00fcnstig buchen","url":"https:\/\/www.ihr-ferienpartner.de\/mobil\/","logo":{"@type":"ImageObject","inLanguage":"de","@id":"https:\/\/www.ihr-ferienpartner.de\/mobil\/#\/schema\/logo\/image\/","url":"https:\/\/www.ihr-ferienpartner.de\/mobil\/wp-content\/uploads\/2019\/10\/spontanien.jpg","contentUrl":"https:\/\/www.ihr-ferienpartner.de\/mobil\/wp-content\/uploads\/2019\/10\/spontanien.jpg","width":818,"height":200,"caption":"FINDE DEIN SPONTANIEN - Reisen g\u00fcnstig buchen"},"image":{"@id":"https:\/\/www.ihr-ferienpartner.de\/mobil\/#\/schema\/logo\/image\/"}}]}},"_links":{"self":[{"href":"https:\/\/www.ihr-ferienpartner.de\/mobil\/wp-json\/wp\/v2\/pages\/1276"}],"collection":[{"href":"https:\/\/www.ihr-ferienpartner.de\/mobil\/wp-json\/wp\/v2\/pages"}],"about":[{"href":"https:\/\/www.ihr-ferienpartner.de\/mobil\/wp-json\/wp\/v2\/types\/page"}],"author":[{"embeddable":true,"href":"https:\/\/www.ihr-ferienpartner.de\/mobil\/wp-json\/wp\/v2\/users\/1"}],"replies":[{"embeddable":true,"href":"https:\/\/www.ihr-ferienpartner.de\/mobil\/wp-json\/wp\/v2\/comments?post=1276"}],"version-history":[{"count":10,"href":"https:\/\/www.ihr-ferienpartner.de\/mobil\/wp-json\/wp\/v2\/pages\/1276\/revisions"}],"predecessor-version":[{"id":5042,"href":"https:\/\/www.ihr-ferienpartner.de\/mobil\/wp-json\/wp\/v2\/pages\/1276\/revisions\/5042"}],"wp:attachment":[{"href":"https:\/\/www.ihr-ferienpartner.de\/mobil\/wp-json\/wp\/v2\/media?parent=1276"}],"curies":[{"name":"wp","href":"https:\/\/api.w.org\/{rel}","templated":true}]}}