{"id":1324,"date":"2024-06-26T13:25:07","date_gmt":"2024-06-26T11:25:07","guid":{"rendered":"http:\/\/www.ihr-ferienpartner.de\/mobil\/?page_id=1324"},"modified":"2024-06-26T13:25:07","modified_gmt":"2024-06-26T11:25:07","slug":"ibiza","status":"publish","type":"page","link":"https:\/\/www.ihr-ferienpartner.de\/mobil\/ibiza\/","title":{"rendered":"Ibiza Reisen"},"content":{"rendered":"<div style=\"background-color: #ffffff; padding:20px 20px 20px 20px;\">\n<h1>Ibiza Reisen &#8211; die farbenfrohe Baleareninsel<\/h1>\n<p><img decoding=\"async\" src=\"https:\/\/www.ihr-ferienpartner.de\/Angebot\/Ibiza.jpg\" alt=\"Ibiza Urlaub billig buchen\" title=\"Reisen nach Ibiza\"><br \/>\n<font size=\"-1\">Ob unber\u00fchrte Natur f\u00fcr stundenlange Wanderungen, Spazierg\u00e4nge und Panoramafahrten oder feine Sandstr\u00e4nde f\u00fcr den unbeschwerten Badeurlaub und begeisternden Wassersport, Ibiza hat noch viel mehr zu bieten als nur die beste Insel f\u00fcr Nachtschw\u00e4rmer zu sein.<\/font><\/p>\n<hr>\n<p><b><font color=\"b62b31\">Unsere Hotel-Tipps:<\/font><\/b> <a href=\"https:\/\/www.ihr-ferienpartner.de\/mobil\/grupotel-cala-san-vicente\/\">El Somni Ibiza Dream Hotel by Grupotel<\/a>, Cala San Vicente &#8211; <a href=\"https:\/\/www.ihr-ferienpartner.de\/mobil\/insotel-fenicia-prestige\/\">Insotel Fenicia Prestige<\/a>, Santa Eularia del Rio<\/p>\n<hr>\n<div id=\"ypsnet-ibe\" data-src=\"https:\/\/b2b.specials.de\/index\/jump\/119\/2780\/991880\/?action=dates&amp;regionId=129&amp;from=15&amp;to=316&amp;duration=7-7&amp;maxPrice=5000&amp;adults=2&amp;category=3&amp;minRecommrate=70\"><\/div>\n<p><script src=\"https:\/\/webmedia.ypsilon.net\/spl_js\/ypsnet-ibe.js\"><\/script><\/p>\n<\/div>\n<div style=\"background-color: #ffffff; padding: 20px 20px 20px 20px;\">\n<hr>\n<p><b>Pauschalreisen, Fr\u00fchbucher-Rabatte &amp; Last Minute-Angebote:<\/b><br \/>\nBuchen Sie Ihre Ibiza-Reise und profitieren Sie u.a. vom Anbieter-Preisvergleich und Hotel-Rankings aus \u00fcber 1.000.000 authentischen Hotelbewertungen.<\/p>\n<p><img decoding=\"async\" src=\"https:\/\/www.ihr-ferienpartner.de\/Angebot\/Anbietervergleich.jpg\" alt=\"Reisen nach Ibiza\" title=\"Reisen nach Ibiza\"><\/p>\n<\/div>\n","protected":false},"excerpt":{"rendered":"<p>Ibiza Reisen &#8211; die farbenfrohe Baleareninsel Ob unber\u00fchrte Natur f\u00fcr stundenlange Wanderungen, Spazierg\u00e4nge und Panoramafahrten oder feine Sandstr\u00e4nde f\u00fcr den unbeschwerten Badeurlaub und begeisternden Wassersport, Ibiza hat noch viel mehr zu bieten als nur die beste Insel f\u00fcr Nachtschw\u00e4rmer zu sein. Unsere Hotel-Tipps: El Somni Ibiza Dream Hotel by Grupotel, Cala San Vicente &#8211; Insotel [&hellip;]<\/p>\n","protected":false},"author":1,"featured_media":0,"parent":0,"menu_order":0,"comment_status":"closed","ping_status":"closed","template":"","meta":{"footnotes":""},"yoast_head":"<!-- This site is optimized with the Yoast SEO plugin v22.8 - https:\/\/yoast.com\/wordpress\/plugins\/seo\/ -->\n<title>Ibiza Reisen - Last Minute &amp; Fr\u00fchbucher Urlaub billig buchen!<\/title>\n<meta name=\"description\" content=\"Reisen nach Ibiza clever buchen: Last Minute &amp; Fr\u00fchbucher, Anbieter-Preisvergleich, Hotelbewertungen, flexible Termine &amp; Reisedauern.\" \/>\n<meta name=\"robots\" content=\"index, follow, max-snippet:-1, max-image-preview:large, max-video-preview:-1\" \/>\n<link rel=\"canonical\" href=\"https:\/\/www.ihr-ferienpartner.de\/mobil\/ibiza\/\" \/>\n<meta property=\"og:locale\" content=\"de_DE\" \/>\n<meta property=\"og:type\" content=\"article\" \/>\n<meta property=\"og:title\" content=\"Ibiza Reisen - Last Minute &amp; Fr\u00fchbucher Urlaub billig buchen!\" \/>\n<meta property=\"og:description\" content=\"Reisen nach Ibiza clever buchen: Last Minute &amp; Fr\u00fchbucher, Anbieter-Preisvergleich, Hotelbewertungen, flexible Termine &amp; Reisedauern.\" \/>\n<meta property=\"og:url\" content=\"https:\/\/www.ihr-ferienpartner.de\/mobil\/ibiza\/\" \/>\n<meta property=\"og:site_name\" content=\"FINDE DEIN SPONTANIEN - Reisen g\u00fcnstig buchen\" \/>\n<meta property=\"og:image\" content=\"https:\/\/www.ihr-ferienpartner.de\/Angebot\/Ibiza.jpg\" \/>\n<meta name=\"twitter:card\" content=\"summary_large_image\" \/>\n<meta name=\"twitter:label1\" content=\"Gesch\u00e4tzte Lesezeit\" \/>\n\t<meta name=\"twitter:data1\" content=\"1\u00a0Minute\" \/>\n<script type=\"application\/ld+json\" class=\"yoast-schema-graph\">{\"@context\":\"https:\/\/schema.org\",\"@graph\":[{\"@type\":\"WebPage\",\"@id\":\"https:\/\/www.ihr-ferienpartner.de\/mobil\/ibiza\/\",\"url\":\"https:\/\/www.ihr-ferienpartner.de\/mobil\/ibiza\/\",\"name\":\"Ibiza Reisen - Last Minute & Fr\u00fchbucher Urlaub billig buchen!\",\"isPartOf\":{\"@id\":\"https:\/\/www.ihr-ferienpartner.de\/mobil\/#website\"},\"primaryImageOfPage\":{\"@id\":\"https:\/\/www.ihr-ferienpartner.de\/mobil\/ibiza\/#primaryimage\"},\"image\":{\"@id\":\"https:\/\/www.ihr-ferienpartner.de\/mobil\/ibiza\/#primaryimage\"},\"thumbnailUrl\":\"https:\/\/www.ihr-ferienpartner.de\/Angebot\/Ibiza.jpg\",\"datePublished\":\"2024-06-26T11:25:07+00:00\",\"dateModified\":\"2024-06-26T11:25:07+00:00\",\"description\":\"Reisen nach Ibiza clever buchen: Last Minute & Fr\u00fchbucher, Anbieter-Preisvergleich, Hotelbewertungen, flexible Termine & Reisedauern.\",\"breadcrumb\":{\"@id\":\"https:\/\/www.ihr-ferienpartner.de\/mobil\/ibiza\/#breadcrumb\"},\"inLanguage\":\"de\",\"potentialAction\":[{\"@type\":\"ReadAction\",\"target\":[\"https:\/\/www.ihr-ferienpartner.de\/mobil\/ibiza\/\"]}]},{\"@type\":\"ImageObject\",\"inLanguage\":\"de\",\"@id\":\"https:\/\/www.ihr-ferienpartner.de\/mobil\/ibiza\/#primaryimage\",\"url\":\"https:\/\/www.ihr-ferienpartner.de\/Angebot\/Ibiza.jpg\",\"contentUrl\":\"https:\/\/www.ihr-ferienpartner.de\/Angebot\/Ibiza.jpg\"},{\"@type\":\"BreadcrumbList\",\"@id\":\"https:\/\/www.ihr-ferienpartner.de\/mobil\/ibiza\/#breadcrumb\",\"itemListElement\":[{\"@type\":\"ListItem\",\"position\":1,\"name\":\"Startseite\",\"item\":\"https:\/\/www.ihr-ferienpartner.de\/mobil\/\"},{\"@type\":\"ListItem\",\"position\":2,\"name\":\"Ibiza Reisen\"}]},{\"@type\":\"WebSite\",\"@id\":\"https:\/\/www.ihr-ferienpartner.de\/mobil\/#website\",\"url\":\"https:\/\/www.ihr-ferienpartner.de\/mobil\/\",\"name\":\"FINDE DEIN SPONTANIEN - Reisen g\u00fcnstig buchen\",\"description\":\"Flugreisen im Preisvergleich mit flexiblen Terminen &amp; Abflughafen.\",\"publisher\":{\"@id\":\"https:\/\/www.ihr-ferienpartner.de\/mobil\/#organization\"},\"potentialAction\":[{\"@type\":\"SearchAction\",\"target\":{\"@type\":\"EntryPoint\",\"urlTemplate\":\"https:\/\/www.ihr-ferienpartner.de\/mobil\/?s={search_term_string}\"},\"query-input\":\"required name=search_term_string\"}],\"inLanguage\":\"de\"},{\"@type\":\"Organization\",\"@id\":\"https:\/\/www.ihr-ferienpartner.de\/mobil\/#organization\",\"name\":\"FINDE DEIN SPONTANIEN - Reisen g\u00fcnstig buchen\",\"url\":\"https:\/\/www.ihr-ferienpartner.de\/mobil\/\",\"logo\":{\"@type\":\"ImageObject\",\"inLanguage\":\"de\",\"@id\":\"https:\/\/www.ihr-ferienpartner.de\/mobil\/#\/schema\/logo\/image\/\",\"url\":\"https:\/\/www.ihr-ferienpartner.de\/mobil\/wp-content\/uploads\/2019\/10\/spontanien.jpg\",\"contentUrl\":\"https:\/\/www.ihr-ferienpartner.de\/mobil\/wp-content\/uploads\/2019\/10\/spontanien.jpg\",\"width\":818,\"height\":200,\"caption\":\"FINDE DEIN SPONTANIEN - Reisen g\u00fcnstig buchen\"},\"image\":{\"@id\":\"https:\/\/www.ihr-ferienpartner.de\/mobil\/#\/schema\/logo\/image\/\"}}]}<\/script>\n<!-- \/ Yoast SEO plugin. -->","yoast_head_json":{"title":"Ibiza Reisen - Last Minute & Fr\u00fchbucher Urlaub billig buchen!","description":"Reisen nach Ibiza clever buchen: Last Minute & Fr\u00fchbucher, Anbieter-Preisvergleich, Hotelbewertungen, flexible Termine & Reisedauern.","robots":{"index":"index","follow":"follow","max-snippet":"max-snippet:-1","max-image-preview":"max-image-preview:large","max-video-preview":"max-video-preview:-1"},"canonical":"https:\/\/www.ihr-ferienpartner.de\/mobil\/ibiza\/","og_locale":"de_DE","og_type":"article","og_title":"Ibiza Reisen - Last Minute & Fr\u00fchbucher Urlaub billig buchen!","og_description":"Reisen nach Ibiza clever buchen: Last Minute & Fr\u00fchbucher, Anbieter-Preisvergleich, Hotelbewertungen, flexible Termine & Reisedauern.","og_url":"https:\/\/www.ihr-ferienpartner.de\/mobil\/ibiza\/","og_site_name":"FINDE DEIN SPONTANIEN - Reisen g\u00fcnstig buchen","og_image":[{"url":"https:\/\/www.ihr-ferienpartner.de\/Angebot\/Ibiza.jpg"}],"twitter_card":"summary_large_image","twitter_misc":{"Gesch\u00e4tzte Lesezeit":"1\u00a0Minute"},"schema":{"@context":"https:\/\/schema.org","@graph":[{"@type":"WebPage","@id":"https:\/\/www.ihr-ferienpartner.de\/mobil\/ibiza\/","url":"https:\/\/www.ihr-ferienpartner.de\/mobil\/ibiza\/","name":"Ibiza Reisen - Last Minute & Fr\u00fchbucher Urlaub billig buchen!","isPartOf":{"@id":"https:\/\/www.ihr-ferienpartner.de\/mobil\/#website"},"primaryImageOfPage":{"@id":"https:\/\/www.ihr-ferienpartner.de\/mobil\/ibiza\/#primaryimage"},"image":{"@id":"https:\/\/www.ihr-ferienpartner.de\/mobil\/ibiza\/#primaryimage"},"thumbnailUrl":"https:\/\/www.ihr-ferienpartner.de\/Angebot\/Ibiza.jpg","datePublished":"2024-06-26T11:25:07+00:00","dateModified":"2024-06-26T11:25:07+00:00","description":"Reisen nach Ibiza clever buchen: Last Minute & Fr\u00fchbucher, Anbieter-Preisvergleich, Hotelbewertungen, flexible Termine & Reisedauern.","breadcrumb":{"@id":"https:\/\/www.ihr-ferienpartner.de\/mobil\/ibiza\/#breadcrumb"},"inLanguage":"de","potentialAction":[{"@type":"ReadAction","target":["https:\/\/www.ihr-ferienpartner.de\/mobil\/ibiza\/"]}]},{"@type":"ImageObject","inLanguage":"de","@id":"https:\/\/www.ihr-ferienpartner.de\/mobil\/ibiza\/#primaryimage","url":"https:\/\/www.ihr-ferienpartner.de\/Angebot\/Ibiza.jpg","contentUrl":"https:\/\/www.ihr-ferienpartner.de\/Angebot\/Ibiza.jpg"},{"@type":"BreadcrumbList","@id":"https:\/\/www.ihr-ferienpartner.de\/mobil\/ibiza\/#breadcrumb","itemListElement":[{"@type":"ListItem","position":1,"name":"Startseite","item":"https:\/\/www.ihr-ferienpartner.de\/mobil\/"},{"@type":"ListItem","position":2,"name":"Ibiza Reisen"}]},{"@type":"WebSite","@id":"https:\/\/www.ihr-ferienpartner.de\/mobil\/#website","url":"https:\/\/www.ihr-ferienpartner.de\/mobil\/","name":"FINDE DEIN SPONTANIEN - Reisen g\u00fcnstig buchen","description":"Flugreisen im Preisvergleich mit flexiblen Terminen &amp; Abflughafen.","publisher":{"@id":"https:\/\/www.ihr-ferienpartner.de\/mobil\/#organization"},"potentialAction":[{"@type":"SearchAction","target":{"@type":"EntryPoint","urlTemplate":"https:\/\/www.ihr-ferienpartner.de\/mobil\/?s={search_term_string}"},"query-input":"required name=search_term_string"}],"inLanguage":"de"},{"@type":"Organization","@id":"https:\/\/www.ihr-ferienpartner.de\/mobil\/#organization","name":"FINDE DEIN SPONTANIEN - Reisen g\u00fcnstig buchen","url":"https:\/\/www.ihr-ferienpartner.de\/mobil\/","logo":{"@type":"ImageObject","inLanguage":"de","@id":"https:\/\/www.ihr-ferienpartner.de\/mobil\/#\/schema\/logo\/image\/","url":"https:\/\/www.ihr-ferienpartner.de\/mobil\/wp-content\/uploads\/2019\/10\/spontanien.jpg","contentUrl":"https:\/\/www.ihr-ferienpartner.de\/mobil\/wp-content\/uploads\/2019\/10\/spontanien.jpg","width":818,"height":200,"caption":"FINDE DEIN SPONTANIEN - Reisen g\u00fcnstig buchen"},"image":{"@id":"https:\/\/www.ihr-ferienpartner.de\/mobil\/#\/schema\/logo\/image\/"}}]}},"_links":{"self":[{"href":"https:\/\/www.ihr-ferienpartner.de\/mobil\/wp-json\/wp\/v2\/pages\/1324"}],"collection":[{"href":"https:\/\/www.ihr-ferienpartner.de\/mobil\/wp-json\/wp\/v2\/pages"}],"about":[{"href":"https:\/\/www.ihr-ferienpartner.de\/mobil\/wp-json\/wp\/v2\/types\/page"}],"author":[{"embeddable":true,"href":"https:\/\/www.ihr-ferienpartner.de\/mobil\/wp-json\/wp\/v2\/users\/1"}],"replies":[{"embeddable":true,"href":"https:\/\/www.ihr-ferienpartner.de\/mobil\/wp-json\/wp\/v2\/comments?post=1324"}],"version-history":[{"count":11,"href":"https:\/\/www.ihr-ferienpartner.de\/mobil\/wp-json\/wp\/v2\/pages\/1324\/revisions"}],"predecessor-version":[{"id":5685,"href":"https:\/\/www.ihr-ferienpartner.de\/mobil\/wp-json\/wp\/v2\/pages\/1324\/revisions\/5685"}],"wp:attachment":[{"href":"https:\/\/www.ihr-ferienpartner.de\/mobil\/wp-json\/wp\/v2\/media?parent=1324"}],"curies":[{"name":"wp","href":"https:\/\/api.w.org\/{rel}","templated":true}]}}