{"id":1329,"date":"2024-06-26T13:19:52","date_gmt":"2024-06-26T11:19:52","guid":{"rendered":"http:\/\/www.ihr-ferienpartner.de\/mobil\/?page_id=1329"},"modified":"2024-06-26T13:19:53","modified_gmt":"2024-06-26T11:19:53","slug":"formentera","status":"publish","type":"page","link":"https:\/\/www.ihr-ferienpartner.de\/mobil\/formentera\/","title":{"rendered":"Formentera Reisen"},"content":{"rendered":"<div style=\"background-color: #ffffff; padding:20px 20px 20px 20px;\">\n<h1>Formentera Reisen<\/h1>\n<p><img decoding=\"async\" src=\"https:\/\/www.ihr-ferienpartner.de\/Angebot\/Formentera.jpg\" alt=\"Formentera Urlaub g\u00fcnstig buchen\" title=\"Reisen nach Formentera billig buchen\"><br \/>\n<font size=\"-1\"><b>Formentera ist die stille Sch\u00f6nheit unter den Baleareninseln<\/b>, denn die kleine Schwester von Ibiza steht f\u00fcr Ruhe und Erholung an traumhaften Str\u00e4nden mit kristallklarem Wasser. Viele Urlauber sehen in Formentera das sch\u00f6nste Badeparadies im Mittelmeer.<\/font><\/p>\n<hr>\n<div id=\"ypsnet-ibe\" data-src=\"https:\/\/b2b.specials.de\/index\/jump\/119\/2780\/991880\/?action=dates&amp;regionId=126&amp;from=15&amp;to=316&amp;duration=7-7&amp;maxPrice=5000&amp;adults=2&amp;category=3&amp;minRecommrate=70\"><\/div>\n<p><script src=\"https:\/\/webmedia.ypsilon.net\/spl_js\/ypsnet-ibe.js\"><\/script><\/p>\n<\/div>\n<div style=\"background-color: #ffffff; padding: 20px 20px 20px 20px;\">\n<hr>\n<p><b>Pauschalreisen, Fr\u00fchbucher-Rabatte &amp; Last Minute-Angebote:<\/b><br \/>\nBuchen Sie Ihre Formentera-Reise und profitieren Sie u.a. vom Anbieter-Preisvergleich und Hotel-Rankings aus \u00fcber 1.000.000 authentischen Hotelbewertungen.<\/p>\n<p><img decoding=\"async\" src=\"https:\/\/www.ihr-ferienpartner.de\/Angebot\/Anbietervergleich.jpg\" alt=\"Reisen nach Formentera\" title=\"Reisen nach Formentera\"><\/p>\n<\/div>\n","protected":false},"excerpt":{"rendered":"<p>Formentera Reisen Formentera ist die stille Sch\u00f6nheit unter den Baleareninseln, denn die kleine Schwester von Ibiza steht f\u00fcr Ruhe und Erholung an traumhaften Str\u00e4nden mit kristallklarem Wasser. Viele Urlauber sehen in Formentera das sch\u00f6nste Badeparadies im Mittelmeer. Pauschalreisen, Fr\u00fchbucher-Rabatte &amp; Last Minute-Angebote: Buchen Sie Ihre Formentera-Reise und profitieren Sie u.a. vom Anbieter-Preisvergleich und Hotel-Rankings aus [&hellip;]<\/p>\n","protected":false},"author":1,"featured_media":0,"parent":0,"menu_order":0,"comment_status":"closed","ping_status":"closed","template":"","meta":{"footnotes":""},"yoast_head":"<!-- This site is optimized with the Yoast SEO plugin v22.8 - https:\/\/yoast.com\/wordpress\/plugins\/seo\/ -->\n<title>Formentera Reisen - Urlaub g\u00fcnstig buchen<\/title>\n<meta name=\"description\" content=\"Pauschalreisen (Flug &amp; Hotel) nach clever buchen: Preisvergleich, Last Minute &amp; Fr\u00fchbucher, Hotelbewertungen, flexible Terminauswahl\" \/>\n<meta name=\"robots\" content=\"index, follow, max-snippet:-1, max-image-preview:large, max-video-preview:-1\" \/>\n<link rel=\"canonical\" href=\"https:\/\/www.ihr-ferienpartner.de\/mobil\/formentera\/\" \/>\n<meta property=\"og:locale\" content=\"de_DE\" \/>\n<meta property=\"og:type\" content=\"article\" \/>\n<meta property=\"og:title\" content=\"Formentera Reisen - Urlaub g\u00fcnstig buchen\" \/>\n<meta property=\"og:description\" content=\"Pauschalreisen (Flug &amp; Hotel) nach clever buchen: Preisvergleich, Last Minute &amp; Fr\u00fchbucher, Hotelbewertungen, flexible Terminauswahl\" \/>\n<meta property=\"og:url\" content=\"https:\/\/www.ihr-ferienpartner.de\/mobil\/formentera\/\" \/>\n<meta property=\"og:site_name\" content=\"FINDE DEIN SPONTANIEN - Reisen g\u00fcnstig buchen\" \/>\n<meta property=\"article:modified_time\" content=\"2024-06-26T11:19:53+00:00\" \/>\n<meta property=\"og:image\" content=\"https:\/\/www.ihr-ferienpartner.de\/Angebot\/Formentera.jpg\" \/>\n<meta name=\"twitter:card\" content=\"summary_large_image\" \/>\n<meta name=\"twitter:label1\" content=\"Gesch\u00e4tzte Lesezeit\" \/>\n\t<meta name=\"twitter:data1\" content=\"1\u00a0Minute\" \/>\n<script type=\"application\/ld+json\" class=\"yoast-schema-graph\">{\"@context\":\"https:\/\/schema.org\",\"@graph\":[{\"@type\":\"WebPage\",\"@id\":\"https:\/\/www.ihr-ferienpartner.de\/mobil\/formentera\/\",\"url\":\"https:\/\/www.ihr-ferienpartner.de\/mobil\/formentera\/\",\"name\":\"Formentera Reisen - Urlaub g\u00fcnstig buchen\",\"isPartOf\":{\"@id\":\"https:\/\/www.ihr-ferienpartner.de\/mobil\/#website\"},\"primaryImageOfPage\":{\"@id\":\"https:\/\/www.ihr-ferienpartner.de\/mobil\/formentera\/#primaryimage\"},\"image\":{\"@id\":\"https:\/\/www.ihr-ferienpartner.de\/mobil\/formentera\/#primaryimage\"},\"thumbnailUrl\":\"https:\/\/www.ihr-ferienpartner.de\/Angebot\/Formentera.jpg\",\"datePublished\":\"2024-06-26T11:19:52+00:00\",\"dateModified\":\"2024-06-26T11:19:53+00:00\",\"description\":\"Pauschalreisen (Flug & Hotel) nach clever buchen: Preisvergleich, Last Minute & Fr\u00fchbucher, Hotelbewertungen, flexible Terminauswahl\",\"breadcrumb\":{\"@id\":\"https:\/\/www.ihr-ferienpartner.de\/mobil\/formentera\/#breadcrumb\"},\"inLanguage\":\"de\",\"potentialAction\":[{\"@type\":\"ReadAction\",\"target\":[\"https:\/\/www.ihr-ferienpartner.de\/mobil\/formentera\/\"]}]},{\"@type\":\"ImageObject\",\"inLanguage\":\"de\",\"@id\":\"https:\/\/www.ihr-ferienpartner.de\/mobil\/formentera\/#primaryimage\",\"url\":\"https:\/\/www.ihr-ferienpartner.de\/Angebot\/Formentera.jpg\",\"contentUrl\":\"https:\/\/www.ihr-ferienpartner.de\/Angebot\/Formentera.jpg\"},{\"@type\":\"BreadcrumbList\",\"@id\":\"https:\/\/www.ihr-ferienpartner.de\/mobil\/formentera\/#breadcrumb\",\"itemListElement\":[{\"@type\":\"ListItem\",\"position\":1,\"name\":\"Startseite\",\"item\":\"https:\/\/www.ihr-ferienpartner.de\/mobil\/\"},{\"@type\":\"ListItem\",\"position\":2,\"name\":\"Formentera Reisen\"}]},{\"@type\":\"WebSite\",\"@id\":\"https:\/\/www.ihr-ferienpartner.de\/mobil\/#website\",\"url\":\"https:\/\/www.ihr-ferienpartner.de\/mobil\/\",\"name\":\"FINDE DEIN SPONTANIEN - Reisen g\u00fcnstig buchen\",\"description\":\"Flugreisen im Preisvergleich mit flexiblen Terminen &amp; Abflughafen.\",\"publisher\":{\"@id\":\"https:\/\/www.ihr-ferienpartner.de\/mobil\/#organization\"},\"potentialAction\":[{\"@type\":\"SearchAction\",\"target\":{\"@type\":\"EntryPoint\",\"urlTemplate\":\"https:\/\/www.ihr-ferienpartner.de\/mobil\/?s={search_term_string}\"},\"query-input\":\"required name=search_term_string\"}],\"inLanguage\":\"de\"},{\"@type\":\"Organization\",\"@id\":\"https:\/\/www.ihr-ferienpartner.de\/mobil\/#organization\",\"name\":\"FINDE DEIN SPONTANIEN - Reisen g\u00fcnstig buchen\",\"url\":\"https:\/\/www.ihr-ferienpartner.de\/mobil\/\",\"logo\":{\"@type\":\"ImageObject\",\"inLanguage\":\"de\",\"@id\":\"https:\/\/www.ihr-ferienpartner.de\/mobil\/#\/schema\/logo\/image\/\",\"url\":\"https:\/\/www.ihr-ferienpartner.de\/mobil\/wp-content\/uploads\/2019\/10\/spontanien.jpg\",\"contentUrl\":\"https:\/\/www.ihr-ferienpartner.de\/mobil\/wp-content\/uploads\/2019\/10\/spontanien.jpg\",\"width\":818,\"height\":200,\"caption\":\"FINDE DEIN SPONTANIEN - Reisen g\u00fcnstig buchen\"},\"image\":{\"@id\":\"https:\/\/www.ihr-ferienpartner.de\/mobil\/#\/schema\/logo\/image\/\"}}]}<\/script>\n<!-- \/ Yoast SEO plugin. -->","yoast_head_json":{"title":"Formentera Reisen - Urlaub g\u00fcnstig buchen","description":"Pauschalreisen (Flug & Hotel) nach clever buchen: Preisvergleich, Last Minute & Fr\u00fchbucher, Hotelbewertungen, flexible Terminauswahl","robots":{"index":"index","follow":"follow","max-snippet":"max-snippet:-1","max-image-preview":"max-image-preview:large","max-video-preview":"max-video-preview:-1"},"canonical":"https:\/\/www.ihr-ferienpartner.de\/mobil\/formentera\/","og_locale":"de_DE","og_type":"article","og_title":"Formentera Reisen - Urlaub g\u00fcnstig buchen","og_description":"Pauschalreisen (Flug & Hotel) nach clever buchen: Preisvergleich, Last Minute & Fr\u00fchbucher, Hotelbewertungen, flexible Terminauswahl","og_url":"https:\/\/www.ihr-ferienpartner.de\/mobil\/formentera\/","og_site_name":"FINDE DEIN SPONTANIEN - Reisen g\u00fcnstig buchen","article_modified_time":"2024-06-26T11:19:53+00:00","og_image":[{"url":"https:\/\/www.ihr-ferienpartner.de\/Angebot\/Formentera.jpg"}],"twitter_card":"summary_large_image","twitter_misc":{"Gesch\u00e4tzte Lesezeit":"1\u00a0Minute"},"schema":{"@context":"https:\/\/schema.org","@graph":[{"@type":"WebPage","@id":"https:\/\/www.ihr-ferienpartner.de\/mobil\/formentera\/","url":"https:\/\/www.ihr-ferienpartner.de\/mobil\/formentera\/","name":"Formentera Reisen - Urlaub g\u00fcnstig buchen","isPartOf":{"@id":"https:\/\/www.ihr-ferienpartner.de\/mobil\/#website"},"primaryImageOfPage":{"@id":"https:\/\/www.ihr-ferienpartner.de\/mobil\/formentera\/#primaryimage"},"image":{"@id":"https:\/\/www.ihr-ferienpartner.de\/mobil\/formentera\/#primaryimage"},"thumbnailUrl":"https:\/\/www.ihr-ferienpartner.de\/Angebot\/Formentera.jpg","datePublished":"2024-06-26T11:19:52+00:00","dateModified":"2024-06-26T11:19:53+00:00","description":"Pauschalreisen (Flug & Hotel) nach clever buchen: Preisvergleich, Last Minute & Fr\u00fchbucher, Hotelbewertungen, flexible Terminauswahl","breadcrumb":{"@id":"https:\/\/www.ihr-ferienpartner.de\/mobil\/formentera\/#breadcrumb"},"inLanguage":"de","potentialAction":[{"@type":"ReadAction","target":["https:\/\/www.ihr-ferienpartner.de\/mobil\/formentera\/"]}]},{"@type":"ImageObject","inLanguage":"de","@id":"https:\/\/www.ihr-ferienpartner.de\/mobil\/formentera\/#primaryimage","url":"https:\/\/www.ihr-ferienpartner.de\/Angebot\/Formentera.jpg","contentUrl":"https:\/\/www.ihr-ferienpartner.de\/Angebot\/Formentera.jpg"},{"@type":"BreadcrumbList","@id":"https:\/\/www.ihr-ferienpartner.de\/mobil\/formentera\/#breadcrumb","itemListElement":[{"@type":"ListItem","position":1,"name":"Startseite","item":"https:\/\/www.ihr-ferienpartner.de\/mobil\/"},{"@type":"ListItem","position":2,"name":"Formentera Reisen"}]},{"@type":"WebSite","@id":"https:\/\/www.ihr-ferienpartner.de\/mobil\/#website","url":"https:\/\/www.ihr-ferienpartner.de\/mobil\/","name":"FINDE DEIN SPONTANIEN - Reisen g\u00fcnstig buchen","description":"Flugreisen im Preisvergleich mit flexiblen Terminen &amp; Abflughafen.","publisher":{"@id":"https:\/\/www.ihr-ferienpartner.de\/mobil\/#organization"},"potentialAction":[{"@type":"SearchAction","target":{"@type":"EntryPoint","urlTemplate":"https:\/\/www.ihr-ferienpartner.de\/mobil\/?s={search_term_string}"},"query-input":"required name=search_term_string"}],"inLanguage":"de"},{"@type":"Organization","@id":"https:\/\/www.ihr-ferienpartner.de\/mobil\/#organization","name":"FINDE DEIN SPONTANIEN - Reisen g\u00fcnstig buchen","url":"https:\/\/www.ihr-ferienpartner.de\/mobil\/","logo":{"@type":"ImageObject","inLanguage":"de","@id":"https:\/\/www.ihr-ferienpartner.de\/mobil\/#\/schema\/logo\/image\/","url":"https:\/\/www.ihr-ferienpartner.de\/mobil\/wp-content\/uploads\/2019\/10\/spontanien.jpg","contentUrl":"https:\/\/www.ihr-ferienpartner.de\/mobil\/wp-content\/uploads\/2019\/10\/spontanien.jpg","width":818,"height":200,"caption":"FINDE DEIN SPONTANIEN - Reisen g\u00fcnstig buchen"},"image":{"@id":"https:\/\/www.ihr-ferienpartner.de\/mobil\/#\/schema\/logo\/image\/"}}]}},"_links":{"self":[{"href":"https:\/\/www.ihr-ferienpartner.de\/mobil\/wp-json\/wp\/v2\/pages\/1329"}],"collection":[{"href":"https:\/\/www.ihr-ferienpartner.de\/mobil\/wp-json\/wp\/v2\/pages"}],"about":[{"href":"https:\/\/www.ihr-ferienpartner.de\/mobil\/wp-json\/wp\/v2\/types\/page"}],"author":[{"embeddable":true,"href":"https:\/\/www.ihr-ferienpartner.de\/mobil\/wp-json\/wp\/v2\/users\/1"}],"replies":[{"embeddable":true,"href":"https:\/\/www.ihr-ferienpartner.de\/mobil\/wp-json\/wp\/v2\/comments?post=1329"}],"version-history":[{"count":6,"href":"https:\/\/www.ihr-ferienpartner.de\/mobil\/wp-json\/wp\/v2\/pages\/1329\/revisions"}],"predecessor-version":[{"id":5077,"href":"https:\/\/www.ihr-ferienpartner.de\/mobil\/wp-json\/wp\/v2\/pages\/1329\/revisions\/5077"}],"wp:attachment":[{"href":"https:\/\/www.ihr-ferienpartner.de\/mobil\/wp-json\/wp\/v2\/media?parent=1329"}],"curies":[{"name":"wp","href":"https:\/\/api.w.org\/{rel}","templated":true}]}}