{"id":1348,"date":"2024-07-12T09:50:14","date_gmt":"2024-07-12T07:50:14","guid":{"rendered":"http:\/\/www.ihr-ferienpartner.de\/mobil\/?page_id=1348"},"modified":"2024-07-12T09:50:14","modified_gmt":"2024-07-12T07:50:14","slug":"rhodos","status":"publish","type":"page","link":"https:\/\/www.ihr-ferienpartner.de\/mobil\/rhodos\/","title":{"rendered":"Rhodos Reisen"},"content":{"rendered":"<div style=\"background-color: #ffffff; padding: 20px 20px 20px 20px;\">\n<h1>Rhodos Reisen<\/h1>\n<p><img decoding=\"async\" src=\"https:\/\/www.ihr-ferienpartner.de\/Angebot\/Rhodos.jpg\" alt=\"Urlaub auf Rhodos billig buchen\" title=\"Reisen nach Rhodos\"><br \/>\n<font size=\"-1\"><b>Die Insel des Hibiscus<\/b> bedeutet Vielfalt: Strandurlaub, Wanderungen, Fahrradtouren, Tauchausfl\u00fcge, eine Mietwagentour in die Bergwelt oder entlang der K\u00fcste &#8230; alles au\u00dfer Langeweile.<\/font><\/p>\n<hr>\n<p><font size=\"-1\"><b><font color=\"b62b31\">unsere Hotel-Tipps auf Rhodos:<\/font><\/b> <a href=\"https:\/\/www.ihr-ferienpartner.de\/mobil\/sensimar-lindos-bay\/\" title=\"Lindos Bay auf Rhodos buchen\">TUI BLUE Lindos Bay<\/a>, Lindos &#8211; <a href=\"https:\/\/www.ihr-ferienpartner.de\/mobil\/sentido-apollo-blue\/\" title=\"Apollo Blue auf Rhodos buchen\">Apollo Blue<\/a>, Faliraki &#8211; <a href=\"https:\/\/www.ihr-ferienpartner.de\/mobil\/magic-life-plimmiri\/\" title=\"Magic Life Plimmiri auf Rhodos buchen\">MAGIC LIFE Plimmiri<\/a>, Plimmiri &#8211; <a href=\"https:\/\/www.ihr-ferienpartner.de\/mobil\/kresten-palace\/\" title=\"Kresten Palace auf Rhodos buchen\">Kresten Palace<\/a>, Kalithea &#8211; <a href=\"https:\/\/www.ihr-ferienpartner.de\/mobil\/kresten-royal\/\" title=\"Kresten Royal auf Rhodos buchen\">Kresten Royal<\/a>, Kalithea<\/font><\/p>\n<hr>\n<div id=\"ypsnet-ibe\" data-src=\"https:\/\/b2b.specials.de\/index\/jump\/119\/2780\/991880\/?action=dates&amp;regionId=59&amp;from=15&amp;to=316&amp;duration=7-7&amp;maxPrice=5000&amp;adults=2&amp;category=3&amp;minRecommrate=70\"><\/div>\n<p><script src=\"https:\/\/webmedia.ypsilon.net\/spl_js\/ypsnet-ibe.js\"><\/script><\/p>\n<\/div>\n<div style=\"background-color: #ffffff; padding: 20px 20px 20px 20px;\">\n<hr>\n<p><b>Pauschalreisen, Fr\u00fchbucher-Rabatte &amp; Last Minute-Angebote:<\/b><br \/>\nBuchen Sie Ihre Rhodos-Reise und profitieren Sie u.a. vom Anbieter-Preisvergleich und Hotel-Rankings aus \u00fcber 1.000.000 authentischen Hotelbewertungen.<\/p>\n<p><img decoding=\"async\" src=\"https:\/\/www.ihr-ferienpartner.de\/Angebot\/Anbietervergleich.jpg\" alt=\"Reisen nach Rhodos\" title=\"Reisen nach Rhodos\"><\/p>\n<\/div>\n","protected":false},"excerpt":{"rendered":"<p>Rhodos Reisen Die Insel des Hibiscus bedeutet Vielfalt: Strandurlaub, Wanderungen, Fahrradtouren, Tauchausfl\u00fcge, eine Mietwagentour in die Bergwelt oder entlang der K\u00fcste &#8230; alles au\u00dfer Langeweile. unsere Hotel-Tipps auf Rhodos: TUI BLUE Lindos Bay, Lindos &#8211; Apollo Blue, Faliraki &#8211; MAGIC LIFE Plimmiri, Plimmiri &#8211; Kresten Palace, Kalithea &#8211; Kresten Royal, Kalithea Pauschalreisen, Fr\u00fchbucher-Rabatte &amp; Last [&hellip;]<\/p>\n","protected":false},"author":1,"featured_media":0,"parent":0,"menu_order":0,"comment_status":"closed","ping_status":"closed","template":"","meta":{"footnotes":""},"yoast_head":"<!-- This site is optimized with the Yoast SEO plugin v22.8 - https:\/\/yoast.com\/wordpress\/plugins\/seo\/ -->\n<title>Rhodos Reisen - Last Minute &amp; Fr\u00fchbucher Urlaub billig buchen<\/title>\n<meta name=\"description\" content=\"Flug-Pauschalreisen clever &amp; g\u00fcnstig buchen: mit Anbieter-Preisvergleich, Hotelbewertungen, flexiblen Terminen &amp; Reisedauern.\" \/>\n<meta name=\"robots\" content=\"index, follow, max-snippet:-1, max-image-preview:large, max-video-preview:-1\" \/>\n<link rel=\"canonical\" href=\"https:\/\/www.ihr-ferienpartner.de\/mobil\/rhodos\/\" \/>\n<meta property=\"og:locale\" content=\"de_DE\" \/>\n<meta property=\"og:type\" content=\"article\" \/>\n<meta property=\"og:title\" content=\"Rhodos Reisen - Last Minute &amp; Fr\u00fchbucher Urlaub billig buchen\" \/>\n<meta property=\"og:description\" content=\"Flug-Pauschalreisen clever &amp; g\u00fcnstig buchen: mit Anbieter-Preisvergleich, Hotelbewertungen, flexiblen Terminen &amp; Reisedauern.\" \/>\n<meta property=\"og:url\" content=\"https:\/\/www.ihr-ferienpartner.de\/mobil\/rhodos\/\" \/>\n<meta property=\"og:site_name\" content=\"FINDE DEIN SPONTANIEN - Reisen g\u00fcnstig buchen\" \/>\n<meta property=\"og:image\" content=\"https:\/\/www.ihr-ferienpartner.de\/Angebot\/Rhodos.jpg\" \/>\n<meta name=\"twitter:card\" content=\"summary_large_image\" \/>\n<meta name=\"twitter:label1\" content=\"Gesch\u00e4tzte Lesezeit\" \/>\n\t<meta name=\"twitter:data1\" content=\"1\u00a0Minute\" \/>\n<script type=\"application\/ld+json\" class=\"yoast-schema-graph\">{\"@context\":\"https:\/\/schema.org\",\"@graph\":[{\"@type\":\"WebPage\",\"@id\":\"https:\/\/www.ihr-ferienpartner.de\/mobil\/rhodos\/\",\"url\":\"https:\/\/www.ihr-ferienpartner.de\/mobil\/rhodos\/\",\"name\":\"Rhodos Reisen - Last Minute & Fr\u00fchbucher Urlaub billig buchen\",\"isPartOf\":{\"@id\":\"https:\/\/www.ihr-ferienpartner.de\/mobil\/#website\"},\"primaryImageOfPage\":{\"@id\":\"https:\/\/www.ihr-ferienpartner.de\/mobil\/rhodos\/#primaryimage\"},\"image\":{\"@id\":\"https:\/\/www.ihr-ferienpartner.de\/mobil\/rhodos\/#primaryimage\"},\"thumbnailUrl\":\"https:\/\/www.ihr-ferienpartner.de\/Angebot\/Rhodos.jpg\",\"datePublished\":\"2024-07-12T07:50:14+00:00\",\"dateModified\":\"2024-07-12T07:50:14+00:00\",\"description\":\"Flug-Pauschalreisen clever & g\u00fcnstig buchen: mit Anbieter-Preisvergleich, Hotelbewertungen, flexiblen Terminen & Reisedauern.\",\"breadcrumb\":{\"@id\":\"https:\/\/www.ihr-ferienpartner.de\/mobil\/rhodos\/#breadcrumb\"},\"inLanguage\":\"de\",\"potentialAction\":[{\"@type\":\"ReadAction\",\"target\":[\"https:\/\/www.ihr-ferienpartner.de\/mobil\/rhodos\/\"]}]},{\"@type\":\"ImageObject\",\"inLanguage\":\"de\",\"@id\":\"https:\/\/www.ihr-ferienpartner.de\/mobil\/rhodos\/#primaryimage\",\"url\":\"https:\/\/www.ihr-ferienpartner.de\/Angebot\/Rhodos.jpg\",\"contentUrl\":\"https:\/\/www.ihr-ferienpartner.de\/Angebot\/Rhodos.jpg\"},{\"@type\":\"BreadcrumbList\",\"@id\":\"https:\/\/www.ihr-ferienpartner.de\/mobil\/rhodos\/#breadcrumb\",\"itemListElement\":[{\"@type\":\"ListItem\",\"position\":1,\"name\":\"Startseite\",\"item\":\"https:\/\/www.ihr-ferienpartner.de\/mobil\/\"},{\"@type\":\"ListItem\",\"position\":2,\"name\":\"Rhodos Reisen\"}]},{\"@type\":\"WebSite\",\"@id\":\"https:\/\/www.ihr-ferienpartner.de\/mobil\/#website\",\"url\":\"https:\/\/www.ihr-ferienpartner.de\/mobil\/\",\"name\":\"FINDE DEIN SPONTANIEN - Reisen g\u00fcnstig buchen\",\"description\":\"Flugreisen im Preisvergleich mit flexiblen Terminen &amp; Abflughafen.\",\"publisher\":{\"@id\":\"https:\/\/www.ihr-ferienpartner.de\/mobil\/#organization\"},\"potentialAction\":[{\"@type\":\"SearchAction\",\"target\":{\"@type\":\"EntryPoint\",\"urlTemplate\":\"https:\/\/www.ihr-ferienpartner.de\/mobil\/?s={search_term_string}\"},\"query-input\":\"required name=search_term_string\"}],\"inLanguage\":\"de\"},{\"@type\":\"Organization\",\"@id\":\"https:\/\/www.ihr-ferienpartner.de\/mobil\/#organization\",\"name\":\"FINDE DEIN SPONTANIEN - Reisen g\u00fcnstig buchen\",\"url\":\"https:\/\/www.ihr-ferienpartner.de\/mobil\/\",\"logo\":{\"@type\":\"ImageObject\",\"inLanguage\":\"de\",\"@id\":\"https:\/\/www.ihr-ferienpartner.de\/mobil\/#\/schema\/logo\/image\/\",\"url\":\"https:\/\/www.ihr-ferienpartner.de\/mobil\/wp-content\/uploads\/2019\/10\/spontanien.jpg\",\"contentUrl\":\"https:\/\/www.ihr-ferienpartner.de\/mobil\/wp-content\/uploads\/2019\/10\/spontanien.jpg\",\"width\":818,\"height\":200,\"caption\":\"FINDE DEIN SPONTANIEN - Reisen g\u00fcnstig buchen\"},\"image\":{\"@id\":\"https:\/\/www.ihr-ferienpartner.de\/mobil\/#\/schema\/logo\/image\/\"}}]}<\/script>\n<!-- \/ Yoast SEO plugin. -->","yoast_head_json":{"title":"Rhodos Reisen - Last Minute & Fr\u00fchbucher Urlaub billig buchen","description":"Flug-Pauschalreisen clever & g\u00fcnstig buchen: mit Anbieter-Preisvergleich, Hotelbewertungen, flexiblen Terminen & Reisedauern.","robots":{"index":"index","follow":"follow","max-snippet":"max-snippet:-1","max-image-preview":"max-image-preview:large","max-video-preview":"max-video-preview:-1"},"canonical":"https:\/\/www.ihr-ferienpartner.de\/mobil\/rhodos\/","og_locale":"de_DE","og_type":"article","og_title":"Rhodos Reisen - Last Minute & Fr\u00fchbucher Urlaub billig buchen","og_description":"Flug-Pauschalreisen clever & g\u00fcnstig buchen: mit Anbieter-Preisvergleich, Hotelbewertungen, flexiblen Terminen & Reisedauern.","og_url":"https:\/\/www.ihr-ferienpartner.de\/mobil\/rhodos\/","og_site_name":"FINDE DEIN SPONTANIEN - Reisen g\u00fcnstig buchen","og_image":[{"url":"https:\/\/www.ihr-ferienpartner.de\/Angebot\/Rhodos.jpg"}],"twitter_card":"summary_large_image","twitter_misc":{"Gesch\u00e4tzte Lesezeit":"1\u00a0Minute"},"schema":{"@context":"https:\/\/schema.org","@graph":[{"@type":"WebPage","@id":"https:\/\/www.ihr-ferienpartner.de\/mobil\/rhodos\/","url":"https:\/\/www.ihr-ferienpartner.de\/mobil\/rhodos\/","name":"Rhodos Reisen - Last Minute & Fr\u00fchbucher Urlaub billig buchen","isPartOf":{"@id":"https:\/\/www.ihr-ferienpartner.de\/mobil\/#website"},"primaryImageOfPage":{"@id":"https:\/\/www.ihr-ferienpartner.de\/mobil\/rhodos\/#primaryimage"},"image":{"@id":"https:\/\/www.ihr-ferienpartner.de\/mobil\/rhodos\/#primaryimage"},"thumbnailUrl":"https:\/\/www.ihr-ferienpartner.de\/Angebot\/Rhodos.jpg","datePublished":"2024-07-12T07:50:14+00:00","dateModified":"2024-07-12T07:50:14+00:00","description":"Flug-Pauschalreisen clever & g\u00fcnstig buchen: mit Anbieter-Preisvergleich, Hotelbewertungen, flexiblen Terminen & Reisedauern.","breadcrumb":{"@id":"https:\/\/www.ihr-ferienpartner.de\/mobil\/rhodos\/#breadcrumb"},"inLanguage":"de","potentialAction":[{"@type":"ReadAction","target":["https:\/\/www.ihr-ferienpartner.de\/mobil\/rhodos\/"]}]},{"@type":"ImageObject","inLanguage":"de","@id":"https:\/\/www.ihr-ferienpartner.de\/mobil\/rhodos\/#primaryimage","url":"https:\/\/www.ihr-ferienpartner.de\/Angebot\/Rhodos.jpg","contentUrl":"https:\/\/www.ihr-ferienpartner.de\/Angebot\/Rhodos.jpg"},{"@type":"BreadcrumbList","@id":"https:\/\/www.ihr-ferienpartner.de\/mobil\/rhodos\/#breadcrumb","itemListElement":[{"@type":"ListItem","position":1,"name":"Startseite","item":"https:\/\/www.ihr-ferienpartner.de\/mobil\/"},{"@type":"ListItem","position":2,"name":"Rhodos Reisen"}]},{"@type":"WebSite","@id":"https:\/\/www.ihr-ferienpartner.de\/mobil\/#website","url":"https:\/\/www.ihr-ferienpartner.de\/mobil\/","name":"FINDE DEIN SPONTANIEN - Reisen g\u00fcnstig buchen","description":"Flugreisen im Preisvergleich mit flexiblen Terminen &amp; Abflughafen.","publisher":{"@id":"https:\/\/www.ihr-ferienpartner.de\/mobil\/#organization"},"potentialAction":[{"@type":"SearchAction","target":{"@type":"EntryPoint","urlTemplate":"https:\/\/www.ihr-ferienpartner.de\/mobil\/?s={search_term_string}"},"query-input":"required name=search_term_string"}],"inLanguage":"de"},{"@type":"Organization","@id":"https:\/\/www.ihr-ferienpartner.de\/mobil\/#organization","name":"FINDE DEIN SPONTANIEN - Reisen g\u00fcnstig buchen","url":"https:\/\/www.ihr-ferienpartner.de\/mobil\/","logo":{"@type":"ImageObject","inLanguage":"de","@id":"https:\/\/www.ihr-ferienpartner.de\/mobil\/#\/schema\/logo\/image\/","url":"https:\/\/www.ihr-ferienpartner.de\/mobil\/wp-content\/uploads\/2019\/10\/spontanien.jpg","contentUrl":"https:\/\/www.ihr-ferienpartner.de\/mobil\/wp-content\/uploads\/2019\/10\/spontanien.jpg","width":818,"height":200,"caption":"FINDE DEIN SPONTANIEN - Reisen g\u00fcnstig buchen"},"image":{"@id":"https:\/\/www.ihr-ferienpartner.de\/mobil\/#\/schema\/logo\/image\/"}}]}},"_links":{"self":[{"href":"https:\/\/www.ihr-ferienpartner.de\/mobil\/wp-json\/wp\/v2\/pages\/1348"}],"collection":[{"href":"https:\/\/www.ihr-ferienpartner.de\/mobil\/wp-json\/wp\/v2\/pages"}],"about":[{"href":"https:\/\/www.ihr-ferienpartner.de\/mobil\/wp-json\/wp\/v2\/types\/page"}],"author":[{"embeddable":true,"href":"https:\/\/www.ihr-ferienpartner.de\/mobil\/wp-json\/wp\/v2\/users\/1"}],"replies":[{"embeddable":true,"href":"https:\/\/www.ihr-ferienpartner.de\/mobil\/wp-json\/wp\/v2\/comments?post=1348"}],"version-history":[{"count":14,"href":"https:\/\/www.ihr-ferienpartner.de\/mobil\/wp-json\/wp\/v2\/pages\/1348\/revisions"}],"predecessor-version":[{"id":5321,"href":"https:\/\/www.ihr-ferienpartner.de\/mobil\/wp-json\/wp\/v2\/pages\/1348\/revisions\/5321"}],"wp:attachment":[{"href":"https:\/\/www.ihr-ferienpartner.de\/mobil\/wp-json\/wp\/v2\/media?parent=1348"}],"curies":[{"name":"wp","href":"https:\/\/api.w.org\/{rel}","templated":true}]}}