{"id":1352,"date":"2024-06-27T15:09:19","date_gmt":"2024-06-27T13:09:19","guid":{"rendered":"http:\/\/www.ihr-ferienpartner.de\/mobil\/?page_id=1352"},"modified":"2024-06-27T15:09:20","modified_gmt":"2024-06-27T13:09:20","slug":"kos","status":"publish","type":"page","link":"https:\/\/www.ihr-ferienpartner.de\/mobil\/kos\/","title":{"rendered":"Kos Reisen"},"content":{"rendered":"<div style=\"background-color: #ffffff; padding: 20px 20px 20px 20px;\">\n<h1>Kos Reisen<\/h1>\n<p><img decoding=\"async\" title=\"Reisen nach Kos billig buchen\" alt=\"Reisen nach Kos billig buchen!\" src=\"https:\/\/www.ihr-ferienpartner.de\/Angebot\/Insel-Kos.jpg\"><br \/>\n<font size=\"-1\">Die kleine Insel \u00fcberrascht mit seinen vielf\u00e4ltigen M\u00f6glichkeiten. Erholsamer Badeurlaub an sch\u00f6nen Sand- und Kiesstr\u00e4nden und die Verw\u00f6hnprogramme der gehobenen Hotellerie \u00fcberzeugen. Dazu gibt es tolle Ausflugsziele wie z.B. die gleichnamige Inselhauptstadt Kos oder das Bergdorf Zia.<\/font><\/p>\n<hr>\n<p><font size=\"-1\"><b><font color=\"b62b31\">unsere Hotel-Tipps auf Kos:<\/font><\/b><br \/>\n<em>Mastichari:<\/em> <a href=\"https:\/\/www.ihr-ferienpartner.de\/mobil\/horizon-beach-resort\/\" title=\"Horizon Beach auf Kos buchen\">Horizon Beach Resort<\/a> &#8211; <a href=\"https:\/\/www.ihr-ferienpartner.de\/mobil\/neptune-hotels-resort\/\" title=\"Neptune Resort auf Kos buchen\">Neptune Hotels Resort<\/a> &#8211; <a href=\"https:\/\/www.ihr-ferienpartner.de\/mobil\/magic-life-marmari-palace\/\" title=\"Magic Life Marmari Palace auf Kos buchen\">MAGIC LIFE Marmari Palace<\/a><br \/>\n<em>Kardamena:<\/em> <a href=\"https:\/\/www.ihr-ferienpartner.de\/mobil\/atlantica-beach-resort-kos\/\" title=\"Atlantica Beach Resort Kos buchen\">Atlantica Beach Resort Kos<\/a> &#8211; <a href=\"https:\/\/www.ihr-ferienpartner.de\/mobil\/robinson-club-daidalos\/\" title=\"Robinson Club Daidalos auf Kos buchen\">ROBINSON Club Daidalos<\/a><b><\/b><\/font><\/p>\n<hr>\n<div id=\"ypsnet-ibe\" data-src=\"https:\/\/b2b.specials.de\/index\/jump\/119\/2780\/991880\/?action=dates&amp;regionId=45&amp;from=15&amp;to=316&amp;duration=7-7&amp;maxPrice=5000&amp;adults=2&amp;category=3&amp;minRecommrate=70\"><\/div>\n<p><script src=\"https:\/\/webmedia.ypsilon.net\/spl_js\/ypsnet-ibe.js\"><\/script><\/p>\n<\/div>\n<div style=\"background-color: #ffffff; padding: 20px 20px 20px 20px;\">\n<hr>\n<p><b>Pauschalreisen, Fr\u00fchbucher-Rabatte &amp; Last Minute-Angebote:<\/b><br \/>\nBuchen Sie Ihre Kos-Reise und profitieren Sie u.a. vom Anbieter-Preisvergleich und Hotel-Rankings aus \u00fcber 1.000.000 authentischen Hotelbewertungen.<\/p>\n<p><img decoding=\"async\" title=\"Reisen nach Kos\" alt=\"Reisen nach Kos\" src=\"https:\/\/www.ihr-ferienpartner.de\/Angebot\/Anbietervergleich.jpg\"><\/p>\n<\/div>\n","protected":false},"excerpt":{"rendered":"<p>Kos Reisen Die kleine Insel \u00fcberrascht mit seinen vielf\u00e4ltigen M\u00f6glichkeiten. Erholsamer Badeurlaub an sch\u00f6nen Sand- und Kiesstr\u00e4nden und die Verw\u00f6hnprogramme der gehobenen Hotellerie \u00fcberzeugen. Dazu gibt es tolle Ausflugsziele wie z.B. die gleichnamige Inselhauptstadt Kos oder das Bergdorf Zia. unsere Hotel-Tipps auf Kos: Mastichari: Horizon Beach Resort &#8211; Neptune Hotels Resort &#8211; MAGIC LIFE Marmari [&hellip;]<\/p>\n","protected":false},"author":1,"featured_media":0,"parent":0,"menu_order":0,"comment_status":"closed","ping_status":"closed","template":"","meta":{"footnotes":""},"yoast_head":"<!-- This site is optimized with the Yoast SEO plugin v22.8 - https:\/\/yoast.com\/wordpress\/plugins\/seo\/ -->\n<title>INSEL KOS - Last Minute &amp; Fr\u00fchbucher Flugreisen billig buchen!<\/title>\n<meta name=\"description\" content=\"Urlaub auf der griechischen Insel clever buchen: Preisvergleich, Hotel-Tipps, Hotelbewertungen, flexible Termine &amp; Flughafen.\" \/>\n<meta name=\"robots\" content=\"index, follow, max-snippet:-1, max-image-preview:large, max-video-preview:-1\" \/>\n<link rel=\"canonical\" href=\"https:\/\/www.ihr-ferienpartner.de\/mobil\/kos\/\" \/>\n<meta property=\"og:locale\" content=\"de_DE\" \/>\n<meta property=\"og:type\" content=\"article\" \/>\n<meta property=\"og:title\" content=\"INSEL KOS - Last Minute &amp; Fr\u00fchbucher Flugreisen billig buchen!\" \/>\n<meta property=\"og:description\" content=\"Urlaub auf der griechischen Insel clever buchen: Preisvergleich, Hotel-Tipps, Hotelbewertungen, flexible Termine &amp; Flughafen.\" \/>\n<meta property=\"og:url\" content=\"https:\/\/www.ihr-ferienpartner.de\/mobil\/kos\/\" \/>\n<meta property=\"og:site_name\" content=\"FINDE DEIN SPONTANIEN - Reisen g\u00fcnstig buchen\" \/>\n<meta property=\"article:modified_time\" content=\"2024-06-27T13:09:20+00:00\" \/>\n<meta property=\"og:image\" content=\"https:\/\/www.ihr-ferienpartner.de\/Angebot\/Insel-Kos.jpg\" \/>\n<meta name=\"twitter:card\" content=\"summary_large_image\" \/>\n<meta name=\"twitter:label1\" content=\"Gesch\u00e4tzte Lesezeit\" \/>\n\t<meta name=\"twitter:data1\" content=\"1\u00a0Minute\" \/>\n<script type=\"application\/ld+json\" class=\"yoast-schema-graph\">{\"@context\":\"https:\/\/schema.org\",\"@graph\":[{\"@type\":\"WebPage\",\"@id\":\"https:\/\/www.ihr-ferienpartner.de\/mobil\/kos\/\",\"url\":\"https:\/\/www.ihr-ferienpartner.de\/mobil\/kos\/\",\"name\":\"INSEL KOS - Last Minute & Fr\u00fchbucher Flugreisen billig buchen!\",\"isPartOf\":{\"@id\":\"https:\/\/www.ihr-ferienpartner.de\/mobil\/#website\"},\"primaryImageOfPage\":{\"@id\":\"https:\/\/www.ihr-ferienpartner.de\/mobil\/kos\/#primaryimage\"},\"image\":{\"@id\":\"https:\/\/www.ihr-ferienpartner.de\/mobil\/kos\/#primaryimage\"},\"thumbnailUrl\":\"https:\/\/www.ihr-ferienpartner.de\/Angebot\/Insel-Kos.jpg\",\"datePublished\":\"2024-06-27T13:09:19+00:00\",\"dateModified\":\"2024-06-27T13:09:20+00:00\",\"description\":\"Urlaub auf der griechischen Insel clever buchen: Preisvergleich, Hotel-Tipps, Hotelbewertungen, flexible Termine & Flughafen.\",\"breadcrumb\":{\"@id\":\"https:\/\/www.ihr-ferienpartner.de\/mobil\/kos\/#breadcrumb\"},\"inLanguage\":\"de\",\"potentialAction\":[{\"@type\":\"ReadAction\",\"target\":[\"https:\/\/www.ihr-ferienpartner.de\/mobil\/kos\/\"]}]},{\"@type\":\"ImageObject\",\"inLanguage\":\"de\",\"@id\":\"https:\/\/www.ihr-ferienpartner.de\/mobil\/kos\/#primaryimage\",\"url\":\"https:\/\/www.ihr-ferienpartner.de\/Angebot\/Insel-Kos.jpg\",\"contentUrl\":\"https:\/\/www.ihr-ferienpartner.de\/Angebot\/Insel-Kos.jpg\"},{\"@type\":\"BreadcrumbList\",\"@id\":\"https:\/\/www.ihr-ferienpartner.de\/mobil\/kos\/#breadcrumb\",\"itemListElement\":[{\"@type\":\"ListItem\",\"position\":1,\"name\":\"Startseite\",\"item\":\"https:\/\/www.ihr-ferienpartner.de\/mobil\/\"},{\"@type\":\"ListItem\",\"position\":2,\"name\":\"Kos Reisen\"}]},{\"@type\":\"WebSite\",\"@id\":\"https:\/\/www.ihr-ferienpartner.de\/mobil\/#website\",\"url\":\"https:\/\/www.ihr-ferienpartner.de\/mobil\/\",\"name\":\"FINDE DEIN SPONTANIEN - Reisen g\u00fcnstig buchen\",\"description\":\"Flugreisen im Preisvergleich mit flexiblen Terminen &amp; Abflughafen.\",\"publisher\":{\"@id\":\"https:\/\/www.ihr-ferienpartner.de\/mobil\/#organization\"},\"potentialAction\":[{\"@type\":\"SearchAction\",\"target\":{\"@type\":\"EntryPoint\",\"urlTemplate\":\"https:\/\/www.ihr-ferienpartner.de\/mobil\/?s={search_term_string}\"},\"query-input\":\"required name=search_term_string\"}],\"inLanguage\":\"de\"},{\"@type\":\"Organization\",\"@id\":\"https:\/\/www.ihr-ferienpartner.de\/mobil\/#organization\",\"name\":\"FINDE DEIN SPONTANIEN - Reisen g\u00fcnstig buchen\",\"url\":\"https:\/\/www.ihr-ferienpartner.de\/mobil\/\",\"logo\":{\"@type\":\"ImageObject\",\"inLanguage\":\"de\",\"@id\":\"https:\/\/www.ihr-ferienpartner.de\/mobil\/#\/schema\/logo\/image\/\",\"url\":\"https:\/\/www.ihr-ferienpartner.de\/mobil\/wp-content\/uploads\/2019\/10\/spontanien.jpg\",\"contentUrl\":\"https:\/\/www.ihr-ferienpartner.de\/mobil\/wp-content\/uploads\/2019\/10\/spontanien.jpg\",\"width\":818,\"height\":200,\"caption\":\"FINDE DEIN SPONTANIEN - Reisen g\u00fcnstig buchen\"},\"image\":{\"@id\":\"https:\/\/www.ihr-ferienpartner.de\/mobil\/#\/schema\/logo\/image\/\"}}]}<\/script>\n<!-- \/ Yoast SEO plugin. -->","yoast_head_json":{"title":"INSEL KOS - Last Minute & Fr\u00fchbucher Flugreisen billig buchen!","description":"Urlaub auf der griechischen Insel clever buchen: Preisvergleich, Hotel-Tipps, Hotelbewertungen, flexible Termine & Flughafen.","robots":{"index":"index","follow":"follow","max-snippet":"max-snippet:-1","max-image-preview":"max-image-preview:large","max-video-preview":"max-video-preview:-1"},"canonical":"https:\/\/www.ihr-ferienpartner.de\/mobil\/kos\/","og_locale":"de_DE","og_type":"article","og_title":"INSEL KOS - Last Minute & Fr\u00fchbucher Flugreisen billig buchen!","og_description":"Urlaub auf der griechischen Insel clever buchen: Preisvergleich, Hotel-Tipps, Hotelbewertungen, flexible Termine & Flughafen.","og_url":"https:\/\/www.ihr-ferienpartner.de\/mobil\/kos\/","og_site_name":"FINDE DEIN SPONTANIEN - Reisen g\u00fcnstig buchen","article_modified_time":"2024-06-27T13:09:20+00:00","og_image":[{"url":"https:\/\/www.ihr-ferienpartner.de\/Angebot\/Insel-Kos.jpg"}],"twitter_card":"summary_large_image","twitter_misc":{"Gesch\u00e4tzte Lesezeit":"1\u00a0Minute"},"schema":{"@context":"https:\/\/schema.org","@graph":[{"@type":"WebPage","@id":"https:\/\/www.ihr-ferienpartner.de\/mobil\/kos\/","url":"https:\/\/www.ihr-ferienpartner.de\/mobil\/kos\/","name":"INSEL KOS - Last Minute & Fr\u00fchbucher Flugreisen billig buchen!","isPartOf":{"@id":"https:\/\/www.ihr-ferienpartner.de\/mobil\/#website"},"primaryImageOfPage":{"@id":"https:\/\/www.ihr-ferienpartner.de\/mobil\/kos\/#primaryimage"},"image":{"@id":"https:\/\/www.ihr-ferienpartner.de\/mobil\/kos\/#primaryimage"},"thumbnailUrl":"https:\/\/www.ihr-ferienpartner.de\/Angebot\/Insel-Kos.jpg","datePublished":"2024-06-27T13:09:19+00:00","dateModified":"2024-06-27T13:09:20+00:00","description":"Urlaub auf der griechischen Insel clever buchen: Preisvergleich, Hotel-Tipps, Hotelbewertungen, flexible Termine & Flughafen.","breadcrumb":{"@id":"https:\/\/www.ihr-ferienpartner.de\/mobil\/kos\/#breadcrumb"},"inLanguage":"de","potentialAction":[{"@type":"ReadAction","target":["https:\/\/www.ihr-ferienpartner.de\/mobil\/kos\/"]}]},{"@type":"ImageObject","inLanguage":"de","@id":"https:\/\/www.ihr-ferienpartner.de\/mobil\/kos\/#primaryimage","url":"https:\/\/www.ihr-ferienpartner.de\/Angebot\/Insel-Kos.jpg","contentUrl":"https:\/\/www.ihr-ferienpartner.de\/Angebot\/Insel-Kos.jpg"},{"@type":"BreadcrumbList","@id":"https:\/\/www.ihr-ferienpartner.de\/mobil\/kos\/#breadcrumb","itemListElement":[{"@type":"ListItem","position":1,"name":"Startseite","item":"https:\/\/www.ihr-ferienpartner.de\/mobil\/"},{"@type":"ListItem","position":2,"name":"Kos Reisen"}]},{"@type":"WebSite","@id":"https:\/\/www.ihr-ferienpartner.de\/mobil\/#website","url":"https:\/\/www.ihr-ferienpartner.de\/mobil\/","name":"FINDE DEIN SPONTANIEN - Reisen g\u00fcnstig buchen","description":"Flugreisen im Preisvergleich mit flexiblen Terminen &amp; Abflughafen.","publisher":{"@id":"https:\/\/www.ihr-ferienpartner.de\/mobil\/#organization"},"potentialAction":[{"@type":"SearchAction","target":{"@type":"EntryPoint","urlTemplate":"https:\/\/www.ihr-ferienpartner.de\/mobil\/?s={search_term_string}"},"query-input":"required name=search_term_string"}],"inLanguage":"de"},{"@type":"Organization","@id":"https:\/\/www.ihr-ferienpartner.de\/mobil\/#organization","name":"FINDE DEIN SPONTANIEN - Reisen g\u00fcnstig buchen","url":"https:\/\/www.ihr-ferienpartner.de\/mobil\/","logo":{"@type":"ImageObject","inLanguage":"de","@id":"https:\/\/www.ihr-ferienpartner.de\/mobil\/#\/schema\/logo\/image\/","url":"https:\/\/www.ihr-ferienpartner.de\/mobil\/wp-content\/uploads\/2019\/10\/spontanien.jpg","contentUrl":"https:\/\/www.ihr-ferienpartner.de\/mobil\/wp-content\/uploads\/2019\/10\/spontanien.jpg","width":818,"height":200,"caption":"FINDE DEIN SPONTANIEN - Reisen g\u00fcnstig buchen"},"image":{"@id":"https:\/\/www.ihr-ferienpartner.de\/mobil\/#\/schema\/logo\/image\/"}}]}},"_links":{"self":[{"href":"https:\/\/www.ihr-ferienpartner.de\/mobil\/wp-json\/wp\/v2\/pages\/1352"}],"collection":[{"href":"https:\/\/www.ihr-ferienpartner.de\/mobil\/wp-json\/wp\/v2\/pages"}],"about":[{"href":"https:\/\/www.ihr-ferienpartner.de\/mobil\/wp-json\/wp\/v2\/types\/page"}],"author":[{"embeddable":true,"href":"https:\/\/www.ihr-ferienpartner.de\/mobil\/wp-json\/wp\/v2\/users\/1"}],"replies":[{"embeddable":true,"href":"https:\/\/www.ihr-ferienpartner.de\/mobil\/wp-json\/wp\/v2\/comments?post=1352"}],"version-history":[{"count":27,"href":"https:\/\/www.ihr-ferienpartner.de\/mobil\/wp-json\/wp\/v2\/pages\/1352\/revisions"}],"predecessor-version":[{"id":5234,"href":"https:\/\/www.ihr-ferienpartner.de\/mobil\/wp-json\/wp\/v2\/pages\/1352\/revisions\/5234"}],"wp:attachment":[{"href":"https:\/\/www.ihr-ferienpartner.de\/mobil\/wp-json\/wp\/v2\/media?parent=1352"}],"curies":[{"name":"wp","href":"https:\/\/api.w.org\/{rel}","templated":true}]}}