{"id":1421,"date":"2024-07-04T15:35:55","date_gmt":"2024-07-04T13:35:55","guid":{"rendered":"http:\/\/www.ihr-ferienpartner.de\/mobil\/?page_id=1421"},"modified":"2024-07-04T15:35:55","modified_gmt":"2024-07-04T13:35:55","slug":"malediven","status":"publish","type":"page","link":"https:\/\/www.ihr-ferienpartner.de\/mobil\/malediven\/","title":{"rendered":"Malediven Reisen"},"content":{"rendered":"<div style=\"background-color: #ffffff; padding: 20px 20px 20px 20px;\">\n<h1>Malediven Reisen<\/h1>\n<p><img decoding=\"async\" src=\"https:\/\/www.ihr-ferienpartner.de\/Angebot\/Malediven.jpg\" alt=\"Urlaub auf den Malediven g\u00fcnstig buchen\" title=\"Reisen nach Malediven\"><br \/>\n<font size=\"-1\">Die Malediven umfassen mehr als tausend &#8211; etwa 300 bewohnte &#8211; Inseln &amp; Korallenriffe, die im weiten Indischen Ozean verstreut liegen. Die Inseln sind malerisch, Riffe und Lagunen f\u00fcr Taucher meist bestens zu erreichen. Das ganzj\u00e4hrig beliebte Reiseziel bietet Ruhe und Erholung. Auf den Malediven herrschen paradiesische Zust\u00e4nde.<\/font><\/p>\n<hr>\n<p><font size=\"-1\"><b><font color=\"b62b31\">Unser Hotel Tipp:<\/font><\/b> <a href=\"https:\/\/www.ihr-ferienpartner.de\/mobil\/kuramathi-island-resort\/\">Kuramathi Maledives &gt;&gt;<\/a><\/font><\/p>\n<hr>\n<div id=\"ypsnet-ibe\" data-src=\"https:\/\/b2b.specials.de\/index\/jump\/119\/2780\/991880\/?action=dates&amp;regionId=100&amp;from=15&amp;to=316&amp;duration=7-7&amp;maxPrice=5000&amp;adults=2&amp;category=3&amp;minRecommrate=70\"><\/div>\n<p><script src=\"https:\/\/webmedia.ypsilon.net\/spl_js\/ypsnet-ibe.js\"><\/script><\/p>\n<\/div>\n<div style=\"background-color: #ffffff; padding: 20px 20px 20px 20px;\">\n<hr>\n<p><b>Pauschalreisen, Fr\u00fchbucher-Rabatte &amp; Last Minute-Angebote:<\/b><br \/>\nBuchen Sie Ihre Malediven-Reise und profitieren Sie u.a. vom Anbieter-Preisvergleich und Hotel-Rankings aus \u00fcber 1.000.000 authentischen Hotelbewertungen.<\/p>\n<p><img decoding=\"async\" src=\"https:\/\/www.ihr-ferienpartner.de\/Angebot\/Anbietervergleich.jpg\" alt=\"Reisen nach Malediven\" title=\"Reisen nach Malediven\"><\/p>\n<hr>\n<p><img decoding=\"async\" src=\"https:\/\/www.ihr-ferienpartner.de\/Fernreisen\/Malediven_940.jpg\" alt=\"Malediven\"><\/p>\n<\/div>\n","protected":false},"excerpt":{"rendered":"<p>Malediven Reisen Die Malediven umfassen mehr als tausend &#8211; etwa 300 bewohnte &#8211; Inseln &amp; Korallenriffe, die im weiten Indischen Ozean verstreut liegen. Die Inseln sind malerisch, Riffe und Lagunen f\u00fcr Taucher meist bestens zu erreichen. Das ganzj\u00e4hrig beliebte Reiseziel bietet Ruhe und Erholung. Auf den Malediven herrschen paradiesische Zust\u00e4nde. Unser Hotel Tipp: Kuramathi Maledives [&hellip;]<\/p>\n","protected":false},"author":1,"featured_media":0,"parent":0,"menu_order":0,"comment_status":"closed","ping_status":"closed","template":"","meta":{"footnotes":""},"yoast_head":"<!-- This site is optimized with the Yoast SEO plugin v22.8 - https:\/\/yoast.com\/wordpress\/plugins\/seo\/ -->\n<title>MALEDIVEN Reisen - Flugreisen im Preisvergleich<\/title>\n<meta name=\"description\" content=\"Fr\u00fchbucher &amp; Last Minute Pauschalreisen CLEVER BUCHEN: mit Anbieter-Vergleich, Hotelbewertungs-Ranking, flexiblen Terminen &amp; Abflughafen.\" \/>\n<meta name=\"robots\" content=\"index, follow, max-snippet:-1, max-image-preview:large, max-video-preview:-1\" \/>\n<link rel=\"canonical\" href=\"https:\/\/www.ihr-ferienpartner.de\/mobil\/malediven\/\" \/>\n<meta property=\"og:locale\" content=\"de_DE\" \/>\n<meta property=\"og:type\" content=\"article\" \/>\n<meta property=\"og:title\" content=\"MALEDIVEN Reisen - Flugreisen im Preisvergleich\" \/>\n<meta property=\"og:description\" content=\"Fr\u00fchbucher &amp; Last Minute Pauschalreisen CLEVER BUCHEN: mit Anbieter-Vergleich, Hotelbewertungs-Ranking, flexiblen Terminen &amp; Abflughafen.\" \/>\n<meta property=\"og:url\" content=\"https:\/\/www.ihr-ferienpartner.de\/mobil\/malediven\/\" \/>\n<meta property=\"og:site_name\" content=\"FINDE DEIN SPONTANIEN - Reisen g\u00fcnstig buchen\" \/>\n<meta property=\"og:image\" content=\"https:\/\/www.ihr-ferienpartner.de\/Angebot\/Malediven.jpg\" \/>\n<meta name=\"twitter:card\" content=\"summary_large_image\" \/>\n<meta name=\"twitter:label1\" content=\"Gesch\u00e4tzte Lesezeit\" \/>\n\t<meta name=\"twitter:data1\" content=\"2\u00a0Minuten\" \/>\n<script type=\"application\/ld+json\" class=\"yoast-schema-graph\">{\"@context\":\"https:\/\/schema.org\",\"@graph\":[{\"@type\":\"WebPage\",\"@id\":\"https:\/\/www.ihr-ferienpartner.de\/mobil\/malediven\/\",\"url\":\"https:\/\/www.ihr-ferienpartner.de\/mobil\/malediven\/\",\"name\":\"MALEDIVEN Reisen - Flugreisen im Preisvergleich\",\"isPartOf\":{\"@id\":\"https:\/\/www.ihr-ferienpartner.de\/mobil\/#website\"},\"primaryImageOfPage\":{\"@id\":\"https:\/\/www.ihr-ferienpartner.de\/mobil\/malediven\/#primaryimage\"},\"image\":{\"@id\":\"https:\/\/www.ihr-ferienpartner.de\/mobil\/malediven\/#primaryimage\"},\"thumbnailUrl\":\"https:\/\/www.ihr-ferienpartner.de\/Angebot\/Malediven.jpg\",\"datePublished\":\"2024-07-04T13:35:55+00:00\",\"dateModified\":\"2024-07-04T13:35:55+00:00\",\"description\":\"Fr\u00fchbucher & Last Minute Pauschalreisen CLEVER BUCHEN: mit Anbieter-Vergleich, Hotelbewertungs-Ranking, flexiblen Terminen & Abflughafen.\",\"breadcrumb\":{\"@id\":\"https:\/\/www.ihr-ferienpartner.de\/mobil\/malediven\/#breadcrumb\"},\"inLanguage\":\"de\",\"potentialAction\":[{\"@type\":\"ReadAction\",\"target\":[\"https:\/\/www.ihr-ferienpartner.de\/mobil\/malediven\/\"]}]},{\"@type\":\"ImageObject\",\"inLanguage\":\"de\",\"@id\":\"https:\/\/www.ihr-ferienpartner.de\/mobil\/malediven\/#primaryimage\",\"url\":\"https:\/\/www.ihr-ferienpartner.de\/Angebot\/Malediven.jpg\",\"contentUrl\":\"https:\/\/www.ihr-ferienpartner.de\/Angebot\/Malediven.jpg\"},{\"@type\":\"BreadcrumbList\",\"@id\":\"https:\/\/www.ihr-ferienpartner.de\/mobil\/malediven\/#breadcrumb\",\"itemListElement\":[{\"@type\":\"ListItem\",\"position\":1,\"name\":\"Startseite\",\"item\":\"https:\/\/www.ihr-ferienpartner.de\/mobil\/\"},{\"@type\":\"ListItem\",\"position\":2,\"name\":\"Malediven Reisen\"}]},{\"@type\":\"WebSite\",\"@id\":\"https:\/\/www.ihr-ferienpartner.de\/mobil\/#website\",\"url\":\"https:\/\/www.ihr-ferienpartner.de\/mobil\/\",\"name\":\"FINDE DEIN SPONTANIEN - Reisen g\u00fcnstig buchen\",\"description\":\"Flugreisen im Preisvergleich mit flexiblen Terminen &amp; Abflughafen.\",\"publisher\":{\"@id\":\"https:\/\/www.ihr-ferienpartner.de\/mobil\/#organization\"},\"potentialAction\":[{\"@type\":\"SearchAction\",\"target\":{\"@type\":\"EntryPoint\",\"urlTemplate\":\"https:\/\/www.ihr-ferienpartner.de\/mobil\/?s={search_term_string}\"},\"query-input\":\"required name=search_term_string\"}],\"inLanguage\":\"de\"},{\"@type\":\"Organization\",\"@id\":\"https:\/\/www.ihr-ferienpartner.de\/mobil\/#organization\",\"name\":\"FINDE DEIN SPONTANIEN - Reisen g\u00fcnstig buchen\",\"url\":\"https:\/\/www.ihr-ferienpartner.de\/mobil\/\",\"logo\":{\"@type\":\"ImageObject\",\"inLanguage\":\"de\",\"@id\":\"https:\/\/www.ihr-ferienpartner.de\/mobil\/#\/schema\/logo\/image\/\",\"url\":\"https:\/\/www.ihr-ferienpartner.de\/mobil\/wp-content\/uploads\/2019\/10\/spontanien.jpg\",\"contentUrl\":\"https:\/\/www.ihr-ferienpartner.de\/mobil\/wp-content\/uploads\/2019\/10\/spontanien.jpg\",\"width\":818,\"height\":200,\"caption\":\"FINDE DEIN SPONTANIEN - Reisen g\u00fcnstig buchen\"},\"image\":{\"@id\":\"https:\/\/www.ihr-ferienpartner.de\/mobil\/#\/schema\/logo\/image\/\"}}]}<\/script>\n<!-- \/ Yoast SEO plugin. -->","yoast_head_json":{"title":"MALEDIVEN Reisen - Flugreisen im Preisvergleich","description":"Fr\u00fchbucher & Last Minute Pauschalreisen CLEVER BUCHEN: mit Anbieter-Vergleich, Hotelbewertungs-Ranking, flexiblen Terminen & Abflughafen.","robots":{"index":"index","follow":"follow","max-snippet":"max-snippet:-1","max-image-preview":"max-image-preview:large","max-video-preview":"max-video-preview:-1"},"canonical":"https:\/\/www.ihr-ferienpartner.de\/mobil\/malediven\/","og_locale":"de_DE","og_type":"article","og_title":"MALEDIVEN Reisen - Flugreisen im Preisvergleich","og_description":"Fr\u00fchbucher & Last Minute Pauschalreisen CLEVER BUCHEN: mit Anbieter-Vergleich, Hotelbewertungs-Ranking, flexiblen Terminen & Abflughafen.","og_url":"https:\/\/www.ihr-ferienpartner.de\/mobil\/malediven\/","og_site_name":"FINDE DEIN SPONTANIEN - Reisen g\u00fcnstig buchen","og_image":[{"url":"https:\/\/www.ihr-ferienpartner.de\/Angebot\/Malediven.jpg"}],"twitter_card":"summary_large_image","twitter_misc":{"Gesch\u00e4tzte Lesezeit":"2\u00a0Minuten"},"schema":{"@context":"https:\/\/schema.org","@graph":[{"@type":"WebPage","@id":"https:\/\/www.ihr-ferienpartner.de\/mobil\/malediven\/","url":"https:\/\/www.ihr-ferienpartner.de\/mobil\/malediven\/","name":"MALEDIVEN Reisen - Flugreisen im Preisvergleich","isPartOf":{"@id":"https:\/\/www.ihr-ferienpartner.de\/mobil\/#website"},"primaryImageOfPage":{"@id":"https:\/\/www.ihr-ferienpartner.de\/mobil\/malediven\/#primaryimage"},"image":{"@id":"https:\/\/www.ihr-ferienpartner.de\/mobil\/malediven\/#primaryimage"},"thumbnailUrl":"https:\/\/www.ihr-ferienpartner.de\/Angebot\/Malediven.jpg","datePublished":"2024-07-04T13:35:55+00:00","dateModified":"2024-07-04T13:35:55+00:00","description":"Fr\u00fchbucher & Last Minute Pauschalreisen CLEVER BUCHEN: mit Anbieter-Vergleich, Hotelbewertungs-Ranking, flexiblen Terminen & Abflughafen.","breadcrumb":{"@id":"https:\/\/www.ihr-ferienpartner.de\/mobil\/malediven\/#breadcrumb"},"inLanguage":"de","potentialAction":[{"@type":"ReadAction","target":["https:\/\/www.ihr-ferienpartner.de\/mobil\/malediven\/"]}]},{"@type":"ImageObject","inLanguage":"de","@id":"https:\/\/www.ihr-ferienpartner.de\/mobil\/malediven\/#primaryimage","url":"https:\/\/www.ihr-ferienpartner.de\/Angebot\/Malediven.jpg","contentUrl":"https:\/\/www.ihr-ferienpartner.de\/Angebot\/Malediven.jpg"},{"@type":"BreadcrumbList","@id":"https:\/\/www.ihr-ferienpartner.de\/mobil\/malediven\/#breadcrumb","itemListElement":[{"@type":"ListItem","position":1,"name":"Startseite","item":"https:\/\/www.ihr-ferienpartner.de\/mobil\/"},{"@type":"ListItem","position":2,"name":"Malediven Reisen"}]},{"@type":"WebSite","@id":"https:\/\/www.ihr-ferienpartner.de\/mobil\/#website","url":"https:\/\/www.ihr-ferienpartner.de\/mobil\/","name":"FINDE DEIN SPONTANIEN - Reisen g\u00fcnstig buchen","description":"Flugreisen im Preisvergleich mit flexiblen Terminen &amp; Abflughafen.","publisher":{"@id":"https:\/\/www.ihr-ferienpartner.de\/mobil\/#organization"},"potentialAction":[{"@type":"SearchAction","target":{"@type":"EntryPoint","urlTemplate":"https:\/\/www.ihr-ferienpartner.de\/mobil\/?s={search_term_string}"},"query-input":"required name=search_term_string"}],"inLanguage":"de"},{"@type":"Organization","@id":"https:\/\/www.ihr-ferienpartner.de\/mobil\/#organization","name":"FINDE DEIN SPONTANIEN - Reisen g\u00fcnstig buchen","url":"https:\/\/www.ihr-ferienpartner.de\/mobil\/","logo":{"@type":"ImageObject","inLanguage":"de","@id":"https:\/\/www.ihr-ferienpartner.de\/mobil\/#\/schema\/logo\/image\/","url":"https:\/\/www.ihr-ferienpartner.de\/mobil\/wp-content\/uploads\/2019\/10\/spontanien.jpg","contentUrl":"https:\/\/www.ihr-ferienpartner.de\/mobil\/wp-content\/uploads\/2019\/10\/spontanien.jpg","width":818,"height":200,"caption":"FINDE DEIN SPONTANIEN - Reisen g\u00fcnstig buchen"},"image":{"@id":"https:\/\/www.ihr-ferienpartner.de\/mobil\/#\/schema\/logo\/image\/"}}]}},"_links":{"self":[{"href":"https:\/\/www.ihr-ferienpartner.de\/mobil\/wp-json\/wp\/v2\/pages\/1421"}],"collection":[{"href":"https:\/\/www.ihr-ferienpartner.de\/mobil\/wp-json\/wp\/v2\/pages"}],"about":[{"href":"https:\/\/www.ihr-ferienpartner.de\/mobil\/wp-json\/wp\/v2\/types\/page"}],"author":[{"embeddable":true,"href":"https:\/\/www.ihr-ferienpartner.de\/mobil\/wp-json\/wp\/v2\/users\/1"}],"replies":[{"embeddable":true,"href":"https:\/\/www.ihr-ferienpartner.de\/mobil\/wp-json\/wp\/v2\/comments?post=1421"}],"version-history":[{"count":14,"href":"https:\/\/www.ihr-ferienpartner.de\/mobil\/wp-json\/wp\/v2\/pages\/1421\/revisions"}],"predecessor-version":[{"id":5282,"href":"https:\/\/www.ihr-ferienpartner.de\/mobil\/wp-json\/wp\/v2\/pages\/1421\/revisions\/5282"}],"wp:attachment":[{"href":"https:\/\/www.ihr-ferienpartner.de\/mobil\/wp-json\/wp\/v2\/media?parent=1421"}],"curies":[{"name":"wp","href":"https:\/\/api.w.org\/{rel}","templated":true}]}}