{"id":1448,"date":"2024-07-12T09:57:30","date_gmt":"2024-07-12T07:57:30","guid":{"rendered":"http:\/\/www.ihr-ferienpartner.de\/mobil\/?page_id=1448"},"modified":"2024-07-12T09:57:31","modified_gmt":"2024-07-12T07:57:31","slug":"riu-kapverde","status":"publish","type":"page","link":"https:\/\/www.ihr-ferienpartner.de\/mobil\/riu-kapverde\/","title":{"rendered":"Riu-KapVerde"},"content":{"rendered":"<div style=\"background-color: #ffffff; padding:20px 20px 20px 20px;\">\n<h1>Riu-Qualit\u00e4t auf den kapverdischen Inseln &#8211; Unsere Hotel-Tipps<\/h1>\n<p><img decoding=\"async\" src=\"https:\/\/www.ihr-ferienpartner.de\/Angebot\/RiuFunanaGaropa.JPG\" alt=\"Riu Funana &amp; Cabo Verde g\u00fcnstig buchen\" title=\"Reisen nach KapVerde in Riu Hotels\"><br \/>\n<font size=\"-1\"><b><font color=\"b62b31\">Unsere Riu-Hotel-Tipps<\/font><\/b> &#8211; <b>Die beide Riu Hotels Funana und Cabo Verde liegen an der S\u00fcdk\u00fcste der Insel Sal, wo der 8 km lange Feinsandstrand von Santa Maria<\/b> zu den Anziehungspunkten der Insel geh\u00f6rt. Ideal zum Sonnenbaden, Strandwandern und Schwimmen. In traumhafter Lage direkt am goldenen Strand bieten die Riu-H\u00e4user umfassenden Komfort f\u00fcr ihre G\u00e4ste. <b>Ein Traum f\u00fcr Sonnenanbeter.<\/b><br \/>\nAuch alle anderen Riu Hotels, u.a. auf der Insel Boa Vista, sind sehr beliebt und bieten die bew\u00e4hrte Riu-Qualit\u00e4t.<\/font><\/p>\n<hr>\n<p><font size=\"-1\"><b><font color=\"b62b31\">alle Hotels auf den:<\/font><\/b> <a href=\"https:\/\/www.ihr-ferienpartner.de\/mobil\/kapverdische-inseln\">Kapverdischen Inseln &gt;&gt;<\/a><\/font><\/p>\n<hr>\n<div id=\"ypsnet-ibe\" data-src=\"https:\/\/b2b.specials.de\/index\/jump\/119\/2780\/991880\/?action=dates&amp;countryId=CV&amp;from=15&amp;to=316&amp;adults=2&amp;hotelName=Riu\"><\/div>\n<p><script src=\"https:\/\/webmedia.ypsilon.net\/spl_js\/ypsnet-ibe.js\"><\/script><\/p>\n<\/div>\n<div style=\"background-color: #ffffff; padding: 20px 20px 20px 20px;\">\n<hr>\n<p><b>Traumurlaub in den Riu Hotels auf den kapverdischen Inseln:<\/b><br \/>\nBuchen Sie Ihre Kapverde-Reise &amp; profitieren Sie u.a. vom Anbieter-Preisvergleich und Hotel-Rankings aus \u00fcber 1.000.000 authentischen Hotelbewertungen.<\/p>\n<p><img decoding=\"async\" src=\"https:\/\/www.ihr-ferienpartner.de\/Angebot\/Anbietervergleich.jpg\" alt=\"Reisen nach Kapverde in Riu Hotels\" title=\"Reisen nach KapVerde in Riu Hotels\"><\/p>\n<\/div>\n","protected":false},"excerpt":{"rendered":"<p>Riu-Qualit\u00e4t auf den kapverdischen Inseln &#8211; Unsere Hotel-Tipps Unsere Riu-Hotel-Tipps &#8211; Die beide Riu Hotels Funana und Cabo Verde liegen an der S\u00fcdk\u00fcste der Insel Sal, wo der 8 km lange Feinsandstrand von Santa Maria zu den Anziehungspunkten der Insel geh\u00f6rt. Ideal zum Sonnenbaden, Strandwandern und Schwimmen. In traumhafter Lage direkt am goldenen Strand bieten [&hellip;]<\/p>\n","protected":false},"author":1,"featured_media":0,"parent":0,"menu_order":0,"comment_status":"closed","ping_status":"closed","template":"","meta":{"footnotes":""},"yoast_head":"<!-- This site is optimized with the Yoast SEO plugin v22.8 - https:\/\/yoast.com\/wordpress\/plugins\/seo\/ -->\n<title>Riu Hotels Kapverden - Traumurlaub!<\/title>\n<meta name=\"description\" content=\"Reisen auf die KAPVERDISCHEN INSELN mit Last Minute &amp; Fr\u00fchbucher-Rabatt, Preisvergleich, Hotelbewertungen, flexiblen Terminen &amp; Abflughafen.\" \/>\n<meta name=\"robots\" content=\"index, follow, max-snippet:-1, max-image-preview:large, max-video-preview:-1\" \/>\n<link rel=\"canonical\" href=\"https:\/\/www.ihr-ferienpartner.de\/mobil\/riu-kapverde\/\" \/>\n<meta property=\"og:locale\" content=\"de_DE\" \/>\n<meta property=\"og:type\" content=\"article\" \/>\n<meta property=\"og:title\" content=\"Riu Hotels Kapverden - Traumurlaub!\" \/>\n<meta property=\"og:description\" content=\"Reisen auf die KAPVERDISCHEN INSELN mit Last Minute &amp; Fr\u00fchbucher-Rabatt, Preisvergleich, Hotelbewertungen, flexiblen Terminen &amp; Abflughafen.\" \/>\n<meta property=\"og:url\" content=\"https:\/\/www.ihr-ferienpartner.de\/mobil\/riu-kapverde\/\" \/>\n<meta property=\"og:site_name\" content=\"FINDE DEIN SPONTANIEN - Reisen g\u00fcnstig buchen\" \/>\n<meta property=\"article:modified_time\" content=\"2024-07-12T07:57:31+00:00\" \/>\n<meta property=\"og:image\" content=\"https:\/\/www.ihr-ferienpartner.de\/Angebot\/RiuFunanaGaropa.JPG\" \/>\n<meta name=\"twitter:card\" content=\"summary_large_image\" \/>\n<meta name=\"twitter:label1\" content=\"Gesch\u00e4tzte Lesezeit\" \/>\n\t<meta name=\"twitter:data1\" content=\"2\u00a0Minuten\" \/>\n<script type=\"application\/ld+json\" class=\"yoast-schema-graph\">{\"@context\":\"https:\/\/schema.org\",\"@graph\":[{\"@type\":\"WebPage\",\"@id\":\"https:\/\/www.ihr-ferienpartner.de\/mobil\/riu-kapverde\/\",\"url\":\"https:\/\/www.ihr-ferienpartner.de\/mobil\/riu-kapverde\/\",\"name\":\"Riu Hotels Kapverden - Traumurlaub!\",\"isPartOf\":{\"@id\":\"https:\/\/www.ihr-ferienpartner.de\/mobil\/#website\"},\"primaryImageOfPage\":{\"@id\":\"https:\/\/www.ihr-ferienpartner.de\/mobil\/riu-kapverde\/#primaryimage\"},\"image\":{\"@id\":\"https:\/\/www.ihr-ferienpartner.de\/mobil\/riu-kapverde\/#primaryimage\"},\"thumbnailUrl\":\"https:\/\/www.ihr-ferienpartner.de\/Angebot\/RiuFunanaGaropa.JPG\",\"datePublished\":\"2024-07-12T07:57:30+00:00\",\"dateModified\":\"2024-07-12T07:57:31+00:00\",\"description\":\"Reisen auf die KAPVERDISCHEN INSELN mit Last Minute & Fr\u00fchbucher-Rabatt, Preisvergleich, Hotelbewertungen, flexiblen Terminen & Abflughafen.\",\"breadcrumb\":{\"@id\":\"https:\/\/www.ihr-ferienpartner.de\/mobil\/riu-kapverde\/#breadcrumb\"},\"inLanguage\":\"de\",\"potentialAction\":[{\"@type\":\"ReadAction\",\"target\":[\"https:\/\/www.ihr-ferienpartner.de\/mobil\/riu-kapverde\/\"]}]},{\"@type\":\"ImageObject\",\"inLanguage\":\"de\",\"@id\":\"https:\/\/www.ihr-ferienpartner.de\/mobil\/riu-kapverde\/#primaryimage\",\"url\":\"https:\/\/www.ihr-ferienpartner.de\/Angebot\/RiuFunanaGaropa.JPG\",\"contentUrl\":\"https:\/\/www.ihr-ferienpartner.de\/Angebot\/RiuFunanaGaropa.JPG\"},{\"@type\":\"BreadcrumbList\",\"@id\":\"https:\/\/www.ihr-ferienpartner.de\/mobil\/riu-kapverde\/#breadcrumb\",\"itemListElement\":[{\"@type\":\"ListItem\",\"position\":1,\"name\":\"Startseite\",\"item\":\"https:\/\/www.ihr-ferienpartner.de\/mobil\/\"},{\"@type\":\"ListItem\",\"position\":2,\"name\":\"Riu-KapVerde\"}]},{\"@type\":\"WebSite\",\"@id\":\"https:\/\/www.ihr-ferienpartner.de\/mobil\/#website\",\"url\":\"https:\/\/www.ihr-ferienpartner.de\/mobil\/\",\"name\":\"FINDE DEIN SPONTANIEN - Reisen g\u00fcnstig buchen\",\"description\":\"Flugreisen im Preisvergleich mit flexiblen Terminen &amp; Abflughafen.\",\"publisher\":{\"@id\":\"https:\/\/www.ihr-ferienpartner.de\/mobil\/#organization\"},\"potentialAction\":[{\"@type\":\"SearchAction\",\"target\":{\"@type\":\"EntryPoint\",\"urlTemplate\":\"https:\/\/www.ihr-ferienpartner.de\/mobil\/?s={search_term_string}\"},\"query-input\":\"required name=search_term_string\"}],\"inLanguage\":\"de\"},{\"@type\":\"Organization\",\"@id\":\"https:\/\/www.ihr-ferienpartner.de\/mobil\/#organization\",\"name\":\"FINDE DEIN SPONTANIEN - Reisen g\u00fcnstig buchen\",\"url\":\"https:\/\/www.ihr-ferienpartner.de\/mobil\/\",\"logo\":{\"@type\":\"ImageObject\",\"inLanguage\":\"de\",\"@id\":\"https:\/\/www.ihr-ferienpartner.de\/mobil\/#\/schema\/logo\/image\/\",\"url\":\"https:\/\/www.ihr-ferienpartner.de\/mobil\/wp-content\/uploads\/2019\/10\/spontanien.jpg\",\"contentUrl\":\"https:\/\/www.ihr-ferienpartner.de\/mobil\/wp-content\/uploads\/2019\/10\/spontanien.jpg\",\"width\":818,\"height\":200,\"caption\":\"FINDE DEIN SPONTANIEN - Reisen g\u00fcnstig buchen\"},\"image\":{\"@id\":\"https:\/\/www.ihr-ferienpartner.de\/mobil\/#\/schema\/logo\/image\/\"}}]}<\/script>\n<!-- \/ Yoast SEO plugin. -->","yoast_head_json":{"title":"Riu Hotels Kapverden - Traumurlaub!","description":"Reisen auf die KAPVERDISCHEN INSELN mit Last Minute & Fr\u00fchbucher-Rabatt, Preisvergleich, Hotelbewertungen, flexiblen Terminen & Abflughafen.","robots":{"index":"index","follow":"follow","max-snippet":"max-snippet:-1","max-image-preview":"max-image-preview:large","max-video-preview":"max-video-preview:-1"},"canonical":"https:\/\/www.ihr-ferienpartner.de\/mobil\/riu-kapverde\/","og_locale":"de_DE","og_type":"article","og_title":"Riu Hotels Kapverden - Traumurlaub!","og_description":"Reisen auf die KAPVERDISCHEN INSELN mit Last Minute & Fr\u00fchbucher-Rabatt, Preisvergleich, Hotelbewertungen, flexiblen Terminen & Abflughafen.","og_url":"https:\/\/www.ihr-ferienpartner.de\/mobil\/riu-kapverde\/","og_site_name":"FINDE DEIN SPONTANIEN - Reisen g\u00fcnstig buchen","article_modified_time":"2024-07-12T07:57:31+00:00","og_image":[{"url":"https:\/\/www.ihr-ferienpartner.de\/Angebot\/RiuFunanaGaropa.JPG"}],"twitter_card":"summary_large_image","twitter_misc":{"Gesch\u00e4tzte Lesezeit":"2\u00a0Minuten"},"schema":{"@context":"https:\/\/schema.org","@graph":[{"@type":"WebPage","@id":"https:\/\/www.ihr-ferienpartner.de\/mobil\/riu-kapverde\/","url":"https:\/\/www.ihr-ferienpartner.de\/mobil\/riu-kapverde\/","name":"Riu Hotels Kapverden - Traumurlaub!","isPartOf":{"@id":"https:\/\/www.ihr-ferienpartner.de\/mobil\/#website"},"primaryImageOfPage":{"@id":"https:\/\/www.ihr-ferienpartner.de\/mobil\/riu-kapverde\/#primaryimage"},"image":{"@id":"https:\/\/www.ihr-ferienpartner.de\/mobil\/riu-kapverde\/#primaryimage"},"thumbnailUrl":"https:\/\/www.ihr-ferienpartner.de\/Angebot\/RiuFunanaGaropa.JPG","datePublished":"2024-07-12T07:57:30+00:00","dateModified":"2024-07-12T07:57:31+00:00","description":"Reisen auf die KAPVERDISCHEN INSELN mit Last Minute & Fr\u00fchbucher-Rabatt, Preisvergleich, Hotelbewertungen, flexiblen Terminen & Abflughafen.","breadcrumb":{"@id":"https:\/\/www.ihr-ferienpartner.de\/mobil\/riu-kapverde\/#breadcrumb"},"inLanguage":"de","potentialAction":[{"@type":"ReadAction","target":["https:\/\/www.ihr-ferienpartner.de\/mobil\/riu-kapverde\/"]}]},{"@type":"ImageObject","inLanguage":"de","@id":"https:\/\/www.ihr-ferienpartner.de\/mobil\/riu-kapverde\/#primaryimage","url":"https:\/\/www.ihr-ferienpartner.de\/Angebot\/RiuFunanaGaropa.JPG","contentUrl":"https:\/\/www.ihr-ferienpartner.de\/Angebot\/RiuFunanaGaropa.JPG"},{"@type":"BreadcrumbList","@id":"https:\/\/www.ihr-ferienpartner.de\/mobil\/riu-kapverde\/#breadcrumb","itemListElement":[{"@type":"ListItem","position":1,"name":"Startseite","item":"https:\/\/www.ihr-ferienpartner.de\/mobil\/"},{"@type":"ListItem","position":2,"name":"Riu-KapVerde"}]},{"@type":"WebSite","@id":"https:\/\/www.ihr-ferienpartner.de\/mobil\/#website","url":"https:\/\/www.ihr-ferienpartner.de\/mobil\/","name":"FINDE DEIN SPONTANIEN - Reisen g\u00fcnstig buchen","description":"Flugreisen im Preisvergleich mit flexiblen Terminen &amp; Abflughafen.","publisher":{"@id":"https:\/\/www.ihr-ferienpartner.de\/mobil\/#organization"},"potentialAction":[{"@type":"SearchAction","target":{"@type":"EntryPoint","urlTemplate":"https:\/\/www.ihr-ferienpartner.de\/mobil\/?s={search_term_string}"},"query-input":"required name=search_term_string"}],"inLanguage":"de"},{"@type":"Organization","@id":"https:\/\/www.ihr-ferienpartner.de\/mobil\/#organization","name":"FINDE DEIN SPONTANIEN - Reisen g\u00fcnstig buchen","url":"https:\/\/www.ihr-ferienpartner.de\/mobil\/","logo":{"@type":"ImageObject","inLanguage":"de","@id":"https:\/\/www.ihr-ferienpartner.de\/mobil\/#\/schema\/logo\/image\/","url":"https:\/\/www.ihr-ferienpartner.de\/mobil\/wp-content\/uploads\/2019\/10\/spontanien.jpg","contentUrl":"https:\/\/www.ihr-ferienpartner.de\/mobil\/wp-content\/uploads\/2019\/10\/spontanien.jpg","width":818,"height":200,"caption":"FINDE DEIN SPONTANIEN - Reisen g\u00fcnstig buchen"},"image":{"@id":"https:\/\/www.ihr-ferienpartner.de\/mobil\/#\/schema\/logo\/image\/"}}]}},"_links":{"self":[{"href":"https:\/\/www.ihr-ferienpartner.de\/mobil\/wp-json\/wp\/v2\/pages\/1448"}],"collection":[{"href":"https:\/\/www.ihr-ferienpartner.de\/mobil\/wp-json\/wp\/v2\/pages"}],"about":[{"href":"https:\/\/www.ihr-ferienpartner.de\/mobil\/wp-json\/wp\/v2\/types\/page"}],"author":[{"embeddable":true,"href":"https:\/\/www.ihr-ferienpartner.de\/mobil\/wp-json\/wp\/v2\/users\/1"}],"replies":[{"embeddable":true,"href":"https:\/\/www.ihr-ferienpartner.de\/mobil\/wp-json\/wp\/v2\/comments?post=1448"}],"version-history":[{"count":9,"href":"https:\/\/www.ihr-ferienpartner.de\/mobil\/wp-json\/wp\/v2\/pages\/1448\/revisions"}],"predecessor-version":[{"id":5066,"href":"https:\/\/www.ihr-ferienpartner.de\/mobil\/wp-json\/wp\/v2\/pages\/1448\/revisions\/5066"}],"wp:attachment":[{"href":"https:\/\/www.ihr-ferienpartner.de\/mobil\/wp-json\/wp\/v2\/media?parent=1448"}],"curies":[{"name":"wp","href":"https:\/\/api.w.org\/{rel}","templated":true}]}}