{"id":1488,"date":"2024-06-20T15:34:50","date_gmt":"2024-06-20T13:34:50","guid":{"rendered":"http:\/\/www.ihr-ferienpartner.de\/mobil\/?page_id=1488"},"modified":"2024-06-20T15:35:27","modified_gmt":"2024-06-20T13:35:27","slug":"corallium-beach","status":"publish","type":"page","link":"https:\/\/www.ihr-ferienpartner.de\/mobil\/corallium-beach\/","title":{"rendered":"Corallium Beach"},"content":{"rendered":"<div style=\"background-color: rgba(255,255,255,1);\">\n<div style=\"background-color: #ffffff; padding: 20px 20px 20px 20px;\">\n<h1>Corallium Beach<\/h1>\n<p>San Agustin (Gran Canaria)<\/p>\n<p><img decoding=\"async\" src=\"https:\/\/www.ihr-ferienpartner.de\/Angebot\/IfaBeach.jpg\" alt=\"Willkommen auf der Webseite f\u00fcr Urlaub im Hotel Corallium Beach\" title=\"Reisen nach Gran Canaria ins Hotel Corallium Beach\"><br \/>\n<font size=\"-1\"><b><font color=\"b62b31\">Unser Hotel-Tipp<\/font><\/b> &#8211; Das sehr beliebte und von Lopesan gef\u00fchrte <b>Erwachsenenhotel<\/b> Corallium Beach (ehemals Ifa Beach) liegt <strong>direkt am flach abfallenden dunklen Sandstrand<\/strong> von San Agustin. Die G\u00e4ste haben somit auch unmittelbaren Zugang zur kilometerlangen Promenade, welche bis zu den D\u00fcnen von Maspalomas f\u00fchrt.<\/font><\/p>\n<hr>\n<p><font size=\"-1\"><b><font color=\"b62b31\">weitere Hotel-Tipps auf Gran Canaria:<\/font><\/b> <a href=\"https:\/\/www.ihr-ferienpartner.de\/mobil\/costa-meloneras\">Costa Meloneras &gt;&gt;<\/a> &#8211; <a href=\"https:\/\/www.ihr-ferienpartner.de\/mobil\/cordial-mogan-playa\/\">Cordial Mogan Playa &gt;&gt;<\/a> &#8211; <a href=\"https:\/\/www.ihr-ferienpartner.de\/mobil\/villa-del-conde\">Villa Del Conde &gt;&gt;<\/a> &#8211; <a href=\"https:\/\/www.ihr-ferienpartner.de\/mobil\/riu-palace-meloneras\">Riu Palace Meloneras &gt;&gt;<\/a> &#8211; <a href=\"https:\/\/www.ihr-ferienpartner.de\/mobil\/riu-gran-canaria\/\">Riu Gran Canaria &gt;&gt;<\/a> &#8211; <a href=\"https:\/\/www.ihr-ferienpartner.de\/mobil\/seaside-palm-beach\/\">Seaside Palm Beach &gt;&gt;<\/a> &#8211; <a href=\"https:\/\/www.ihr-ferienpartner.de\/mobil\/baobab-resort\/\">Baobab Resort &gt;&gt;<\/a><\/font><br \/>\n<font size=\"-1\"><b><font color=\"b62b31\">alle Hotels auf:<\/font><\/b> <a href=\"https:\/\/www.ihr-ferienpartner.de\/mobil\/gran-canaria\">Gran Canaria &gt;&gt;<\/a><\/font><\/p>\n<hr>\n<div id=\"ypsnet-ibe\" data-src=\"https:\/\/b2b.specials.de\/index\/jump\/119\/2780\/991880\/?action=dates&amp;regionId=128&amp;from=15&amp;to=316&amp;duration=7-7&amp;maxPrice=5000&amp;adults=2&amp;giataId=2814\"><\/div>\n<p><script src=\"https:\/\/webmedia.ypsilon.net\/spl_js\/ypsnet-ibe.js\"><\/script><\/p>\n<\/div>\n<div style=\"background-color: #ffffff; padding: 20px 20px 20px 20px;\">\n<hr>\n<p><b>Urlaub im Corallium Beach auf Gran Canaria:<\/b><br \/>\nBuchen Sie Ihre Gran Canaria-Reise und profitieren Sie u.a. vom Anbieter-Preisvergleich und Hotel-Rankings aus \u00fcber 1.000.000 authentischen Hotelbewertungen.<\/p>\n<p><img decoding=\"async\" src=\"https:\/\/www.ihr-ferienpartner.de\/Angebot\/Anbietervergleich.jpg\" alt=\"Reisen nach Gran Canaria ins Corallium Beach\" title=\"Reisen nach Gran Canaria, Hotel Corallium Beach\"><\/p>\n<\/div>\n<\/div>\n","protected":false},"excerpt":{"rendered":"<p>Corallium Beach San Agustin (Gran Canaria) Unser Hotel-Tipp &#8211; Das sehr beliebte und von Lopesan gef\u00fchrte Erwachsenenhotel Corallium Beach (ehemals Ifa Beach) liegt direkt am flach abfallenden dunklen Sandstrand von San Agustin. Die G\u00e4ste haben somit auch unmittelbaren Zugang zur kilometerlangen Promenade, welche bis zu den D\u00fcnen von Maspalomas f\u00fchrt. weitere Hotel-Tipps auf Gran Canaria: [&hellip;]<\/p>\n","protected":false},"author":1,"featured_media":0,"parent":0,"menu_order":0,"comment_status":"closed","ping_status":"closed","template":"","meta":{"footnotes":""},"yoast_head":"<!-- This site is optimized with the Yoast SEO plugin v22.8 - https:\/\/yoast.com\/wordpress\/plugins\/seo\/ -->\n<title>CORALLIUM BEACH - Gran Canaria Urlaub g\u00fcnstig buchen<\/title>\n<meta name=\"description\" content=\"Reisen auf die Kanaren clever buchen: Fr\u00fchbucher- &amp; Last Minute-Rabatt, Hotelbewertungen, flexible Reisetermine &amp; Anbieter-Preisvergleich.\" \/>\n<meta name=\"robots\" content=\"index, follow, max-snippet:-1, max-image-preview:large, max-video-preview:-1\" \/>\n<link rel=\"canonical\" href=\"https:\/\/www.ihr-ferienpartner.de\/mobil\/corallium-beach\/\" \/>\n<meta property=\"og:locale\" content=\"de_DE\" \/>\n<meta property=\"og:type\" content=\"article\" \/>\n<meta property=\"og:title\" content=\"CORALLIUM BEACH - Gran Canaria Urlaub g\u00fcnstig buchen\" \/>\n<meta property=\"og:description\" content=\"Reisen auf die Kanaren clever buchen: Fr\u00fchbucher- &amp; Last Minute-Rabatt, Hotelbewertungen, flexible Reisetermine &amp; Anbieter-Preisvergleich.\" \/>\n<meta property=\"og:url\" content=\"https:\/\/www.ihr-ferienpartner.de\/mobil\/corallium-beach\/\" \/>\n<meta property=\"og:site_name\" content=\"FINDE DEIN SPONTANIEN - Reisen g\u00fcnstig buchen\" \/>\n<meta property=\"article:modified_time\" content=\"2024-06-20T13:35:27+00:00\" \/>\n<meta property=\"og:image\" content=\"https:\/\/www.ihr-ferienpartner.de\/Angebot\/IfaBeach.jpg\" \/>\n<meta name=\"twitter:card\" content=\"summary_large_image\" \/>\n<meta name=\"twitter:label1\" content=\"Gesch\u00e4tzte Lesezeit\" \/>\n\t<meta name=\"twitter:data1\" content=\"1\u00a0Minute\" \/>\n<script type=\"application\/ld+json\" class=\"yoast-schema-graph\">{\"@context\":\"https:\/\/schema.org\",\"@graph\":[{\"@type\":\"WebPage\",\"@id\":\"https:\/\/www.ihr-ferienpartner.de\/mobil\/corallium-beach\/\",\"url\":\"https:\/\/www.ihr-ferienpartner.de\/mobil\/corallium-beach\/\",\"name\":\"CORALLIUM BEACH - Gran Canaria Urlaub g\u00fcnstig buchen\",\"isPartOf\":{\"@id\":\"https:\/\/www.ihr-ferienpartner.de\/mobil\/#website\"},\"primaryImageOfPage\":{\"@id\":\"https:\/\/www.ihr-ferienpartner.de\/mobil\/corallium-beach\/#primaryimage\"},\"image\":{\"@id\":\"https:\/\/www.ihr-ferienpartner.de\/mobil\/corallium-beach\/#primaryimage\"},\"thumbnailUrl\":\"https:\/\/www.ihr-ferienpartner.de\/Angebot\/IfaBeach.jpg\",\"datePublished\":\"2024-06-20T13:34:50+00:00\",\"dateModified\":\"2024-06-20T13:35:27+00:00\",\"description\":\"Reisen auf die Kanaren clever buchen: Fr\u00fchbucher- & Last Minute-Rabatt, Hotelbewertungen, flexible Reisetermine & Anbieter-Preisvergleich.\",\"breadcrumb\":{\"@id\":\"https:\/\/www.ihr-ferienpartner.de\/mobil\/corallium-beach\/#breadcrumb\"},\"inLanguage\":\"de\",\"potentialAction\":[{\"@type\":\"ReadAction\",\"target\":[\"https:\/\/www.ihr-ferienpartner.de\/mobil\/corallium-beach\/\"]}]},{\"@type\":\"ImageObject\",\"inLanguage\":\"de\",\"@id\":\"https:\/\/www.ihr-ferienpartner.de\/mobil\/corallium-beach\/#primaryimage\",\"url\":\"https:\/\/www.ihr-ferienpartner.de\/Angebot\/IfaBeach.jpg\",\"contentUrl\":\"https:\/\/www.ihr-ferienpartner.de\/Angebot\/IfaBeach.jpg\"},{\"@type\":\"BreadcrumbList\",\"@id\":\"https:\/\/www.ihr-ferienpartner.de\/mobil\/corallium-beach\/#breadcrumb\",\"itemListElement\":[{\"@type\":\"ListItem\",\"position\":1,\"name\":\"Startseite\",\"item\":\"https:\/\/www.ihr-ferienpartner.de\/mobil\/\"},{\"@type\":\"ListItem\",\"position\":2,\"name\":\"Corallium Beach\"}]},{\"@type\":\"WebSite\",\"@id\":\"https:\/\/www.ihr-ferienpartner.de\/mobil\/#website\",\"url\":\"https:\/\/www.ihr-ferienpartner.de\/mobil\/\",\"name\":\"FINDE DEIN SPONTANIEN - Reisen g\u00fcnstig buchen\",\"description\":\"Flugreisen im Preisvergleich mit flexiblen Terminen &amp; Abflughafen.\",\"publisher\":{\"@id\":\"https:\/\/www.ihr-ferienpartner.de\/mobil\/#organization\"},\"potentialAction\":[{\"@type\":\"SearchAction\",\"target\":{\"@type\":\"EntryPoint\",\"urlTemplate\":\"https:\/\/www.ihr-ferienpartner.de\/mobil\/?s={search_term_string}\"},\"query-input\":\"required name=search_term_string\"}],\"inLanguage\":\"de\"},{\"@type\":\"Organization\",\"@id\":\"https:\/\/www.ihr-ferienpartner.de\/mobil\/#organization\",\"name\":\"FINDE DEIN SPONTANIEN - Reisen g\u00fcnstig buchen\",\"url\":\"https:\/\/www.ihr-ferienpartner.de\/mobil\/\",\"logo\":{\"@type\":\"ImageObject\",\"inLanguage\":\"de\",\"@id\":\"https:\/\/www.ihr-ferienpartner.de\/mobil\/#\/schema\/logo\/image\/\",\"url\":\"https:\/\/www.ihr-ferienpartner.de\/mobil\/wp-content\/uploads\/2019\/10\/spontanien.jpg\",\"contentUrl\":\"https:\/\/www.ihr-ferienpartner.de\/mobil\/wp-content\/uploads\/2019\/10\/spontanien.jpg\",\"width\":818,\"height\":200,\"caption\":\"FINDE DEIN SPONTANIEN - Reisen g\u00fcnstig buchen\"},\"image\":{\"@id\":\"https:\/\/www.ihr-ferienpartner.de\/mobil\/#\/schema\/logo\/image\/\"}}]}<\/script>\n<!-- \/ Yoast SEO plugin. -->","yoast_head_json":{"title":"CORALLIUM BEACH - Gran Canaria Urlaub g\u00fcnstig buchen","description":"Reisen auf die Kanaren clever buchen: Fr\u00fchbucher- & Last Minute-Rabatt, Hotelbewertungen, flexible Reisetermine & Anbieter-Preisvergleich.","robots":{"index":"index","follow":"follow","max-snippet":"max-snippet:-1","max-image-preview":"max-image-preview:large","max-video-preview":"max-video-preview:-1"},"canonical":"https:\/\/www.ihr-ferienpartner.de\/mobil\/corallium-beach\/","og_locale":"de_DE","og_type":"article","og_title":"CORALLIUM BEACH - Gran Canaria Urlaub g\u00fcnstig buchen","og_description":"Reisen auf die Kanaren clever buchen: Fr\u00fchbucher- & Last Minute-Rabatt, Hotelbewertungen, flexible Reisetermine & Anbieter-Preisvergleich.","og_url":"https:\/\/www.ihr-ferienpartner.de\/mobil\/corallium-beach\/","og_site_name":"FINDE DEIN SPONTANIEN - Reisen g\u00fcnstig buchen","article_modified_time":"2024-06-20T13:35:27+00:00","og_image":[{"url":"https:\/\/www.ihr-ferienpartner.de\/Angebot\/IfaBeach.jpg"}],"twitter_card":"summary_large_image","twitter_misc":{"Gesch\u00e4tzte Lesezeit":"1\u00a0Minute"},"schema":{"@context":"https:\/\/schema.org","@graph":[{"@type":"WebPage","@id":"https:\/\/www.ihr-ferienpartner.de\/mobil\/corallium-beach\/","url":"https:\/\/www.ihr-ferienpartner.de\/mobil\/corallium-beach\/","name":"CORALLIUM BEACH - Gran Canaria Urlaub g\u00fcnstig buchen","isPartOf":{"@id":"https:\/\/www.ihr-ferienpartner.de\/mobil\/#website"},"primaryImageOfPage":{"@id":"https:\/\/www.ihr-ferienpartner.de\/mobil\/corallium-beach\/#primaryimage"},"image":{"@id":"https:\/\/www.ihr-ferienpartner.de\/mobil\/corallium-beach\/#primaryimage"},"thumbnailUrl":"https:\/\/www.ihr-ferienpartner.de\/Angebot\/IfaBeach.jpg","datePublished":"2024-06-20T13:34:50+00:00","dateModified":"2024-06-20T13:35:27+00:00","description":"Reisen auf die Kanaren clever buchen: Fr\u00fchbucher- & Last Minute-Rabatt, Hotelbewertungen, flexible Reisetermine & Anbieter-Preisvergleich.","breadcrumb":{"@id":"https:\/\/www.ihr-ferienpartner.de\/mobil\/corallium-beach\/#breadcrumb"},"inLanguage":"de","potentialAction":[{"@type":"ReadAction","target":["https:\/\/www.ihr-ferienpartner.de\/mobil\/corallium-beach\/"]}]},{"@type":"ImageObject","inLanguage":"de","@id":"https:\/\/www.ihr-ferienpartner.de\/mobil\/corallium-beach\/#primaryimage","url":"https:\/\/www.ihr-ferienpartner.de\/Angebot\/IfaBeach.jpg","contentUrl":"https:\/\/www.ihr-ferienpartner.de\/Angebot\/IfaBeach.jpg"},{"@type":"BreadcrumbList","@id":"https:\/\/www.ihr-ferienpartner.de\/mobil\/corallium-beach\/#breadcrumb","itemListElement":[{"@type":"ListItem","position":1,"name":"Startseite","item":"https:\/\/www.ihr-ferienpartner.de\/mobil\/"},{"@type":"ListItem","position":2,"name":"Corallium Beach"}]},{"@type":"WebSite","@id":"https:\/\/www.ihr-ferienpartner.de\/mobil\/#website","url":"https:\/\/www.ihr-ferienpartner.de\/mobil\/","name":"FINDE DEIN SPONTANIEN - Reisen g\u00fcnstig buchen","description":"Flugreisen im Preisvergleich mit flexiblen Terminen &amp; Abflughafen.","publisher":{"@id":"https:\/\/www.ihr-ferienpartner.de\/mobil\/#organization"},"potentialAction":[{"@type":"SearchAction","target":{"@type":"EntryPoint","urlTemplate":"https:\/\/www.ihr-ferienpartner.de\/mobil\/?s={search_term_string}"},"query-input":"required name=search_term_string"}],"inLanguage":"de"},{"@type":"Organization","@id":"https:\/\/www.ihr-ferienpartner.de\/mobil\/#organization","name":"FINDE DEIN SPONTANIEN - Reisen g\u00fcnstig buchen","url":"https:\/\/www.ihr-ferienpartner.de\/mobil\/","logo":{"@type":"ImageObject","inLanguage":"de","@id":"https:\/\/www.ihr-ferienpartner.de\/mobil\/#\/schema\/logo\/image\/","url":"https:\/\/www.ihr-ferienpartner.de\/mobil\/wp-content\/uploads\/2019\/10\/spontanien.jpg","contentUrl":"https:\/\/www.ihr-ferienpartner.de\/mobil\/wp-content\/uploads\/2019\/10\/spontanien.jpg","width":818,"height":200,"caption":"FINDE DEIN SPONTANIEN - Reisen g\u00fcnstig buchen"},"image":{"@id":"https:\/\/www.ihr-ferienpartner.de\/mobil\/#\/schema\/logo\/image\/"}}]}},"_links":{"self":[{"href":"https:\/\/www.ihr-ferienpartner.de\/mobil\/wp-json\/wp\/v2\/pages\/1488"}],"collection":[{"href":"https:\/\/www.ihr-ferienpartner.de\/mobil\/wp-json\/wp\/v2\/pages"}],"about":[{"href":"https:\/\/www.ihr-ferienpartner.de\/mobil\/wp-json\/wp\/v2\/types\/page"}],"author":[{"embeddable":true,"href":"https:\/\/www.ihr-ferienpartner.de\/mobil\/wp-json\/wp\/v2\/users\/1"}],"replies":[{"embeddable":true,"href":"https:\/\/www.ihr-ferienpartner.de\/mobil\/wp-json\/wp\/v2\/comments?post=1488"}],"version-history":[{"count":17,"href":"https:\/\/www.ihr-ferienpartner.de\/mobil\/wp-json\/wp\/v2\/pages\/1488\/revisions"}],"predecessor-version":[{"id":5137,"href":"https:\/\/www.ihr-ferienpartner.de\/mobil\/wp-json\/wp\/v2\/pages\/1488\/revisions\/5137"}],"wp:attachment":[{"href":"https:\/\/www.ihr-ferienpartner.de\/mobil\/wp-json\/wp\/v2\/media?parent=1488"}],"curies":[{"name":"wp","href":"https:\/\/api.w.org\/{rel}","templated":true}]}}