{"id":1505,"date":"2024-07-15T17:07:05","date_gmt":"2024-07-15T15:07:05","guid":{"rendered":"http:\/\/www.ihr-ferienpartner.de\/mobil\/?page_id=1505"},"modified":"2024-07-15T17:07:14","modified_gmt":"2024-07-15T15:07:14","slug":"robinson-club-camyuva","status":"publish","type":"page","link":"https:\/\/www.ihr-ferienpartner.de\/mobil\/robinson-club-camyuva\/","title":{"rendered":"ROBINSON CLUB CAMYUVA"},"content":{"rendered":"<div style=\"background-color: #ffffff; padding: 20px 20px 20px 20px;\">\n<h1>ROBINSON CLUB CAMYUVA<\/h1>\n<p>Kemer, T\u00fcrkei<\/p>\n<p><img decoding=\"async\" src=\"https:\/\/www.ihr-ferienpartner.de\/Tuerkei\/HotelbildRobinson.jpg\" alt=\"Urlaub im ROBINSON CLUB CAMYUVA g\u00fcnstig buchen\" title=\"Reisen in die T\u00fcrkei in den ROBINSON CLUB CAMYUVA\"><\/p>\n<hr>\n<p><font color=\"b62b31\">weitere <b>ROBINSON Clubs<\/b> in der T\u00fcrkei:<\/font> <a href=\"https:\/\/www.ihr-ferienpartner.de\/mobil\/robinson-club-pamfilya\/\">PAMFILYA (Side) &gt;&gt;<\/a> &#8211; <a href=\"https:\/\/www.ihr-ferienpartner.de\/mobil\/robinson-club-nobilis\/\">NOBILIS (Belek) &gt;&gt;<\/a> &#8211; <a href=\"https:\/\/www.ihr-ferienpartner.de\/mobil\/robinson-club-sarigerme-park\/\">SARIGERME PARK (Sarigerme) &gt;&gt;<\/a><br \/>\n<font color=\"b62b31\">alle Hotels in der:<\/font> <a href=\"https:\/\/www.ihr-ferienpartner.de\/mobil\/tuerkei\">T\u00fcrkei &gt;&gt;<\/a><\/p>\n<hr>\n<div id=\"ypsnet-ibe\" data-src=\"https:\/\/b2b.specials.de\/index\/jump\/119\/2780\/991880\/?action=dates&amp;from=15&amp;to=316&amp;duration=7-7&amp;maxPrice=5000&amp;adults=2&amp;giataId=9589\"><\/div>\n<p><script src=\"https:\/\/webmedia.ypsilon.net\/spl_js\/ypsnet-ibe.js\"><\/script><\/p>\n<\/div>\n<div style=\"background-color: #ffffff; padding: 20px 20px 20px 20px;\">\n<hr>\n<p><b>Traumurlaub im ROBINSON CLUB CAMYUVA:<\/b><br \/>\nBuchen Sie Ihre T\u00fcrkei-Reise und profitieren Sie u.a. vom Anbieter-Preisvergleich und Hotel-Rankings aus \u00fcber 1.000.000 authentischen Hotelbewertungen.<\/p>\n<p><img decoding=\"async\" src=\"https:\/\/www.ihr-ferienpartner.de\/Angebot\/Anbietervergleich.jpg\" alt=\"Reisen in den ROBINSON CLUB CAMYUVA\" title=\"Reisen in den ROBINSON CLUB CAMYUVA (Kemer, T\u00fcrkei)\"><\/p>\n<\/div>\n","protected":false},"excerpt":{"rendered":"<p>ROBINSON CLUB CAMYUVA Kemer, T\u00fcrkei weitere ROBINSON Clubs in der T\u00fcrkei: PAMFILYA (Side) &gt;&gt; &#8211; NOBILIS (Belek) &gt;&gt; &#8211; SARIGERME PARK (Sarigerme) &gt;&gt; alle Hotels in der: T\u00fcrkei &gt;&gt; Traumurlaub im ROBINSON CLUB CAMYUVA: Buchen Sie Ihre T\u00fcrkei-Reise und profitieren Sie u.a. vom Anbieter-Preisvergleich und Hotel-Rankings aus \u00fcber 1.000.000 authentischen Hotelbewertungen.<\/p>\n","protected":false},"author":1,"featured_media":0,"parent":0,"menu_order":0,"comment_status":"closed","ping_status":"closed","template":"","meta":{"footnotes":""},"yoast_head":"<!-- This site is optimized with the Yoast SEO plugin v22.8 - https:\/\/yoast.com\/wordpress\/plugins\/seo\/ -->\n<title>ROBINSON CLUB CAMYUVA, Kemer (T\u00fcrkei)<\/title>\n<meta name=\"description\" content=\"Buchen Sie Ihre Flugreise clever: mit Fr\u00fchbucher- &amp; Last Minute-Rabatten, flexiblen Reiseterminen, Bewertungen &amp; ab allen Flughafen.\" \/>\n<meta name=\"robots\" content=\"index, follow, max-snippet:-1, max-image-preview:large, max-video-preview:-1\" \/>\n<link rel=\"canonical\" href=\"https:\/\/www.ihr-ferienpartner.de\/mobil\/robinson-club-camyuva\/\" \/>\n<meta property=\"og:locale\" content=\"de_DE\" \/>\n<meta property=\"og:type\" content=\"article\" \/>\n<meta property=\"og:title\" content=\"ROBINSON CLUB CAMYUVA, Kemer (T\u00fcrkei)\" \/>\n<meta property=\"og:description\" content=\"Buchen Sie Ihre Flugreise clever: mit Fr\u00fchbucher- &amp; Last Minute-Rabatten, flexiblen Reiseterminen, Bewertungen &amp; ab allen Flughafen.\" \/>\n<meta property=\"og:url\" content=\"https:\/\/www.ihr-ferienpartner.de\/mobil\/robinson-club-camyuva\/\" \/>\n<meta property=\"og:site_name\" content=\"FINDE DEIN SPONTANIEN - Reisen g\u00fcnstig buchen\" \/>\n<meta property=\"article:modified_time\" content=\"2024-07-15T15:07:14+00:00\" \/>\n<meta property=\"og:image\" content=\"https:\/\/www.ihr-ferienpartner.de\/Tuerkei\/HotelbildRobinson.jpg\" \/>\n<meta name=\"twitter:card\" content=\"summary_large_image\" \/>\n<meta name=\"twitter:label1\" content=\"Gesch\u00e4tzte Lesezeit\" \/>\n\t<meta name=\"twitter:data1\" content=\"1\u00a0Minute\" \/>\n<script type=\"application\/ld+json\" class=\"yoast-schema-graph\">{\"@context\":\"https:\/\/schema.org\",\"@graph\":[{\"@type\":\"WebPage\",\"@id\":\"https:\/\/www.ihr-ferienpartner.de\/mobil\/robinson-club-camyuva\/\",\"url\":\"https:\/\/www.ihr-ferienpartner.de\/mobil\/robinson-club-camyuva\/\",\"name\":\"ROBINSON CLUB CAMYUVA, Kemer (T\u00fcrkei)\",\"isPartOf\":{\"@id\":\"https:\/\/www.ihr-ferienpartner.de\/mobil\/#website\"},\"primaryImageOfPage\":{\"@id\":\"https:\/\/www.ihr-ferienpartner.de\/mobil\/robinson-club-camyuva\/#primaryimage\"},\"image\":{\"@id\":\"https:\/\/www.ihr-ferienpartner.de\/mobil\/robinson-club-camyuva\/#primaryimage\"},\"thumbnailUrl\":\"https:\/\/www.ihr-ferienpartner.de\/Tuerkei\/HotelbildRobinson.jpg\",\"datePublished\":\"2024-07-15T15:07:05+00:00\",\"dateModified\":\"2024-07-15T15:07:14+00:00\",\"description\":\"Buchen Sie Ihre Flugreise clever: mit Fr\u00fchbucher- & Last Minute-Rabatten, flexiblen Reiseterminen, Bewertungen & ab allen Flughafen.\",\"breadcrumb\":{\"@id\":\"https:\/\/www.ihr-ferienpartner.de\/mobil\/robinson-club-camyuva\/#breadcrumb\"},\"inLanguage\":\"de\",\"potentialAction\":[{\"@type\":\"ReadAction\",\"target\":[\"https:\/\/www.ihr-ferienpartner.de\/mobil\/robinson-club-camyuva\/\"]}]},{\"@type\":\"ImageObject\",\"inLanguage\":\"de\",\"@id\":\"https:\/\/www.ihr-ferienpartner.de\/mobil\/robinson-club-camyuva\/#primaryimage\",\"url\":\"https:\/\/www.ihr-ferienpartner.de\/Tuerkei\/HotelbildRobinson.jpg\",\"contentUrl\":\"https:\/\/www.ihr-ferienpartner.de\/Tuerkei\/HotelbildRobinson.jpg\"},{\"@type\":\"BreadcrumbList\",\"@id\":\"https:\/\/www.ihr-ferienpartner.de\/mobil\/robinson-club-camyuva\/#breadcrumb\",\"itemListElement\":[{\"@type\":\"ListItem\",\"position\":1,\"name\":\"Startseite\",\"item\":\"https:\/\/www.ihr-ferienpartner.de\/mobil\/\"},{\"@type\":\"ListItem\",\"position\":2,\"name\":\"ROBINSON CLUB CAMYUVA\"}]},{\"@type\":\"WebSite\",\"@id\":\"https:\/\/www.ihr-ferienpartner.de\/mobil\/#website\",\"url\":\"https:\/\/www.ihr-ferienpartner.de\/mobil\/\",\"name\":\"FINDE DEIN SPONTANIEN - Reisen g\u00fcnstig buchen\",\"description\":\"Flugreisen im Preisvergleich mit flexiblen Terminen &amp; Abflughafen.\",\"publisher\":{\"@id\":\"https:\/\/www.ihr-ferienpartner.de\/mobil\/#organization\"},\"potentialAction\":[{\"@type\":\"SearchAction\",\"target\":{\"@type\":\"EntryPoint\",\"urlTemplate\":\"https:\/\/www.ihr-ferienpartner.de\/mobil\/?s={search_term_string}\"},\"query-input\":\"required name=search_term_string\"}],\"inLanguage\":\"de\"},{\"@type\":\"Organization\",\"@id\":\"https:\/\/www.ihr-ferienpartner.de\/mobil\/#organization\",\"name\":\"FINDE DEIN SPONTANIEN - Reisen g\u00fcnstig buchen\",\"url\":\"https:\/\/www.ihr-ferienpartner.de\/mobil\/\",\"logo\":{\"@type\":\"ImageObject\",\"inLanguage\":\"de\",\"@id\":\"https:\/\/www.ihr-ferienpartner.de\/mobil\/#\/schema\/logo\/image\/\",\"url\":\"https:\/\/www.ihr-ferienpartner.de\/mobil\/wp-content\/uploads\/2019\/10\/spontanien.jpg\",\"contentUrl\":\"https:\/\/www.ihr-ferienpartner.de\/mobil\/wp-content\/uploads\/2019\/10\/spontanien.jpg\",\"width\":818,\"height\":200,\"caption\":\"FINDE DEIN SPONTANIEN - Reisen g\u00fcnstig buchen\"},\"image\":{\"@id\":\"https:\/\/www.ihr-ferienpartner.de\/mobil\/#\/schema\/logo\/image\/\"}}]}<\/script>\n<!-- \/ Yoast SEO plugin. -->","yoast_head_json":{"title":"ROBINSON CLUB CAMYUVA, Kemer (T\u00fcrkei)","description":"Buchen Sie Ihre Flugreise clever: mit Fr\u00fchbucher- & Last Minute-Rabatten, flexiblen Reiseterminen, Bewertungen & ab allen Flughafen.","robots":{"index":"index","follow":"follow","max-snippet":"max-snippet:-1","max-image-preview":"max-image-preview:large","max-video-preview":"max-video-preview:-1"},"canonical":"https:\/\/www.ihr-ferienpartner.de\/mobil\/robinson-club-camyuva\/","og_locale":"de_DE","og_type":"article","og_title":"ROBINSON CLUB CAMYUVA, Kemer (T\u00fcrkei)","og_description":"Buchen Sie Ihre Flugreise clever: mit Fr\u00fchbucher- & Last Minute-Rabatten, flexiblen Reiseterminen, Bewertungen & ab allen Flughafen.","og_url":"https:\/\/www.ihr-ferienpartner.de\/mobil\/robinson-club-camyuva\/","og_site_name":"FINDE DEIN SPONTANIEN - Reisen g\u00fcnstig buchen","article_modified_time":"2024-07-15T15:07:14+00:00","og_image":[{"url":"https:\/\/www.ihr-ferienpartner.de\/Tuerkei\/HotelbildRobinson.jpg"}],"twitter_card":"summary_large_image","twitter_misc":{"Gesch\u00e4tzte Lesezeit":"1\u00a0Minute"},"schema":{"@context":"https:\/\/schema.org","@graph":[{"@type":"WebPage","@id":"https:\/\/www.ihr-ferienpartner.de\/mobil\/robinson-club-camyuva\/","url":"https:\/\/www.ihr-ferienpartner.de\/mobil\/robinson-club-camyuva\/","name":"ROBINSON CLUB CAMYUVA, Kemer (T\u00fcrkei)","isPartOf":{"@id":"https:\/\/www.ihr-ferienpartner.de\/mobil\/#website"},"primaryImageOfPage":{"@id":"https:\/\/www.ihr-ferienpartner.de\/mobil\/robinson-club-camyuva\/#primaryimage"},"image":{"@id":"https:\/\/www.ihr-ferienpartner.de\/mobil\/robinson-club-camyuva\/#primaryimage"},"thumbnailUrl":"https:\/\/www.ihr-ferienpartner.de\/Tuerkei\/HotelbildRobinson.jpg","datePublished":"2024-07-15T15:07:05+00:00","dateModified":"2024-07-15T15:07:14+00:00","description":"Buchen Sie Ihre Flugreise clever: mit Fr\u00fchbucher- & Last Minute-Rabatten, flexiblen Reiseterminen, Bewertungen & ab allen Flughafen.","breadcrumb":{"@id":"https:\/\/www.ihr-ferienpartner.de\/mobil\/robinson-club-camyuva\/#breadcrumb"},"inLanguage":"de","potentialAction":[{"@type":"ReadAction","target":["https:\/\/www.ihr-ferienpartner.de\/mobil\/robinson-club-camyuva\/"]}]},{"@type":"ImageObject","inLanguage":"de","@id":"https:\/\/www.ihr-ferienpartner.de\/mobil\/robinson-club-camyuva\/#primaryimage","url":"https:\/\/www.ihr-ferienpartner.de\/Tuerkei\/HotelbildRobinson.jpg","contentUrl":"https:\/\/www.ihr-ferienpartner.de\/Tuerkei\/HotelbildRobinson.jpg"},{"@type":"BreadcrumbList","@id":"https:\/\/www.ihr-ferienpartner.de\/mobil\/robinson-club-camyuva\/#breadcrumb","itemListElement":[{"@type":"ListItem","position":1,"name":"Startseite","item":"https:\/\/www.ihr-ferienpartner.de\/mobil\/"},{"@type":"ListItem","position":2,"name":"ROBINSON CLUB CAMYUVA"}]},{"@type":"WebSite","@id":"https:\/\/www.ihr-ferienpartner.de\/mobil\/#website","url":"https:\/\/www.ihr-ferienpartner.de\/mobil\/","name":"FINDE DEIN SPONTANIEN - Reisen g\u00fcnstig buchen","description":"Flugreisen im Preisvergleich mit flexiblen Terminen &amp; Abflughafen.","publisher":{"@id":"https:\/\/www.ihr-ferienpartner.de\/mobil\/#organization"},"potentialAction":[{"@type":"SearchAction","target":{"@type":"EntryPoint","urlTemplate":"https:\/\/www.ihr-ferienpartner.de\/mobil\/?s={search_term_string}"},"query-input":"required name=search_term_string"}],"inLanguage":"de"},{"@type":"Organization","@id":"https:\/\/www.ihr-ferienpartner.de\/mobil\/#organization","name":"FINDE DEIN SPONTANIEN - Reisen g\u00fcnstig buchen","url":"https:\/\/www.ihr-ferienpartner.de\/mobil\/","logo":{"@type":"ImageObject","inLanguage":"de","@id":"https:\/\/www.ihr-ferienpartner.de\/mobil\/#\/schema\/logo\/image\/","url":"https:\/\/www.ihr-ferienpartner.de\/mobil\/wp-content\/uploads\/2019\/10\/spontanien.jpg","contentUrl":"https:\/\/www.ihr-ferienpartner.de\/mobil\/wp-content\/uploads\/2019\/10\/spontanien.jpg","width":818,"height":200,"caption":"FINDE DEIN SPONTANIEN - Reisen g\u00fcnstig buchen"},"image":{"@id":"https:\/\/www.ihr-ferienpartner.de\/mobil\/#\/schema\/logo\/image\/"}}]}},"_links":{"self":[{"href":"https:\/\/www.ihr-ferienpartner.de\/mobil\/wp-json\/wp\/v2\/pages\/1505"}],"collection":[{"href":"https:\/\/www.ihr-ferienpartner.de\/mobil\/wp-json\/wp\/v2\/pages"}],"about":[{"href":"https:\/\/www.ihr-ferienpartner.de\/mobil\/wp-json\/wp\/v2\/types\/page"}],"author":[{"embeddable":true,"href":"https:\/\/www.ihr-ferienpartner.de\/mobil\/wp-json\/wp\/v2\/users\/1"}],"replies":[{"embeddable":true,"href":"https:\/\/www.ihr-ferienpartner.de\/mobil\/wp-json\/wp\/v2\/comments?post=1505"}],"version-history":[{"count":9,"href":"https:\/\/www.ihr-ferienpartner.de\/mobil\/wp-json\/wp\/v2\/pages\/1505\/revisions"}],"predecessor-version":[{"id":5336,"href":"https:\/\/www.ihr-ferienpartner.de\/mobil\/wp-json\/wp\/v2\/pages\/1505\/revisions\/5336"}],"wp:attachment":[{"href":"https:\/\/www.ihr-ferienpartner.de\/mobil\/wp-json\/wp\/v2\/media?parent=1505"}],"curies":[{"name":"wp","href":"https:\/\/api.w.org\/{rel}","templated":true}]}}