{"id":1557,"date":"2024-07-10T14:04:37","date_gmt":"2024-07-10T12:04:37","guid":{"rendered":"http:\/\/www.ihr-ferienpartner.de\/mobil\/?page_id=1557"},"modified":"2024-07-10T14:04:37","modified_gmt":"2024-07-10T12:04:37","slug":"melia-cala-galdana","status":"publish","type":"page","link":"https:\/\/www.ihr-ferienpartner.de\/mobil\/melia-cala-galdana\/","title":{"rendered":"Meli\u00e1 Cala Galdana, Cala Galdana"},"content":{"rendered":"<div style=\"background-color: #ffffff; padding: 20px 20px 20px 20px;\">\n<h1>Meli\u00e1 Cala Galdana<\/h1>\n<p><img decoding=\"async\" title=\"Reisen nach Menorca mit Hotel-Tipp in Cala Galdana\" src=\"https:\/\/www.ihr-ferienpartner.de\/Angebot\/Melia-Cala-Galdana.jpg\" alt=\"Urlaub im Melia Cala Galdana auf Menorca g\u00fcnstig buchen\"><br \/>\n<span>Das Hotel liegt traumhaft direkt am wundersch\u00f6nen, flach abfallenden Sandstrand von Cala Galdana und bietet mehrere Pools und einen gehobenen Standard (Landeskategorie: 5 Sterne).<\/span><\/p>\n<hr>\n<p><span><b><span style=\"color: b62b31;\">alle Hotels auf:<\/span><\/b> <a href=\"https:\/\/www.ihr-ferienpartner.de\/mobil\/menorca\">Menorca &gt;&gt;<\/a><\/span><\/p>\n<hr>\n<div id=\"ypsnet-ibe\" data-src=\"https:\/\/b2b.specials.de\/index\/jump\/119\/2780\/991880\/?action=dates&amp;regionId=134&amp;from=15&amp;to=316&amp;duration=7-7&amp;maxPrice=5000&amp;adults=2&amp;giataId=3588\"><\/div>\n<p><script src=\"https:\/\/webmedia.ypsilon.net\/spl_js\/ypsnet-ibe.js\"><\/script><\/p>\n<\/div>\n<div style=\"background-color: #ffffff; padding: 20px 20px 20px 20px;\">\n<hr>\n<p><b>Urlaub im Meli\u00e1 Cala Galdana auf Menorca:<\/b><br \/>\nBuchen Sie Ihre Menorca-Reise und profitieren Sie u.a. vom Anbieter-Preisvergleich und Hotel-Rankings aus \u00fcber 1.000.000 authentischen Hotelbewertungen.<\/p>\n<p><img decoding=\"async\" title=\"Reisen nach Menorca mit Melia-Hotel-Tipp\" src=\"https:\/\/www.ihr-ferienpartner.de\/Angebot\/Anbietervergleich.jpg\" alt=\"Reisen nach Menorca in Meli\u00e1-Hotels\"><\/p>\n<\/div>\n","protected":false},"excerpt":{"rendered":"<p>Meli\u00e1 Cala Galdana Das Hotel liegt traumhaft direkt am wundersch\u00f6nen, flach abfallenden Sandstrand von Cala Galdana und bietet mehrere Pools und einen gehobenen Standard (Landeskategorie: 5 Sterne). alle Hotels auf: Menorca &gt;&gt; Urlaub im Meli\u00e1 Cala Galdana auf Menorca: Buchen Sie Ihre Menorca-Reise und profitieren Sie u.a. vom Anbieter-Preisvergleich und Hotel-Rankings aus \u00fcber 1.000.000 authentischen [&hellip;]<\/p>\n","protected":false},"author":1,"featured_media":0,"parent":0,"menu_order":0,"comment_status":"closed","ping_status":"closed","template":"","meta":{"footnotes":""},"yoast_head":"<!-- This site is optimized with the Yoast SEO plugin v22.8 - https:\/\/yoast.com\/wordpress\/plugins\/seo\/ -->\n<title>Meli\u00e1 Cala Galdana - Reisen g\u00fcnstig buchen<\/title>\n<meta name=\"description\" content=\"Urlaub auf Menorca clever buchen: Last Minute &amp; Fr\u00fchbucher-Angeboten, Preisvergleich, Hotelbewertungen, flexible Termine und Abflughafen.\" \/>\n<meta name=\"robots\" content=\"index, follow, max-snippet:-1, max-image-preview:large, max-video-preview:-1\" \/>\n<link rel=\"canonical\" href=\"https:\/\/www.ihr-ferienpartner.de\/mobil\/melia-cala-galdana\/\" \/>\n<meta property=\"og:locale\" content=\"de_DE\" \/>\n<meta property=\"og:type\" content=\"article\" \/>\n<meta property=\"og:title\" content=\"Meli\u00e1 Cala Galdana - Reisen g\u00fcnstig buchen\" \/>\n<meta property=\"og:description\" content=\"Urlaub auf Menorca clever buchen: Last Minute &amp; Fr\u00fchbucher-Angeboten, Preisvergleich, Hotelbewertungen, flexible Termine und Abflughafen.\" \/>\n<meta property=\"og:url\" content=\"https:\/\/www.ihr-ferienpartner.de\/mobil\/melia-cala-galdana\/\" \/>\n<meta property=\"og:site_name\" content=\"FINDE DEIN SPONTANIEN - Reisen g\u00fcnstig buchen\" \/>\n<meta property=\"og:image\" content=\"https:\/\/www.ihr-ferienpartner.de\/Angebot\/Melia-Cala-Galdana.jpg\" \/>\n<meta name=\"twitter:card\" content=\"summary_large_image\" \/>\n<meta name=\"twitter:label1\" content=\"Gesch\u00e4tzte Lesezeit\" \/>\n\t<meta name=\"twitter:data1\" content=\"1\u00a0Minute\" \/>\n<script type=\"application\/ld+json\" class=\"yoast-schema-graph\">{\"@context\":\"https:\/\/schema.org\",\"@graph\":[{\"@type\":\"WebPage\",\"@id\":\"https:\/\/www.ihr-ferienpartner.de\/mobil\/melia-cala-galdana\/\",\"url\":\"https:\/\/www.ihr-ferienpartner.de\/mobil\/melia-cala-galdana\/\",\"name\":\"Meli\u00e1 Cala Galdana - Reisen g\u00fcnstig buchen\",\"isPartOf\":{\"@id\":\"https:\/\/www.ihr-ferienpartner.de\/mobil\/#website\"},\"primaryImageOfPage\":{\"@id\":\"https:\/\/www.ihr-ferienpartner.de\/mobil\/melia-cala-galdana\/#primaryimage\"},\"image\":{\"@id\":\"https:\/\/www.ihr-ferienpartner.de\/mobil\/melia-cala-galdana\/#primaryimage\"},\"thumbnailUrl\":\"https:\/\/www.ihr-ferienpartner.de\/Angebot\/Melia-Cala-Galdana.jpg\",\"datePublished\":\"2024-07-10T12:04:37+00:00\",\"dateModified\":\"2024-07-10T12:04:37+00:00\",\"description\":\"Urlaub auf Menorca clever buchen: Last Minute & Fr\u00fchbucher-Angeboten, Preisvergleich, Hotelbewertungen, flexible Termine und Abflughafen.\",\"breadcrumb\":{\"@id\":\"https:\/\/www.ihr-ferienpartner.de\/mobil\/melia-cala-galdana\/#breadcrumb\"},\"inLanguage\":\"de\",\"potentialAction\":[{\"@type\":\"ReadAction\",\"target\":[\"https:\/\/www.ihr-ferienpartner.de\/mobil\/melia-cala-galdana\/\"]}]},{\"@type\":\"ImageObject\",\"inLanguage\":\"de\",\"@id\":\"https:\/\/www.ihr-ferienpartner.de\/mobil\/melia-cala-galdana\/#primaryimage\",\"url\":\"https:\/\/www.ihr-ferienpartner.de\/Angebot\/Melia-Cala-Galdana.jpg\",\"contentUrl\":\"https:\/\/www.ihr-ferienpartner.de\/Angebot\/Melia-Cala-Galdana.jpg\"},{\"@type\":\"BreadcrumbList\",\"@id\":\"https:\/\/www.ihr-ferienpartner.de\/mobil\/melia-cala-galdana\/#breadcrumb\",\"itemListElement\":[{\"@type\":\"ListItem\",\"position\":1,\"name\":\"Startseite\",\"item\":\"https:\/\/www.ihr-ferienpartner.de\/mobil\/\"},{\"@type\":\"ListItem\",\"position\":2,\"name\":\"Meli\u00e1 Cala Galdana, Cala Galdana\"}]},{\"@type\":\"WebSite\",\"@id\":\"https:\/\/www.ihr-ferienpartner.de\/mobil\/#website\",\"url\":\"https:\/\/www.ihr-ferienpartner.de\/mobil\/\",\"name\":\"FINDE DEIN SPONTANIEN - Reisen g\u00fcnstig buchen\",\"description\":\"Flugreisen im Preisvergleich mit flexiblen Terminen &amp; Abflughafen.\",\"publisher\":{\"@id\":\"https:\/\/www.ihr-ferienpartner.de\/mobil\/#organization\"},\"potentialAction\":[{\"@type\":\"SearchAction\",\"target\":{\"@type\":\"EntryPoint\",\"urlTemplate\":\"https:\/\/www.ihr-ferienpartner.de\/mobil\/?s={search_term_string}\"},\"query-input\":\"required name=search_term_string\"}],\"inLanguage\":\"de\"},{\"@type\":\"Organization\",\"@id\":\"https:\/\/www.ihr-ferienpartner.de\/mobil\/#organization\",\"name\":\"FINDE DEIN SPONTANIEN - Reisen g\u00fcnstig buchen\",\"url\":\"https:\/\/www.ihr-ferienpartner.de\/mobil\/\",\"logo\":{\"@type\":\"ImageObject\",\"inLanguage\":\"de\",\"@id\":\"https:\/\/www.ihr-ferienpartner.de\/mobil\/#\/schema\/logo\/image\/\",\"url\":\"https:\/\/www.ihr-ferienpartner.de\/mobil\/wp-content\/uploads\/2019\/10\/spontanien.jpg\",\"contentUrl\":\"https:\/\/www.ihr-ferienpartner.de\/mobil\/wp-content\/uploads\/2019\/10\/spontanien.jpg\",\"width\":818,\"height\":200,\"caption\":\"FINDE DEIN SPONTANIEN - Reisen g\u00fcnstig buchen\"},\"image\":{\"@id\":\"https:\/\/www.ihr-ferienpartner.de\/mobil\/#\/schema\/logo\/image\/\"}}]}<\/script>\n<!-- \/ Yoast SEO plugin. -->","yoast_head_json":{"title":"Meli\u00e1 Cala Galdana - Reisen g\u00fcnstig buchen","description":"Urlaub auf Menorca clever buchen: Last Minute & Fr\u00fchbucher-Angeboten, Preisvergleich, Hotelbewertungen, flexible Termine und Abflughafen.","robots":{"index":"index","follow":"follow","max-snippet":"max-snippet:-1","max-image-preview":"max-image-preview:large","max-video-preview":"max-video-preview:-1"},"canonical":"https:\/\/www.ihr-ferienpartner.de\/mobil\/melia-cala-galdana\/","og_locale":"de_DE","og_type":"article","og_title":"Meli\u00e1 Cala Galdana - Reisen g\u00fcnstig buchen","og_description":"Urlaub auf Menorca clever buchen: Last Minute & Fr\u00fchbucher-Angeboten, Preisvergleich, Hotelbewertungen, flexible Termine und Abflughafen.","og_url":"https:\/\/www.ihr-ferienpartner.de\/mobil\/melia-cala-galdana\/","og_site_name":"FINDE DEIN SPONTANIEN - Reisen g\u00fcnstig buchen","og_image":[{"url":"https:\/\/www.ihr-ferienpartner.de\/Angebot\/Melia-Cala-Galdana.jpg"}],"twitter_card":"summary_large_image","twitter_misc":{"Gesch\u00e4tzte Lesezeit":"1\u00a0Minute"},"schema":{"@context":"https:\/\/schema.org","@graph":[{"@type":"WebPage","@id":"https:\/\/www.ihr-ferienpartner.de\/mobil\/melia-cala-galdana\/","url":"https:\/\/www.ihr-ferienpartner.de\/mobil\/melia-cala-galdana\/","name":"Meli\u00e1 Cala Galdana - Reisen g\u00fcnstig buchen","isPartOf":{"@id":"https:\/\/www.ihr-ferienpartner.de\/mobil\/#website"},"primaryImageOfPage":{"@id":"https:\/\/www.ihr-ferienpartner.de\/mobil\/melia-cala-galdana\/#primaryimage"},"image":{"@id":"https:\/\/www.ihr-ferienpartner.de\/mobil\/melia-cala-galdana\/#primaryimage"},"thumbnailUrl":"https:\/\/www.ihr-ferienpartner.de\/Angebot\/Melia-Cala-Galdana.jpg","datePublished":"2024-07-10T12:04:37+00:00","dateModified":"2024-07-10T12:04:37+00:00","description":"Urlaub auf Menorca clever buchen: Last Minute & Fr\u00fchbucher-Angeboten, Preisvergleich, Hotelbewertungen, flexible Termine und Abflughafen.","breadcrumb":{"@id":"https:\/\/www.ihr-ferienpartner.de\/mobil\/melia-cala-galdana\/#breadcrumb"},"inLanguage":"de","potentialAction":[{"@type":"ReadAction","target":["https:\/\/www.ihr-ferienpartner.de\/mobil\/melia-cala-galdana\/"]}]},{"@type":"ImageObject","inLanguage":"de","@id":"https:\/\/www.ihr-ferienpartner.de\/mobil\/melia-cala-galdana\/#primaryimage","url":"https:\/\/www.ihr-ferienpartner.de\/Angebot\/Melia-Cala-Galdana.jpg","contentUrl":"https:\/\/www.ihr-ferienpartner.de\/Angebot\/Melia-Cala-Galdana.jpg"},{"@type":"BreadcrumbList","@id":"https:\/\/www.ihr-ferienpartner.de\/mobil\/melia-cala-galdana\/#breadcrumb","itemListElement":[{"@type":"ListItem","position":1,"name":"Startseite","item":"https:\/\/www.ihr-ferienpartner.de\/mobil\/"},{"@type":"ListItem","position":2,"name":"Meli\u00e1 Cala Galdana, Cala Galdana"}]},{"@type":"WebSite","@id":"https:\/\/www.ihr-ferienpartner.de\/mobil\/#website","url":"https:\/\/www.ihr-ferienpartner.de\/mobil\/","name":"FINDE DEIN SPONTANIEN - Reisen g\u00fcnstig buchen","description":"Flugreisen im Preisvergleich mit flexiblen Terminen &amp; Abflughafen.","publisher":{"@id":"https:\/\/www.ihr-ferienpartner.de\/mobil\/#organization"},"potentialAction":[{"@type":"SearchAction","target":{"@type":"EntryPoint","urlTemplate":"https:\/\/www.ihr-ferienpartner.de\/mobil\/?s={search_term_string}"},"query-input":"required name=search_term_string"}],"inLanguage":"de"},{"@type":"Organization","@id":"https:\/\/www.ihr-ferienpartner.de\/mobil\/#organization","name":"FINDE DEIN SPONTANIEN - Reisen g\u00fcnstig buchen","url":"https:\/\/www.ihr-ferienpartner.de\/mobil\/","logo":{"@type":"ImageObject","inLanguage":"de","@id":"https:\/\/www.ihr-ferienpartner.de\/mobil\/#\/schema\/logo\/image\/","url":"https:\/\/www.ihr-ferienpartner.de\/mobil\/wp-content\/uploads\/2019\/10\/spontanien.jpg","contentUrl":"https:\/\/www.ihr-ferienpartner.de\/mobil\/wp-content\/uploads\/2019\/10\/spontanien.jpg","width":818,"height":200,"caption":"FINDE DEIN SPONTANIEN - Reisen g\u00fcnstig buchen"},"image":{"@id":"https:\/\/www.ihr-ferienpartner.de\/mobil\/#\/schema\/logo\/image\/"}}]}},"_links":{"self":[{"href":"https:\/\/www.ihr-ferienpartner.de\/mobil\/wp-json\/wp\/v2\/pages\/1557"}],"collection":[{"href":"https:\/\/www.ihr-ferienpartner.de\/mobil\/wp-json\/wp\/v2\/pages"}],"about":[{"href":"https:\/\/www.ihr-ferienpartner.de\/mobil\/wp-json\/wp\/v2\/types\/page"}],"author":[{"embeddable":true,"href":"https:\/\/www.ihr-ferienpartner.de\/mobil\/wp-json\/wp\/v2\/users\/1"}],"replies":[{"embeddable":true,"href":"https:\/\/www.ihr-ferienpartner.de\/mobil\/wp-json\/wp\/v2\/comments?post=1557"}],"version-history":[{"count":7,"href":"https:\/\/www.ihr-ferienpartner.de\/mobil\/wp-json\/wp\/v2\/pages\/1557\/revisions"}],"predecessor-version":[{"id":5283,"href":"https:\/\/www.ihr-ferienpartner.de\/mobil\/wp-json\/wp\/v2\/pages\/1557\/revisions\/5283"}],"wp:attachment":[{"href":"https:\/\/www.ihr-ferienpartner.de\/mobil\/wp-json\/wp\/v2\/media?parent=1557"}],"curies":[{"name":"wp","href":"https:\/\/api.w.org\/{rel}","templated":true}]}}