{"id":16,"date":"2024-07-15T16:35:26","date_gmt":"2024-07-15T14:35:26","guid":{"rendered":"http:\/\/www.ihr-ferienpartner.de\/mobil\/?page_id=16"},"modified":"2024-07-15T16:35:27","modified_gmt":"2024-07-15T14:35:27","slug":"unser-angebot","status":"publish","type":"page","link":"https:\/\/www.ihr-ferienpartner.de\/mobil\/unser-angebot\/","title":{"rendered":"Unser Angebot"},"content":{"rendered":"<div style=\"background-color: #ffffff; padding: 20px 20px 20px 20px;\">\n<h1>Unser Angebot<\/h1>\n<hr>\n<p><img decoding=\"async\" src=\"https:\/\/www.ihr-ferienpartner.de\/Angebot\/Anbietervergleich.jpg\" alt=\"Partner\"><br \/>\n<br \/>\nMit diesem Online-Angebot &#8211; mit umfassendem Preisvergleich, Hotel-Tipps und Infos zu Hotelbewertungen &#8211; setzen wir unsere jahrzehntelange Reiseb\u00fcro-Erfahrung  fort.<\/p>\n<hr>\n<p><strong><font size=\"+1\">Ihre Vorteile:<\/font><\/strong><\/p>\n<ul>\n<li><b>unabh\u00e4ngiger Anbieter-Preisvergleich<\/b>\n<ul>\n<li>Da wir an keinen Konzern gebunden sind, k\u00f6nnen wir einen ehrlichen und unabh\u00e4ngigen Vergleich gew\u00e4hrleisten!<\/li>\n<\/ul>\n<\/li>\n<li><b>vielf\u00e4ltiges Angebot<\/b>\n<ul>\n<li>Last Minute und Fr\u00fchbucher-Angebote<\/li>\n<li>flexible Reisetermine und -dauern<\/li>\n<li>alle deutschen und grenznahen Abflughafen<\/li>\n<li>Informationen zu Hotelbewertungen<\/li>\n<\/ul>\n<\/li>\n<li><b>pers\u00f6nliche <a href=\"https:\/\/www.ihr-ferienpartner.de\/mobil\/beliebte-hotels\/\">Hotel-Tipps<\/a><\/b>\n<ul>\n<li>F\u00fcr viele Zielgebiete haben wir besonders bew\u00e4hrte Hotels f\u00fcr Sie hervorgehoben!<\/li>\n<\/ul>\n<\/li>\n<li><strong>besondere Hotelketten:<\/strong><br \/>\n<a href=\"https:\/\/www.ihr-ferienpartner.de\/mobil\/universal-hotels-mallorca\/\">universal<\/a> (Mallorca), <a href=\"https:\/\/www.ihr-ferienpartner.de\/mobil\/dl-pauschal2\/?&amp;duration=7-7&amp;from=15&amp;to=316&amp;hotelName=allsun&amp;minRecommrate=70\">Allsun<\/a>, Aldiana, <a href=\"https:\/\/www.ihr-ferienpartner.de\/mobil\/dl-pauschal2\/?&amp;duration=7-7&amp;from=15&amp;to=316&amp;hotelName=iberostar&amp;minRecommrate=70\">Iberostar<\/a>, <a href=\"https:\/\/www.ihr-ferienpartner.de\/mobil\/dl-pauschal2\/?&amp;duration=7-7&amp;from=15&amp;to=316&amp;hotelName=grupotel&amp;minRecommrate=70\">Grupotel<\/a>, Lopesan, <a href=\"https:\/\/www.ihr-ferienpartner.de\/mobil\/dl-pauschal2\/?duration=7-7&amp;from=15&amp;to=316&amp;hotelName=hipotel&amp;minRecommrate=70\">Hipotels<\/a>, Sunrise Beach Hotels, Center Parks<\/li>\n<\/ul>\n<hr>\n<p><b><font size=\"+1\">Wir sind spontanien.de<\/font><\/b><\/p>\n<ul>\n<li>Wir haben umfangreiche Reiseb\u00fcro-Erfahrung.<\/li>\n<li>Wir sind 24\/7 online erreichbar: <a href=\"https:\/\/www.ihr-ferienpartner.de\/mobil\/pauschal\/\">www.spontanien.de<\/a><\/li>\n<li>Wir sind unabh\u00e4ngig und vergleichen unbeeinflusst.<\/li>\n<\/ul>\n<p><img decoding=\"async\" src=\"https:\/\/www.ihr-ferienpartner.de\/Reisen\/SpontanienReisebueroSelzer.jpg\" alt=\"Reiseb\u00fcro Freiburg\" width=\"400\"><\/p>\n<hr>\n<p><b><font size=\"+1\">Flexibles &amp; vielf\u00e4ltiges Angebotsportfolio<\/font><\/b><\/p>\n<p>Durch den Vertrieb von Reisen fast aller relevanten Veranstalter k\u00f6nnen wir W\u00fcnsche nach flexiblen Reiseterminen, Reisedauern und <b>allen relevanten Abflughafen<\/b> erf\u00fcllen, u.a. ab <a href=\"https:\/\/www.ihr-ferienpartner.de\/mobil\/reisen-ab-basel\/\">Basel-Mulhouse<\/a>, <a href=\"https:\/\/www.ihr-ferienpartner.de\/mobil\/reisen-ab-baden\/\">Karlsruhe\/Baden-Baden<\/a>, <a href=\"https:\/\/www.ihr-ferienpartner.de\/mobil\/reisen-ab-stuttgart\/\">Stuttgart<\/a>, <a href=\"https:\/\/www.ihr-ferienpartner.de\/mobil\/reisen-ab-frankfurt\/\">Frankfurt<\/a>, <a href=\"https:\/\/www.ihr-ferienpartner.de\/mobil\/reisen-ab-koeln\/\">K\u00f6ln-Bonn<\/a>, <a href=\"https:\/\/www.ihr-ferienpartner.de\/mobil\/reisen-ab-duesseldorf\/\">D\u00fcsseldorf<\/a>, <a href=\"https:\/\/www.ihr-ferienpartner.de\/mobil\/reisen-ab-dortmund\/\">Dortmund<\/a>, <a href=\"https:\/\/www.ihr-ferienpartner.de\/mobil\/reisen-ab-muenchen\/\">M\u00fcnchen<\/a>, <a href=\"https:\/\/www.ihr-ferienpartner.de\/mobil\/reisen-ab-nuernberg\/\">N\u00fcrnberg<\/a>, <a href=\"https:\/\/www.ihr-ferienpartner.de\/mobil\/reisen-ab-berlin\/\">Berlin<\/a>, <a href=\"https:\/\/www.ihr-ferienpartner.de\/mobil\/reisen-ab-bremen\/\">Bremen<\/a>, <a href=\"https:\/\/www.ihr-ferienpartner.de\/mobil\/reisen-ab-hamburg\/\">Hamburg<\/a>, <a href=\"https:\/\/www.ihr-ferienpartner.de\/mobil\/reisen-ab-hannover\/\">Hannover<\/a>, <a href=\"https:\/\/www.ihr-ferienpartner.de\/mobil\/reisen-ab-leipzig\/\">Leipzig<\/a>, <a href=\"https:\/\/www.ihr-ferienpartner.de\/mobil\/reisen-ab-dresden\/\">Dresden<\/a>.<\/p>\n<hr>\n<div align=\"center\">\n<span style=\"color: #000000;\"><strong>Follow us:<\/strong><\/span><br \/>\n<a href=\"https:\/\/www.facebook.com\/spontanien\" target=\"_blank\" rel=\"noopener noreferrer\"><img loading=\"lazy\" decoding=\"async\" src=\"\/mobil\/wp-content\/uploads\/2015\/07\/facebook.png\" alt=\"Facebook\" width=\"32\" height=\"32\"><\/a> <a href=\"https:\/\/twitter.com\/spontanien\" target=\"_blank\" rel=\"noopener noreferrer\"><img loading=\"lazy\" decoding=\"async\" src=\"\/mobil\/wp-content\/uploads\/2015\/07\/twitter.png\" alt=\"Twitter\" width=\"32\" height=\"32\"><\/a> <a href=\"https:\/\/www.instagram.com\/spontanien.de\" target=\"_blank\" rel=\"noopener noreferrer\"><img loading=\"lazy\" decoding=\"async\" src=\"\/mobil\/wp-content\/uploads\/2015\/07\/instagram.png\" alt=\"Instagram\" width=\"32\" height=\"32\"><\/a><\/div>\n<hr>\n<div align=\"right\"><img decoding=\"async\" src=\"https:\/\/www.ihr-ferienpartner.de\/mobil\/wp-content\/uploads\/2019\/10\/spontanien.jpg\" alt=\"spontanien.de\" width=\"250\"><\/div>\n<\/div>\n","protected":false},"excerpt":{"rendered":"<p>Unser Angebot Mit diesem Online-Angebot &#8211; mit umfassendem Preisvergleich, Hotel-Tipps und Infos zu Hotelbewertungen &#8211; setzen wir unsere jahrzehntelange Reiseb\u00fcro-Erfahrung fort. Ihre Vorteile: unabh\u00e4ngiger Anbieter-Preisvergleich Da wir an keinen Konzern gebunden sind, k\u00f6nnen wir einen ehrlichen und unabh\u00e4ngigen Vergleich gew\u00e4hrleisten! vielf\u00e4ltiges Angebot Last Minute und Fr\u00fchbucher-Angebote flexible Reisetermine und -dauern alle deutschen und grenznahen Abflughafen [&hellip;]<\/p>\n","protected":false},"author":1,"featured_media":0,"parent":0,"menu_order":0,"comment_status":"closed","ping_status":"closed","template":"","meta":{"footnotes":""},"yoast_head":"<!-- This site is optimized with the Yoast SEO plugin v22.8 - https:\/\/yoast.com\/wordpress\/plugins\/seo\/ -->\n<title>Unser Angebot - FINDE DEIN SPONTANIEN - Reisen g\u00fcnstig buchen<\/title>\n<meta name=\"robots\" content=\"index, follow, max-snippet:-1, max-image-preview:large, max-video-preview:-1\" \/>\n<link rel=\"canonical\" href=\"https:\/\/www.ihr-ferienpartner.de\/mobil\/unser-angebot\/\" \/>\n<meta property=\"og:locale\" content=\"de_DE\" \/>\n<meta property=\"og:type\" content=\"article\" \/>\n<meta property=\"og:title\" content=\"Unser Angebot - FINDE DEIN SPONTANIEN - Reisen g\u00fcnstig buchen\" \/>\n<meta property=\"og:description\" content=\"Unser Angebot Mit diesem Online-Angebot &#8211; mit umfassendem Preisvergleich, Hotel-Tipps und Infos zu Hotelbewertungen &#8211; setzen wir unsere jahrzehntelange Reiseb\u00fcro-Erfahrung fort. Ihre Vorteile: unabh\u00e4ngiger Anbieter-Preisvergleich Da wir an keinen Konzern gebunden sind, k\u00f6nnen wir einen ehrlichen und unabh\u00e4ngigen Vergleich gew\u00e4hrleisten! vielf\u00e4ltiges Angebot Last Minute und Fr\u00fchbucher-Angebote flexible Reisetermine und -dauern alle deutschen und grenznahen Abflughafen [&hellip;]\" \/>\n<meta property=\"og:url\" content=\"https:\/\/www.ihr-ferienpartner.de\/mobil\/unser-angebot\/\" \/>\n<meta property=\"og:site_name\" content=\"FINDE DEIN SPONTANIEN - Reisen g\u00fcnstig buchen\" \/>\n<meta property=\"article:modified_time\" content=\"2024-07-15T14:35:27+00:00\" \/>\n<meta property=\"og:image\" content=\"https:\/\/www.ihr-ferienpartner.de\/Angebot\/Anbietervergleich.jpg\" \/>\n<meta name=\"twitter:card\" content=\"summary_large_image\" \/>\n<meta name=\"twitter:label1\" content=\"Gesch\u00e4tzte Lesezeit\" \/>\n\t<meta name=\"twitter:data1\" content=\"3\u00a0Minuten\" \/>\n<script type=\"application\/ld+json\" class=\"yoast-schema-graph\">{\"@context\":\"https:\/\/schema.org\",\"@graph\":[{\"@type\":\"WebPage\",\"@id\":\"https:\/\/www.ihr-ferienpartner.de\/mobil\/unser-angebot\/\",\"url\":\"https:\/\/www.ihr-ferienpartner.de\/mobil\/unser-angebot\/\",\"name\":\"Unser Angebot - FINDE DEIN SPONTANIEN - Reisen g\u00fcnstig buchen\",\"isPartOf\":{\"@id\":\"https:\/\/www.ihr-ferienpartner.de\/mobil\/#website\"},\"primaryImageOfPage\":{\"@id\":\"https:\/\/www.ihr-ferienpartner.de\/mobil\/unser-angebot\/#primaryimage\"},\"image\":{\"@id\":\"https:\/\/www.ihr-ferienpartner.de\/mobil\/unser-angebot\/#primaryimage\"},\"thumbnailUrl\":\"https:\/\/www.ihr-ferienpartner.de\/Angebot\/Anbietervergleich.jpg\",\"datePublished\":\"2024-07-15T14:35:26+00:00\",\"dateModified\":\"2024-07-15T14:35:27+00:00\",\"breadcrumb\":{\"@id\":\"https:\/\/www.ihr-ferienpartner.de\/mobil\/unser-angebot\/#breadcrumb\"},\"inLanguage\":\"de\",\"potentialAction\":[{\"@type\":\"ReadAction\",\"target\":[\"https:\/\/www.ihr-ferienpartner.de\/mobil\/unser-angebot\/\"]}]},{\"@type\":\"ImageObject\",\"inLanguage\":\"de\",\"@id\":\"https:\/\/www.ihr-ferienpartner.de\/mobil\/unser-angebot\/#primaryimage\",\"url\":\"https:\/\/www.ihr-ferienpartner.de\/Angebot\/Anbietervergleich.jpg\",\"contentUrl\":\"https:\/\/www.ihr-ferienpartner.de\/Angebot\/Anbietervergleich.jpg\"},{\"@type\":\"BreadcrumbList\",\"@id\":\"https:\/\/www.ihr-ferienpartner.de\/mobil\/unser-angebot\/#breadcrumb\",\"itemListElement\":[{\"@type\":\"ListItem\",\"position\":1,\"name\":\"Startseite\",\"item\":\"https:\/\/www.ihr-ferienpartner.de\/mobil\/\"},{\"@type\":\"ListItem\",\"position\":2,\"name\":\"Unser Angebot\"}]},{\"@type\":\"WebSite\",\"@id\":\"https:\/\/www.ihr-ferienpartner.de\/mobil\/#website\",\"url\":\"https:\/\/www.ihr-ferienpartner.de\/mobil\/\",\"name\":\"FINDE DEIN SPONTANIEN - Reisen g\u00fcnstig buchen\",\"description\":\"Flugreisen im Preisvergleich mit flexiblen Terminen &amp; Abflughafen.\",\"publisher\":{\"@id\":\"https:\/\/www.ihr-ferienpartner.de\/mobil\/#organization\"},\"potentialAction\":[{\"@type\":\"SearchAction\",\"target\":{\"@type\":\"EntryPoint\",\"urlTemplate\":\"https:\/\/www.ihr-ferienpartner.de\/mobil\/?s={search_term_string}\"},\"query-input\":\"required name=search_term_string\"}],\"inLanguage\":\"de\"},{\"@type\":\"Organization\",\"@id\":\"https:\/\/www.ihr-ferienpartner.de\/mobil\/#organization\",\"name\":\"FINDE DEIN SPONTANIEN - Reisen g\u00fcnstig buchen\",\"url\":\"https:\/\/www.ihr-ferienpartner.de\/mobil\/\",\"logo\":{\"@type\":\"ImageObject\",\"inLanguage\":\"de\",\"@id\":\"https:\/\/www.ihr-ferienpartner.de\/mobil\/#\/schema\/logo\/image\/\",\"url\":\"https:\/\/www.ihr-ferienpartner.de\/mobil\/wp-content\/uploads\/2019\/10\/spontanien.jpg\",\"contentUrl\":\"https:\/\/www.ihr-ferienpartner.de\/mobil\/wp-content\/uploads\/2019\/10\/spontanien.jpg\",\"width\":818,\"height\":200,\"caption\":\"FINDE DEIN SPONTANIEN - Reisen g\u00fcnstig buchen\"},\"image\":{\"@id\":\"https:\/\/www.ihr-ferienpartner.de\/mobil\/#\/schema\/logo\/image\/\"}}]}<\/script>\n<!-- \/ Yoast SEO plugin. -->","yoast_head_json":{"title":"Unser Angebot - FINDE DEIN SPONTANIEN - Reisen g\u00fcnstig buchen","robots":{"index":"index","follow":"follow","max-snippet":"max-snippet:-1","max-image-preview":"max-image-preview:large","max-video-preview":"max-video-preview:-1"},"canonical":"https:\/\/www.ihr-ferienpartner.de\/mobil\/unser-angebot\/","og_locale":"de_DE","og_type":"article","og_title":"Unser Angebot - FINDE DEIN SPONTANIEN - Reisen g\u00fcnstig buchen","og_description":"Unser Angebot Mit diesem Online-Angebot &#8211; mit umfassendem Preisvergleich, Hotel-Tipps und Infos zu Hotelbewertungen &#8211; setzen wir unsere jahrzehntelange Reiseb\u00fcro-Erfahrung fort. Ihre Vorteile: unabh\u00e4ngiger Anbieter-Preisvergleich Da wir an keinen Konzern gebunden sind, k\u00f6nnen wir einen ehrlichen und unabh\u00e4ngigen Vergleich gew\u00e4hrleisten! vielf\u00e4ltiges Angebot Last Minute und Fr\u00fchbucher-Angebote flexible Reisetermine und -dauern alle deutschen und grenznahen Abflughafen [&hellip;]","og_url":"https:\/\/www.ihr-ferienpartner.de\/mobil\/unser-angebot\/","og_site_name":"FINDE DEIN SPONTANIEN - Reisen g\u00fcnstig buchen","article_modified_time":"2024-07-15T14:35:27+00:00","og_image":[{"url":"https:\/\/www.ihr-ferienpartner.de\/Angebot\/Anbietervergleich.jpg"}],"twitter_card":"summary_large_image","twitter_misc":{"Gesch\u00e4tzte Lesezeit":"3\u00a0Minuten"},"schema":{"@context":"https:\/\/schema.org","@graph":[{"@type":"WebPage","@id":"https:\/\/www.ihr-ferienpartner.de\/mobil\/unser-angebot\/","url":"https:\/\/www.ihr-ferienpartner.de\/mobil\/unser-angebot\/","name":"Unser Angebot - FINDE DEIN SPONTANIEN - Reisen g\u00fcnstig buchen","isPartOf":{"@id":"https:\/\/www.ihr-ferienpartner.de\/mobil\/#website"},"primaryImageOfPage":{"@id":"https:\/\/www.ihr-ferienpartner.de\/mobil\/unser-angebot\/#primaryimage"},"image":{"@id":"https:\/\/www.ihr-ferienpartner.de\/mobil\/unser-angebot\/#primaryimage"},"thumbnailUrl":"https:\/\/www.ihr-ferienpartner.de\/Angebot\/Anbietervergleich.jpg","datePublished":"2024-07-15T14:35:26+00:00","dateModified":"2024-07-15T14:35:27+00:00","breadcrumb":{"@id":"https:\/\/www.ihr-ferienpartner.de\/mobil\/unser-angebot\/#breadcrumb"},"inLanguage":"de","potentialAction":[{"@type":"ReadAction","target":["https:\/\/www.ihr-ferienpartner.de\/mobil\/unser-angebot\/"]}]},{"@type":"ImageObject","inLanguage":"de","@id":"https:\/\/www.ihr-ferienpartner.de\/mobil\/unser-angebot\/#primaryimage","url":"https:\/\/www.ihr-ferienpartner.de\/Angebot\/Anbietervergleich.jpg","contentUrl":"https:\/\/www.ihr-ferienpartner.de\/Angebot\/Anbietervergleich.jpg"},{"@type":"BreadcrumbList","@id":"https:\/\/www.ihr-ferienpartner.de\/mobil\/unser-angebot\/#breadcrumb","itemListElement":[{"@type":"ListItem","position":1,"name":"Startseite","item":"https:\/\/www.ihr-ferienpartner.de\/mobil\/"},{"@type":"ListItem","position":2,"name":"Unser Angebot"}]},{"@type":"WebSite","@id":"https:\/\/www.ihr-ferienpartner.de\/mobil\/#website","url":"https:\/\/www.ihr-ferienpartner.de\/mobil\/","name":"FINDE DEIN SPONTANIEN - Reisen g\u00fcnstig buchen","description":"Flugreisen im Preisvergleich mit flexiblen Terminen &amp; Abflughafen.","publisher":{"@id":"https:\/\/www.ihr-ferienpartner.de\/mobil\/#organization"},"potentialAction":[{"@type":"SearchAction","target":{"@type":"EntryPoint","urlTemplate":"https:\/\/www.ihr-ferienpartner.de\/mobil\/?s={search_term_string}"},"query-input":"required name=search_term_string"}],"inLanguage":"de"},{"@type":"Organization","@id":"https:\/\/www.ihr-ferienpartner.de\/mobil\/#organization","name":"FINDE DEIN SPONTANIEN - Reisen g\u00fcnstig buchen","url":"https:\/\/www.ihr-ferienpartner.de\/mobil\/","logo":{"@type":"ImageObject","inLanguage":"de","@id":"https:\/\/www.ihr-ferienpartner.de\/mobil\/#\/schema\/logo\/image\/","url":"https:\/\/www.ihr-ferienpartner.de\/mobil\/wp-content\/uploads\/2019\/10\/spontanien.jpg","contentUrl":"https:\/\/www.ihr-ferienpartner.de\/mobil\/wp-content\/uploads\/2019\/10\/spontanien.jpg","width":818,"height":200,"caption":"FINDE DEIN SPONTANIEN - Reisen g\u00fcnstig buchen"},"image":{"@id":"https:\/\/www.ihr-ferienpartner.de\/mobil\/#\/schema\/logo\/image\/"}}]}},"_links":{"self":[{"href":"https:\/\/www.ihr-ferienpartner.de\/mobil\/wp-json\/wp\/v2\/pages\/16"}],"collection":[{"href":"https:\/\/www.ihr-ferienpartner.de\/mobil\/wp-json\/wp\/v2\/pages"}],"about":[{"href":"https:\/\/www.ihr-ferienpartner.de\/mobil\/wp-json\/wp\/v2\/types\/page"}],"author":[{"embeddable":true,"href":"https:\/\/www.ihr-ferienpartner.de\/mobil\/wp-json\/wp\/v2\/users\/1"}],"replies":[{"embeddable":true,"href":"https:\/\/www.ihr-ferienpartner.de\/mobil\/wp-json\/wp\/v2\/comments?post=16"}],"version-history":[{"count":99,"href":"https:\/\/www.ihr-ferienpartner.de\/mobil\/wp-json\/wp\/v2\/pages\/16\/revisions"}],"predecessor-version":[{"id":5606,"href":"https:\/\/www.ihr-ferienpartner.de\/mobil\/wp-json\/wp\/v2\/pages\/16\/revisions\/5606"}],"wp:attachment":[{"href":"https:\/\/www.ihr-ferienpartner.de\/mobil\/wp-json\/wp\/v2\/media?parent=16"}],"curies":[{"name":"wp","href":"https:\/\/api.w.org\/{rel}","templated":true}]}}