{"id":1679,"date":"2026-01-28T16:07:21","date_gmt":"2026-01-28T15:07:21","guid":{"rendered":"http:\/\/www.ihr-ferienpartner.de\/mobil\/?page_id=1679"},"modified":"2026-01-28T16:07:21","modified_gmt":"2026-01-28T15:07:21","slug":"herbstferien-ab-basel","status":"publish","type":"page","link":"https:\/\/www.ihr-ferienpartner.de\/mobil\/herbstferien-ab-basel\/","title":{"rendered":"Herbstferien 2026 &#8211; ab BaW\u00fc-Flughafen, z.B. ab Basel, Baden-Baden &amp; Stuttgart"},"content":{"rendered":"<div style=\"background-color: #ffffff; padding: 20px 20px 20px 20px;\">\n<h1>Herbstferien 2026 &#8211;  ab BaW\u00fc-Flughafen, z.B. ab Basel, Baden-Baden &#038; Stuttgart<\/h1>\n<hr>\n<div style=\"background-color: #e1eaed; padding: 5px 10px 10px 10px;\">\n<strong>Nutzen Sie die Herbstferien (24.10.-01.11.2026 f\u00fcr Baden-W\u00fcrttemberg) um den Sommer zu verl\u00e4ngern!<\/strong> Aufgrund der Beliebtheit des Reisetermins r\u00e4t es sich m\u00f6glichst fr\u00fch Reisen zu buchen, um sich die besten Verf\u00fcgbarkeiten und die besten Preise zu sichern.\n<\/div>\n<hr>\n<p><a href=\"https:\/\/www.ihr-ferienpartner.de\/mobil\/dl-pauschal2\/?departures=BSL,FKB,MLH,STR&amp;from=24.10.2026&amp;to=01.11.2026&amp;duration=7-7&amp;minRecommrate=80\" title=\"Herbstferien ab Basel und Karlsruhe-Baden\"><strong>Hier geht es zu allen verf\u00fcgbaren Reisezielen, mit:<\/strong><\/a><br \/>\n&#8211; 1 Woche in den Herbstferien 2026<br \/>\n&#8211;  ab BaW\u00fc-Flughafen, z.B. ab Basel, Baden-Baden &#038; Stuttgart<br \/>\n&#8211; Unterk\u00fcnften mit mind. 80% Weiterempfehlungsrate<br \/>\n<strong><a href=\"https:\/\/www.ihr-ferienpartner.de\/mobil\/dl-pauschal2\/?departures=BSL,FKB,MLH,STR&amp;from=24.10.2026&amp;to=01.11.2026&amp;duration=7-7&amp;minRecommrate=80\" title=\"Herbstferien ab Basel und Karlsruhe-Baden\">zu den Angeboten &gt;&gt;<\/a><\/strong><\/p>\n<hr>\n<p><a href=\"https:\/\/www.ihr-ferienpartner.de\/mobil\/teneriffa\/?departures=BSL,FKB,MLH,STR&amp;from=24.10.2026&amp;to=01.11.2026&amp;duration=7-7&amp;minRecommrate=80\" title=\"Teneriffa Herbstferien\"><strong>Teneriffa &gt;&gt;<\/strong><br \/>\n<img loading=\"lazy\" decoding=\"async\" src=\"https:\/\/www.ihr-ferienpartner.de\/Angebot\/Teneriffa.jpg\" alt=\"Teneriffa\" width=\"886\" height=\"147\"><\/a><\/p>\n<hr>\n<p><a href=\"https:\/\/www.ihr-ferienpartner.de\/mobil\/gran-canaria\/?departures=BSL,FKB,MLH,STR&amp;from=24.10.2026&amp;to=01.11.2026&amp;duration=7-7&amp;minRecommrate=80\" title=\"Gran Canaria Herbstferien\"><strong>Gran Canaria &gt;&gt;<\/strong><br \/>\n<img loading=\"lazy\" decoding=\"async\" src=\"https:\/\/www.ihr-ferienpartner.de\/Angebot\/GranCanaria.jpg\" alt=\"Gran Canaria\" width=\"886\" height=\"147\"><\/a><\/p>\n<hr>\n<p><a href=\"https:\/\/www.ihr-ferienpartner.de\/mobil\/tuerkei\/?departures=BSL,FKB,MLH,STR&amp;from=24.10.2026&amp;to=01.11.2026&amp;duration=7-7&amp;minRecommrate=80&amp;regionId=149,144\" title=\"T\u00fcrkei Herbstferien\"><strong>T\u00fcrkei &gt;&gt;<\/strong><br \/>\n<img loading=\"lazy\" decoding=\"async\" src=\"https:\/\/www.ihr-ferienpartner.de\/Angebot\/Tuerkei.jpg\" alt=\"Tuerkei Herbstferien\" width=\"886\" height=\"147\"><\/a><\/p>\n<hr>\n<p><a href=\"https:\/\/www.ihr-ferienpartner.de\/mobil\/aegypten\/?departures=BSL,FKB,MLH,STR&amp;from=24.10.2026&amp;to=01.11.2026&amp;duration=7-7&amp;minRecommrate=80\" title=\"Herbstferien \u00c4gypten\"><strong>\u00c4gypten &gt;&gt;<\/strong><br \/>\n<img loading=\"lazy\" decoding=\"async\" src=\"https:\/\/www.ihr-ferienpartner.de\/Angebot\/Aegypten.jpg\" alt=\"Balearen Herbstferien\" width=\"886\" height=\"147\"><\/a><\/p>\n<hr>\n<p><a href=\"https:\/\/www.ihr-ferienpartner.de\/mobil\/kreta\/?departures=BSL,FKB,MLH,STR&amp;from=24.10.2026&amp;to=01.11.2026&amp;duration=7-7&amp;minRecommrate=80\" title=\"Kreta Herbstferien\"><strong>Kreta &gt;&gt;<\/strong><br \/>\n<img loading=\"lazy\" decoding=\"async\" src=\"https:\/\/www.ihr-ferienpartner.de\/Angebot\/Kreta.jpg\" alt=\"Kreta Herbstferien\" width=\"886\" height=\"147\"><\/a><\/p>\n<hr>\n<p><a href=\"https:\/\/www.ihr-ferienpartner.de\/mobil\/kos\/?departures=BSL,FKB,MLH,STR&amp;from=24.10.2026&amp;to=01.11.2026&amp;duration=7-7&amp;minRecommrate=80\" title=\"Kos Herbstferien\"><strong>Kos &gt;&gt;<\/strong><br \/>\n<img loading=\"lazy\" decoding=\"async\" src=\"https:\/\/www.ihr-ferienpartner.de\/Angebot\/Insel-Kos.jpg\" alt=\"Kos Herbstferien\" width=\"886\" height=\"147\"><\/a><\/p>\n<hr>\n<p><strong><a href=\"https:\/\/www.ihr-ferienpartner.de\/mobil\/dl-pauschal2\/?departures=BSL,FKB,MLH,STR&amp;from=24.10.2026&amp;to=01.11.2026&amp;duration=7-7&amp;minRecommrate=80\" title=\"Herbstferien ab Basel und Karlsruhe-Baden\">alle Regionen &amp; Hotels mit Verf\u00fcgbarkeiten ab Euroairport Basel-Mulhouse, Stuttgart oder Karlsruhe-Baden &gt;&gt;<\/a><\/strong><\/p>\n<hr>\n<p><img decoding=\"async\" src=\"https:\/\/www.ihr-ferienpartner.de\/Reisen\/Schulferien3.jpg\" alt=\"Herbstferien - ab BaW\u00fc-Flughafen, z.B. ab Basel, Baden-Baden &#038; Stuttgart\"><\/p>\n<\/div>\n","protected":false},"excerpt":{"rendered":"<p>Herbstferien 2026 &#8211; ab BaW\u00fc-Flughafen, z.B. ab Basel, Baden-Baden &#038; Stuttgart Nutzen Sie die Herbstferien (24.10.-01.11.2026 f\u00fcr Baden-W\u00fcrttemberg) um den Sommer zu verl\u00e4ngern! Aufgrund der Beliebtheit des Reisetermins r\u00e4t es sich m\u00f6glichst fr\u00fch Reisen zu buchen, um sich die besten Verf\u00fcgbarkeiten und die besten Preise zu sichern. Hier geht es zu allen verf\u00fcgbaren Reisezielen, mit: [&hellip;]<\/p>\n","protected":false},"author":1,"featured_media":0,"parent":0,"menu_order":0,"comment_status":"closed","ping_status":"closed","template":"","meta":{"footnotes":""},"yoast_head":"<!-- This site is optimized with the Yoast SEO plugin v22.8 - https:\/\/yoast.com\/wordpress\/plugins\/seo\/ -->\n<title>Herbstferien 2026 - Reisen g\u00fcnstig buchen mit Preisvergleich<\/title>\n<meta name=\"description\" content=\"Jetzt clever Urlaub in den Herbstferien buchen: fairer Anbieter-Preisvergleich, Hotelbewertungen und ab allen Flughafen, u.a. Basel.\" \/>\n<meta name=\"robots\" content=\"index, follow, max-snippet:-1, max-image-preview:large, max-video-preview:-1\" \/>\n<link rel=\"canonical\" href=\"https:\/\/www.ihr-ferienpartner.de\/mobil\/herbstferien-ab-basel\/\" \/>\n<meta property=\"og:locale\" content=\"de_DE\" \/>\n<meta property=\"og:type\" content=\"article\" \/>\n<meta property=\"og:title\" content=\"Herbstferien 2026 - Reisen g\u00fcnstig buchen mit Preisvergleich\" \/>\n<meta property=\"og:description\" content=\"Jetzt clever Urlaub in den Herbstferien buchen: fairer Anbieter-Preisvergleich, Hotelbewertungen und ab allen Flughafen, u.a. Basel.\" \/>\n<meta property=\"og:url\" content=\"https:\/\/www.ihr-ferienpartner.de\/mobil\/herbstferien-ab-basel\/\" \/>\n<meta property=\"og:site_name\" content=\"FINDE DEIN SPONTANIEN - Reisen g\u00fcnstig buchen\" \/>\n<meta property=\"og:image\" content=\"https:\/\/www.ihr-ferienpartner.de\/Angebot\/Teneriffa.jpg\" \/>\n<meta name=\"twitter:card\" content=\"summary_large_image\" \/>\n<meta name=\"twitter:label1\" content=\"Gesch\u00e4tzte Lesezeit\" \/>\n\t<meta name=\"twitter:data1\" content=\"2\u00a0Minuten\" \/>\n<script type=\"application\/ld+json\" class=\"yoast-schema-graph\">{\"@context\":\"https:\/\/schema.org\",\"@graph\":[{\"@type\":\"WebPage\",\"@id\":\"https:\/\/www.ihr-ferienpartner.de\/mobil\/herbstferien-ab-basel\/\",\"url\":\"https:\/\/www.ihr-ferienpartner.de\/mobil\/herbstferien-ab-basel\/\",\"name\":\"Herbstferien 2026 - Reisen g\u00fcnstig buchen mit Preisvergleich\",\"isPartOf\":{\"@id\":\"https:\/\/www.ihr-ferienpartner.de\/mobil\/#website\"},\"primaryImageOfPage\":{\"@id\":\"https:\/\/www.ihr-ferienpartner.de\/mobil\/herbstferien-ab-basel\/#primaryimage\"},\"image\":{\"@id\":\"https:\/\/www.ihr-ferienpartner.de\/mobil\/herbstferien-ab-basel\/#primaryimage\"},\"thumbnailUrl\":\"https:\/\/www.ihr-ferienpartner.de\/Angebot\/Teneriffa.jpg\",\"datePublished\":\"2026-01-28T15:07:21+00:00\",\"dateModified\":\"2026-01-28T15:07:21+00:00\",\"description\":\"Jetzt clever Urlaub in den Herbstferien buchen: fairer Anbieter-Preisvergleich, Hotelbewertungen und ab allen Flughafen, u.a. Basel.\",\"breadcrumb\":{\"@id\":\"https:\/\/www.ihr-ferienpartner.de\/mobil\/herbstferien-ab-basel\/#breadcrumb\"},\"inLanguage\":\"de\",\"potentialAction\":[{\"@type\":\"ReadAction\",\"target\":[\"https:\/\/www.ihr-ferienpartner.de\/mobil\/herbstferien-ab-basel\/\"]}]},{\"@type\":\"ImageObject\",\"inLanguage\":\"de\",\"@id\":\"https:\/\/www.ihr-ferienpartner.de\/mobil\/herbstferien-ab-basel\/#primaryimage\",\"url\":\"https:\/\/www.ihr-ferienpartner.de\/Angebot\/Teneriffa.jpg\",\"contentUrl\":\"https:\/\/www.ihr-ferienpartner.de\/Angebot\/Teneriffa.jpg\"},{\"@type\":\"BreadcrumbList\",\"@id\":\"https:\/\/www.ihr-ferienpartner.de\/mobil\/herbstferien-ab-basel\/#breadcrumb\",\"itemListElement\":[{\"@type\":\"ListItem\",\"position\":1,\"name\":\"Startseite\",\"item\":\"https:\/\/www.ihr-ferienpartner.de\/mobil\/\"},{\"@type\":\"ListItem\",\"position\":2,\"name\":\"Herbstferien 2026 &#8211; ab BaW\u00fc-Flughafen, z.B. ab Basel, Baden-Baden &amp; Stuttgart\"}]},{\"@type\":\"WebSite\",\"@id\":\"https:\/\/www.ihr-ferienpartner.de\/mobil\/#website\",\"url\":\"https:\/\/www.ihr-ferienpartner.de\/mobil\/\",\"name\":\"FINDE DEIN SPONTANIEN - Reisen g\u00fcnstig buchen\",\"description\":\"Flugreisen im Preisvergleich mit flexiblen Terminen &amp; Abflughafen.\",\"publisher\":{\"@id\":\"https:\/\/www.ihr-ferienpartner.de\/mobil\/#organization\"},\"potentialAction\":[{\"@type\":\"SearchAction\",\"target\":{\"@type\":\"EntryPoint\",\"urlTemplate\":\"https:\/\/www.ihr-ferienpartner.de\/mobil\/?s={search_term_string}\"},\"query-input\":\"required name=search_term_string\"}],\"inLanguage\":\"de\"},{\"@type\":\"Organization\",\"@id\":\"https:\/\/www.ihr-ferienpartner.de\/mobil\/#organization\",\"name\":\"FINDE DEIN SPONTANIEN - Reisen g\u00fcnstig buchen\",\"url\":\"https:\/\/www.ihr-ferienpartner.de\/mobil\/\",\"logo\":{\"@type\":\"ImageObject\",\"inLanguage\":\"de\",\"@id\":\"https:\/\/www.ihr-ferienpartner.de\/mobil\/#\/schema\/logo\/image\/\",\"url\":\"https:\/\/www.ihr-ferienpartner.de\/mobil\/wp-content\/uploads\/2019\/10\/spontanien.jpg\",\"contentUrl\":\"https:\/\/www.ihr-ferienpartner.de\/mobil\/wp-content\/uploads\/2019\/10\/spontanien.jpg\",\"width\":818,\"height\":200,\"caption\":\"FINDE DEIN SPONTANIEN - Reisen g\u00fcnstig buchen\"},\"image\":{\"@id\":\"https:\/\/www.ihr-ferienpartner.de\/mobil\/#\/schema\/logo\/image\/\"}}]}<\/script>\n<!-- \/ Yoast SEO plugin. -->","yoast_head_json":{"title":"Herbstferien 2026 - Reisen g\u00fcnstig buchen mit Preisvergleich","description":"Jetzt clever Urlaub in den Herbstferien buchen: fairer Anbieter-Preisvergleich, Hotelbewertungen und ab allen Flughafen, u.a. Basel.","robots":{"index":"index","follow":"follow","max-snippet":"max-snippet:-1","max-image-preview":"max-image-preview:large","max-video-preview":"max-video-preview:-1"},"canonical":"https:\/\/www.ihr-ferienpartner.de\/mobil\/herbstferien-ab-basel\/","og_locale":"de_DE","og_type":"article","og_title":"Herbstferien 2026 - Reisen g\u00fcnstig buchen mit Preisvergleich","og_description":"Jetzt clever Urlaub in den Herbstferien buchen: fairer Anbieter-Preisvergleich, Hotelbewertungen und ab allen Flughafen, u.a. Basel.","og_url":"https:\/\/www.ihr-ferienpartner.de\/mobil\/herbstferien-ab-basel\/","og_site_name":"FINDE DEIN SPONTANIEN - Reisen g\u00fcnstig buchen","og_image":[{"url":"https:\/\/www.ihr-ferienpartner.de\/Angebot\/Teneriffa.jpg"}],"twitter_card":"summary_large_image","twitter_misc":{"Gesch\u00e4tzte Lesezeit":"2\u00a0Minuten"},"schema":{"@context":"https:\/\/schema.org","@graph":[{"@type":"WebPage","@id":"https:\/\/www.ihr-ferienpartner.de\/mobil\/herbstferien-ab-basel\/","url":"https:\/\/www.ihr-ferienpartner.de\/mobil\/herbstferien-ab-basel\/","name":"Herbstferien 2026 - Reisen g\u00fcnstig buchen mit Preisvergleich","isPartOf":{"@id":"https:\/\/www.ihr-ferienpartner.de\/mobil\/#website"},"primaryImageOfPage":{"@id":"https:\/\/www.ihr-ferienpartner.de\/mobil\/herbstferien-ab-basel\/#primaryimage"},"image":{"@id":"https:\/\/www.ihr-ferienpartner.de\/mobil\/herbstferien-ab-basel\/#primaryimage"},"thumbnailUrl":"https:\/\/www.ihr-ferienpartner.de\/Angebot\/Teneriffa.jpg","datePublished":"2026-01-28T15:07:21+00:00","dateModified":"2026-01-28T15:07:21+00:00","description":"Jetzt clever Urlaub in den Herbstferien buchen: fairer Anbieter-Preisvergleich, Hotelbewertungen und ab allen Flughafen, u.a. Basel.","breadcrumb":{"@id":"https:\/\/www.ihr-ferienpartner.de\/mobil\/herbstferien-ab-basel\/#breadcrumb"},"inLanguage":"de","potentialAction":[{"@type":"ReadAction","target":["https:\/\/www.ihr-ferienpartner.de\/mobil\/herbstferien-ab-basel\/"]}]},{"@type":"ImageObject","inLanguage":"de","@id":"https:\/\/www.ihr-ferienpartner.de\/mobil\/herbstferien-ab-basel\/#primaryimage","url":"https:\/\/www.ihr-ferienpartner.de\/Angebot\/Teneriffa.jpg","contentUrl":"https:\/\/www.ihr-ferienpartner.de\/Angebot\/Teneriffa.jpg"},{"@type":"BreadcrumbList","@id":"https:\/\/www.ihr-ferienpartner.de\/mobil\/herbstferien-ab-basel\/#breadcrumb","itemListElement":[{"@type":"ListItem","position":1,"name":"Startseite","item":"https:\/\/www.ihr-ferienpartner.de\/mobil\/"},{"@type":"ListItem","position":2,"name":"Herbstferien 2026 &#8211; ab BaW\u00fc-Flughafen, z.B. ab Basel, Baden-Baden &amp; Stuttgart"}]},{"@type":"WebSite","@id":"https:\/\/www.ihr-ferienpartner.de\/mobil\/#website","url":"https:\/\/www.ihr-ferienpartner.de\/mobil\/","name":"FINDE DEIN SPONTANIEN - Reisen g\u00fcnstig buchen","description":"Flugreisen im Preisvergleich mit flexiblen Terminen &amp; Abflughafen.","publisher":{"@id":"https:\/\/www.ihr-ferienpartner.de\/mobil\/#organization"},"potentialAction":[{"@type":"SearchAction","target":{"@type":"EntryPoint","urlTemplate":"https:\/\/www.ihr-ferienpartner.de\/mobil\/?s={search_term_string}"},"query-input":"required name=search_term_string"}],"inLanguage":"de"},{"@type":"Organization","@id":"https:\/\/www.ihr-ferienpartner.de\/mobil\/#organization","name":"FINDE DEIN SPONTANIEN - Reisen g\u00fcnstig buchen","url":"https:\/\/www.ihr-ferienpartner.de\/mobil\/","logo":{"@type":"ImageObject","inLanguage":"de","@id":"https:\/\/www.ihr-ferienpartner.de\/mobil\/#\/schema\/logo\/image\/","url":"https:\/\/www.ihr-ferienpartner.de\/mobil\/wp-content\/uploads\/2019\/10\/spontanien.jpg","contentUrl":"https:\/\/www.ihr-ferienpartner.de\/mobil\/wp-content\/uploads\/2019\/10\/spontanien.jpg","width":818,"height":200,"caption":"FINDE DEIN SPONTANIEN - Reisen g\u00fcnstig buchen"},"image":{"@id":"https:\/\/www.ihr-ferienpartner.de\/mobil\/#\/schema\/logo\/image\/"}}]}},"_links":{"self":[{"href":"https:\/\/www.ihr-ferienpartner.de\/mobil\/wp-json\/wp\/v2\/pages\/1679"}],"collection":[{"href":"https:\/\/www.ihr-ferienpartner.de\/mobil\/wp-json\/wp\/v2\/pages"}],"about":[{"href":"https:\/\/www.ihr-ferienpartner.de\/mobil\/wp-json\/wp\/v2\/types\/page"}],"author":[{"embeddable":true,"href":"https:\/\/www.ihr-ferienpartner.de\/mobil\/wp-json\/wp\/v2\/users\/1"}],"replies":[{"embeddable":true,"href":"https:\/\/www.ihr-ferienpartner.de\/mobil\/wp-json\/wp\/v2\/comments?post=1679"}],"version-history":[{"count":41,"href":"https:\/\/www.ihr-ferienpartner.de\/mobil\/wp-json\/wp\/v2\/pages\/1679\/revisions"}],"predecessor-version":[{"id":5842,"href":"https:\/\/www.ihr-ferienpartner.de\/mobil\/wp-json\/wp\/v2\/pages\/1679\/revisions\/5842"}],"wp:attachment":[{"href":"https:\/\/www.ihr-ferienpartner.de\/mobil\/wp-json\/wp\/v2\/media?parent=1679"}],"curies":[{"name":"wp","href":"https:\/\/api.w.org\/{rel}","templated":true}]}}