{"id":1893,"date":"2024-06-17T12:52:19","date_gmt":"2024-06-17T10:52:19","guid":{"rendered":"http:\/\/www.ihr-ferienpartner.de\/mobil\/?page_id=1893"},"modified":"2024-06-17T12:56:22","modified_gmt":"2024-06-17T10:56:22","slug":"alcudia-pins","status":"publish","type":"page","link":"https:\/\/www.ihr-ferienpartner.de\/mobil\/alcudia-pins\/","title":{"rendered":"Alcudia Pins"},"content":{"rendered":"<div style=\"background-color: #ffffff; padding: 20px 20px 20px 20px;\">\n<h1>TUI BLUE Alcudia Pins<\/h1>\n<p><img decoding=\"async\" src=\"https:\/\/www.ihr-ferienpartner.de\/Mallorca\/AlcudiaPins.jpg\" alt=\"Willkommen auf der Alcudia Pins-Webseite von ihr-ferienpartner.de\" title=\"Reisen nach Mallorca mit Alcudia Pins-Hotel-Tipp an der Platja de Muro\"><br \/>\n<font size=\"-1\">Das Strandhotel TUI BLUE Alcudia Pins &#8211; ehemals TUI Family Life Alcudia Pins &#8211; liegt direkt an der &#8222;Playa de Muro&#8220;. Die gro\u00dfz\u00fcgige Poollandschaft besteht aus mehreren Pools sowie einem separaten Kinderbecken und Wasserrutsche. F\u00fcr die G\u00e4sten stehen am Pool Sonnenliegen, Sonnenschirme und Poolt\u00fccher zur Verf\u00fcgung. Ein umfangreiches Sport- und Kinderanimationsprogramm wird angeboten.<\/font><\/p>\n<hr>\n<p><b><font color=\"b62b31\">alle Hotels auf:<\/font><\/b> <a href=\"https:\/\/www.ihr-ferienpartner.de\/mobil\/mallorca\/\">Mallorca &gt;&gt;<\/a><\/p>\n<hr>\n<div id=\"ypsnet-ibe\" data-src=\"https:\/\/b2b.specials.de\/index\/jump\/119\/2780\/991880\/?action=dates&amp;regionId=133&amp;from=15&amp;to=316&amp;duration=7-7&amp;maxPrice=5000&amp;adults=2&amp;giataId=53376\"><\/div>\n<p><script src=\"https:\/\/webmedia.ypsilon.net\/spl_js\/ypsnet-ibe.js\"><\/script><\/p>\n<\/div>\n<div style=\"background-color: #ffffff; padding: 20px 20px 20px 20px;\">\n<hr>\n<p><b>Urlaub im Alcudia Pins in Playa de Muro:<\/b><br \/>\n<img decoding=\"async\" src=\"https:\/\/www.ihr-ferienpartner.de\/Mallorca\/MuroBeach.jpg\" alt=\"Traumhafte Playa de Muro\" title=\"Traumstrand Playa de Muro\"><br \/>\nBuchen Sie Ihre Mallorca-Reise und profitieren Sie u.a. vom Anbieter-Preisvergleich und Hotel-Rankings aus \u00fcber 1.000.000 authentischen Hotelbewertungen.<\/p>\n<p><img decoding=\"async\" src=\"https:\/\/www.ihr-ferienpartner.de\/Angebot\/Anbietervergleich.jpg\" alt=\"Reisen nach Mallorca in Tui-Best-Family-Hotel\" title=\"Reisen nach Mallorca ins TUI BLUE Alcudia Pins, Tui-Hotel-Tipp\"><\/p>\n<\/div>\n","protected":false},"excerpt":{"rendered":"<p>TUI BLUE Alcudia Pins Das Strandhotel TUI BLUE Alcudia Pins &#8211; ehemals TUI Family Life Alcudia Pins &#8211; liegt direkt an der &#8222;Playa de Muro&#8220;. Die gro\u00dfz\u00fcgige Poollandschaft besteht aus mehreren Pools sowie einem separaten Kinderbecken und Wasserrutsche. F\u00fcr die G\u00e4sten stehen am Pool Sonnenliegen, Sonnenschirme und Poolt\u00fccher zur Verf\u00fcgung. Ein umfangreiches Sport- und Kinderanimationsprogramm [&hellip;]<\/p>\n","protected":false},"author":1,"featured_media":0,"parent":0,"menu_order":0,"comment_status":"closed","ping_status":"closed","template":"","meta":{"footnotes":""},"yoast_head":"<!-- This site is optimized with the Yoast SEO plugin v22.8 - https:\/\/yoast.com\/wordpress\/plugins\/seo\/ -->\n<title>Alcudia Pins, Playa de Muro - Flugreisen g\u00fcnstig buchen<\/title>\n<meta name=\"description\" content=\"Mallorca clever buchen: Fr\u00fchbucher &amp; Last Minute-Rabatte, Anbieter-Preisvergleich, Bewertungsinfos, flexible Termine und Abflughafen.\" \/>\n<meta name=\"robots\" content=\"index, follow, max-snippet:-1, max-image-preview:large, max-video-preview:-1\" \/>\n<link rel=\"canonical\" href=\"https:\/\/www.ihr-ferienpartner.de\/mobil\/alcudia-pins\/\" \/>\n<meta property=\"og:locale\" content=\"de_DE\" \/>\n<meta property=\"og:type\" content=\"article\" \/>\n<meta property=\"og:title\" content=\"Alcudia Pins, Playa de Muro - Flugreisen g\u00fcnstig buchen\" \/>\n<meta property=\"og:description\" content=\"Mallorca clever buchen: Fr\u00fchbucher &amp; Last Minute-Rabatte, Anbieter-Preisvergleich, Bewertungsinfos, flexible Termine und Abflughafen.\" \/>\n<meta property=\"og:url\" content=\"https:\/\/www.ihr-ferienpartner.de\/mobil\/alcudia-pins\/\" \/>\n<meta property=\"og:site_name\" content=\"FINDE DEIN SPONTANIEN - Reisen g\u00fcnstig buchen\" \/>\n<meta property=\"article:modified_time\" content=\"2024-06-17T10:56:22+00:00\" \/>\n<meta property=\"og:image\" content=\"https:\/\/www.ihr-ferienpartner.de\/Mallorca\/AlcudiaPins.jpg\" \/>\n<meta name=\"twitter:card\" content=\"summary_large_image\" \/>\n<meta name=\"twitter:label1\" content=\"Gesch\u00e4tzte Lesezeit\" \/>\n\t<meta name=\"twitter:data1\" content=\"2\u00a0Minuten\" \/>\n<script type=\"application\/ld+json\" class=\"yoast-schema-graph\">{\"@context\":\"https:\/\/schema.org\",\"@graph\":[{\"@type\":\"WebPage\",\"@id\":\"https:\/\/www.ihr-ferienpartner.de\/mobil\/alcudia-pins\/\",\"url\":\"https:\/\/www.ihr-ferienpartner.de\/mobil\/alcudia-pins\/\",\"name\":\"Alcudia Pins, Playa de Muro - Flugreisen g\u00fcnstig buchen\",\"isPartOf\":{\"@id\":\"https:\/\/www.ihr-ferienpartner.de\/mobil\/#website\"},\"primaryImageOfPage\":{\"@id\":\"https:\/\/www.ihr-ferienpartner.de\/mobil\/alcudia-pins\/#primaryimage\"},\"image\":{\"@id\":\"https:\/\/www.ihr-ferienpartner.de\/mobil\/alcudia-pins\/#primaryimage\"},\"thumbnailUrl\":\"https:\/\/www.ihr-ferienpartner.de\/Mallorca\/AlcudiaPins.jpg\",\"datePublished\":\"2024-06-17T10:52:19+00:00\",\"dateModified\":\"2024-06-17T10:56:22+00:00\",\"description\":\"Mallorca clever buchen: Fr\u00fchbucher & Last Minute-Rabatte, Anbieter-Preisvergleich, Bewertungsinfos, flexible Termine und Abflughafen.\",\"breadcrumb\":{\"@id\":\"https:\/\/www.ihr-ferienpartner.de\/mobil\/alcudia-pins\/#breadcrumb\"},\"inLanguage\":\"de\",\"potentialAction\":[{\"@type\":\"ReadAction\",\"target\":[\"https:\/\/www.ihr-ferienpartner.de\/mobil\/alcudia-pins\/\"]}]},{\"@type\":\"ImageObject\",\"inLanguage\":\"de\",\"@id\":\"https:\/\/www.ihr-ferienpartner.de\/mobil\/alcudia-pins\/#primaryimage\",\"url\":\"https:\/\/www.ihr-ferienpartner.de\/Mallorca\/AlcudiaPins.jpg\",\"contentUrl\":\"https:\/\/www.ihr-ferienpartner.de\/Mallorca\/AlcudiaPins.jpg\"},{\"@type\":\"BreadcrumbList\",\"@id\":\"https:\/\/www.ihr-ferienpartner.de\/mobil\/alcudia-pins\/#breadcrumb\",\"itemListElement\":[{\"@type\":\"ListItem\",\"position\":1,\"name\":\"Startseite\",\"item\":\"https:\/\/www.ihr-ferienpartner.de\/mobil\/\"},{\"@type\":\"ListItem\",\"position\":2,\"name\":\"Alcudia Pins\"}]},{\"@type\":\"WebSite\",\"@id\":\"https:\/\/www.ihr-ferienpartner.de\/mobil\/#website\",\"url\":\"https:\/\/www.ihr-ferienpartner.de\/mobil\/\",\"name\":\"FINDE DEIN SPONTANIEN - Reisen g\u00fcnstig buchen\",\"description\":\"Flugreisen im Preisvergleich mit flexiblen Terminen &amp; Abflughafen.\",\"publisher\":{\"@id\":\"https:\/\/www.ihr-ferienpartner.de\/mobil\/#organization\"},\"potentialAction\":[{\"@type\":\"SearchAction\",\"target\":{\"@type\":\"EntryPoint\",\"urlTemplate\":\"https:\/\/www.ihr-ferienpartner.de\/mobil\/?s={search_term_string}\"},\"query-input\":\"required name=search_term_string\"}],\"inLanguage\":\"de\"},{\"@type\":\"Organization\",\"@id\":\"https:\/\/www.ihr-ferienpartner.de\/mobil\/#organization\",\"name\":\"FINDE DEIN SPONTANIEN - Reisen g\u00fcnstig buchen\",\"url\":\"https:\/\/www.ihr-ferienpartner.de\/mobil\/\",\"logo\":{\"@type\":\"ImageObject\",\"inLanguage\":\"de\",\"@id\":\"https:\/\/www.ihr-ferienpartner.de\/mobil\/#\/schema\/logo\/image\/\",\"url\":\"https:\/\/www.ihr-ferienpartner.de\/mobil\/wp-content\/uploads\/2019\/10\/spontanien.jpg\",\"contentUrl\":\"https:\/\/www.ihr-ferienpartner.de\/mobil\/wp-content\/uploads\/2019\/10\/spontanien.jpg\",\"width\":818,\"height\":200,\"caption\":\"FINDE DEIN SPONTANIEN - Reisen g\u00fcnstig buchen\"},\"image\":{\"@id\":\"https:\/\/www.ihr-ferienpartner.de\/mobil\/#\/schema\/logo\/image\/\"}}]}<\/script>\n<!-- \/ Yoast SEO plugin. -->","yoast_head_json":{"title":"Alcudia Pins, Playa de Muro - Flugreisen g\u00fcnstig buchen","description":"Mallorca clever buchen: Fr\u00fchbucher & Last Minute-Rabatte, Anbieter-Preisvergleich, Bewertungsinfos, flexible Termine und Abflughafen.","robots":{"index":"index","follow":"follow","max-snippet":"max-snippet:-1","max-image-preview":"max-image-preview:large","max-video-preview":"max-video-preview:-1"},"canonical":"https:\/\/www.ihr-ferienpartner.de\/mobil\/alcudia-pins\/","og_locale":"de_DE","og_type":"article","og_title":"Alcudia Pins, Playa de Muro - Flugreisen g\u00fcnstig buchen","og_description":"Mallorca clever buchen: Fr\u00fchbucher & Last Minute-Rabatte, Anbieter-Preisvergleich, Bewertungsinfos, flexible Termine und Abflughafen.","og_url":"https:\/\/www.ihr-ferienpartner.de\/mobil\/alcudia-pins\/","og_site_name":"FINDE DEIN SPONTANIEN - Reisen g\u00fcnstig buchen","article_modified_time":"2024-06-17T10:56:22+00:00","og_image":[{"url":"https:\/\/www.ihr-ferienpartner.de\/Mallorca\/AlcudiaPins.jpg"}],"twitter_card":"summary_large_image","twitter_misc":{"Gesch\u00e4tzte Lesezeit":"2\u00a0Minuten"},"schema":{"@context":"https:\/\/schema.org","@graph":[{"@type":"WebPage","@id":"https:\/\/www.ihr-ferienpartner.de\/mobil\/alcudia-pins\/","url":"https:\/\/www.ihr-ferienpartner.de\/mobil\/alcudia-pins\/","name":"Alcudia Pins, Playa de Muro - Flugreisen g\u00fcnstig buchen","isPartOf":{"@id":"https:\/\/www.ihr-ferienpartner.de\/mobil\/#website"},"primaryImageOfPage":{"@id":"https:\/\/www.ihr-ferienpartner.de\/mobil\/alcudia-pins\/#primaryimage"},"image":{"@id":"https:\/\/www.ihr-ferienpartner.de\/mobil\/alcudia-pins\/#primaryimage"},"thumbnailUrl":"https:\/\/www.ihr-ferienpartner.de\/Mallorca\/AlcudiaPins.jpg","datePublished":"2024-06-17T10:52:19+00:00","dateModified":"2024-06-17T10:56:22+00:00","description":"Mallorca clever buchen: Fr\u00fchbucher & Last Minute-Rabatte, Anbieter-Preisvergleich, Bewertungsinfos, flexible Termine und Abflughafen.","breadcrumb":{"@id":"https:\/\/www.ihr-ferienpartner.de\/mobil\/alcudia-pins\/#breadcrumb"},"inLanguage":"de","potentialAction":[{"@type":"ReadAction","target":["https:\/\/www.ihr-ferienpartner.de\/mobil\/alcudia-pins\/"]}]},{"@type":"ImageObject","inLanguage":"de","@id":"https:\/\/www.ihr-ferienpartner.de\/mobil\/alcudia-pins\/#primaryimage","url":"https:\/\/www.ihr-ferienpartner.de\/Mallorca\/AlcudiaPins.jpg","contentUrl":"https:\/\/www.ihr-ferienpartner.de\/Mallorca\/AlcudiaPins.jpg"},{"@type":"BreadcrumbList","@id":"https:\/\/www.ihr-ferienpartner.de\/mobil\/alcudia-pins\/#breadcrumb","itemListElement":[{"@type":"ListItem","position":1,"name":"Startseite","item":"https:\/\/www.ihr-ferienpartner.de\/mobil\/"},{"@type":"ListItem","position":2,"name":"Alcudia Pins"}]},{"@type":"WebSite","@id":"https:\/\/www.ihr-ferienpartner.de\/mobil\/#website","url":"https:\/\/www.ihr-ferienpartner.de\/mobil\/","name":"FINDE DEIN SPONTANIEN - Reisen g\u00fcnstig buchen","description":"Flugreisen im Preisvergleich mit flexiblen Terminen &amp; Abflughafen.","publisher":{"@id":"https:\/\/www.ihr-ferienpartner.de\/mobil\/#organization"},"potentialAction":[{"@type":"SearchAction","target":{"@type":"EntryPoint","urlTemplate":"https:\/\/www.ihr-ferienpartner.de\/mobil\/?s={search_term_string}"},"query-input":"required name=search_term_string"}],"inLanguage":"de"},{"@type":"Organization","@id":"https:\/\/www.ihr-ferienpartner.de\/mobil\/#organization","name":"FINDE DEIN SPONTANIEN - Reisen g\u00fcnstig buchen","url":"https:\/\/www.ihr-ferienpartner.de\/mobil\/","logo":{"@type":"ImageObject","inLanguage":"de","@id":"https:\/\/www.ihr-ferienpartner.de\/mobil\/#\/schema\/logo\/image\/","url":"https:\/\/www.ihr-ferienpartner.de\/mobil\/wp-content\/uploads\/2019\/10\/spontanien.jpg","contentUrl":"https:\/\/www.ihr-ferienpartner.de\/mobil\/wp-content\/uploads\/2019\/10\/spontanien.jpg","width":818,"height":200,"caption":"FINDE DEIN SPONTANIEN - Reisen g\u00fcnstig buchen"},"image":{"@id":"https:\/\/www.ihr-ferienpartner.de\/mobil\/#\/schema\/logo\/image\/"}}]}},"_links":{"self":[{"href":"https:\/\/www.ihr-ferienpartner.de\/mobil\/wp-json\/wp\/v2\/pages\/1893"}],"collection":[{"href":"https:\/\/www.ihr-ferienpartner.de\/mobil\/wp-json\/wp\/v2\/pages"}],"about":[{"href":"https:\/\/www.ihr-ferienpartner.de\/mobil\/wp-json\/wp\/v2\/types\/page"}],"author":[{"embeddable":true,"href":"https:\/\/www.ihr-ferienpartner.de\/mobil\/wp-json\/wp\/v2\/users\/1"}],"replies":[{"embeddable":true,"href":"https:\/\/www.ihr-ferienpartner.de\/mobil\/wp-json\/wp\/v2\/comments?post=1893"}],"version-history":[{"count":8,"href":"https:\/\/www.ihr-ferienpartner.de\/mobil\/wp-json\/wp\/v2\/pages\/1893\/revisions"}],"predecessor-version":[{"id":5642,"href":"https:\/\/www.ihr-ferienpartner.de\/mobil\/wp-json\/wp\/v2\/pages\/1893\/revisions\/5642"}],"wp:attachment":[{"href":"https:\/\/www.ihr-ferienpartner.de\/mobil\/wp-json\/wp\/v2\/media?parent=1893"}],"curies":[{"name":"wp","href":"https:\/\/api.w.org\/{rel}","templated":true}]}}