{"id":1897,"date":"2024-07-12T09:36:23","date_gmt":"2024-07-12T07:36:23","guid":{"rendered":"http:\/\/www.ihr-ferienpartner.de\/mobil\/?page_id=1897"},"modified":"2024-07-12T09:36:23","modified_gmt":"2024-07-12T07:36:23","slug":"playa-de-muro","status":"publish","type":"page","link":"https:\/\/www.ihr-ferienpartner.de\/mobil\/playa-de-muro\/","title":{"rendered":"Playa de Muro"},"content":{"rendered":"<div style=\"background-color: #ffffff; padding: 20px 20px 20px 20px;\">\n<h1>Urlaub an der Playa de Muro &#8211; Mallorca<\/h1>\n<p><img decoding=\"async\" src=\"https:\/\/www.ihr-ferienpartner.de\/Mallorca\/MuroBeach.jpg\" alt=\"Urlaub am Strand Playa de Muro g\u00fcnstig buchen\" title=\"Reisen nach Mallorca an die Playa de Muro mit gro\u00dfer Hotelauswahl\"><br \/>\n<font size=\"-1\">Playa de Muro liegt zentral in der Bucht von Alcudia an der Nordostk\u00fcste der Insel. Der traumhafte lange, flachabfallende Sandstrand ist ideal f\u00fcr erholsamen Badeurlaub, insbesondere f\u00fcr Familien.<\/font><\/p>\n<hr>\n<p><font size=\"-1\"><b><font color=\"b62b31\">Unsere Hotel-Tipps:<\/font><\/b> <a href=\"https:\/\/www.ihr-ferienpartner.de\/mobil\/allsun-eden-playa\">allsun Eden Playa &gt;&gt;<\/a> &#8211; <a href=\"https:\/\/www.ihr-ferienpartner.de\/mobil\/alcudia-pins\/\">TUI FAMILY LIFE Alcudia Pins &gt;&gt;<\/a> &#8211;  <a href=\"https:\/\/www.ihr-ferienpartner.de\/mobil\/tui-best-family-playa-garden\/\">Playa Garden &gt;&gt;<\/a><\/font><br \/>\n<font size=\"-1\"><b><font color=\"b62b31\">Beliebte Nachbarorte:<\/font><\/b> <a href=\"https:\/\/www.ihr-ferienpartner.de\/mobil\/alcudia\" title=\"Angebote in Port d'Alcudia\">Port d&#8217;Alcudia &gt;&gt;<\/a> &#8211; <a href=\"https:\/\/www.ihr-ferienpartner.de\/mobil\/can-picafort\/\" title=\"Angebote in Can Picafort\">Can Picafort &gt;&gt;<\/a><\/font><\/p>\n<hr>\n<div id=\"ypsnet-ibe\" data-src=\"https:\/\/b2b.specials.de\/index\/jump\/119\/2780\/991880\/?action=dates&amp;regionId=133&amp;cityId=10422&amp;from=15&amp;to=316&amp;duration=7-7&amp;maxPrice=5000&amp;adults=2&amp;category=3&amp;minRecommrate=70\"><\/div>\n<p><script src=\"https:\/\/webmedia.ypsilon.net\/spl_js\/ypsnet-ibe.js\"><\/script><\/p>\n<\/div>\n<div style=\"background-color: #ffffff; padding: 20px 20px 20px 20px;\">\n<hr>\n<p><b>Hotel-Urlaub an der Playa de Muro:<\/b><br \/>\nBuchen Sie Ihre Mallorca-Reise und profitieren Sie u.a. vom Anbieter-Preisvergleich und Hotel-Rankings aus \u00fcber 1.000.000 authentischen Hotelbewertungen.<\/p>\n<p><img decoding=\"async\" src=\"https:\/\/www.ihr-ferienpartner.de\/Angebot\/Anbietervergleich.jpg\" alt=\"Reisen nach Mallorca an die Playa de Muro\" title=\"Reisen nach Mallorca mit gro\u00dfer Hotelauswahl\"><\/p>\n<\/div>\n","protected":false},"excerpt":{"rendered":"<p>Urlaub an der Playa de Muro &#8211; Mallorca Playa de Muro liegt zentral in der Bucht von Alcudia an der Nordostk\u00fcste der Insel. Der traumhafte lange, flachabfallende Sandstrand ist ideal f\u00fcr erholsamen Badeurlaub, insbesondere f\u00fcr Familien. Unsere Hotel-Tipps: allsun Eden Playa &gt;&gt; &#8211; TUI FAMILY LIFE Alcudia Pins &gt;&gt; &#8211; Playa Garden &gt;&gt; Beliebte Nachbarorte: [&hellip;]<\/p>\n","protected":false},"author":1,"featured_media":0,"parent":0,"menu_order":0,"comment_status":"closed","ping_status":"closed","template":"","meta":{"footnotes":""},"yoast_head":"<!-- This site is optimized with the Yoast SEO plugin v22.8 - https:\/\/yoast.com\/wordpress\/plugins\/seo\/ -->\n<title>PLAYA DE MURO - Urlaub an Mallorcas sch\u00f6nsten Str\u00e4nden<\/title>\n<meta name=\"description\" content=\"Reisen g\u00fcnstig buchen: Hotelbewertungen, Last Minute &amp; Fr\u00fchbucher-Preise, gro\u00dfe Hotelauswahl, Preisvergleich, flexible Termine &amp; Flughafen.\" \/>\n<meta name=\"robots\" content=\"index, follow, max-snippet:-1, max-image-preview:large, max-video-preview:-1\" \/>\n<link rel=\"canonical\" href=\"https:\/\/www.ihr-ferienpartner.de\/mobil\/playa-de-muro\/\" \/>\n<meta property=\"og:locale\" content=\"de_DE\" \/>\n<meta property=\"og:type\" content=\"article\" \/>\n<meta property=\"og:title\" content=\"PLAYA DE MURO - Urlaub an Mallorcas sch\u00f6nsten Str\u00e4nden\" \/>\n<meta property=\"og:description\" content=\"Reisen g\u00fcnstig buchen: Hotelbewertungen, Last Minute &amp; Fr\u00fchbucher-Preise, gro\u00dfe Hotelauswahl, Preisvergleich, flexible Termine &amp; Flughafen.\" \/>\n<meta property=\"og:url\" content=\"https:\/\/www.ihr-ferienpartner.de\/mobil\/playa-de-muro\/\" \/>\n<meta property=\"og:site_name\" content=\"FINDE DEIN SPONTANIEN - Reisen g\u00fcnstig buchen\" \/>\n<meta property=\"og:image\" content=\"https:\/\/www.ihr-ferienpartner.de\/Mallorca\/MuroBeach.jpg\" \/>\n<meta name=\"twitter:card\" content=\"summary_large_image\" \/>\n<meta name=\"twitter:label1\" content=\"Gesch\u00e4tzte Lesezeit\" \/>\n\t<meta name=\"twitter:data1\" content=\"1\u00a0Minute\" \/>\n<script type=\"application\/ld+json\" class=\"yoast-schema-graph\">{\"@context\":\"https:\/\/schema.org\",\"@graph\":[{\"@type\":\"WebPage\",\"@id\":\"https:\/\/www.ihr-ferienpartner.de\/mobil\/playa-de-muro\/\",\"url\":\"https:\/\/www.ihr-ferienpartner.de\/mobil\/playa-de-muro\/\",\"name\":\"PLAYA DE MURO - Urlaub an Mallorcas sch\u00f6nsten Str\u00e4nden\",\"isPartOf\":{\"@id\":\"https:\/\/www.ihr-ferienpartner.de\/mobil\/#website\"},\"primaryImageOfPage\":{\"@id\":\"https:\/\/www.ihr-ferienpartner.de\/mobil\/playa-de-muro\/#primaryimage\"},\"image\":{\"@id\":\"https:\/\/www.ihr-ferienpartner.de\/mobil\/playa-de-muro\/#primaryimage\"},\"thumbnailUrl\":\"https:\/\/www.ihr-ferienpartner.de\/Mallorca\/MuroBeach.jpg\",\"datePublished\":\"2024-07-12T07:36:23+00:00\",\"dateModified\":\"2024-07-12T07:36:23+00:00\",\"description\":\"Reisen g\u00fcnstig buchen: Hotelbewertungen, Last Minute & Fr\u00fchbucher-Preise, gro\u00dfe Hotelauswahl, Preisvergleich, flexible Termine & Flughafen.\",\"breadcrumb\":{\"@id\":\"https:\/\/www.ihr-ferienpartner.de\/mobil\/playa-de-muro\/#breadcrumb\"},\"inLanguage\":\"de\",\"potentialAction\":[{\"@type\":\"ReadAction\",\"target\":[\"https:\/\/www.ihr-ferienpartner.de\/mobil\/playa-de-muro\/\"]}]},{\"@type\":\"ImageObject\",\"inLanguage\":\"de\",\"@id\":\"https:\/\/www.ihr-ferienpartner.de\/mobil\/playa-de-muro\/#primaryimage\",\"url\":\"https:\/\/www.ihr-ferienpartner.de\/Mallorca\/MuroBeach.jpg\",\"contentUrl\":\"https:\/\/www.ihr-ferienpartner.de\/Mallorca\/MuroBeach.jpg\"},{\"@type\":\"BreadcrumbList\",\"@id\":\"https:\/\/www.ihr-ferienpartner.de\/mobil\/playa-de-muro\/#breadcrumb\",\"itemListElement\":[{\"@type\":\"ListItem\",\"position\":1,\"name\":\"Startseite\",\"item\":\"https:\/\/www.ihr-ferienpartner.de\/mobil\/\"},{\"@type\":\"ListItem\",\"position\":2,\"name\":\"Playa de Muro\"}]},{\"@type\":\"WebSite\",\"@id\":\"https:\/\/www.ihr-ferienpartner.de\/mobil\/#website\",\"url\":\"https:\/\/www.ihr-ferienpartner.de\/mobil\/\",\"name\":\"FINDE DEIN SPONTANIEN - Reisen g\u00fcnstig buchen\",\"description\":\"Flugreisen im Preisvergleich mit flexiblen Terminen &amp; Abflughafen.\",\"publisher\":{\"@id\":\"https:\/\/www.ihr-ferienpartner.de\/mobil\/#organization\"},\"potentialAction\":[{\"@type\":\"SearchAction\",\"target\":{\"@type\":\"EntryPoint\",\"urlTemplate\":\"https:\/\/www.ihr-ferienpartner.de\/mobil\/?s={search_term_string}\"},\"query-input\":\"required name=search_term_string\"}],\"inLanguage\":\"de\"},{\"@type\":\"Organization\",\"@id\":\"https:\/\/www.ihr-ferienpartner.de\/mobil\/#organization\",\"name\":\"FINDE DEIN SPONTANIEN - Reisen g\u00fcnstig buchen\",\"url\":\"https:\/\/www.ihr-ferienpartner.de\/mobil\/\",\"logo\":{\"@type\":\"ImageObject\",\"inLanguage\":\"de\",\"@id\":\"https:\/\/www.ihr-ferienpartner.de\/mobil\/#\/schema\/logo\/image\/\",\"url\":\"https:\/\/www.ihr-ferienpartner.de\/mobil\/wp-content\/uploads\/2019\/10\/spontanien.jpg\",\"contentUrl\":\"https:\/\/www.ihr-ferienpartner.de\/mobil\/wp-content\/uploads\/2019\/10\/spontanien.jpg\",\"width\":818,\"height\":200,\"caption\":\"FINDE DEIN SPONTANIEN - Reisen g\u00fcnstig buchen\"},\"image\":{\"@id\":\"https:\/\/www.ihr-ferienpartner.de\/mobil\/#\/schema\/logo\/image\/\"}}]}<\/script>\n<!-- \/ Yoast SEO plugin. -->","yoast_head_json":{"title":"PLAYA DE MURO - Urlaub an Mallorcas sch\u00f6nsten Str\u00e4nden","description":"Reisen g\u00fcnstig buchen: Hotelbewertungen, Last Minute & Fr\u00fchbucher-Preise, gro\u00dfe Hotelauswahl, Preisvergleich, flexible Termine & Flughafen.","robots":{"index":"index","follow":"follow","max-snippet":"max-snippet:-1","max-image-preview":"max-image-preview:large","max-video-preview":"max-video-preview:-1"},"canonical":"https:\/\/www.ihr-ferienpartner.de\/mobil\/playa-de-muro\/","og_locale":"de_DE","og_type":"article","og_title":"PLAYA DE MURO - Urlaub an Mallorcas sch\u00f6nsten Str\u00e4nden","og_description":"Reisen g\u00fcnstig buchen: Hotelbewertungen, Last Minute & Fr\u00fchbucher-Preise, gro\u00dfe Hotelauswahl, Preisvergleich, flexible Termine & Flughafen.","og_url":"https:\/\/www.ihr-ferienpartner.de\/mobil\/playa-de-muro\/","og_site_name":"FINDE DEIN SPONTANIEN - Reisen g\u00fcnstig buchen","og_image":[{"url":"https:\/\/www.ihr-ferienpartner.de\/Mallorca\/MuroBeach.jpg"}],"twitter_card":"summary_large_image","twitter_misc":{"Gesch\u00e4tzte Lesezeit":"1\u00a0Minute"},"schema":{"@context":"https:\/\/schema.org","@graph":[{"@type":"WebPage","@id":"https:\/\/www.ihr-ferienpartner.de\/mobil\/playa-de-muro\/","url":"https:\/\/www.ihr-ferienpartner.de\/mobil\/playa-de-muro\/","name":"PLAYA DE MURO - Urlaub an Mallorcas sch\u00f6nsten Str\u00e4nden","isPartOf":{"@id":"https:\/\/www.ihr-ferienpartner.de\/mobil\/#website"},"primaryImageOfPage":{"@id":"https:\/\/www.ihr-ferienpartner.de\/mobil\/playa-de-muro\/#primaryimage"},"image":{"@id":"https:\/\/www.ihr-ferienpartner.de\/mobil\/playa-de-muro\/#primaryimage"},"thumbnailUrl":"https:\/\/www.ihr-ferienpartner.de\/Mallorca\/MuroBeach.jpg","datePublished":"2024-07-12T07:36:23+00:00","dateModified":"2024-07-12T07:36:23+00:00","description":"Reisen g\u00fcnstig buchen: Hotelbewertungen, Last Minute & Fr\u00fchbucher-Preise, gro\u00dfe Hotelauswahl, Preisvergleich, flexible Termine & Flughafen.","breadcrumb":{"@id":"https:\/\/www.ihr-ferienpartner.de\/mobil\/playa-de-muro\/#breadcrumb"},"inLanguage":"de","potentialAction":[{"@type":"ReadAction","target":["https:\/\/www.ihr-ferienpartner.de\/mobil\/playa-de-muro\/"]}]},{"@type":"ImageObject","inLanguage":"de","@id":"https:\/\/www.ihr-ferienpartner.de\/mobil\/playa-de-muro\/#primaryimage","url":"https:\/\/www.ihr-ferienpartner.de\/Mallorca\/MuroBeach.jpg","contentUrl":"https:\/\/www.ihr-ferienpartner.de\/Mallorca\/MuroBeach.jpg"},{"@type":"BreadcrumbList","@id":"https:\/\/www.ihr-ferienpartner.de\/mobil\/playa-de-muro\/#breadcrumb","itemListElement":[{"@type":"ListItem","position":1,"name":"Startseite","item":"https:\/\/www.ihr-ferienpartner.de\/mobil\/"},{"@type":"ListItem","position":2,"name":"Playa de Muro"}]},{"@type":"WebSite","@id":"https:\/\/www.ihr-ferienpartner.de\/mobil\/#website","url":"https:\/\/www.ihr-ferienpartner.de\/mobil\/","name":"FINDE DEIN SPONTANIEN - Reisen g\u00fcnstig buchen","description":"Flugreisen im Preisvergleich mit flexiblen Terminen &amp; Abflughafen.","publisher":{"@id":"https:\/\/www.ihr-ferienpartner.de\/mobil\/#organization"},"potentialAction":[{"@type":"SearchAction","target":{"@type":"EntryPoint","urlTemplate":"https:\/\/www.ihr-ferienpartner.de\/mobil\/?s={search_term_string}"},"query-input":"required name=search_term_string"}],"inLanguage":"de"},{"@type":"Organization","@id":"https:\/\/www.ihr-ferienpartner.de\/mobil\/#organization","name":"FINDE DEIN SPONTANIEN - Reisen g\u00fcnstig buchen","url":"https:\/\/www.ihr-ferienpartner.de\/mobil\/","logo":{"@type":"ImageObject","inLanguage":"de","@id":"https:\/\/www.ihr-ferienpartner.de\/mobil\/#\/schema\/logo\/image\/","url":"https:\/\/www.ihr-ferienpartner.de\/mobil\/wp-content\/uploads\/2019\/10\/spontanien.jpg","contentUrl":"https:\/\/www.ihr-ferienpartner.de\/mobil\/wp-content\/uploads\/2019\/10\/spontanien.jpg","width":818,"height":200,"caption":"FINDE DEIN SPONTANIEN - Reisen g\u00fcnstig buchen"},"image":{"@id":"https:\/\/www.ihr-ferienpartner.de\/mobil\/#\/schema\/logo\/image\/"}}]}},"_links":{"self":[{"href":"https:\/\/www.ihr-ferienpartner.de\/mobil\/wp-json\/wp\/v2\/pages\/1897"}],"collection":[{"href":"https:\/\/www.ihr-ferienpartner.de\/mobil\/wp-json\/wp\/v2\/pages"}],"about":[{"href":"https:\/\/www.ihr-ferienpartner.de\/mobil\/wp-json\/wp\/v2\/types\/page"}],"author":[{"embeddable":true,"href":"https:\/\/www.ihr-ferienpartner.de\/mobil\/wp-json\/wp\/v2\/users\/1"}],"replies":[{"embeddable":true,"href":"https:\/\/www.ihr-ferienpartner.de\/mobil\/wp-json\/wp\/v2\/comments?post=1897"}],"version-history":[{"count":16,"href":"https:\/\/www.ihr-ferienpartner.de\/mobil\/wp-json\/wp\/v2\/pages\/1897\/revisions"}],"predecessor-version":[{"id":5298,"href":"https:\/\/www.ihr-ferienpartner.de\/mobil\/wp-json\/wp\/v2\/pages\/1897\/revisions\/5298"}],"wp:attachment":[{"href":"https:\/\/www.ihr-ferienpartner.de\/mobil\/wp-json\/wp\/v2\/media?parent=1897"}],"curies":[{"name":"wp","href":"https:\/\/api.w.org\/{rel}","templated":true}]}}