{"id":1905,"date":"2024-06-20T15:05:13","date_gmt":"2024-06-20T13:05:13","guid":{"rendered":"http:\/\/www.ihr-ferienpartner.de\/mobil\/?page_id=1905"},"modified":"2024-06-20T15:05:13","modified_gmt":"2024-06-20T13:05:13","slug":"can-picafort","status":"publish","type":"page","link":"https:\/\/www.ihr-ferienpartner.de\/mobil\/can-picafort\/","title":{"rendered":"Can Picafort"},"content":{"rendered":"<div style=\"background-color: #ffffff; padding: 20px 20px 20px 20px;\">\n<h1>Urlaub in Can Picafort &#8211; Mallorca<\/h1>\n<p><img decoding=\"async\" src=\"https:\/\/www.ihr-ferienpartner.de\/Angebot\/CanPicafort.jpg\" alt=\"Urlaub in Can Picafort g\u00fcnstig buchen\" title=\"Reisen nach Mallorca nach Can Picafort mit gro\u00dfer Hotelauswahl\"><br \/>\n<font size=\"-1\">Die Bucht von Can Picafort bietet eine traumhafte Kulisse. Der Blick entlang des kilometerlangen, flach abfallenden Sandstrands von Alcudia bis zum Cap Farrutx ist einfach traumhaft und versch\u00f6nert die Strandtage. Can Picafort selbst bietet neben der direkten Lage am Strand eine Fussg\u00e4ngerzone und eine Promenade direkt am Strand, welche mit Cafes, Restaurants und Gesch\u00e4ften aufwartet. Urlauber finden Hotels aller Klassen, ob in direkter Strandlage oder Clubanlagen mit gro\u00dfen G\u00e4rten ein paar Gehminuten vom Strand entfernt.<\/font><\/p>\n<hr>\n<p><font size=\"-1\"><b><font color=\"b62b31\">Unser Hotel-Tipp:<\/font><\/b> <a href=\"https:\/\/www.ihr-ferienpartner.de\/mobil\/grupotel-gran-vista-spa\/a\">Grupotel Gran Vista &amp; Spa &gt;&gt;<\/a><\/font><br \/>\n<font size=\"-1\"><b><font color=\"b62b31\">Beliebte Nachbarorte:<\/font><\/b> <a href=\"https:\/\/www.ihr-ferienpartner.de\/mobil\/alcudia\" title=\"Angebote in Port d'Alcudia\">Port d&#8217;Alcudia &gt;&gt;<\/a> &#8211; <a href=\"https:\/\/www.ihr-ferienpartner.de\/mobil\/playa-de-muro\/\" title=\"Angebote in Playa de Muro\">Playa de Muro &gt;&gt;<\/a><\/font><\/p>\n<hr>\n<div id=\"ypsnet-ibe\" data-src=\"https:\/\/b2b.specials.de\/index\/jump\/119\/2780\/991880\/?action=dates&amp;regionId=133&amp;cityId=763&amp;from=15&amp;to=316&amp;duration=7-7&amp;maxPrice=5000&amp;adults=2&amp;category=3&amp;minRecommrate=70\"><\/div>\n<p><script src=\"https:\/\/webmedia.ypsilon.net\/spl_js\/ypsnet-ibe.js\"><\/script><\/p>\n<\/div>\n<div style=\"background-color: #ffffff; padding: 20px 20px 20px 20px;\">\n<hr>\n<p><b>Hotel-Urlaub am Strand von Can Picafort:<\/b><br \/>\nBuchen Sie Ihre Mallorca-Reise und profitieren Sie u.a. vom Anbieter-Preisvergleich und Hotel-Rankings aus \u00fcber 1.000.000 authentischen Hotelbewertungen.<\/p>\n<p><img decoding=\"async\" src=\"https:\/\/www.ihr-ferienpartner.de\/Angebot\/Anbietervergleich.jpg\" alt=\"Reisen nach Mallorca an den Strand von Can Picafort\" title=\"Reisen nach Can Picafort auf Mallorca mit gro\u00dfer Hotelauswahl\"><\/p>\n<\/div>\n","protected":false},"excerpt":{"rendered":"<p>Urlaub in Can Picafort &#8211; Mallorca Die Bucht von Can Picafort bietet eine traumhafte Kulisse. Der Blick entlang des kilometerlangen, flach abfallenden Sandstrands von Alcudia bis zum Cap Farrutx ist einfach traumhaft und versch\u00f6nert die Strandtage. Can Picafort selbst bietet neben der direkten Lage am Strand eine Fussg\u00e4ngerzone und eine Promenade direkt am Strand, welche [&hellip;]<\/p>\n","protected":false},"author":1,"featured_media":0,"parent":0,"menu_order":0,"comment_status":"closed","ping_status":"closed","template":"","meta":{"footnotes":""},"yoast_head":"<!-- This site is optimized with the Yoast SEO plugin v22.8 - https:\/\/yoast.com\/wordpress\/plugins\/seo\/ -->\n<title>CAN PICAFORT - Reisen nach Mallorca g\u00fcnstig buchen<\/title>\n<meta name=\"description\" content=\"Gro\u00dfe Hotelauswahl mit Anbieter-Preisvergleich, Last Minute &amp; Fr\u00fchbucher, Bewertungsinfos, flexiblen Terminen und Wunsch-Abflughafen.\" \/>\n<meta name=\"robots\" content=\"index, follow, max-snippet:-1, max-image-preview:large, max-video-preview:-1\" \/>\n<link rel=\"canonical\" href=\"https:\/\/www.ihr-ferienpartner.de\/mobil\/can-picafort\/\" \/>\n<meta property=\"og:locale\" content=\"de_DE\" \/>\n<meta property=\"og:type\" content=\"article\" \/>\n<meta property=\"og:title\" content=\"CAN PICAFORT - Reisen nach Mallorca g\u00fcnstig buchen\" \/>\n<meta property=\"og:description\" content=\"Gro\u00dfe Hotelauswahl mit Anbieter-Preisvergleich, Last Minute &amp; Fr\u00fchbucher, Bewertungsinfos, flexiblen Terminen und Wunsch-Abflughafen.\" \/>\n<meta property=\"og:url\" content=\"https:\/\/www.ihr-ferienpartner.de\/mobil\/can-picafort\/\" \/>\n<meta property=\"og:site_name\" content=\"FINDE DEIN SPONTANIEN - Reisen g\u00fcnstig buchen\" \/>\n<meta property=\"og:image\" content=\"https:\/\/www.ihr-ferienpartner.de\/Angebot\/CanPicafort.jpg\" \/>\n<meta name=\"twitter:card\" content=\"summary_large_image\" \/>\n<meta name=\"twitter:label1\" content=\"Gesch\u00e4tzte Lesezeit\" \/>\n\t<meta name=\"twitter:data1\" content=\"2\u00a0Minuten\" \/>\n<script type=\"application\/ld+json\" class=\"yoast-schema-graph\">{\"@context\":\"https:\/\/schema.org\",\"@graph\":[{\"@type\":\"WebPage\",\"@id\":\"https:\/\/www.ihr-ferienpartner.de\/mobil\/can-picafort\/\",\"url\":\"https:\/\/www.ihr-ferienpartner.de\/mobil\/can-picafort\/\",\"name\":\"CAN PICAFORT - Reisen nach Mallorca g\u00fcnstig buchen\",\"isPartOf\":{\"@id\":\"https:\/\/www.ihr-ferienpartner.de\/mobil\/#website\"},\"primaryImageOfPage\":{\"@id\":\"https:\/\/www.ihr-ferienpartner.de\/mobil\/can-picafort\/#primaryimage\"},\"image\":{\"@id\":\"https:\/\/www.ihr-ferienpartner.de\/mobil\/can-picafort\/#primaryimage\"},\"thumbnailUrl\":\"https:\/\/www.ihr-ferienpartner.de\/Angebot\/CanPicafort.jpg\",\"datePublished\":\"2024-06-20T13:05:13+00:00\",\"dateModified\":\"2024-06-20T13:05:13+00:00\",\"description\":\"Gro\u00dfe Hotelauswahl mit Anbieter-Preisvergleich, Last Minute & Fr\u00fchbucher, Bewertungsinfos, flexiblen Terminen und Wunsch-Abflughafen.\",\"breadcrumb\":{\"@id\":\"https:\/\/www.ihr-ferienpartner.de\/mobil\/can-picafort\/#breadcrumb\"},\"inLanguage\":\"de\",\"potentialAction\":[{\"@type\":\"ReadAction\",\"target\":[\"https:\/\/www.ihr-ferienpartner.de\/mobil\/can-picafort\/\"]}]},{\"@type\":\"ImageObject\",\"inLanguage\":\"de\",\"@id\":\"https:\/\/www.ihr-ferienpartner.de\/mobil\/can-picafort\/#primaryimage\",\"url\":\"https:\/\/www.ihr-ferienpartner.de\/Angebot\/CanPicafort.jpg\",\"contentUrl\":\"https:\/\/www.ihr-ferienpartner.de\/Angebot\/CanPicafort.jpg\"},{\"@type\":\"BreadcrumbList\",\"@id\":\"https:\/\/www.ihr-ferienpartner.de\/mobil\/can-picafort\/#breadcrumb\",\"itemListElement\":[{\"@type\":\"ListItem\",\"position\":1,\"name\":\"Startseite\",\"item\":\"https:\/\/www.ihr-ferienpartner.de\/mobil\/\"},{\"@type\":\"ListItem\",\"position\":2,\"name\":\"Can Picafort\"}]},{\"@type\":\"WebSite\",\"@id\":\"https:\/\/www.ihr-ferienpartner.de\/mobil\/#website\",\"url\":\"https:\/\/www.ihr-ferienpartner.de\/mobil\/\",\"name\":\"FINDE DEIN SPONTANIEN - Reisen g\u00fcnstig buchen\",\"description\":\"Flugreisen im Preisvergleich mit flexiblen Terminen &amp; Abflughafen.\",\"publisher\":{\"@id\":\"https:\/\/www.ihr-ferienpartner.de\/mobil\/#organization\"},\"potentialAction\":[{\"@type\":\"SearchAction\",\"target\":{\"@type\":\"EntryPoint\",\"urlTemplate\":\"https:\/\/www.ihr-ferienpartner.de\/mobil\/?s={search_term_string}\"},\"query-input\":\"required name=search_term_string\"}],\"inLanguage\":\"de\"},{\"@type\":\"Organization\",\"@id\":\"https:\/\/www.ihr-ferienpartner.de\/mobil\/#organization\",\"name\":\"FINDE DEIN SPONTANIEN - Reisen g\u00fcnstig buchen\",\"url\":\"https:\/\/www.ihr-ferienpartner.de\/mobil\/\",\"logo\":{\"@type\":\"ImageObject\",\"inLanguage\":\"de\",\"@id\":\"https:\/\/www.ihr-ferienpartner.de\/mobil\/#\/schema\/logo\/image\/\",\"url\":\"https:\/\/www.ihr-ferienpartner.de\/mobil\/wp-content\/uploads\/2019\/10\/spontanien.jpg\",\"contentUrl\":\"https:\/\/www.ihr-ferienpartner.de\/mobil\/wp-content\/uploads\/2019\/10\/spontanien.jpg\",\"width\":818,\"height\":200,\"caption\":\"FINDE DEIN SPONTANIEN - Reisen g\u00fcnstig buchen\"},\"image\":{\"@id\":\"https:\/\/www.ihr-ferienpartner.de\/mobil\/#\/schema\/logo\/image\/\"}}]}<\/script>\n<!-- \/ Yoast SEO plugin. -->","yoast_head_json":{"title":"CAN PICAFORT - Reisen nach Mallorca g\u00fcnstig buchen","description":"Gro\u00dfe Hotelauswahl mit Anbieter-Preisvergleich, Last Minute & Fr\u00fchbucher, Bewertungsinfos, flexiblen Terminen und Wunsch-Abflughafen.","robots":{"index":"index","follow":"follow","max-snippet":"max-snippet:-1","max-image-preview":"max-image-preview:large","max-video-preview":"max-video-preview:-1"},"canonical":"https:\/\/www.ihr-ferienpartner.de\/mobil\/can-picafort\/","og_locale":"de_DE","og_type":"article","og_title":"CAN PICAFORT - Reisen nach Mallorca g\u00fcnstig buchen","og_description":"Gro\u00dfe Hotelauswahl mit Anbieter-Preisvergleich, Last Minute & Fr\u00fchbucher, Bewertungsinfos, flexiblen Terminen und Wunsch-Abflughafen.","og_url":"https:\/\/www.ihr-ferienpartner.de\/mobil\/can-picafort\/","og_site_name":"FINDE DEIN SPONTANIEN - Reisen g\u00fcnstig buchen","og_image":[{"url":"https:\/\/www.ihr-ferienpartner.de\/Angebot\/CanPicafort.jpg"}],"twitter_card":"summary_large_image","twitter_misc":{"Gesch\u00e4tzte Lesezeit":"2\u00a0Minuten"},"schema":{"@context":"https:\/\/schema.org","@graph":[{"@type":"WebPage","@id":"https:\/\/www.ihr-ferienpartner.de\/mobil\/can-picafort\/","url":"https:\/\/www.ihr-ferienpartner.de\/mobil\/can-picafort\/","name":"CAN PICAFORT - Reisen nach Mallorca g\u00fcnstig buchen","isPartOf":{"@id":"https:\/\/www.ihr-ferienpartner.de\/mobil\/#website"},"primaryImageOfPage":{"@id":"https:\/\/www.ihr-ferienpartner.de\/mobil\/can-picafort\/#primaryimage"},"image":{"@id":"https:\/\/www.ihr-ferienpartner.de\/mobil\/can-picafort\/#primaryimage"},"thumbnailUrl":"https:\/\/www.ihr-ferienpartner.de\/Angebot\/CanPicafort.jpg","datePublished":"2024-06-20T13:05:13+00:00","dateModified":"2024-06-20T13:05:13+00:00","description":"Gro\u00dfe Hotelauswahl mit Anbieter-Preisvergleich, Last Minute & Fr\u00fchbucher, Bewertungsinfos, flexiblen Terminen und Wunsch-Abflughafen.","breadcrumb":{"@id":"https:\/\/www.ihr-ferienpartner.de\/mobil\/can-picafort\/#breadcrumb"},"inLanguage":"de","potentialAction":[{"@type":"ReadAction","target":["https:\/\/www.ihr-ferienpartner.de\/mobil\/can-picafort\/"]}]},{"@type":"ImageObject","inLanguage":"de","@id":"https:\/\/www.ihr-ferienpartner.de\/mobil\/can-picafort\/#primaryimage","url":"https:\/\/www.ihr-ferienpartner.de\/Angebot\/CanPicafort.jpg","contentUrl":"https:\/\/www.ihr-ferienpartner.de\/Angebot\/CanPicafort.jpg"},{"@type":"BreadcrumbList","@id":"https:\/\/www.ihr-ferienpartner.de\/mobil\/can-picafort\/#breadcrumb","itemListElement":[{"@type":"ListItem","position":1,"name":"Startseite","item":"https:\/\/www.ihr-ferienpartner.de\/mobil\/"},{"@type":"ListItem","position":2,"name":"Can Picafort"}]},{"@type":"WebSite","@id":"https:\/\/www.ihr-ferienpartner.de\/mobil\/#website","url":"https:\/\/www.ihr-ferienpartner.de\/mobil\/","name":"FINDE DEIN SPONTANIEN - Reisen g\u00fcnstig buchen","description":"Flugreisen im Preisvergleich mit flexiblen Terminen &amp; Abflughafen.","publisher":{"@id":"https:\/\/www.ihr-ferienpartner.de\/mobil\/#organization"},"potentialAction":[{"@type":"SearchAction","target":{"@type":"EntryPoint","urlTemplate":"https:\/\/www.ihr-ferienpartner.de\/mobil\/?s={search_term_string}"},"query-input":"required name=search_term_string"}],"inLanguage":"de"},{"@type":"Organization","@id":"https:\/\/www.ihr-ferienpartner.de\/mobil\/#organization","name":"FINDE DEIN SPONTANIEN - Reisen g\u00fcnstig buchen","url":"https:\/\/www.ihr-ferienpartner.de\/mobil\/","logo":{"@type":"ImageObject","inLanguage":"de","@id":"https:\/\/www.ihr-ferienpartner.de\/mobil\/#\/schema\/logo\/image\/","url":"https:\/\/www.ihr-ferienpartner.de\/mobil\/wp-content\/uploads\/2019\/10\/spontanien.jpg","contentUrl":"https:\/\/www.ihr-ferienpartner.de\/mobil\/wp-content\/uploads\/2019\/10\/spontanien.jpg","width":818,"height":200,"caption":"FINDE DEIN SPONTANIEN - Reisen g\u00fcnstig buchen"},"image":{"@id":"https:\/\/www.ihr-ferienpartner.de\/mobil\/#\/schema\/logo\/image\/"}}]}},"_links":{"self":[{"href":"https:\/\/www.ihr-ferienpartner.de\/mobil\/wp-json\/wp\/v2\/pages\/1905"}],"collection":[{"href":"https:\/\/www.ihr-ferienpartner.de\/mobil\/wp-json\/wp\/v2\/pages"}],"about":[{"href":"https:\/\/www.ihr-ferienpartner.de\/mobil\/wp-json\/wp\/v2\/types\/page"}],"author":[{"embeddable":true,"href":"https:\/\/www.ihr-ferienpartner.de\/mobil\/wp-json\/wp\/v2\/users\/1"}],"replies":[{"embeddable":true,"href":"https:\/\/www.ihr-ferienpartner.de\/mobil\/wp-json\/wp\/v2\/comments?post=1905"}],"version-history":[{"count":11,"href":"https:\/\/www.ihr-ferienpartner.de\/mobil\/wp-json\/wp\/v2\/pages\/1905\/revisions"}],"predecessor-version":[{"id":5169,"href":"https:\/\/www.ihr-ferienpartner.de\/mobil\/wp-json\/wp\/v2\/pages\/1905\/revisions\/5169"}],"wp:attachment":[{"href":"https:\/\/www.ihr-ferienpartner.de\/mobil\/wp-json\/wp\/v2\/media?parent=1905"}],"curies":[{"name":"wp","href":"https:\/\/api.w.org\/{rel}","templated":true}]}}