{"id":1917,"date":"2024-06-20T15:04:15","date_gmt":"2024-06-20T13:04:15","guid":{"rendered":"http:\/\/www.ihr-ferienpartner.de\/mobil\/?page_id=1917"},"modified":"2024-06-20T15:04:16","modified_gmt":"2024-06-20T13:04:16","slug":"camp-de-mar","status":"publish","type":"page","link":"https:\/\/www.ihr-ferienpartner.de\/mobil\/camp-de-mar\/","title":{"rendered":"Camp De Mar"},"content":{"rendered":"<div style=\"background-color: #ffffff; padding: 20px 20px 20px 20px;\">\n<h1>Urlaub in Camp de Mar &#8211; Mallorca<\/h1>\n<p><img decoding=\"async\" src=\"https:\/\/www.ihr-ferienpartner.de\/Mallorca\/CampDeMar.jpg\" alt=\"Urlaub in Camp de Mar auf Mallorca buchen\" title=\"Reisen nach Camp De Mar auf Mallorca mit gro\u00dfer Hotelauswahl\"><br \/>\n<font size=\"-1\">Camp de Mar liegt an der S\u00fcdwestk\u00fcste Mallorcas nur wenige Kilometer vom mond\u00e4nen Port d&#8217;Antratx entfernt und in unmittelbarer N\u00e4he von Paguera. Im exklusiven Ferienort zieht es Sonnenanbeter den kleinen Sandstrand und Golfspieler auf die Pl\u00e4tze rund um Camp de Mar.<\/font><\/p>\n<hr>\n<p><font size=\"-1\"><b><font color=\"b62b31\">Unser Hotel-Tipp:<\/font><\/b> <a href=\"https:\/\/www.ihr-ferienpartner.de\/mobil\/roc-gran-camp-de-mar\/\" title=\"ROC Gran Camp der Mar\">ROC Gran Camp der Mar &gt;&gt;<\/a><br \/>\n<font size=\"-1\"><b><font color=\"b62b31\">Weitere beliebte Orte im S\u00fcdwesten:<\/font><\/b> <a href=\"https:\/\/www.ihr-ferienpartner.de\/mobil\/paguera\/\" title=\"Angebote in Paguera\">Paguera &gt;&gt;<\/a> &#8211; <a href=\"https:\/\/www.ihr-ferienpartner.de\/mobil\/port-d-andratx\/\" title=\"Angebote in Port d'Andratx\">Port d&#8217;Andratx &gt;&gt;<\/a> &#8211; <a href=\"https:\/\/www.ihr-ferienpartner.de\/mobil\/santa-ponsa\/\" title=\"Angebote in Santa Ponsa\">Santa Ponsa &gt;&gt;<\/a><\/font><\/font><\/p>\n<hr>\n<div id=\"ypsnet-ibe\" data-src=\"https:\/\/b2b.specials.de\/index\/jump\/119\/2780\/991880\/?action=dates&amp;regionId=133&amp;cityId=759&amp;from=15&amp;to=316&amp;duration=7-7&amp;maxPrice=5000&amp;adults=2&amp;category=3&amp;minRecommrate=70\"><\/div>\n<p><script src=\"https:\/\/webmedia.ypsilon.net\/spl_js\/ypsnet-ibe.js\"><\/script><\/p>\n<\/div>\n<div style=\"background-color: #ffffff; padding: 20px 20px 20px 20px;\">\n<hr>\n<p><b>Hotel-Urlaub in Camp De Mar im S\u00fcdwesten von Mallorca:<\/b><br \/>\nBuchen Sie Ihre Mallorca-Reise und profitieren Sie u.a. vom Anbieter-Preisvergleich und Hotel-Rankings aus \u00fcber 1.000.000 authentischen Hotelbewertungen.<\/p>\n<p><img decoding=\"async\" src=\"https:\/\/www.ihr-ferienpartner.de\/Angebot\/Anbietervergleich.jpg\" alt=\"Reisen nach Camp De Mar auf Mallorca\" title=\"Reisen nach Mallorca mit gro\u00dfer Hotelauswahl u.a. in Camp de Mar\"><\/p>\n<\/div>\n","protected":false},"excerpt":{"rendered":"<p>Urlaub in Camp de Mar &#8211; Mallorca Camp de Mar liegt an der S\u00fcdwestk\u00fcste Mallorcas nur wenige Kilometer vom mond\u00e4nen Port d&#8217;Antratx entfernt und in unmittelbarer N\u00e4he von Paguera. Im exklusiven Ferienort zieht es Sonnenanbeter den kleinen Sandstrand und Golfspieler auf die Pl\u00e4tze rund um Camp de Mar. Unser Hotel-Tipp: ROC Gran Camp der Mar [&hellip;]<\/p>\n","protected":false},"author":1,"featured_media":0,"parent":0,"menu_order":0,"comment_status":"closed","ping_status":"closed","template":"","meta":{"footnotes":""},"yoast_head":"<!-- This site is optimized with the Yoast SEO plugin v22.8 - https:\/\/yoast.com\/wordpress\/plugins\/seo\/ -->\n<title>CAMP DE MAR - Mallorca-Urlaub g\u00fcnstig buchen<\/title>\n<meta name=\"description\" content=\"Reisen mit gro\u00dfer Hotelauswahl: Anbieter-Preisvergleich, Last Minute &amp; Fr\u00fchbucher-Rabatte, Bewertungen, flexible Termine und Abflughafen.\" \/>\n<meta name=\"robots\" content=\"index, follow, max-snippet:-1, max-image-preview:large, max-video-preview:-1\" \/>\n<link rel=\"canonical\" href=\"https:\/\/www.ihr-ferienpartner.de\/mobil\/camp-de-mar\/\" \/>\n<meta property=\"og:locale\" content=\"de_DE\" \/>\n<meta property=\"og:type\" content=\"article\" \/>\n<meta property=\"og:title\" content=\"CAMP DE MAR - Mallorca-Urlaub g\u00fcnstig buchen\" \/>\n<meta property=\"og:description\" content=\"Reisen mit gro\u00dfer Hotelauswahl: Anbieter-Preisvergleich, Last Minute &amp; Fr\u00fchbucher-Rabatte, Bewertungen, flexible Termine und Abflughafen.\" \/>\n<meta property=\"og:url\" content=\"https:\/\/www.ihr-ferienpartner.de\/mobil\/camp-de-mar\/\" \/>\n<meta property=\"og:site_name\" content=\"FINDE DEIN SPONTANIEN - Reisen g\u00fcnstig buchen\" \/>\n<meta property=\"article:modified_time\" content=\"2024-06-20T13:04:16+00:00\" \/>\n<meta property=\"og:image\" content=\"https:\/\/www.ihr-ferienpartner.de\/Mallorca\/CampDeMar.jpg\" \/>\n<meta name=\"twitter:card\" content=\"summary_large_image\" \/>\n<meta name=\"twitter:label1\" content=\"Gesch\u00e4tzte Lesezeit\" \/>\n\t<meta name=\"twitter:data1\" content=\"1\u00a0Minute\" \/>\n<script type=\"application\/ld+json\" class=\"yoast-schema-graph\">{\"@context\":\"https:\/\/schema.org\",\"@graph\":[{\"@type\":\"WebPage\",\"@id\":\"https:\/\/www.ihr-ferienpartner.de\/mobil\/camp-de-mar\/\",\"url\":\"https:\/\/www.ihr-ferienpartner.de\/mobil\/camp-de-mar\/\",\"name\":\"CAMP DE MAR - Mallorca-Urlaub g\u00fcnstig buchen\",\"isPartOf\":{\"@id\":\"https:\/\/www.ihr-ferienpartner.de\/mobil\/#website\"},\"primaryImageOfPage\":{\"@id\":\"https:\/\/www.ihr-ferienpartner.de\/mobil\/camp-de-mar\/#primaryimage\"},\"image\":{\"@id\":\"https:\/\/www.ihr-ferienpartner.de\/mobil\/camp-de-mar\/#primaryimage\"},\"thumbnailUrl\":\"https:\/\/www.ihr-ferienpartner.de\/Mallorca\/CampDeMar.jpg\",\"datePublished\":\"2024-06-20T13:04:15+00:00\",\"dateModified\":\"2024-06-20T13:04:16+00:00\",\"description\":\"Reisen mit gro\u00dfer Hotelauswahl: Anbieter-Preisvergleich, Last Minute & Fr\u00fchbucher-Rabatte, Bewertungen, flexible Termine und Abflughafen.\",\"breadcrumb\":{\"@id\":\"https:\/\/www.ihr-ferienpartner.de\/mobil\/camp-de-mar\/#breadcrumb\"},\"inLanguage\":\"de\",\"potentialAction\":[{\"@type\":\"ReadAction\",\"target\":[\"https:\/\/www.ihr-ferienpartner.de\/mobil\/camp-de-mar\/\"]}]},{\"@type\":\"ImageObject\",\"inLanguage\":\"de\",\"@id\":\"https:\/\/www.ihr-ferienpartner.de\/mobil\/camp-de-mar\/#primaryimage\",\"url\":\"https:\/\/www.ihr-ferienpartner.de\/Mallorca\/CampDeMar.jpg\",\"contentUrl\":\"https:\/\/www.ihr-ferienpartner.de\/Mallorca\/CampDeMar.jpg\"},{\"@type\":\"BreadcrumbList\",\"@id\":\"https:\/\/www.ihr-ferienpartner.de\/mobil\/camp-de-mar\/#breadcrumb\",\"itemListElement\":[{\"@type\":\"ListItem\",\"position\":1,\"name\":\"Startseite\",\"item\":\"https:\/\/www.ihr-ferienpartner.de\/mobil\/\"},{\"@type\":\"ListItem\",\"position\":2,\"name\":\"Camp De Mar\"}]},{\"@type\":\"WebSite\",\"@id\":\"https:\/\/www.ihr-ferienpartner.de\/mobil\/#website\",\"url\":\"https:\/\/www.ihr-ferienpartner.de\/mobil\/\",\"name\":\"FINDE DEIN SPONTANIEN - Reisen g\u00fcnstig buchen\",\"description\":\"Flugreisen im Preisvergleich mit flexiblen Terminen &amp; Abflughafen.\",\"publisher\":{\"@id\":\"https:\/\/www.ihr-ferienpartner.de\/mobil\/#organization\"},\"potentialAction\":[{\"@type\":\"SearchAction\",\"target\":{\"@type\":\"EntryPoint\",\"urlTemplate\":\"https:\/\/www.ihr-ferienpartner.de\/mobil\/?s={search_term_string}\"},\"query-input\":\"required name=search_term_string\"}],\"inLanguage\":\"de\"},{\"@type\":\"Organization\",\"@id\":\"https:\/\/www.ihr-ferienpartner.de\/mobil\/#organization\",\"name\":\"FINDE DEIN SPONTANIEN - Reisen g\u00fcnstig buchen\",\"url\":\"https:\/\/www.ihr-ferienpartner.de\/mobil\/\",\"logo\":{\"@type\":\"ImageObject\",\"inLanguage\":\"de\",\"@id\":\"https:\/\/www.ihr-ferienpartner.de\/mobil\/#\/schema\/logo\/image\/\",\"url\":\"https:\/\/www.ihr-ferienpartner.de\/mobil\/wp-content\/uploads\/2019\/10\/spontanien.jpg\",\"contentUrl\":\"https:\/\/www.ihr-ferienpartner.de\/mobil\/wp-content\/uploads\/2019\/10\/spontanien.jpg\",\"width\":818,\"height\":200,\"caption\":\"FINDE DEIN SPONTANIEN - Reisen g\u00fcnstig buchen\"},\"image\":{\"@id\":\"https:\/\/www.ihr-ferienpartner.de\/mobil\/#\/schema\/logo\/image\/\"}}]}<\/script>\n<!-- \/ Yoast SEO plugin. -->","yoast_head_json":{"title":"CAMP DE MAR - Mallorca-Urlaub g\u00fcnstig buchen","description":"Reisen mit gro\u00dfer Hotelauswahl: Anbieter-Preisvergleich, Last Minute & Fr\u00fchbucher-Rabatte, Bewertungen, flexible Termine und Abflughafen.","robots":{"index":"index","follow":"follow","max-snippet":"max-snippet:-1","max-image-preview":"max-image-preview:large","max-video-preview":"max-video-preview:-1"},"canonical":"https:\/\/www.ihr-ferienpartner.de\/mobil\/camp-de-mar\/","og_locale":"de_DE","og_type":"article","og_title":"CAMP DE MAR - Mallorca-Urlaub g\u00fcnstig buchen","og_description":"Reisen mit gro\u00dfer Hotelauswahl: Anbieter-Preisvergleich, Last Minute & Fr\u00fchbucher-Rabatte, Bewertungen, flexible Termine und Abflughafen.","og_url":"https:\/\/www.ihr-ferienpartner.de\/mobil\/camp-de-mar\/","og_site_name":"FINDE DEIN SPONTANIEN - Reisen g\u00fcnstig buchen","article_modified_time":"2024-06-20T13:04:16+00:00","og_image":[{"url":"https:\/\/www.ihr-ferienpartner.de\/Mallorca\/CampDeMar.jpg"}],"twitter_card":"summary_large_image","twitter_misc":{"Gesch\u00e4tzte Lesezeit":"1\u00a0Minute"},"schema":{"@context":"https:\/\/schema.org","@graph":[{"@type":"WebPage","@id":"https:\/\/www.ihr-ferienpartner.de\/mobil\/camp-de-mar\/","url":"https:\/\/www.ihr-ferienpartner.de\/mobil\/camp-de-mar\/","name":"CAMP DE MAR - Mallorca-Urlaub g\u00fcnstig buchen","isPartOf":{"@id":"https:\/\/www.ihr-ferienpartner.de\/mobil\/#website"},"primaryImageOfPage":{"@id":"https:\/\/www.ihr-ferienpartner.de\/mobil\/camp-de-mar\/#primaryimage"},"image":{"@id":"https:\/\/www.ihr-ferienpartner.de\/mobil\/camp-de-mar\/#primaryimage"},"thumbnailUrl":"https:\/\/www.ihr-ferienpartner.de\/Mallorca\/CampDeMar.jpg","datePublished":"2024-06-20T13:04:15+00:00","dateModified":"2024-06-20T13:04:16+00:00","description":"Reisen mit gro\u00dfer Hotelauswahl: Anbieter-Preisvergleich, Last Minute & Fr\u00fchbucher-Rabatte, Bewertungen, flexible Termine und Abflughafen.","breadcrumb":{"@id":"https:\/\/www.ihr-ferienpartner.de\/mobil\/camp-de-mar\/#breadcrumb"},"inLanguage":"de","potentialAction":[{"@type":"ReadAction","target":["https:\/\/www.ihr-ferienpartner.de\/mobil\/camp-de-mar\/"]}]},{"@type":"ImageObject","inLanguage":"de","@id":"https:\/\/www.ihr-ferienpartner.de\/mobil\/camp-de-mar\/#primaryimage","url":"https:\/\/www.ihr-ferienpartner.de\/Mallorca\/CampDeMar.jpg","contentUrl":"https:\/\/www.ihr-ferienpartner.de\/Mallorca\/CampDeMar.jpg"},{"@type":"BreadcrumbList","@id":"https:\/\/www.ihr-ferienpartner.de\/mobil\/camp-de-mar\/#breadcrumb","itemListElement":[{"@type":"ListItem","position":1,"name":"Startseite","item":"https:\/\/www.ihr-ferienpartner.de\/mobil\/"},{"@type":"ListItem","position":2,"name":"Camp De Mar"}]},{"@type":"WebSite","@id":"https:\/\/www.ihr-ferienpartner.de\/mobil\/#website","url":"https:\/\/www.ihr-ferienpartner.de\/mobil\/","name":"FINDE DEIN SPONTANIEN - Reisen g\u00fcnstig buchen","description":"Flugreisen im Preisvergleich mit flexiblen Terminen &amp; Abflughafen.","publisher":{"@id":"https:\/\/www.ihr-ferienpartner.de\/mobil\/#organization"},"potentialAction":[{"@type":"SearchAction","target":{"@type":"EntryPoint","urlTemplate":"https:\/\/www.ihr-ferienpartner.de\/mobil\/?s={search_term_string}"},"query-input":"required name=search_term_string"}],"inLanguage":"de"},{"@type":"Organization","@id":"https:\/\/www.ihr-ferienpartner.de\/mobil\/#organization","name":"FINDE DEIN SPONTANIEN - Reisen g\u00fcnstig buchen","url":"https:\/\/www.ihr-ferienpartner.de\/mobil\/","logo":{"@type":"ImageObject","inLanguage":"de","@id":"https:\/\/www.ihr-ferienpartner.de\/mobil\/#\/schema\/logo\/image\/","url":"https:\/\/www.ihr-ferienpartner.de\/mobil\/wp-content\/uploads\/2019\/10\/spontanien.jpg","contentUrl":"https:\/\/www.ihr-ferienpartner.de\/mobil\/wp-content\/uploads\/2019\/10\/spontanien.jpg","width":818,"height":200,"caption":"FINDE DEIN SPONTANIEN - Reisen g\u00fcnstig buchen"},"image":{"@id":"https:\/\/www.ihr-ferienpartner.de\/mobil\/#\/schema\/logo\/image\/"}}]}},"_links":{"self":[{"href":"https:\/\/www.ihr-ferienpartner.de\/mobil\/wp-json\/wp\/v2\/pages\/1917"}],"collection":[{"href":"https:\/\/www.ihr-ferienpartner.de\/mobil\/wp-json\/wp\/v2\/pages"}],"about":[{"href":"https:\/\/www.ihr-ferienpartner.de\/mobil\/wp-json\/wp\/v2\/types\/page"}],"author":[{"embeddable":true,"href":"https:\/\/www.ihr-ferienpartner.de\/mobil\/wp-json\/wp\/v2\/users\/1"}],"replies":[{"embeddable":true,"href":"https:\/\/www.ihr-ferienpartner.de\/mobil\/wp-json\/wp\/v2\/comments?post=1917"}],"version-history":[{"count":16,"href":"https:\/\/www.ihr-ferienpartner.de\/mobil\/wp-json\/wp\/v2\/pages\/1917\/revisions"}],"predecessor-version":[{"id":5168,"href":"https:\/\/www.ihr-ferienpartner.de\/mobil\/wp-json\/wp\/v2\/pages\/1917\/revisions\/5168"}],"wp:attachment":[{"href":"https:\/\/www.ihr-ferienpartner.de\/mobil\/wp-json\/wp\/v2\/media?parent=1917"}],"curies":[{"name":"wp","href":"https:\/\/api.w.org\/{rel}","templated":true}]}}