{"id":1939,"date":"2024-07-12T09:36:51","date_gmt":"2024-07-12T07:36:51","guid":{"rendered":"http:\/\/www.ihr-ferienpartner.de\/mobil\/?page_id=1939"},"modified":"2024-07-12T09:36:51","modified_gmt":"2024-07-12T07:36:51","slug":"port-d-andratx","status":"publish","type":"page","link":"https:\/\/www.ihr-ferienpartner.de\/mobil\/port-d-andratx\/","title":{"rendered":"Port d&#8217;Andratx"},"content":{"rendered":"<div style=\"background-color: #ffffff; padding: 20px 20px 20px 20px;\">\n<h1>Urlaub in Port d&#8217;Andratx &#8211; Mallorca<\/h1>\n<p><img decoding=\"async\" src=\"https:\/\/www.ihr-ferienpartner.de\/Mallorca\/Andratx.jpg\" alt=\"Port d'Andratx g\u00fcnstig buchen\" title=\"Reisen nach Mallorca nach Port d'Andratx mit gro\u00dfer Hotelauswahl\"><br \/>\n<font size=\"-1\">Einer der nobelsten Orte Mallorcas ist unbestritten Port d&#8217;Andratx. Insbesondere wegen seines Yachthafens und den exklusiven Restaurants ist der Ort sehr beliebt. Am Naturhafen l\u00e4dt eine h\u00fcbsche Flaniermeile mit gehobener Gastronomie und Gesch\u00e4ften zum Bummeln ein.<\/font><\/p>\n<hr>\n<p><font size=\"-1\"><b><font color=\"b62b31\">Weitere beliebte Orte im S\u00fcdwesten:<\/font><\/b> <a href=\"https:\/\/www.ihr-ferienpartner.de\/mobil\/paguera\/\" title=\"Angebote in Paguera\">Paguera &gt;&gt;<\/a> &#8211; <a href=\"https:\/\/www.ihr-ferienpartner.de\/mobil\/camp-de-mar\/\" title=\"Angebote in Camp de Mar\">Camp de Mar &gt;&gt;<\/a> &#8211; <a href=\"https:\/\/www.ihr-ferienpartner.de\/mobil\/santa-ponsa\/\" title=\"Angebote in Santa Ponsa\">Santa Ponsa &gt;&gt;<\/a><\/font><\/p>\n<hr>\n<div id=\"ypsnet-ibe\" data-src=\"https:\/\/b2b.specials.de\/index\/jump\/119\/2780\/991880\/?action=dates&amp;regionId=133&amp;cityId=789&amp;from=15&amp;to=316&amp;duration=7-7&amp;maxPrice=5000&amp;adults=2&amp;category=3&amp;minRecommrate=70\"><\/div>\n<p><script src=\"https:\/\/webmedia.ypsilon.net\/spl_js\/ypsnet-ibe.js\"><\/script><\/p>\n<\/div>\n<div style=\"background-color: #ffffff; padding: 20px 20px 20px 20px;\">\n<hr>\n<p><b>Hotel-Urlaub in Port d&#8217;Andratx:<\/b><br \/>\nBuchen Sie Ihre Mallorca-Reise und profitieren Sie u.a. vom Anbieter-Preisvergleich und Hotel-Rankings aus \u00fcber 1.000.000 authentischen Hotelbewertungen.<\/p>\n<p><img decoding=\"async\" src=\"https:\/\/www.ihr-ferienpartner.de\/Angebot\/Anbietervergleich.jpg\" alt=\"Reisen nach Mallorca an den Strand von Port d'Andratx\" title=\"Reisen nach Mallorca mit gro\u00dfer Hotelauswahl\"><\/p>\n<\/div>\n","protected":false},"excerpt":{"rendered":"<p>Urlaub in Port d&#8217;Andratx &#8211; Mallorca Einer der nobelsten Orte Mallorcas ist unbestritten Port d&#8217;Andratx. Insbesondere wegen seines Yachthafens und den exklusiven Restaurants ist der Ort sehr beliebt. Am Naturhafen l\u00e4dt eine h\u00fcbsche Flaniermeile mit gehobener Gastronomie und Gesch\u00e4ften zum Bummeln ein. Weitere beliebte Orte im S\u00fcdwesten: Paguera &gt;&gt; &#8211; Camp de Mar &gt;&gt; &#8211; [&hellip;]<\/p>\n","protected":false},"author":1,"featured_media":0,"parent":0,"menu_order":0,"comment_status":"closed","ping_status":"closed","template":"","meta":{"footnotes":""},"yoast_head":"<!-- This site is optimized with the Yoast SEO plugin v22.8 - https:\/\/yoast.com\/wordpress\/plugins\/seo\/ -->\n<title>Urlaub in Port d&#039;Andratx - g\u00fcnstige Flugreisen buchen<\/title>\n<meta name=\"description\" content=\"Mallorca-Urlaub clever buchen: Anbieter-Preisvergleich, gro\u00dfe Hotelauswahl, Fr\u00fchbucher &amp; Last Minute-Preise, flexible Termine &amp; Abflughafen.\" \/>\n<meta name=\"robots\" content=\"index, follow, max-snippet:-1, max-image-preview:large, max-video-preview:-1\" \/>\n<link rel=\"canonical\" href=\"https:\/\/www.ihr-ferienpartner.de\/mobil\/port-d-andratx\/\" \/>\n<meta property=\"og:locale\" content=\"de_DE\" \/>\n<meta property=\"og:type\" content=\"article\" \/>\n<meta property=\"og:title\" content=\"Urlaub in Port d&#039;Andratx - g\u00fcnstige Flugreisen buchen\" \/>\n<meta property=\"og:description\" content=\"Mallorca-Urlaub clever buchen: Anbieter-Preisvergleich, gro\u00dfe Hotelauswahl, Fr\u00fchbucher &amp; Last Minute-Preise, flexible Termine &amp; Abflughafen.\" \/>\n<meta property=\"og:url\" content=\"https:\/\/www.ihr-ferienpartner.de\/mobil\/port-d-andratx\/\" \/>\n<meta property=\"og:site_name\" content=\"FINDE DEIN SPONTANIEN - Reisen g\u00fcnstig buchen\" \/>\n<meta property=\"og:image\" content=\"https:\/\/www.ihr-ferienpartner.de\/Mallorca\/Andratx.jpg\" \/>\n<meta name=\"twitter:card\" content=\"summary_large_image\" \/>\n<meta name=\"twitter:label1\" content=\"Gesch\u00e4tzte Lesezeit\" \/>\n\t<meta name=\"twitter:data1\" content=\"1\u00a0Minute\" \/>\n<script type=\"application\/ld+json\" class=\"yoast-schema-graph\">{\"@context\":\"https:\/\/schema.org\",\"@graph\":[{\"@type\":\"WebPage\",\"@id\":\"https:\/\/www.ihr-ferienpartner.de\/mobil\/port-d-andratx\/\",\"url\":\"https:\/\/www.ihr-ferienpartner.de\/mobil\/port-d-andratx\/\",\"name\":\"Urlaub in Port d'Andratx - g\u00fcnstige Flugreisen buchen\",\"isPartOf\":{\"@id\":\"https:\/\/www.ihr-ferienpartner.de\/mobil\/#website\"},\"primaryImageOfPage\":{\"@id\":\"https:\/\/www.ihr-ferienpartner.de\/mobil\/port-d-andratx\/#primaryimage\"},\"image\":{\"@id\":\"https:\/\/www.ihr-ferienpartner.de\/mobil\/port-d-andratx\/#primaryimage\"},\"thumbnailUrl\":\"https:\/\/www.ihr-ferienpartner.de\/Mallorca\/Andratx.jpg\",\"datePublished\":\"2024-07-12T07:36:51+00:00\",\"dateModified\":\"2024-07-12T07:36:51+00:00\",\"description\":\"Mallorca-Urlaub clever buchen: Anbieter-Preisvergleich, gro\u00dfe Hotelauswahl, Fr\u00fchbucher & Last Minute-Preise, flexible Termine & Abflughafen.\",\"breadcrumb\":{\"@id\":\"https:\/\/www.ihr-ferienpartner.de\/mobil\/port-d-andratx\/#breadcrumb\"},\"inLanguage\":\"de\",\"potentialAction\":[{\"@type\":\"ReadAction\",\"target\":[\"https:\/\/www.ihr-ferienpartner.de\/mobil\/port-d-andratx\/\"]}]},{\"@type\":\"ImageObject\",\"inLanguage\":\"de\",\"@id\":\"https:\/\/www.ihr-ferienpartner.de\/mobil\/port-d-andratx\/#primaryimage\",\"url\":\"https:\/\/www.ihr-ferienpartner.de\/Mallorca\/Andratx.jpg\",\"contentUrl\":\"https:\/\/www.ihr-ferienpartner.de\/Mallorca\/Andratx.jpg\"},{\"@type\":\"BreadcrumbList\",\"@id\":\"https:\/\/www.ihr-ferienpartner.de\/mobil\/port-d-andratx\/#breadcrumb\",\"itemListElement\":[{\"@type\":\"ListItem\",\"position\":1,\"name\":\"Startseite\",\"item\":\"https:\/\/www.ihr-ferienpartner.de\/mobil\/\"},{\"@type\":\"ListItem\",\"position\":2,\"name\":\"Port d&#8217;Andratx\"}]},{\"@type\":\"WebSite\",\"@id\":\"https:\/\/www.ihr-ferienpartner.de\/mobil\/#website\",\"url\":\"https:\/\/www.ihr-ferienpartner.de\/mobil\/\",\"name\":\"FINDE DEIN SPONTANIEN - Reisen g\u00fcnstig buchen\",\"description\":\"Flugreisen im Preisvergleich mit flexiblen Terminen &amp; Abflughafen.\",\"publisher\":{\"@id\":\"https:\/\/www.ihr-ferienpartner.de\/mobil\/#organization\"},\"potentialAction\":[{\"@type\":\"SearchAction\",\"target\":{\"@type\":\"EntryPoint\",\"urlTemplate\":\"https:\/\/www.ihr-ferienpartner.de\/mobil\/?s={search_term_string}\"},\"query-input\":\"required name=search_term_string\"}],\"inLanguage\":\"de\"},{\"@type\":\"Organization\",\"@id\":\"https:\/\/www.ihr-ferienpartner.de\/mobil\/#organization\",\"name\":\"FINDE DEIN SPONTANIEN - Reisen g\u00fcnstig buchen\",\"url\":\"https:\/\/www.ihr-ferienpartner.de\/mobil\/\",\"logo\":{\"@type\":\"ImageObject\",\"inLanguage\":\"de\",\"@id\":\"https:\/\/www.ihr-ferienpartner.de\/mobil\/#\/schema\/logo\/image\/\",\"url\":\"https:\/\/www.ihr-ferienpartner.de\/mobil\/wp-content\/uploads\/2019\/10\/spontanien.jpg\",\"contentUrl\":\"https:\/\/www.ihr-ferienpartner.de\/mobil\/wp-content\/uploads\/2019\/10\/spontanien.jpg\",\"width\":818,\"height\":200,\"caption\":\"FINDE DEIN SPONTANIEN - Reisen g\u00fcnstig buchen\"},\"image\":{\"@id\":\"https:\/\/www.ihr-ferienpartner.de\/mobil\/#\/schema\/logo\/image\/\"}}]}<\/script>\n<!-- \/ Yoast SEO plugin. -->","yoast_head_json":{"title":"Urlaub in Port d'Andratx - g\u00fcnstige Flugreisen buchen","description":"Mallorca-Urlaub clever buchen: Anbieter-Preisvergleich, gro\u00dfe Hotelauswahl, Fr\u00fchbucher & Last Minute-Preise, flexible Termine & Abflughafen.","robots":{"index":"index","follow":"follow","max-snippet":"max-snippet:-1","max-image-preview":"max-image-preview:large","max-video-preview":"max-video-preview:-1"},"canonical":"https:\/\/www.ihr-ferienpartner.de\/mobil\/port-d-andratx\/","og_locale":"de_DE","og_type":"article","og_title":"Urlaub in Port d'Andratx - g\u00fcnstige Flugreisen buchen","og_description":"Mallorca-Urlaub clever buchen: Anbieter-Preisvergleich, gro\u00dfe Hotelauswahl, Fr\u00fchbucher & Last Minute-Preise, flexible Termine & Abflughafen.","og_url":"https:\/\/www.ihr-ferienpartner.de\/mobil\/port-d-andratx\/","og_site_name":"FINDE DEIN SPONTANIEN - Reisen g\u00fcnstig buchen","og_image":[{"url":"https:\/\/www.ihr-ferienpartner.de\/Mallorca\/Andratx.jpg"}],"twitter_card":"summary_large_image","twitter_misc":{"Gesch\u00e4tzte Lesezeit":"1\u00a0Minute"},"schema":{"@context":"https:\/\/schema.org","@graph":[{"@type":"WebPage","@id":"https:\/\/www.ihr-ferienpartner.de\/mobil\/port-d-andratx\/","url":"https:\/\/www.ihr-ferienpartner.de\/mobil\/port-d-andratx\/","name":"Urlaub in Port d'Andratx - g\u00fcnstige Flugreisen buchen","isPartOf":{"@id":"https:\/\/www.ihr-ferienpartner.de\/mobil\/#website"},"primaryImageOfPage":{"@id":"https:\/\/www.ihr-ferienpartner.de\/mobil\/port-d-andratx\/#primaryimage"},"image":{"@id":"https:\/\/www.ihr-ferienpartner.de\/mobil\/port-d-andratx\/#primaryimage"},"thumbnailUrl":"https:\/\/www.ihr-ferienpartner.de\/Mallorca\/Andratx.jpg","datePublished":"2024-07-12T07:36:51+00:00","dateModified":"2024-07-12T07:36:51+00:00","description":"Mallorca-Urlaub clever buchen: Anbieter-Preisvergleich, gro\u00dfe Hotelauswahl, Fr\u00fchbucher & Last Minute-Preise, flexible Termine & Abflughafen.","breadcrumb":{"@id":"https:\/\/www.ihr-ferienpartner.de\/mobil\/port-d-andratx\/#breadcrumb"},"inLanguage":"de","potentialAction":[{"@type":"ReadAction","target":["https:\/\/www.ihr-ferienpartner.de\/mobil\/port-d-andratx\/"]}]},{"@type":"ImageObject","inLanguage":"de","@id":"https:\/\/www.ihr-ferienpartner.de\/mobil\/port-d-andratx\/#primaryimage","url":"https:\/\/www.ihr-ferienpartner.de\/Mallorca\/Andratx.jpg","contentUrl":"https:\/\/www.ihr-ferienpartner.de\/Mallorca\/Andratx.jpg"},{"@type":"BreadcrumbList","@id":"https:\/\/www.ihr-ferienpartner.de\/mobil\/port-d-andratx\/#breadcrumb","itemListElement":[{"@type":"ListItem","position":1,"name":"Startseite","item":"https:\/\/www.ihr-ferienpartner.de\/mobil\/"},{"@type":"ListItem","position":2,"name":"Port d&#8217;Andratx"}]},{"@type":"WebSite","@id":"https:\/\/www.ihr-ferienpartner.de\/mobil\/#website","url":"https:\/\/www.ihr-ferienpartner.de\/mobil\/","name":"FINDE DEIN SPONTANIEN - Reisen g\u00fcnstig buchen","description":"Flugreisen im Preisvergleich mit flexiblen Terminen &amp; Abflughafen.","publisher":{"@id":"https:\/\/www.ihr-ferienpartner.de\/mobil\/#organization"},"potentialAction":[{"@type":"SearchAction","target":{"@type":"EntryPoint","urlTemplate":"https:\/\/www.ihr-ferienpartner.de\/mobil\/?s={search_term_string}"},"query-input":"required name=search_term_string"}],"inLanguage":"de"},{"@type":"Organization","@id":"https:\/\/www.ihr-ferienpartner.de\/mobil\/#organization","name":"FINDE DEIN SPONTANIEN - Reisen g\u00fcnstig buchen","url":"https:\/\/www.ihr-ferienpartner.de\/mobil\/","logo":{"@type":"ImageObject","inLanguage":"de","@id":"https:\/\/www.ihr-ferienpartner.de\/mobil\/#\/schema\/logo\/image\/","url":"https:\/\/www.ihr-ferienpartner.de\/mobil\/wp-content\/uploads\/2019\/10\/spontanien.jpg","contentUrl":"https:\/\/www.ihr-ferienpartner.de\/mobil\/wp-content\/uploads\/2019\/10\/spontanien.jpg","width":818,"height":200,"caption":"FINDE DEIN SPONTANIEN - Reisen g\u00fcnstig buchen"},"image":{"@id":"https:\/\/www.ihr-ferienpartner.de\/mobil\/#\/schema\/logo\/image\/"}}]}},"_links":{"self":[{"href":"https:\/\/www.ihr-ferienpartner.de\/mobil\/wp-json\/wp\/v2\/pages\/1939"}],"collection":[{"href":"https:\/\/www.ihr-ferienpartner.de\/mobil\/wp-json\/wp\/v2\/pages"}],"about":[{"href":"https:\/\/www.ihr-ferienpartner.de\/mobil\/wp-json\/wp\/v2\/types\/page"}],"author":[{"embeddable":true,"href":"https:\/\/www.ihr-ferienpartner.de\/mobil\/wp-json\/wp\/v2\/users\/1"}],"replies":[{"embeddable":true,"href":"https:\/\/www.ihr-ferienpartner.de\/mobil\/wp-json\/wp\/v2\/comments?post=1939"}],"version-history":[{"count":6,"href":"https:\/\/www.ihr-ferienpartner.de\/mobil\/wp-json\/wp\/v2\/pages\/1939\/revisions"}],"predecessor-version":[{"id":5300,"href":"https:\/\/www.ihr-ferienpartner.de\/mobil\/wp-json\/wp\/v2\/pages\/1939\/revisions\/5300"}],"wp:attachment":[{"href":"https:\/\/www.ihr-ferienpartner.de\/mobil\/wp-json\/wp\/v2\/media?parent=1939"}],"curies":[{"name":"wp","href":"https:\/\/api.w.org\/{rel}","templated":true}]}}