{"id":1956,"date":"2024-06-20T15:05:48","date_gmt":"2024-06-20T13:05:48","guid":{"rendered":"http:\/\/www.ihr-ferienpartner.de\/mobil\/?page_id=1956"},"modified":"2024-06-20T15:05:48","modified_gmt":"2024-06-20T13:05:48","slug":"canyamel","status":"publish","type":"page","link":"https:\/\/www.ihr-ferienpartner.de\/mobil\/canyamel\/","title":{"rendered":"Canyamel"},"content":{"rendered":"<div style=\"background-color: #ffffff; padding: 20px 20px 20px 20px;\">\n<h1>Urlaub in Canyamel &#8211; Mallorca<\/h1>\n<p><img decoding=\"async\" src=\"https:\/\/www.ihr-ferienpartner.de\/Angebot\/Canyamel2.jpg\" alt=\"Urlaub in Canyamel auf Mallorca g\u00fcnstig buchen\" title=\"Reisen nach Mallorca nach Canyamel mit gro\u00dfer Hotelauswahl\"><br \/>\n<font size=\"-1\">Der beschauliche Badeort an einer idyllischen Badebucht mit einem breitem, flach abfallendem Sandstrand wird umrahmt von den ins Meer fallenden H\u00fcgeln und gr\u00fcne Wiesen im Hinterland. Canyamel befindet sich abseits vom Massentourismus und ist ein Geheimtipp, den viele gerne f\u00fcr sich behalten w\u00fcrden. Die Tropfsteinh\u00f6hlen von Arta erreicht man zu Fuss in ca. 20 Minuten.<\/font><\/p>\n<hr>\n<p><font size=\"-1\"><b><font color=\"b62b31\">Unsere Hotel-Tipps:<\/font><\/b> <a href=\"https:\/\/www.ihr-ferienpartner.de\/mobil\/castell-royal\/\" title=\"Castell Royal\">Universal Hotel Castell Royal &gt;&gt;<\/a> &#8211; <a href=\"https:\/\/www.ihr-ferienpartner.de\/mobil\/hotel-laguna\/\" title=\"Hotel Laguna\">Universal Hotel Laguna &gt;&gt;<\/a><br \/>\n<font size=\"-1\"><b><font color=\"b62b31\">Weitere beliebte Orte an der Ostk\u00fcste:<\/font><\/b> <a href=\"https:\/\/www.ihr-ferienpartner.de\/mobil\/cala-millor\/\" title=\"Angebote in Cala Millor\">Cala Millor &gt;&gt;<\/a> &#8211; <a href=\"https:\/\/www.ihr-ferienpartner.de\/mobil\/cala-ratjada\/\" title=\"Angebote in Cala Ratjada\">Cala Ratjada &gt;&gt;<\/a><\/font><\/font><\/p>\n<hr>\n<div id=\"ypsnet-ibe\" data-src=\"https:\/\/b2b.specials.de\/index\/jump\/119\/2780\/991880\/?action=dates&amp;regionId=133&amp;cityId=764&amp;from=15&amp;to=316&amp;duration=7-7&amp;maxPrice=5000&amp;adults=2&amp;category=3&amp;minRecommrate=70\"><\/div>\n<p><script src=\"https:\/\/webmedia.ypsilon.net\/spl_js\/ypsnet-ibe.js\"><\/script><\/p>\n<\/div>\n<div style=\"background-color: #ffffff; padding: 20px 20px 20px 20px;\">\n<hr>\n<p><b>Hotel-Urlaub am Strand von Canyamel:<\/b><br \/>\nBuchen Sie Ihre Mallorca-Reise und profitieren Sie u.a. vom Anbieter-Preisvergleich und Hotel-Rankings aus \u00fcber 1.000.000 authentischen Hotelbewertungen.<\/p>\n<p><img decoding=\"async\" src=\"https:\/\/www.ihr-ferienpartner.de\/Angebot\/Anbietervergleich.jpg\" alt=\"Reisen nach Mallorca an den Strand von Canyamel\" title=\"Reisen nach Canyamel auf Mallorca mit gro\u00dfer Hotelauswahl\"><\/p>\n<\/div>\n","protected":false},"excerpt":{"rendered":"<p>Urlaub in Canyamel &#8211; Mallorca Der beschauliche Badeort an einer idyllischen Badebucht mit einem breitem, flach abfallendem Sandstrand wird umrahmt von den ins Meer fallenden H\u00fcgeln und gr\u00fcne Wiesen im Hinterland. Canyamel befindet sich abseits vom Massentourismus und ist ein Geheimtipp, den viele gerne f\u00fcr sich behalten w\u00fcrden. Die Tropfsteinh\u00f6hlen von Arta erreicht man zu [&hellip;]<\/p>\n","protected":false},"author":1,"featured_media":0,"parent":0,"menu_order":0,"comment_status":"closed","ping_status":"closed","template":"","meta":{"footnotes":""},"yoast_head":"<!-- This site is optimized with the Yoast SEO plugin v22.8 - https:\/\/yoast.com\/wordpress\/plugins\/seo\/ -->\n<title>CANYAMEL - Mallorca-Reisen g\u00fcnstig buchen!<\/title>\n<meta name=\"description\" content=\"Urlaub clever buchen: Anbieter-Preisvergleich, Last Minute &amp; Fr\u00fchbucher-Rabatte, Hotelbewertungen, flexible Termine und Abflughafen.\" \/>\n<meta name=\"robots\" content=\"index, follow, max-snippet:-1, max-image-preview:large, max-video-preview:-1\" \/>\n<link rel=\"canonical\" href=\"https:\/\/www.ihr-ferienpartner.de\/mobil\/canyamel\/\" \/>\n<meta property=\"og:locale\" content=\"de_DE\" \/>\n<meta property=\"og:type\" content=\"article\" \/>\n<meta property=\"og:title\" content=\"CANYAMEL - Mallorca-Reisen g\u00fcnstig buchen!\" \/>\n<meta property=\"og:description\" content=\"Urlaub clever buchen: Anbieter-Preisvergleich, Last Minute &amp; Fr\u00fchbucher-Rabatte, Hotelbewertungen, flexible Termine und Abflughafen.\" \/>\n<meta property=\"og:url\" content=\"https:\/\/www.ihr-ferienpartner.de\/mobil\/canyamel\/\" \/>\n<meta property=\"og:site_name\" content=\"FINDE DEIN SPONTANIEN - Reisen g\u00fcnstig buchen\" \/>\n<meta property=\"og:image\" content=\"https:\/\/www.ihr-ferienpartner.de\/Angebot\/Canyamel2.jpg\" \/>\n<meta name=\"twitter:card\" content=\"summary_large_image\" \/>\n<meta name=\"twitter:label1\" content=\"Gesch\u00e4tzte Lesezeit\" \/>\n\t<meta name=\"twitter:data1\" content=\"1\u00a0Minute\" \/>\n<script type=\"application\/ld+json\" class=\"yoast-schema-graph\">{\"@context\":\"https:\/\/schema.org\",\"@graph\":[{\"@type\":\"WebPage\",\"@id\":\"https:\/\/www.ihr-ferienpartner.de\/mobil\/canyamel\/\",\"url\":\"https:\/\/www.ihr-ferienpartner.de\/mobil\/canyamel\/\",\"name\":\"CANYAMEL - Mallorca-Reisen g\u00fcnstig buchen!\",\"isPartOf\":{\"@id\":\"https:\/\/www.ihr-ferienpartner.de\/mobil\/#website\"},\"primaryImageOfPage\":{\"@id\":\"https:\/\/www.ihr-ferienpartner.de\/mobil\/canyamel\/#primaryimage\"},\"image\":{\"@id\":\"https:\/\/www.ihr-ferienpartner.de\/mobil\/canyamel\/#primaryimage\"},\"thumbnailUrl\":\"https:\/\/www.ihr-ferienpartner.de\/Angebot\/Canyamel2.jpg\",\"datePublished\":\"2024-06-20T13:05:48+00:00\",\"dateModified\":\"2024-06-20T13:05:48+00:00\",\"description\":\"Urlaub clever buchen: Anbieter-Preisvergleich, Last Minute & Fr\u00fchbucher-Rabatte, Hotelbewertungen, flexible Termine und Abflughafen.\",\"breadcrumb\":{\"@id\":\"https:\/\/www.ihr-ferienpartner.de\/mobil\/canyamel\/#breadcrumb\"},\"inLanguage\":\"de\",\"potentialAction\":[{\"@type\":\"ReadAction\",\"target\":[\"https:\/\/www.ihr-ferienpartner.de\/mobil\/canyamel\/\"]}]},{\"@type\":\"ImageObject\",\"inLanguage\":\"de\",\"@id\":\"https:\/\/www.ihr-ferienpartner.de\/mobil\/canyamel\/#primaryimage\",\"url\":\"https:\/\/www.ihr-ferienpartner.de\/Angebot\/Canyamel2.jpg\",\"contentUrl\":\"https:\/\/www.ihr-ferienpartner.de\/Angebot\/Canyamel2.jpg\"},{\"@type\":\"BreadcrumbList\",\"@id\":\"https:\/\/www.ihr-ferienpartner.de\/mobil\/canyamel\/#breadcrumb\",\"itemListElement\":[{\"@type\":\"ListItem\",\"position\":1,\"name\":\"Startseite\",\"item\":\"https:\/\/www.ihr-ferienpartner.de\/mobil\/\"},{\"@type\":\"ListItem\",\"position\":2,\"name\":\"Canyamel\"}]},{\"@type\":\"WebSite\",\"@id\":\"https:\/\/www.ihr-ferienpartner.de\/mobil\/#website\",\"url\":\"https:\/\/www.ihr-ferienpartner.de\/mobil\/\",\"name\":\"FINDE DEIN SPONTANIEN - Reisen g\u00fcnstig buchen\",\"description\":\"Flugreisen im Preisvergleich mit flexiblen Terminen &amp; Abflughafen.\",\"publisher\":{\"@id\":\"https:\/\/www.ihr-ferienpartner.de\/mobil\/#organization\"},\"potentialAction\":[{\"@type\":\"SearchAction\",\"target\":{\"@type\":\"EntryPoint\",\"urlTemplate\":\"https:\/\/www.ihr-ferienpartner.de\/mobil\/?s={search_term_string}\"},\"query-input\":\"required name=search_term_string\"}],\"inLanguage\":\"de\"},{\"@type\":\"Organization\",\"@id\":\"https:\/\/www.ihr-ferienpartner.de\/mobil\/#organization\",\"name\":\"FINDE DEIN SPONTANIEN - Reisen g\u00fcnstig buchen\",\"url\":\"https:\/\/www.ihr-ferienpartner.de\/mobil\/\",\"logo\":{\"@type\":\"ImageObject\",\"inLanguage\":\"de\",\"@id\":\"https:\/\/www.ihr-ferienpartner.de\/mobil\/#\/schema\/logo\/image\/\",\"url\":\"https:\/\/www.ihr-ferienpartner.de\/mobil\/wp-content\/uploads\/2019\/10\/spontanien.jpg\",\"contentUrl\":\"https:\/\/www.ihr-ferienpartner.de\/mobil\/wp-content\/uploads\/2019\/10\/spontanien.jpg\",\"width\":818,\"height\":200,\"caption\":\"FINDE DEIN SPONTANIEN - Reisen g\u00fcnstig buchen\"},\"image\":{\"@id\":\"https:\/\/www.ihr-ferienpartner.de\/mobil\/#\/schema\/logo\/image\/\"}}]}<\/script>\n<!-- \/ Yoast SEO plugin. -->","yoast_head_json":{"title":"CANYAMEL - Mallorca-Reisen g\u00fcnstig buchen!","description":"Urlaub clever buchen: Anbieter-Preisvergleich, Last Minute & Fr\u00fchbucher-Rabatte, Hotelbewertungen, flexible Termine und Abflughafen.","robots":{"index":"index","follow":"follow","max-snippet":"max-snippet:-1","max-image-preview":"max-image-preview:large","max-video-preview":"max-video-preview:-1"},"canonical":"https:\/\/www.ihr-ferienpartner.de\/mobil\/canyamel\/","og_locale":"de_DE","og_type":"article","og_title":"CANYAMEL - Mallorca-Reisen g\u00fcnstig buchen!","og_description":"Urlaub clever buchen: Anbieter-Preisvergleich, Last Minute & Fr\u00fchbucher-Rabatte, Hotelbewertungen, flexible Termine und Abflughafen.","og_url":"https:\/\/www.ihr-ferienpartner.de\/mobil\/canyamel\/","og_site_name":"FINDE DEIN SPONTANIEN - Reisen g\u00fcnstig buchen","og_image":[{"url":"https:\/\/www.ihr-ferienpartner.de\/Angebot\/Canyamel2.jpg"}],"twitter_card":"summary_large_image","twitter_misc":{"Gesch\u00e4tzte Lesezeit":"1\u00a0Minute"},"schema":{"@context":"https:\/\/schema.org","@graph":[{"@type":"WebPage","@id":"https:\/\/www.ihr-ferienpartner.de\/mobil\/canyamel\/","url":"https:\/\/www.ihr-ferienpartner.de\/mobil\/canyamel\/","name":"CANYAMEL - Mallorca-Reisen g\u00fcnstig buchen!","isPartOf":{"@id":"https:\/\/www.ihr-ferienpartner.de\/mobil\/#website"},"primaryImageOfPage":{"@id":"https:\/\/www.ihr-ferienpartner.de\/mobil\/canyamel\/#primaryimage"},"image":{"@id":"https:\/\/www.ihr-ferienpartner.de\/mobil\/canyamel\/#primaryimage"},"thumbnailUrl":"https:\/\/www.ihr-ferienpartner.de\/Angebot\/Canyamel2.jpg","datePublished":"2024-06-20T13:05:48+00:00","dateModified":"2024-06-20T13:05:48+00:00","description":"Urlaub clever buchen: Anbieter-Preisvergleich, Last Minute & Fr\u00fchbucher-Rabatte, Hotelbewertungen, flexible Termine und Abflughafen.","breadcrumb":{"@id":"https:\/\/www.ihr-ferienpartner.de\/mobil\/canyamel\/#breadcrumb"},"inLanguage":"de","potentialAction":[{"@type":"ReadAction","target":["https:\/\/www.ihr-ferienpartner.de\/mobil\/canyamel\/"]}]},{"@type":"ImageObject","inLanguage":"de","@id":"https:\/\/www.ihr-ferienpartner.de\/mobil\/canyamel\/#primaryimage","url":"https:\/\/www.ihr-ferienpartner.de\/Angebot\/Canyamel2.jpg","contentUrl":"https:\/\/www.ihr-ferienpartner.de\/Angebot\/Canyamel2.jpg"},{"@type":"BreadcrumbList","@id":"https:\/\/www.ihr-ferienpartner.de\/mobil\/canyamel\/#breadcrumb","itemListElement":[{"@type":"ListItem","position":1,"name":"Startseite","item":"https:\/\/www.ihr-ferienpartner.de\/mobil\/"},{"@type":"ListItem","position":2,"name":"Canyamel"}]},{"@type":"WebSite","@id":"https:\/\/www.ihr-ferienpartner.de\/mobil\/#website","url":"https:\/\/www.ihr-ferienpartner.de\/mobil\/","name":"FINDE DEIN SPONTANIEN - Reisen g\u00fcnstig buchen","description":"Flugreisen im Preisvergleich mit flexiblen Terminen &amp; Abflughafen.","publisher":{"@id":"https:\/\/www.ihr-ferienpartner.de\/mobil\/#organization"},"potentialAction":[{"@type":"SearchAction","target":{"@type":"EntryPoint","urlTemplate":"https:\/\/www.ihr-ferienpartner.de\/mobil\/?s={search_term_string}"},"query-input":"required name=search_term_string"}],"inLanguage":"de"},{"@type":"Organization","@id":"https:\/\/www.ihr-ferienpartner.de\/mobil\/#organization","name":"FINDE DEIN SPONTANIEN - Reisen g\u00fcnstig buchen","url":"https:\/\/www.ihr-ferienpartner.de\/mobil\/","logo":{"@type":"ImageObject","inLanguage":"de","@id":"https:\/\/www.ihr-ferienpartner.de\/mobil\/#\/schema\/logo\/image\/","url":"https:\/\/www.ihr-ferienpartner.de\/mobil\/wp-content\/uploads\/2019\/10\/spontanien.jpg","contentUrl":"https:\/\/www.ihr-ferienpartner.de\/mobil\/wp-content\/uploads\/2019\/10\/spontanien.jpg","width":818,"height":200,"caption":"FINDE DEIN SPONTANIEN - Reisen g\u00fcnstig buchen"},"image":{"@id":"https:\/\/www.ihr-ferienpartner.de\/mobil\/#\/schema\/logo\/image\/"}}]}},"_links":{"self":[{"href":"https:\/\/www.ihr-ferienpartner.de\/mobil\/wp-json\/wp\/v2\/pages\/1956"}],"collection":[{"href":"https:\/\/www.ihr-ferienpartner.de\/mobil\/wp-json\/wp\/v2\/pages"}],"about":[{"href":"https:\/\/www.ihr-ferienpartner.de\/mobil\/wp-json\/wp\/v2\/types\/page"}],"author":[{"embeddable":true,"href":"https:\/\/www.ihr-ferienpartner.de\/mobil\/wp-json\/wp\/v2\/users\/1"}],"replies":[{"embeddable":true,"href":"https:\/\/www.ihr-ferienpartner.de\/mobil\/wp-json\/wp\/v2\/comments?post=1956"}],"version-history":[{"count":8,"href":"https:\/\/www.ihr-ferienpartner.de\/mobil\/wp-json\/wp\/v2\/pages\/1956\/revisions"}],"predecessor-version":[{"id":5170,"href":"https:\/\/www.ihr-ferienpartner.de\/mobil\/wp-json\/wp\/v2\/pages\/1956\/revisions\/5170"}],"wp:attachment":[{"href":"https:\/\/www.ihr-ferienpartner.de\/mobil\/wp-json\/wp\/v2\/media?parent=1956"}],"curies":[{"name":"wp","href":"https:\/\/api.w.org\/{rel}","templated":true}]}}