{"id":1962,"date":"2024-06-20T15:02:39","date_gmt":"2024-06-20T13:02:39","guid":{"rendered":"http:\/\/www.ihr-ferienpartner.de\/mobil\/?page_id=1962"},"modified":"2024-06-20T15:02:40","modified_gmt":"2024-06-20T13:02:40","slug":"cala-millor","status":"publish","type":"page","link":"https:\/\/www.ihr-ferienpartner.de\/mobil\/cala-millor\/","title":{"rendered":"Cala Millor"},"content":{"rendered":"<div style=\"background-color: #ffffff; padding: 20px 20px 20px 20px;\">\n<h1>Urlaub in Cala Millor &#8211; Mallorca<\/h1>\n<p><img decoding=\"async\" src=\"https:\/\/www.ihr-ferienpartner.de\/Angebot\/CalaMillor.jpg\" alt=\"Cala Millor g\u00fcnstig buchen\" title=\"Reisen nach Mallorca nach Cala Millor mit gro\u00dfer Hotelauswahl\"><br \/>\n<font size=\"-1\">Der kilometerlange, flach abfallende Sandstrand von Cala Millor \u00fcbt Jahr f\u00fcr Jahr eine Anziehungskraft auf zahlreiche Urlauber aus. Kein Wunder, schliesslich hat sich im Ort ein buntes Unterhaltungsprogramm und eine vielf\u00e4ltige Hotellerie mit Hotels aller Klassen etabliert. Neben einer Promemade direkt am Strand l\u00e4dt auch eine Fussg\u00e4ngerzone zum Bummeln ein.<\/font><\/p>\n<hr>\n<p><font size=\"-1\"><b><font color=\"b62b31\">Unser Hotel-Tipp:<\/font><\/b> <a href=\"https:\/\/www.ihr-ferienpartner.de\/mobil\/hipotels-hipocampo\/\" title=\"Hipotels Hipocampo\">Hipotels Hipocampo &gt;&gt;<\/a><br \/>\n<font size=\"-1\"><b><font color=\"b62b31\">Weitere beliebte Orte an der Ostk\u00fcste:<\/font><\/b> <a href=\"https:\/\/www.ihr-ferienpartner.de\/mobil\/canyamel\/\" title=\"Angebote in Canyamel\">Canyamel &gt;&gt;<\/a> &#8211; <a href=\"https:\/\/www.ihr-ferienpartner.de\/mobil\/cala-ratjada\/\" title=\"Angebote in Cala Ratjada\">Cala Ratjada &gt;&gt;<\/a><\/font><\/font><br \/>\n<font size=\"-1\"><b><font color=\"b62b31\">Unser Hotel-Tipp an der Ostk\u00fcste:<\/font><\/b> <a href=\"https:\/\/www.ihr-ferienpartner.de\/mobil\/club-sillot\/\" title=\"Hotel Club Sillot\">Hotel Club S&#8217;illot,<\/a> S&#8217;Illot-Cala Moreia &#8211; <em>klein aber fein<\/em><\/font><\/p>\n<hr>\n<div id=\"ypsnet-ibe\" data-src=\"https:\/\/b2b.specials.de\/index\/jump\/119\/2780\/991880\/?action=dates&amp;regionId=133&amp;cityId=751&amp;from=15&amp;to=316&amp;duration=7-7&amp;maxPrice=5000&amp;adults=2&amp;category=3&amp;minRecommrate=70\"><\/div>\n<p><script src=\"https:\/\/webmedia.ypsilon.net\/spl_js\/ypsnet-ibe.js\"><\/script><\/p>\n<\/div>\n<div style=\"background-color: #ffffff; padding: 20px 20px 20px 20px;\">\n<hr>\n<p><b>Hotel-Urlaub am Strand von Cala Millor:<\/b><br \/>\nBuchen Sie Ihre Mallorca-Reise und profitieren Sie u.a. vom Anbieter-Preisvergleich und Hotel-Rankings aus \u00fcber 1.000.000 authentischen Hotelbewertungen.<\/p>\n<p><img decoding=\"async\" src=\"https:\/\/www.ihr-ferienpartner.de\/Angebot\/Anbietervergleich.jpg\" alt=\"Reisen nach Mallorca an den Strand von Cala Millor\" title=\"Reisen nach Cala Millor auf Mallorca mit gro\u00dfer Hotelauswahl\"><\/p>\n<\/div>\n","protected":false},"excerpt":{"rendered":"<p>Urlaub in Cala Millor &#8211; Mallorca Der kilometerlange, flach abfallende Sandstrand von Cala Millor \u00fcbt Jahr f\u00fcr Jahr eine Anziehungskraft auf zahlreiche Urlauber aus. Kein Wunder, schliesslich hat sich im Ort ein buntes Unterhaltungsprogramm und eine vielf\u00e4ltige Hotellerie mit Hotels aller Klassen etabliert. Neben einer Promemade direkt am Strand l\u00e4dt auch eine Fussg\u00e4ngerzone zum Bummeln [&hellip;]<\/p>\n","protected":false},"author":1,"featured_media":0,"parent":0,"menu_order":0,"comment_status":"closed","ping_status":"closed","template":"","meta":{"footnotes":""},"yoast_head":"<!-- This site is optimized with the Yoast SEO plugin v22.8 - https:\/\/yoast.com\/wordpress\/plugins\/seo\/ -->\n<title>CALA MILLOR - Flugreisen nach Mallorca g\u00fcnstig buchen!<\/title>\n<meta name=\"description\" content=\"Gro\u00dfe Hotelauswahl auf Mallorca mit Preisvergleich, Last Minute &amp; Fr\u00fchbucher-Rabatten, Bewertungsinfos, flexiblen Terminen und Abflughafen.\" \/>\n<meta name=\"robots\" content=\"index, follow, max-snippet:-1, max-image-preview:large, max-video-preview:-1\" \/>\n<link rel=\"canonical\" href=\"https:\/\/www.ihr-ferienpartner.de\/mobil\/cala-millor\/\" \/>\n<meta property=\"og:locale\" content=\"de_DE\" \/>\n<meta property=\"og:type\" content=\"article\" \/>\n<meta property=\"og:title\" content=\"CALA MILLOR - Flugreisen nach Mallorca g\u00fcnstig buchen!\" \/>\n<meta property=\"og:description\" content=\"Gro\u00dfe Hotelauswahl auf Mallorca mit Preisvergleich, Last Minute &amp; Fr\u00fchbucher-Rabatten, Bewertungsinfos, flexiblen Terminen und Abflughafen.\" \/>\n<meta property=\"og:url\" content=\"https:\/\/www.ihr-ferienpartner.de\/mobil\/cala-millor\/\" \/>\n<meta property=\"og:site_name\" content=\"FINDE DEIN SPONTANIEN - Reisen g\u00fcnstig buchen\" \/>\n<meta property=\"article:modified_time\" content=\"2024-06-20T13:02:40+00:00\" \/>\n<meta property=\"og:image\" content=\"https:\/\/www.ihr-ferienpartner.de\/Angebot\/CalaMillor.jpg\" \/>\n<meta name=\"twitter:card\" content=\"summary_large_image\" \/>\n<meta name=\"twitter:label1\" content=\"Gesch\u00e4tzte Lesezeit\" \/>\n\t<meta name=\"twitter:data1\" content=\"1\u00a0Minute\" \/>\n<script type=\"application\/ld+json\" class=\"yoast-schema-graph\">{\"@context\":\"https:\/\/schema.org\",\"@graph\":[{\"@type\":\"WebPage\",\"@id\":\"https:\/\/www.ihr-ferienpartner.de\/mobil\/cala-millor\/\",\"url\":\"https:\/\/www.ihr-ferienpartner.de\/mobil\/cala-millor\/\",\"name\":\"CALA MILLOR - Flugreisen nach Mallorca g\u00fcnstig buchen!\",\"isPartOf\":{\"@id\":\"https:\/\/www.ihr-ferienpartner.de\/mobil\/#website\"},\"primaryImageOfPage\":{\"@id\":\"https:\/\/www.ihr-ferienpartner.de\/mobil\/cala-millor\/#primaryimage\"},\"image\":{\"@id\":\"https:\/\/www.ihr-ferienpartner.de\/mobil\/cala-millor\/#primaryimage\"},\"thumbnailUrl\":\"https:\/\/www.ihr-ferienpartner.de\/Angebot\/CalaMillor.jpg\",\"datePublished\":\"2024-06-20T13:02:39+00:00\",\"dateModified\":\"2024-06-20T13:02:40+00:00\",\"description\":\"Gro\u00dfe Hotelauswahl auf Mallorca mit Preisvergleich, Last Minute & Fr\u00fchbucher-Rabatten, Bewertungsinfos, flexiblen Terminen und Abflughafen.\",\"breadcrumb\":{\"@id\":\"https:\/\/www.ihr-ferienpartner.de\/mobil\/cala-millor\/#breadcrumb\"},\"inLanguage\":\"de\",\"potentialAction\":[{\"@type\":\"ReadAction\",\"target\":[\"https:\/\/www.ihr-ferienpartner.de\/mobil\/cala-millor\/\"]}]},{\"@type\":\"ImageObject\",\"inLanguage\":\"de\",\"@id\":\"https:\/\/www.ihr-ferienpartner.de\/mobil\/cala-millor\/#primaryimage\",\"url\":\"https:\/\/www.ihr-ferienpartner.de\/Angebot\/CalaMillor.jpg\",\"contentUrl\":\"https:\/\/www.ihr-ferienpartner.de\/Angebot\/CalaMillor.jpg\"},{\"@type\":\"BreadcrumbList\",\"@id\":\"https:\/\/www.ihr-ferienpartner.de\/mobil\/cala-millor\/#breadcrumb\",\"itemListElement\":[{\"@type\":\"ListItem\",\"position\":1,\"name\":\"Startseite\",\"item\":\"https:\/\/www.ihr-ferienpartner.de\/mobil\/\"},{\"@type\":\"ListItem\",\"position\":2,\"name\":\"Cala Millor\"}]},{\"@type\":\"WebSite\",\"@id\":\"https:\/\/www.ihr-ferienpartner.de\/mobil\/#website\",\"url\":\"https:\/\/www.ihr-ferienpartner.de\/mobil\/\",\"name\":\"FINDE DEIN SPONTANIEN - Reisen g\u00fcnstig buchen\",\"description\":\"Flugreisen im Preisvergleich mit flexiblen Terminen &amp; Abflughafen.\",\"publisher\":{\"@id\":\"https:\/\/www.ihr-ferienpartner.de\/mobil\/#organization\"},\"potentialAction\":[{\"@type\":\"SearchAction\",\"target\":{\"@type\":\"EntryPoint\",\"urlTemplate\":\"https:\/\/www.ihr-ferienpartner.de\/mobil\/?s={search_term_string}\"},\"query-input\":\"required name=search_term_string\"}],\"inLanguage\":\"de\"},{\"@type\":\"Organization\",\"@id\":\"https:\/\/www.ihr-ferienpartner.de\/mobil\/#organization\",\"name\":\"FINDE DEIN SPONTANIEN - Reisen g\u00fcnstig buchen\",\"url\":\"https:\/\/www.ihr-ferienpartner.de\/mobil\/\",\"logo\":{\"@type\":\"ImageObject\",\"inLanguage\":\"de\",\"@id\":\"https:\/\/www.ihr-ferienpartner.de\/mobil\/#\/schema\/logo\/image\/\",\"url\":\"https:\/\/www.ihr-ferienpartner.de\/mobil\/wp-content\/uploads\/2019\/10\/spontanien.jpg\",\"contentUrl\":\"https:\/\/www.ihr-ferienpartner.de\/mobil\/wp-content\/uploads\/2019\/10\/spontanien.jpg\",\"width\":818,\"height\":200,\"caption\":\"FINDE DEIN SPONTANIEN - Reisen g\u00fcnstig buchen\"},\"image\":{\"@id\":\"https:\/\/www.ihr-ferienpartner.de\/mobil\/#\/schema\/logo\/image\/\"}}]}<\/script>\n<!-- \/ Yoast SEO plugin. -->","yoast_head_json":{"title":"CALA MILLOR - Flugreisen nach Mallorca g\u00fcnstig buchen!","description":"Gro\u00dfe Hotelauswahl auf Mallorca mit Preisvergleich, Last Minute & Fr\u00fchbucher-Rabatten, Bewertungsinfos, flexiblen Terminen und Abflughafen.","robots":{"index":"index","follow":"follow","max-snippet":"max-snippet:-1","max-image-preview":"max-image-preview:large","max-video-preview":"max-video-preview:-1"},"canonical":"https:\/\/www.ihr-ferienpartner.de\/mobil\/cala-millor\/","og_locale":"de_DE","og_type":"article","og_title":"CALA MILLOR - Flugreisen nach Mallorca g\u00fcnstig buchen!","og_description":"Gro\u00dfe Hotelauswahl auf Mallorca mit Preisvergleich, Last Minute & Fr\u00fchbucher-Rabatten, Bewertungsinfos, flexiblen Terminen und Abflughafen.","og_url":"https:\/\/www.ihr-ferienpartner.de\/mobil\/cala-millor\/","og_site_name":"FINDE DEIN SPONTANIEN - Reisen g\u00fcnstig buchen","article_modified_time":"2024-06-20T13:02:40+00:00","og_image":[{"url":"https:\/\/www.ihr-ferienpartner.de\/Angebot\/CalaMillor.jpg"}],"twitter_card":"summary_large_image","twitter_misc":{"Gesch\u00e4tzte Lesezeit":"1\u00a0Minute"},"schema":{"@context":"https:\/\/schema.org","@graph":[{"@type":"WebPage","@id":"https:\/\/www.ihr-ferienpartner.de\/mobil\/cala-millor\/","url":"https:\/\/www.ihr-ferienpartner.de\/mobil\/cala-millor\/","name":"CALA MILLOR - Flugreisen nach Mallorca g\u00fcnstig buchen!","isPartOf":{"@id":"https:\/\/www.ihr-ferienpartner.de\/mobil\/#website"},"primaryImageOfPage":{"@id":"https:\/\/www.ihr-ferienpartner.de\/mobil\/cala-millor\/#primaryimage"},"image":{"@id":"https:\/\/www.ihr-ferienpartner.de\/mobil\/cala-millor\/#primaryimage"},"thumbnailUrl":"https:\/\/www.ihr-ferienpartner.de\/Angebot\/CalaMillor.jpg","datePublished":"2024-06-20T13:02:39+00:00","dateModified":"2024-06-20T13:02:40+00:00","description":"Gro\u00dfe Hotelauswahl auf Mallorca mit Preisvergleich, Last Minute & Fr\u00fchbucher-Rabatten, Bewertungsinfos, flexiblen Terminen und Abflughafen.","breadcrumb":{"@id":"https:\/\/www.ihr-ferienpartner.de\/mobil\/cala-millor\/#breadcrumb"},"inLanguage":"de","potentialAction":[{"@type":"ReadAction","target":["https:\/\/www.ihr-ferienpartner.de\/mobil\/cala-millor\/"]}]},{"@type":"ImageObject","inLanguage":"de","@id":"https:\/\/www.ihr-ferienpartner.de\/mobil\/cala-millor\/#primaryimage","url":"https:\/\/www.ihr-ferienpartner.de\/Angebot\/CalaMillor.jpg","contentUrl":"https:\/\/www.ihr-ferienpartner.de\/Angebot\/CalaMillor.jpg"},{"@type":"BreadcrumbList","@id":"https:\/\/www.ihr-ferienpartner.de\/mobil\/cala-millor\/#breadcrumb","itemListElement":[{"@type":"ListItem","position":1,"name":"Startseite","item":"https:\/\/www.ihr-ferienpartner.de\/mobil\/"},{"@type":"ListItem","position":2,"name":"Cala Millor"}]},{"@type":"WebSite","@id":"https:\/\/www.ihr-ferienpartner.de\/mobil\/#website","url":"https:\/\/www.ihr-ferienpartner.de\/mobil\/","name":"FINDE DEIN SPONTANIEN - Reisen g\u00fcnstig buchen","description":"Flugreisen im Preisvergleich mit flexiblen Terminen &amp; Abflughafen.","publisher":{"@id":"https:\/\/www.ihr-ferienpartner.de\/mobil\/#organization"},"potentialAction":[{"@type":"SearchAction","target":{"@type":"EntryPoint","urlTemplate":"https:\/\/www.ihr-ferienpartner.de\/mobil\/?s={search_term_string}"},"query-input":"required name=search_term_string"}],"inLanguage":"de"},{"@type":"Organization","@id":"https:\/\/www.ihr-ferienpartner.de\/mobil\/#organization","name":"FINDE DEIN SPONTANIEN - Reisen g\u00fcnstig buchen","url":"https:\/\/www.ihr-ferienpartner.de\/mobil\/","logo":{"@type":"ImageObject","inLanguage":"de","@id":"https:\/\/www.ihr-ferienpartner.de\/mobil\/#\/schema\/logo\/image\/","url":"https:\/\/www.ihr-ferienpartner.de\/mobil\/wp-content\/uploads\/2019\/10\/spontanien.jpg","contentUrl":"https:\/\/www.ihr-ferienpartner.de\/mobil\/wp-content\/uploads\/2019\/10\/spontanien.jpg","width":818,"height":200,"caption":"FINDE DEIN SPONTANIEN - Reisen g\u00fcnstig buchen"},"image":{"@id":"https:\/\/www.ihr-ferienpartner.de\/mobil\/#\/schema\/logo\/image\/"}}]}},"_links":{"self":[{"href":"https:\/\/www.ihr-ferienpartner.de\/mobil\/wp-json\/wp\/v2\/pages\/1962"}],"collection":[{"href":"https:\/\/www.ihr-ferienpartner.de\/mobil\/wp-json\/wp\/v2\/pages"}],"about":[{"href":"https:\/\/www.ihr-ferienpartner.de\/mobil\/wp-json\/wp\/v2\/types\/page"}],"author":[{"embeddable":true,"href":"https:\/\/www.ihr-ferienpartner.de\/mobil\/wp-json\/wp\/v2\/users\/1"}],"replies":[{"embeddable":true,"href":"https:\/\/www.ihr-ferienpartner.de\/mobil\/wp-json\/wp\/v2\/comments?post=1962"}],"version-history":[{"count":6,"href":"https:\/\/www.ihr-ferienpartner.de\/mobil\/wp-json\/wp\/v2\/pages\/1962\/revisions"}],"predecessor-version":[{"id":5166,"href":"https:\/\/www.ihr-ferienpartner.de\/mobil\/wp-json\/wp\/v2\/pages\/1962\/revisions\/5166"}],"wp:attachment":[{"href":"https:\/\/www.ihr-ferienpartner.de\/mobil\/wp-json\/wp\/v2\/media?parent=1962"}],"curies":[{"name":"wp","href":"https:\/\/api.w.org\/{rel}","templated":true}]}}