{"id":2112,"date":"2024-07-04T15:24:27","date_gmt":"2024-07-04T13:24:27","guid":{"rendered":"http:\/\/www.ihr-ferienpartner.de\/mobil\/?page_id=2112"},"modified":"2024-07-04T15:24:27","modified_gmt":"2024-07-04T13:24:27","slug":"magic-life-candia-maris","status":"publish","type":"page","link":"https:\/\/www.ihr-ferienpartner.de\/mobil\/magic-life-candia-maris\/","title":{"rendered":"MAGIC LIFE Candia Maris"},"content":{"rendered":"<div style=\"background-color: #ffffff; padding: 20px 20px 20px 20px;\">\n<h1>TUI MAGIC LIFE Candia Maris<\/h1>\n<p>Amoudara &#8211; Kreta<\/p>\n<p><img decoding=\"async\" src=\"https:\/\/www.ihr-ferienpartner.de\/Angebot\/GriechenlandMagicLife.jpg\" alt=\"Urlaub im MAGIC LIFE Candia Maris g\u00fcnstig buchen\" title=\"Reisen nach Kreta ins TUI MAGIC LIFE Candia Maris\"><br \/>\n<font size=\"-1\"><b>ALL INCLUSIVE Cluburlaub<\/b> bei &#8222;Magic Life&#8220; bedeutet Fitness, Action, Party &amp; Entertainment und zwischendurch Erholung u.a. am Ruhepool. Der sehr gepflegte Club liegt direkt am langen Sandstrand, ca. 100m von Amoudara und 6km von Heraklion entfernt. F\u00fcr <b>G\u00e4ste ab 16 Jahre (Erwchsenenhotel)<\/b> ist die weitl\u00e4ufige Anlage mit drei Restaurants, einem Relaxpool, zwei Activitypools und einem Hallenbad optimal.<\/font><\/p>\n<hr>\n<p><font size=\"-1\"><b><font color=\"b62b31\">weitere Hotel-Tipps auf Kreta:<\/font><\/b> <a href=\"https:\/\/www.ihr-ferienpartner.de\/mobil\/nana-beach\/\">Nana Beach, Chersonissos<\/a> &#8211; <a href=\"https:\/\/www.ihr-ferienpartner.de\/mobil\/alexander-beach\/\">Alexander Beach, Malia<\/a> &#8211; <a href=\"https:\/\/www.ihr-ferienpartner.de\/mobil\/vantaris-palace\/\">Vantaris Palace, Kavros<\/a> &#8211; <a href=\"https:\/\/www.ihr-ferienpartner.de\/mobil\/robinson-club-ierapetra\/\">ROBINSON Club Ierapetra, Koutsounari<\/a><br \/>\n<b><font color=\"b62b31\">alle Hotels auf:<\/font><\/b> <a href=\"https:\/\/www.ihr-ferienpartner.de\/mobil\/kreta\">Kreta &gt;&gt;<\/a><\/font><\/p>\n<hr>\n<div id=\"ypsnet-ibe\" data-src=\"https:\/\/b2b.specials.de\/index\/jump\/119\/2780\/991880\/?action=dates&amp;regionId=46&amp;from=15&amp;to=316&amp;duration=7-7&amp;maxPrice=5000&amp;adults=2&amp;giataId=780\"><\/div>\n<p><script src=\"https:\/\/webmedia.ypsilon.net\/spl_js\/ypsnet-ibe.js\"><\/script><\/p>\n<\/div>\n<div style=\"background-color: #ffffff; padding: 20px 20px 20px 20px;\">\n<hr>\n<p><b>all inclusive Clubrlaub im MAGIC LIFE Candia Maris auf Kreta:<\/b><br \/>\nBuchen Sie Ihre Reise und profitieren Sie u.a. vom Anbieter-Preisvergleich und Hotel-Rankings aus \u00fcber 1.000.000 authentischen Hotelbewertungen.<\/p>\n<p><img decoding=\"async\" src=\"https:\/\/www.ihr-ferienpartner.de\/Angebot\/Anbietervergleich.jpg\" alt=\"Reisen nach Kreta ins MAGIC LIFE Candia Maris\" title=\"Reisen nach Kreta, Hotel MAGIC LIFE Candia Maris\"><\/p>\n<\/div>\n","protected":false},"excerpt":{"rendered":"<p>TUI MAGIC LIFE Candia Maris Amoudara &#8211; Kreta ALL INCLUSIVE Cluburlaub bei &#8222;Magic Life&#8220; bedeutet Fitness, Action, Party &amp; Entertainment und zwischendurch Erholung u.a. am Ruhepool. Der sehr gepflegte Club liegt direkt am langen Sandstrand, ca. 100m von Amoudara und 6km von Heraklion entfernt. F\u00fcr G\u00e4ste ab 16 Jahre (Erwchsenenhotel) ist die weitl\u00e4ufige Anlage mit [&hellip;]<\/p>\n","protected":false},"author":1,"featured_media":0,"parent":0,"menu_order":0,"comment_status":"closed","ping_status":"closed","template":"","meta":{"footnotes":""},"yoast_head":"<!-- This site is optimized with the Yoast SEO plugin v22.8 - https:\/\/yoast.com\/wordpress\/plugins\/seo\/ -->\n<title>TUI MAGIC LIFE Candia Maris auf Kreta - g\u00fcnstig buchen!<\/title>\n<meta name=\"description\" content=\"Jetzt ALL INCLUSIVE Cluburlaub buchen - Reisen im Preisvergleich, mit Hotelbewertungen, ab allen Abflughafen und mit flexiblen Reiseterminen.\" \/>\n<meta name=\"robots\" content=\"index, follow, max-snippet:-1, max-image-preview:large, max-video-preview:-1\" \/>\n<link rel=\"canonical\" href=\"https:\/\/www.ihr-ferienpartner.de\/mobil\/magic-life-candia-maris\/\" \/>\n<meta property=\"og:locale\" content=\"de_DE\" \/>\n<meta property=\"og:type\" content=\"article\" \/>\n<meta property=\"og:title\" content=\"TUI MAGIC LIFE Candia Maris auf Kreta - g\u00fcnstig buchen!\" \/>\n<meta property=\"og:description\" content=\"Jetzt ALL INCLUSIVE Cluburlaub buchen - Reisen im Preisvergleich, mit Hotelbewertungen, ab allen Abflughafen und mit flexiblen Reiseterminen.\" \/>\n<meta property=\"og:url\" content=\"https:\/\/www.ihr-ferienpartner.de\/mobil\/magic-life-candia-maris\/\" \/>\n<meta property=\"og:site_name\" content=\"FINDE DEIN SPONTANIEN - Reisen g\u00fcnstig buchen\" \/>\n<meta property=\"og:image\" content=\"https:\/\/www.ihr-ferienpartner.de\/Angebot\/GriechenlandMagicLife.jpg\" \/>\n<meta name=\"twitter:card\" content=\"summary_large_image\" \/>\n<meta name=\"twitter:label1\" content=\"Gesch\u00e4tzte Lesezeit\" \/>\n\t<meta name=\"twitter:data1\" content=\"2\u00a0Minuten\" \/>\n<script type=\"application\/ld+json\" class=\"yoast-schema-graph\">{\"@context\":\"https:\/\/schema.org\",\"@graph\":[{\"@type\":\"WebPage\",\"@id\":\"https:\/\/www.ihr-ferienpartner.de\/mobil\/magic-life-candia-maris\/\",\"url\":\"https:\/\/www.ihr-ferienpartner.de\/mobil\/magic-life-candia-maris\/\",\"name\":\"TUI MAGIC LIFE Candia Maris auf Kreta - g\u00fcnstig buchen!\",\"isPartOf\":{\"@id\":\"https:\/\/www.ihr-ferienpartner.de\/mobil\/#website\"},\"primaryImageOfPage\":{\"@id\":\"https:\/\/www.ihr-ferienpartner.de\/mobil\/magic-life-candia-maris\/#primaryimage\"},\"image\":{\"@id\":\"https:\/\/www.ihr-ferienpartner.de\/mobil\/magic-life-candia-maris\/#primaryimage\"},\"thumbnailUrl\":\"https:\/\/www.ihr-ferienpartner.de\/Angebot\/GriechenlandMagicLife.jpg\",\"datePublished\":\"2024-07-04T13:24:27+00:00\",\"dateModified\":\"2024-07-04T13:24:27+00:00\",\"description\":\"Jetzt ALL INCLUSIVE Cluburlaub buchen - Reisen im Preisvergleich, mit Hotelbewertungen, ab allen Abflughafen und mit flexiblen Reiseterminen.\",\"breadcrumb\":{\"@id\":\"https:\/\/www.ihr-ferienpartner.de\/mobil\/magic-life-candia-maris\/#breadcrumb\"},\"inLanguage\":\"de\",\"potentialAction\":[{\"@type\":\"ReadAction\",\"target\":[\"https:\/\/www.ihr-ferienpartner.de\/mobil\/magic-life-candia-maris\/\"]}]},{\"@type\":\"ImageObject\",\"inLanguage\":\"de\",\"@id\":\"https:\/\/www.ihr-ferienpartner.de\/mobil\/magic-life-candia-maris\/#primaryimage\",\"url\":\"https:\/\/www.ihr-ferienpartner.de\/Angebot\/GriechenlandMagicLife.jpg\",\"contentUrl\":\"https:\/\/www.ihr-ferienpartner.de\/Angebot\/GriechenlandMagicLife.jpg\"},{\"@type\":\"BreadcrumbList\",\"@id\":\"https:\/\/www.ihr-ferienpartner.de\/mobil\/magic-life-candia-maris\/#breadcrumb\",\"itemListElement\":[{\"@type\":\"ListItem\",\"position\":1,\"name\":\"Startseite\",\"item\":\"https:\/\/www.ihr-ferienpartner.de\/mobil\/\"},{\"@type\":\"ListItem\",\"position\":2,\"name\":\"MAGIC LIFE Candia Maris\"}]},{\"@type\":\"WebSite\",\"@id\":\"https:\/\/www.ihr-ferienpartner.de\/mobil\/#website\",\"url\":\"https:\/\/www.ihr-ferienpartner.de\/mobil\/\",\"name\":\"FINDE DEIN SPONTANIEN - Reisen g\u00fcnstig buchen\",\"description\":\"Flugreisen im Preisvergleich mit flexiblen Terminen &amp; Abflughafen.\",\"publisher\":{\"@id\":\"https:\/\/www.ihr-ferienpartner.de\/mobil\/#organization\"},\"potentialAction\":[{\"@type\":\"SearchAction\",\"target\":{\"@type\":\"EntryPoint\",\"urlTemplate\":\"https:\/\/www.ihr-ferienpartner.de\/mobil\/?s={search_term_string}\"},\"query-input\":\"required name=search_term_string\"}],\"inLanguage\":\"de\"},{\"@type\":\"Organization\",\"@id\":\"https:\/\/www.ihr-ferienpartner.de\/mobil\/#organization\",\"name\":\"FINDE DEIN SPONTANIEN - Reisen g\u00fcnstig buchen\",\"url\":\"https:\/\/www.ihr-ferienpartner.de\/mobil\/\",\"logo\":{\"@type\":\"ImageObject\",\"inLanguage\":\"de\",\"@id\":\"https:\/\/www.ihr-ferienpartner.de\/mobil\/#\/schema\/logo\/image\/\",\"url\":\"https:\/\/www.ihr-ferienpartner.de\/mobil\/wp-content\/uploads\/2019\/10\/spontanien.jpg\",\"contentUrl\":\"https:\/\/www.ihr-ferienpartner.de\/mobil\/wp-content\/uploads\/2019\/10\/spontanien.jpg\",\"width\":818,\"height\":200,\"caption\":\"FINDE DEIN SPONTANIEN - Reisen g\u00fcnstig buchen\"},\"image\":{\"@id\":\"https:\/\/www.ihr-ferienpartner.de\/mobil\/#\/schema\/logo\/image\/\"}}]}<\/script>\n<!-- \/ Yoast SEO plugin. -->","yoast_head_json":{"title":"TUI MAGIC LIFE Candia Maris auf Kreta - g\u00fcnstig buchen!","description":"Jetzt ALL INCLUSIVE Cluburlaub buchen - Reisen im Preisvergleich, mit Hotelbewertungen, ab allen Abflughafen und mit flexiblen Reiseterminen.","robots":{"index":"index","follow":"follow","max-snippet":"max-snippet:-1","max-image-preview":"max-image-preview:large","max-video-preview":"max-video-preview:-1"},"canonical":"https:\/\/www.ihr-ferienpartner.de\/mobil\/magic-life-candia-maris\/","og_locale":"de_DE","og_type":"article","og_title":"TUI MAGIC LIFE Candia Maris auf Kreta - g\u00fcnstig buchen!","og_description":"Jetzt ALL INCLUSIVE Cluburlaub buchen - Reisen im Preisvergleich, mit Hotelbewertungen, ab allen Abflughafen und mit flexiblen Reiseterminen.","og_url":"https:\/\/www.ihr-ferienpartner.de\/mobil\/magic-life-candia-maris\/","og_site_name":"FINDE DEIN SPONTANIEN - Reisen g\u00fcnstig buchen","og_image":[{"url":"https:\/\/www.ihr-ferienpartner.de\/Angebot\/GriechenlandMagicLife.jpg"}],"twitter_card":"summary_large_image","twitter_misc":{"Gesch\u00e4tzte Lesezeit":"2\u00a0Minuten"},"schema":{"@context":"https:\/\/schema.org","@graph":[{"@type":"WebPage","@id":"https:\/\/www.ihr-ferienpartner.de\/mobil\/magic-life-candia-maris\/","url":"https:\/\/www.ihr-ferienpartner.de\/mobil\/magic-life-candia-maris\/","name":"TUI MAGIC LIFE Candia Maris auf Kreta - g\u00fcnstig buchen!","isPartOf":{"@id":"https:\/\/www.ihr-ferienpartner.de\/mobil\/#website"},"primaryImageOfPage":{"@id":"https:\/\/www.ihr-ferienpartner.de\/mobil\/magic-life-candia-maris\/#primaryimage"},"image":{"@id":"https:\/\/www.ihr-ferienpartner.de\/mobil\/magic-life-candia-maris\/#primaryimage"},"thumbnailUrl":"https:\/\/www.ihr-ferienpartner.de\/Angebot\/GriechenlandMagicLife.jpg","datePublished":"2024-07-04T13:24:27+00:00","dateModified":"2024-07-04T13:24:27+00:00","description":"Jetzt ALL INCLUSIVE Cluburlaub buchen - Reisen im Preisvergleich, mit Hotelbewertungen, ab allen Abflughafen und mit flexiblen Reiseterminen.","breadcrumb":{"@id":"https:\/\/www.ihr-ferienpartner.de\/mobil\/magic-life-candia-maris\/#breadcrumb"},"inLanguage":"de","potentialAction":[{"@type":"ReadAction","target":["https:\/\/www.ihr-ferienpartner.de\/mobil\/magic-life-candia-maris\/"]}]},{"@type":"ImageObject","inLanguage":"de","@id":"https:\/\/www.ihr-ferienpartner.de\/mobil\/magic-life-candia-maris\/#primaryimage","url":"https:\/\/www.ihr-ferienpartner.de\/Angebot\/GriechenlandMagicLife.jpg","contentUrl":"https:\/\/www.ihr-ferienpartner.de\/Angebot\/GriechenlandMagicLife.jpg"},{"@type":"BreadcrumbList","@id":"https:\/\/www.ihr-ferienpartner.de\/mobil\/magic-life-candia-maris\/#breadcrumb","itemListElement":[{"@type":"ListItem","position":1,"name":"Startseite","item":"https:\/\/www.ihr-ferienpartner.de\/mobil\/"},{"@type":"ListItem","position":2,"name":"MAGIC LIFE Candia Maris"}]},{"@type":"WebSite","@id":"https:\/\/www.ihr-ferienpartner.de\/mobil\/#website","url":"https:\/\/www.ihr-ferienpartner.de\/mobil\/","name":"FINDE DEIN SPONTANIEN - Reisen g\u00fcnstig buchen","description":"Flugreisen im Preisvergleich mit flexiblen Terminen &amp; Abflughafen.","publisher":{"@id":"https:\/\/www.ihr-ferienpartner.de\/mobil\/#organization"},"potentialAction":[{"@type":"SearchAction","target":{"@type":"EntryPoint","urlTemplate":"https:\/\/www.ihr-ferienpartner.de\/mobil\/?s={search_term_string}"},"query-input":"required name=search_term_string"}],"inLanguage":"de"},{"@type":"Organization","@id":"https:\/\/www.ihr-ferienpartner.de\/mobil\/#organization","name":"FINDE DEIN SPONTANIEN - Reisen g\u00fcnstig buchen","url":"https:\/\/www.ihr-ferienpartner.de\/mobil\/","logo":{"@type":"ImageObject","inLanguage":"de","@id":"https:\/\/www.ihr-ferienpartner.de\/mobil\/#\/schema\/logo\/image\/","url":"https:\/\/www.ihr-ferienpartner.de\/mobil\/wp-content\/uploads\/2019\/10\/spontanien.jpg","contentUrl":"https:\/\/www.ihr-ferienpartner.de\/mobil\/wp-content\/uploads\/2019\/10\/spontanien.jpg","width":818,"height":200,"caption":"FINDE DEIN SPONTANIEN - Reisen g\u00fcnstig buchen"},"image":{"@id":"https:\/\/www.ihr-ferienpartner.de\/mobil\/#\/schema\/logo\/image\/"}}]}},"_links":{"self":[{"href":"https:\/\/www.ihr-ferienpartner.de\/mobil\/wp-json\/wp\/v2\/pages\/2112"}],"collection":[{"href":"https:\/\/www.ihr-ferienpartner.de\/mobil\/wp-json\/wp\/v2\/pages"}],"about":[{"href":"https:\/\/www.ihr-ferienpartner.de\/mobil\/wp-json\/wp\/v2\/types\/page"}],"author":[{"embeddable":true,"href":"https:\/\/www.ihr-ferienpartner.de\/mobil\/wp-json\/wp\/v2\/users\/1"}],"replies":[{"embeddable":true,"href":"https:\/\/www.ihr-ferienpartner.de\/mobil\/wp-json\/wp\/v2\/comments?post=2112"}],"version-history":[{"count":10,"href":"https:\/\/www.ihr-ferienpartner.de\/mobil\/wp-json\/wp\/v2\/pages\/2112\/revisions"}],"predecessor-version":[{"id":5261,"href":"https:\/\/www.ihr-ferienpartner.de\/mobil\/wp-json\/wp\/v2\/pages\/2112\/revisions\/5261"}],"wp:attachment":[{"href":"https:\/\/www.ihr-ferienpartner.de\/mobil\/wp-json\/wp\/v2\/media?parent=2112"}],"curies":[{"name":"wp","href":"https:\/\/api.w.org\/{rel}","templated":true}]}}