{"id":2127,"date":"2024-06-26T13:26:03","date_gmt":"2024-06-26T11:26:03","guid":{"rendered":"http:\/\/www.ihr-ferienpartner.de\/mobil\/?page_id=2127"},"modified":"2024-06-26T13:26:03","modified_gmt":"2024-06-26T11:26:03","slug":"horizon-beach-resort","status":"publish","type":"page","link":"https:\/\/www.ihr-ferienpartner.de\/mobil\/horizon-beach-resort\/","title":{"rendered":"Horizon Beach Resort"},"content":{"rendered":"<div style=\"background-color: #ffffff; padding: 20px 20px 20px 20px;\">\n<h1>Horizon Beach Resort<\/h1>\n<p>Mastichari (Insel Kos)<\/p>\n<p><img decoding=\"async\" src=\"https:\/\/www.ihr-ferienpartner.de\/Angebot\/Horizon.JPG\" alt=\"Hotel Horizon Beach auf Kos g\u00fcnstig buchen\" title=\"Reisen nach Kos ins Horizon Beach Resort\"><br \/>\n<font size=\"-1\">Direkt am kilometerlangen, flachabfallenden Feinsandstrand von Mastichari liegt das im mediterranen Stil erbaute, weitl\u00e4ufige Ferienresort Horizon Beach. Es verf\u00fcgt im sch\u00f6nen Garten \u00fcber zwei S\u00fc\u00dfwasserpools. Die 324 Wohneinheiten verteilen sich auf ein Haupthaus und mehrere Bungalowgeb\u00e4ude.<br \/>\n<b>Die aufgrund Ihrer Beliebtheit bereits pr\u00e4mierte Anlage ist mit Halbpension buchbar.<\/b><\/font><\/p>\n<hr>\n<p><font size=\"-1\"><b><font color=\"b62b31\">weitere Hotel-Tipps auf Kos:<\/font><\/b> <a href=\"https:\/\/www.ihr-ferienpartner.de\/mobil\/neptune-hotels-resort\/\">Neptune Hotels Resort, Mastichari<\/a> &#8211; <a href=\"https:\/\/www.ihr-ferienpartner.de\/mobil\/magic-life-marmari-palace\/\">MAGIC LIFE Marmari Palace, Mastichari<\/a> &#8211; <a href=\"https:\/\/www.ihr-ferienpartner.de\/mobil\/atlantica-beach-resort-kos\/\">Atlantica Beach Resort Kos, Kardamena<\/a> &#8211; <a href=\"https:\/\/www.ihr-ferienpartner.de\/mobil\/robinson-club-daidalos\/\">ROBINSON Club Daidalos, Kardamena<\/a><br \/>\n<b><font color=\"b62b31\">alle Hotels auf:<\/font><\/b> <a href=\"https:\/\/www.ihr-ferienpartner.de\/mobil\/kos\">Kos &gt;&gt;<\/a><\/font><\/p>\n<hr>\n<div id=\"ypsnet-ibe\" data-src=\"https:\/\/b2b.specials.de\/index\/jump\/119\/2780\/991880\/?action=dates&amp;regionId=45&amp;from=15&amp;to=316&amp;duration=7-7&amp;maxPrice=5000&amp;adults=2&amp;giataId=32386\"><\/div>\n<p><script src=\"https:\/\/webmedia.ypsilon.net\/spl_js\/ypsnet-ibe.js\"><\/script><\/p>\n<\/div>\n<div style=\"background-color: #ffffff; padding: 20px 20px 20px 20px;\">\n<hr>\n<p><b>Traumurlaub im Horizon Beach Resort an der Nordk\u00fcste von Kos:<\/b><br \/>\nBuchen Sie Ihre Reise und profitieren Sie u.a. vom Anbieter-Preisvergleich und Hotel-Rankings aus \u00fcber 1.000.000 authentischen Hotelbewertungen.<\/p>\n<p><img decoding=\"async\" src=\"https:\/\/www.ihr-ferienpartner.de\/Angebot\/Anbietervergleich.jpg\" alt=\"Reisen nach Kos ins Horizon Beach Resort\" title=\"Reisen nach Kos, Horizon Beach Resort\"><\/p>\n<\/div>\n","protected":false},"excerpt":{"rendered":"<p>Horizon Beach Resort Mastichari (Insel Kos) Direkt am kilometerlangen, flachabfallenden Feinsandstrand von Mastichari liegt das im mediterranen Stil erbaute, weitl\u00e4ufige Ferienresort Horizon Beach. Es verf\u00fcgt im sch\u00f6nen Garten \u00fcber zwei S\u00fc\u00dfwasserpools. Die 324 Wohneinheiten verteilen sich auf ein Haupthaus und mehrere Bungalowgeb\u00e4ude. Die aufgrund Ihrer Beliebtheit bereits pr\u00e4mierte Anlage ist mit Halbpension buchbar. weitere Hotel-Tipps [&hellip;]<\/p>\n","protected":false},"author":1,"featured_media":0,"parent":0,"menu_order":0,"comment_status":"closed","ping_status":"closed","template":"","meta":{"footnotes":""},"yoast_head":"<!-- This site is optimized with the Yoast SEO plugin v22.8 - https:\/\/yoast.com\/wordpress\/plugins\/seo\/ -->\n<title>Horizon Beach Resort auf Kos - Urlaub g\u00fcnstig buchen!<\/title>\n<meta name=\"description\" content=\"Flugreisen nach Kos clever buchen: Anbieter-Preisvergleich, Hotelbewertungen, flexible Termine und ab allen Abflughafen.\" \/>\n<meta name=\"robots\" content=\"index, follow, max-snippet:-1, max-image-preview:large, max-video-preview:-1\" \/>\n<link rel=\"canonical\" href=\"https:\/\/www.ihr-ferienpartner.de\/mobil\/horizon-beach-resort\/\" \/>\n<meta property=\"og:locale\" content=\"de_DE\" \/>\n<meta property=\"og:type\" content=\"article\" \/>\n<meta property=\"og:title\" content=\"Horizon Beach Resort auf Kos - Urlaub g\u00fcnstig buchen!\" \/>\n<meta property=\"og:description\" content=\"Flugreisen nach Kos clever buchen: Anbieter-Preisvergleich, Hotelbewertungen, flexible Termine und ab allen Abflughafen.\" \/>\n<meta property=\"og:url\" content=\"https:\/\/www.ihr-ferienpartner.de\/mobil\/horizon-beach-resort\/\" \/>\n<meta property=\"og:site_name\" content=\"FINDE DEIN SPONTANIEN - Reisen g\u00fcnstig buchen\" \/>\n<meta property=\"og:image\" content=\"https:\/\/www.ihr-ferienpartner.de\/Angebot\/Horizon.JPG\" \/>\n<meta name=\"twitter:card\" content=\"summary_large_image\" \/>\n<meta name=\"twitter:label1\" content=\"Gesch\u00e4tzte Lesezeit\" \/>\n\t<meta name=\"twitter:data1\" content=\"1\u00a0Minute\" \/>\n<script type=\"application\/ld+json\" class=\"yoast-schema-graph\">{\"@context\":\"https:\/\/schema.org\",\"@graph\":[{\"@type\":\"WebPage\",\"@id\":\"https:\/\/www.ihr-ferienpartner.de\/mobil\/horizon-beach-resort\/\",\"url\":\"https:\/\/www.ihr-ferienpartner.de\/mobil\/horizon-beach-resort\/\",\"name\":\"Horizon Beach Resort auf Kos - Urlaub g\u00fcnstig buchen!\",\"isPartOf\":{\"@id\":\"https:\/\/www.ihr-ferienpartner.de\/mobil\/#website\"},\"primaryImageOfPage\":{\"@id\":\"https:\/\/www.ihr-ferienpartner.de\/mobil\/horizon-beach-resort\/#primaryimage\"},\"image\":{\"@id\":\"https:\/\/www.ihr-ferienpartner.de\/mobil\/horizon-beach-resort\/#primaryimage\"},\"thumbnailUrl\":\"https:\/\/www.ihr-ferienpartner.de\/Angebot\/Horizon.JPG\",\"datePublished\":\"2024-06-26T11:26:03+00:00\",\"dateModified\":\"2024-06-26T11:26:03+00:00\",\"description\":\"Flugreisen nach Kos clever buchen: Anbieter-Preisvergleich, Hotelbewertungen, flexible Termine und ab allen Abflughafen.\",\"breadcrumb\":{\"@id\":\"https:\/\/www.ihr-ferienpartner.de\/mobil\/horizon-beach-resort\/#breadcrumb\"},\"inLanguage\":\"de\",\"potentialAction\":[{\"@type\":\"ReadAction\",\"target\":[\"https:\/\/www.ihr-ferienpartner.de\/mobil\/horizon-beach-resort\/\"]}]},{\"@type\":\"ImageObject\",\"inLanguage\":\"de\",\"@id\":\"https:\/\/www.ihr-ferienpartner.de\/mobil\/horizon-beach-resort\/#primaryimage\",\"url\":\"https:\/\/www.ihr-ferienpartner.de\/Angebot\/Horizon.JPG\",\"contentUrl\":\"https:\/\/www.ihr-ferienpartner.de\/Angebot\/Horizon.JPG\"},{\"@type\":\"BreadcrumbList\",\"@id\":\"https:\/\/www.ihr-ferienpartner.de\/mobil\/horizon-beach-resort\/#breadcrumb\",\"itemListElement\":[{\"@type\":\"ListItem\",\"position\":1,\"name\":\"Startseite\",\"item\":\"https:\/\/www.ihr-ferienpartner.de\/mobil\/\"},{\"@type\":\"ListItem\",\"position\":2,\"name\":\"Horizon Beach Resort\"}]},{\"@type\":\"WebSite\",\"@id\":\"https:\/\/www.ihr-ferienpartner.de\/mobil\/#website\",\"url\":\"https:\/\/www.ihr-ferienpartner.de\/mobil\/\",\"name\":\"FINDE DEIN SPONTANIEN - Reisen g\u00fcnstig buchen\",\"description\":\"Flugreisen im Preisvergleich mit flexiblen Terminen &amp; Abflughafen.\",\"publisher\":{\"@id\":\"https:\/\/www.ihr-ferienpartner.de\/mobil\/#organization\"},\"potentialAction\":[{\"@type\":\"SearchAction\",\"target\":{\"@type\":\"EntryPoint\",\"urlTemplate\":\"https:\/\/www.ihr-ferienpartner.de\/mobil\/?s={search_term_string}\"},\"query-input\":\"required name=search_term_string\"}],\"inLanguage\":\"de\"},{\"@type\":\"Organization\",\"@id\":\"https:\/\/www.ihr-ferienpartner.de\/mobil\/#organization\",\"name\":\"FINDE DEIN SPONTANIEN - Reisen g\u00fcnstig buchen\",\"url\":\"https:\/\/www.ihr-ferienpartner.de\/mobil\/\",\"logo\":{\"@type\":\"ImageObject\",\"inLanguage\":\"de\",\"@id\":\"https:\/\/www.ihr-ferienpartner.de\/mobil\/#\/schema\/logo\/image\/\",\"url\":\"https:\/\/www.ihr-ferienpartner.de\/mobil\/wp-content\/uploads\/2019\/10\/spontanien.jpg\",\"contentUrl\":\"https:\/\/www.ihr-ferienpartner.de\/mobil\/wp-content\/uploads\/2019\/10\/spontanien.jpg\",\"width\":818,\"height\":200,\"caption\":\"FINDE DEIN SPONTANIEN - Reisen g\u00fcnstig buchen\"},\"image\":{\"@id\":\"https:\/\/www.ihr-ferienpartner.de\/mobil\/#\/schema\/logo\/image\/\"}}]}<\/script>\n<!-- \/ Yoast SEO plugin. -->","yoast_head_json":{"title":"Horizon Beach Resort auf Kos - Urlaub g\u00fcnstig buchen!","description":"Flugreisen nach Kos clever buchen: Anbieter-Preisvergleich, Hotelbewertungen, flexible Termine und ab allen Abflughafen.","robots":{"index":"index","follow":"follow","max-snippet":"max-snippet:-1","max-image-preview":"max-image-preview:large","max-video-preview":"max-video-preview:-1"},"canonical":"https:\/\/www.ihr-ferienpartner.de\/mobil\/horizon-beach-resort\/","og_locale":"de_DE","og_type":"article","og_title":"Horizon Beach Resort auf Kos - Urlaub g\u00fcnstig buchen!","og_description":"Flugreisen nach Kos clever buchen: Anbieter-Preisvergleich, Hotelbewertungen, flexible Termine und ab allen Abflughafen.","og_url":"https:\/\/www.ihr-ferienpartner.de\/mobil\/horizon-beach-resort\/","og_site_name":"FINDE DEIN SPONTANIEN - Reisen g\u00fcnstig buchen","og_image":[{"url":"https:\/\/www.ihr-ferienpartner.de\/Angebot\/Horizon.JPG"}],"twitter_card":"summary_large_image","twitter_misc":{"Gesch\u00e4tzte Lesezeit":"1\u00a0Minute"},"schema":{"@context":"https:\/\/schema.org","@graph":[{"@type":"WebPage","@id":"https:\/\/www.ihr-ferienpartner.de\/mobil\/horizon-beach-resort\/","url":"https:\/\/www.ihr-ferienpartner.de\/mobil\/horizon-beach-resort\/","name":"Horizon Beach Resort auf Kos - Urlaub g\u00fcnstig buchen!","isPartOf":{"@id":"https:\/\/www.ihr-ferienpartner.de\/mobil\/#website"},"primaryImageOfPage":{"@id":"https:\/\/www.ihr-ferienpartner.de\/mobil\/horizon-beach-resort\/#primaryimage"},"image":{"@id":"https:\/\/www.ihr-ferienpartner.de\/mobil\/horizon-beach-resort\/#primaryimage"},"thumbnailUrl":"https:\/\/www.ihr-ferienpartner.de\/Angebot\/Horizon.JPG","datePublished":"2024-06-26T11:26:03+00:00","dateModified":"2024-06-26T11:26:03+00:00","description":"Flugreisen nach Kos clever buchen: Anbieter-Preisvergleich, Hotelbewertungen, flexible Termine und ab allen Abflughafen.","breadcrumb":{"@id":"https:\/\/www.ihr-ferienpartner.de\/mobil\/horizon-beach-resort\/#breadcrumb"},"inLanguage":"de","potentialAction":[{"@type":"ReadAction","target":["https:\/\/www.ihr-ferienpartner.de\/mobil\/horizon-beach-resort\/"]}]},{"@type":"ImageObject","inLanguage":"de","@id":"https:\/\/www.ihr-ferienpartner.de\/mobil\/horizon-beach-resort\/#primaryimage","url":"https:\/\/www.ihr-ferienpartner.de\/Angebot\/Horizon.JPG","contentUrl":"https:\/\/www.ihr-ferienpartner.de\/Angebot\/Horizon.JPG"},{"@type":"BreadcrumbList","@id":"https:\/\/www.ihr-ferienpartner.de\/mobil\/horizon-beach-resort\/#breadcrumb","itemListElement":[{"@type":"ListItem","position":1,"name":"Startseite","item":"https:\/\/www.ihr-ferienpartner.de\/mobil\/"},{"@type":"ListItem","position":2,"name":"Horizon Beach Resort"}]},{"@type":"WebSite","@id":"https:\/\/www.ihr-ferienpartner.de\/mobil\/#website","url":"https:\/\/www.ihr-ferienpartner.de\/mobil\/","name":"FINDE DEIN SPONTANIEN - Reisen g\u00fcnstig buchen","description":"Flugreisen im Preisvergleich mit flexiblen Terminen &amp; Abflughafen.","publisher":{"@id":"https:\/\/www.ihr-ferienpartner.de\/mobil\/#organization"},"potentialAction":[{"@type":"SearchAction","target":{"@type":"EntryPoint","urlTemplate":"https:\/\/www.ihr-ferienpartner.de\/mobil\/?s={search_term_string}"},"query-input":"required name=search_term_string"}],"inLanguage":"de"},{"@type":"Organization","@id":"https:\/\/www.ihr-ferienpartner.de\/mobil\/#organization","name":"FINDE DEIN SPONTANIEN - Reisen g\u00fcnstig buchen","url":"https:\/\/www.ihr-ferienpartner.de\/mobil\/","logo":{"@type":"ImageObject","inLanguage":"de","@id":"https:\/\/www.ihr-ferienpartner.de\/mobil\/#\/schema\/logo\/image\/","url":"https:\/\/www.ihr-ferienpartner.de\/mobil\/wp-content\/uploads\/2019\/10\/spontanien.jpg","contentUrl":"https:\/\/www.ihr-ferienpartner.de\/mobil\/wp-content\/uploads\/2019\/10\/spontanien.jpg","width":818,"height":200,"caption":"FINDE DEIN SPONTANIEN - Reisen g\u00fcnstig buchen"},"image":{"@id":"https:\/\/www.ihr-ferienpartner.de\/mobil\/#\/schema\/logo\/image\/"}}]}},"_links":{"self":[{"href":"https:\/\/www.ihr-ferienpartner.de\/mobil\/wp-json\/wp\/v2\/pages\/2127"}],"collection":[{"href":"https:\/\/www.ihr-ferienpartner.de\/mobil\/wp-json\/wp\/v2\/pages"}],"about":[{"href":"https:\/\/www.ihr-ferienpartner.de\/mobil\/wp-json\/wp\/v2\/types\/page"}],"author":[{"embeddable":true,"href":"https:\/\/www.ihr-ferienpartner.de\/mobil\/wp-json\/wp\/v2\/users\/1"}],"replies":[{"embeddable":true,"href":"https:\/\/www.ihr-ferienpartner.de\/mobil\/wp-json\/wp\/v2\/comments?post=2127"}],"version-history":[{"count":21,"href":"https:\/\/www.ihr-ferienpartner.de\/mobil\/wp-json\/wp\/v2\/pages\/2127\/revisions"}],"predecessor-version":[{"id":5203,"href":"https:\/\/www.ihr-ferienpartner.de\/mobil\/wp-json\/wp\/v2\/pages\/2127\/revisions\/5203"}],"wp:attachment":[{"href":"https:\/\/www.ihr-ferienpartner.de\/mobil\/wp-json\/wp\/v2\/media?parent=2127"}],"curies":[{"name":"wp","href":"https:\/\/api.w.org\/{rel}","templated":true}]}}