{"id":2227,"date":"2024-06-26T13:17:02","date_gmt":"2024-06-26T11:17:02","guid":{"rendered":"http:\/\/www.ihr-ferienpartner.de\/mobil\/?page_id=2227"},"modified":"2024-06-26T13:17:02","modified_gmt":"2024-06-26T11:17:02","slug":"costa-meloneras","status":"publish","type":"page","link":"https:\/\/www.ihr-ferienpartner.de\/mobil\/costa-meloneras\/","title":{"rendered":"Costa Meloneras"},"content":{"rendered":"<div style=\"background-color: rgba(255,255,255,1);\">\n<div style=\"background-color: #ffffff; padding: 20px 20px 20px 20px;\">\n<h1>Lopesan Costa Meloneras<\/h1>\n<p>Maspalomas (Gran Canaria)<\/p>\n<p><img decoding=\"async\" src=\"https:\/\/www.ihr-ferienpartner.de\/Angebot\/CostaMeloneras.jpg\" alt=\"Willkommen auf der Webseite f\u00fcr Urlaub im Hotel Lopesan Costa Meloneras\" title=\"Reisen nach Gran Canaria ins Hotel Lopesan Costa Meloneras\"><br \/>\n<font size=\"-1\"><b><font color=\"b62b31\">Unser Hotel-Tipp<\/font><\/b> &#8211; Das im Kolonialstil erbaute Komforthotel liegt in <strong>direkt am Meer<\/strong> an der Promenade von Meloneras, nur wenige Schritte vom D\u00fcnenstrand von Maspalomas entfernt. Ein Highlight der luxuri\u00f6sen Anlage ist die ca. <strong>76.000 qm gro\u00dfe Gartenlandschaft<\/strong>, in welcher zahlreiche Palmen um <strong>die gr\u00f6\u00dfte Poollandschaft Gran Canarias<\/strong> &#8211; 4 Pools (davon 2 beheizbar), Wasserfall, Whirlpool und Kinderpool &#8211; und die Sonnenterassen mit Liegen und Schirmen gepflanzt wurden. Weitere Annehmlichkeiten des Hotels sind die insgesamt 5 Restaurants (<strong>Fr\u00fchst\u00fcck oder Halbpension<\/strong>), verschiedene Bars, Fitnessraum und die <strong>N\u00e4he zu den Golfpl\u00e4tzen<\/strong> von Maspalomas und Meloneras.<\/font><\/p>\n<hr>\n<p><font size=\"-1\"><b><font color=\"b62b31\">weitere Hotel-Tipps auf Gran Canaria:<\/font><\/b> <a href=\"https:\/\/www.ihr-ferienpartner.de\/mobil\/corallium-beach\">Corallium Beach &gt;&gt;<\/a> &#8211; <a href=\"https:\/\/www.ihr-ferienpartner.de\/mobil\/cordial-mogan-playa\/\">Cordial Mogan Playa &gt;&gt;<\/a> &#8211; <a href=\"https:\/\/www.ihr-ferienpartner.de\/mobil\/villa-del-conde\">Villa Del Conde &gt;&gt;<\/a> &#8211; <a href=\"https:\/\/www.ihr-ferienpartner.de\/mobil\/riu-palace-meloneras\">Riu Palace Meloneras &gt;&gt;<\/a> &#8211; <a href=\"https:\/\/www.ihr-ferienpartner.de\/mobil\/riu-gran-canaria\/\">Riu Gran Canaria &gt;&gt;<\/a> &#8211; <a href=\"https:\/\/www.ihr-ferienpartner.de\/mobil\/seaside-palm-beach\/\">Seaside Palm Beach &gt;&gt;<\/a> &#8211; <a href=\"https:\/\/www.ihr-ferienpartner.de\/mobil\/baobab-resort\/\">Baobab Resort &gt;&gt;<\/a><\/font><br \/>\n<font size=\"-1\"><b><font color=\"b62b31\">alle Hotels auf:<\/font><\/b> <a href=\"https:\/\/www.ihr-ferienpartner.de\/mobil\/gran-canaria\">Gran Canaria &gt;&gt;<\/a><\/font><\/p>\n<hr>\n<div id=\"ypsnet-ibe\" data-src=\"https:\/\/b2b.specials.de\/index\/jump\/119\/2780\/991880\/?action=dates&amp;regionId=128&amp;from=15&amp;to=316&amp;duration=7-7&amp;maxPrice=5000&amp;adults=2&amp;giataId=10888\"><\/div>\n<p><script src=\"https:\/\/webmedia.ypsilon.net\/spl_js\/ypsnet-ibe.js\"><\/script><\/p>\n<\/div>\n<div style=\"background-color: #ffffff; padding: 20px 20px 20px 20px;\">\n<hr>\n<p><b>Urlaub im Lopesan Costa Meloneras auf Gran Canaria:<\/b><br \/>\nBuchen Sie Ihre Gran Canaria-Reise und profitieren Sie u.a. vom Anbieter-Preisvergleich und Hotel-Rankings aus \u00fcber 1.000.000 authentischen Hotelbewertungen.<\/p>\n<p><img decoding=\"async\" src=\"https:\/\/www.ihr-ferienpartner.de\/Angebot\/Anbietervergleich.jpg\" alt=\"Reisen nach Gran Canaria ins Lopesan Costa Meloneras\" title=\"Reisen nach Gran Canaria, Hotel Lopesan Costa Meloneras\"><\/p>\n<\/div>\n<\/div>\n","protected":false},"excerpt":{"rendered":"<p>Lopesan Costa Meloneras Maspalomas (Gran Canaria) Unser Hotel-Tipp &#8211; Das im Kolonialstil erbaute Komforthotel liegt in direkt am Meer an der Promenade von Meloneras, nur wenige Schritte vom D\u00fcnenstrand von Maspalomas entfernt. Ein Highlight der luxuri\u00f6sen Anlage ist die ca. 76.000 qm gro\u00dfe Gartenlandschaft, in welcher zahlreiche Palmen um die gr\u00f6\u00dfte Poollandschaft Gran Canarias &#8211; [&hellip;]<\/p>\n","protected":false},"author":1,"featured_media":0,"parent":0,"menu_order":0,"comment_status":"closed","ping_status":"closed","template":"","meta":{"footnotes":""},"yoast_head":"<!-- This site is optimized with the Yoast SEO plugin v22.8 - https:\/\/yoast.com\/wordpress\/plugins\/seo\/ -->\n<title>Costa Meloneras, Maspalomas - Urlaub g\u00fcnstig buchen<\/title>\n<meta name=\"description\" content=\"Gran Canaria Reisen clever buchen: Fr\u00fchbucher- &amp; Last Minute-Rabatt, Hotelbewertungen, flexible Reisetermine und Anbieter-Preisvergleich.\" \/>\n<meta name=\"robots\" content=\"index, follow, max-snippet:-1, max-image-preview:large, max-video-preview:-1\" \/>\n<link rel=\"canonical\" href=\"https:\/\/www.ihr-ferienpartner.de\/mobil\/costa-meloneras\/\" \/>\n<meta property=\"og:locale\" content=\"de_DE\" \/>\n<meta property=\"og:type\" content=\"article\" \/>\n<meta property=\"og:title\" content=\"Costa Meloneras, Maspalomas - Urlaub g\u00fcnstig buchen\" \/>\n<meta property=\"og:description\" content=\"Gran Canaria Reisen clever buchen: Fr\u00fchbucher- &amp; Last Minute-Rabatt, Hotelbewertungen, flexible Reisetermine und Anbieter-Preisvergleich.\" \/>\n<meta property=\"og:url\" content=\"https:\/\/www.ihr-ferienpartner.de\/mobil\/costa-meloneras\/\" \/>\n<meta property=\"og:site_name\" content=\"FINDE DEIN SPONTANIEN - Reisen g\u00fcnstig buchen\" \/>\n<meta property=\"og:image\" content=\"https:\/\/www.ihr-ferienpartner.de\/Angebot\/CostaMeloneras.jpg\" \/>\n<meta name=\"twitter:card\" content=\"summary_large_image\" \/>\n<meta name=\"twitter:label1\" content=\"Gesch\u00e4tzte Lesezeit\" \/>\n\t<meta name=\"twitter:data1\" content=\"2\u00a0Minuten\" \/>\n<script type=\"application\/ld+json\" class=\"yoast-schema-graph\">{\"@context\":\"https:\/\/schema.org\",\"@graph\":[{\"@type\":\"WebPage\",\"@id\":\"https:\/\/www.ihr-ferienpartner.de\/mobil\/costa-meloneras\/\",\"url\":\"https:\/\/www.ihr-ferienpartner.de\/mobil\/costa-meloneras\/\",\"name\":\"Costa Meloneras, Maspalomas - Urlaub g\u00fcnstig buchen\",\"isPartOf\":{\"@id\":\"https:\/\/www.ihr-ferienpartner.de\/mobil\/#website\"},\"primaryImageOfPage\":{\"@id\":\"https:\/\/www.ihr-ferienpartner.de\/mobil\/costa-meloneras\/#primaryimage\"},\"image\":{\"@id\":\"https:\/\/www.ihr-ferienpartner.de\/mobil\/costa-meloneras\/#primaryimage\"},\"thumbnailUrl\":\"https:\/\/www.ihr-ferienpartner.de\/Angebot\/CostaMeloneras.jpg\",\"datePublished\":\"2024-06-26T11:17:02+00:00\",\"dateModified\":\"2024-06-26T11:17:02+00:00\",\"description\":\"Gran Canaria Reisen clever buchen: Fr\u00fchbucher- & Last Minute-Rabatt, Hotelbewertungen, flexible Reisetermine und Anbieter-Preisvergleich.\",\"breadcrumb\":{\"@id\":\"https:\/\/www.ihr-ferienpartner.de\/mobil\/costa-meloneras\/#breadcrumb\"},\"inLanguage\":\"de\",\"potentialAction\":[{\"@type\":\"ReadAction\",\"target\":[\"https:\/\/www.ihr-ferienpartner.de\/mobil\/costa-meloneras\/\"]}]},{\"@type\":\"ImageObject\",\"inLanguage\":\"de\",\"@id\":\"https:\/\/www.ihr-ferienpartner.de\/mobil\/costa-meloneras\/#primaryimage\",\"url\":\"https:\/\/www.ihr-ferienpartner.de\/Angebot\/CostaMeloneras.jpg\",\"contentUrl\":\"https:\/\/www.ihr-ferienpartner.de\/Angebot\/CostaMeloneras.jpg\"},{\"@type\":\"BreadcrumbList\",\"@id\":\"https:\/\/www.ihr-ferienpartner.de\/mobil\/costa-meloneras\/#breadcrumb\",\"itemListElement\":[{\"@type\":\"ListItem\",\"position\":1,\"name\":\"Startseite\",\"item\":\"https:\/\/www.ihr-ferienpartner.de\/mobil\/\"},{\"@type\":\"ListItem\",\"position\":2,\"name\":\"Costa Meloneras\"}]},{\"@type\":\"WebSite\",\"@id\":\"https:\/\/www.ihr-ferienpartner.de\/mobil\/#website\",\"url\":\"https:\/\/www.ihr-ferienpartner.de\/mobil\/\",\"name\":\"FINDE DEIN SPONTANIEN - Reisen g\u00fcnstig buchen\",\"description\":\"Flugreisen im Preisvergleich mit flexiblen Terminen &amp; Abflughafen.\",\"publisher\":{\"@id\":\"https:\/\/www.ihr-ferienpartner.de\/mobil\/#organization\"},\"potentialAction\":[{\"@type\":\"SearchAction\",\"target\":{\"@type\":\"EntryPoint\",\"urlTemplate\":\"https:\/\/www.ihr-ferienpartner.de\/mobil\/?s={search_term_string}\"},\"query-input\":\"required name=search_term_string\"}],\"inLanguage\":\"de\"},{\"@type\":\"Organization\",\"@id\":\"https:\/\/www.ihr-ferienpartner.de\/mobil\/#organization\",\"name\":\"FINDE DEIN SPONTANIEN - Reisen g\u00fcnstig buchen\",\"url\":\"https:\/\/www.ihr-ferienpartner.de\/mobil\/\",\"logo\":{\"@type\":\"ImageObject\",\"inLanguage\":\"de\",\"@id\":\"https:\/\/www.ihr-ferienpartner.de\/mobil\/#\/schema\/logo\/image\/\",\"url\":\"https:\/\/www.ihr-ferienpartner.de\/mobil\/wp-content\/uploads\/2019\/10\/spontanien.jpg\",\"contentUrl\":\"https:\/\/www.ihr-ferienpartner.de\/mobil\/wp-content\/uploads\/2019\/10\/spontanien.jpg\",\"width\":818,\"height\":200,\"caption\":\"FINDE DEIN SPONTANIEN - Reisen g\u00fcnstig buchen\"},\"image\":{\"@id\":\"https:\/\/www.ihr-ferienpartner.de\/mobil\/#\/schema\/logo\/image\/\"}}]}<\/script>\n<!-- \/ Yoast SEO plugin. -->","yoast_head_json":{"title":"Costa Meloneras, Maspalomas - Urlaub g\u00fcnstig buchen","description":"Gran Canaria Reisen clever buchen: Fr\u00fchbucher- & Last Minute-Rabatt, Hotelbewertungen, flexible Reisetermine und Anbieter-Preisvergleich.","robots":{"index":"index","follow":"follow","max-snippet":"max-snippet:-1","max-image-preview":"max-image-preview:large","max-video-preview":"max-video-preview:-1"},"canonical":"https:\/\/www.ihr-ferienpartner.de\/mobil\/costa-meloneras\/","og_locale":"de_DE","og_type":"article","og_title":"Costa Meloneras, Maspalomas - Urlaub g\u00fcnstig buchen","og_description":"Gran Canaria Reisen clever buchen: Fr\u00fchbucher- & Last Minute-Rabatt, Hotelbewertungen, flexible Reisetermine und Anbieter-Preisvergleich.","og_url":"https:\/\/www.ihr-ferienpartner.de\/mobil\/costa-meloneras\/","og_site_name":"FINDE DEIN SPONTANIEN - Reisen g\u00fcnstig buchen","og_image":[{"url":"https:\/\/www.ihr-ferienpartner.de\/Angebot\/CostaMeloneras.jpg"}],"twitter_card":"summary_large_image","twitter_misc":{"Gesch\u00e4tzte Lesezeit":"2\u00a0Minuten"},"schema":{"@context":"https:\/\/schema.org","@graph":[{"@type":"WebPage","@id":"https:\/\/www.ihr-ferienpartner.de\/mobil\/costa-meloneras\/","url":"https:\/\/www.ihr-ferienpartner.de\/mobil\/costa-meloneras\/","name":"Costa Meloneras, Maspalomas - Urlaub g\u00fcnstig buchen","isPartOf":{"@id":"https:\/\/www.ihr-ferienpartner.de\/mobil\/#website"},"primaryImageOfPage":{"@id":"https:\/\/www.ihr-ferienpartner.de\/mobil\/costa-meloneras\/#primaryimage"},"image":{"@id":"https:\/\/www.ihr-ferienpartner.de\/mobil\/costa-meloneras\/#primaryimage"},"thumbnailUrl":"https:\/\/www.ihr-ferienpartner.de\/Angebot\/CostaMeloneras.jpg","datePublished":"2024-06-26T11:17:02+00:00","dateModified":"2024-06-26T11:17:02+00:00","description":"Gran Canaria Reisen clever buchen: Fr\u00fchbucher- & Last Minute-Rabatt, Hotelbewertungen, flexible Reisetermine und Anbieter-Preisvergleich.","breadcrumb":{"@id":"https:\/\/www.ihr-ferienpartner.de\/mobil\/costa-meloneras\/#breadcrumb"},"inLanguage":"de","potentialAction":[{"@type":"ReadAction","target":["https:\/\/www.ihr-ferienpartner.de\/mobil\/costa-meloneras\/"]}]},{"@type":"ImageObject","inLanguage":"de","@id":"https:\/\/www.ihr-ferienpartner.de\/mobil\/costa-meloneras\/#primaryimage","url":"https:\/\/www.ihr-ferienpartner.de\/Angebot\/CostaMeloneras.jpg","contentUrl":"https:\/\/www.ihr-ferienpartner.de\/Angebot\/CostaMeloneras.jpg"},{"@type":"BreadcrumbList","@id":"https:\/\/www.ihr-ferienpartner.de\/mobil\/costa-meloneras\/#breadcrumb","itemListElement":[{"@type":"ListItem","position":1,"name":"Startseite","item":"https:\/\/www.ihr-ferienpartner.de\/mobil\/"},{"@type":"ListItem","position":2,"name":"Costa Meloneras"}]},{"@type":"WebSite","@id":"https:\/\/www.ihr-ferienpartner.de\/mobil\/#website","url":"https:\/\/www.ihr-ferienpartner.de\/mobil\/","name":"FINDE DEIN SPONTANIEN - Reisen g\u00fcnstig buchen","description":"Flugreisen im Preisvergleich mit flexiblen Terminen &amp; Abflughafen.","publisher":{"@id":"https:\/\/www.ihr-ferienpartner.de\/mobil\/#organization"},"potentialAction":[{"@type":"SearchAction","target":{"@type":"EntryPoint","urlTemplate":"https:\/\/www.ihr-ferienpartner.de\/mobil\/?s={search_term_string}"},"query-input":"required name=search_term_string"}],"inLanguage":"de"},{"@type":"Organization","@id":"https:\/\/www.ihr-ferienpartner.de\/mobil\/#organization","name":"FINDE DEIN SPONTANIEN - Reisen g\u00fcnstig buchen","url":"https:\/\/www.ihr-ferienpartner.de\/mobil\/","logo":{"@type":"ImageObject","inLanguage":"de","@id":"https:\/\/www.ihr-ferienpartner.de\/mobil\/#\/schema\/logo\/image\/","url":"https:\/\/www.ihr-ferienpartner.de\/mobil\/wp-content\/uploads\/2019\/10\/spontanien.jpg","contentUrl":"https:\/\/www.ihr-ferienpartner.de\/mobil\/wp-content\/uploads\/2019\/10\/spontanien.jpg","width":818,"height":200,"caption":"FINDE DEIN SPONTANIEN - Reisen g\u00fcnstig buchen"},"image":{"@id":"https:\/\/www.ihr-ferienpartner.de\/mobil\/#\/schema\/logo\/image\/"}}]}},"_links":{"self":[{"href":"https:\/\/www.ihr-ferienpartner.de\/mobil\/wp-json\/wp\/v2\/pages\/2227"}],"collection":[{"href":"https:\/\/www.ihr-ferienpartner.de\/mobil\/wp-json\/wp\/v2\/pages"}],"about":[{"href":"https:\/\/www.ihr-ferienpartner.de\/mobil\/wp-json\/wp\/v2\/types\/page"}],"author":[{"embeddable":true,"href":"https:\/\/www.ihr-ferienpartner.de\/mobil\/wp-json\/wp\/v2\/users\/1"}],"replies":[{"embeddable":true,"href":"https:\/\/www.ihr-ferienpartner.de\/mobil\/wp-json\/wp\/v2\/comments?post=2227"}],"version-history":[{"count":11,"href":"https:\/\/www.ihr-ferienpartner.de\/mobil\/wp-json\/wp\/v2\/pages\/2227\/revisions"}],"predecessor-version":[{"id":5135,"href":"https:\/\/www.ihr-ferienpartner.de\/mobil\/wp-json\/wp\/v2\/pages\/2227\/revisions\/5135"}],"wp:attachment":[{"href":"https:\/\/www.ihr-ferienpartner.de\/mobil\/wp-json\/wp\/v2\/media?parent=2227"}],"curies":[{"name":"wp","href":"https:\/\/api.w.org\/{rel}","templated":true}]}}