{"id":2298,"date":"2024-06-26T13:21:22","date_gmt":"2024-06-26T11:21:22","guid":{"rendered":"http:\/\/www.ihr-ferienpartner.de\/mobil\/?page_id=2298"},"modified":"2024-06-26T13:21:23","modified_gmt":"2024-06-26T11:21:23","slug":"gran-melia-palacia-de-isora","status":"publish","type":"page","link":"https:\/\/www.ihr-ferienpartner.de\/mobil\/gran-melia-palacia-de-isora\/","title":{"rendered":"Gran Melia Palacia de Isora"},"content":{"rendered":"<div style=\"background-color: #ffffff; padding: 20px 20px 20px 20px;\">\n<h1>Gran Melia Palacia de Isora<\/h1>\n<p>Alcala (Teneriffa)<\/p>\n<p><img decoding=\"async\" src=\"https:\/\/www.ihr-ferienpartner.de\/Teneriffa\/Gran-Melia-Palacio-De-Isora.jpg\" alt=\" Gran Melia Palacia de Isora billig buchen\" title=\"Reisen nach Teneriffa mit Hotel-Tipp Gran Melia Palacia de Isora\"><br \/>\n<font size=\"-1\">Das Luxus-Resort liegt direkt am Atlantik an der S\u00fcdwestk\u00fcste Teneriffas mit wunderbarem Blick auf die Insel La Gomera. Die harmonische Architektur der geb\u00e4ude, die gepflegte tropische Gartenanlage und eine gro\u00dfz\u00fcgige Poollandschaft mit 6 Pools bietet einen sehr hohen Komfort. 8 Bars, 1 Buffet-Restaurant und 6 \u00c1-la-carte Restaurants sorgen f\u00fcr das leibliche Wohl. F\u00fcr Sport, Wellness und Kinderunterhaltung wird selbstverst\u00e4ndlich auch vielf\u00e4ltig gesorgt.<\/font><\/p>\n<hr>\n<p><font size=\"-1\"><b><font color=\"b62b31\">weitere Hotel-Tipps auf Teneriffa:<\/font><\/b> <a href=\"https:\/\/www.ihr-ferienpartner.de\/mobil\/riu-palace-tenerife\/\">Riu Palace Tenerife<\/a>, Playa del Duque &#8211; <a href=\"https:\/\/www.ihr-ferienpartner.de\/mobil\/riu-arecas\/\">Riu Arecas<\/a>, Playa del Duque &#8211; <a href=\"https:\/\/www.ihr-ferienpartner.de\/mobil\/riu-buenavista\/\">Riu Buenavista<\/a>, Playa Paraiso &#8211; <a href=\"https:\/\/www.ihr-ferienpartner.de\/mobil\/bahia-principe\/\">Bahia Principe Costa Adeje &amp; Tenerife Resort<\/a>, Playa Paraiso &#8211; <a href=\"https:\/\/www.ihr-ferienpartner.de\/mobil\/iberostar-selection-anthelia\/\">Iberostar Selection Anthelia<\/a>, Playa De Fanabe &#8211; <a href=\"https:\/\/www.ihr-ferienpartner.de\/mobil\/bahia-princess\/\">Bahia Princess<\/a>, Costa Adeje<br \/>\n<b><font color=\"b62b31\">alle Hotels auf:<\/font><\/b> <a href=\"https:\/\/www.ihr-ferienpartner.de\/mobil\/teneriffa\">Teneriffa &gt;&gt;<\/a><\/font><\/p>\n<hr>\n<div id=\"ypsnet-ibe\" data-src=\"https:\/\/b2b.specials.de\/index\/jump\/119\/2780\/991880\/?action=dates&amp;regionId=135&amp;duration=7-7&amp;&amp;from=15&amp;to=316&amp;hotelName=gran+melia\"><\/div>\n<p><script src=\"https:\/\/webmedia.ypsilon.net\/spl_js\/ypsnet-ibe.js\"><\/script><\/p>\n<\/div>\n<div style=\"background-color: #ffffff; padding: 20px 20px 20px 20px;\">\n<hr>\n<p><b>Urlaub im Gran Melia Palacia de Isora:<\/b><br \/>\nBuchen Sie Ihre Teneriffa-Reise und profitieren Sie u.a. vom Anbieter-Preisvergleich und Hotel-Rankings aus \u00fcber 1.000.000 authentischen Hotelbewertungen.<\/p>\n<p><img decoding=\"async\" src=\"https:\/\/www.ihr-ferienpartner.de\/Angebot\/Anbietervergleich.jpg\" alt=\"Reisen nach Teneriffa in Gran Melia Palacia de Isora\" title=\"Reisen nach Teneriffa ins Gran Melia Palacia de Isora\"><\/p>\n<\/div>\n","protected":false},"excerpt":{"rendered":"<p>Gran Melia Palacia de Isora Alcala (Teneriffa) Das Luxus-Resort liegt direkt am Atlantik an der S\u00fcdwestk\u00fcste Teneriffas mit wunderbarem Blick auf die Insel La Gomera. Die harmonische Architektur der geb\u00e4ude, die gepflegte tropische Gartenanlage und eine gro\u00dfz\u00fcgige Poollandschaft mit 6 Pools bietet einen sehr hohen Komfort. 8 Bars, 1 Buffet-Restaurant und 6 \u00c1-la-carte Restaurants sorgen [&hellip;]<\/p>\n","protected":false},"author":1,"featured_media":0,"parent":0,"menu_order":0,"comment_status":"closed","ping_status":"closed","template":"","meta":{"footnotes":""},"yoast_head":"<!-- This site is optimized with the Yoast SEO plugin v22.8 - https:\/\/yoast.com\/wordpress\/plugins\/seo\/ -->\n<title>Gran Melia Palacia de Isora - das Luxus-Resort auf Teneriffa<\/title>\n<meta name=\"description\" content=\"Flugreisen clever buchen mit Preisvergleich, Hotelbewertungen, Last Minute &amp; Fr\u00fchbucher-Rabatten, ab allen deutschen &amp; grenznahen Flughafen.\" \/>\n<meta name=\"robots\" content=\"index, follow, max-snippet:-1, max-image-preview:large, max-video-preview:-1\" \/>\n<link rel=\"canonical\" href=\"https:\/\/www.ihr-ferienpartner.de\/mobil\/gran-melia-palacia-de-isora\/\" \/>\n<meta property=\"og:locale\" content=\"de_DE\" \/>\n<meta property=\"og:type\" content=\"article\" \/>\n<meta property=\"og:title\" content=\"Gran Melia Palacia de Isora - das Luxus-Resort auf Teneriffa\" \/>\n<meta property=\"og:description\" content=\"Flugreisen clever buchen mit Preisvergleich, Hotelbewertungen, Last Minute &amp; Fr\u00fchbucher-Rabatten, ab allen deutschen &amp; grenznahen Flughafen.\" \/>\n<meta property=\"og:url\" content=\"https:\/\/www.ihr-ferienpartner.de\/mobil\/gran-melia-palacia-de-isora\/\" \/>\n<meta property=\"og:site_name\" content=\"FINDE DEIN SPONTANIEN - Reisen g\u00fcnstig buchen\" \/>\n<meta property=\"article:modified_time\" content=\"2024-06-26T11:21:23+00:00\" \/>\n<meta property=\"og:image\" content=\"https:\/\/www.ihr-ferienpartner.de\/Teneriffa\/Gran-Melia-Palacio-De-Isora.jpg\" \/>\n<meta name=\"twitter:card\" content=\"summary_large_image\" \/>\n<meta name=\"twitter:label1\" content=\"Gesch\u00e4tzte Lesezeit\" \/>\n\t<meta name=\"twitter:data1\" content=\"2\u00a0Minuten\" \/>\n<script type=\"application\/ld+json\" class=\"yoast-schema-graph\">{\"@context\":\"https:\/\/schema.org\",\"@graph\":[{\"@type\":\"WebPage\",\"@id\":\"https:\/\/www.ihr-ferienpartner.de\/mobil\/gran-melia-palacia-de-isora\/\",\"url\":\"https:\/\/www.ihr-ferienpartner.de\/mobil\/gran-melia-palacia-de-isora\/\",\"name\":\"Gran Melia Palacia de Isora - das Luxus-Resort auf Teneriffa\",\"isPartOf\":{\"@id\":\"https:\/\/www.ihr-ferienpartner.de\/mobil\/#website\"},\"primaryImageOfPage\":{\"@id\":\"https:\/\/www.ihr-ferienpartner.de\/mobil\/gran-melia-palacia-de-isora\/#primaryimage\"},\"image\":{\"@id\":\"https:\/\/www.ihr-ferienpartner.de\/mobil\/gran-melia-palacia-de-isora\/#primaryimage\"},\"thumbnailUrl\":\"https:\/\/www.ihr-ferienpartner.de\/Teneriffa\/Gran-Melia-Palacio-De-Isora.jpg\",\"datePublished\":\"2024-06-26T11:21:22+00:00\",\"dateModified\":\"2024-06-26T11:21:23+00:00\",\"description\":\"Flugreisen clever buchen mit Preisvergleich, Hotelbewertungen, Last Minute & Fr\u00fchbucher-Rabatten, ab allen deutschen & grenznahen Flughafen.\",\"breadcrumb\":{\"@id\":\"https:\/\/www.ihr-ferienpartner.de\/mobil\/gran-melia-palacia-de-isora\/#breadcrumb\"},\"inLanguage\":\"de\",\"potentialAction\":[{\"@type\":\"ReadAction\",\"target\":[\"https:\/\/www.ihr-ferienpartner.de\/mobil\/gran-melia-palacia-de-isora\/\"]}]},{\"@type\":\"ImageObject\",\"inLanguage\":\"de\",\"@id\":\"https:\/\/www.ihr-ferienpartner.de\/mobil\/gran-melia-palacia-de-isora\/#primaryimage\",\"url\":\"https:\/\/www.ihr-ferienpartner.de\/Teneriffa\/Gran-Melia-Palacio-De-Isora.jpg\",\"contentUrl\":\"https:\/\/www.ihr-ferienpartner.de\/Teneriffa\/Gran-Melia-Palacio-De-Isora.jpg\"},{\"@type\":\"BreadcrumbList\",\"@id\":\"https:\/\/www.ihr-ferienpartner.de\/mobil\/gran-melia-palacia-de-isora\/#breadcrumb\",\"itemListElement\":[{\"@type\":\"ListItem\",\"position\":1,\"name\":\"Startseite\",\"item\":\"https:\/\/www.ihr-ferienpartner.de\/mobil\/\"},{\"@type\":\"ListItem\",\"position\":2,\"name\":\"Gran Melia Palacia de Isora\"}]},{\"@type\":\"WebSite\",\"@id\":\"https:\/\/www.ihr-ferienpartner.de\/mobil\/#website\",\"url\":\"https:\/\/www.ihr-ferienpartner.de\/mobil\/\",\"name\":\"FINDE DEIN SPONTANIEN - Reisen g\u00fcnstig buchen\",\"description\":\"Flugreisen im Preisvergleich mit flexiblen Terminen &amp; Abflughafen.\",\"publisher\":{\"@id\":\"https:\/\/www.ihr-ferienpartner.de\/mobil\/#organization\"},\"potentialAction\":[{\"@type\":\"SearchAction\",\"target\":{\"@type\":\"EntryPoint\",\"urlTemplate\":\"https:\/\/www.ihr-ferienpartner.de\/mobil\/?s={search_term_string}\"},\"query-input\":\"required name=search_term_string\"}],\"inLanguage\":\"de\"},{\"@type\":\"Organization\",\"@id\":\"https:\/\/www.ihr-ferienpartner.de\/mobil\/#organization\",\"name\":\"FINDE DEIN SPONTANIEN - Reisen g\u00fcnstig buchen\",\"url\":\"https:\/\/www.ihr-ferienpartner.de\/mobil\/\",\"logo\":{\"@type\":\"ImageObject\",\"inLanguage\":\"de\",\"@id\":\"https:\/\/www.ihr-ferienpartner.de\/mobil\/#\/schema\/logo\/image\/\",\"url\":\"https:\/\/www.ihr-ferienpartner.de\/mobil\/wp-content\/uploads\/2019\/10\/spontanien.jpg\",\"contentUrl\":\"https:\/\/www.ihr-ferienpartner.de\/mobil\/wp-content\/uploads\/2019\/10\/spontanien.jpg\",\"width\":818,\"height\":200,\"caption\":\"FINDE DEIN SPONTANIEN - Reisen g\u00fcnstig buchen\"},\"image\":{\"@id\":\"https:\/\/www.ihr-ferienpartner.de\/mobil\/#\/schema\/logo\/image\/\"}}]}<\/script>\n<!-- \/ Yoast SEO plugin. -->","yoast_head_json":{"title":"Gran Melia Palacia de Isora - das Luxus-Resort auf Teneriffa","description":"Flugreisen clever buchen mit Preisvergleich, Hotelbewertungen, Last Minute & Fr\u00fchbucher-Rabatten, ab allen deutschen & grenznahen Flughafen.","robots":{"index":"index","follow":"follow","max-snippet":"max-snippet:-1","max-image-preview":"max-image-preview:large","max-video-preview":"max-video-preview:-1"},"canonical":"https:\/\/www.ihr-ferienpartner.de\/mobil\/gran-melia-palacia-de-isora\/","og_locale":"de_DE","og_type":"article","og_title":"Gran Melia Palacia de Isora - das Luxus-Resort auf Teneriffa","og_description":"Flugreisen clever buchen mit Preisvergleich, Hotelbewertungen, Last Minute & Fr\u00fchbucher-Rabatten, ab allen deutschen & grenznahen Flughafen.","og_url":"https:\/\/www.ihr-ferienpartner.de\/mobil\/gran-melia-palacia-de-isora\/","og_site_name":"FINDE DEIN SPONTANIEN - Reisen g\u00fcnstig buchen","article_modified_time":"2024-06-26T11:21:23+00:00","og_image":[{"url":"https:\/\/www.ihr-ferienpartner.de\/Teneriffa\/Gran-Melia-Palacio-De-Isora.jpg"}],"twitter_card":"summary_large_image","twitter_misc":{"Gesch\u00e4tzte Lesezeit":"2\u00a0Minuten"},"schema":{"@context":"https:\/\/schema.org","@graph":[{"@type":"WebPage","@id":"https:\/\/www.ihr-ferienpartner.de\/mobil\/gran-melia-palacia-de-isora\/","url":"https:\/\/www.ihr-ferienpartner.de\/mobil\/gran-melia-palacia-de-isora\/","name":"Gran Melia Palacia de Isora - das Luxus-Resort auf Teneriffa","isPartOf":{"@id":"https:\/\/www.ihr-ferienpartner.de\/mobil\/#website"},"primaryImageOfPage":{"@id":"https:\/\/www.ihr-ferienpartner.de\/mobil\/gran-melia-palacia-de-isora\/#primaryimage"},"image":{"@id":"https:\/\/www.ihr-ferienpartner.de\/mobil\/gran-melia-palacia-de-isora\/#primaryimage"},"thumbnailUrl":"https:\/\/www.ihr-ferienpartner.de\/Teneriffa\/Gran-Melia-Palacio-De-Isora.jpg","datePublished":"2024-06-26T11:21:22+00:00","dateModified":"2024-06-26T11:21:23+00:00","description":"Flugreisen clever buchen mit Preisvergleich, Hotelbewertungen, Last Minute & Fr\u00fchbucher-Rabatten, ab allen deutschen & grenznahen Flughafen.","breadcrumb":{"@id":"https:\/\/www.ihr-ferienpartner.de\/mobil\/gran-melia-palacia-de-isora\/#breadcrumb"},"inLanguage":"de","potentialAction":[{"@type":"ReadAction","target":["https:\/\/www.ihr-ferienpartner.de\/mobil\/gran-melia-palacia-de-isora\/"]}]},{"@type":"ImageObject","inLanguage":"de","@id":"https:\/\/www.ihr-ferienpartner.de\/mobil\/gran-melia-palacia-de-isora\/#primaryimage","url":"https:\/\/www.ihr-ferienpartner.de\/Teneriffa\/Gran-Melia-Palacio-De-Isora.jpg","contentUrl":"https:\/\/www.ihr-ferienpartner.de\/Teneriffa\/Gran-Melia-Palacio-De-Isora.jpg"},{"@type":"BreadcrumbList","@id":"https:\/\/www.ihr-ferienpartner.de\/mobil\/gran-melia-palacia-de-isora\/#breadcrumb","itemListElement":[{"@type":"ListItem","position":1,"name":"Startseite","item":"https:\/\/www.ihr-ferienpartner.de\/mobil\/"},{"@type":"ListItem","position":2,"name":"Gran Melia Palacia de Isora"}]},{"@type":"WebSite","@id":"https:\/\/www.ihr-ferienpartner.de\/mobil\/#website","url":"https:\/\/www.ihr-ferienpartner.de\/mobil\/","name":"FINDE DEIN SPONTANIEN - Reisen g\u00fcnstig buchen","description":"Flugreisen im Preisvergleich mit flexiblen Terminen &amp; Abflughafen.","publisher":{"@id":"https:\/\/www.ihr-ferienpartner.de\/mobil\/#organization"},"potentialAction":[{"@type":"SearchAction","target":{"@type":"EntryPoint","urlTemplate":"https:\/\/www.ihr-ferienpartner.de\/mobil\/?s={search_term_string}"},"query-input":"required name=search_term_string"}],"inLanguage":"de"},{"@type":"Organization","@id":"https:\/\/www.ihr-ferienpartner.de\/mobil\/#organization","name":"FINDE DEIN SPONTANIEN - Reisen g\u00fcnstig buchen","url":"https:\/\/www.ihr-ferienpartner.de\/mobil\/","logo":{"@type":"ImageObject","inLanguage":"de","@id":"https:\/\/www.ihr-ferienpartner.de\/mobil\/#\/schema\/logo\/image\/","url":"https:\/\/www.ihr-ferienpartner.de\/mobil\/wp-content\/uploads\/2019\/10\/spontanien.jpg","contentUrl":"https:\/\/www.ihr-ferienpartner.de\/mobil\/wp-content\/uploads\/2019\/10\/spontanien.jpg","width":818,"height":200,"caption":"FINDE DEIN SPONTANIEN - Reisen g\u00fcnstig buchen"},"image":{"@id":"https:\/\/www.ihr-ferienpartner.de\/mobil\/#\/schema\/logo\/image\/"}}]}},"_links":{"self":[{"href":"https:\/\/www.ihr-ferienpartner.de\/mobil\/wp-json\/wp\/v2\/pages\/2298"}],"collection":[{"href":"https:\/\/www.ihr-ferienpartner.de\/mobil\/wp-json\/wp\/v2\/pages"}],"about":[{"href":"https:\/\/www.ihr-ferienpartner.de\/mobil\/wp-json\/wp\/v2\/types\/page"}],"author":[{"embeddable":true,"href":"https:\/\/www.ihr-ferienpartner.de\/mobil\/wp-json\/wp\/v2\/users\/1"}],"replies":[{"embeddable":true,"href":"https:\/\/www.ihr-ferienpartner.de\/mobil\/wp-json\/wp\/v2\/comments?post=2298"}],"version-history":[{"count":16,"href":"https:\/\/www.ihr-ferienpartner.de\/mobil\/wp-json\/wp\/v2\/pages\/2298\/revisions"}],"predecessor-version":[{"id":5193,"href":"https:\/\/www.ihr-ferienpartner.de\/mobil\/wp-json\/wp\/v2\/pages\/2298\/revisions\/5193"}],"wp:attachment":[{"href":"https:\/\/www.ihr-ferienpartner.de\/mobil\/wp-json\/wp\/v2\/media?parent=2298"}],"curies":[{"name":"wp","href":"https:\/\/api.w.org\/{rel}","templated":true}]}}