{"id":2300,"date":"2024-06-18T14:02:04","date_gmt":"2024-06-18T12:02:04","guid":{"rendered":"http:\/\/www.ihr-ferienpartner.de\/mobil\/?page_id=2300"},"modified":"2024-06-18T14:38:51","modified_gmt":"2024-06-18T12:38:51","slug":"bahia-principe","status":"publish","type":"page","link":"https:\/\/www.ihr-ferienpartner.de\/mobil\/bahia-principe\/","title":{"rendered":"Bahia Principe"},"content":{"rendered":"<div style=\"background-color: rgba(255,255,255,1);\">\n<div style=\"background-color: #ffffff; padding: 20px 20px 20px 20px;\">\n<h1>Bahia Principe Sunlight Costa Adeje<\/h1>\n<p>Costa Adeje (Teneriffa)<\/p>\n<p><img decoding=\"async\" src=\"https:\/\/www.ihr-ferienpartner.de\/Angebot\/BahiaPrincipe.jpg\" alt=\"Urlaub im Hotel Bahia Principe Costa Adeje g\u00fcnstig buchen\" title=\"Reisen nach Teneriffa mit Hotel-Tipp Bahia Principe Costa Adeje\"><br \/>\n<font size=\"-1\">Das weitl\u00e4ufige <strong>all inclusive<\/strong>-Resort liegt an der Playa Paraiso <strong>direkt am Meer<\/strong> und bietet einen <strong>fantastischen Ausblick<\/strong> auf den Atlantik und die Nachbarinsel La Gomera. Die vier und f\u00fcnfst\u00f6ckigen Geb\u00e4ude sind in attraktiver, sch\u00f6n aufeinanderabgestimmter Bauweise erstellt worden und erstrahlen farbenfroh um die verschiedenen, <strong>gro\u00dfen Poollandschaften<\/strong>.<\/font><\/p>\n<hr>\n<p><font size=\"-1\"><b><font color=\"b62b31\">weitere Hotel-Tipps auf Teneriffa:<\/font><\/b> <a href=\"https:\/\/www.ihr-ferienpartner.de\/mobil\/riu-palace-tenerife\/\">Riu Palace Tenerife<\/a>, Playa del Duque &#8211; <a href=\"https:\/\/www.ihr-ferienpartner.de\/mobil\/riu-arecas\/\">Riu Arecas<\/a>, Playa del Duque &#8211; <a href=\"https:\/\/www.ihr-ferienpartner.de\/mobil\/riu-buenavista\/\">Riu Buenavista<\/a>, Playa Paraiso &#8211; <a href=\"https:\/\/www.ihr-ferienpartner.de\/mobil\/gran-melia-palacia-de-isora\/\">Gran Melia Palacia de Isora<\/a>, Alcala &#8211; <a href=\"https:\/\/www.ihr-ferienpartner.de\/mobil\/iberostar-selection-anthelia\/\">Iberostar Selection Anthelia<\/a>, Playa De Fanabe &#8211; <a href=\"https:\/\/www.ihr-ferienpartner.de\/mobil\/bahia-princess\/\">Bahia Princess<\/a>, Costa Adeje<br \/>\n<b><font color=\"b62b31\">alle Hotels auf:<\/font><\/b> <a href=\"https:\/\/www.ihr-ferienpartner.de\/mobil\/teneriffa\">Teneriffa &gt;&gt;<\/a><\/font><\/p>\n<hr>\n<div id=\"ypsnet-ibe\" data-src=\"https:\/\/b2b.specials.de\/index\/jump\/119\/2780\/991880\/?action=dates&amp;regionId=135&amp;from=15&amp;to=316&amp;duration=7-7&amp;maxPrice=5000&amp;adults=2&amp;giataId=26584\"><\/div>\n<p><script src=\"https:\/\/webmedia.ypsilon.net\/spl_js\/ypsnet-ibe.js\"><\/script><\/p>\n<\/div>\n<div style=\"background-color: #ffffff; padding: 20px 20px 20px 20px;\">\n<hr>\n<p><b>Urlaub im Bahia Principe Costa Adeje:<\/b><br \/>\nBuchen Sie Ihre Teneriffa-Reise und profitieren Sie u.a. vom Anbieter-Preisvergleich und Hotel-Rankings aus \u00fcber 1.000.000 authentischen Hotelbewertungen.<\/p>\n<p><img decoding=\"async\" src=\"https:\/\/www.ihr-ferienpartner.de\/Angebot\/Anbietervergleich.jpg\" alt=\"Reisen nach Teneriffa in Bahia Principe Costa Adeje &amp; Tenerife Resort\" title=\"Reisen nach Teneriffa ins Bahia Principe Costa Adeje &amp; Tenerife Resort\"><\/p>\n<\/div>\n<\/div>\n","protected":false},"excerpt":{"rendered":"<p>Bahia Principe Sunlight Costa Adeje Costa Adeje (Teneriffa) Das weitl\u00e4ufige all inclusive-Resort liegt an der Playa Paraiso direkt am Meer und bietet einen fantastischen Ausblick auf den Atlantik und die Nachbarinsel La Gomera. Die vier und f\u00fcnfst\u00f6ckigen Geb\u00e4ude sind in attraktiver, sch\u00f6n aufeinanderabgestimmter Bauweise erstellt worden und erstrahlen farbenfroh um die verschiedenen, gro\u00dfen Poollandschaften. weitere [&hellip;]<\/p>\n","protected":false},"author":1,"featured_media":0,"parent":0,"menu_order":0,"comment_status":"closed","ping_status":"closed","template":"","meta":{"footnotes":""},"yoast_head":"<!-- This site is optimized with the Yoast SEO plugin v22.8 - https:\/\/yoast.com\/wordpress\/plugins\/seo\/ -->\n<title>Bahia Principe Sunlight Costa Adeje - g\u00fcnstig buchen!<\/title>\n<meta name=\"description\" content=\"Teneriffe Urlaub clever buchen mit Preisvergleich, Hotelbewertungen, Last Minute &amp; Fr\u00fchbucher-Rabatten, ab allen relevanten Flughafen.\" \/>\n<meta name=\"robots\" content=\"index, follow, max-snippet:-1, max-image-preview:large, max-video-preview:-1\" \/>\n<link rel=\"canonical\" href=\"https:\/\/www.ihr-ferienpartner.de\/mobil\/bahia-principe\/\" \/>\n<meta property=\"og:locale\" content=\"de_DE\" \/>\n<meta property=\"og:type\" content=\"article\" \/>\n<meta property=\"og:title\" content=\"Bahia Principe Sunlight Costa Adeje - g\u00fcnstig buchen!\" \/>\n<meta property=\"og:description\" content=\"Teneriffe Urlaub clever buchen mit Preisvergleich, Hotelbewertungen, Last Minute &amp; Fr\u00fchbucher-Rabatten, ab allen relevanten Flughafen.\" \/>\n<meta property=\"og:url\" content=\"https:\/\/www.ihr-ferienpartner.de\/mobil\/bahia-principe\/\" \/>\n<meta property=\"og:site_name\" content=\"FINDE DEIN SPONTANIEN - Reisen g\u00fcnstig buchen\" \/>\n<meta property=\"article:modified_time\" content=\"2024-06-18T12:38:51+00:00\" \/>\n<meta property=\"og:image\" content=\"https:\/\/www.ihr-ferienpartner.de\/Angebot\/BahiaPrincipe.jpg\" \/>\n<meta name=\"twitter:card\" content=\"summary_large_image\" \/>\n<meta name=\"twitter:label1\" content=\"Gesch\u00e4tzte Lesezeit\" \/>\n\t<meta name=\"twitter:data1\" content=\"2\u00a0Minuten\" \/>\n<script type=\"application\/ld+json\" class=\"yoast-schema-graph\">{\"@context\":\"https:\/\/schema.org\",\"@graph\":[{\"@type\":\"WebPage\",\"@id\":\"https:\/\/www.ihr-ferienpartner.de\/mobil\/bahia-principe\/\",\"url\":\"https:\/\/www.ihr-ferienpartner.de\/mobil\/bahia-principe\/\",\"name\":\"Bahia Principe Sunlight Costa Adeje - g\u00fcnstig buchen!\",\"isPartOf\":{\"@id\":\"https:\/\/www.ihr-ferienpartner.de\/mobil\/#website\"},\"primaryImageOfPage\":{\"@id\":\"https:\/\/www.ihr-ferienpartner.de\/mobil\/bahia-principe\/#primaryimage\"},\"image\":{\"@id\":\"https:\/\/www.ihr-ferienpartner.de\/mobil\/bahia-principe\/#primaryimage\"},\"thumbnailUrl\":\"https:\/\/www.ihr-ferienpartner.de\/Angebot\/BahiaPrincipe.jpg\",\"datePublished\":\"2024-06-18T12:02:04+00:00\",\"dateModified\":\"2024-06-18T12:38:51+00:00\",\"description\":\"Teneriffe Urlaub clever buchen mit Preisvergleich, Hotelbewertungen, Last Minute & Fr\u00fchbucher-Rabatten, ab allen relevanten Flughafen.\",\"breadcrumb\":{\"@id\":\"https:\/\/www.ihr-ferienpartner.de\/mobil\/bahia-principe\/#breadcrumb\"},\"inLanguage\":\"de\",\"potentialAction\":[{\"@type\":\"ReadAction\",\"target\":[\"https:\/\/www.ihr-ferienpartner.de\/mobil\/bahia-principe\/\"]}]},{\"@type\":\"ImageObject\",\"inLanguage\":\"de\",\"@id\":\"https:\/\/www.ihr-ferienpartner.de\/mobil\/bahia-principe\/#primaryimage\",\"url\":\"https:\/\/www.ihr-ferienpartner.de\/Angebot\/BahiaPrincipe.jpg\",\"contentUrl\":\"https:\/\/www.ihr-ferienpartner.de\/Angebot\/BahiaPrincipe.jpg\"},{\"@type\":\"BreadcrumbList\",\"@id\":\"https:\/\/www.ihr-ferienpartner.de\/mobil\/bahia-principe\/#breadcrumb\",\"itemListElement\":[{\"@type\":\"ListItem\",\"position\":1,\"name\":\"Startseite\",\"item\":\"https:\/\/www.ihr-ferienpartner.de\/mobil\/\"},{\"@type\":\"ListItem\",\"position\":2,\"name\":\"Bahia Principe\"}]},{\"@type\":\"WebSite\",\"@id\":\"https:\/\/www.ihr-ferienpartner.de\/mobil\/#website\",\"url\":\"https:\/\/www.ihr-ferienpartner.de\/mobil\/\",\"name\":\"FINDE DEIN SPONTANIEN - Reisen g\u00fcnstig buchen\",\"description\":\"Flugreisen im Preisvergleich mit flexiblen Terminen &amp; Abflughafen.\",\"publisher\":{\"@id\":\"https:\/\/www.ihr-ferienpartner.de\/mobil\/#organization\"},\"potentialAction\":[{\"@type\":\"SearchAction\",\"target\":{\"@type\":\"EntryPoint\",\"urlTemplate\":\"https:\/\/www.ihr-ferienpartner.de\/mobil\/?s={search_term_string}\"},\"query-input\":\"required name=search_term_string\"}],\"inLanguage\":\"de\"},{\"@type\":\"Organization\",\"@id\":\"https:\/\/www.ihr-ferienpartner.de\/mobil\/#organization\",\"name\":\"FINDE DEIN SPONTANIEN - Reisen g\u00fcnstig buchen\",\"url\":\"https:\/\/www.ihr-ferienpartner.de\/mobil\/\",\"logo\":{\"@type\":\"ImageObject\",\"inLanguage\":\"de\",\"@id\":\"https:\/\/www.ihr-ferienpartner.de\/mobil\/#\/schema\/logo\/image\/\",\"url\":\"https:\/\/www.ihr-ferienpartner.de\/mobil\/wp-content\/uploads\/2019\/10\/spontanien.jpg\",\"contentUrl\":\"https:\/\/www.ihr-ferienpartner.de\/mobil\/wp-content\/uploads\/2019\/10\/spontanien.jpg\",\"width\":818,\"height\":200,\"caption\":\"FINDE DEIN SPONTANIEN - Reisen g\u00fcnstig buchen\"},\"image\":{\"@id\":\"https:\/\/www.ihr-ferienpartner.de\/mobil\/#\/schema\/logo\/image\/\"}}]}<\/script>\n<!-- \/ Yoast SEO plugin. -->","yoast_head_json":{"title":"Bahia Principe Sunlight Costa Adeje - g\u00fcnstig buchen!","description":"Teneriffe Urlaub clever buchen mit Preisvergleich, Hotelbewertungen, Last Minute & Fr\u00fchbucher-Rabatten, ab allen relevanten Flughafen.","robots":{"index":"index","follow":"follow","max-snippet":"max-snippet:-1","max-image-preview":"max-image-preview:large","max-video-preview":"max-video-preview:-1"},"canonical":"https:\/\/www.ihr-ferienpartner.de\/mobil\/bahia-principe\/","og_locale":"de_DE","og_type":"article","og_title":"Bahia Principe Sunlight Costa Adeje - g\u00fcnstig buchen!","og_description":"Teneriffe Urlaub clever buchen mit Preisvergleich, Hotelbewertungen, Last Minute & Fr\u00fchbucher-Rabatten, ab allen relevanten Flughafen.","og_url":"https:\/\/www.ihr-ferienpartner.de\/mobil\/bahia-principe\/","og_site_name":"FINDE DEIN SPONTANIEN - Reisen g\u00fcnstig buchen","article_modified_time":"2024-06-18T12:38:51+00:00","og_image":[{"url":"https:\/\/www.ihr-ferienpartner.de\/Angebot\/BahiaPrincipe.jpg"}],"twitter_card":"summary_large_image","twitter_misc":{"Gesch\u00e4tzte Lesezeit":"2\u00a0Minuten"},"schema":{"@context":"https:\/\/schema.org","@graph":[{"@type":"WebPage","@id":"https:\/\/www.ihr-ferienpartner.de\/mobil\/bahia-principe\/","url":"https:\/\/www.ihr-ferienpartner.de\/mobil\/bahia-principe\/","name":"Bahia Principe Sunlight Costa Adeje - g\u00fcnstig buchen!","isPartOf":{"@id":"https:\/\/www.ihr-ferienpartner.de\/mobil\/#website"},"primaryImageOfPage":{"@id":"https:\/\/www.ihr-ferienpartner.de\/mobil\/bahia-principe\/#primaryimage"},"image":{"@id":"https:\/\/www.ihr-ferienpartner.de\/mobil\/bahia-principe\/#primaryimage"},"thumbnailUrl":"https:\/\/www.ihr-ferienpartner.de\/Angebot\/BahiaPrincipe.jpg","datePublished":"2024-06-18T12:02:04+00:00","dateModified":"2024-06-18T12:38:51+00:00","description":"Teneriffe Urlaub clever buchen mit Preisvergleich, Hotelbewertungen, Last Minute & Fr\u00fchbucher-Rabatten, ab allen relevanten Flughafen.","breadcrumb":{"@id":"https:\/\/www.ihr-ferienpartner.de\/mobil\/bahia-principe\/#breadcrumb"},"inLanguage":"de","potentialAction":[{"@type":"ReadAction","target":["https:\/\/www.ihr-ferienpartner.de\/mobil\/bahia-principe\/"]}]},{"@type":"ImageObject","inLanguage":"de","@id":"https:\/\/www.ihr-ferienpartner.de\/mobil\/bahia-principe\/#primaryimage","url":"https:\/\/www.ihr-ferienpartner.de\/Angebot\/BahiaPrincipe.jpg","contentUrl":"https:\/\/www.ihr-ferienpartner.de\/Angebot\/BahiaPrincipe.jpg"},{"@type":"BreadcrumbList","@id":"https:\/\/www.ihr-ferienpartner.de\/mobil\/bahia-principe\/#breadcrumb","itemListElement":[{"@type":"ListItem","position":1,"name":"Startseite","item":"https:\/\/www.ihr-ferienpartner.de\/mobil\/"},{"@type":"ListItem","position":2,"name":"Bahia Principe"}]},{"@type":"WebSite","@id":"https:\/\/www.ihr-ferienpartner.de\/mobil\/#website","url":"https:\/\/www.ihr-ferienpartner.de\/mobil\/","name":"FINDE DEIN SPONTANIEN - Reisen g\u00fcnstig buchen","description":"Flugreisen im Preisvergleich mit flexiblen Terminen &amp; Abflughafen.","publisher":{"@id":"https:\/\/www.ihr-ferienpartner.de\/mobil\/#organization"},"potentialAction":[{"@type":"SearchAction","target":{"@type":"EntryPoint","urlTemplate":"https:\/\/www.ihr-ferienpartner.de\/mobil\/?s={search_term_string}"},"query-input":"required name=search_term_string"}],"inLanguage":"de"},{"@type":"Organization","@id":"https:\/\/www.ihr-ferienpartner.de\/mobil\/#organization","name":"FINDE DEIN SPONTANIEN - Reisen g\u00fcnstig buchen","url":"https:\/\/www.ihr-ferienpartner.de\/mobil\/","logo":{"@type":"ImageObject","inLanguage":"de","@id":"https:\/\/www.ihr-ferienpartner.de\/mobil\/#\/schema\/logo\/image\/","url":"https:\/\/www.ihr-ferienpartner.de\/mobil\/wp-content\/uploads\/2019\/10\/spontanien.jpg","contentUrl":"https:\/\/www.ihr-ferienpartner.de\/mobil\/wp-content\/uploads\/2019\/10\/spontanien.jpg","width":818,"height":200,"caption":"FINDE DEIN SPONTANIEN - Reisen g\u00fcnstig buchen"},"image":{"@id":"https:\/\/www.ihr-ferienpartner.de\/mobil\/#\/schema\/logo\/image\/"}}]}},"_links":{"self":[{"href":"https:\/\/www.ihr-ferienpartner.de\/mobil\/wp-json\/wp\/v2\/pages\/2300"}],"collection":[{"href":"https:\/\/www.ihr-ferienpartner.de\/mobil\/wp-json\/wp\/v2\/pages"}],"about":[{"href":"https:\/\/www.ihr-ferienpartner.de\/mobil\/wp-json\/wp\/v2\/types\/page"}],"author":[{"embeddable":true,"href":"https:\/\/www.ihr-ferienpartner.de\/mobil\/wp-json\/wp\/v2\/users\/1"}],"replies":[{"embeddable":true,"href":"https:\/\/www.ihr-ferienpartner.de\/mobil\/wp-json\/wp\/v2\/comments?post=2300"}],"version-history":[{"count":22,"href":"https:\/\/www.ihr-ferienpartner.de\/mobil\/wp-json\/wp\/v2\/pages\/2300\/revisions"}],"predecessor-version":[{"id":5673,"href":"https:\/\/www.ihr-ferienpartner.de\/mobil\/wp-json\/wp\/v2\/pages\/2300\/revisions\/5673"}],"wp:attachment":[{"href":"https:\/\/www.ihr-ferienpartner.de\/mobil\/wp-json\/wp\/v2\/media?parent=2300"}],"curies":[{"name":"wp","href":"https:\/\/api.w.org\/{rel}","templated":true}]}}