{"id":2330,"date":"2024-07-15T17:06:46","date_gmt":"2024-07-15T15:06:46","guid":{"rendered":"http:\/\/www.ihr-ferienpartner.de\/mobil\/?page_id=2330"},"modified":"2024-07-15T17:06:46","modified_gmt":"2024-07-15T15:06:46","slug":"robinson-club-daidalos","status":"publish","type":"page","link":"https:\/\/www.ihr-ferienpartner.de\/mobil\/robinson-club-daidalos\/","title":{"rendered":"ROBINSON CLUB DAIDALOS"},"content":{"rendered":"<div style=\"background-color: rgba(255,255,255,1);\">\n<div style=\"background-color: #ffffff; padding: 1px 20px 20px 20px;\">\n<h1>ROBINSON Club Daidalos<\/h1>\n<p>Andimachia, Kardamena &#8211; Kos<\/p>\n<p><img decoding=\"async\" src=\"https:\/\/www.ihr-ferienpartner.de\/Kos\/Daidalos.jpg\" alt=\"Urlaub im ROBINSON Club Daidalos g\u00fcnstig buchen\" title=\"Reisen nach Kos in den ROBINSON Club Daidalos\"><br \/>\n<font size=\"-1\">Das Club-Hotel bietet den unvergleichlichen Komfort den Robinson-G\u00e4ste weltweit sch\u00e4tzen und zu Robinson-Stammg\u00e4sten macht (\u00fcber 99% Weiterempfehlungen). Die Anlage liegt erh\u00f6ht auf einer Klippe \u00fcber dem Meer und bietet einen traumhaften Ausblick sowie direkten Zugang (phantastische Aufzuganlage) zum feinen, flachabfallenden Sandstrand. Neben vier Pools geh\u00f6ren u.a. drei Bars, vier Retaurants, Shop\/Boutique, ein Theater und &#8222;Vollpension made by ROBINSON&#8220; zu den Annehmlichkeiten die der weitl\u00e4ufige Club bietet. Wie es sich f\u00fcr Robinson Clubs geh\u00f6rt werden nat\u00fcrlich auch vielf\u00e4ltige Sport- und Wellnessm\u00f6glichkeiten angeboten.<\/font><\/p>\n<hr>\n<p><font size=\"-1\"><b><font color=\"b62b31\">weitere Hotel-Tipps auf Kos:<\/font><\/b> <a href=\"https:\/\/www.ihr-ferienpartner.de\/mobil\/atlantica-beach-resort-kos\/\">Atlantica Beach Resort Kos, Kardamena<\/a> &#8211; <a href=\"https:\/\/www.ihr-ferienpartner.de\/mobil\/magic-life-marmari-palace\/\">MAGIC LIFE Marmari Palace, Mastichari<\/a> &#8211; <a href=\"https:\/\/www.ihr-ferienpartner.de\/mobil\/horizon-beach-resort\/\">Horizon Beach Resort, Mastichari<\/a> &#8211; <a href=\"https:\/\/www.ihr-ferienpartner.de\/mobil\/neptune-hotels-resort\/\">Neptune Hotels Resort, Mastichari<\/a><br \/>\n<b><font color=\"b62b31\">alle Hotels auf:<\/font><\/b> <a href=\"https:\/\/www.ihr-ferienpartner.de\/mobil\/kos\">Kos &gt;&gt;<\/a><\/font><\/p>\n<hr>\n<div id=\"ypsnet-ibe\" data-src=\"https:\/\/b2b.specials.de\/index\/jump\/119\/2780\/991880\/?action=dates&amp;regionId=45&amp;from=15&amp;to=316&amp;duration=7-7&amp;maxPrice=5000&amp;adults=2&amp;giataId=20523\"><\/div>\n<p><script src=\"https:\/\/webmedia.ypsilon.net\/spl_js\/ypsnet-ibe.js\"><\/script><\/p>\n<\/div>\n<div style=\"background-color: #ffffff; padding: 20px 20px 20px 20px;\">\n<hr>\n<p><b>Traumurlaub im ROBINSON Club Daidalos auf Kos:<\/b><br \/>\nBuchen Sie Ihre Reise und profitieren Sie u.a. vom Anbieter-Preisvergleich und Hotel-Rankings aus \u00fcber 1.000.000 authentischen Hotelbewertungen.<\/p>\n<p><img decoding=\"async\" src=\"https:\/\/www.ihr-ferienpartner.de\/Angebot\/Anbietervergleich.jpg\" alt=\"Reisen nach Kos in denROBINSON Club Daidalos\" title=\"Reisen nach Kos, ROBINSON Club Daidalos\"><\/p>\n<\/div>\n<\/div>\n","protected":false},"excerpt":{"rendered":"<p>ROBINSON Club Daidalos Andimachia, Kardamena &#8211; Kos Das Club-Hotel bietet den unvergleichlichen Komfort den Robinson-G\u00e4ste weltweit sch\u00e4tzen und zu Robinson-Stammg\u00e4sten macht (\u00fcber 99% Weiterempfehlungen). Die Anlage liegt erh\u00f6ht auf einer Klippe \u00fcber dem Meer und bietet einen traumhaften Ausblick sowie direkten Zugang (phantastische Aufzuganlage) zum feinen, flachabfallenden Sandstrand. Neben vier Pools geh\u00f6ren u.a. drei Bars, [&hellip;]<\/p>\n","protected":false},"author":1,"featured_media":0,"parent":0,"menu_order":0,"comment_status":"closed","ping_status":"closed","template":"","meta":{"footnotes":""},"yoast_head":"<!-- This site is optimized with the Yoast SEO plugin v22.8 - https:\/\/yoast.com\/wordpress\/plugins\/seo\/ -->\n<title>ROBINSON CLUB DAIDALOS - Cluburlaub buchen!<\/title>\n<meta name=\"description\" content=\"Reisen nach Kos g\u00fcnstig buchen: Anbieter-Preisvergleich, Last Minute- &amp; Fr\u00fchbucher-Rabatte, Hotelbewertungen, flexible Termine &amp; Flughafen.\" \/>\n<meta name=\"robots\" content=\"index, follow, max-snippet:-1, max-image-preview:large, max-video-preview:-1\" \/>\n<link rel=\"canonical\" href=\"https:\/\/www.ihr-ferienpartner.de\/mobil\/robinson-club-daidalos\/\" \/>\n<meta property=\"og:locale\" content=\"de_DE\" \/>\n<meta property=\"og:type\" content=\"article\" \/>\n<meta property=\"og:title\" content=\"ROBINSON CLUB DAIDALOS - Cluburlaub buchen!\" \/>\n<meta property=\"og:description\" content=\"Reisen nach Kos g\u00fcnstig buchen: Anbieter-Preisvergleich, Last Minute- &amp; Fr\u00fchbucher-Rabatte, Hotelbewertungen, flexible Termine &amp; Flughafen.\" \/>\n<meta property=\"og:url\" content=\"https:\/\/www.ihr-ferienpartner.de\/mobil\/robinson-club-daidalos\/\" \/>\n<meta property=\"og:site_name\" content=\"FINDE DEIN SPONTANIEN - Reisen g\u00fcnstig buchen\" \/>\n<meta property=\"og:image\" content=\"https:\/\/www.ihr-ferienpartner.de\/Kos\/Daidalos.jpg\" \/>\n<meta name=\"twitter:card\" content=\"summary_large_image\" \/>\n<meta name=\"twitter:label1\" content=\"Gesch\u00e4tzte Lesezeit\" \/>\n\t<meta name=\"twitter:data1\" content=\"2\u00a0Minuten\" \/>\n<script type=\"application\/ld+json\" class=\"yoast-schema-graph\">{\"@context\":\"https:\/\/schema.org\",\"@graph\":[{\"@type\":\"WebPage\",\"@id\":\"https:\/\/www.ihr-ferienpartner.de\/mobil\/robinson-club-daidalos\/\",\"url\":\"https:\/\/www.ihr-ferienpartner.de\/mobil\/robinson-club-daidalos\/\",\"name\":\"ROBINSON CLUB DAIDALOS - Cluburlaub buchen!\",\"isPartOf\":{\"@id\":\"https:\/\/www.ihr-ferienpartner.de\/mobil\/#website\"},\"primaryImageOfPage\":{\"@id\":\"https:\/\/www.ihr-ferienpartner.de\/mobil\/robinson-club-daidalos\/#primaryimage\"},\"image\":{\"@id\":\"https:\/\/www.ihr-ferienpartner.de\/mobil\/robinson-club-daidalos\/#primaryimage\"},\"thumbnailUrl\":\"https:\/\/www.ihr-ferienpartner.de\/Kos\/Daidalos.jpg\",\"datePublished\":\"2024-07-15T15:06:46+00:00\",\"dateModified\":\"2024-07-15T15:06:46+00:00\",\"description\":\"Reisen nach Kos g\u00fcnstig buchen: Anbieter-Preisvergleich, Last Minute- & Fr\u00fchbucher-Rabatte, Hotelbewertungen, flexible Termine & Flughafen.\",\"breadcrumb\":{\"@id\":\"https:\/\/www.ihr-ferienpartner.de\/mobil\/robinson-club-daidalos\/#breadcrumb\"},\"inLanguage\":\"de\",\"potentialAction\":[{\"@type\":\"ReadAction\",\"target\":[\"https:\/\/www.ihr-ferienpartner.de\/mobil\/robinson-club-daidalos\/\"]}]},{\"@type\":\"ImageObject\",\"inLanguage\":\"de\",\"@id\":\"https:\/\/www.ihr-ferienpartner.de\/mobil\/robinson-club-daidalos\/#primaryimage\",\"url\":\"https:\/\/www.ihr-ferienpartner.de\/Kos\/Daidalos.jpg\",\"contentUrl\":\"https:\/\/www.ihr-ferienpartner.de\/Kos\/Daidalos.jpg\"},{\"@type\":\"BreadcrumbList\",\"@id\":\"https:\/\/www.ihr-ferienpartner.de\/mobil\/robinson-club-daidalos\/#breadcrumb\",\"itemListElement\":[{\"@type\":\"ListItem\",\"position\":1,\"name\":\"Startseite\",\"item\":\"https:\/\/www.ihr-ferienpartner.de\/mobil\/\"},{\"@type\":\"ListItem\",\"position\":2,\"name\":\"ROBINSON CLUB DAIDALOS\"}]},{\"@type\":\"WebSite\",\"@id\":\"https:\/\/www.ihr-ferienpartner.de\/mobil\/#website\",\"url\":\"https:\/\/www.ihr-ferienpartner.de\/mobil\/\",\"name\":\"FINDE DEIN SPONTANIEN - Reisen g\u00fcnstig buchen\",\"description\":\"Flugreisen im Preisvergleich mit flexiblen Terminen &amp; Abflughafen.\",\"publisher\":{\"@id\":\"https:\/\/www.ihr-ferienpartner.de\/mobil\/#organization\"},\"potentialAction\":[{\"@type\":\"SearchAction\",\"target\":{\"@type\":\"EntryPoint\",\"urlTemplate\":\"https:\/\/www.ihr-ferienpartner.de\/mobil\/?s={search_term_string}\"},\"query-input\":\"required name=search_term_string\"}],\"inLanguage\":\"de\"},{\"@type\":\"Organization\",\"@id\":\"https:\/\/www.ihr-ferienpartner.de\/mobil\/#organization\",\"name\":\"FINDE DEIN SPONTANIEN - Reisen g\u00fcnstig buchen\",\"url\":\"https:\/\/www.ihr-ferienpartner.de\/mobil\/\",\"logo\":{\"@type\":\"ImageObject\",\"inLanguage\":\"de\",\"@id\":\"https:\/\/www.ihr-ferienpartner.de\/mobil\/#\/schema\/logo\/image\/\",\"url\":\"https:\/\/www.ihr-ferienpartner.de\/mobil\/wp-content\/uploads\/2019\/10\/spontanien.jpg\",\"contentUrl\":\"https:\/\/www.ihr-ferienpartner.de\/mobil\/wp-content\/uploads\/2019\/10\/spontanien.jpg\",\"width\":818,\"height\":200,\"caption\":\"FINDE DEIN SPONTANIEN - Reisen g\u00fcnstig buchen\"},\"image\":{\"@id\":\"https:\/\/www.ihr-ferienpartner.de\/mobil\/#\/schema\/logo\/image\/\"}}]}<\/script>\n<!-- \/ Yoast SEO plugin. -->","yoast_head_json":{"title":"ROBINSON CLUB DAIDALOS - Cluburlaub buchen!","description":"Reisen nach Kos g\u00fcnstig buchen: Anbieter-Preisvergleich, Last Minute- & Fr\u00fchbucher-Rabatte, Hotelbewertungen, flexible Termine & Flughafen.","robots":{"index":"index","follow":"follow","max-snippet":"max-snippet:-1","max-image-preview":"max-image-preview:large","max-video-preview":"max-video-preview:-1"},"canonical":"https:\/\/www.ihr-ferienpartner.de\/mobil\/robinson-club-daidalos\/","og_locale":"de_DE","og_type":"article","og_title":"ROBINSON CLUB DAIDALOS - Cluburlaub buchen!","og_description":"Reisen nach Kos g\u00fcnstig buchen: Anbieter-Preisvergleich, Last Minute- & Fr\u00fchbucher-Rabatte, Hotelbewertungen, flexible Termine & Flughafen.","og_url":"https:\/\/www.ihr-ferienpartner.de\/mobil\/robinson-club-daidalos\/","og_site_name":"FINDE DEIN SPONTANIEN - Reisen g\u00fcnstig buchen","og_image":[{"url":"https:\/\/www.ihr-ferienpartner.de\/Kos\/Daidalos.jpg"}],"twitter_card":"summary_large_image","twitter_misc":{"Gesch\u00e4tzte Lesezeit":"2\u00a0Minuten"},"schema":{"@context":"https:\/\/schema.org","@graph":[{"@type":"WebPage","@id":"https:\/\/www.ihr-ferienpartner.de\/mobil\/robinson-club-daidalos\/","url":"https:\/\/www.ihr-ferienpartner.de\/mobil\/robinson-club-daidalos\/","name":"ROBINSON CLUB DAIDALOS - Cluburlaub buchen!","isPartOf":{"@id":"https:\/\/www.ihr-ferienpartner.de\/mobil\/#website"},"primaryImageOfPage":{"@id":"https:\/\/www.ihr-ferienpartner.de\/mobil\/robinson-club-daidalos\/#primaryimage"},"image":{"@id":"https:\/\/www.ihr-ferienpartner.de\/mobil\/robinson-club-daidalos\/#primaryimage"},"thumbnailUrl":"https:\/\/www.ihr-ferienpartner.de\/Kos\/Daidalos.jpg","datePublished":"2024-07-15T15:06:46+00:00","dateModified":"2024-07-15T15:06:46+00:00","description":"Reisen nach Kos g\u00fcnstig buchen: Anbieter-Preisvergleich, Last Minute- & Fr\u00fchbucher-Rabatte, Hotelbewertungen, flexible Termine & Flughafen.","breadcrumb":{"@id":"https:\/\/www.ihr-ferienpartner.de\/mobil\/robinson-club-daidalos\/#breadcrumb"},"inLanguage":"de","potentialAction":[{"@type":"ReadAction","target":["https:\/\/www.ihr-ferienpartner.de\/mobil\/robinson-club-daidalos\/"]}]},{"@type":"ImageObject","inLanguage":"de","@id":"https:\/\/www.ihr-ferienpartner.de\/mobil\/robinson-club-daidalos\/#primaryimage","url":"https:\/\/www.ihr-ferienpartner.de\/Kos\/Daidalos.jpg","contentUrl":"https:\/\/www.ihr-ferienpartner.de\/Kos\/Daidalos.jpg"},{"@type":"BreadcrumbList","@id":"https:\/\/www.ihr-ferienpartner.de\/mobil\/robinson-club-daidalos\/#breadcrumb","itemListElement":[{"@type":"ListItem","position":1,"name":"Startseite","item":"https:\/\/www.ihr-ferienpartner.de\/mobil\/"},{"@type":"ListItem","position":2,"name":"ROBINSON CLUB DAIDALOS"}]},{"@type":"WebSite","@id":"https:\/\/www.ihr-ferienpartner.de\/mobil\/#website","url":"https:\/\/www.ihr-ferienpartner.de\/mobil\/","name":"FINDE DEIN SPONTANIEN - Reisen g\u00fcnstig buchen","description":"Flugreisen im Preisvergleich mit flexiblen Terminen &amp; Abflughafen.","publisher":{"@id":"https:\/\/www.ihr-ferienpartner.de\/mobil\/#organization"},"potentialAction":[{"@type":"SearchAction","target":{"@type":"EntryPoint","urlTemplate":"https:\/\/www.ihr-ferienpartner.de\/mobil\/?s={search_term_string}"},"query-input":"required name=search_term_string"}],"inLanguage":"de"},{"@type":"Organization","@id":"https:\/\/www.ihr-ferienpartner.de\/mobil\/#organization","name":"FINDE DEIN SPONTANIEN - Reisen g\u00fcnstig buchen","url":"https:\/\/www.ihr-ferienpartner.de\/mobil\/","logo":{"@type":"ImageObject","inLanguage":"de","@id":"https:\/\/www.ihr-ferienpartner.de\/mobil\/#\/schema\/logo\/image\/","url":"https:\/\/www.ihr-ferienpartner.de\/mobil\/wp-content\/uploads\/2019\/10\/spontanien.jpg","contentUrl":"https:\/\/www.ihr-ferienpartner.de\/mobil\/wp-content\/uploads\/2019\/10\/spontanien.jpg","width":818,"height":200,"caption":"FINDE DEIN SPONTANIEN - Reisen g\u00fcnstig buchen"},"image":{"@id":"https:\/\/www.ihr-ferienpartner.de\/mobil\/#\/schema\/logo\/image\/"}}]}},"_links":{"self":[{"href":"https:\/\/www.ihr-ferienpartner.de\/mobil\/wp-json\/wp\/v2\/pages\/2330"}],"collection":[{"href":"https:\/\/www.ihr-ferienpartner.de\/mobil\/wp-json\/wp\/v2\/pages"}],"about":[{"href":"https:\/\/www.ihr-ferienpartner.de\/mobil\/wp-json\/wp\/v2\/types\/page"}],"author":[{"embeddable":true,"href":"https:\/\/www.ihr-ferienpartner.de\/mobil\/wp-json\/wp\/v2\/users\/1"}],"replies":[{"embeddable":true,"href":"https:\/\/www.ihr-ferienpartner.de\/mobil\/wp-json\/wp\/v2\/comments?post=2330"}],"version-history":[{"count":12,"href":"https:\/\/www.ihr-ferienpartner.de\/mobil\/wp-json\/wp\/v2\/pages\/2330\/revisions"}],"predecessor-version":[{"id":5338,"href":"https:\/\/www.ihr-ferienpartner.de\/mobil\/wp-json\/wp\/v2\/pages\/2330\/revisions\/5338"}],"wp:attachment":[{"href":"https:\/\/www.ihr-ferienpartner.de\/mobil\/wp-json\/wp\/v2\/media?parent=2330"}],"curies":[{"name":"wp","href":"https:\/\/api.w.org\/{rel}","templated":true}]}}