{"id":2346,"date":"2024-07-15T16:52:27","date_gmt":"2024-07-15T14:52:27","guid":{"rendered":"http:\/\/www.ihr-ferienpartner.de\/mobil\/?page_id=2346"},"modified":"2024-07-15T16:52:27","modified_gmt":"2024-07-15T14:52:27","slug":"sensimar-lindos-bay","status":"publish","type":"page","link":"https:\/\/www.ihr-ferienpartner.de\/mobil\/sensimar-lindos-bay\/","title":{"rendered":"TUI BLUE Lindos Bay"},"content":{"rendered":"<div style=\"background-color: #ffffff; padding: 20px 20px 20px 20px;\">\n<h1>TUI BLUE Lindos Bay<\/h1>\n<p>Vlycha Beach &#8211; Rhodos<\/p>\n<p><img decoding=\"async\" src=\"https:\/\/www.ihr-ferienpartner.de\/Rhodos\/SensimarLindosBay.jpg\" alt=\"Urlaub im TUI BLUE Lindos Bay g\u00fcnstig buchen\" title=\"Reisen nach Rhodos ins TUI BLUE Lindos Bay\"><br \/>\n<font size=\"-1\">Das Hotel <b>TUI BLUE Lindos Bay (ehemals SENSIMAR bzw. SENTIDO Lindos Bay)<\/b> besticht durch seine wundervolle Lage direkt auf dem langen Vlycha-Strand. Die gepflegte Anlage verf\u00fcgt \u00fcber einen sch\u00f6nen Poolbereich mit direkten Blick zum Meer. Das Hotel ist ideal f\u00fcr ruhesuchende Paare. In der Umgebung des Hotels l\u00e4dt Lindos mit seinen wundersch\u00f6nen Gassen, Pl\u00e4tzen und der dar\u00fcber thronenden Akropolis zu Entdeckungen ein.<\/font><\/p>\n<hr>\n<p><font size=\"-1\"><b><font color=\"b62b31\">weitere Hotel-Tipps auf Rhodos:<\/font><\/b> <a href=\"https:\/\/www.ihr-ferienpartner.de\/mobil\/magic-life-plimmiri\/\">MAGIC LIFE Plimmiri<\/a>, Plimmiri &#8211; <a href=\"https:\/\/www.ihr-ferienpartner.de\/mobil\/sentido-apollo-blue\/\">Apollo Blue<\/a>, Faliraki &#8211; <a href=\"https:\/\/www.ihr-ferienpartner.de\/mobil\/kresten-palace\/\">Kresten Palace<\/a>, Kalithea &#8211; <a href=\"https:\/\/www.ihr-ferienpartner.de\/mobil\/kresten-royal\/\">Kresten Royal<\/a>, Kalithea<br \/>\n<b><font color=\"b62b31\">alle Hotels auf:<\/font><\/b> <a href=\"https:\/\/www.ihr-ferienpartner.de\/mobil\/rhodos\">Rhodos &gt;&gt;<\/a><\/font><\/p>\n<hr>\n<\/div>\n<div id=\"ypsnet-ibe\" data-src=\"https:\/\/b2b.specials.de\/index\/jump\/119\/2780\/991880\/?action=dates&amp;regionId=59&amp;from=15&amp;to=316&amp;duration=7-7&amp;maxPrice=5000&amp;adults=2&amp;giataId=16375\"><\/div>\n<p><script src=\"https:\/\/webmedia.ypsilon.net\/spl_js\/ypsnet-ibe.js\"><\/script><\/p>\n<div style=\"background-color: #ffffff; padding: 20px 20px 20px 20px;\">\n<hr>\n<p><b>Traumurlaub im TUI BLUE Lindos Bay auf Rhodos:<\/b><br \/>\nBuchen Sie Ihre Reise und profitieren Sie u.a. vom Anbieter-Preisvergleich und Hotel-Rankings aus \u00fcber 1.000.000 authentischen Hotelbewertungen.<\/p>\n<p><img decoding=\"async\" src=\"https:\/\/www.ihr-ferienpartner.de\/Angebot\/Anbietervergleich.jpg\" alt=\"Reisen nach Rhodos ins TUI BLUE Lindos Bay\" title=\"Reisen nach Rhodos, Hotel TUI BLUE Lindos Bay\"><\/p>\n<\/div>\n","protected":false},"excerpt":{"rendered":"<p>TUI BLUE Lindos Bay Vlycha Beach &#8211; Rhodos Das Hotel TUI BLUE Lindos Bay (ehemals SENSIMAR bzw. SENTIDO Lindos Bay) besticht durch seine wundervolle Lage direkt auf dem langen Vlycha-Strand. Die gepflegte Anlage verf\u00fcgt \u00fcber einen sch\u00f6nen Poolbereich mit direkten Blick zum Meer. Das Hotel ist ideal f\u00fcr ruhesuchende Paare. In der Umgebung des Hotels [&hellip;]<\/p>\n","protected":false},"author":1,"featured_media":0,"parent":0,"menu_order":0,"comment_status":"closed","ping_status":"closed","template":"","meta":{"footnotes":""},"yoast_head":"<!-- This site is optimized with the Yoast SEO plugin v22.8 - https:\/\/yoast.com\/wordpress\/plugins\/seo\/ -->\n<title>TUI BLUE Lindos Bay - Rhodos-Traumurlaub g\u00fcnstig buchen!<\/title>\n<meta name=\"description\" content=\"Reisen clever buchen: mit Anbieter-Preisvergleich, Fr\u00fchbucher &amp; Last Minute-Rabatten, Hotelbewertungen, flexiblen Terminen und Abflughafen.\" \/>\n<meta name=\"robots\" content=\"index, follow, max-snippet:-1, max-image-preview:large, max-video-preview:-1\" \/>\n<link rel=\"canonical\" href=\"https:\/\/www.ihr-ferienpartner.de\/mobil\/sensimar-lindos-bay\/\" \/>\n<meta property=\"og:locale\" content=\"de_DE\" \/>\n<meta property=\"og:type\" content=\"article\" \/>\n<meta property=\"og:title\" content=\"TUI BLUE Lindos Bay - Rhodos-Traumurlaub g\u00fcnstig buchen!\" \/>\n<meta property=\"og:description\" content=\"Reisen clever buchen: mit Anbieter-Preisvergleich, Fr\u00fchbucher &amp; Last Minute-Rabatten, Hotelbewertungen, flexiblen Terminen und Abflughafen.\" \/>\n<meta property=\"og:url\" content=\"https:\/\/www.ihr-ferienpartner.de\/mobil\/sensimar-lindos-bay\/\" \/>\n<meta property=\"og:site_name\" content=\"FINDE DEIN SPONTANIEN - Reisen g\u00fcnstig buchen\" \/>\n<meta property=\"og:image\" content=\"https:\/\/www.ihr-ferienpartner.de\/Rhodos\/SensimarLindosBay.jpg\" \/>\n<meta name=\"twitter:card\" content=\"summary_large_image\" \/>\n<meta name=\"twitter:label1\" content=\"Gesch\u00e4tzte Lesezeit\" \/>\n\t<meta name=\"twitter:data1\" content=\"2\u00a0Minuten\" \/>\n<script type=\"application\/ld+json\" class=\"yoast-schema-graph\">{\"@context\":\"https:\/\/schema.org\",\"@graph\":[{\"@type\":\"WebPage\",\"@id\":\"https:\/\/www.ihr-ferienpartner.de\/mobil\/sensimar-lindos-bay\/\",\"url\":\"https:\/\/www.ihr-ferienpartner.de\/mobil\/sensimar-lindos-bay\/\",\"name\":\"TUI BLUE Lindos Bay - Rhodos-Traumurlaub g\u00fcnstig buchen!\",\"isPartOf\":{\"@id\":\"https:\/\/www.ihr-ferienpartner.de\/mobil\/#website\"},\"primaryImageOfPage\":{\"@id\":\"https:\/\/www.ihr-ferienpartner.de\/mobil\/sensimar-lindos-bay\/#primaryimage\"},\"image\":{\"@id\":\"https:\/\/www.ihr-ferienpartner.de\/mobil\/sensimar-lindos-bay\/#primaryimage\"},\"thumbnailUrl\":\"https:\/\/www.ihr-ferienpartner.de\/Rhodos\/SensimarLindosBay.jpg\",\"datePublished\":\"2024-07-15T14:52:27+00:00\",\"dateModified\":\"2024-07-15T14:52:27+00:00\",\"description\":\"Reisen clever buchen: mit Anbieter-Preisvergleich, Fr\u00fchbucher & Last Minute-Rabatten, Hotelbewertungen, flexiblen Terminen und Abflughafen.\",\"breadcrumb\":{\"@id\":\"https:\/\/www.ihr-ferienpartner.de\/mobil\/sensimar-lindos-bay\/#breadcrumb\"},\"inLanguage\":\"de\",\"potentialAction\":[{\"@type\":\"ReadAction\",\"target\":[\"https:\/\/www.ihr-ferienpartner.de\/mobil\/sensimar-lindos-bay\/\"]}]},{\"@type\":\"ImageObject\",\"inLanguage\":\"de\",\"@id\":\"https:\/\/www.ihr-ferienpartner.de\/mobil\/sensimar-lindos-bay\/#primaryimage\",\"url\":\"https:\/\/www.ihr-ferienpartner.de\/Rhodos\/SensimarLindosBay.jpg\",\"contentUrl\":\"https:\/\/www.ihr-ferienpartner.de\/Rhodos\/SensimarLindosBay.jpg\"},{\"@type\":\"BreadcrumbList\",\"@id\":\"https:\/\/www.ihr-ferienpartner.de\/mobil\/sensimar-lindos-bay\/#breadcrumb\",\"itemListElement\":[{\"@type\":\"ListItem\",\"position\":1,\"name\":\"Startseite\",\"item\":\"https:\/\/www.ihr-ferienpartner.de\/mobil\/\"},{\"@type\":\"ListItem\",\"position\":2,\"name\":\"TUI BLUE Lindos Bay\"}]},{\"@type\":\"WebSite\",\"@id\":\"https:\/\/www.ihr-ferienpartner.de\/mobil\/#website\",\"url\":\"https:\/\/www.ihr-ferienpartner.de\/mobil\/\",\"name\":\"FINDE DEIN SPONTANIEN - Reisen g\u00fcnstig buchen\",\"description\":\"Flugreisen im Preisvergleich mit flexiblen Terminen &amp; Abflughafen.\",\"publisher\":{\"@id\":\"https:\/\/www.ihr-ferienpartner.de\/mobil\/#organization\"},\"potentialAction\":[{\"@type\":\"SearchAction\",\"target\":{\"@type\":\"EntryPoint\",\"urlTemplate\":\"https:\/\/www.ihr-ferienpartner.de\/mobil\/?s={search_term_string}\"},\"query-input\":\"required name=search_term_string\"}],\"inLanguage\":\"de\"},{\"@type\":\"Organization\",\"@id\":\"https:\/\/www.ihr-ferienpartner.de\/mobil\/#organization\",\"name\":\"FINDE DEIN SPONTANIEN - Reisen g\u00fcnstig buchen\",\"url\":\"https:\/\/www.ihr-ferienpartner.de\/mobil\/\",\"logo\":{\"@type\":\"ImageObject\",\"inLanguage\":\"de\",\"@id\":\"https:\/\/www.ihr-ferienpartner.de\/mobil\/#\/schema\/logo\/image\/\",\"url\":\"https:\/\/www.ihr-ferienpartner.de\/mobil\/wp-content\/uploads\/2019\/10\/spontanien.jpg\",\"contentUrl\":\"https:\/\/www.ihr-ferienpartner.de\/mobil\/wp-content\/uploads\/2019\/10\/spontanien.jpg\",\"width\":818,\"height\":200,\"caption\":\"FINDE DEIN SPONTANIEN - Reisen g\u00fcnstig buchen\"},\"image\":{\"@id\":\"https:\/\/www.ihr-ferienpartner.de\/mobil\/#\/schema\/logo\/image\/\"}}]}<\/script>\n<!-- \/ Yoast SEO plugin. -->","yoast_head_json":{"title":"TUI BLUE Lindos Bay - Rhodos-Traumurlaub g\u00fcnstig buchen!","description":"Reisen clever buchen: mit Anbieter-Preisvergleich, Fr\u00fchbucher & Last Minute-Rabatten, Hotelbewertungen, flexiblen Terminen und Abflughafen.","robots":{"index":"index","follow":"follow","max-snippet":"max-snippet:-1","max-image-preview":"max-image-preview:large","max-video-preview":"max-video-preview:-1"},"canonical":"https:\/\/www.ihr-ferienpartner.de\/mobil\/sensimar-lindos-bay\/","og_locale":"de_DE","og_type":"article","og_title":"TUI BLUE Lindos Bay - Rhodos-Traumurlaub g\u00fcnstig buchen!","og_description":"Reisen clever buchen: mit Anbieter-Preisvergleich, Fr\u00fchbucher & Last Minute-Rabatten, Hotelbewertungen, flexiblen Terminen und Abflughafen.","og_url":"https:\/\/www.ihr-ferienpartner.de\/mobil\/sensimar-lindos-bay\/","og_site_name":"FINDE DEIN SPONTANIEN - Reisen g\u00fcnstig buchen","og_image":[{"url":"https:\/\/www.ihr-ferienpartner.de\/Rhodos\/SensimarLindosBay.jpg"}],"twitter_card":"summary_large_image","twitter_misc":{"Gesch\u00e4tzte Lesezeit":"2\u00a0Minuten"},"schema":{"@context":"https:\/\/schema.org","@graph":[{"@type":"WebPage","@id":"https:\/\/www.ihr-ferienpartner.de\/mobil\/sensimar-lindos-bay\/","url":"https:\/\/www.ihr-ferienpartner.de\/mobil\/sensimar-lindos-bay\/","name":"TUI BLUE Lindos Bay - Rhodos-Traumurlaub g\u00fcnstig buchen!","isPartOf":{"@id":"https:\/\/www.ihr-ferienpartner.de\/mobil\/#website"},"primaryImageOfPage":{"@id":"https:\/\/www.ihr-ferienpartner.de\/mobil\/sensimar-lindos-bay\/#primaryimage"},"image":{"@id":"https:\/\/www.ihr-ferienpartner.de\/mobil\/sensimar-lindos-bay\/#primaryimage"},"thumbnailUrl":"https:\/\/www.ihr-ferienpartner.de\/Rhodos\/SensimarLindosBay.jpg","datePublished":"2024-07-15T14:52:27+00:00","dateModified":"2024-07-15T14:52:27+00:00","description":"Reisen clever buchen: mit Anbieter-Preisvergleich, Fr\u00fchbucher & Last Minute-Rabatten, Hotelbewertungen, flexiblen Terminen und Abflughafen.","breadcrumb":{"@id":"https:\/\/www.ihr-ferienpartner.de\/mobil\/sensimar-lindos-bay\/#breadcrumb"},"inLanguage":"de","potentialAction":[{"@type":"ReadAction","target":["https:\/\/www.ihr-ferienpartner.de\/mobil\/sensimar-lindos-bay\/"]}]},{"@type":"ImageObject","inLanguage":"de","@id":"https:\/\/www.ihr-ferienpartner.de\/mobil\/sensimar-lindos-bay\/#primaryimage","url":"https:\/\/www.ihr-ferienpartner.de\/Rhodos\/SensimarLindosBay.jpg","contentUrl":"https:\/\/www.ihr-ferienpartner.de\/Rhodos\/SensimarLindosBay.jpg"},{"@type":"BreadcrumbList","@id":"https:\/\/www.ihr-ferienpartner.de\/mobil\/sensimar-lindos-bay\/#breadcrumb","itemListElement":[{"@type":"ListItem","position":1,"name":"Startseite","item":"https:\/\/www.ihr-ferienpartner.de\/mobil\/"},{"@type":"ListItem","position":2,"name":"TUI BLUE Lindos Bay"}]},{"@type":"WebSite","@id":"https:\/\/www.ihr-ferienpartner.de\/mobil\/#website","url":"https:\/\/www.ihr-ferienpartner.de\/mobil\/","name":"FINDE DEIN SPONTANIEN - Reisen g\u00fcnstig buchen","description":"Flugreisen im Preisvergleich mit flexiblen Terminen &amp; Abflughafen.","publisher":{"@id":"https:\/\/www.ihr-ferienpartner.de\/mobil\/#organization"},"potentialAction":[{"@type":"SearchAction","target":{"@type":"EntryPoint","urlTemplate":"https:\/\/www.ihr-ferienpartner.de\/mobil\/?s={search_term_string}"},"query-input":"required name=search_term_string"}],"inLanguage":"de"},{"@type":"Organization","@id":"https:\/\/www.ihr-ferienpartner.de\/mobil\/#organization","name":"FINDE DEIN SPONTANIEN - Reisen g\u00fcnstig buchen","url":"https:\/\/www.ihr-ferienpartner.de\/mobil\/","logo":{"@type":"ImageObject","inLanguage":"de","@id":"https:\/\/www.ihr-ferienpartner.de\/mobil\/#\/schema\/logo\/image\/","url":"https:\/\/www.ihr-ferienpartner.de\/mobil\/wp-content\/uploads\/2019\/10\/spontanien.jpg","contentUrl":"https:\/\/www.ihr-ferienpartner.de\/mobil\/wp-content\/uploads\/2019\/10\/spontanien.jpg","width":818,"height":200,"caption":"FINDE DEIN SPONTANIEN - Reisen g\u00fcnstig buchen"},"image":{"@id":"https:\/\/www.ihr-ferienpartner.de\/mobil\/#\/schema\/logo\/image\/"}}]}},"_links":{"self":[{"href":"https:\/\/www.ihr-ferienpartner.de\/mobil\/wp-json\/wp\/v2\/pages\/2346"}],"collection":[{"href":"https:\/\/www.ihr-ferienpartner.de\/mobil\/wp-json\/wp\/v2\/pages"}],"about":[{"href":"https:\/\/www.ihr-ferienpartner.de\/mobil\/wp-json\/wp\/v2\/types\/page"}],"author":[{"embeddable":true,"href":"https:\/\/www.ihr-ferienpartner.de\/mobil\/wp-json\/wp\/v2\/users\/1"}],"replies":[{"embeddable":true,"href":"https:\/\/www.ihr-ferienpartner.de\/mobil\/wp-json\/wp\/v2\/comments?post=2346"}],"version-history":[{"count":15,"href":"https:\/\/www.ihr-ferienpartner.de\/mobil\/wp-json\/wp\/v2\/pages\/2346\/revisions"}],"predecessor-version":[{"id":5371,"href":"https:\/\/www.ihr-ferienpartner.de\/mobil\/wp-json\/wp\/v2\/pages\/2346\/revisions\/5371"}],"wp:attachment":[{"href":"https:\/\/www.ihr-ferienpartner.de\/mobil\/wp-json\/wp\/v2\/media?parent=2346"}],"curies":[{"name":"wp","href":"https:\/\/api.w.org\/{rel}","templated":true}]}}