{"id":239,"date":"2024-07-04T15:36:03","date_gmt":"2024-07-04T13:36:03","guid":{"rendered":"http:\/\/www.ihr-ferienpartner.de\/mobil\/?page_id=239"},"modified":"2024-07-04T15:36:03","modified_gmt":"2024-07-04T13:36:03","slug":"mallorca","status":"publish","type":"page","link":"https:\/\/www.ihr-ferienpartner.de\/mobil\/mallorca\/","title":{"rendered":"Mallorca Reisen"},"content":{"rendered":"<div style=\"background-color: #ffffff; padding:20px 20px 20px 20px;\">\n<h1>Mallorca Reisen<\/h1>\n<p>Die Perle im Mittelmeer<\/p>\n<p><img decoding=\"async\" src=\"https:\/\/www.ihr-ferienpartner.de\/Angebot\/Mallorca.jpg\" alt=\"Mallorca Urlaub billig buchen\" title=\"Reisen nach Mallorca\"><br \/>\n<font size=\"-1\">Kaum eine Insel bietet so viele Kontraste wie Mallorca: kilometerlange Sandstr\u00e4nde, zahlreiche kleine Buchten f\u00fcr Badeurlauber, Steilk\u00fcsten, Berge, D\u00f6rfer und die Inselhauptstadt lassen Besucher staunen.<\/font><\/p>\n<hr>\n<p><b><font color=\"b62b31\">Unsere Hotel-Tipps:<\/font><\/b> <a href=\"https:\/\/www.ihr-ferienpartner.de\/mobil\/allsun-eden-playa\/\">allsun Eden Playa<\/a>, Playa de Muro &#8211; <a href=\"https:\/\/www.ihr-ferienpartner.de\/mobil\/castell-royal\/\">Universal Castell Royal<\/a>, Canyamel  &#8211; <a href=\"https:\/\/www.ihr-ferienpartner.de\/mobil\/lido-park\/\">Universal Lido Park<\/a>, Paguera<br \/>\n<font size=\"-1\"><b><font color=\"b62b31\">Beliebte Orte:<\/font><\/b> <em>S\u00fcdwestk\u00fcste:<\/em> <a href=\"https:\/\/www.ihr-ferienpartner.de\/mobil\/paguera\/\" title=\"Angebote in Paguera\">Paguera<\/a> &#8211; <a href=\"https:\/\/www.ihr-ferienpartner.de\/mobil\/camp-de-mar\/\" title=\"Angebote in Camp de Mar\">Camp de Mar<\/a> &#8211; <a href=\"https:\/\/www.ihr-ferienpartner.de\/mobil\/santa-ponsa\/\" title=\"Angebote in Santa Ponsa\">Santa Ponsa<\/a> &#8211; <em>Nordostk\u00fcste:<\/em> <a href=\"https:\/\/www.ihr-ferienpartner.de\/mobil\/alcudia\/\" title=\"Angebote in Alcudia\">Alcudia<\/a> &#8211; <a href=\"https:\/\/www.ihr-ferienpartner.de\/mobil\/playa-de-muro\/\" title=\"Angebote in Playa de Muro\">Playa de Muro<\/a> &#8211; <a href=\"https:\/\/www.ihr-ferienpartner.de\/mobil\/can-picafort\" title=\"Angebote in Can Picafort\">Can Picafort<\/a> &#8211; <em>Ostk\u00fcste:<\/em> <a href=\"https:\/\/www.ihr-ferienpartner.de\/mobil\/cala-millor\/\" title=\"Angebote in Cala Millor\">Cala Millor<\/a> &#8211; <a href=\"https:\/\/www.ihr-ferienpartner.de\/mobil\/canyamel\/\" title=\"Angebote in Canyamel\">Canyamel<\/a> &#8211; <a href=\"https:\/\/www.ihr-ferienpartner.de\/mobil\/cala-ratjada\/\" title=\"Angebote in Cala Ratjada\">Cala Ratjada<\/a> &#8211; <em>S\u00fcdostk\u00fcste:<\/em> <a href=\"https:\/\/www.ihr-ferienpartner.de\/mobil\/colonia-sant-jordi\/\" title=\"Angebote in Colonia Sant Jordi\">Colonia Sant Jordi<\/a><\/font><\/p>\n<hr>\n<div id=\"ypsnet-ibe\" data-src=\"https:\/\/b2b.specials.de\/index\/jump\/119\/2780\/991880\/?action=dates&amp;regionId=133&amp;from=15&amp;to=316&amp;duration=7-7&amp;maxPrice=5000&amp;adults=2&amp;category=3&amp;minRecommrate=70\"><\/div>\n<p><script src=\"https:\/\/webmedia.ypsilon.net\/spl_js\/ypsnet-ibe.js\"><\/script><\/p>\n<\/div>\n<div style=\"background-color: #ffffff; padding: 20px 20px 20px 20px;\">\n<hr>\n<p><b>Pauschalreisen, Fr\u00fchbucher-Rabatte &amp; Last Minute-Angebote:<\/b><br \/>\nBuchen Sie Ihre Mallorca-Reise und profitieren Sie u.a. vom Anbieter-Preisvergleich und Hotel-Rankings aus \u00fcber 1.000.000 authentischen Hotelbewertungen.<img decoding=\"async\" src=\"https:\/\/www.ihr-ferienpartner.de\/Angebot\/Anbietervergleich.jpg\" alt=\"Reisen nach Mallorca\" title=\"Reisen nach Mallorca\"><\/p>\n<\/div>\n","protected":false},"excerpt":{"rendered":"<p>Mallorca Reisen Die Perle im Mittelmeer Kaum eine Insel bietet so viele Kontraste wie Mallorca: kilometerlange Sandstr\u00e4nde, zahlreiche kleine Buchten f\u00fcr Badeurlauber, Steilk\u00fcsten, Berge, D\u00f6rfer und die Inselhauptstadt lassen Besucher staunen. Unsere Hotel-Tipps: allsun Eden Playa, Playa de Muro &#8211; Universal Castell Royal, Canyamel &#8211; Universal Lido Park, Paguera Beliebte Orte: S\u00fcdwestk\u00fcste: Paguera &#8211; Camp [&hellip;]<\/p>\n","protected":false},"author":1,"featured_media":0,"parent":0,"menu_order":0,"comment_status":"closed","ping_status":"closed","template":"","meta":{"footnotes":""},"yoast_head":"<!-- This site is optimized with the Yoast SEO plugin v22.8 - https:\/\/yoast.com\/wordpress\/plugins\/seo\/ -->\n<title>Mallorca Reisen - Last Minute &amp; Fr\u00fchbucher Reisen g\u00fcnstig buchen<\/title>\n<meta name=\"description\" content=\"Mallorca Urlaub clever buchen, mit Anbieter-Preisvergleich, Hotelbewertungen, flexiblen Reiseterminen &amp; von allen Abflughafen\" \/>\n<meta name=\"robots\" content=\"index, follow, max-snippet:-1, max-image-preview:large, max-video-preview:-1\" \/>\n<link rel=\"canonical\" href=\"https:\/\/www.ihr-ferienpartner.de\/mobil\/mallorca\/\" \/>\n<meta property=\"og:locale\" content=\"de_DE\" \/>\n<meta property=\"og:type\" content=\"article\" \/>\n<meta property=\"og:title\" content=\"Mallorca Reisen - Last Minute &amp; Fr\u00fchbucher Reisen g\u00fcnstig buchen\" \/>\n<meta property=\"og:description\" content=\"Mallorca Urlaub clever buchen, mit Anbieter-Preisvergleich, Hotelbewertungen, flexiblen Reiseterminen &amp; von allen Abflughafen\" \/>\n<meta property=\"og:url\" content=\"https:\/\/www.ihr-ferienpartner.de\/mobil\/mallorca\/\" \/>\n<meta property=\"og:site_name\" content=\"FINDE DEIN SPONTANIEN - Reisen g\u00fcnstig buchen\" \/>\n<meta property=\"og:image\" content=\"https:\/\/www.ihr-ferienpartner.de\/Angebot\/Mallorca.jpg\" \/>\n<meta name=\"twitter:card\" content=\"summary_large_image\" \/>\n<meta name=\"twitter:label1\" content=\"Gesch\u00e4tzte Lesezeit\" \/>\n\t<meta name=\"twitter:data1\" content=\"1\u00a0Minute\" \/>\n<script type=\"application\/ld+json\" class=\"yoast-schema-graph\">{\"@context\":\"https:\/\/schema.org\",\"@graph\":[{\"@type\":\"WebPage\",\"@id\":\"https:\/\/www.ihr-ferienpartner.de\/mobil\/mallorca\/\",\"url\":\"https:\/\/www.ihr-ferienpartner.de\/mobil\/mallorca\/\",\"name\":\"Mallorca Reisen - Last Minute & Fr\u00fchbucher Reisen g\u00fcnstig buchen\",\"isPartOf\":{\"@id\":\"https:\/\/www.ihr-ferienpartner.de\/mobil\/#website\"},\"primaryImageOfPage\":{\"@id\":\"https:\/\/www.ihr-ferienpartner.de\/mobil\/mallorca\/#primaryimage\"},\"image\":{\"@id\":\"https:\/\/www.ihr-ferienpartner.de\/mobil\/mallorca\/#primaryimage\"},\"thumbnailUrl\":\"https:\/\/www.ihr-ferienpartner.de\/Angebot\/Mallorca.jpg\",\"datePublished\":\"2024-07-04T13:36:03+00:00\",\"dateModified\":\"2024-07-04T13:36:03+00:00\",\"description\":\"Mallorca Urlaub clever buchen, mit Anbieter-Preisvergleich, Hotelbewertungen, flexiblen Reiseterminen & von allen Abflughafen\",\"breadcrumb\":{\"@id\":\"https:\/\/www.ihr-ferienpartner.de\/mobil\/mallorca\/#breadcrumb\"},\"inLanguage\":\"de\",\"potentialAction\":[{\"@type\":\"ReadAction\",\"target\":[\"https:\/\/www.ihr-ferienpartner.de\/mobil\/mallorca\/\"]}]},{\"@type\":\"ImageObject\",\"inLanguage\":\"de\",\"@id\":\"https:\/\/www.ihr-ferienpartner.de\/mobil\/mallorca\/#primaryimage\",\"url\":\"https:\/\/www.ihr-ferienpartner.de\/Angebot\/Mallorca.jpg\",\"contentUrl\":\"https:\/\/www.ihr-ferienpartner.de\/Angebot\/Mallorca.jpg\"},{\"@type\":\"BreadcrumbList\",\"@id\":\"https:\/\/www.ihr-ferienpartner.de\/mobil\/mallorca\/#breadcrumb\",\"itemListElement\":[{\"@type\":\"ListItem\",\"position\":1,\"name\":\"Startseite\",\"item\":\"https:\/\/www.ihr-ferienpartner.de\/mobil\/\"},{\"@type\":\"ListItem\",\"position\":2,\"name\":\"Mallorca Reisen\"}]},{\"@type\":\"WebSite\",\"@id\":\"https:\/\/www.ihr-ferienpartner.de\/mobil\/#website\",\"url\":\"https:\/\/www.ihr-ferienpartner.de\/mobil\/\",\"name\":\"FINDE DEIN SPONTANIEN - Reisen g\u00fcnstig buchen\",\"description\":\"Flugreisen im Preisvergleich mit flexiblen Terminen &amp; Abflughafen.\",\"publisher\":{\"@id\":\"https:\/\/www.ihr-ferienpartner.de\/mobil\/#organization\"},\"potentialAction\":[{\"@type\":\"SearchAction\",\"target\":{\"@type\":\"EntryPoint\",\"urlTemplate\":\"https:\/\/www.ihr-ferienpartner.de\/mobil\/?s={search_term_string}\"},\"query-input\":\"required name=search_term_string\"}],\"inLanguage\":\"de\"},{\"@type\":\"Organization\",\"@id\":\"https:\/\/www.ihr-ferienpartner.de\/mobil\/#organization\",\"name\":\"FINDE DEIN SPONTANIEN - Reisen g\u00fcnstig buchen\",\"url\":\"https:\/\/www.ihr-ferienpartner.de\/mobil\/\",\"logo\":{\"@type\":\"ImageObject\",\"inLanguage\":\"de\",\"@id\":\"https:\/\/www.ihr-ferienpartner.de\/mobil\/#\/schema\/logo\/image\/\",\"url\":\"https:\/\/www.ihr-ferienpartner.de\/mobil\/wp-content\/uploads\/2019\/10\/spontanien.jpg\",\"contentUrl\":\"https:\/\/www.ihr-ferienpartner.de\/mobil\/wp-content\/uploads\/2019\/10\/spontanien.jpg\",\"width\":818,\"height\":200,\"caption\":\"FINDE DEIN SPONTANIEN - Reisen g\u00fcnstig buchen\"},\"image\":{\"@id\":\"https:\/\/www.ihr-ferienpartner.de\/mobil\/#\/schema\/logo\/image\/\"}}]}<\/script>\n<!-- \/ Yoast SEO plugin. -->","yoast_head_json":{"title":"Mallorca Reisen - Last Minute & Fr\u00fchbucher Reisen g\u00fcnstig buchen","description":"Mallorca Urlaub clever buchen, mit Anbieter-Preisvergleich, Hotelbewertungen, flexiblen Reiseterminen & von allen Abflughafen","robots":{"index":"index","follow":"follow","max-snippet":"max-snippet:-1","max-image-preview":"max-image-preview:large","max-video-preview":"max-video-preview:-1"},"canonical":"https:\/\/www.ihr-ferienpartner.de\/mobil\/mallorca\/","og_locale":"de_DE","og_type":"article","og_title":"Mallorca Reisen - Last Minute & Fr\u00fchbucher Reisen g\u00fcnstig buchen","og_description":"Mallorca Urlaub clever buchen, mit Anbieter-Preisvergleich, Hotelbewertungen, flexiblen Reiseterminen & von allen Abflughafen","og_url":"https:\/\/www.ihr-ferienpartner.de\/mobil\/mallorca\/","og_site_name":"FINDE DEIN SPONTANIEN - Reisen g\u00fcnstig buchen","og_image":[{"url":"https:\/\/www.ihr-ferienpartner.de\/Angebot\/Mallorca.jpg"}],"twitter_card":"summary_large_image","twitter_misc":{"Gesch\u00e4tzte Lesezeit":"1\u00a0Minute"},"schema":{"@context":"https:\/\/schema.org","@graph":[{"@type":"WebPage","@id":"https:\/\/www.ihr-ferienpartner.de\/mobil\/mallorca\/","url":"https:\/\/www.ihr-ferienpartner.de\/mobil\/mallorca\/","name":"Mallorca Reisen - Last Minute & Fr\u00fchbucher Reisen g\u00fcnstig buchen","isPartOf":{"@id":"https:\/\/www.ihr-ferienpartner.de\/mobil\/#website"},"primaryImageOfPage":{"@id":"https:\/\/www.ihr-ferienpartner.de\/mobil\/mallorca\/#primaryimage"},"image":{"@id":"https:\/\/www.ihr-ferienpartner.de\/mobil\/mallorca\/#primaryimage"},"thumbnailUrl":"https:\/\/www.ihr-ferienpartner.de\/Angebot\/Mallorca.jpg","datePublished":"2024-07-04T13:36:03+00:00","dateModified":"2024-07-04T13:36:03+00:00","description":"Mallorca Urlaub clever buchen, mit Anbieter-Preisvergleich, Hotelbewertungen, flexiblen Reiseterminen & von allen Abflughafen","breadcrumb":{"@id":"https:\/\/www.ihr-ferienpartner.de\/mobil\/mallorca\/#breadcrumb"},"inLanguage":"de","potentialAction":[{"@type":"ReadAction","target":["https:\/\/www.ihr-ferienpartner.de\/mobil\/mallorca\/"]}]},{"@type":"ImageObject","inLanguage":"de","@id":"https:\/\/www.ihr-ferienpartner.de\/mobil\/mallorca\/#primaryimage","url":"https:\/\/www.ihr-ferienpartner.de\/Angebot\/Mallorca.jpg","contentUrl":"https:\/\/www.ihr-ferienpartner.de\/Angebot\/Mallorca.jpg"},{"@type":"BreadcrumbList","@id":"https:\/\/www.ihr-ferienpartner.de\/mobil\/mallorca\/#breadcrumb","itemListElement":[{"@type":"ListItem","position":1,"name":"Startseite","item":"https:\/\/www.ihr-ferienpartner.de\/mobil\/"},{"@type":"ListItem","position":2,"name":"Mallorca Reisen"}]},{"@type":"WebSite","@id":"https:\/\/www.ihr-ferienpartner.de\/mobil\/#website","url":"https:\/\/www.ihr-ferienpartner.de\/mobil\/","name":"FINDE DEIN SPONTANIEN - Reisen g\u00fcnstig buchen","description":"Flugreisen im Preisvergleich mit flexiblen Terminen &amp; Abflughafen.","publisher":{"@id":"https:\/\/www.ihr-ferienpartner.de\/mobil\/#organization"},"potentialAction":[{"@type":"SearchAction","target":{"@type":"EntryPoint","urlTemplate":"https:\/\/www.ihr-ferienpartner.de\/mobil\/?s={search_term_string}"},"query-input":"required name=search_term_string"}],"inLanguage":"de"},{"@type":"Organization","@id":"https:\/\/www.ihr-ferienpartner.de\/mobil\/#organization","name":"FINDE DEIN SPONTANIEN - Reisen g\u00fcnstig buchen","url":"https:\/\/www.ihr-ferienpartner.de\/mobil\/","logo":{"@type":"ImageObject","inLanguage":"de","@id":"https:\/\/www.ihr-ferienpartner.de\/mobil\/#\/schema\/logo\/image\/","url":"https:\/\/www.ihr-ferienpartner.de\/mobil\/wp-content\/uploads\/2019\/10\/spontanien.jpg","contentUrl":"https:\/\/www.ihr-ferienpartner.de\/mobil\/wp-content\/uploads\/2019\/10\/spontanien.jpg","width":818,"height":200,"caption":"FINDE DEIN SPONTANIEN - Reisen g\u00fcnstig buchen"},"image":{"@id":"https:\/\/www.ihr-ferienpartner.de\/mobil\/#\/schema\/logo\/image\/"}}]}},"_links":{"self":[{"href":"https:\/\/www.ihr-ferienpartner.de\/mobil\/wp-json\/wp\/v2\/pages\/239"}],"collection":[{"href":"https:\/\/www.ihr-ferienpartner.de\/mobil\/wp-json\/wp\/v2\/pages"}],"about":[{"href":"https:\/\/www.ihr-ferienpartner.de\/mobil\/wp-json\/wp\/v2\/types\/page"}],"author":[{"embeddable":true,"href":"https:\/\/www.ihr-ferienpartner.de\/mobil\/wp-json\/wp\/v2\/users\/1"}],"replies":[{"embeddable":true,"href":"https:\/\/www.ihr-ferienpartner.de\/mobil\/wp-json\/wp\/v2\/comments?post=239"}],"version-history":[{"count":54,"href":"https:\/\/www.ihr-ferienpartner.de\/mobil\/wp-json\/wp\/v2\/pages\/239\/revisions"}],"predecessor-version":[{"id":5278,"href":"https:\/\/www.ihr-ferienpartner.de\/mobil\/wp-json\/wp\/v2\/pages\/239\/revisions\/5278"}],"wp:attachment":[{"href":"https:\/\/www.ihr-ferienpartner.de\/mobil\/wp-json\/wp\/v2\/media?parent=239"}],"curies":[{"name":"wp","href":"https:\/\/api.w.org\/{rel}","templated":true}]}}