{"id":2467,"date":"2024-07-15T16:33:33","date_gmt":"2024-07-15T14:33:33","guid":{"rendered":"http:\/\/www.ihr-ferienpartner.de\/mobil\/?page_id=2467"},"modified":"2024-07-15T16:33:34","modified_gmt":"2024-07-15T14:33:34","slug":"vantaris-palace","status":"publish","type":"page","link":"https:\/\/www.ihr-ferienpartner.de\/mobil\/vantaris-palace\/","title":{"rendered":"Vantaris Palace"},"content":{"rendered":"<div style=\"background-color: rgba(255,255,255,1);\">\n<div style=\"background-color: #ffffff; padding: 20px 20px 20px 20px;\">\n<h1>Vantaris Palace<\/h1>\n<p>Kavros (Kreta)<\/p>\n<p><img decoding=\"async\" src=\"https:\/\/www.ihr-ferienpartner.de\/Angebot\/VantarisPalace.jpg\" alt=\"Urlaub im Hotel Vantaris Palace g\u00fcnstig buchen\" title=\"Reisen nach Kreta ins Hotel Vantaris Palace\"><br \/>\n<font size=\"-1\"><b><font color=\"b62b31\">Unser Hotel-Tipp<\/font><\/b> &#8211; Das sehr beliebte Hotel liegt direkt am kilometerlangen Sandstrand &#8222;Kavros Beach&#8220; bei Georgioupolis zwischen Rethymnon und Chania. Ein sch\u00f6n angelegter Garten, eine Strandbar, eine gesch\u00fctzte Poolterrasse und eine gute K\u00fcche zeichnen das Hotel aus.<\/font><\/p>\n<hr>\n<p><font size=\"-1\"><b><font color=\"b62b31\">weitere Hotel-Tipps auf Kreta:<\/font><\/b> <a href=\"https:\/\/www.ihr-ferienpartner.de\/mobil\/nana-beach\/\">Nana Beach, Chersonissos<\/a> &#8211; <a href=\"https:\/\/www.ihr-ferienpartner.de\/mobil\/alexander-beach\/\">Alexander Beach, Malia<\/a> &#8211; <a href=\"https:\/\/www.ihr-ferienpartner.de\/mobil\/magic-life-candia-maris\/\">MAGIC LIFE Candia Maris, Amoudara<\/a> &#8211; <a href=\"https:\/\/www.ihr-ferienpartner.de\/mobil\/robinson-club-ierapetra\/\">ROBINSON Club Ierapetra, Koutsounari<\/a><br \/>\n<b><font color=\"b62b31\">alle Hotels auf:<\/font><\/b> <a href=\"https:\/\/www.ihr-ferienpartner.de\/mobil\/kreta\">Kreta &gt;&gt;<\/a><\/font><\/p>\n<hr>\n<div id=\"ypsnet-ibe\" data-src=\"https:\/\/b2b.specials.de\/index\/jump\/119\/2780\/991880\/?action=dates&amp;regionId=46&amp;from=15&amp;to=316&amp;duration=7-7&amp;maxPrice=5000&amp;adults=2&amp;giataId=23587\"><\/div>\n<p><script src=\"https:\/\/webmedia.ypsilon.net\/spl_js\/ypsnet-ibe.js\"><\/script><\/p>\n<\/div>\n<div style=\"background-color: #ffffff; padding: 20px 20px 20px 20px;\">\n<hr>\n<p><b>Griechenland Urlaub im Vantaris Palace bei Georgioupolis:<\/b><br \/>\nBuchen Sie Ihre Kreta-Reise und profitieren Sie u.a. vom Anbieter-Preisvergleich und Hotel-Rankings aus \u00fcber 1.000.000 authentischen Hotelbewertungen.<\/p>\n<p><img decoding=\"async\" src=\"https:\/\/www.ihr-ferienpartner.de\/Angebot\/Anbietervergleich.jpg\" alt=\"Reisen nach Kreta ins Vantaris Palace\" title=\"Reisen nach Kreta, Hotel Vantaris Palace\"><\/p>\n<\/div>\n<\/div>\n","protected":false},"excerpt":{"rendered":"<p>Vantaris Palace Kavros (Kreta) Unser Hotel-Tipp &#8211; Das sehr beliebte Hotel liegt direkt am kilometerlangen Sandstrand &#8222;Kavros Beach&#8220; bei Georgioupolis zwischen Rethymnon und Chania. Ein sch\u00f6n angelegter Garten, eine Strandbar, eine gesch\u00fctzte Poolterrasse und eine gute K\u00fcche zeichnen das Hotel aus. weitere Hotel-Tipps auf Kreta: Nana Beach, Chersonissos &#8211; Alexander Beach, Malia &#8211; MAGIC LIFE [&hellip;]<\/p>\n","protected":false},"author":1,"featured_media":0,"parent":0,"menu_order":0,"comment_status":"closed","ping_status":"closed","template":"","meta":{"footnotes":""},"yoast_head":"<!-- This site is optimized with the Yoast SEO plugin v22.8 - https:\/\/yoast.com\/wordpress\/plugins\/seo\/ -->\n<title>Vantaris Palace, Kavros - Kreta Reisen g\u00fcnstig buchen!<\/title>\n<meta name=\"description\" content=\"Urlaub auf Kreta mit Anbieter-Preisvergleich, Last Minute- &amp; Fr\u00fchbucher-Rabatten, Hotelbewertungen, flexiblen Terminen &amp; Abflughafen.\" \/>\n<meta name=\"robots\" content=\"index, follow, max-snippet:-1, max-image-preview:large, max-video-preview:-1\" \/>\n<link rel=\"canonical\" href=\"https:\/\/www.ihr-ferienpartner.de\/mobil\/vantaris-palace\/\" \/>\n<meta property=\"og:locale\" content=\"de_DE\" \/>\n<meta property=\"og:type\" content=\"article\" \/>\n<meta property=\"og:title\" content=\"Vantaris Palace, Kavros - Kreta Reisen g\u00fcnstig buchen!\" \/>\n<meta property=\"og:description\" content=\"Urlaub auf Kreta mit Anbieter-Preisvergleich, Last Minute- &amp; Fr\u00fchbucher-Rabatten, Hotelbewertungen, flexiblen Terminen &amp; Abflughafen.\" \/>\n<meta property=\"og:url\" content=\"https:\/\/www.ihr-ferienpartner.de\/mobil\/vantaris-palace\/\" \/>\n<meta property=\"og:site_name\" content=\"FINDE DEIN SPONTANIEN - Reisen g\u00fcnstig buchen\" \/>\n<meta property=\"article:modified_time\" content=\"2024-07-15T14:33:34+00:00\" \/>\n<meta property=\"og:image\" content=\"https:\/\/www.ihr-ferienpartner.de\/Angebot\/VantarisPalace.jpg\" \/>\n<meta name=\"twitter:card\" content=\"summary_large_image\" \/>\n<meta name=\"twitter:label1\" content=\"Gesch\u00e4tzte Lesezeit\" \/>\n\t<meta name=\"twitter:data1\" content=\"1\u00a0Minute\" \/>\n<script type=\"application\/ld+json\" class=\"yoast-schema-graph\">{\"@context\":\"https:\/\/schema.org\",\"@graph\":[{\"@type\":\"WebPage\",\"@id\":\"https:\/\/www.ihr-ferienpartner.de\/mobil\/vantaris-palace\/\",\"url\":\"https:\/\/www.ihr-ferienpartner.de\/mobil\/vantaris-palace\/\",\"name\":\"Vantaris Palace, Kavros - Kreta Reisen g\u00fcnstig buchen!\",\"isPartOf\":{\"@id\":\"https:\/\/www.ihr-ferienpartner.de\/mobil\/#website\"},\"primaryImageOfPage\":{\"@id\":\"https:\/\/www.ihr-ferienpartner.de\/mobil\/vantaris-palace\/#primaryimage\"},\"image\":{\"@id\":\"https:\/\/www.ihr-ferienpartner.de\/mobil\/vantaris-palace\/#primaryimage\"},\"thumbnailUrl\":\"https:\/\/www.ihr-ferienpartner.de\/Angebot\/VantarisPalace.jpg\",\"datePublished\":\"2024-07-15T14:33:33+00:00\",\"dateModified\":\"2024-07-15T14:33:34+00:00\",\"description\":\"Urlaub auf Kreta mit Anbieter-Preisvergleich, Last Minute- & Fr\u00fchbucher-Rabatten, Hotelbewertungen, flexiblen Terminen & Abflughafen.\",\"breadcrumb\":{\"@id\":\"https:\/\/www.ihr-ferienpartner.de\/mobil\/vantaris-palace\/#breadcrumb\"},\"inLanguage\":\"de\",\"potentialAction\":[{\"@type\":\"ReadAction\",\"target\":[\"https:\/\/www.ihr-ferienpartner.de\/mobil\/vantaris-palace\/\"]}]},{\"@type\":\"ImageObject\",\"inLanguage\":\"de\",\"@id\":\"https:\/\/www.ihr-ferienpartner.de\/mobil\/vantaris-palace\/#primaryimage\",\"url\":\"https:\/\/www.ihr-ferienpartner.de\/Angebot\/VantarisPalace.jpg\",\"contentUrl\":\"https:\/\/www.ihr-ferienpartner.de\/Angebot\/VantarisPalace.jpg\"},{\"@type\":\"BreadcrumbList\",\"@id\":\"https:\/\/www.ihr-ferienpartner.de\/mobil\/vantaris-palace\/#breadcrumb\",\"itemListElement\":[{\"@type\":\"ListItem\",\"position\":1,\"name\":\"Startseite\",\"item\":\"https:\/\/www.ihr-ferienpartner.de\/mobil\/\"},{\"@type\":\"ListItem\",\"position\":2,\"name\":\"Vantaris Palace\"}]},{\"@type\":\"WebSite\",\"@id\":\"https:\/\/www.ihr-ferienpartner.de\/mobil\/#website\",\"url\":\"https:\/\/www.ihr-ferienpartner.de\/mobil\/\",\"name\":\"FINDE DEIN SPONTANIEN - Reisen g\u00fcnstig buchen\",\"description\":\"Flugreisen im Preisvergleich mit flexiblen Terminen &amp; Abflughafen.\",\"publisher\":{\"@id\":\"https:\/\/www.ihr-ferienpartner.de\/mobil\/#organization\"},\"potentialAction\":[{\"@type\":\"SearchAction\",\"target\":{\"@type\":\"EntryPoint\",\"urlTemplate\":\"https:\/\/www.ihr-ferienpartner.de\/mobil\/?s={search_term_string}\"},\"query-input\":\"required name=search_term_string\"}],\"inLanguage\":\"de\"},{\"@type\":\"Organization\",\"@id\":\"https:\/\/www.ihr-ferienpartner.de\/mobil\/#organization\",\"name\":\"FINDE DEIN SPONTANIEN - Reisen g\u00fcnstig buchen\",\"url\":\"https:\/\/www.ihr-ferienpartner.de\/mobil\/\",\"logo\":{\"@type\":\"ImageObject\",\"inLanguage\":\"de\",\"@id\":\"https:\/\/www.ihr-ferienpartner.de\/mobil\/#\/schema\/logo\/image\/\",\"url\":\"https:\/\/www.ihr-ferienpartner.de\/mobil\/wp-content\/uploads\/2019\/10\/spontanien.jpg\",\"contentUrl\":\"https:\/\/www.ihr-ferienpartner.de\/mobil\/wp-content\/uploads\/2019\/10\/spontanien.jpg\",\"width\":818,\"height\":200,\"caption\":\"FINDE DEIN SPONTANIEN - Reisen g\u00fcnstig buchen\"},\"image\":{\"@id\":\"https:\/\/www.ihr-ferienpartner.de\/mobil\/#\/schema\/logo\/image\/\"}}]}<\/script>\n<!-- \/ Yoast SEO plugin. -->","yoast_head_json":{"title":"Vantaris Palace, Kavros - Kreta Reisen g\u00fcnstig buchen!","description":"Urlaub auf Kreta mit Anbieter-Preisvergleich, Last Minute- & Fr\u00fchbucher-Rabatten, Hotelbewertungen, flexiblen Terminen & Abflughafen.","robots":{"index":"index","follow":"follow","max-snippet":"max-snippet:-1","max-image-preview":"max-image-preview:large","max-video-preview":"max-video-preview:-1"},"canonical":"https:\/\/www.ihr-ferienpartner.de\/mobil\/vantaris-palace\/","og_locale":"de_DE","og_type":"article","og_title":"Vantaris Palace, Kavros - Kreta Reisen g\u00fcnstig buchen!","og_description":"Urlaub auf Kreta mit Anbieter-Preisvergleich, Last Minute- & Fr\u00fchbucher-Rabatten, Hotelbewertungen, flexiblen Terminen & Abflughafen.","og_url":"https:\/\/www.ihr-ferienpartner.de\/mobil\/vantaris-palace\/","og_site_name":"FINDE DEIN SPONTANIEN - Reisen g\u00fcnstig buchen","article_modified_time":"2024-07-15T14:33:34+00:00","og_image":[{"url":"https:\/\/www.ihr-ferienpartner.de\/Angebot\/VantarisPalace.jpg"}],"twitter_card":"summary_large_image","twitter_misc":{"Gesch\u00e4tzte Lesezeit":"1\u00a0Minute"},"schema":{"@context":"https:\/\/schema.org","@graph":[{"@type":"WebPage","@id":"https:\/\/www.ihr-ferienpartner.de\/mobil\/vantaris-palace\/","url":"https:\/\/www.ihr-ferienpartner.de\/mobil\/vantaris-palace\/","name":"Vantaris Palace, Kavros - Kreta Reisen g\u00fcnstig buchen!","isPartOf":{"@id":"https:\/\/www.ihr-ferienpartner.de\/mobil\/#website"},"primaryImageOfPage":{"@id":"https:\/\/www.ihr-ferienpartner.de\/mobil\/vantaris-palace\/#primaryimage"},"image":{"@id":"https:\/\/www.ihr-ferienpartner.de\/mobil\/vantaris-palace\/#primaryimage"},"thumbnailUrl":"https:\/\/www.ihr-ferienpartner.de\/Angebot\/VantarisPalace.jpg","datePublished":"2024-07-15T14:33:33+00:00","dateModified":"2024-07-15T14:33:34+00:00","description":"Urlaub auf Kreta mit Anbieter-Preisvergleich, Last Minute- & Fr\u00fchbucher-Rabatten, Hotelbewertungen, flexiblen Terminen & Abflughafen.","breadcrumb":{"@id":"https:\/\/www.ihr-ferienpartner.de\/mobil\/vantaris-palace\/#breadcrumb"},"inLanguage":"de","potentialAction":[{"@type":"ReadAction","target":["https:\/\/www.ihr-ferienpartner.de\/mobil\/vantaris-palace\/"]}]},{"@type":"ImageObject","inLanguage":"de","@id":"https:\/\/www.ihr-ferienpartner.de\/mobil\/vantaris-palace\/#primaryimage","url":"https:\/\/www.ihr-ferienpartner.de\/Angebot\/VantarisPalace.jpg","contentUrl":"https:\/\/www.ihr-ferienpartner.de\/Angebot\/VantarisPalace.jpg"},{"@type":"BreadcrumbList","@id":"https:\/\/www.ihr-ferienpartner.de\/mobil\/vantaris-palace\/#breadcrumb","itemListElement":[{"@type":"ListItem","position":1,"name":"Startseite","item":"https:\/\/www.ihr-ferienpartner.de\/mobil\/"},{"@type":"ListItem","position":2,"name":"Vantaris Palace"}]},{"@type":"WebSite","@id":"https:\/\/www.ihr-ferienpartner.de\/mobil\/#website","url":"https:\/\/www.ihr-ferienpartner.de\/mobil\/","name":"FINDE DEIN SPONTANIEN - Reisen g\u00fcnstig buchen","description":"Flugreisen im Preisvergleich mit flexiblen Terminen &amp; Abflughafen.","publisher":{"@id":"https:\/\/www.ihr-ferienpartner.de\/mobil\/#organization"},"potentialAction":[{"@type":"SearchAction","target":{"@type":"EntryPoint","urlTemplate":"https:\/\/www.ihr-ferienpartner.de\/mobil\/?s={search_term_string}"},"query-input":"required name=search_term_string"}],"inLanguage":"de"},{"@type":"Organization","@id":"https:\/\/www.ihr-ferienpartner.de\/mobil\/#organization","name":"FINDE DEIN SPONTANIEN - Reisen g\u00fcnstig buchen","url":"https:\/\/www.ihr-ferienpartner.de\/mobil\/","logo":{"@type":"ImageObject","inLanguage":"de","@id":"https:\/\/www.ihr-ferienpartner.de\/mobil\/#\/schema\/logo\/image\/","url":"https:\/\/www.ihr-ferienpartner.de\/mobil\/wp-content\/uploads\/2019\/10\/spontanien.jpg","contentUrl":"https:\/\/www.ihr-ferienpartner.de\/mobil\/wp-content\/uploads\/2019\/10\/spontanien.jpg","width":818,"height":200,"caption":"FINDE DEIN SPONTANIEN - Reisen g\u00fcnstig buchen"},"image":{"@id":"https:\/\/www.ihr-ferienpartner.de\/mobil\/#\/schema\/logo\/image\/"}}]}},"_links":{"self":[{"href":"https:\/\/www.ihr-ferienpartner.de\/mobil\/wp-json\/wp\/v2\/pages\/2467"}],"collection":[{"href":"https:\/\/www.ihr-ferienpartner.de\/mobil\/wp-json\/wp\/v2\/pages"}],"about":[{"href":"https:\/\/www.ihr-ferienpartner.de\/mobil\/wp-json\/wp\/v2\/types\/page"}],"author":[{"embeddable":true,"href":"https:\/\/www.ihr-ferienpartner.de\/mobil\/wp-json\/wp\/v2\/users\/1"}],"replies":[{"embeddable":true,"href":"https:\/\/www.ihr-ferienpartner.de\/mobil\/wp-json\/wp\/v2\/comments?post=2467"}],"version-history":[{"count":14,"href":"https:\/\/www.ihr-ferienpartner.de\/mobil\/wp-json\/wp\/v2\/pages\/2467\/revisions"}],"predecessor-version":[{"id":5720,"href":"https:\/\/www.ihr-ferienpartner.de\/mobil\/wp-json\/wp\/v2\/pages\/2467\/revisions\/5720"}],"wp:attachment":[{"href":"https:\/\/www.ihr-ferienpartner.de\/mobil\/wp-json\/wp\/v2\/media?parent=2467"}],"curies":[{"name":"wp","href":"https:\/\/api.w.org\/{rel}","templated":true}]}}