{"id":2495,"date":"2024-06-17T13:01:45","date_gmt":"2024-06-17T11:01:45","guid":{"rendered":"http:\/\/www.ihr-ferienpartner.de\/mobil\/?page_id=2495"},"modified":"2024-06-17T13:01:46","modified_gmt":"2024-06-17T11:01:46","slug":"magic-life-waterworld","status":"publish","type":"page","link":"https:\/\/www.ihr-ferienpartner.de\/mobil\/magic-life-waterworld\/","title":{"rendered":"Aquaworld Belek"},"content":{"rendered":"<div style=\"background-color: rgba(255,255,255,1);\">\n<div style=\"background-color: #ffffff; padding: 20px 20px 20px 20px;\">\n<h1>Aquaworld Belek (T\u00fcrkei)<\/h1>\n<p>ehemals TUI MAGIC LIFE Waterworld<\/p>\n<p><img decoding=\"async\" src=\"https:\/\/www.ihr-ferienpartner.de\/Angebot\/Tuerkei.jpg\" alt=\"Willkommen auf der Aquaworld Belek-Webseite von ihr-ferienpartner.de\" title=\"all inclusive Cluburlaub in die T\u00fcrkei in den Aquaworld Belek\"><br \/>\nDie besonders f\u00fcr seine Wasserrutschen und Poolanlagen bekannte Anlage bietet unbeschwerten all inclusive-Cluburlaub direkt am Strand von Belek. Der bisher sehr beliebte Club l\u00e4uft nicht mehr unter der Clubmarke TUI MAGIC LIFE (MAGIC LIFE WATERWORLD), da der Vertrag mit dem P\u00e4chter zum Ende der Saison 2019 ausgelaufen ist und so tritt die Anlage nun unter dem Namen <b>&#8222;Aquaworld Belek&#8220;<\/b> auf.<\/p>\n<hr>\n<p><font color=\"b62b31\"><b>ALTERNATIVE MAGIC LIFE CLUBS<\/b> IN DER T\u00dcRKEI:<\/font> <a href=\"https:\/\/www.ihr-ferienpartner.de\/mobil\/magic-life-sarigerme\/\">SARIGERME &gt;&gt;<\/a> &#8211; <a href=\"https:\/\/www.ihr-ferienpartner.de\/mobil\/magic-life-masmavi\/\">MASMAVI &gt;&gt;<\/a> &#8211; <a href=\"https:\/\/www.ihr-ferienpartner.de\/mobil\/magic-life-jacaranda\/\">JACARANDA &gt;&gt;<\/a> &#8211; <a href=\"https:\/\/www.ihr-ferienpartner.de\/mobil\/magic-life-bodrum\/\">BODRUM &gt;&gt;<\/a><br \/>\n<font color=\"b62b31\">alle Hotels in der:<\/font> <a href=\"https:\/\/www.ihr-ferienpartner.de\/mobil\/tuerkei\">T\u00fcrkei &gt;&gt;<\/a><\/p>\n<hr>\n<div id=\"ypsnet-ibe\" data-src=\"https:\/\/b2b.specials.de\/index\/jump\/119\/2780\/991880\/?action=dates&amp;from=15&amp;to=316&amp;duration=7-7&amp;maxPrice=5000&amp;adults=2&amp;giataId=4720\"><\/div>\n<p><script src=\"https:\/\/webmedia.ypsilon.net\/spl_js\/ypsnet-ibe.js\"><\/script><\/p>\n<\/div>\n<div style=\"background-color: #ffffff; padding: 20px 20px 20px 20px;\">\n<hr>\n<p><b>Traumurlaub im Club Aquaworld Belek:<\/b><br \/>\nBuchen Sie Ihre T\u00fcrkei-Reise und profitieren Sie u.a. vom Anbieter-Preisvergleich und Hotel-Rankings aus \u00fcber 1.000.000 authentischen Hotelbewertungen.<\/p>\n<p><img decoding=\"async\" src=\"https:\/\/www.ihr-ferienpartner.de\/Angebot\/Anbietervergleich.jpg\" alt=\"Reisen in den Aquaworld Belek\" title=\"Reisen in den TUI Aquaworld Belek (T\u00fcrkei)\"><\/p>\n<\/div>\n<\/div>\n","protected":false},"excerpt":{"rendered":"<p>Aquaworld Belek (T\u00fcrkei) ehemals TUI MAGIC LIFE Waterworld Die besonders f\u00fcr seine Wasserrutschen und Poolanlagen bekannte Anlage bietet unbeschwerten all inclusive-Cluburlaub direkt am Strand von Belek. Der bisher sehr beliebte Club l\u00e4uft nicht mehr unter der Clubmarke TUI MAGIC LIFE (MAGIC LIFE WATERWORLD), da der Vertrag mit dem P\u00e4chter zum Ende der Saison 2019 ausgelaufen [&hellip;]<\/p>\n","protected":false},"author":1,"featured_media":0,"parent":0,"menu_order":0,"comment_status":"closed","ping_status":"closed","template":"","meta":{"footnotes":""},"yoast_head":"<!-- This site is optimized with the Yoast SEO plugin v22.8 - https:\/\/yoast.com\/wordpress\/plugins\/seo\/ -->\n<title>AQUAWORLD BELEK - all inclusive Cluburlaub g\u00fcnstig buchen!<\/title>\n<meta name=\"description\" content=\"T\u00fcrkei-Flugreisen clever buchen: Fr\u00fchbucher- &amp; Last Minute-Rabatte, flexible Reisetermine, Bewertungen &amp; ab allen relevanten Flughafen.\" \/>\n<meta name=\"robots\" content=\"index, follow, max-snippet:-1, max-image-preview:large, max-video-preview:-1\" \/>\n<link rel=\"canonical\" href=\"https:\/\/www.ihr-ferienpartner.de\/mobil\/magic-life-waterworld\/\" \/>\n<meta property=\"og:locale\" content=\"de_DE\" \/>\n<meta property=\"og:type\" content=\"article\" \/>\n<meta property=\"og:title\" content=\"AQUAWORLD BELEK - all inclusive Cluburlaub g\u00fcnstig buchen!\" \/>\n<meta property=\"og:description\" content=\"T\u00fcrkei-Flugreisen clever buchen: Fr\u00fchbucher- &amp; Last Minute-Rabatte, flexible Reisetermine, Bewertungen &amp; ab allen relevanten Flughafen.\" \/>\n<meta property=\"og:url\" content=\"https:\/\/www.ihr-ferienpartner.de\/mobil\/magic-life-waterworld\/\" \/>\n<meta property=\"og:site_name\" content=\"FINDE DEIN SPONTANIEN - Reisen g\u00fcnstig buchen\" \/>\n<meta property=\"article:modified_time\" content=\"2024-06-17T11:01:46+00:00\" \/>\n<meta property=\"og:image\" content=\"https:\/\/www.ihr-ferienpartner.de\/Angebot\/Tuerkei.jpg\" \/>\n<meta name=\"twitter:card\" content=\"summary_large_image\" \/>\n<meta name=\"twitter:label1\" content=\"Gesch\u00e4tzte Lesezeit\" \/>\n\t<meta name=\"twitter:data1\" content=\"1\u00a0Minute\" \/>\n<script type=\"application\/ld+json\" class=\"yoast-schema-graph\">{\"@context\":\"https:\/\/schema.org\",\"@graph\":[{\"@type\":\"WebPage\",\"@id\":\"https:\/\/www.ihr-ferienpartner.de\/mobil\/magic-life-waterworld\/\",\"url\":\"https:\/\/www.ihr-ferienpartner.de\/mobil\/magic-life-waterworld\/\",\"name\":\"AQUAWORLD BELEK - all inclusive Cluburlaub g\u00fcnstig buchen!\",\"isPartOf\":{\"@id\":\"https:\/\/www.ihr-ferienpartner.de\/mobil\/#website\"},\"primaryImageOfPage\":{\"@id\":\"https:\/\/www.ihr-ferienpartner.de\/mobil\/magic-life-waterworld\/#primaryimage\"},\"image\":{\"@id\":\"https:\/\/www.ihr-ferienpartner.de\/mobil\/magic-life-waterworld\/#primaryimage\"},\"thumbnailUrl\":\"https:\/\/www.ihr-ferienpartner.de\/Angebot\/Tuerkei.jpg\",\"datePublished\":\"2024-06-17T11:01:45+00:00\",\"dateModified\":\"2024-06-17T11:01:46+00:00\",\"description\":\"T\u00fcrkei-Flugreisen clever buchen: Fr\u00fchbucher- & Last Minute-Rabatte, flexible Reisetermine, Bewertungen & ab allen relevanten Flughafen.\",\"breadcrumb\":{\"@id\":\"https:\/\/www.ihr-ferienpartner.de\/mobil\/magic-life-waterworld\/#breadcrumb\"},\"inLanguage\":\"de\",\"potentialAction\":[{\"@type\":\"ReadAction\",\"target\":[\"https:\/\/www.ihr-ferienpartner.de\/mobil\/magic-life-waterworld\/\"]}]},{\"@type\":\"ImageObject\",\"inLanguage\":\"de\",\"@id\":\"https:\/\/www.ihr-ferienpartner.de\/mobil\/magic-life-waterworld\/#primaryimage\",\"url\":\"https:\/\/www.ihr-ferienpartner.de\/Angebot\/Tuerkei.jpg\",\"contentUrl\":\"https:\/\/www.ihr-ferienpartner.de\/Angebot\/Tuerkei.jpg\"},{\"@type\":\"BreadcrumbList\",\"@id\":\"https:\/\/www.ihr-ferienpartner.de\/mobil\/magic-life-waterworld\/#breadcrumb\",\"itemListElement\":[{\"@type\":\"ListItem\",\"position\":1,\"name\":\"Startseite\",\"item\":\"https:\/\/www.ihr-ferienpartner.de\/mobil\/\"},{\"@type\":\"ListItem\",\"position\":2,\"name\":\"Aquaworld Belek\"}]},{\"@type\":\"WebSite\",\"@id\":\"https:\/\/www.ihr-ferienpartner.de\/mobil\/#website\",\"url\":\"https:\/\/www.ihr-ferienpartner.de\/mobil\/\",\"name\":\"FINDE DEIN SPONTANIEN - Reisen g\u00fcnstig buchen\",\"description\":\"Flugreisen im Preisvergleich mit flexiblen Terminen &amp; Abflughafen.\",\"publisher\":{\"@id\":\"https:\/\/www.ihr-ferienpartner.de\/mobil\/#organization\"},\"potentialAction\":[{\"@type\":\"SearchAction\",\"target\":{\"@type\":\"EntryPoint\",\"urlTemplate\":\"https:\/\/www.ihr-ferienpartner.de\/mobil\/?s={search_term_string}\"},\"query-input\":\"required name=search_term_string\"}],\"inLanguage\":\"de\"},{\"@type\":\"Organization\",\"@id\":\"https:\/\/www.ihr-ferienpartner.de\/mobil\/#organization\",\"name\":\"FINDE DEIN SPONTANIEN - Reisen g\u00fcnstig buchen\",\"url\":\"https:\/\/www.ihr-ferienpartner.de\/mobil\/\",\"logo\":{\"@type\":\"ImageObject\",\"inLanguage\":\"de\",\"@id\":\"https:\/\/www.ihr-ferienpartner.de\/mobil\/#\/schema\/logo\/image\/\",\"url\":\"https:\/\/www.ihr-ferienpartner.de\/mobil\/wp-content\/uploads\/2019\/10\/spontanien.jpg\",\"contentUrl\":\"https:\/\/www.ihr-ferienpartner.de\/mobil\/wp-content\/uploads\/2019\/10\/spontanien.jpg\",\"width\":818,\"height\":200,\"caption\":\"FINDE DEIN SPONTANIEN - Reisen g\u00fcnstig buchen\"},\"image\":{\"@id\":\"https:\/\/www.ihr-ferienpartner.de\/mobil\/#\/schema\/logo\/image\/\"}}]}<\/script>\n<!-- \/ Yoast SEO plugin. -->","yoast_head_json":{"title":"AQUAWORLD BELEK - all inclusive Cluburlaub g\u00fcnstig buchen!","description":"T\u00fcrkei-Flugreisen clever buchen: Fr\u00fchbucher- & Last Minute-Rabatte, flexible Reisetermine, Bewertungen & ab allen relevanten Flughafen.","robots":{"index":"index","follow":"follow","max-snippet":"max-snippet:-1","max-image-preview":"max-image-preview:large","max-video-preview":"max-video-preview:-1"},"canonical":"https:\/\/www.ihr-ferienpartner.de\/mobil\/magic-life-waterworld\/","og_locale":"de_DE","og_type":"article","og_title":"AQUAWORLD BELEK - all inclusive Cluburlaub g\u00fcnstig buchen!","og_description":"T\u00fcrkei-Flugreisen clever buchen: Fr\u00fchbucher- & Last Minute-Rabatte, flexible Reisetermine, Bewertungen & ab allen relevanten Flughafen.","og_url":"https:\/\/www.ihr-ferienpartner.de\/mobil\/magic-life-waterworld\/","og_site_name":"FINDE DEIN SPONTANIEN - Reisen g\u00fcnstig buchen","article_modified_time":"2024-06-17T11:01:46+00:00","og_image":[{"url":"https:\/\/www.ihr-ferienpartner.de\/Angebot\/Tuerkei.jpg"}],"twitter_card":"summary_large_image","twitter_misc":{"Gesch\u00e4tzte Lesezeit":"1\u00a0Minute"},"schema":{"@context":"https:\/\/schema.org","@graph":[{"@type":"WebPage","@id":"https:\/\/www.ihr-ferienpartner.de\/mobil\/magic-life-waterworld\/","url":"https:\/\/www.ihr-ferienpartner.de\/mobil\/magic-life-waterworld\/","name":"AQUAWORLD BELEK - all inclusive Cluburlaub g\u00fcnstig buchen!","isPartOf":{"@id":"https:\/\/www.ihr-ferienpartner.de\/mobil\/#website"},"primaryImageOfPage":{"@id":"https:\/\/www.ihr-ferienpartner.de\/mobil\/magic-life-waterworld\/#primaryimage"},"image":{"@id":"https:\/\/www.ihr-ferienpartner.de\/mobil\/magic-life-waterworld\/#primaryimage"},"thumbnailUrl":"https:\/\/www.ihr-ferienpartner.de\/Angebot\/Tuerkei.jpg","datePublished":"2024-06-17T11:01:45+00:00","dateModified":"2024-06-17T11:01:46+00:00","description":"T\u00fcrkei-Flugreisen clever buchen: Fr\u00fchbucher- & Last Minute-Rabatte, flexible Reisetermine, Bewertungen & ab allen relevanten Flughafen.","breadcrumb":{"@id":"https:\/\/www.ihr-ferienpartner.de\/mobil\/magic-life-waterworld\/#breadcrumb"},"inLanguage":"de","potentialAction":[{"@type":"ReadAction","target":["https:\/\/www.ihr-ferienpartner.de\/mobil\/magic-life-waterworld\/"]}]},{"@type":"ImageObject","inLanguage":"de","@id":"https:\/\/www.ihr-ferienpartner.de\/mobil\/magic-life-waterworld\/#primaryimage","url":"https:\/\/www.ihr-ferienpartner.de\/Angebot\/Tuerkei.jpg","contentUrl":"https:\/\/www.ihr-ferienpartner.de\/Angebot\/Tuerkei.jpg"},{"@type":"BreadcrumbList","@id":"https:\/\/www.ihr-ferienpartner.de\/mobil\/magic-life-waterworld\/#breadcrumb","itemListElement":[{"@type":"ListItem","position":1,"name":"Startseite","item":"https:\/\/www.ihr-ferienpartner.de\/mobil\/"},{"@type":"ListItem","position":2,"name":"Aquaworld Belek"}]},{"@type":"WebSite","@id":"https:\/\/www.ihr-ferienpartner.de\/mobil\/#website","url":"https:\/\/www.ihr-ferienpartner.de\/mobil\/","name":"FINDE DEIN SPONTANIEN - Reisen g\u00fcnstig buchen","description":"Flugreisen im Preisvergleich mit flexiblen Terminen &amp; Abflughafen.","publisher":{"@id":"https:\/\/www.ihr-ferienpartner.de\/mobil\/#organization"},"potentialAction":[{"@type":"SearchAction","target":{"@type":"EntryPoint","urlTemplate":"https:\/\/www.ihr-ferienpartner.de\/mobil\/?s={search_term_string}"},"query-input":"required name=search_term_string"}],"inLanguage":"de"},{"@type":"Organization","@id":"https:\/\/www.ihr-ferienpartner.de\/mobil\/#organization","name":"FINDE DEIN SPONTANIEN - Reisen g\u00fcnstig buchen","url":"https:\/\/www.ihr-ferienpartner.de\/mobil\/","logo":{"@type":"ImageObject","inLanguage":"de","@id":"https:\/\/www.ihr-ferienpartner.de\/mobil\/#\/schema\/logo\/image\/","url":"https:\/\/www.ihr-ferienpartner.de\/mobil\/wp-content\/uploads\/2019\/10\/spontanien.jpg","contentUrl":"https:\/\/www.ihr-ferienpartner.de\/mobil\/wp-content\/uploads\/2019\/10\/spontanien.jpg","width":818,"height":200,"caption":"FINDE DEIN SPONTANIEN - Reisen g\u00fcnstig buchen"},"image":{"@id":"https:\/\/www.ihr-ferienpartner.de\/mobil\/#\/schema\/logo\/image\/"}}]}},"_links":{"self":[{"href":"https:\/\/www.ihr-ferienpartner.de\/mobil\/wp-json\/wp\/v2\/pages\/2495"}],"collection":[{"href":"https:\/\/www.ihr-ferienpartner.de\/mobil\/wp-json\/wp\/v2\/pages"}],"about":[{"href":"https:\/\/www.ihr-ferienpartner.de\/mobil\/wp-json\/wp\/v2\/types\/page"}],"author":[{"embeddable":true,"href":"https:\/\/www.ihr-ferienpartner.de\/mobil\/wp-json\/wp\/v2\/users\/1"}],"replies":[{"embeddable":true,"href":"https:\/\/www.ihr-ferienpartner.de\/mobil\/wp-json\/wp\/v2\/comments?post=2495"}],"version-history":[{"count":13,"href":"https:\/\/www.ihr-ferienpartner.de\/mobil\/wp-json\/wp\/v2\/pages\/2495\/revisions"}],"predecessor-version":[{"id":5649,"href":"https:\/\/www.ihr-ferienpartner.de\/mobil\/wp-json\/wp\/v2\/pages\/2495\/revisions\/5649"}],"wp:attachment":[{"href":"https:\/\/www.ihr-ferienpartner.de\/mobil\/wp-json\/wp\/v2\/media?parent=2495"}],"curies":[{"name":"wp","href":"https:\/\/api.w.org\/{rel}","templated":true}]}}