{"id":2502,"date":"2024-07-04T15:25:30","date_gmt":"2024-07-04T13:25:30","guid":{"rendered":"http:\/\/www.ihr-ferienpartner.de\/mobil\/?page_id=2502"},"modified":"2024-07-04T15:25:31","modified_gmt":"2024-07-04T13:25:31","slug":"magic-life-jacaranda","status":"publish","type":"page","link":"https:\/\/www.ihr-ferienpartner.de\/mobil\/magic-life-jacaranda\/","title":{"rendered":"MAGIC LIFE JACARANDA"},"content":{"rendered":"<div style=\"background-color: #ffffff; padding: 20px 20px 20px 20px;\">\n<h1>TUI MAGIC LIFE Jacaranda (T\u00fcrkei)<\/h1>\n<p>G\u00fcndogdu, Side &#8211; T\u00fcrkei<\/p>\n<p><img decoding=\"async\" src=\"https:\/\/www.ihr-ferienpartner.de\/Tuerkei\/HotelbildMagicLife.jpg\" alt=\"Urlaub im TUI MAGIC LIFE Jacaranda g\u00fcnstig buchen\" title=\"all inclusive Cluburlaub in die T\u00fcrkei in den TUI MAGIC LIFE Jacaranda\"><\/p>\n<hr>\n<p><font color=\"b62b31\">weitere <b>MAGIC LIFE Clubs<\/b> in der T\u00fcrkei:<\/font> <a href=\"https:\/\/www.ihr-ferienpartner.de\/mobil\/magic-life-sarigerme\/\">SARIGERME &gt;&gt;<\/a> &#8211; <a href=\"https:\/\/www.ihr-ferienpartner.de\/mobil\/magic-life-masmavi\/\">MASMAVI &gt;&gt;<\/a> &#8211; <a href=\"https:\/\/www.ihr-ferienpartner.de\/mobil\/magic-life-belek\/\">BELEK &gt;&gt;<\/a> &#8211; <a href=\"https:\/\/www.ihr-ferienpartner.de\/mobil\/magic-life-bodrum\/\">BODRUM &gt;&gt;<\/a><br \/>\n<font color=\"b62b31\">alle Hotels in der:<\/font> <a href=\"https:\/\/www.ihr-ferienpartner.de\/mobil\/tuerkei\">T\u00fcrkei &gt;&gt;<\/a><\/p>\n<hr>\n<div id=\"ypsnet-ibe\" data-src=\"https:\/\/b2b.specials.de\/index\/jump\/119\/2780\/991880\/?action=dates&amp;from=15&amp;to=316&amp;duration=7-7&amp;maxPrice=5000&amp;adults=2&amp;giataId=365325\"><\/div>\n<p><script src=\"https:\/\/webmedia.ypsilon.net\/spl_js\/ypsnet-ibe.js\"><\/script><\/p>\n<\/div>\n<div style=\"background-color: #ffffff; padding: 20px 20px 20px 20px;\">\n<hr>\n<p><b>Traumurlaub im TUI MAGIC LIFE Jacaranda:<\/b><br \/>\nBuchen Sie Ihre T\u00fcrkei-Reise und profitieren Sie u.a. vom Anbieter-Preisvergleich und Hotel-Rankings aus \u00fcber 1.000.000 authentischen Hotelbewertungen.<\/p>\n<p><img decoding=\"async\" src=\"https:\/\/www.ihr-ferienpartner.de\/Angebot\/Anbietervergleich.jpg\" alt=\"Reisen in den TUI MAGIC LIFE Jacaranda\" title=\"Reisen in den TUI MAGIC LIFE Jacaranda (T\u00fcrkei)\"><\/p>\n<\/div>\n","protected":false},"excerpt":{"rendered":"<p>TUI MAGIC LIFE Jacaranda (T\u00fcrkei) G\u00fcndogdu, Side &#8211; T\u00fcrkei weitere MAGIC LIFE Clubs in der T\u00fcrkei: SARIGERME &gt;&gt; &#8211; MASMAVI &gt;&gt; &#8211; BELEK &gt;&gt; &#8211; BODRUM &gt;&gt; alle Hotels in der: T\u00fcrkei &gt;&gt; Traumurlaub im TUI MAGIC LIFE Jacaranda: Buchen Sie Ihre T\u00fcrkei-Reise und profitieren Sie u.a. vom Anbieter-Preisvergleich und Hotel-Rankings aus \u00fcber 1.000.000 authentischen [&hellip;]<\/p>\n","protected":false},"author":1,"featured_media":0,"parent":0,"menu_order":0,"comment_status":"closed","ping_status":"closed","template":"","meta":{"footnotes":""},"yoast_head":"<!-- This site is optimized with the Yoast SEO plugin v22.8 - https:\/\/yoast.com\/wordpress\/plugins\/seo\/ -->\n<title>MAGIC LIFE JACARANDA - all inclusive Cluburlaub buchen<\/title>\n<meta name=\"description\" content=\"T\u00fcrkei-Reisen g\u00fcnstig buchen: Fr\u00fchbucher- &amp; Last Minute-Rabatte, flexible Reisetermine, Bewertungen &amp; ab allen relevanten Abflughafen.\" \/>\n<meta name=\"robots\" content=\"index, follow, max-snippet:-1, max-image-preview:large, max-video-preview:-1\" \/>\n<link rel=\"canonical\" href=\"https:\/\/www.ihr-ferienpartner.de\/mobil\/magic-life-jacaranda\/\" \/>\n<meta property=\"og:locale\" content=\"de_DE\" \/>\n<meta property=\"og:type\" content=\"article\" \/>\n<meta property=\"og:title\" content=\"MAGIC LIFE JACARANDA - all inclusive Cluburlaub buchen\" \/>\n<meta property=\"og:description\" content=\"T\u00fcrkei-Reisen g\u00fcnstig buchen: Fr\u00fchbucher- &amp; Last Minute-Rabatte, flexible Reisetermine, Bewertungen &amp; ab allen relevanten Abflughafen.\" \/>\n<meta property=\"og:url\" content=\"https:\/\/www.ihr-ferienpartner.de\/mobil\/magic-life-jacaranda\/\" \/>\n<meta property=\"og:site_name\" content=\"FINDE DEIN SPONTANIEN - Reisen g\u00fcnstig buchen\" \/>\n<meta property=\"article:modified_time\" content=\"2024-07-04T13:25:31+00:00\" \/>\n<meta property=\"og:image\" content=\"https:\/\/www.ihr-ferienpartner.de\/Tuerkei\/HotelbildMagicLife.jpg\" \/>\n<meta name=\"twitter:card\" content=\"summary_large_image\" \/>\n<meta name=\"twitter:label1\" content=\"Gesch\u00e4tzte Lesezeit\" \/>\n\t<meta name=\"twitter:data1\" content=\"1\u00a0Minute\" \/>\n<script type=\"application\/ld+json\" class=\"yoast-schema-graph\">{\"@context\":\"https:\/\/schema.org\",\"@graph\":[{\"@type\":\"WebPage\",\"@id\":\"https:\/\/www.ihr-ferienpartner.de\/mobil\/magic-life-jacaranda\/\",\"url\":\"https:\/\/www.ihr-ferienpartner.de\/mobil\/magic-life-jacaranda\/\",\"name\":\"MAGIC LIFE JACARANDA - all inclusive Cluburlaub buchen\",\"isPartOf\":{\"@id\":\"https:\/\/www.ihr-ferienpartner.de\/mobil\/#website\"},\"primaryImageOfPage\":{\"@id\":\"https:\/\/www.ihr-ferienpartner.de\/mobil\/magic-life-jacaranda\/#primaryimage\"},\"image\":{\"@id\":\"https:\/\/www.ihr-ferienpartner.de\/mobil\/magic-life-jacaranda\/#primaryimage\"},\"thumbnailUrl\":\"https:\/\/www.ihr-ferienpartner.de\/Tuerkei\/HotelbildMagicLife.jpg\",\"datePublished\":\"2024-07-04T13:25:30+00:00\",\"dateModified\":\"2024-07-04T13:25:31+00:00\",\"description\":\"T\u00fcrkei-Reisen g\u00fcnstig buchen: Fr\u00fchbucher- & Last Minute-Rabatte, flexible Reisetermine, Bewertungen & ab allen relevanten Abflughafen.\",\"breadcrumb\":{\"@id\":\"https:\/\/www.ihr-ferienpartner.de\/mobil\/magic-life-jacaranda\/#breadcrumb\"},\"inLanguage\":\"de\",\"potentialAction\":[{\"@type\":\"ReadAction\",\"target\":[\"https:\/\/www.ihr-ferienpartner.de\/mobil\/magic-life-jacaranda\/\"]}]},{\"@type\":\"ImageObject\",\"inLanguage\":\"de\",\"@id\":\"https:\/\/www.ihr-ferienpartner.de\/mobil\/magic-life-jacaranda\/#primaryimage\",\"url\":\"https:\/\/www.ihr-ferienpartner.de\/Tuerkei\/HotelbildMagicLife.jpg\",\"contentUrl\":\"https:\/\/www.ihr-ferienpartner.de\/Tuerkei\/HotelbildMagicLife.jpg\"},{\"@type\":\"BreadcrumbList\",\"@id\":\"https:\/\/www.ihr-ferienpartner.de\/mobil\/magic-life-jacaranda\/#breadcrumb\",\"itemListElement\":[{\"@type\":\"ListItem\",\"position\":1,\"name\":\"Startseite\",\"item\":\"https:\/\/www.ihr-ferienpartner.de\/mobil\/\"},{\"@type\":\"ListItem\",\"position\":2,\"name\":\"MAGIC LIFE JACARANDA\"}]},{\"@type\":\"WebSite\",\"@id\":\"https:\/\/www.ihr-ferienpartner.de\/mobil\/#website\",\"url\":\"https:\/\/www.ihr-ferienpartner.de\/mobil\/\",\"name\":\"FINDE DEIN SPONTANIEN - Reisen g\u00fcnstig buchen\",\"description\":\"Flugreisen im Preisvergleich mit flexiblen Terminen &amp; Abflughafen.\",\"publisher\":{\"@id\":\"https:\/\/www.ihr-ferienpartner.de\/mobil\/#organization\"},\"potentialAction\":[{\"@type\":\"SearchAction\",\"target\":{\"@type\":\"EntryPoint\",\"urlTemplate\":\"https:\/\/www.ihr-ferienpartner.de\/mobil\/?s={search_term_string}\"},\"query-input\":\"required name=search_term_string\"}],\"inLanguage\":\"de\"},{\"@type\":\"Organization\",\"@id\":\"https:\/\/www.ihr-ferienpartner.de\/mobil\/#organization\",\"name\":\"FINDE DEIN SPONTANIEN - Reisen g\u00fcnstig buchen\",\"url\":\"https:\/\/www.ihr-ferienpartner.de\/mobil\/\",\"logo\":{\"@type\":\"ImageObject\",\"inLanguage\":\"de\",\"@id\":\"https:\/\/www.ihr-ferienpartner.de\/mobil\/#\/schema\/logo\/image\/\",\"url\":\"https:\/\/www.ihr-ferienpartner.de\/mobil\/wp-content\/uploads\/2019\/10\/spontanien.jpg\",\"contentUrl\":\"https:\/\/www.ihr-ferienpartner.de\/mobil\/wp-content\/uploads\/2019\/10\/spontanien.jpg\",\"width\":818,\"height\":200,\"caption\":\"FINDE DEIN SPONTANIEN - Reisen g\u00fcnstig buchen\"},\"image\":{\"@id\":\"https:\/\/www.ihr-ferienpartner.de\/mobil\/#\/schema\/logo\/image\/\"}}]}<\/script>\n<!-- \/ Yoast SEO plugin. -->","yoast_head_json":{"title":"MAGIC LIFE JACARANDA - all inclusive Cluburlaub buchen","description":"T\u00fcrkei-Reisen g\u00fcnstig buchen: Fr\u00fchbucher- & Last Minute-Rabatte, flexible Reisetermine, Bewertungen & ab allen relevanten Abflughafen.","robots":{"index":"index","follow":"follow","max-snippet":"max-snippet:-1","max-image-preview":"max-image-preview:large","max-video-preview":"max-video-preview:-1"},"canonical":"https:\/\/www.ihr-ferienpartner.de\/mobil\/magic-life-jacaranda\/","og_locale":"de_DE","og_type":"article","og_title":"MAGIC LIFE JACARANDA - all inclusive Cluburlaub buchen","og_description":"T\u00fcrkei-Reisen g\u00fcnstig buchen: Fr\u00fchbucher- & Last Minute-Rabatte, flexible Reisetermine, Bewertungen & ab allen relevanten Abflughafen.","og_url":"https:\/\/www.ihr-ferienpartner.de\/mobil\/magic-life-jacaranda\/","og_site_name":"FINDE DEIN SPONTANIEN - Reisen g\u00fcnstig buchen","article_modified_time":"2024-07-04T13:25:31+00:00","og_image":[{"url":"https:\/\/www.ihr-ferienpartner.de\/Tuerkei\/HotelbildMagicLife.jpg"}],"twitter_card":"summary_large_image","twitter_misc":{"Gesch\u00e4tzte Lesezeit":"1\u00a0Minute"},"schema":{"@context":"https:\/\/schema.org","@graph":[{"@type":"WebPage","@id":"https:\/\/www.ihr-ferienpartner.de\/mobil\/magic-life-jacaranda\/","url":"https:\/\/www.ihr-ferienpartner.de\/mobil\/magic-life-jacaranda\/","name":"MAGIC LIFE JACARANDA - all inclusive Cluburlaub buchen","isPartOf":{"@id":"https:\/\/www.ihr-ferienpartner.de\/mobil\/#website"},"primaryImageOfPage":{"@id":"https:\/\/www.ihr-ferienpartner.de\/mobil\/magic-life-jacaranda\/#primaryimage"},"image":{"@id":"https:\/\/www.ihr-ferienpartner.de\/mobil\/magic-life-jacaranda\/#primaryimage"},"thumbnailUrl":"https:\/\/www.ihr-ferienpartner.de\/Tuerkei\/HotelbildMagicLife.jpg","datePublished":"2024-07-04T13:25:30+00:00","dateModified":"2024-07-04T13:25:31+00:00","description":"T\u00fcrkei-Reisen g\u00fcnstig buchen: Fr\u00fchbucher- & Last Minute-Rabatte, flexible Reisetermine, Bewertungen & ab allen relevanten Abflughafen.","breadcrumb":{"@id":"https:\/\/www.ihr-ferienpartner.de\/mobil\/magic-life-jacaranda\/#breadcrumb"},"inLanguage":"de","potentialAction":[{"@type":"ReadAction","target":["https:\/\/www.ihr-ferienpartner.de\/mobil\/magic-life-jacaranda\/"]}]},{"@type":"ImageObject","inLanguage":"de","@id":"https:\/\/www.ihr-ferienpartner.de\/mobil\/magic-life-jacaranda\/#primaryimage","url":"https:\/\/www.ihr-ferienpartner.de\/Tuerkei\/HotelbildMagicLife.jpg","contentUrl":"https:\/\/www.ihr-ferienpartner.de\/Tuerkei\/HotelbildMagicLife.jpg"},{"@type":"BreadcrumbList","@id":"https:\/\/www.ihr-ferienpartner.de\/mobil\/magic-life-jacaranda\/#breadcrumb","itemListElement":[{"@type":"ListItem","position":1,"name":"Startseite","item":"https:\/\/www.ihr-ferienpartner.de\/mobil\/"},{"@type":"ListItem","position":2,"name":"MAGIC LIFE JACARANDA"}]},{"@type":"WebSite","@id":"https:\/\/www.ihr-ferienpartner.de\/mobil\/#website","url":"https:\/\/www.ihr-ferienpartner.de\/mobil\/","name":"FINDE DEIN SPONTANIEN - Reisen g\u00fcnstig buchen","description":"Flugreisen im Preisvergleich mit flexiblen Terminen &amp; Abflughafen.","publisher":{"@id":"https:\/\/www.ihr-ferienpartner.de\/mobil\/#organization"},"potentialAction":[{"@type":"SearchAction","target":{"@type":"EntryPoint","urlTemplate":"https:\/\/www.ihr-ferienpartner.de\/mobil\/?s={search_term_string}"},"query-input":"required name=search_term_string"}],"inLanguage":"de"},{"@type":"Organization","@id":"https:\/\/www.ihr-ferienpartner.de\/mobil\/#organization","name":"FINDE DEIN SPONTANIEN - Reisen g\u00fcnstig buchen","url":"https:\/\/www.ihr-ferienpartner.de\/mobil\/","logo":{"@type":"ImageObject","inLanguage":"de","@id":"https:\/\/www.ihr-ferienpartner.de\/mobil\/#\/schema\/logo\/image\/","url":"https:\/\/www.ihr-ferienpartner.de\/mobil\/wp-content\/uploads\/2019\/10\/spontanien.jpg","contentUrl":"https:\/\/www.ihr-ferienpartner.de\/mobil\/wp-content\/uploads\/2019\/10\/spontanien.jpg","width":818,"height":200,"caption":"FINDE DEIN SPONTANIEN - Reisen g\u00fcnstig buchen"},"image":{"@id":"https:\/\/www.ihr-ferienpartner.de\/mobil\/#\/schema\/logo\/image\/"}}]}},"_links":{"self":[{"href":"https:\/\/www.ihr-ferienpartner.de\/mobil\/wp-json\/wp\/v2\/pages\/2502"}],"collection":[{"href":"https:\/\/www.ihr-ferienpartner.de\/mobil\/wp-json\/wp\/v2\/pages"}],"about":[{"href":"https:\/\/www.ihr-ferienpartner.de\/mobil\/wp-json\/wp\/v2\/types\/page"}],"author":[{"embeddable":true,"href":"https:\/\/www.ihr-ferienpartner.de\/mobil\/wp-json\/wp\/v2\/users\/1"}],"replies":[{"embeddable":true,"href":"https:\/\/www.ihr-ferienpartner.de\/mobil\/wp-json\/wp\/v2\/comments?post=2502"}],"version-history":[{"count":8,"href":"https:\/\/www.ihr-ferienpartner.de\/mobil\/wp-json\/wp\/v2\/pages\/2502\/revisions"}],"predecessor-version":[{"id":5262,"href":"https:\/\/www.ihr-ferienpartner.de\/mobil\/wp-json\/wp\/v2\/pages\/2502\/revisions\/5262"}],"wp:attachment":[{"href":"https:\/\/www.ihr-ferienpartner.de\/mobil\/wp-json\/wp\/v2\/media?parent=2502"}],"curies":[{"name":"wp","href":"https:\/\/api.w.org\/{rel}","templated":true}]}}