{"id":2524,"date":"2024-06-20T15:08:04","date_gmt":"2024-06-20T13:08:04","guid":{"rendered":"http:\/\/www.ihr-ferienpartner.de\/mobil\/?page_id=2524"},"modified":"2024-06-20T15:08:05","modified_gmt":"2024-06-20T13:08:05","slug":"club-mega-saray","status":"publish","type":"page","link":"https:\/\/www.ihr-ferienpartner.de\/mobil\/club-mega-saray\/","title":{"rendered":"Club Megasaray"},"content":{"rendered":"<div style=\"background-color: #ffffff; padding: 20px 20px 20px 20px;\">\n<h1>Club Megasaray (Belek, T\u00fcrkei)<\/h1>\n<p><img decoding=\"async\" src=\"https:\/\/www.ihr-ferienpartner.de\/Angebot\/MegaSaray.jpg\" alt=\"Club Megsaray in Belek g\u00fcnstig buchen\" title=\"Reisen in die T\u00fcrkei in den Club Megasaray\"><br \/>\nDer <strong>all inclusive<\/strong>-Club liegt direkt am langen Sandstrand von Belek, ca. 35 km von Antalya entfernt. Die Zimmer verteilen sich auf zwei dreist\u00f6ckige Hauptgeb\u00e4ude und mehrere zwei- bis dreist\u00f6ckige Nebengeb\u00e4ude. In der sch\u00f6n angelegten Gartenanlage befinden sich <strong>drei Pools<\/strong>, wovon einer ein S\u00fc\u00dfwasserpool ist, einer f\u00fcr die Animation genutzt wird und einer als Ruhepool ruhige Entspannung bietet. Auch ein Aquapark mit Wasserrutschen geh\u00f6rt zur Anlage. Selbstverst\u00e4ndlich werden neben <strong>Miniclub<\/strong>-Aktivit\u00e4ten f\u00fcr die Kleinen auch unterschiedlichste Aktivit\u00e4ten wie <strong>Animation, Sport und Wellness<\/strong> f\u00fcr die erwachsenen G\u00e4ste angeboten.<\/p>\n<hr>\n<p><font color=\"b62b31\">alle Hotels in der:<\/font> <a href=\"https:\/\/www.ihr-ferienpartner.de\/mobil\/tuerkei\">T\u00fcrkei &gt;&gt;<\/a><\/p>\n<hr>\n<div id=\"ypsnet-ibe\" data-src=\"https:\/\/b2b.specials.de\/index\/jump\/119\/2780\/991880\/?action=dates&amp;from=15&amp;to=316&amp;duration=7-7&amp;maxPrice=5000&amp;adults=2&amp;giataId=4726\"><\/div>\n<p><script src=\"https:\/\/webmedia.ypsilon.net\/spl_js\/ypsnet-ibe.js\"><\/script><\/p>\n<\/div>\n<div style=\"background-color: #ffffff; padding: 20px 20px 20px 20px;\">\n<hr>\n<p><b>Traumurlaub im CLUB MEGASARAY:<\/b><br \/>\nBuchen Sie Ihre T\u00fcrkei-Reise und profitieren Sie u.a. vom Anbieter-Preisvergleich und Hotel-Rankings aus \u00fcber 1.000.000 authentischen Hotelbewertungen.<\/p>\n<p><img decoding=\"async\" src=\"https:\/\/www.ihr-ferienpartner.de\/Angebot\/Anbietervergleich.jpg\" alt=\"Reisen in den Club Megasaray in Belek\" title=\"Reisen in den Club Megasaray (T\u00fcrkei)\"><\/p>\n<\/div>\n","protected":false},"excerpt":{"rendered":"<p>Club Megasaray (Belek, T\u00fcrkei) Der all inclusive-Club liegt direkt am langen Sandstrand von Belek, ca. 35 km von Antalya entfernt. Die Zimmer verteilen sich auf zwei dreist\u00f6ckige Hauptgeb\u00e4ude und mehrere zwei- bis dreist\u00f6ckige Nebengeb\u00e4ude. In der sch\u00f6n angelegten Gartenanlage befinden sich drei Pools, wovon einer ein S\u00fc\u00dfwasserpool ist, einer f\u00fcr die Animation genutzt wird und [&hellip;]<\/p>\n","protected":false},"author":1,"featured_media":0,"parent":0,"menu_order":0,"comment_status":"closed","ping_status":"closed","template":"","meta":{"footnotes":""},"yoast_head":"<!-- This site is optimized with the Yoast SEO plugin v22.8 - https:\/\/yoast.com\/wordpress\/plugins\/seo\/ -->\n<title>Club Megasaray in Belek - all inclusive Cluburlaub<\/title>\n<meta name=\"description\" content=\"Buchen Sie Ihre Flugreise in den top AI Club g\u00fcnstig: Fr\u00fchbucher- &amp; Last Minute-Rabatte, Hotelbewertungen, flexible Reisetermine &amp; Flughafen.\" \/>\n<meta name=\"robots\" content=\"index, follow, max-snippet:-1, max-image-preview:large, max-video-preview:-1\" \/>\n<link rel=\"canonical\" href=\"https:\/\/www.ihr-ferienpartner.de\/mobil\/club-mega-saray\/\" \/>\n<meta property=\"og:locale\" content=\"de_DE\" \/>\n<meta property=\"og:type\" content=\"article\" \/>\n<meta property=\"og:title\" content=\"Club Megasaray in Belek - all inclusive Cluburlaub\" \/>\n<meta property=\"og:description\" content=\"Buchen Sie Ihre Flugreise in den top AI Club g\u00fcnstig: Fr\u00fchbucher- &amp; Last Minute-Rabatte, Hotelbewertungen, flexible Reisetermine &amp; Flughafen.\" \/>\n<meta property=\"og:url\" content=\"https:\/\/www.ihr-ferienpartner.de\/mobil\/club-mega-saray\/\" \/>\n<meta property=\"og:site_name\" content=\"FINDE DEIN SPONTANIEN - Reisen g\u00fcnstig buchen\" \/>\n<meta property=\"article:modified_time\" content=\"2024-06-20T13:08:05+00:00\" \/>\n<meta property=\"og:image\" content=\"https:\/\/www.ihr-ferienpartner.de\/Angebot\/MegaSaray.jpg\" \/>\n<meta name=\"twitter:card\" content=\"summary_large_image\" \/>\n<meta name=\"twitter:label1\" content=\"Gesch\u00e4tzte Lesezeit\" \/>\n\t<meta name=\"twitter:data1\" content=\"2\u00a0Minuten\" \/>\n<script type=\"application\/ld+json\" class=\"yoast-schema-graph\">{\"@context\":\"https:\/\/schema.org\",\"@graph\":[{\"@type\":\"WebPage\",\"@id\":\"https:\/\/www.ihr-ferienpartner.de\/mobil\/club-mega-saray\/\",\"url\":\"https:\/\/www.ihr-ferienpartner.de\/mobil\/club-mega-saray\/\",\"name\":\"Club Megasaray in Belek - all inclusive Cluburlaub\",\"isPartOf\":{\"@id\":\"https:\/\/www.ihr-ferienpartner.de\/mobil\/#website\"},\"primaryImageOfPage\":{\"@id\":\"https:\/\/www.ihr-ferienpartner.de\/mobil\/club-mega-saray\/#primaryimage\"},\"image\":{\"@id\":\"https:\/\/www.ihr-ferienpartner.de\/mobil\/club-mega-saray\/#primaryimage\"},\"thumbnailUrl\":\"https:\/\/www.ihr-ferienpartner.de\/Angebot\/MegaSaray.jpg\",\"datePublished\":\"2024-06-20T13:08:04+00:00\",\"dateModified\":\"2024-06-20T13:08:05+00:00\",\"description\":\"Buchen Sie Ihre Flugreise in den top AI Club g\u00fcnstig: Fr\u00fchbucher- & Last Minute-Rabatte, Hotelbewertungen, flexible Reisetermine & Flughafen.\",\"breadcrumb\":{\"@id\":\"https:\/\/www.ihr-ferienpartner.de\/mobil\/club-mega-saray\/#breadcrumb\"},\"inLanguage\":\"de\",\"potentialAction\":[{\"@type\":\"ReadAction\",\"target\":[\"https:\/\/www.ihr-ferienpartner.de\/mobil\/club-mega-saray\/\"]}]},{\"@type\":\"ImageObject\",\"inLanguage\":\"de\",\"@id\":\"https:\/\/www.ihr-ferienpartner.de\/mobil\/club-mega-saray\/#primaryimage\",\"url\":\"https:\/\/www.ihr-ferienpartner.de\/Angebot\/MegaSaray.jpg\",\"contentUrl\":\"https:\/\/www.ihr-ferienpartner.de\/Angebot\/MegaSaray.jpg\"},{\"@type\":\"BreadcrumbList\",\"@id\":\"https:\/\/www.ihr-ferienpartner.de\/mobil\/club-mega-saray\/#breadcrumb\",\"itemListElement\":[{\"@type\":\"ListItem\",\"position\":1,\"name\":\"Startseite\",\"item\":\"https:\/\/www.ihr-ferienpartner.de\/mobil\/\"},{\"@type\":\"ListItem\",\"position\":2,\"name\":\"Club Megasaray\"}]},{\"@type\":\"WebSite\",\"@id\":\"https:\/\/www.ihr-ferienpartner.de\/mobil\/#website\",\"url\":\"https:\/\/www.ihr-ferienpartner.de\/mobil\/\",\"name\":\"FINDE DEIN SPONTANIEN - Reisen g\u00fcnstig buchen\",\"description\":\"Flugreisen im Preisvergleich mit flexiblen Terminen &amp; Abflughafen.\",\"publisher\":{\"@id\":\"https:\/\/www.ihr-ferienpartner.de\/mobil\/#organization\"},\"potentialAction\":[{\"@type\":\"SearchAction\",\"target\":{\"@type\":\"EntryPoint\",\"urlTemplate\":\"https:\/\/www.ihr-ferienpartner.de\/mobil\/?s={search_term_string}\"},\"query-input\":\"required name=search_term_string\"}],\"inLanguage\":\"de\"},{\"@type\":\"Organization\",\"@id\":\"https:\/\/www.ihr-ferienpartner.de\/mobil\/#organization\",\"name\":\"FINDE DEIN SPONTANIEN - Reisen g\u00fcnstig buchen\",\"url\":\"https:\/\/www.ihr-ferienpartner.de\/mobil\/\",\"logo\":{\"@type\":\"ImageObject\",\"inLanguage\":\"de\",\"@id\":\"https:\/\/www.ihr-ferienpartner.de\/mobil\/#\/schema\/logo\/image\/\",\"url\":\"https:\/\/www.ihr-ferienpartner.de\/mobil\/wp-content\/uploads\/2019\/10\/spontanien.jpg\",\"contentUrl\":\"https:\/\/www.ihr-ferienpartner.de\/mobil\/wp-content\/uploads\/2019\/10\/spontanien.jpg\",\"width\":818,\"height\":200,\"caption\":\"FINDE DEIN SPONTANIEN - Reisen g\u00fcnstig buchen\"},\"image\":{\"@id\":\"https:\/\/www.ihr-ferienpartner.de\/mobil\/#\/schema\/logo\/image\/\"}}]}<\/script>\n<!-- \/ Yoast SEO plugin. -->","yoast_head_json":{"title":"Club Megasaray in Belek - all inclusive Cluburlaub","description":"Buchen Sie Ihre Flugreise in den top AI Club g\u00fcnstig: Fr\u00fchbucher- & Last Minute-Rabatte, Hotelbewertungen, flexible Reisetermine & Flughafen.","robots":{"index":"index","follow":"follow","max-snippet":"max-snippet:-1","max-image-preview":"max-image-preview:large","max-video-preview":"max-video-preview:-1"},"canonical":"https:\/\/www.ihr-ferienpartner.de\/mobil\/club-mega-saray\/","og_locale":"de_DE","og_type":"article","og_title":"Club Megasaray in Belek - all inclusive Cluburlaub","og_description":"Buchen Sie Ihre Flugreise in den top AI Club g\u00fcnstig: Fr\u00fchbucher- & Last Minute-Rabatte, Hotelbewertungen, flexible Reisetermine & Flughafen.","og_url":"https:\/\/www.ihr-ferienpartner.de\/mobil\/club-mega-saray\/","og_site_name":"FINDE DEIN SPONTANIEN - Reisen g\u00fcnstig buchen","article_modified_time":"2024-06-20T13:08:05+00:00","og_image":[{"url":"https:\/\/www.ihr-ferienpartner.de\/Angebot\/MegaSaray.jpg"}],"twitter_card":"summary_large_image","twitter_misc":{"Gesch\u00e4tzte Lesezeit":"2\u00a0Minuten"},"schema":{"@context":"https:\/\/schema.org","@graph":[{"@type":"WebPage","@id":"https:\/\/www.ihr-ferienpartner.de\/mobil\/club-mega-saray\/","url":"https:\/\/www.ihr-ferienpartner.de\/mobil\/club-mega-saray\/","name":"Club Megasaray in Belek - all inclusive Cluburlaub","isPartOf":{"@id":"https:\/\/www.ihr-ferienpartner.de\/mobil\/#website"},"primaryImageOfPage":{"@id":"https:\/\/www.ihr-ferienpartner.de\/mobil\/club-mega-saray\/#primaryimage"},"image":{"@id":"https:\/\/www.ihr-ferienpartner.de\/mobil\/club-mega-saray\/#primaryimage"},"thumbnailUrl":"https:\/\/www.ihr-ferienpartner.de\/Angebot\/MegaSaray.jpg","datePublished":"2024-06-20T13:08:04+00:00","dateModified":"2024-06-20T13:08:05+00:00","description":"Buchen Sie Ihre Flugreise in den top AI Club g\u00fcnstig: Fr\u00fchbucher- & Last Minute-Rabatte, Hotelbewertungen, flexible Reisetermine & Flughafen.","breadcrumb":{"@id":"https:\/\/www.ihr-ferienpartner.de\/mobil\/club-mega-saray\/#breadcrumb"},"inLanguage":"de","potentialAction":[{"@type":"ReadAction","target":["https:\/\/www.ihr-ferienpartner.de\/mobil\/club-mega-saray\/"]}]},{"@type":"ImageObject","inLanguage":"de","@id":"https:\/\/www.ihr-ferienpartner.de\/mobil\/club-mega-saray\/#primaryimage","url":"https:\/\/www.ihr-ferienpartner.de\/Angebot\/MegaSaray.jpg","contentUrl":"https:\/\/www.ihr-ferienpartner.de\/Angebot\/MegaSaray.jpg"},{"@type":"BreadcrumbList","@id":"https:\/\/www.ihr-ferienpartner.de\/mobil\/club-mega-saray\/#breadcrumb","itemListElement":[{"@type":"ListItem","position":1,"name":"Startseite","item":"https:\/\/www.ihr-ferienpartner.de\/mobil\/"},{"@type":"ListItem","position":2,"name":"Club Megasaray"}]},{"@type":"WebSite","@id":"https:\/\/www.ihr-ferienpartner.de\/mobil\/#website","url":"https:\/\/www.ihr-ferienpartner.de\/mobil\/","name":"FINDE DEIN SPONTANIEN - Reisen g\u00fcnstig buchen","description":"Flugreisen im Preisvergleich mit flexiblen Terminen &amp; Abflughafen.","publisher":{"@id":"https:\/\/www.ihr-ferienpartner.de\/mobil\/#organization"},"potentialAction":[{"@type":"SearchAction","target":{"@type":"EntryPoint","urlTemplate":"https:\/\/www.ihr-ferienpartner.de\/mobil\/?s={search_term_string}"},"query-input":"required name=search_term_string"}],"inLanguage":"de"},{"@type":"Organization","@id":"https:\/\/www.ihr-ferienpartner.de\/mobil\/#organization","name":"FINDE DEIN SPONTANIEN - Reisen g\u00fcnstig buchen","url":"https:\/\/www.ihr-ferienpartner.de\/mobil\/","logo":{"@type":"ImageObject","inLanguage":"de","@id":"https:\/\/www.ihr-ferienpartner.de\/mobil\/#\/schema\/logo\/image\/","url":"https:\/\/www.ihr-ferienpartner.de\/mobil\/wp-content\/uploads\/2019\/10\/spontanien.jpg","contentUrl":"https:\/\/www.ihr-ferienpartner.de\/mobil\/wp-content\/uploads\/2019\/10\/spontanien.jpg","width":818,"height":200,"caption":"FINDE DEIN SPONTANIEN - Reisen g\u00fcnstig buchen"},"image":{"@id":"https:\/\/www.ihr-ferienpartner.de\/mobil\/#\/schema\/logo\/image\/"}}]}},"_links":{"self":[{"href":"https:\/\/www.ihr-ferienpartner.de\/mobil\/wp-json\/wp\/v2\/pages\/2524"}],"collection":[{"href":"https:\/\/www.ihr-ferienpartner.de\/mobil\/wp-json\/wp\/v2\/pages"}],"about":[{"href":"https:\/\/www.ihr-ferienpartner.de\/mobil\/wp-json\/wp\/v2\/types\/page"}],"author":[{"embeddable":true,"href":"https:\/\/www.ihr-ferienpartner.de\/mobil\/wp-json\/wp\/v2\/users\/1"}],"replies":[{"embeddable":true,"href":"https:\/\/www.ihr-ferienpartner.de\/mobil\/wp-json\/wp\/v2\/comments?post=2524"}],"version-history":[{"count":11,"href":"https:\/\/www.ihr-ferienpartner.de\/mobil\/wp-json\/wp\/v2\/pages\/2524\/revisions"}],"predecessor-version":[{"id":5172,"href":"https:\/\/www.ihr-ferienpartner.de\/mobil\/wp-json\/wp\/v2\/pages\/2524\/revisions\/5172"}],"wp:attachment":[{"href":"https:\/\/www.ihr-ferienpartner.de\/mobil\/wp-json\/wp\/v2\/media?parent=2524"}],"curies":[{"name":"wp","href":"https:\/\/api.w.org\/{rel}","templated":true}]}}