{"id":2595,"date":"2024-07-03T10:16:01","date_gmt":"2024-07-03T08:16:01","guid":{"rendered":"http:\/\/www.ihr-ferienpartner.de\/mobil\/?page_id=2595"},"modified":"2024-07-03T10:16:02","modified_gmt":"2024-07-03T08:16:02","slug":"insotel-fenicia-prestige","status":"publish","type":"page","link":"https:\/\/www.ihr-ferienpartner.de\/mobil\/insotel-fenicia-prestige\/","title":{"rendered":"Insotel Fenicia Prestige"},"content":{"rendered":"<div style=\"background-color: #ffffff; padding: 20px 20px 20px 20px;\">\n<h1>Insotel Fenicia Prestige Suites &amp; Spa<\/h1>\n<p>Santa Eularia del Rio (Ibiza)<\/p>\n<p><img decoding=\"async\" src=\"https:\/\/www.ihr-ferienpartner.de\/Angebot\/InsoFenicia.jpg\" alt=\"Urlaub im Insotel Fenicia Prestige g\u00fcnstig buchen\" title=\"Reisen nach Ibiza ins Hotel Insotel Fenicia Prestige\"><br \/>\n<font size=\"-1\"><b><font color=\"b62b31\">Unser Hotel-Tipp<\/font><\/b> &#8211; Das Luxushotel liegt nur <strong>wenige Schritte vom Strand<\/strong> von Santa Eularia entfernt und verf\u00fcgt \u00fcber eine weitl\u00e4ufige, sch\u00f6n angelegte Gartenanlage mit einem <strong>gro\u00dfen Pool<\/strong> mit Sonnenterrasse. Ein Highlight des beliebten Hotels ist der ca. 1.200 qm gro\u00dfe <strong>Wellness- und Spabereich<\/strong>. Als Verpflegung ist <strong>Fr\u00fchst\u00fcck oder Halbpension<\/strong> buchbar.<\/font><br \/>\n<font size=\"-1\"><\/font><\/p>\n<hr>\n<p><b><font color=\"b62b31\">alle Hotels auf:<\/font><\/b> <a href=\"https:\/\/www.ihr-ferienpartner.de\/mobil\/ibiza\">Ibiza &gt;&gt;<\/a><\/p>\n<hr>\n<div id=\"ypsnet-ibe\" data-src=\"https:\/\/b2b.specials.de\/index\/jump\/119\/2780\/991880\/?action=dates&amp;regionId=129&amp;from=15&amp;to=316&amp;duration=7-7&amp;maxPrice=5000&amp;adults=2&amp;giataId=69502\"><\/div>\n<p><script src=\"https:\/\/webmedia.ypsilon.net\/spl_js\/ypsnet-ibe.js\"><\/script><\/p>\n<\/div>\n<div style=\"background-color: #ffffff; padding: 20px 20px 20px 20px;\">\n<hr>\n<p><b>Spanien Urlaub im Insotel Fenicia Prestige auf Ibiza:<\/b><br \/>\nBuchen Sie Ihre Spanien-Reise und profitieren Sie u.a. vom Anbieter-Preisvergleich und Hotel-Rankings aus \u00fcber 1.000.000 authentischen Hotelbewertungen.<\/p>\n<p><img decoding=\"async\" src=\"https:\/\/www.ihr-ferienpartner.de\/Angebot\/Anbietervergleich.jpg\" alt=\"Reisen ins Insotel Fenicia Prestige auf Ibiza\" title=\"Reisen ins Insotel Fenicia Prestige auf Ibiza\"><\/p>\n<\/div>\n","protected":false},"excerpt":{"rendered":"<p>Insotel Fenicia Prestige Suites &amp; Spa Santa Eularia del Rio (Ibiza) Unser Hotel-Tipp &#8211; Das Luxushotel liegt nur wenige Schritte vom Strand von Santa Eularia entfernt und verf\u00fcgt \u00fcber eine weitl\u00e4ufige, sch\u00f6n angelegte Gartenanlage mit einem gro\u00dfen Pool mit Sonnenterrasse. Ein Highlight des beliebten Hotels ist der ca. 1.200 qm gro\u00dfe Wellness- und Spabereich. Als [&hellip;]<\/p>\n","protected":false},"author":1,"featured_media":0,"parent":0,"menu_order":0,"comment_status":"closed","ping_status":"closed","template":"","meta":{"footnotes":""},"yoast_head":"<!-- This site is optimized with the Yoast SEO plugin v22.8 - https:\/\/yoast.com\/wordpress\/plugins\/seo\/ -->\n<title>Insotel Fenicia Prestige - Ibiza-Flugreisen g\u00fcnstig buchen!<\/title>\n<meta name=\"description\" content=\"Pauschalreisen clever buchen: Fr\u00fchbucher- &amp; Last Minute-Rabatte, Anbieter-Preisvergleich, Hotelbewertungen, flexible Termine &amp; Abflughafen.\" \/>\n<meta name=\"robots\" content=\"index, follow, max-snippet:-1, max-image-preview:large, max-video-preview:-1\" \/>\n<link rel=\"canonical\" href=\"https:\/\/www.ihr-ferienpartner.de\/mobil\/insotel-fenicia-prestige\/\" \/>\n<meta property=\"og:locale\" content=\"de_DE\" \/>\n<meta property=\"og:type\" content=\"article\" \/>\n<meta property=\"og:title\" content=\"Insotel Fenicia Prestige - Ibiza-Flugreisen g\u00fcnstig buchen!\" \/>\n<meta property=\"og:description\" content=\"Pauschalreisen clever buchen: Fr\u00fchbucher- &amp; Last Minute-Rabatte, Anbieter-Preisvergleich, Hotelbewertungen, flexible Termine &amp; Abflughafen.\" \/>\n<meta property=\"og:url\" content=\"https:\/\/www.ihr-ferienpartner.de\/mobil\/insotel-fenicia-prestige\/\" \/>\n<meta property=\"og:site_name\" content=\"FINDE DEIN SPONTANIEN - Reisen g\u00fcnstig buchen\" \/>\n<meta property=\"article:modified_time\" content=\"2024-07-03T08:16:02+00:00\" \/>\n<meta property=\"og:image\" content=\"https:\/\/www.ihr-ferienpartner.de\/Angebot\/InsoFenicia.jpg\" \/>\n<meta name=\"twitter:card\" content=\"summary_large_image\" \/>\n<meta name=\"twitter:label1\" content=\"Gesch\u00e4tzte Lesezeit\" \/>\n\t<meta name=\"twitter:data1\" content=\"1\u00a0Minute\" \/>\n<script type=\"application\/ld+json\" class=\"yoast-schema-graph\">{\"@context\":\"https:\/\/schema.org\",\"@graph\":[{\"@type\":\"WebPage\",\"@id\":\"https:\/\/www.ihr-ferienpartner.de\/mobil\/insotel-fenicia-prestige\/\",\"url\":\"https:\/\/www.ihr-ferienpartner.de\/mobil\/insotel-fenicia-prestige\/\",\"name\":\"Insotel Fenicia Prestige - Ibiza-Flugreisen g\u00fcnstig buchen!\",\"isPartOf\":{\"@id\":\"https:\/\/www.ihr-ferienpartner.de\/mobil\/#website\"},\"primaryImageOfPage\":{\"@id\":\"https:\/\/www.ihr-ferienpartner.de\/mobil\/insotel-fenicia-prestige\/#primaryimage\"},\"image\":{\"@id\":\"https:\/\/www.ihr-ferienpartner.de\/mobil\/insotel-fenicia-prestige\/#primaryimage\"},\"thumbnailUrl\":\"https:\/\/www.ihr-ferienpartner.de\/Angebot\/InsoFenicia.jpg\",\"datePublished\":\"2024-07-03T08:16:01+00:00\",\"dateModified\":\"2024-07-03T08:16:02+00:00\",\"description\":\"Pauschalreisen clever buchen: Fr\u00fchbucher- & Last Minute-Rabatte, Anbieter-Preisvergleich, Hotelbewertungen, flexible Termine & Abflughafen.\",\"breadcrumb\":{\"@id\":\"https:\/\/www.ihr-ferienpartner.de\/mobil\/insotel-fenicia-prestige\/#breadcrumb\"},\"inLanguage\":\"de\",\"potentialAction\":[{\"@type\":\"ReadAction\",\"target\":[\"https:\/\/www.ihr-ferienpartner.de\/mobil\/insotel-fenicia-prestige\/\"]}]},{\"@type\":\"ImageObject\",\"inLanguage\":\"de\",\"@id\":\"https:\/\/www.ihr-ferienpartner.de\/mobil\/insotel-fenicia-prestige\/#primaryimage\",\"url\":\"https:\/\/www.ihr-ferienpartner.de\/Angebot\/InsoFenicia.jpg\",\"contentUrl\":\"https:\/\/www.ihr-ferienpartner.de\/Angebot\/InsoFenicia.jpg\"},{\"@type\":\"BreadcrumbList\",\"@id\":\"https:\/\/www.ihr-ferienpartner.de\/mobil\/insotel-fenicia-prestige\/#breadcrumb\",\"itemListElement\":[{\"@type\":\"ListItem\",\"position\":1,\"name\":\"Startseite\",\"item\":\"https:\/\/www.ihr-ferienpartner.de\/mobil\/\"},{\"@type\":\"ListItem\",\"position\":2,\"name\":\"Insotel Fenicia Prestige\"}]},{\"@type\":\"WebSite\",\"@id\":\"https:\/\/www.ihr-ferienpartner.de\/mobil\/#website\",\"url\":\"https:\/\/www.ihr-ferienpartner.de\/mobil\/\",\"name\":\"FINDE DEIN SPONTANIEN - Reisen g\u00fcnstig buchen\",\"description\":\"Flugreisen im Preisvergleich mit flexiblen Terminen &amp; Abflughafen.\",\"publisher\":{\"@id\":\"https:\/\/www.ihr-ferienpartner.de\/mobil\/#organization\"},\"potentialAction\":[{\"@type\":\"SearchAction\",\"target\":{\"@type\":\"EntryPoint\",\"urlTemplate\":\"https:\/\/www.ihr-ferienpartner.de\/mobil\/?s={search_term_string}\"},\"query-input\":\"required name=search_term_string\"}],\"inLanguage\":\"de\"},{\"@type\":\"Organization\",\"@id\":\"https:\/\/www.ihr-ferienpartner.de\/mobil\/#organization\",\"name\":\"FINDE DEIN SPONTANIEN - Reisen g\u00fcnstig buchen\",\"url\":\"https:\/\/www.ihr-ferienpartner.de\/mobil\/\",\"logo\":{\"@type\":\"ImageObject\",\"inLanguage\":\"de\",\"@id\":\"https:\/\/www.ihr-ferienpartner.de\/mobil\/#\/schema\/logo\/image\/\",\"url\":\"https:\/\/www.ihr-ferienpartner.de\/mobil\/wp-content\/uploads\/2019\/10\/spontanien.jpg\",\"contentUrl\":\"https:\/\/www.ihr-ferienpartner.de\/mobil\/wp-content\/uploads\/2019\/10\/spontanien.jpg\",\"width\":818,\"height\":200,\"caption\":\"FINDE DEIN SPONTANIEN - Reisen g\u00fcnstig buchen\"},\"image\":{\"@id\":\"https:\/\/www.ihr-ferienpartner.de\/mobil\/#\/schema\/logo\/image\/\"}}]}<\/script>\n<!-- \/ Yoast SEO plugin. -->","yoast_head_json":{"title":"Insotel Fenicia Prestige - Ibiza-Flugreisen g\u00fcnstig buchen!","description":"Pauschalreisen clever buchen: Fr\u00fchbucher- & Last Minute-Rabatte, Anbieter-Preisvergleich, Hotelbewertungen, flexible Termine & Abflughafen.","robots":{"index":"index","follow":"follow","max-snippet":"max-snippet:-1","max-image-preview":"max-image-preview:large","max-video-preview":"max-video-preview:-1"},"canonical":"https:\/\/www.ihr-ferienpartner.de\/mobil\/insotel-fenicia-prestige\/","og_locale":"de_DE","og_type":"article","og_title":"Insotel Fenicia Prestige - Ibiza-Flugreisen g\u00fcnstig buchen!","og_description":"Pauschalreisen clever buchen: Fr\u00fchbucher- & Last Minute-Rabatte, Anbieter-Preisvergleich, Hotelbewertungen, flexible Termine & Abflughafen.","og_url":"https:\/\/www.ihr-ferienpartner.de\/mobil\/insotel-fenicia-prestige\/","og_site_name":"FINDE DEIN SPONTANIEN - Reisen g\u00fcnstig buchen","article_modified_time":"2024-07-03T08:16:02+00:00","og_image":[{"url":"https:\/\/www.ihr-ferienpartner.de\/Angebot\/InsoFenicia.jpg"}],"twitter_card":"summary_large_image","twitter_misc":{"Gesch\u00e4tzte Lesezeit":"1\u00a0Minute"},"schema":{"@context":"https:\/\/schema.org","@graph":[{"@type":"WebPage","@id":"https:\/\/www.ihr-ferienpartner.de\/mobil\/insotel-fenicia-prestige\/","url":"https:\/\/www.ihr-ferienpartner.de\/mobil\/insotel-fenicia-prestige\/","name":"Insotel Fenicia Prestige - Ibiza-Flugreisen g\u00fcnstig buchen!","isPartOf":{"@id":"https:\/\/www.ihr-ferienpartner.de\/mobil\/#website"},"primaryImageOfPage":{"@id":"https:\/\/www.ihr-ferienpartner.de\/mobil\/insotel-fenicia-prestige\/#primaryimage"},"image":{"@id":"https:\/\/www.ihr-ferienpartner.de\/mobil\/insotel-fenicia-prestige\/#primaryimage"},"thumbnailUrl":"https:\/\/www.ihr-ferienpartner.de\/Angebot\/InsoFenicia.jpg","datePublished":"2024-07-03T08:16:01+00:00","dateModified":"2024-07-03T08:16:02+00:00","description":"Pauschalreisen clever buchen: Fr\u00fchbucher- & Last Minute-Rabatte, Anbieter-Preisvergleich, Hotelbewertungen, flexible Termine & Abflughafen.","breadcrumb":{"@id":"https:\/\/www.ihr-ferienpartner.de\/mobil\/insotel-fenicia-prestige\/#breadcrumb"},"inLanguage":"de","potentialAction":[{"@type":"ReadAction","target":["https:\/\/www.ihr-ferienpartner.de\/mobil\/insotel-fenicia-prestige\/"]}]},{"@type":"ImageObject","inLanguage":"de","@id":"https:\/\/www.ihr-ferienpartner.de\/mobil\/insotel-fenicia-prestige\/#primaryimage","url":"https:\/\/www.ihr-ferienpartner.de\/Angebot\/InsoFenicia.jpg","contentUrl":"https:\/\/www.ihr-ferienpartner.de\/Angebot\/InsoFenicia.jpg"},{"@type":"BreadcrumbList","@id":"https:\/\/www.ihr-ferienpartner.de\/mobil\/insotel-fenicia-prestige\/#breadcrumb","itemListElement":[{"@type":"ListItem","position":1,"name":"Startseite","item":"https:\/\/www.ihr-ferienpartner.de\/mobil\/"},{"@type":"ListItem","position":2,"name":"Insotel Fenicia Prestige"}]},{"@type":"WebSite","@id":"https:\/\/www.ihr-ferienpartner.de\/mobil\/#website","url":"https:\/\/www.ihr-ferienpartner.de\/mobil\/","name":"FINDE DEIN SPONTANIEN - Reisen g\u00fcnstig buchen","description":"Flugreisen im Preisvergleich mit flexiblen Terminen &amp; Abflughafen.","publisher":{"@id":"https:\/\/www.ihr-ferienpartner.de\/mobil\/#organization"},"potentialAction":[{"@type":"SearchAction","target":{"@type":"EntryPoint","urlTemplate":"https:\/\/www.ihr-ferienpartner.de\/mobil\/?s={search_term_string}"},"query-input":"required name=search_term_string"}],"inLanguage":"de"},{"@type":"Organization","@id":"https:\/\/www.ihr-ferienpartner.de\/mobil\/#organization","name":"FINDE DEIN SPONTANIEN - Reisen g\u00fcnstig buchen","url":"https:\/\/www.ihr-ferienpartner.de\/mobil\/","logo":{"@type":"ImageObject","inLanguage":"de","@id":"https:\/\/www.ihr-ferienpartner.de\/mobil\/#\/schema\/logo\/image\/","url":"https:\/\/www.ihr-ferienpartner.de\/mobil\/wp-content\/uploads\/2019\/10\/spontanien.jpg","contentUrl":"https:\/\/www.ihr-ferienpartner.de\/mobil\/wp-content\/uploads\/2019\/10\/spontanien.jpg","width":818,"height":200,"caption":"FINDE DEIN SPONTANIEN - Reisen g\u00fcnstig buchen"},"image":{"@id":"https:\/\/www.ihr-ferienpartner.de\/mobil\/#\/schema\/logo\/image\/"}}]}},"_links":{"self":[{"href":"https:\/\/www.ihr-ferienpartner.de\/mobil\/wp-json\/wp\/v2\/pages\/2595"}],"collection":[{"href":"https:\/\/www.ihr-ferienpartner.de\/mobil\/wp-json\/wp\/v2\/pages"}],"about":[{"href":"https:\/\/www.ihr-ferienpartner.de\/mobil\/wp-json\/wp\/v2\/types\/page"}],"author":[{"embeddable":true,"href":"https:\/\/www.ihr-ferienpartner.de\/mobil\/wp-json\/wp\/v2\/users\/1"}],"replies":[{"embeddable":true,"href":"https:\/\/www.ihr-ferienpartner.de\/mobil\/wp-json\/wp\/v2\/comments?post=2595"}],"version-history":[{"count":5,"href":"https:\/\/www.ihr-ferienpartner.de\/mobil\/wp-json\/wp\/v2\/pages\/2595\/revisions"}],"predecessor-version":[{"id":5227,"href":"https:\/\/www.ihr-ferienpartner.de\/mobil\/wp-json\/wp\/v2\/pages\/2595\/revisions\/5227"}],"wp:attachment":[{"href":"https:\/\/www.ihr-ferienpartner.de\/mobil\/wp-json\/wp\/v2\/media?parent=2595"}],"curies":[{"name":"wp","href":"https:\/\/api.w.org\/{rel}","templated":true}]}}