{"id":2642,"date":"2024-07-15T16:55:00","date_gmt":"2024-07-15T14:55:00","guid":{"rendered":"http:\/\/www.ihr-ferienpartner.de\/mobil\/?page_id=2642"},"modified":"2024-07-15T16:58:11","modified_gmt":"2024-07-15T14:58:11","slug":"roc-gran-camp-de-mar","status":"publish","type":"page","link":"https:\/\/www.ihr-ferienpartner.de\/mobil\/roc-gran-camp-de-mar\/","title":{"rendered":"Alua Gran Camp de Mar"},"content":{"rendered":"<div style=\"background-color: #ffffff; padding: 20px 20px 20px 20px;\">\n<h1>Alua Gran Camp de Mar<\/h1>\n<p>in Camp de Mar (Mallorca)<br \/>\n(ehemals ROC Gran Camp de Mar)<\/p>\n<p><img decoding=\"async\" src=\"https:\/\/www.ihr-ferienpartner.de\/Mallorca\/GranCampDeMar.jpg\" alt=\"urlaub im Hotel Alua Gran Camp de Mar ehemals ROC Gran Camp de Mar auf Mallorca g\u00fcnstig buchen\" title=\"Reisen nach Mallorca mit Hotel-Tipp ROC Gran Camp de Mar\"><br \/>\n<font size=\"-1\">In der Bucht von Camp de Mar, <b>direkt an der Promenade in unmittelbarer N\u00e4he des Sandstrands und des Golfplatzes<\/b> gelegen. Ausfl\u00fcge nach Palma oder Port d&#8217;Antratx sind durch die gute Lage des Orts im S\u00fcdwesten Mallorcas sehr gut m\u00f6glich. Profitieren Sie bei der Buchung des Alua Gran Camp de Mar von unserem unabh\u00e4ngigen <strong>Anbieter-Preisvergleich<\/strong> und von den authentischen <strong>Hotelbewertungen<\/strong>.<\/font><\/p>\n<hr>\n<p><b><font color=\"b62b31\">alle Hotels auf:<\/font><\/b> <a href=\"https:\/\/www.ihr-ferienpartner.de\/mobil\/mallorca\/\">Mallorca &gt;&gt;<\/a><\/p>\n<hr>\n<div id=\"ypsnet-ibe\" data-src=\"https:\/\/b2b.specials.de\/index\/jump\/119\/2780\/991880\/?action=dates&amp;regionId=133&amp;from=15&amp;to=316&amp;duration=7-7&amp;maxPrice=5000&amp;adults=2&amp;giataId=3248\"><\/div>\n<p><script src=\"https:\/\/webmedia.ypsilon.net\/spl_js\/ypsnet-ibe.js\"><\/script><\/p>\n<\/div>\n<div style=\"background-color: #ffffff; padding: 20px 20px 20px 20px;\">\n<hr>\n<p><b>Urlaub im Alua Gran Camp de Mar, ehemals ROC Gran Camp de Mar, in Camp de Mar:<\/b><br \/>\n<img decoding=\"async\" src=\"https:\/\/www.ihr-ferienpartner.de\/Mallorca\/CampDeMar.jpg\" alt=\"Reisen nach Camp de Mar\" title=\"Urlaubsort Camp de Mar\"><br \/>\nBuchen Sie Ihre Mallorca-Reise und profitieren Sie u.a. vom Anbieter-Preisvergleich und Hotel-Rankings aus \u00fcber 1.000.000 authentischen Hotelbewertungen.<\/p>\n<p><img decoding=\"async\" src=\"https:\/\/www.ihr-ferienpartner.de\/Angebot\/Anbietervergleich.jpg\" alt=\"Reisen nach Mallorca ins Alua Gran Camp de Mar\" title=\"Reisen nach Mallorca in das Hotel Alua Gran Camp de Mar\"><\/p>\n<\/div>\n","protected":false},"excerpt":{"rendered":"<p>Alua Gran Camp de Mar in Camp de Mar (Mallorca) (ehemals ROC Gran Camp de Mar) In der Bucht von Camp de Mar, direkt an der Promenade in unmittelbarer N\u00e4he des Sandstrands und des Golfplatzes gelegen. Ausfl\u00fcge nach Palma oder Port d&#8217;Antratx sind durch die gute Lage des Orts im S\u00fcdwesten Mallorcas sehr gut m\u00f6glich. [&hellip;]<\/p>\n","protected":false},"author":1,"featured_media":0,"parent":0,"menu_order":0,"comment_status":"closed","ping_status":"closed","template":"","meta":{"footnotes":""},"yoast_head":"<!-- This site is optimized with the Yoast SEO plugin v22.8 - https:\/\/yoast.com\/wordpress\/plugins\/seo\/ -->\n<title>Alua Gran Camp de Mar - Urlaub g\u00fcnstig buchen!<\/title>\n<meta name=\"description\" content=\"Buchen Sie ihre Reise nach Mallorca mit Last Minute &amp; Fr\u00fchbucher-Preisvergleich, Hotelbewertungen, flexiblen Terminen und Abflughafen.\" \/>\n<meta name=\"robots\" content=\"index, follow, max-snippet:-1, max-image-preview:large, max-video-preview:-1\" \/>\n<link rel=\"canonical\" href=\"https:\/\/www.ihr-ferienpartner.de\/mobil\/roc-gran-camp-de-mar\/\" \/>\n<meta property=\"og:locale\" content=\"de_DE\" \/>\n<meta property=\"og:type\" content=\"article\" \/>\n<meta property=\"og:title\" content=\"Alua Gran Camp de Mar - Urlaub g\u00fcnstig buchen!\" \/>\n<meta property=\"og:description\" content=\"Buchen Sie ihre Reise nach Mallorca mit Last Minute &amp; Fr\u00fchbucher-Preisvergleich, Hotelbewertungen, flexiblen Terminen und Abflughafen.\" \/>\n<meta property=\"og:url\" content=\"https:\/\/www.ihr-ferienpartner.de\/mobil\/roc-gran-camp-de-mar\/\" \/>\n<meta property=\"og:site_name\" content=\"FINDE DEIN SPONTANIEN - Reisen g\u00fcnstig buchen\" \/>\n<meta property=\"article:modified_time\" content=\"2024-07-15T14:58:11+00:00\" \/>\n<meta property=\"og:image\" content=\"https:\/\/www.ihr-ferienpartner.de\/Mallorca\/GranCampDeMar.jpg\" \/>\n<meta name=\"twitter:card\" content=\"summary_large_image\" \/>\n<meta name=\"twitter:label1\" content=\"Gesch\u00e4tzte Lesezeit\" \/>\n\t<meta name=\"twitter:data1\" content=\"2\u00a0Minuten\" \/>\n<script type=\"application\/ld+json\" class=\"yoast-schema-graph\">{\"@context\":\"https:\/\/schema.org\",\"@graph\":[{\"@type\":\"WebPage\",\"@id\":\"https:\/\/www.ihr-ferienpartner.de\/mobil\/roc-gran-camp-de-mar\/\",\"url\":\"https:\/\/www.ihr-ferienpartner.de\/mobil\/roc-gran-camp-de-mar\/\",\"name\":\"Alua Gran Camp de Mar - Urlaub g\u00fcnstig buchen!\",\"isPartOf\":{\"@id\":\"https:\/\/www.ihr-ferienpartner.de\/mobil\/#website\"},\"primaryImageOfPage\":{\"@id\":\"https:\/\/www.ihr-ferienpartner.de\/mobil\/roc-gran-camp-de-mar\/#primaryimage\"},\"image\":{\"@id\":\"https:\/\/www.ihr-ferienpartner.de\/mobil\/roc-gran-camp-de-mar\/#primaryimage\"},\"thumbnailUrl\":\"https:\/\/www.ihr-ferienpartner.de\/Mallorca\/GranCampDeMar.jpg\",\"datePublished\":\"2024-07-15T14:55:00+00:00\",\"dateModified\":\"2024-07-15T14:58:11+00:00\",\"description\":\"Buchen Sie ihre Reise nach Mallorca mit Last Minute & Fr\u00fchbucher-Preisvergleich, Hotelbewertungen, flexiblen Terminen und Abflughafen.\",\"breadcrumb\":{\"@id\":\"https:\/\/www.ihr-ferienpartner.de\/mobil\/roc-gran-camp-de-mar\/#breadcrumb\"},\"inLanguage\":\"de\",\"potentialAction\":[{\"@type\":\"ReadAction\",\"target\":[\"https:\/\/www.ihr-ferienpartner.de\/mobil\/roc-gran-camp-de-mar\/\"]}]},{\"@type\":\"ImageObject\",\"inLanguage\":\"de\",\"@id\":\"https:\/\/www.ihr-ferienpartner.de\/mobil\/roc-gran-camp-de-mar\/#primaryimage\",\"url\":\"https:\/\/www.ihr-ferienpartner.de\/Mallorca\/GranCampDeMar.jpg\",\"contentUrl\":\"https:\/\/www.ihr-ferienpartner.de\/Mallorca\/GranCampDeMar.jpg\"},{\"@type\":\"BreadcrumbList\",\"@id\":\"https:\/\/www.ihr-ferienpartner.de\/mobil\/roc-gran-camp-de-mar\/#breadcrumb\",\"itemListElement\":[{\"@type\":\"ListItem\",\"position\":1,\"name\":\"Startseite\",\"item\":\"https:\/\/www.ihr-ferienpartner.de\/mobil\/\"},{\"@type\":\"ListItem\",\"position\":2,\"name\":\"Alua Gran Camp de Mar\"}]},{\"@type\":\"WebSite\",\"@id\":\"https:\/\/www.ihr-ferienpartner.de\/mobil\/#website\",\"url\":\"https:\/\/www.ihr-ferienpartner.de\/mobil\/\",\"name\":\"FINDE DEIN SPONTANIEN - Reisen g\u00fcnstig buchen\",\"description\":\"Flugreisen im Preisvergleich mit flexiblen Terminen &amp; Abflughafen.\",\"publisher\":{\"@id\":\"https:\/\/www.ihr-ferienpartner.de\/mobil\/#organization\"},\"potentialAction\":[{\"@type\":\"SearchAction\",\"target\":{\"@type\":\"EntryPoint\",\"urlTemplate\":\"https:\/\/www.ihr-ferienpartner.de\/mobil\/?s={search_term_string}\"},\"query-input\":\"required name=search_term_string\"}],\"inLanguage\":\"de\"},{\"@type\":\"Organization\",\"@id\":\"https:\/\/www.ihr-ferienpartner.de\/mobil\/#organization\",\"name\":\"FINDE DEIN SPONTANIEN - Reisen g\u00fcnstig buchen\",\"url\":\"https:\/\/www.ihr-ferienpartner.de\/mobil\/\",\"logo\":{\"@type\":\"ImageObject\",\"inLanguage\":\"de\",\"@id\":\"https:\/\/www.ihr-ferienpartner.de\/mobil\/#\/schema\/logo\/image\/\",\"url\":\"https:\/\/www.ihr-ferienpartner.de\/mobil\/wp-content\/uploads\/2019\/10\/spontanien.jpg\",\"contentUrl\":\"https:\/\/www.ihr-ferienpartner.de\/mobil\/wp-content\/uploads\/2019\/10\/spontanien.jpg\",\"width\":818,\"height\":200,\"caption\":\"FINDE DEIN SPONTANIEN - Reisen g\u00fcnstig buchen\"},\"image\":{\"@id\":\"https:\/\/www.ihr-ferienpartner.de\/mobil\/#\/schema\/logo\/image\/\"}}]}<\/script>\n<!-- \/ Yoast SEO plugin. -->","yoast_head_json":{"title":"Alua Gran Camp de Mar - Urlaub g\u00fcnstig buchen!","description":"Buchen Sie ihre Reise nach Mallorca mit Last Minute & Fr\u00fchbucher-Preisvergleich, Hotelbewertungen, flexiblen Terminen und Abflughafen.","robots":{"index":"index","follow":"follow","max-snippet":"max-snippet:-1","max-image-preview":"max-image-preview:large","max-video-preview":"max-video-preview:-1"},"canonical":"https:\/\/www.ihr-ferienpartner.de\/mobil\/roc-gran-camp-de-mar\/","og_locale":"de_DE","og_type":"article","og_title":"Alua Gran Camp de Mar - Urlaub g\u00fcnstig buchen!","og_description":"Buchen Sie ihre Reise nach Mallorca mit Last Minute & Fr\u00fchbucher-Preisvergleich, Hotelbewertungen, flexiblen Terminen und Abflughafen.","og_url":"https:\/\/www.ihr-ferienpartner.de\/mobil\/roc-gran-camp-de-mar\/","og_site_name":"FINDE DEIN SPONTANIEN - Reisen g\u00fcnstig buchen","article_modified_time":"2024-07-15T14:58:11+00:00","og_image":[{"url":"https:\/\/www.ihr-ferienpartner.de\/Mallorca\/GranCampDeMar.jpg"}],"twitter_card":"summary_large_image","twitter_misc":{"Gesch\u00e4tzte Lesezeit":"2\u00a0Minuten"},"schema":{"@context":"https:\/\/schema.org","@graph":[{"@type":"WebPage","@id":"https:\/\/www.ihr-ferienpartner.de\/mobil\/roc-gran-camp-de-mar\/","url":"https:\/\/www.ihr-ferienpartner.de\/mobil\/roc-gran-camp-de-mar\/","name":"Alua Gran Camp de Mar - Urlaub g\u00fcnstig buchen!","isPartOf":{"@id":"https:\/\/www.ihr-ferienpartner.de\/mobil\/#website"},"primaryImageOfPage":{"@id":"https:\/\/www.ihr-ferienpartner.de\/mobil\/roc-gran-camp-de-mar\/#primaryimage"},"image":{"@id":"https:\/\/www.ihr-ferienpartner.de\/mobil\/roc-gran-camp-de-mar\/#primaryimage"},"thumbnailUrl":"https:\/\/www.ihr-ferienpartner.de\/Mallorca\/GranCampDeMar.jpg","datePublished":"2024-07-15T14:55:00+00:00","dateModified":"2024-07-15T14:58:11+00:00","description":"Buchen Sie ihre Reise nach Mallorca mit Last Minute & Fr\u00fchbucher-Preisvergleich, Hotelbewertungen, flexiblen Terminen und Abflughafen.","breadcrumb":{"@id":"https:\/\/www.ihr-ferienpartner.de\/mobil\/roc-gran-camp-de-mar\/#breadcrumb"},"inLanguage":"de","potentialAction":[{"@type":"ReadAction","target":["https:\/\/www.ihr-ferienpartner.de\/mobil\/roc-gran-camp-de-mar\/"]}]},{"@type":"ImageObject","inLanguage":"de","@id":"https:\/\/www.ihr-ferienpartner.de\/mobil\/roc-gran-camp-de-mar\/#primaryimage","url":"https:\/\/www.ihr-ferienpartner.de\/Mallorca\/GranCampDeMar.jpg","contentUrl":"https:\/\/www.ihr-ferienpartner.de\/Mallorca\/GranCampDeMar.jpg"},{"@type":"BreadcrumbList","@id":"https:\/\/www.ihr-ferienpartner.de\/mobil\/roc-gran-camp-de-mar\/#breadcrumb","itemListElement":[{"@type":"ListItem","position":1,"name":"Startseite","item":"https:\/\/www.ihr-ferienpartner.de\/mobil\/"},{"@type":"ListItem","position":2,"name":"Alua Gran Camp de Mar"}]},{"@type":"WebSite","@id":"https:\/\/www.ihr-ferienpartner.de\/mobil\/#website","url":"https:\/\/www.ihr-ferienpartner.de\/mobil\/","name":"FINDE DEIN SPONTANIEN - Reisen g\u00fcnstig buchen","description":"Flugreisen im Preisvergleich mit flexiblen Terminen &amp; Abflughafen.","publisher":{"@id":"https:\/\/www.ihr-ferienpartner.de\/mobil\/#organization"},"potentialAction":[{"@type":"SearchAction","target":{"@type":"EntryPoint","urlTemplate":"https:\/\/www.ihr-ferienpartner.de\/mobil\/?s={search_term_string}"},"query-input":"required name=search_term_string"}],"inLanguage":"de"},{"@type":"Organization","@id":"https:\/\/www.ihr-ferienpartner.de\/mobil\/#organization","name":"FINDE DEIN SPONTANIEN - Reisen g\u00fcnstig buchen","url":"https:\/\/www.ihr-ferienpartner.de\/mobil\/","logo":{"@type":"ImageObject","inLanguage":"de","@id":"https:\/\/www.ihr-ferienpartner.de\/mobil\/#\/schema\/logo\/image\/","url":"https:\/\/www.ihr-ferienpartner.de\/mobil\/wp-content\/uploads\/2019\/10\/spontanien.jpg","contentUrl":"https:\/\/www.ihr-ferienpartner.de\/mobil\/wp-content\/uploads\/2019\/10\/spontanien.jpg","width":818,"height":200,"caption":"FINDE DEIN SPONTANIEN - Reisen g\u00fcnstig buchen"},"image":{"@id":"https:\/\/www.ihr-ferienpartner.de\/mobil\/#\/schema\/logo\/image\/"}}]}},"_links":{"self":[{"href":"https:\/\/www.ihr-ferienpartner.de\/mobil\/wp-json\/wp\/v2\/pages\/2642"}],"collection":[{"href":"https:\/\/www.ihr-ferienpartner.de\/mobil\/wp-json\/wp\/v2\/pages"}],"about":[{"href":"https:\/\/www.ihr-ferienpartner.de\/mobil\/wp-json\/wp\/v2\/types\/page"}],"author":[{"embeddable":true,"href":"https:\/\/www.ihr-ferienpartner.de\/mobil\/wp-json\/wp\/v2\/users\/1"}],"replies":[{"embeddable":true,"href":"https:\/\/www.ihr-ferienpartner.de\/mobil\/wp-json\/wp\/v2\/comments?post=2642"}],"version-history":[{"count":12,"href":"https:\/\/www.ihr-ferienpartner.de\/mobil\/wp-json\/wp\/v2\/pages\/2642\/revisions"}],"predecessor-version":[{"id":5727,"href":"https:\/\/www.ihr-ferienpartner.de\/mobil\/wp-json\/wp\/v2\/pages\/2642\/revisions\/5727"}],"wp:attachment":[{"href":"https:\/\/www.ihr-ferienpartner.de\/mobil\/wp-json\/wp\/v2\/media?parent=2642"}],"curies":[{"name":"wp","href":"https:\/\/api.w.org\/{rel}","templated":true}]}}