{"id":2654,"date":"2024-06-26T13:25:44","date_gmt":"2024-06-26T11:25:44","guid":{"rendered":"http:\/\/www.ihr-ferienpartner.de\/mobil\/?page_id=2654"},"modified":"2024-06-26T13:25:44","modified_gmt":"2024-06-26T11:25:44","slug":"hipotels-hipocampo","status":"publish","type":"page","link":"https:\/\/www.ihr-ferienpartner.de\/mobil\/hipotels-hipocampo\/","title":{"rendered":"Hipotels Hipocampo Playa"},"content":{"rendered":"<div style=\"background-color: #ffffff; padding: 20px 20px 20px 20px;\">\n<h1>Hipotels Hipocampo Playa<\/h1>\n<p>Cala Millor (Mallorca)<\/p>\n<p><img decoding=\"async\" src=\"https:\/\/www.ihr-ferienpartner.de\/Mallorca\/Hipocampo.jpg\" alt=\"Willkommen auf der Hotel Hipotels Hipocampo-Webseite von ihr-ferienpartner.de\" title=\"Reisen nach Mallorca mit Hotel-TippHipotels Hipocampo in Cala Millor\"><br \/>\n<font size=\"-1\"><b>Direkt an der Strandpromenade von Cala Millor.<\/b> Profitieren Sie bei der Buchung des sehr beliebten Hipotels Hipocampo Playa von unserem unabh\u00e4ngigen <strong>Anbieter-Preisvergleich<\/strong> und von den authentischen <strong>Hotelbewertungen<\/strong>. <b>Ideal f\u00fcr Strandurlaub<\/b> an Mallorcas Ostk\u00fcste.<\/font><\/p>\n<hr>\n<p><b><font color=\"b62b31\">Hotel-Tipp:<\/font><\/b> <a href=\"https:\/\/www.ihr-ferienpartner.de\/mobil\/dl-pauschal2\/?cityId=751&amp;duration=7-7&amp;from=15&amp;to=316&amp;hotelName=hipotel\">alle Hipotels in Cala Millor &gt;&gt;<\/a><br \/>\n<b><font color=\"b62b31\">alle Hotels auf:<\/font><\/b> <a href=\"https:\/\/www.ihr-ferienpartner.de\/mobil\/mallorca\/\">Mallorca &gt;&gt;<\/a><\/p>\n<hr>\n<div id=\"ypsnet-ibe\" data-src=\"https:\/\/b2b.specials.de\/index\/jump\/119\/2780\/991880\/?action=dates&amp;regionId=133&amp;from=15&amp;to=316&amp;duration=7-7&amp;maxPrice=5000&amp;adults=2&amp;giataId=3165\"><\/div>\n<p><script src=\"https:\/\/webmedia.ypsilon.net\/spl_js\/ypsnet-ibe.js\"><\/script><\/p>\n<\/div>\n<div style=\"background-color: #ffffff; padding: 20px 20px 20px 20px;\">\n<hr>\n<p><b>Urlaub im Hipotels Hipocampo in Cala Millor:<\/b><br \/>\n<img decoding=\"async\" src=\"https:\/\/www.ihr-ferienpartner.de\/Angebot\/CalaMillor.jpg\" alt=\"Urlaub in Cala Millor\" title=\"Urlaubsort Cala Millor\"><br \/>\nBuchen Sie Ihre Mallorca-Reise und profitieren Sie u.a. vom Anbieter-Preisvergleich und Hotel-Rankings aus \u00fcber 1.000.000 authentischen Hotelbewertungen.<\/p>\n<p><img decoding=\"async\" src=\"https:\/\/www.ihr-ferienpartner.de\/Angebot\/Anbietervergleich.jpg\" alt=\"Reisen nach Mallorca in Hipotels Hipocampo in Cala Millor\" title=\"Reisen nach Mallorca in das Hipotels Hipocampo in Cala Millor\"><\/p>\n<\/div>\n","protected":false},"excerpt":{"rendered":"<p>Hipotels Hipocampo Playa Cala Millor (Mallorca) Direkt an der Strandpromenade von Cala Millor. Profitieren Sie bei der Buchung des sehr beliebten Hipotels Hipocampo Playa von unserem unabh\u00e4ngigen Anbieter-Preisvergleich und von den authentischen Hotelbewertungen. Ideal f\u00fcr Strandurlaub an Mallorcas Ostk\u00fcste. Hotel-Tipp: alle Hipotels in Cala Millor &gt;&gt; alle Hotels auf: Mallorca &gt;&gt; Urlaub im Hipotels Hipocampo [&hellip;]<\/p>\n","protected":false},"author":1,"featured_media":0,"parent":0,"menu_order":0,"comment_status":"closed","ping_status":"closed","template":"","meta":{"footnotes":""},"yoast_head":"<!-- This site is optimized with the Yoast SEO plugin v22.8 - https:\/\/yoast.com\/wordpress\/plugins\/seo\/ -->\n<title>Hipotels Hipocampo Playa - Mallorca Urlaub g\u00fcnstig buchen!<\/title>\n<meta name=\"description\" content=\"Flugreise nach Cala Millor clever buchen: Preisvergleich, Last Minute &amp; Fr\u00fchbucher-Preise, Hotelbewertungen, flexible Termine &amp; Abflughafen.\" \/>\n<meta name=\"robots\" content=\"index, follow, max-snippet:-1, max-image-preview:large, max-video-preview:-1\" \/>\n<link rel=\"canonical\" href=\"https:\/\/www.ihr-ferienpartner.de\/mobil\/hipotels-hipocampo\/\" \/>\n<meta property=\"og:locale\" content=\"de_DE\" \/>\n<meta property=\"og:type\" content=\"article\" \/>\n<meta property=\"og:title\" content=\"Hipotels Hipocampo Playa - Mallorca Urlaub g\u00fcnstig buchen!\" \/>\n<meta property=\"og:description\" content=\"Flugreise nach Cala Millor clever buchen: Preisvergleich, Last Minute &amp; Fr\u00fchbucher-Preise, Hotelbewertungen, flexible Termine &amp; Abflughafen.\" \/>\n<meta property=\"og:url\" content=\"https:\/\/www.ihr-ferienpartner.de\/mobil\/hipotels-hipocampo\/\" \/>\n<meta property=\"og:site_name\" content=\"FINDE DEIN SPONTANIEN - Reisen g\u00fcnstig buchen\" \/>\n<meta property=\"og:image\" content=\"https:\/\/www.ihr-ferienpartner.de\/Mallorca\/Hipocampo.jpg\" \/>\n<meta name=\"twitter:card\" content=\"summary_large_image\" \/>\n<meta name=\"twitter:label1\" content=\"Gesch\u00e4tzte Lesezeit\" \/>\n\t<meta name=\"twitter:data1\" content=\"2\u00a0Minuten\" \/>\n<script type=\"application\/ld+json\" class=\"yoast-schema-graph\">{\"@context\":\"https:\/\/schema.org\",\"@graph\":[{\"@type\":\"WebPage\",\"@id\":\"https:\/\/www.ihr-ferienpartner.de\/mobil\/hipotels-hipocampo\/\",\"url\":\"https:\/\/www.ihr-ferienpartner.de\/mobil\/hipotels-hipocampo\/\",\"name\":\"Hipotels Hipocampo Playa - Mallorca Urlaub g\u00fcnstig buchen!\",\"isPartOf\":{\"@id\":\"https:\/\/www.ihr-ferienpartner.de\/mobil\/#website\"},\"primaryImageOfPage\":{\"@id\":\"https:\/\/www.ihr-ferienpartner.de\/mobil\/hipotels-hipocampo\/#primaryimage\"},\"image\":{\"@id\":\"https:\/\/www.ihr-ferienpartner.de\/mobil\/hipotels-hipocampo\/#primaryimage\"},\"thumbnailUrl\":\"https:\/\/www.ihr-ferienpartner.de\/Mallorca\/Hipocampo.jpg\",\"datePublished\":\"2024-06-26T11:25:44+00:00\",\"dateModified\":\"2024-06-26T11:25:44+00:00\",\"description\":\"Flugreise nach Cala Millor clever buchen: Preisvergleich, Last Minute & Fr\u00fchbucher-Preise, Hotelbewertungen, flexible Termine & Abflughafen.\",\"breadcrumb\":{\"@id\":\"https:\/\/www.ihr-ferienpartner.de\/mobil\/hipotels-hipocampo\/#breadcrumb\"},\"inLanguage\":\"de\",\"potentialAction\":[{\"@type\":\"ReadAction\",\"target\":[\"https:\/\/www.ihr-ferienpartner.de\/mobil\/hipotels-hipocampo\/\"]}]},{\"@type\":\"ImageObject\",\"inLanguage\":\"de\",\"@id\":\"https:\/\/www.ihr-ferienpartner.de\/mobil\/hipotels-hipocampo\/#primaryimage\",\"url\":\"https:\/\/www.ihr-ferienpartner.de\/Mallorca\/Hipocampo.jpg\",\"contentUrl\":\"https:\/\/www.ihr-ferienpartner.de\/Mallorca\/Hipocampo.jpg\"},{\"@type\":\"BreadcrumbList\",\"@id\":\"https:\/\/www.ihr-ferienpartner.de\/mobil\/hipotels-hipocampo\/#breadcrumb\",\"itemListElement\":[{\"@type\":\"ListItem\",\"position\":1,\"name\":\"Startseite\",\"item\":\"https:\/\/www.ihr-ferienpartner.de\/mobil\/\"},{\"@type\":\"ListItem\",\"position\":2,\"name\":\"Hipotels Hipocampo Playa\"}]},{\"@type\":\"WebSite\",\"@id\":\"https:\/\/www.ihr-ferienpartner.de\/mobil\/#website\",\"url\":\"https:\/\/www.ihr-ferienpartner.de\/mobil\/\",\"name\":\"FINDE DEIN SPONTANIEN - Reisen g\u00fcnstig buchen\",\"description\":\"Flugreisen im Preisvergleich mit flexiblen Terminen &amp; Abflughafen.\",\"publisher\":{\"@id\":\"https:\/\/www.ihr-ferienpartner.de\/mobil\/#organization\"},\"potentialAction\":[{\"@type\":\"SearchAction\",\"target\":{\"@type\":\"EntryPoint\",\"urlTemplate\":\"https:\/\/www.ihr-ferienpartner.de\/mobil\/?s={search_term_string}\"},\"query-input\":\"required name=search_term_string\"}],\"inLanguage\":\"de\"},{\"@type\":\"Organization\",\"@id\":\"https:\/\/www.ihr-ferienpartner.de\/mobil\/#organization\",\"name\":\"FINDE DEIN SPONTANIEN - Reisen g\u00fcnstig buchen\",\"url\":\"https:\/\/www.ihr-ferienpartner.de\/mobil\/\",\"logo\":{\"@type\":\"ImageObject\",\"inLanguage\":\"de\",\"@id\":\"https:\/\/www.ihr-ferienpartner.de\/mobil\/#\/schema\/logo\/image\/\",\"url\":\"https:\/\/www.ihr-ferienpartner.de\/mobil\/wp-content\/uploads\/2019\/10\/spontanien.jpg\",\"contentUrl\":\"https:\/\/www.ihr-ferienpartner.de\/mobil\/wp-content\/uploads\/2019\/10\/spontanien.jpg\",\"width\":818,\"height\":200,\"caption\":\"FINDE DEIN SPONTANIEN - Reisen g\u00fcnstig buchen\"},\"image\":{\"@id\":\"https:\/\/www.ihr-ferienpartner.de\/mobil\/#\/schema\/logo\/image\/\"}}]}<\/script>\n<!-- \/ Yoast SEO plugin. -->","yoast_head_json":{"title":"Hipotels Hipocampo Playa - Mallorca Urlaub g\u00fcnstig buchen!","description":"Flugreise nach Cala Millor clever buchen: Preisvergleich, Last Minute & Fr\u00fchbucher-Preise, Hotelbewertungen, flexible Termine & Abflughafen.","robots":{"index":"index","follow":"follow","max-snippet":"max-snippet:-1","max-image-preview":"max-image-preview:large","max-video-preview":"max-video-preview:-1"},"canonical":"https:\/\/www.ihr-ferienpartner.de\/mobil\/hipotels-hipocampo\/","og_locale":"de_DE","og_type":"article","og_title":"Hipotels Hipocampo Playa - Mallorca Urlaub g\u00fcnstig buchen!","og_description":"Flugreise nach Cala Millor clever buchen: Preisvergleich, Last Minute & Fr\u00fchbucher-Preise, Hotelbewertungen, flexible Termine & Abflughafen.","og_url":"https:\/\/www.ihr-ferienpartner.de\/mobil\/hipotels-hipocampo\/","og_site_name":"FINDE DEIN SPONTANIEN - Reisen g\u00fcnstig buchen","og_image":[{"url":"https:\/\/www.ihr-ferienpartner.de\/Mallorca\/Hipocampo.jpg"}],"twitter_card":"summary_large_image","twitter_misc":{"Gesch\u00e4tzte Lesezeit":"2\u00a0Minuten"},"schema":{"@context":"https:\/\/schema.org","@graph":[{"@type":"WebPage","@id":"https:\/\/www.ihr-ferienpartner.de\/mobil\/hipotels-hipocampo\/","url":"https:\/\/www.ihr-ferienpartner.de\/mobil\/hipotels-hipocampo\/","name":"Hipotels Hipocampo Playa - Mallorca Urlaub g\u00fcnstig buchen!","isPartOf":{"@id":"https:\/\/www.ihr-ferienpartner.de\/mobil\/#website"},"primaryImageOfPage":{"@id":"https:\/\/www.ihr-ferienpartner.de\/mobil\/hipotels-hipocampo\/#primaryimage"},"image":{"@id":"https:\/\/www.ihr-ferienpartner.de\/mobil\/hipotels-hipocampo\/#primaryimage"},"thumbnailUrl":"https:\/\/www.ihr-ferienpartner.de\/Mallorca\/Hipocampo.jpg","datePublished":"2024-06-26T11:25:44+00:00","dateModified":"2024-06-26T11:25:44+00:00","description":"Flugreise nach Cala Millor clever buchen: Preisvergleich, Last Minute & Fr\u00fchbucher-Preise, Hotelbewertungen, flexible Termine & Abflughafen.","breadcrumb":{"@id":"https:\/\/www.ihr-ferienpartner.de\/mobil\/hipotels-hipocampo\/#breadcrumb"},"inLanguage":"de","potentialAction":[{"@type":"ReadAction","target":["https:\/\/www.ihr-ferienpartner.de\/mobil\/hipotels-hipocampo\/"]}]},{"@type":"ImageObject","inLanguage":"de","@id":"https:\/\/www.ihr-ferienpartner.de\/mobil\/hipotels-hipocampo\/#primaryimage","url":"https:\/\/www.ihr-ferienpartner.de\/Mallorca\/Hipocampo.jpg","contentUrl":"https:\/\/www.ihr-ferienpartner.de\/Mallorca\/Hipocampo.jpg"},{"@type":"BreadcrumbList","@id":"https:\/\/www.ihr-ferienpartner.de\/mobil\/hipotels-hipocampo\/#breadcrumb","itemListElement":[{"@type":"ListItem","position":1,"name":"Startseite","item":"https:\/\/www.ihr-ferienpartner.de\/mobil\/"},{"@type":"ListItem","position":2,"name":"Hipotels Hipocampo Playa"}]},{"@type":"WebSite","@id":"https:\/\/www.ihr-ferienpartner.de\/mobil\/#website","url":"https:\/\/www.ihr-ferienpartner.de\/mobil\/","name":"FINDE DEIN SPONTANIEN - Reisen g\u00fcnstig buchen","description":"Flugreisen im Preisvergleich mit flexiblen Terminen &amp; Abflughafen.","publisher":{"@id":"https:\/\/www.ihr-ferienpartner.de\/mobil\/#organization"},"potentialAction":[{"@type":"SearchAction","target":{"@type":"EntryPoint","urlTemplate":"https:\/\/www.ihr-ferienpartner.de\/mobil\/?s={search_term_string}"},"query-input":"required name=search_term_string"}],"inLanguage":"de"},{"@type":"Organization","@id":"https:\/\/www.ihr-ferienpartner.de\/mobil\/#organization","name":"FINDE DEIN SPONTANIEN - Reisen g\u00fcnstig buchen","url":"https:\/\/www.ihr-ferienpartner.de\/mobil\/","logo":{"@type":"ImageObject","inLanguage":"de","@id":"https:\/\/www.ihr-ferienpartner.de\/mobil\/#\/schema\/logo\/image\/","url":"https:\/\/www.ihr-ferienpartner.de\/mobil\/wp-content\/uploads\/2019\/10\/spontanien.jpg","contentUrl":"https:\/\/www.ihr-ferienpartner.de\/mobil\/wp-content\/uploads\/2019\/10\/spontanien.jpg","width":818,"height":200,"caption":"FINDE DEIN SPONTANIEN - Reisen g\u00fcnstig buchen"},"image":{"@id":"https:\/\/www.ihr-ferienpartner.de\/mobil\/#\/schema\/logo\/image\/"}}]}},"_links":{"self":[{"href":"https:\/\/www.ihr-ferienpartner.de\/mobil\/wp-json\/wp\/v2\/pages\/2654"}],"collection":[{"href":"https:\/\/www.ihr-ferienpartner.de\/mobil\/wp-json\/wp\/v2\/pages"}],"about":[{"href":"https:\/\/www.ihr-ferienpartner.de\/mobil\/wp-json\/wp\/v2\/types\/page"}],"author":[{"embeddable":true,"href":"https:\/\/www.ihr-ferienpartner.de\/mobil\/wp-json\/wp\/v2\/users\/1"}],"replies":[{"embeddable":true,"href":"https:\/\/www.ihr-ferienpartner.de\/mobil\/wp-json\/wp\/v2\/comments?post=2654"}],"version-history":[{"count":10,"href":"https:\/\/www.ihr-ferienpartner.de\/mobil\/wp-json\/wp\/v2\/pages\/2654\/revisions"}],"predecessor-version":[{"id":5686,"href":"https:\/\/www.ihr-ferienpartner.de\/mobil\/wp-json\/wp\/v2\/pages\/2654\/revisions\/5686"}],"wp:attachment":[{"href":"https:\/\/www.ihr-ferienpartner.de\/mobil\/wp-json\/wp\/v2\/media?parent=2654"}],"curies":[{"name":"wp","href":"https:\/\/api.w.org\/{rel}","templated":true}]}}