{"id":28,"date":"2023-01-18T13:36:30","date_gmt":"2023-01-18T12:36:30","guid":{"rendered":"http:\/\/www.ihr-ferienpartner.de\/mobil\/?page_id=28"},"modified":"2023-01-18T13:49:43","modified_gmt":"2023-01-18T12:49:43","slug":"online-buchung","status":"publish","type":"page","link":"https:\/\/www.ihr-ferienpartner.de\/mobil\/online-buchung\/","title":{"rendered":"Online-Buchung"},"content":{"rendered":"<div style=\"background-color: #ffffff; padding:20px 20px 20px 20px;\">\n<h1>Reisen online buchen<\/h1>\n<hr>\n<h2><span style=\"color: #339966;\"><em><strong>24\/7 &#8211; Online-Buchung t\u00e4glich rund um die Uhr m\u00f6glich!<\/strong><\/em><\/span><\/h2>\n<hr>\n<p>Rund um die Uhr bieten Ihnen die M\u00f6glichkeit der komfortablen Online-Buchung von <strong>\u00fcber 40 Reiseanbietern<\/strong> von Pauschalreisen und Hotels. Um keine b\u00f6se \u00dcberraschung zu erleben, finden Sie auf unserer Seite auch <strong>Hotelbewertungen<\/strong> anderer Urlauber, die Ihnen bei Ihrer Auswahl <strong>Sicherheit<\/strong> geben.<\/p>\n<hr>\n<ul>\n<li><a href=\"https:\/\/www.ihr-ferienpartner.de\/mobil\/pauschal\/\"><font size=\"+1\"><b>Pauschalreisen<\/b><\/font><\/a><font size=\"+1\"> (Flugreisen inkl. Last Minute &amp; Fr\u00fchbucher)<\/font><\/li>\n<li><a href=\"https:\/\/www.ihr-ferienpartner.de\/mobil\/hotel-2\/\">Nur Hotel<\/a><\/li>\n<li><a href=\"https:\/\/www.ihr-ferienpartner.de\/mobil\/mietwagen\/\">Mietwagen<\/a><\/li>\n<li><a href=\"https:\/\/www.ihr-ferienpartner.de\/mobil\/reiseversicherung\/\">Reiseversicherung<\/a><\/li>\n<\/ul>\n<hr>\n<p><img decoding=\"async\" src=\"https:\/\/www.ihr-ferienpartner.de\/Angebot\/Anbietervergleich.jpg\" alt=\"Unsere Partner\" width=\"886\" height=\"\"><\/p>\n<hr>\n<div align=\"right\"><img decoding=\"async\" src=\"https:\/\/www.ihr-ferienpartner.de\/mobil\/wp-content\/uploads\/2019\/10\/spontanien.jpg\" alt=\"spontanien.de\" width=\"250\"><\/div>\n<\/div>\n","protected":false},"excerpt":{"rendered":"<p>Reisen online buchen 24\/7 &#8211; Online-Buchung t\u00e4glich rund um die Uhr m\u00f6glich! Rund um die Uhr bieten Ihnen die M\u00f6glichkeit der komfortablen Online-Buchung von \u00fcber 40 Reiseanbietern von Pauschalreisen und Hotels. Um keine b\u00f6se \u00dcberraschung zu erleben, finden Sie auf unserer Seite auch Hotelbewertungen anderer Urlauber, die Ihnen bei Ihrer Auswahl Sicherheit geben. Pauschalreisen (Flugreisen [&hellip;]<\/p>\n","protected":false},"author":1,"featured_media":0,"parent":0,"menu_order":0,"comment_status":"closed","ping_status":"closed","template":"","meta":{"footnotes":""},"yoast_head":"<!-- This site is optimized with the Yoast SEO plugin v22.8 - https:\/\/yoast.com\/wordpress\/plugins\/seo\/ -->\n<title>Online-Buchung - FINDE DEIN SPONTANIEN - Reisen g\u00fcnstig buchen<\/title>\n<meta name=\"robots\" content=\"index, follow, max-snippet:-1, max-image-preview:large, max-video-preview:-1\" \/>\n<link rel=\"canonical\" href=\"https:\/\/www.ihr-ferienpartner.de\/mobil\/online-buchung\/\" \/>\n<meta property=\"og:locale\" content=\"de_DE\" \/>\n<meta property=\"og:type\" content=\"article\" \/>\n<meta property=\"og:title\" content=\"Online-Buchung - FINDE DEIN SPONTANIEN - Reisen g\u00fcnstig buchen\" \/>\n<meta property=\"og:description\" content=\"Reisen online buchen 24\/7 &#8211; Online-Buchung t\u00e4glich rund um die Uhr m\u00f6glich! Rund um die Uhr bieten Ihnen die M\u00f6glichkeit der komfortablen Online-Buchung von \u00fcber 40 Reiseanbietern von Pauschalreisen und Hotels. Um keine b\u00f6se \u00dcberraschung zu erleben, finden Sie auf unserer Seite auch Hotelbewertungen anderer Urlauber, die Ihnen bei Ihrer Auswahl Sicherheit geben. Pauschalreisen (Flugreisen [&hellip;]\" \/>\n<meta property=\"og:url\" content=\"https:\/\/www.ihr-ferienpartner.de\/mobil\/online-buchung\/\" \/>\n<meta property=\"og:site_name\" content=\"FINDE DEIN SPONTANIEN - Reisen g\u00fcnstig buchen\" \/>\n<meta property=\"article:modified_time\" content=\"2023-01-18T12:49:43+00:00\" \/>\n<meta property=\"og:image\" content=\"https:\/\/www.ihr-ferienpartner.de\/Angebot\/Anbietervergleich.jpg\" \/>\n<meta name=\"twitter:card\" content=\"summary_large_image\" \/>\n<meta name=\"twitter:label1\" content=\"Gesch\u00e4tzte Lesezeit\" \/>\n\t<meta name=\"twitter:data1\" content=\"1\u00a0Minute\" \/>\n<script type=\"application\/ld+json\" class=\"yoast-schema-graph\">{\"@context\":\"https:\/\/schema.org\",\"@graph\":[{\"@type\":\"WebPage\",\"@id\":\"https:\/\/www.ihr-ferienpartner.de\/mobil\/online-buchung\/\",\"url\":\"https:\/\/www.ihr-ferienpartner.de\/mobil\/online-buchung\/\",\"name\":\"Online-Buchung - FINDE DEIN SPONTANIEN - Reisen g\u00fcnstig buchen\",\"isPartOf\":{\"@id\":\"https:\/\/www.ihr-ferienpartner.de\/mobil\/#website\"},\"primaryImageOfPage\":{\"@id\":\"https:\/\/www.ihr-ferienpartner.de\/mobil\/online-buchung\/#primaryimage\"},\"image\":{\"@id\":\"https:\/\/www.ihr-ferienpartner.de\/mobil\/online-buchung\/#primaryimage\"},\"thumbnailUrl\":\"https:\/\/www.ihr-ferienpartner.de\/Angebot\/Anbietervergleich.jpg\",\"datePublished\":\"2023-01-18T12:36:30+00:00\",\"dateModified\":\"2023-01-18T12:49:43+00:00\",\"breadcrumb\":{\"@id\":\"https:\/\/www.ihr-ferienpartner.de\/mobil\/online-buchung\/#breadcrumb\"},\"inLanguage\":\"de\",\"potentialAction\":[{\"@type\":\"ReadAction\",\"target\":[\"https:\/\/www.ihr-ferienpartner.de\/mobil\/online-buchung\/\"]}]},{\"@type\":\"ImageObject\",\"inLanguage\":\"de\",\"@id\":\"https:\/\/www.ihr-ferienpartner.de\/mobil\/online-buchung\/#primaryimage\",\"url\":\"https:\/\/www.ihr-ferienpartner.de\/Angebot\/Anbietervergleich.jpg\",\"contentUrl\":\"https:\/\/www.ihr-ferienpartner.de\/Angebot\/Anbietervergleich.jpg\"},{\"@type\":\"BreadcrumbList\",\"@id\":\"https:\/\/www.ihr-ferienpartner.de\/mobil\/online-buchung\/#breadcrumb\",\"itemListElement\":[{\"@type\":\"ListItem\",\"position\":1,\"name\":\"Startseite\",\"item\":\"https:\/\/www.ihr-ferienpartner.de\/mobil\/\"},{\"@type\":\"ListItem\",\"position\":2,\"name\":\"Online-Buchung\"}]},{\"@type\":\"WebSite\",\"@id\":\"https:\/\/www.ihr-ferienpartner.de\/mobil\/#website\",\"url\":\"https:\/\/www.ihr-ferienpartner.de\/mobil\/\",\"name\":\"FINDE DEIN SPONTANIEN - Reisen g\u00fcnstig buchen\",\"description\":\"Flugreisen im Preisvergleich mit flexiblen Terminen &amp; Abflughafen.\",\"publisher\":{\"@id\":\"https:\/\/www.ihr-ferienpartner.de\/mobil\/#organization\"},\"potentialAction\":[{\"@type\":\"SearchAction\",\"target\":{\"@type\":\"EntryPoint\",\"urlTemplate\":\"https:\/\/www.ihr-ferienpartner.de\/mobil\/?s={search_term_string}\"},\"query-input\":\"required name=search_term_string\"}],\"inLanguage\":\"de\"},{\"@type\":\"Organization\",\"@id\":\"https:\/\/www.ihr-ferienpartner.de\/mobil\/#organization\",\"name\":\"FINDE DEIN SPONTANIEN - Reisen g\u00fcnstig buchen\",\"url\":\"https:\/\/www.ihr-ferienpartner.de\/mobil\/\",\"logo\":{\"@type\":\"ImageObject\",\"inLanguage\":\"de\",\"@id\":\"https:\/\/www.ihr-ferienpartner.de\/mobil\/#\/schema\/logo\/image\/\",\"url\":\"https:\/\/www.ihr-ferienpartner.de\/mobil\/wp-content\/uploads\/2019\/10\/spontanien.jpg\",\"contentUrl\":\"https:\/\/www.ihr-ferienpartner.de\/mobil\/wp-content\/uploads\/2019\/10\/spontanien.jpg\",\"width\":818,\"height\":200,\"caption\":\"FINDE DEIN SPONTANIEN - Reisen g\u00fcnstig buchen\"},\"image\":{\"@id\":\"https:\/\/www.ihr-ferienpartner.de\/mobil\/#\/schema\/logo\/image\/\"}}]}<\/script>\n<!-- \/ Yoast SEO plugin. -->","yoast_head_json":{"title":"Online-Buchung - FINDE DEIN SPONTANIEN - Reisen g\u00fcnstig buchen","robots":{"index":"index","follow":"follow","max-snippet":"max-snippet:-1","max-image-preview":"max-image-preview:large","max-video-preview":"max-video-preview:-1"},"canonical":"https:\/\/www.ihr-ferienpartner.de\/mobil\/online-buchung\/","og_locale":"de_DE","og_type":"article","og_title":"Online-Buchung - FINDE DEIN SPONTANIEN - Reisen g\u00fcnstig buchen","og_description":"Reisen online buchen 24\/7 &#8211; Online-Buchung t\u00e4glich rund um die Uhr m\u00f6glich! Rund um die Uhr bieten Ihnen die M\u00f6glichkeit der komfortablen Online-Buchung von \u00fcber 40 Reiseanbietern von Pauschalreisen und Hotels. Um keine b\u00f6se \u00dcberraschung zu erleben, finden Sie auf unserer Seite auch Hotelbewertungen anderer Urlauber, die Ihnen bei Ihrer Auswahl Sicherheit geben. Pauschalreisen (Flugreisen [&hellip;]","og_url":"https:\/\/www.ihr-ferienpartner.de\/mobil\/online-buchung\/","og_site_name":"FINDE DEIN SPONTANIEN - Reisen g\u00fcnstig buchen","article_modified_time":"2023-01-18T12:49:43+00:00","og_image":[{"url":"https:\/\/www.ihr-ferienpartner.de\/Angebot\/Anbietervergleich.jpg"}],"twitter_card":"summary_large_image","twitter_misc":{"Gesch\u00e4tzte Lesezeit":"1\u00a0Minute"},"schema":{"@context":"https:\/\/schema.org","@graph":[{"@type":"WebPage","@id":"https:\/\/www.ihr-ferienpartner.de\/mobil\/online-buchung\/","url":"https:\/\/www.ihr-ferienpartner.de\/mobil\/online-buchung\/","name":"Online-Buchung - FINDE DEIN SPONTANIEN - Reisen g\u00fcnstig buchen","isPartOf":{"@id":"https:\/\/www.ihr-ferienpartner.de\/mobil\/#website"},"primaryImageOfPage":{"@id":"https:\/\/www.ihr-ferienpartner.de\/mobil\/online-buchung\/#primaryimage"},"image":{"@id":"https:\/\/www.ihr-ferienpartner.de\/mobil\/online-buchung\/#primaryimage"},"thumbnailUrl":"https:\/\/www.ihr-ferienpartner.de\/Angebot\/Anbietervergleich.jpg","datePublished":"2023-01-18T12:36:30+00:00","dateModified":"2023-01-18T12:49:43+00:00","breadcrumb":{"@id":"https:\/\/www.ihr-ferienpartner.de\/mobil\/online-buchung\/#breadcrumb"},"inLanguage":"de","potentialAction":[{"@type":"ReadAction","target":["https:\/\/www.ihr-ferienpartner.de\/mobil\/online-buchung\/"]}]},{"@type":"ImageObject","inLanguage":"de","@id":"https:\/\/www.ihr-ferienpartner.de\/mobil\/online-buchung\/#primaryimage","url":"https:\/\/www.ihr-ferienpartner.de\/Angebot\/Anbietervergleich.jpg","contentUrl":"https:\/\/www.ihr-ferienpartner.de\/Angebot\/Anbietervergleich.jpg"},{"@type":"BreadcrumbList","@id":"https:\/\/www.ihr-ferienpartner.de\/mobil\/online-buchung\/#breadcrumb","itemListElement":[{"@type":"ListItem","position":1,"name":"Startseite","item":"https:\/\/www.ihr-ferienpartner.de\/mobil\/"},{"@type":"ListItem","position":2,"name":"Online-Buchung"}]},{"@type":"WebSite","@id":"https:\/\/www.ihr-ferienpartner.de\/mobil\/#website","url":"https:\/\/www.ihr-ferienpartner.de\/mobil\/","name":"FINDE DEIN SPONTANIEN - Reisen g\u00fcnstig buchen","description":"Flugreisen im Preisvergleich mit flexiblen Terminen &amp; Abflughafen.","publisher":{"@id":"https:\/\/www.ihr-ferienpartner.de\/mobil\/#organization"},"potentialAction":[{"@type":"SearchAction","target":{"@type":"EntryPoint","urlTemplate":"https:\/\/www.ihr-ferienpartner.de\/mobil\/?s={search_term_string}"},"query-input":"required name=search_term_string"}],"inLanguage":"de"},{"@type":"Organization","@id":"https:\/\/www.ihr-ferienpartner.de\/mobil\/#organization","name":"FINDE DEIN SPONTANIEN - Reisen g\u00fcnstig buchen","url":"https:\/\/www.ihr-ferienpartner.de\/mobil\/","logo":{"@type":"ImageObject","inLanguage":"de","@id":"https:\/\/www.ihr-ferienpartner.de\/mobil\/#\/schema\/logo\/image\/","url":"https:\/\/www.ihr-ferienpartner.de\/mobil\/wp-content\/uploads\/2019\/10\/spontanien.jpg","contentUrl":"https:\/\/www.ihr-ferienpartner.de\/mobil\/wp-content\/uploads\/2019\/10\/spontanien.jpg","width":818,"height":200,"caption":"FINDE DEIN SPONTANIEN - Reisen g\u00fcnstig buchen"},"image":{"@id":"https:\/\/www.ihr-ferienpartner.de\/mobil\/#\/schema\/logo\/image\/"}}]}},"_links":{"self":[{"href":"https:\/\/www.ihr-ferienpartner.de\/mobil\/wp-json\/wp\/v2\/pages\/28"}],"collection":[{"href":"https:\/\/www.ihr-ferienpartner.de\/mobil\/wp-json\/wp\/v2\/pages"}],"about":[{"href":"https:\/\/www.ihr-ferienpartner.de\/mobil\/wp-json\/wp\/v2\/types\/page"}],"author":[{"embeddable":true,"href":"https:\/\/www.ihr-ferienpartner.de\/mobil\/wp-json\/wp\/v2\/users\/1"}],"replies":[{"embeddable":true,"href":"https:\/\/www.ihr-ferienpartner.de\/mobil\/wp-json\/wp\/v2\/comments?post=28"}],"version-history":[{"count":44,"href":"https:\/\/www.ihr-ferienpartner.de\/mobil\/wp-json\/wp\/v2\/pages\/28\/revisions"}],"predecessor-version":[{"id":5297,"href":"https:\/\/www.ihr-ferienpartner.de\/mobil\/wp-json\/wp\/v2\/pages\/28\/revisions\/5297"}],"wp:attachment":[{"href":"https:\/\/www.ihr-ferienpartner.de\/mobil\/wp-json\/wp\/v2\/media?parent=28"}],"curies":[{"name":"wp","href":"https:\/\/api.w.org\/{rel}","templated":true}]}}