{"id":291,"date":"2024-06-18T14:17:49","date_gmt":"2024-06-18T12:17:49","guid":{"rendered":"http:\/\/www.ihr-ferienpartner.de\/mobil\/?page_id=291"},"modified":"2024-06-18T14:17:50","modified_gmt":"2024-06-18T12:17:50","slug":"balearische-inseln","status":"publish","type":"page","link":"https:\/\/www.ihr-ferienpartner.de\/mobil\/balearische-inseln\/","title":{"rendered":"Balearische Inseln"},"content":{"rendered":"<div style=\"background-color: #ffffff; padding: 20px 20px 20px 20px;\">\n<h1>Balearische Inseln<\/h1>\n<hr>\n<p><strong>Nur gut 2 Stunden bis ins Paradies:<\/strong> Traumhafte Sandstr\u00e4nde und Buchten, freundliche Menschen, sch\u00f6ne Orte, vielf\u00e4ltige Unterhaltungsm\u00f6glichkeiten und eine kurze Flugdauer machen die Balearen zu einem der beliebtesten Reiseziele deutscher Urlauber.<\/p>\n<hr>\n<p><a title=\"Mallorca Reisen billig buchen!\" href=\"https:\/\/www.ihr-ferienpartner.de\/mobil\/mallorca\/\"><strong>Mallorca<\/strong> &#8211; die Perle im Mittelmeer <strong>&gt;&gt;<\/strong><\/a><br \/>\n<a title=\"Mallorca Reisen billig buchen!\" href=\"https:\/\/www.ihr-ferienpartner.de\/mobil\/mallorca\/\"> <img decoding=\"async\" src=\"https:\/\/www.ihr-ferienpartner.de\/Angebot\/Mallorca.jpg\" alt=\"Mallorca\"><\/a><br \/>\n<em>Unsere Hotel-Tipps:<\/em><br \/>\n<a href=\"https:\/\/www.ihr-ferienpartner.de\/mobil\/allsun-eden-playa\/\">allsun Eden Playa<\/a>, Playa de Muro<br \/>\n<a href=\"https:\/\/www.ihr-ferienpartner.de\/mobil\/castell-royal\/\">Universal Castell Royal<\/a>, Canyamel<br \/>\n<a href=\"https:\/\/www.ihr-ferienpartner.de\/mobil\/lido-park\/\">Universal Lido Park<\/a>, Paguera<br \/>\n<em>Beliebte Orte:<\/em><br \/>\n<a href=\"https:\/\/www.ihr-ferienpartner.de\/mobil\/paguera\/\">Paguera<\/a>, <a href=\"https:\/\/www.ihr-ferienpartner.de\/mobil\/cala-ratjada\/\">Cala Ratjada<\/a>, <a href=\"https:\/\/www.ihr-ferienpartner.de\/mobil\/alcudia\/\">Alcudia<\/a>, <a href=\"https:\/\/www.ihr-ferienpartner.de\/mobil\/colonia-sant-jordi\/\">Colonia Sant Jordi<\/a><\/p>\n<hr>\n<p><a title=\"Ibiza Urlaub buchen!\" href=\"https:\/\/www.ihr-ferienpartner.de\/mobil\/ibiza\/\"><strong>Ibiza <\/strong>&#8211; die farbenfrohe Insel <strong>&gt;&gt;<\/strong><\/a><br \/>\n<a title=\"Ibiza Reisen billig buchen!\" href=\"https:\/\/www.ihr-ferienpartner.de\/mobil\/ibiza\/\"><img decoding=\"async\" src=\"https:\/\/www.ihr-ferienpartner.de\/Angebot\/Ibiza.jpg\" alt=\"Ibiza\"><\/a><br \/>\n<em>Unsere Hotel-Tipps:<\/em><br \/>\n<a href=\"https:\/\/www.ihr-ferienpartner.de\/mobil\/grupotel-cala-san-vicente\/\">Grupotel Cala San Vicente<\/a>, Cala San Vicente<br \/>\n<a href=\"https:\/\/www.ihr-ferienpartner.de\/mobil\/insotel-fenicia-prestige\/\">Insotel Fenicia Prestige Suites &amp; Spa<\/a>, Santa Eularia del Rio<\/p>\n<hr>\n<p><a title=\"Menorca Reisen buchen!\" href=\"https:\/\/www.ihr-ferienpartner.de\/mobil\/menorca\/\"><strong>Menorca<\/strong> &#8211; &#8222;Isla verde y azul&#8220; <strong>&gt;&gt;<\/strong><\/a><br \/>\n<a title=\"Menorca Urlaub buchen!\" href=\"https:\/\/www.ihr-ferienpartner.de\/mobil\/menorca\/\"><img decoding=\"async\" src=\"https:\/\/www.ihr-ferienpartner.de\/Angebot\/Menorca.jpg\" alt=\"Menorca\"><\/a><br \/>\n<em>Unsere Hotel-Tipps:<\/em><br \/>\n<a href=\"https:\/\/www.ihr-ferienpartner.de\/mobil\/grupotel-playa-club\/\">Grupotel Playa Club<\/a>, Son Xoriguer\/Cala\u2019n Bosch<br \/>\n<a href=\"https:\/\/www.ihr-ferienpartner.de\/mobil\/melia-cala-galdana\/\">Melia Cala Galdana<\/a>, Cala Galdana<\/p>\n<hr>\n<p><a title=\"Formentera Reisen buchen!\" href=\"https:\/\/www.ihr-ferienpartner.de\/mobil\/formentera\/\"><strong>Formentera<\/strong> &#8211; die stille Sch\u00f6nheit <strong>&gt;&gt;<br \/>\n<\/strong><img decoding=\"async\" src=\"https:\/\/www.ihr-ferienpartner.de\/Angebot\/Formentera.jpg\" alt=\"Formentera\"><\/a><\/p>\n<hr>\n<p><a title=\"Balearische Inseln - Urlaub buchen\" href=\"https:\/\/www.ihr-ferienpartner.de\/mobil\/dl-pauschal2\/?regionId=100000&amp;duration=7-7&amp;from=15&amp;to=316&amp;category=3&amp;minRecommrate=70\">Pauschalreisen &#8211; <strong>alle Balearischen Inseln im Preisvergleich &gt;&gt;<\/strong><\/a><br \/>\n<em>Unser Tipp:<\/em> Profitieren Sie von den Erfahrungen anderer Urlauber &amp; nutzen Sie den Filter <b>Weiterempfehlung<\/b>.<\/p>\n<hr>\n<p><img decoding=\"async\" src=\"https:\/\/www.ihr-ferienpartner.de\/Balearen\/Balearen3.jpg\" alt=\"Balearische Inseln\"><\/p>\n<\/div>\n","protected":false},"excerpt":{"rendered":"<p>Balearische Inseln Nur gut 2 Stunden bis ins Paradies: Traumhafte Sandstr\u00e4nde und Buchten, freundliche Menschen, sch\u00f6ne Orte, vielf\u00e4ltige Unterhaltungsm\u00f6glichkeiten und eine kurze Flugdauer machen die Balearen zu einem der beliebtesten Reiseziele deutscher Urlauber. Mallorca &#8211; die Perle im Mittelmeer &gt;&gt; Unsere Hotel-Tipps: allsun Eden Playa, Playa de Muro Universal Castell Royal, Canyamel Universal Lido Park, [&hellip;]<\/p>\n","protected":false},"author":1,"featured_media":0,"parent":0,"menu_order":0,"comment_status":"closed","ping_status":"closed","template":"","meta":{"footnotes":""},"yoast_head":"<!-- This site is optimized with the Yoast SEO plugin v22.8 - https:\/\/yoast.com\/wordpress\/plugins\/seo\/ -->\n<title>Balearische Inseln - Last Minute &amp; Fr\u00fchbucher Reisen billig buchen!<\/title>\n<meta name=\"description\" content=\"Urlaub auf Mallorca, Ibiza, Menorca oder Formentera g\u00fcnstig buchen: Preisvergleich, Hotelbewertungen, flexible Termine &amp; Abflughafen.\" \/>\n<meta name=\"robots\" content=\"index, follow, max-snippet:-1, max-image-preview:large, max-video-preview:-1\" \/>\n<link rel=\"canonical\" href=\"https:\/\/www.ihr-ferienpartner.de\/mobil\/balearische-inseln\/\" \/>\n<meta property=\"og:locale\" content=\"de_DE\" \/>\n<meta property=\"og:type\" content=\"article\" \/>\n<meta property=\"og:title\" content=\"Balearische Inseln - Last Minute &amp; Fr\u00fchbucher Reisen billig buchen!\" \/>\n<meta property=\"og:description\" content=\"Urlaub auf Mallorca, Ibiza, Menorca oder Formentera g\u00fcnstig buchen: Preisvergleich, Hotelbewertungen, flexible Termine &amp; Abflughafen.\" \/>\n<meta property=\"og:url\" content=\"https:\/\/www.ihr-ferienpartner.de\/mobil\/balearische-inseln\/\" \/>\n<meta property=\"og:site_name\" content=\"FINDE DEIN SPONTANIEN - Reisen g\u00fcnstig buchen\" \/>\n<meta property=\"article:modified_time\" content=\"2024-06-18T12:17:50+00:00\" \/>\n<meta property=\"og:image\" content=\"https:\/\/www.ihr-ferienpartner.de\/Angebot\/Mallorca.jpg\" \/>\n<meta name=\"twitter:card\" content=\"summary_large_image\" \/>\n<meta name=\"twitter:label1\" content=\"Gesch\u00e4tzte Lesezeit\" \/>\n\t<meta name=\"twitter:data1\" content=\"2\u00a0Minuten\" \/>\n<script type=\"application\/ld+json\" class=\"yoast-schema-graph\">{\"@context\":\"https:\/\/schema.org\",\"@graph\":[{\"@type\":\"WebPage\",\"@id\":\"https:\/\/www.ihr-ferienpartner.de\/mobil\/balearische-inseln\/\",\"url\":\"https:\/\/www.ihr-ferienpartner.de\/mobil\/balearische-inseln\/\",\"name\":\"Balearische Inseln - Last Minute & Fr\u00fchbucher Reisen billig buchen!\",\"isPartOf\":{\"@id\":\"https:\/\/www.ihr-ferienpartner.de\/mobil\/#website\"},\"primaryImageOfPage\":{\"@id\":\"https:\/\/www.ihr-ferienpartner.de\/mobil\/balearische-inseln\/#primaryimage\"},\"image\":{\"@id\":\"https:\/\/www.ihr-ferienpartner.de\/mobil\/balearische-inseln\/#primaryimage\"},\"thumbnailUrl\":\"https:\/\/www.ihr-ferienpartner.de\/Angebot\/Mallorca.jpg\",\"datePublished\":\"2024-06-18T12:17:49+00:00\",\"dateModified\":\"2024-06-18T12:17:50+00:00\",\"description\":\"Urlaub auf Mallorca, Ibiza, Menorca oder Formentera g\u00fcnstig buchen: Preisvergleich, Hotelbewertungen, flexible Termine & Abflughafen.\",\"breadcrumb\":{\"@id\":\"https:\/\/www.ihr-ferienpartner.de\/mobil\/balearische-inseln\/#breadcrumb\"},\"inLanguage\":\"de\",\"potentialAction\":[{\"@type\":\"ReadAction\",\"target\":[\"https:\/\/www.ihr-ferienpartner.de\/mobil\/balearische-inseln\/\"]}]},{\"@type\":\"ImageObject\",\"inLanguage\":\"de\",\"@id\":\"https:\/\/www.ihr-ferienpartner.de\/mobil\/balearische-inseln\/#primaryimage\",\"url\":\"https:\/\/www.ihr-ferienpartner.de\/Angebot\/Mallorca.jpg\",\"contentUrl\":\"https:\/\/www.ihr-ferienpartner.de\/Angebot\/Mallorca.jpg\"},{\"@type\":\"BreadcrumbList\",\"@id\":\"https:\/\/www.ihr-ferienpartner.de\/mobil\/balearische-inseln\/#breadcrumb\",\"itemListElement\":[{\"@type\":\"ListItem\",\"position\":1,\"name\":\"Startseite\",\"item\":\"https:\/\/www.ihr-ferienpartner.de\/mobil\/\"},{\"@type\":\"ListItem\",\"position\":2,\"name\":\"Balearische Inseln\"}]},{\"@type\":\"WebSite\",\"@id\":\"https:\/\/www.ihr-ferienpartner.de\/mobil\/#website\",\"url\":\"https:\/\/www.ihr-ferienpartner.de\/mobil\/\",\"name\":\"FINDE DEIN SPONTANIEN - Reisen g\u00fcnstig buchen\",\"description\":\"Flugreisen im Preisvergleich mit flexiblen Terminen &amp; Abflughafen.\",\"publisher\":{\"@id\":\"https:\/\/www.ihr-ferienpartner.de\/mobil\/#organization\"},\"potentialAction\":[{\"@type\":\"SearchAction\",\"target\":{\"@type\":\"EntryPoint\",\"urlTemplate\":\"https:\/\/www.ihr-ferienpartner.de\/mobil\/?s={search_term_string}\"},\"query-input\":\"required name=search_term_string\"}],\"inLanguage\":\"de\"},{\"@type\":\"Organization\",\"@id\":\"https:\/\/www.ihr-ferienpartner.de\/mobil\/#organization\",\"name\":\"FINDE DEIN SPONTANIEN - Reisen g\u00fcnstig buchen\",\"url\":\"https:\/\/www.ihr-ferienpartner.de\/mobil\/\",\"logo\":{\"@type\":\"ImageObject\",\"inLanguage\":\"de\",\"@id\":\"https:\/\/www.ihr-ferienpartner.de\/mobil\/#\/schema\/logo\/image\/\",\"url\":\"https:\/\/www.ihr-ferienpartner.de\/mobil\/wp-content\/uploads\/2019\/10\/spontanien.jpg\",\"contentUrl\":\"https:\/\/www.ihr-ferienpartner.de\/mobil\/wp-content\/uploads\/2019\/10\/spontanien.jpg\",\"width\":818,\"height\":200,\"caption\":\"FINDE DEIN SPONTANIEN - Reisen g\u00fcnstig buchen\"},\"image\":{\"@id\":\"https:\/\/www.ihr-ferienpartner.de\/mobil\/#\/schema\/logo\/image\/\"}}]}<\/script>\n<!-- \/ Yoast SEO plugin. -->","yoast_head_json":{"title":"Balearische Inseln - Last Minute & Fr\u00fchbucher Reisen billig buchen!","description":"Urlaub auf Mallorca, Ibiza, Menorca oder Formentera g\u00fcnstig buchen: Preisvergleich, Hotelbewertungen, flexible Termine & Abflughafen.","robots":{"index":"index","follow":"follow","max-snippet":"max-snippet:-1","max-image-preview":"max-image-preview:large","max-video-preview":"max-video-preview:-1"},"canonical":"https:\/\/www.ihr-ferienpartner.de\/mobil\/balearische-inseln\/","og_locale":"de_DE","og_type":"article","og_title":"Balearische Inseln - Last Minute & Fr\u00fchbucher Reisen billig buchen!","og_description":"Urlaub auf Mallorca, Ibiza, Menorca oder Formentera g\u00fcnstig buchen: Preisvergleich, Hotelbewertungen, flexible Termine & Abflughafen.","og_url":"https:\/\/www.ihr-ferienpartner.de\/mobil\/balearische-inseln\/","og_site_name":"FINDE DEIN SPONTANIEN - Reisen g\u00fcnstig buchen","article_modified_time":"2024-06-18T12:17:50+00:00","og_image":[{"url":"https:\/\/www.ihr-ferienpartner.de\/Angebot\/Mallorca.jpg"}],"twitter_card":"summary_large_image","twitter_misc":{"Gesch\u00e4tzte Lesezeit":"2\u00a0Minuten"},"schema":{"@context":"https:\/\/schema.org","@graph":[{"@type":"WebPage","@id":"https:\/\/www.ihr-ferienpartner.de\/mobil\/balearische-inseln\/","url":"https:\/\/www.ihr-ferienpartner.de\/mobil\/balearische-inseln\/","name":"Balearische Inseln - Last Minute & Fr\u00fchbucher Reisen billig buchen!","isPartOf":{"@id":"https:\/\/www.ihr-ferienpartner.de\/mobil\/#website"},"primaryImageOfPage":{"@id":"https:\/\/www.ihr-ferienpartner.de\/mobil\/balearische-inseln\/#primaryimage"},"image":{"@id":"https:\/\/www.ihr-ferienpartner.de\/mobil\/balearische-inseln\/#primaryimage"},"thumbnailUrl":"https:\/\/www.ihr-ferienpartner.de\/Angebot\/Mallorca.jpg","datePublished":"2024-06-18T12:17:49+00:00","dateModified":"2024-06-18T12:17:50+00:00","description":"Urlaub auf Mallorca, Ibiza, Menorca oder Formentera g\u00fcnstig buchen: Preisvergleich, Hotelbewertungen, flexible Termine & Abflughafen.","breadcrumb":{"@id":"https:\/\/www.ihr-ferienpartner.de\/mobil\/balearische-inseln\/#breadcrumb"},"inLanguage":"de","potentialAction":[{"@type":"ReadAction","target":["https:\/\/www.ihr-ferienpartner.de\/mobil\/balearische-inseln\/"]}]},{"@type":"ImageObject","inLanguage":"de","@id":"https:\/\/www.ihr-ferienpartner.de\/mobil\/balearische-inseln\/#primaryimage","url":"https:\/\/www.ihr-ferienpartner.de\/Angebot\/Mallorca.jpg","contentUrl":"https:\/\/www.ihr-ferienpartner.de\/Angebot\/Mallorca.jpg"},{"@type":"BreadcrumbList","@id":"https:\/\/www.ihr-ferienpartner.de\/mobil\/balearische-inseln\/#breadcrumb","itemListElement":[{"@type":"ListItem","position":1,"name":"Startseite","item":"https:\/\/www.ihr-ferienpartner.de\/mobil\/"},{"@type":"ListItem","position":2,"name":"Balearische Inseln"}]},{"@type":"WebSite","@id":"https:\/\/www.ihr-ferienpartner.de\/mobil\/#website","url":"https:\/\/www.ihr-ferienpartner.de\/mobil\/","name":"FINDE DEIN SPONTANIEN - Reisen g\u00fcnstig buchen","description":"Flugreisen im Preisvergleich mit flexiblen Terminen &amp; Abflughafen.","publisher":{"@id":"https:\/\/www.ihr-ferienpartner.de\/mobil\/#organization"},"potentialAction":[{"@type":"SearchAction","target":{"@type":"EntryPoint","urlTemplate":"https:\/\/www.ihr-ferienpartner.de\/mobil\/?s={search_term_string}"},"query-input":"required name=search_term_string"}],"inLanguage":"de"},{"@type":"Organization","@id":"https:\/\/www.ihr-ferienpartner.de\/mobil\/#organization","name":"FINDE DEIN SPONTANIEN - Reisen g\u00fcnstig buchen","url":"https:\/\/www.ihr-ferienpartner.de\/mobil\/","logo":{"@type":"ImageObject","inLanguage":"de","@id":"https:\/\/www.ihr-ferienpartner.de\/mobil\/#\/schema\/logo\/image\/","url":"https:\/\/www.ihr-ferienpartner.de\/mobil\/wp-content\/uploads\/2019\/10\/spontanien.jpg","contentUrl":"https:\/\/www.ihr-ferienpartner.de\/mobil\/wp-content\/uploads\/2019\/10\/spontanien.jpg","width":818,"height":200,"caption":"FINDE DEIN SPONTANIEN - Reisen g\u00fcnstig buchen"},"image":{"@id":"https:\/\/www.ihr-ferienpartner.de\/mobil\/#\/schema\/logo\/image\/"}}]}},"_links":{"self":[{"href":"https:\/\/www.ihr-ferienpartner.de\/mobil\/wp-json\/wp\/v2\/pages\/291"}],"collection":[{"href":"https:\/\/www.ihr-ferienpartner.de\/mobil\/wp-json\/wp\/v2\/pages"}],"about":[{"href":"https:\/\/www.ihr-ferienpartner.de\/mobil\/wp-json\/wp\/v2\/types\/page"}],"author":[{"embeddable":true,"href":"https:\/\/www.ihr-ferienpartner.de\/mobil\/wp-json\/wp\/v2\/users\/1"}],"replies":[{"embeddable":true,"href":"https:\/\/www.ihr-ferienpartner.de\/mobil\/wp-json\/wp\/v2\/comments?post=291"}],"version-history":[{"count":27,"href":"https:\/\/www.ihr-ferienpartner.de\/mobil\/wp-json\/wp\/v2\/pages\/291\/revisions"}],"predecessor-version":[{"id":5031,"href":"https:\/\/www.ihr-ferienpartner.de\/mobil\/wp-json\/wp\/v2\/pages\/291\/revisions\/5031"}],"wp:attachment":[{"href":"https:\/\/www.ihr-ferienpartner.de\/mobil\/wp-json\/wp\/v2\/media?parent=291"}],"curies":[{"name":"wp","href":"https:\/\/api.w.org\/{rel}","templated":true}]}}