{"id":342,"date":"2026-01-28T16:02:57","date_gmt":"2026-01-28T15:02:57","guid":{"rendered":"http:\/\/www.ihr-ferienpartner.de\/mobil\/?page_id=342"},"modified":"2026-01-28T16:04:07","modified_gmt":"2026-01-28T15:04:07","slug":"reisen-in-den-schulferien","status":"publish","type":"page","link":"https:\/\/www.ihr-ferienpartner.de\/mobil\/reisen-in-den-schulferien\/","title":{"rendered":"Schulferien 2026 &#8211; Von Ferienterminen abh\u00e4ngig? Schnell Angebote sichern!"},"content":{"rendered":"<div style=\"background-color: #ffffff; padding: 20px 20px 20px 20px;\">\n<h1>Schulferien 2026 &#8211; Von Ferienterminen abh\u00e4ngig? Schnell Angebote sichern!<\/h1>\n<hr>\n<div style=\"background-color: #e1eaed; padding: 5px 10px 5px 10px;\">\n<h3><strong>Urlaub in den Schulferien? Wer von Ferienterminen abh\u00e4ngig ist, der hat meist kaum terminliche Flexibilit\u00e4t. Aus diesem Grund empfehlen wir m\u00f6glichst fr\u00fch den Urlaub zu planen.<\/strong><\/h3>\n<ul class=\"uns\">\n<li class=\"uns\"><a href=\"#osterferien\">Osterferien 2026<\/a><\/li>\n<li class=\"uns\"><a href=\"#pfingstferien\">Pfingstferien 2026<\/a><\/li>\n<li class=\"uns\"><a href=\"#sommerferien\">Sommerferien 2026<\/a><\/li>\n<li class=\"uns\"><a href=\"#herbstferien\">Herbstferien 2026<\/a><\/li>\n<p><!--\n\n<li class=\"uns\"><a href=\"#weihnachtsferien\">Weihnachtsferien 2026\/2027<\/a><\/li>\n\n--->\n<\/ul>\n<hr>\n<h4>Fr\u00fchzeitig buchen hat mehrere Vorteile:<\/h4>\n<ul class=\"uns\">\n<li class=\"uns\">mehr Zeit f\u00fcr Vorfreude<\/li>\n<li class=\"uns\">mehr Auswahl (Termine, Hotels &amp; Zielgebiete sind noch verf\u00fcgbar)<\/li>\n<li class=\"uns\">attraktive Fr\u00fchbucher-Rabatte<\/li>\n<li class=\"uns\">Preisvergleich aus dem Portfolio zahlreicher Reiseveranstalter<\/li>\n<\/ul>\n<p><img decoding=\"async\" src=\"https:\/\/www.ihr-ferienpartner.de\/Angebot\/Anbietervergleich.jpg\" alt=\"Reisen Preisvergleich\">\n<\/div>\n<hr>\n<h2><strong>Jetzt Ferientermine buchen:<\/strong><\/h2>\n<hr>\n<div style=\"background-color: #e1eaed; padding: 10px 10px 2px 10px;\">\n<h2 id=\"osterferien\">Osterferien 2026<\/h2>\n<p><a href=\"https:\/\/www.ihr-ferienpartner.de\/mobil\/osterferien-ab-basel\/\"><strong><font size=\"+1\">BaW\u00fc &#8211; Osterferien<\/font><\/strong>, z.B. ab Basel, Karlsruhe-Baden oder Stuttgart &gt;&gt;<\/a><\/p>\n<p><a href=\"https:\/\/www.ihr-ferienpartner.de\/mobil\/osterferien-ab-bayern\/\"><strong><font size=\"+1\">Bayern &#8211; Osterferien<\/font><\/strong>, z.B. ab M\u00fcnchen oder N\u00fcrnberg &gt;&gt;<\/a><\/p>\n<p><a href=\"https:\/\/www.ihr-ferienpartner.de\/mobil\/osterferien-ab-nrw\/\"><strong><font size=\"+1\">NRW &#8211; Osterferien<\/font><\/strong>, z.B. ab K\u00f6ln oder D\u00fcsseldorf &gt;&gt;<\/a><\/div>\n<hr>\n<div style=\"background-color: #e1eaed; padding: 10px 10px 2px 10px;\">\n<h2 id=\"pfingstferien\">Pfingstferien 2026<\/h2>\n<p><a href=\"https:\/\/www.ihr-ferienpartner.de\/mobil\/pfingstferien-ab-basel\/\"><strong><font size=\"+1\">BaW\u00fc &#8211; Pfingstferien<\/font><\/strong>, z.B. ab Basel, Karlsruhe-Baden oder Stuttgart &gt;&gt;<\/a><\/p>\n<p><a href=\"https:\/\/www.ihr-ferienpartner.de\/mobil\/pfingstferien-ab-bayern\/\"><strong><font size=\"+1\">Bayern &#8211; Pfingstferien<\/font><\/strong>, z.B. ab M\u00fcnchen oder N\u00fcrnberg &gt;&gt;<\/a><\/p>\n<p><a href=\"https:\/\/www.ihr-ferienpartner.de\/mobil\/pfingstferien-ab-nrw\/\"><strong><font size=\"+1\">NRW &#8211; Pfingstferien<\/font><\/strong>, z.B. ab K\u00f6ln oder D\u00fcsseldorf &gt;&gt;<\/a><\/div>\n<hr>\n<div style=\"background-color: #e1eaed; padding: 10px 10px 2px 10px;\">\n<h2 id=\"sommerferien\">Sommerferien 2026<\/h2>\n<p><a href=\"https:\/\/www.ihr-ferienpartner.de\/mobil\/sommerferien-ab-basel\/\"><strong><font size=\"+1\">BaW\u00fc &#8211; Sommerferien<\/font><\/strong>, z.B. ab Basel, Karlsruhe-Baden oder Stuttgart &gt;&gt;<\/a><\/p>\n<p><a href=\"https:\/\/www.ihr-ferienpartner.de\/mobil\/sommerferien-ab-bayern\/\"><strong><font size=\"+1\">Bayern &#8211; Sommerferien<\/font><\/strong>, z.B. ab M\u00fcnchen oder N\u00fcrnberg &gt;&gt;<\/a><\/p>\n<p><a href=\"https:\/\/www.ihr-ferienpartner.de\/mobil\/sommerferien-ab-nrw\/\"><strong><font size=\"+1\">NRW &#8211; Sommerferien<\/font><\/strong>, z.B. ab K\u00f6ln oder D\u00fcsseldorf &gt;&gt;<\/a><\/div>\n<hr>\n<div style=\"background-color: #e1eaed; padding: 10px 10px 2px 10px;\">\n<h2 id=\"herbstferien\">Herbstferien 2026<\/h2>\n<p><a href=\"https:\/\/www.ihr-ferienpartner.de\/mobil\/herbstferien-ab-basel\/\"><strong><font size=\"+1\">BaW\u00fc &#8211; Herbstferien<\/font><\/strong>, z.B. ab Basel, Karlsruhe-Baden oder Stuttgart &gt;&gt;<\/a><\/p>\n<p><a href=\"https:\/\/www.ihr-ferienpartner.de\/mobil\/herbstferien-ab-bayern\/\"><strong><font size=\"+1\">Bayern &#8211; Herbstferien<\/font><\/strong>, z.B. ab M\u00fcnchen oder N\u00fcrnberg &gt;&gt;<\/a><\/p>\n<p><a href=\"https:\/\/www.ihr-ferienpartner.de\/mobil\/herbstferien-ab-nrw\/\"><strong><font size=\"+1\">NRW &#8211; Herbstferien<\/font><\/strong>, z.B. ab K\u00f6ln oder D\u00fcsseldorf &gt;&gt;<\/a><\/div>\n<p><!--\n\n\n<hr>\n\n\n\n\n<div style=\"background-color: #e1eaed; padding: 10px 10px 2px 10px;\">\n\n\n<h2 id=\"weihnachtsferien\">Weihnachtsferien 2025\/2026<\/h2>\n\n\n<a href=\"https:\/\/www.ihr-ferienpartner.de\/mobil\/weihnachtsferien-ab-basel\/\"><strong><font size=\"+1\">BaW\u00fc - Weihnachtsferien<\/font><\/strong>, z.B. ab Basel, Karlsruhe-Baden oder Stuttgart &gt;&gt;<\/a>\n\n<a href=\"https:\/\/www.ihr-ferienpartner.de\/mobil\/weihnachtsferien-ab-bayern\/\"><strong><font size=\"+1\">Bayern - Weihnachtsferien<\/font><\/strong>, z.B. ab M\u00fcnchen oder N\u00fcrnberg &gt;&gt;<\/a>\n\n<a href=\"https:\/\/www.ihr-ferienpartner.de\/mobil\/weihnachtsferien-ab-nrw\/\"><strong><font size=\"+1\">NRW - Weihnachtsferien<\/font><\/strong>, z.B. ab K\u00f6ln oder D\u00fcsseldorf &gt;&gt;<\/a><\/div>\n\n\n--><\/p>\n<hr>\n<p><em>Unser Tipp:<\/em> Profitieren Sie von den Erfahrungen anderer Urlauber &amp; nutzen Sie den Filter <b>Weiterempfehlung<\/b>.<\/p>\n<hr>\n<div><img decoding=\"async\" src=\"https:\/\/www.ihr-ferienpartner.de\/Angebot\/Anbietervergleich.jpg\" alt=\"Unsere Partner\" width=\"886\" height=\"\"><\/div>\n<h1>Reisen in den Schulferien \/ Urlaub f\u00fcr Ferientermine buchen<\/h1>\n<h2>Angebote in den Weihnachtsferien, Osterferien, Pfingstferien, Sommerferien und Herbstferien<\/h2>\n<p>Jetzt buchen, u.a. Alltours, Schauinsland Reisen, FTI Touristik, Dertour, Attika, Bentour, Vtours, LMX Touristik.<\/p>\n<hr>\n<div style=\"text-align: left;\"><span style=\"font-size: large;\"><strong>Jetzt Schulferien 2026 buchen<\/strong><\/span> &#8211; viele Angebote f\u00fcr die kommenden Ferientermine buchbar!<br \/>\n<img decoding=\"async\" src=\"https:\/\/www.ihr-ferienpartner.de\/Reisen\/Schulferien4.jpg\" alt=\"Schulferien\"><\/div>\n<\/div>\n","protected":false},"excerpt":{"rendered":"<p>Schulferien 2026 &#8211; Von Ferienterminen abh\u00e4ngig? Schnell Angebote sichern! Urlaub in den Schulferien? Wer von Ferienterminen abh\u00e4ngig ist, der hat meist kaum terminliche Flexibilit\u00e4t. Aus diesem Grund empfehlen wir m\u00f6glichst fr\u00fch den Urlaub zu planen. Osterferien 2026 Pfingstferien 2026 Sommerferien 2026 Herbstferien 2026 Fr\u00fchzeitig buchen hat mehrere Vorteile: mehr Zeit f\u00fcr Vorfreude mehr Auswahl (Termine, [&hellip;]<\/p>\n","protected":false},"author":1,"featured_media":1838,"parent":0,"menu_order":0,"comment_status":"closed","ping_status":"closed","template":"","meta":{"footnotes":""},"yoast_head":"<!-- This site is optimized with the Yoast SEO plugin v22.8 - https:\/\/yoast.com\/wordpress\/plugins\/seo\/ -->\n<title>Schulferien 2026 - g\u00fcnstige Flugreisen buchen!<\/title>\n<meta name=\"description\" content=\"Urlaub in den Schulferien clever buchen: Anbieter-Preisvergleich, Last Minute &amp; Fr\u00fchbucher-Preise, flexible Termine und Abflughafen.\" \/>\n<meta name=\"robots\" content=\"index, follow, max-snippet:-1, max-image-preview:large, max-video-preview:-1\" \/>\n<link rel=\"canonical\" href=\"https:\/\/www.ihr-ferienpartner.de\/mobil\/reisen-in-den-schulferien\/\" \/>\n<meta property=\"og:locale\" content=\"de_DE\" \/>\n<meta property=\"og:type\" content=\"article\" \/>\n<meta property=\"og:title\" content=\"Schulferien 2026 - g\u00fcnstige Flugreisen buchen!\" \/>\n<meta property=\"og:description\" content=\"Urlaub in den Schulferien clever buchen: Anbieter-Preisvergleich, Last Minute &amp; Fr\u00fchbucher-Preise, flexible Termine und Abflughafen.\" \/>\n<meta property=\"og:url\" content=\"https:\/\/www.ihr-ferienpartner.de\/mobil\/reisen-in-den-schulferien\/\" \/>\n<meta property=\"og:site_name\" content=\"FINDE DEIN SPONTANIEN - Reisen g\u00fcnstig buchen\" \/>\n<meta property=\"article:modified_time\" content=\"2026-01-28T15:04:07+00:00\" \/>\n<meta property=\"og:image\" content=\"https:\/\/www.ihr-ferienpartner.de\/mobil\/wp-content\/uploads\/2019\/06\/Baleares.jpg\" \/>\n\t<meta property=\"og:image:width\" content=\"736\" \/>\n\t<meta property=\"og:image:height\" content=\"735\" \/>\n\t<meta property=\"og:image:type\" content=\"image\/jpeg\" \/>\n<meta name=\"twitter:card\" content=\"summary_large_image\" \/>\n<meta name=\"twitter:label1\" content=\"Gesch\u00e4tzte Lesezeit\" \/>\n\t<meta name=\"twitter:data1\" content=\"3\u00a0Minuten\" \/>\n<script type=\"application\/ld+json\" class=\"yoast-schema-graph\">{\"@context\":\"https:\/\/schema.org\",\"@graph\":[{\"@type\":\"WebPage\",\"@id\":\"https:\/\/www.ihr-ferienpartner.de\/mobil\/reisen-in-den-schulferien\/\",\"url\":\"https:\/\/www.ihr-ferienpartner.de\/mobil\/reisen-in-den-schulferien\/\",\"name\":\"Schulferien 2026 - g\u00fcnstige Flugreisen buchen!\",\"isPartOf\":{\"@id\":\"https:\/\/www.ihr-ferienpartner.de\/mobil\/#website\"},\"primaryImageOfPage\":{\"@id\":\"https:\/\/www.ihr-ferienpartner.de\/mobil\/reisen-in-den-schulferien\/#primaryimage\"},\"image\":{\"@id\":\"https:\/\/www.ihr-ferienpartner.de\/mobil\/reisen-in-den-schulferien\/#primaryimage\"},\"thumbnailUrl\":\"https:\/\/www.ihr-ferienpartner.de\/mobil\/wp-content\/uploads\/2019\/06\/Baleares.jpg\",\"datePublished\":\"2026-01-28T15:02:57+00:00\",\"dateModified\":\"2026-01-28T15:04:07+00:00\",\"description\":\"Urlaub in den Schulferien clever buchen: Anbieter-Preisvergleich, Last Minute & Fr\u00fchbucher-Preise, flexible Termine und Abflughafen.\",\"breadcrumb\":{\"@id\":\"https:\/\/www.ihr-ferienpartner.de\/mobil\/reisen-in-den-schulferien\/#breadcrumb\"},\"inLanguage\":\"de\",\"potentialAction\":[{\"@type\":\"ReadAction\",\"target\":[\"https:\/\/www.ihr-ferienpartner.de\/mobil\/reisen-in-den-schulferien\/\"]}]},{\"@type\":\"ImageObject\",\"inLanguage\":\"de\",\"@id\":\"https:\/\/www.ihr-ferienpartner.de\/mobil\/reisen-in-den-schulferien\/#primaryimage\",\"url\":\"https:\/\/www.ihr-ferienpartner.de\/mobil\/wp-content\/uploads\/2019\/06\/Baleares.jpg\",\"contentUrl\":\"https:\/\/www.ihr-ferienpartner.de\/mobil\/wp-content\/uploads\/2019\/06\/Baleares.jpg\",\"width\":736,\"height\":735,\"caption\":\"Balearische Inseln\"},{\"@type\":\"BreadcrumbList\",\"@id\":\"https:\/\/www.ihr-ferienpartner.de\/mobil\/reisen-in-den-schulferien\/#breadcrumb\",\"itemListElement\":[{\"@type\":\"ListItem\",\"position\":1,\"name\":\"Startseite\",\"item\":\"https:\/\/www.ihr-ferienpartner.de\/mobil\/\"},{\"@type\":\"ListItem\",\"position\":2,\"name\":\"Schulferien 2026 &#8211; Von Ferienterminen abh\u00e4ngig? Schnell Angebote sichern!\"}]},{\"@type\":\"WebSite\",\"@id\":\"https:\/\/www.ihr-ferienpartner.de\/mobil\/#website\",\"url\":\"https:\/\/www.ihr-ferienpartner.de\/mobil\/\",\"name\":\"FINDE DEIN SPONTANIEN - Reisen g\u00fcnstig buchen\",\"description\":\"Flugreisen im Preisvergleich mit flexiblen Terminen &amp; Abflughafen.\",\"publisher\":{\"@id\":\"https:\/\/www.ihr-ferienpartner.de\/mobil\/#organization\"},\"potentialAction\":[{\"@type\":\"SearchAction\",\"target\":{\"@type\":\"EntryPoint\",\"urlTemplate\":\"https:\/\/www.ihr-ferienpartner.de\/mobil\/?s={search_term_string}\"},\"query-input\":\"required name=search_term_string\"}],\"inLanguage\":\"de\"},{\"@type\":\"Organization\",\"@id\":\"https:\/\/www.ihr-ferienpartner.de\/mobil\/#organization\",\"name\":\"FINDE DEIN SPONTANIEN - Reisen g\u00fcnstig buchen\",\"url\":\"https:\/\/www.ihr-ferienpartner.de\/mobil\/\",\"logo\":{\"@type\":\"ImageObject\",\"inLanguage\":\"de\",\"@id\":\"https:\/\/www.ihr-ferienpartner.de\/mobil\/#\/schema\/logo\/image\/\",\"url\":\"https:\/\/www.ihr-ferienpartner.de\/mobil\/wp-content\/uploads\/2019\/10\/spontanien.jpg\",\"contentUrl\":\"https:\/\/www.ihr-ferienpartner.de\/mobil\/wp-content\/uploads\/2019\/10\/spontanien.jpg\",\"width\":818,\"height\":200,\"caption\":\"FINDE DEIN SPONTANIEN - Reisen g\u00fcnstig buchen\"},\"image\":{\"@id\":\"https:\/\/www.ihr-ferienpartner.de\/mobil\/#\/schema\/logo\/image\/\"}}]}<\/script>\n<!-- \/ Yoast SEO plugin. -->","yoast_head_json":{"title":"Schulferien 2026 - g\u00fcnstige Flugreisen buchen!","description":"Urlaub in den Schulferien clever buchen: Anbieter-Preisvergleich, Last Minute & Fr\u00fchbucher-Preise, flexible Termine und Abflughafen.","robots":{"index":"index","follow":"follow","max-snippet":"max-snippet:-1","max-image-preview":"max-image-preview:large","max-video-preview":"max-video-preview:-1"},"canonical":"https:\/\/www.ihr-ferienpartner.de\/mobil\/reisen-in-den-schulferien\/","og_locale":"de_DE","og_type":"article","og_title":"Schulferien 2026 - g\u00fcnstige Flugreisen buchen!","og_description":"Urlaub in den Schulferien clever buchen: Anbieter-Preisvergleich, Last Minute & Fr\u00fchbucher-Preise, flexible Termine und Abflughafen.","og_url":"https:\/\/www.ihr-ferienpartner.de\/mobil\/reisen-in-den-schulferien\/","og_site_name":"FINDE DEIN SPONTANIEN - Reisen g\u00fcnstig buchen","article_modified_time":"2026-01-28T15:04:07+00:00","og_image":[{"width":736,"height":735,"url":"https:\/\/www.ihr-ferienpartner.de\/mobil\/wp-content\/uploads\/2019\/06\/Baleares.jpg","type":"image\/jpeg"}],"twitter_card":"summary_large_image","twitter_misc":{"Gesch\u00e4tzte Lesezeit":"3\u00a0Minuten"},"schema":{"@context":"https:\/\/schema.org","@graph":[{"@type":"WebPage","@id":"https:\/\/www.ihr-ferienpartner.de\/mobil\/reisen-in-den-schulferien\/","url":"https:\/\/www.ihr-ferienpartner.de\/mobil\/reisen-in-den-schulferien\/","name":"Schulferien 2026 - g\u00fcnstige Flugreisen buchen!","isPartOf":{"@id":"https:\/\/www.ihr-ferienpartner.de\/mobil\/#website"},"primaryImageOfPage":{"@id":"https:\/\/www.ihr-ferienpartner.de\/mobil\/reisen-in-den-schulferien\/#primaryimage"},"image":{"@id":"https:\/\/www.ihr-ferienpartner.de\/mobil\/reisen-in-den-schulferien\/#primaryimage"},"thumbnailUrl":"https:\/\/www.ihr-ferienpartner.de\/mobil\/wp-content\/uploads\/2019\/06\/Baleares.jpg","datePublished":"2026-01-28T15:02:57+00:00","dateModified":"2026-01-28T15:04:07+00:00","description":"Urlaub in den Schulferien clever buchen: Anbieter-Preisvergleich, Last Minute & Fr\u00fchbucher-Preise, flexible Termine und Abflughafen.","breadcrumb":{"@id":"https:\/\/www.ihr-ferienpartner.de\/mobil\/reisen-in-den-schulferien\/#breadcrumb"},"inLanguage":"de","potentialAction":[{"@type":"ReadAction","target":["https:\/\/www.ihr-ferienpartner.de\/mobil\/reisen-in-den-schulferien\/"]}]},{"@type":"ImageObject","inLanguage":"de","@id":"https:\/\/www.ihr-ferienpartner.de\/mobil\/reisen-in-den-schulferien\/#primaryimage","url":"https:\/\/www.ihr-ferienpartner.de\/mobil\/wp-content\/uploads\/2019\/06\/Baleares.jpg","contentUrl":"https:\/\/www.ihr-ferienpartner.de\/mobil\/wp-content\/uploads\/2019\/06\/Baleares.jpg","width":736,"height":735,"caption":"Balearische Inseln"},{"@type":"BreadcrumbList","@id":"https:\/\/www.ihr-ferienpartner.de\/mobil\/reisen-in-den-schulferien\/#breadcrumb","itemListElement":[{"@type":"ListItem","position":1,"name":"Startseite","item":"https:\/\/www.ihr-ferienpartner.de\/mobil\/"},{"@type":"ListItem","position":2,"name":"Schulferien 2026 &#8211; Von Ferienterminen abh\u00e4ngig? Schnell Angebote sichern!"}]},{"@type":"WebSite","@id":"https:\/\/www.ihr-ferienpartner.de\/mobil\/#website","url":"https:\/\/www.ihr-ferienpartner.de\/mobil\/","name":"FINDE DEIN SPONTANIEN - Reisen g\u00fcnstig buchen","description":"Flugreisen im Preisvergleich mit flexiblen Terminen &amp; Abflughafen.","publisher":{"@id":"https:\/\/www.ihr-ferienpartner.de\/mobil\/#organization"},"potentialAction":[{"@type":"SearchAction","target":{"@type":"EntryPoint","urlTemplate":"https:\/\/www.ihr-ferienpartner.de\/mobil\/?s={search_term_string}"},"query-input":"required name=search_term_string"}],"inLanguage":"de"},{"@type":"Organization","@id":"https:\/\/www.ihr-ferienpartner.de\/mobil\/#organization","name":"FINDE DEIN SPONTANIEN - Reisen g\u00fcnstig buchen","url":"https:\/\/www.ihr-ferienpartner.de\/mobil\/","logo":{"@type":"ImageObject","inLanguage":"de","@id":"https:\/\/www.ihr-ferienpartner.de\/mobil\/#\/schema\/logo\/image\/","url":"https:\/\/www.ihr-ferienpartner.de\/mobil\/wp-content\/uploads\/2019\/10\/spontanien.jpg","contentUrl":"https:\/\/www.ihr-ferienpartner.de\/mobil\/wp-content\/uploads\/2019\/10\/spontanien.jpg","width":818,"height":200,"caption":"FINDE DEIN SPONTANIEN - Reisen g\u00fcnstig buchen"},"image":{"@id":"https:\/\/www.ihr-ferienpartner.de\/mobil\/#\/schema\/logo\/image\/"}}]}},"_links":{"self":[{"href":"https:\/\/www.ihr-ferienpartner.de\/mobil\/wp-json\/wp\/v2\/pages\/342"}],"collection":[{"href":"https:\/\/www.ihr-ferienpartner.de\/mobil\/wp-json\/wp\/v2\/pages"}],"about":[{"href":"https:\/\/www.ihr-ferienpartner.de\/mobil\/wp-json\/wp\/v2\/types\/page"}],"author":[{"embeddable":true,"href":"https:\/\/www.ihr-ferienpartner.de\/mobil\/wp-json\/wp\/v2\/users\/1"}],"replies":[{"embeddable":true,"href":"https:\/\/www.ihr-ferienpartner.de\/mobil\/wp-json\/wp\/v2\/comments?post=342"}],"version-history":[{"count":228,"href":"https:\/\/www.ihr-ferienpartner.de\/mobil\/wp-json\/wp\/v2\/pages\/342\/revisions"}],"predecessor-version":[{"id":5839,"href":"https:\/\/www.ihr-ferienpartner.de\/mobil\/wp-json\/wp\/v2\/pages\/342\/revisions\/5839"}],"wp:featuredmedia":[{"embeddable":true,"href":"https:\/\/www.ihr-ferienpartner.de\/mobil\/wp-json\/wp\/v2\/media\/1838"}],"wp:attachment":[{"href":"https:\/\/www.ihr-ferienpartner.de\/mobil\/wp-json\/wp\/v2\/media?parent=342"}],"curies":[{"name":"wp","href":"https:\/\/api.w.org\/{rel}","templated":true}]}}