{"id":3762,"date":"2024-07-15T16:34:41","date_gmt":"2024-07-15T14:34:41","guid":{"rendered":"http:\/\/www.ihr-ferienpartner.de\/mobil\/?page_id=3762"},"modified":"2024-07-15T16:34:41","modified_gmt":"2024-07-15T14:34:41","slug":"villa-del-conde","status":"publish","type":"page","link":"https:\/\/www.ihr-ferienpartner.de\/mobil\/villa-del-conde\/","title":{"rendered":"Villa Del Conde"},"content":{"rendered":"<div style=\"background-color: #ffffff; padding: 20px 20px 20px 20px;\">\n<h1>Lopesan Villa Del Conde Resort &amp; Thalasso<\/h1>\n<p>Meloneras\/Maspalomas (Gran Canaria)<\/p>\n<p><img decoding=\"async\" src=\"https:\/\/www.ihr-ferienpartner.de\/Angebot\/VillaDelConde.jpg\" alt=\"Urlaub im Lopesan Villa Del Conde g\u00fcnstig buchen\" title=\"Reisen nach Gran Canaria ins Hotel Lopesan Villa De Conde\"><br \/>\n<font size=\"-1\"><b><font color=\"b62b31\">Unser Hotel-Tipp<\/font><\/b> &#8211; Das im Stile eines kanarischen Dorfes gebaute Resort liegt direkt an der Uferpromenade von Meloneras, \u00fcber welche neben dem kleinen Sand-\/Kiesstrand von Meloneras auch der D\u00fcnenstrand von Maspalomas bequem zu erreichen ist. Neben dem zum Hotel geh\u00f6renden ca. 1.200 qm gro\u00dfen Thalasso-Center bietet das Hotel auch Shuttle-Busse zu den nahegelegenen Golfpl\u00e4tzen von Meloneras und Maspalomas.Die Unterbingung erfolgt in komfortablen Doppelzimmern, Juniorsuiten oder Seniorsuiten (Bitte jeweilige Veranstalterausschreibung beachten). Als Verpflegung ist Fr\u00fchst\u00fcck oder Halbpension mit reichhaltigen Buffets buchbar.<\/font><\/p>\n<hr>\n<p><font size=\"-1\"><b><font color=\"b62b31\">weitere Hotel-Tipps auf Gran Canaria:<\/font><\/b> <a href=\"https:\/\/www.ihr-ferienpartner.de\/mobil\/costa-meloneras\">Costa Meloneras &gt;&gt;<\/a> &#8211; <a href=\"https:\/\/www.ihr-ferienpartner.de\/mobil\/corallium-beach\">Corallium Beach &gt;&gt;<\/a> &#8211; <a href=\"https:\/\/www.ihr-ferienpartner.de\/mobil\/cordial-mogan-playa\/\">Cordial Mogan Playa &gt;&gt;<\/a> &#8211; <a href=\"https:\/\/www.ihr-ferienpartner.de\/mobil\/riu-palace-meloneras\">Riu Palace Meloneras &gt;&gt;<\/a> &#8211; <a href=\"https:\/\/www.ihr-ferienpartner.de\/mobil\/riu-gran-canaria\/\">Riu Gran Canaria &gt;&gt;<\/a> &#8211; <a href=\"https:\/\/www.ihr-ferienpartner.de\/mobil\/seaside-palm-beach\/\">Seaside Palm Beach &gt;&gt;<\/a> &#8211; <a href=\"https:\/\/www.ihr-ferienpartner.de\/mobil\/baobab-resort\/\">Baobab Resort &gt;&gt;<\/a><\/font><br \/>\n<font size=\"-1\"><b><font color=\"b62b31\">alle Hotels auf:<\/font><\/b> <a href=\"https:\/\/www.ihr-ferienpartner.de\/mobil\/gran-canaria\">Gran Canaria &gt;&gt;<\/a><\/font><\/p>\n<hr>\n<div id=\"ypsnet-ibe\" data-src=\"https:\/\/b2b.specials.de\/index\/jump\/119\/2780\/991880\/?action=dates&amp;regionId=128&amp;from=15&amp;to=316&amp;duration=7-7&amp;maxPrice=5000&amp;adults=2&amp;giataId=47653\"><\/div>\n<p><script src=\"https:\/\/webmedia.ypsilon.net\/spl_js\/ypsnet-ibe.js\"><\/script><\/p>\n<\/div>\n<div style=\"background-color: #ffffff; padding: 20px 20px 20px 20px;\">\n<hr>\n<p><b>Urlaub im Lopesan Villa Del Conde auf Gran Canaria:<\/b><br \/>\nBuchen Sie Ihre Gran Canaria-Reise und profitieren Sie u.a. vom Anbieter-Preisvergleich und Hotel-Rankings aus \u00fcber 1.000.000 authentischen Hotelbewertungen.<\/p>\n<p><img decoding=\"async\" src=\"https:\/\/www.ihr-ferienpartner.de\/Angebot\/Anbietervergleich.jpg\" alt=\"Reisen nach Gran Canaria ins Lopesan Villa del Conde\" title=\"Reisen nach Gran Canaria, Hotel Lopesan Villa Del Conde\"><\/p>\n<\/div>\n","protected":false},"excerpt":{"rendered":"<p>Lopesan Villa Del Conde Resort &amp; Thalasso Meloneras\/Maspalomas (Gran Canaria) Unser Hotel-Tipp &#8211; Das im Stile eines kanarischen Dorfes gebaute Resort liegt direkt an der Uferpromenade von Meloneras, \u00fcber welche neben dem kleinen Sand-\/Kiesstrand von Meloneras auch der D\u00fcnenstrand von Maspalomas bequem zu erreichen ist. Neben dem zum Hotel geh\u00f6renden ca. 1.200 qm gro\u00dfen Thalasso-Center [&hellip;]<\/p>\n","protected":false},"author":1,"featured_media":0,"parent":0,"menu_order":0,"comment_status":"closed","ping_status":"closed","template":"","meta":{"footnotes":""},"yoast_head":"<!-- This site is optimized with the Yoast SEO plugin v22.8 - https:\/\/yoast.com\/wordpress\/plugins\/seo\/ -->\n<title>Villa Del Conde, Maspalomas - Gran Canaria Reisen buchen!<\/title>\n<meta name=\"description\" content=\"Pauschalreisen g\u00fcnstig buchen: Fr\u00fchbucher- &amp; Last Minute-Rabatt, Hotelbewertungen, flexiblen Reiseterminen &amp; Anbieter-Preisvergleich.\" \/>\n<meta name=\"robots\" content=\"index, follow, max-snippet:-1, max-image-preview:large, max-video-preview:-1\" \/>\n<link rel=\"canonical\" href=\"https:\/\/www.ihr-ferienpartner.de\/mobil\/villa-del-conde\/\" \/>\n<meta property=\"og:locale\" content=\"de_DE\" \/>\n<meta property=\"og:type\" content=\"article\" \/>\n<meta property=\"og:title\" content=\"Villa Del Conde, Maspalomas - Gran Canaria Reisen buchen!\" \/>\n<meta property=\"og:description\" content=\"Pauschalreisen g\u00fcnstig buchen: Fr\u00fchbucher- &amp; Last Minute-Rabatt, Hotelbewertungen, flexiblen Reiseterminen &amp; Anbieter-Preisvergleich.\" \/>\n<meta property=\"og:url\" content=\"https:\/\/www.ihr-ferienpartner.de\/mobil\/villa-del-conde\/\" \/>\n<meta property=\"og:site_name\" content=\"FINDE DEIN SPONTANIEN - Reisen g\u00fcnstig buchen\" \/>\n<meta property=\"og:image\" content=\"https:\/\/www.ihr-ferienpartner.de\/Angebot\/VillaDelConde.jpg\" \/>\n<meta name=\"twitter:card\" content=\"summary_large_image\" \/>\n<meta name=\"twitter:label1\" content=\"Gesch\u00e4tzte Lesezeit\" \/>\n\t<meta name=\"twitter:data1\" content=\"2\u00a0Minuten\" \/>\n<script type=\"application\/ld+json\" class=\"yoast-schema-graph\">{\"@context\":\"https:\/\/schema.org\",\"@graph\":[{\"@type\":\"WebPage\",\"@id\":\"https:\/\/www.ihr-ferienpartner.de\/mobil\/villa-del-conde\/\",\"url\":\"https:\/\/www.ihr-ferienpartner.de\/mobil\/villa-del-conde\/\",\"name\":\"Villa Del Conde, Maspalomas - Gran Canaria Reisen buchen!\",\"isPartOf\":{\"@id\":\"https:\/\/www.ihr-ferienpartner.de\/mobil\/#website\"},\"primaryImageOfPage\":{\"@id\":\"https:\/\/www.ihr-ferienpartner.de\/mobil\/villa-del-conde\/#primaryimage\"},\"image\":{\"@id\":\"https:\/\/www.ihr-ferienpartner.de\/mobil\/villa-del-conde\/#primaryimage\"},\"thumbnailUrl\":\"https:\/\/www.ihr-ferienpartner.de\/Angebot\/VillaDelConde.jpg\",\"datePublished\":\"2024-07-15T14:34:41+00:00\",\"dateModified\":\"2024-07-15T14:34:41+00:00\",\"description\":\"Pauschalreisen g\u00fcnstig buchen: Fr\u00fchbucher- & Last Minute-Rabatt, Hotelbewertungen, flexiblen Reiseterminen & Anbieter-Preisvergleich.\",\"breadcrumb\":{\"@id\":\"https:\/\/www.ihr-ferienpartner.de\/mobil\/villa-del-conde\/#breadcrumb\"},\"inLanguage\":\"de\",\"potentialAction\":[{\"@type\":\"ReadAction\",\"target\":[\"https:\/\/www.ihr-ferienpartner.de\/mobil\/villa-del-conde\/\"]}]},{\"@type\":\"ImageObject\",\"inLanguage\":\"de\",\"@id\":\"https:\/\/www.ihr-ferienpartner.de\/mobil\/villa-del-conde\/#primaryimage\",\"url\":\"https:\/\/www.ihr-ferienpartner.de\/Angebot\/VillaDelConde.jpg\",\"contentUrl\":\"https:\/\/www.ihr-ferienpartner.de\/Angebot\/VillaDelConde.jpg\"},{\"@type\":\"BreadcrumbList\",\"@id\":\"https:\/\/www.ihr-ferienpartner.de\/mobil\/villa-del-conde\/#breadcrumb\",\"itemListElement\":[{\"@type\":\"ListItem\",\"position\":1,\"name\":\"Startseite\",\"item\":\"https:\/\/www.ihr-ferienpartner.de\/mobil\/\"},{\"@type\":\"ListItem\",\"position\":2,\"name\":\"Villa Del Conde\"}]},{\"@type\":\"WebSite\",\"@id\":\"https:\/\/www.ihr-ferienpartner.de\/mobil\/#website\",\"url\":\"https:\/\/www.ihr-ferienpartner.de\/mobil\/\",\"name\":\"FINDE DEIN SPONTANIEN - Reisen g\u00fcnstig buchen\",\"description\":\"Flugreisen im Preisvergleich mit flexiblen Terminen &amp; Abflughafen.\",\"publisher\":{\"@id\":\"https:\/\/www.ihr-ferienpartner.de\/mobil\/#organization\"},\"potentialAction\":[{\"@type\":\"SearchAction\",\"target\":{\"@type\":\"EntryPoint\",\"urlTemplate\":\"https:\/\/www.ihr-ferienpartner.de\/mobil\/?s={search_term_string}\"},\"query-input\":\"required name=search_term_string\"}],\"inLanguage\":\"de\"},{\"@type\":\"Organization\",\"@id\":\"https:\/\/www.ihr-ferienpartner.de\/mobil\/#organization\",\"name\":\"FINDE DEIN SPONTANIEN - Reisen g\u00fcnstig buchen\",\"url\":\"https:\/\/www.ihr-ferienpartner.de\/mobil\/\",\"logo\":{\"@type\":\"ImageObject\",\"inLanguage\":\"de\",\"@id\":\"https:\/\/www.ihr-ferienpartner.de\/mobil\/#\/schema\/logo\/image\/\",\"url\":\"https:\/\/www.ihr-ferienpartner.de\/mobil\/wp-content\/uploads\/2019\/10\/spontanien.jpg\",\"contentUrl\":\"https:\/\/www.ihr-ferienpartner.de\/mobil\/wp-content\/uploads\/2019\/10\/spontanien.jpg\",\"width\":818,\"height\":200,\"caption\":\"FINDE DEIN SPONTANIEN - Reisen g\u00fcnstig buchen\"},\"image\":{\"@id\":\"https:\/\/www.ihr-ferienpartner.de\/mobil\/#\/schema\/logo\/image\/\"}}]}<\/script>\n<!-- \/ Yoast SEO plugin. -->","yoast_head_json":{"title":"Villa Del Conde, Maspalomas - Gran Canaria Reisen buchen!","description":"Pauschalreisen g\u00fcnstig buchen: Fr\u00fchbucher- & Last Minute-Rabatt, Hotelbewertungen, flexiblen Reiseterminen & Anbieter-Preisvergleich.","robots":{"index":"index","follow":"follow","max-snippet":"max-snippet:-1","max-image-preview":"max-image-preview:large","max-video-preview":"max-video-preview:-1"},"canonical":"https:\/\/www.ihr-ferienpartner.de\/mobil\/villa-del-conde\/","og_locale":"de_DE","og_type":"article","og_title":"Villa Del Conde, Maspalomas - Gran Canaria Reisen buchen!","og_description":"Pauschalreisen g\u00fcnstig buchen: Fr\u00fchbucher- & Last Minute-Rabatt, Hotelbewertungen, flexiblen Reiseterminen & Anbieter-Preisvergleich.","og_url":"https:\/\/www.ihr-ferienpartner.de\/mobil\/villa-del-conde\/","og_site_name":"FINDE DEIN SPONTANIEN - Reisen g\u00fcnstig buchen","og_image":[{"url":"https:\/\/www.ihr-ferienpartner.de\/Angebot\/VillaDelConde.jpg"}],"twitter_card":"summary_large_image","twitter_misc":{"Gesch\u00e4tzte Lesezeit":"2\u00a0Minuten"},"schema":{"@context":"https:\/\/schema.org","@graph":[{"@type":"WebPage","@id":"https:\/\/www.ihr-ferienpartner.de\/mobil\/villa-del-conde\/","url":"https:\/\/www.ihr-ferienpartner.de\/mobil\/villa-del-conde\/","name":"Villa Del Conde, Maspalomas - Gran Canaria Reisen buchen!","isPartOf":{"@id":"https:\/\/www.ihr-ferienpartner.de\/mobil\/#website"},"primaryImageOfPage":{"@id":"https:\/\/www.ihr-ferienpartner.de\/mobil\/villa-del-conde\/#primaryimage"},"image":{"@id":"https:\/\/www.ihr-ferienpartner.de\/mobil\/villa-del-conde\/#primaryimage"},"thumbnailUrl":"https:\/\/www.ihr-ferienpartner.de\/Angebot\/VillaDelConde.jpg","datePublished":"2024-07-15T14:34:41+00:00","dateModified":"2024-07-15T14:34:41+00:00","description":"Pauschalreisen g\u00fcnstig buchen: Fr\u00fchbucher- & Last Minute-Rabatt, Hotelbewertungen, flexiblen Reiseterminen & Anbieter-Preisvergleich.","breadcrumb":{"@id":"https:\/\/www.ihr-ferienpartner.de\/mobil\/villa-del-conde\/#breadcrumb"},"inLanguage":"de","potentialAction":[{"@type":"ReadAction","target":["https:\/\/www.ihr-ferienpartner.de\/mobil\/villa-del-conde\/"]}]},{"@type":"ImageObject","inLanguage":"de","@id":"https:\/\/www.ihr-ferienpartner.de\/mobil\/villa-del-conde\/#primaryimage","url":"https:\/\/www.ihr-ferienpartner.de\/Angebot\/VillaDelConde.jpg","contentUrl":"https:\/\/www.ihr-ferienpartner.de\/Angebot\/VillaDelConde.jpg"},{"@type":"BreadcrumbList","@id":"https:\/\/www.ihr-ferienpartner.de\/mobil\/villa-del-conde\/#breadcrumb","itemListElement":[{"@type":"ListItem","position":1,"name":"Startseite","item":"https:\/\/www.ihr-ferienpartner.de\/mobil\/"},{"@type":"ListItem","position":2,"name":"Villa Del Conde"}]},{"@type":"WebSite","@id":"https:\/\/www.ihr-ferienpartner.de\/mobil\/#website","url":"https:\/\/www.ihr-ferienpartner.de\/mobil\/","name":"FINDE DEIN SPONTANIEN - Reisen g\u00fcnstig buchen","description":"Flugreisen im Preisvergleich mit flexiblen Terminen &amp; Abflughafen.","publisher":{"@id":"https:\/\/www.ihr-ferienpartner.de\/mobil\/#organization"},"potentialAction":[{"@type":"SearchAction","target":{"@type":"EntryPoint","urlTemplate":"https:\/\/www.ihr-ferienpartner.de\/mobil\/?s={search_term_string}"},"query-input":"required name=search_term_string"}],"inLanguage":"de"},{"@type":"Organization","@id":"https:\/\/www.ihr-ferienpartner.de\/mobil\/#organization","name":"FINDE DEIN SPONTANIEN - Reisen g\u00fcnstig buchen","url":"https:\/\/www.ihr-ferienpartner.de\/mobil\/","logo":{"@type":"ImageObject","inLanguage":"de","@id":"https:\/\/www.ihr-ferienpartner.de\/mobil\/#\/schema\/logo\/image\/","url":"https:\/\/www.ihr-ferienpartner.de\/mobil\/wp-content\/uploads\/2019\/10\/spontanien.jpg","contentUrl":"https:\/\/www.ihr-ferienpartner.de\/mobil\/wp-content\/uploads\/2019\/10\/spontanien.jpg","width":818,"height":200,"caption":"FINDE DEIN SPONTANIEN - Reisen g\u00fcnstig buchen"},"image":{"@id":"https:\/\/www.ihr-ferienpartner.de\/mobil\/#\/schema\/logo\/image\/"}}]}},"_links":{"self":[{"href":"https:\/\/www.ihr-ferienpartner.de\/mobil\/wp-json\/wp\/v2\/pages\/3762"}],"collection":[{"href":"https:\/\/www.ihr-ferienpartner.de\/mobil\/wp-json\/wp\/v2\/pages"}],"about":[{"href":"https:\/\/www.ihr-ferienpartner.de\/mobil\/wp-json\/wp\/v2\/types\/page"}],"author":[{"embeddable":true,"href":"https:\/\/www.ihr-ferienpartner.de\/mobil\/wp-json\/wp\/v2\/users\/1"}],"replies":[{"embeddable":true,"href":"https:\/\/www.ihr-ferienpartner.de\/mobil\/wp-json\/wp\/v2\/comments?post=3762"}],"version-history":[{"count":10,"href":"https:\/\/www.ihr-ferienpartner.de\/mobil\/wp-json\/wp\/v2\/pages\/3762\/revisions"}],"predecessor-version":[{"id":5381,"href":"https:\/\/www.ihr-ferienpartner.de\/mobil\/wp-json\/wp\/v2\/pages\/3762\/revisions\/5381"}],"wp:attachment":[{"href":"https:\/\/www.ihr-ferienpartner.de\/mobil\/wp-json\/wp\/v2\/media?parent=3762"}],"curies":[{"name":"wp","href":"https:\/\/api.w.org\/{rel}","templated":true}]}}