{"id":3783,"date":"2024-07-04T15:25:54","date_gmt":"2024-07-04T13:25:54","guid":{"rendered":"http:\/\/www.ihr-ferienpartner.de\/mobil\/?page_id=3783"},"modified":"2024-07-04T15:25:54","modified_gmt":"2024-07-04T13:25:54","slug":"magic-life-kalawy","status":"publish","type":"page","link":"https:\/\/www.ihr-ferienpartner.de\/mobil\/magic-life-kalawy\/","title":{"rendered":"MAGIC LIFE KALAWY"},"content":{"rendered":"<div style=\"background-color: #ffffff; padding: 20px 20px 20px 20px;\">\n<h1>TUI MAGIC LIFE KALAWY<\/h1>\n<p>Kalawy Beach, Safaga &#8211; \u00c4gypten<\/p>\n<p><img decoding=\"async\" src=\"https:\/\/www.ihr-ferienpartner.de\/Aegypten\/HotelbildMagicLife.jpg\" alt=\"Urlaub im MAGIC LIFE KALAWY g\u00fcnstig buchen\" title=\"Reisen nach \u00c4gypten ins Magic Life Kalawy\"><br \/>\n<font size=\"-1\">Das Hotel &#8222;MAGIC LIFE KALAWY&#8220; steht f\u00fcr all inclusive-Cluburlaub vom Feinsten. Die Anlage liegt bei Safage direkt in der Bucht von Kalawy, wo ein eigenes Korallenriff mit Steg ideale Voraussetzungen f\u00fcr Tauchen und Schnorcheln bietet. Der Club ist ideal f\u00fcr Paare, Singles und Familien &#8211; f\u00fcr jeden ist etwas dabei!<\/font><\/p>\n<hr>\n<p><b><font color=\"b62b31\">alle Hotels in:<\/font><\/b> <a href=\"https:\/\/www.ihr-ferienpartner.de\/mobil\/aegypten\">\u00c4gypten &gt;&gt;<\/a><\/p>\n<hr>\n<div id=\"ypsnet-ibe\" data-src=\"https:\/\/b2b.specials.de\/index\/jump\/119\/2780\/991880\/?action=dates&amp;regionId=651&amp;from=15&amp;to=316&amp;duration=7-7&amp;maxPrice=5000&amp;adults=2&amp;giataId=86090\"><\/div>\n<p><script src=\"https:\/\/webmedia.ypsilon.net\/spl_js\/ypsnet-ibe.js\"><\/script><\/p>\n<\/div>\n<div style=\"background-color: #ffffff; padding: 20px 20px 20px 20px;\">\n<hr>\n<p><b>all inclusive Clubrlaub im MAGIC LIFE KALAWY in \u00c4gypten:<\/b><br \/>\nBuchen Sie Ihre Reise und profitieren Sie u.a. vom Anbieter-Preisvergleich und Hotel-Rankings aus \u00fcber 1.000.000 authentischen Hotelbewertungen.<\/p>\n<p><img decoding=\"async\" src=\"https:\/\/www.ihr-ferienpartner.de\/Angebot\/Anbietervergleich.jpg\" alt=\"Reisen nach \u00c4gypten ins Magic Life Kalawy\" title=\"Reisen nach \u00c4gypten ins Magic Life Kalawy\"><\/p>\n<\/div>\n","protected":false},"excerpt":{"rendered":"<p>TUI MAGIC LIFE KALAWY Kalawy Beach, Safaga &#8211; \u00c4gypten Das Hotel &#8222;MAGIC LIFE KALAWY&#8220; steht f\u00fcr all inclusive-Cluburlaub vom Feinsten. Die Anlage liegt bei Safage direkt in der Bucht von Kalawy, wo ein eigenes Korallenriff mit Steg ideale Voraussetzungen f\u00fcr Tauchen und Schnorcheln bietet. Der Club ist ideal f\u00fcr Paare, Singles und Familien &#8211; f\u00fcr [&hellip;]<\/p>\n","protected":false},"author":1,"featured_media":0,"parent":0,"menu_order":0,"comment_status":"closed","ping_status":"closed","template":"","meta":{"footnotes":""},"yoast_head":"<!-- This site is optimized with the Yoast SEO plugin v22.8 - https:\/\/yoast.com\/wordpress\/plugins\/seo\/ -->\n<title>MAGIC LIFE KALAWY - top all inclusive Cluburlaub!<\/title>\n<meta name=\"description\" content=\"Buchen Sie jetzt \u00c4gypten &amp; genie\u00dfen Sie top Service am Roten Meer. G\u00fcnstig buchen mit Preisvergleich, flexiblen Terminen, Dauern &amp; Flughafen.\" \/>\n<meta name=\"robots\" content=\"index, follow, max-snippet:-1, max-image-preview:large, max-video-preview:-1\" \/>\n<link rel=\"canonical\" href=\"https:\/\/www.ihr-ferienpartner.de\/mobil\/magic-life-kalawy\/\" \/>\n<meta property=\"og:locale\" content=\"de_DE\" \/>\n<meta property=\"og:type\" content=\"article\" \/>\n<meta property=\"og:title\" content=\"MAGIC LIFE KALAWY - top all inclusive Cluburlaub!\" \/>\n<meta property=\"og:description\" content=\"Buchen Sie jetzt \u00c4gypten &amp; genie\u00dfen Sie top Service am Roten Meer. G\u00fcnstig buchen mit Preisvergleich, flexiblen Terminen, Dauern &amp; Flughafen.\" \/>\n<meta property=\"og:url\" content=\"https:\/\/www.ihr-ferienpartner.de\/mobil\/magic-life-kalawy\/\" \/>\n<meta property=\"og:site_name\" content=\"FINDE DEIN SPONTANIEN - Reisen g\u00fcnstig buchen\" \/>\n<meta property=\"og:image\" content=\"https:\/\/www.ihr-ferienpartner.de\/Aegypten\/HotelbildMagicLife.jpg\" \/>\n<meta name=\"twitter:card\" content=\"summary_large_image\" \/>\n<meta name=\"twitter:label1\" content=\"Gesch\u00e4tzte Lesezeit\" \/>\n\t<meta name=\"twitter:data1\" content=\"1\u00a0Minute\" \/>\n<script type=\"application\/ld+json\" class=\"yoast-schema-graph\">{\"@context\":\"https:\/\/schema.org\",\"@graph\":[{\"@type\":\"WebPage\",\"@id\":\"https:\/\/www.ihr-ferienpartner.de\/mobil\/magic-life-kalawy\/\",\"url\":\"https:\/\/www.ihr-ferienpartner.de\/mobil\/magic-life-kalawy\/\",\"name\":\"MAGIC LIFE KALAWY - top all inclusive Cluburlaub!\",\"isPartOf\":{\"@id\":\"https:\/\/www.ihr-ferienpartner.de\/mobil\/#website\"},\"primaryImageOfPage\":{\"@id\":\"https:\/\/www.ihr-ferienpartner.de\/mobil\/magic-life-kalawy\/#primaryimage\"},\"image\":{\"@id\":\"https:\/\/www.ihr-ferienpartner.de\/mobil\/magic-life-kalawy\/#primaryimage\"},\"thumbnailUrl\":\"https:\/\/www.ihr-ferienpartner.de\/Aegypten\/HotelbildMagicLife.jpg\",\"datePublished\":\"2024-07-04T13:25:54+00:00\",\"dateModified\":\"2024-07-04T13:25:54+00:00\",\"description\":\"Buchen Sie jetzt \u00c4gypten & genie\u00dfen Sie top Service am Roten Meer. G\u00fcnstig buchen mit Preisvergleich, flexiblen Terminen, Dauern & Flughafen.\",\"breadcrumb\":{\"@id\":\"https:\/\/www.ihr-ferienpartner.de\/mobil\/magic-life-kalawy\/#breadcrumb\"},\"inLanguage\":\"de\",\"potentialAction\":[{\"@type\":\"ReadAction\",\"target\":[\"https:\/\/www.ihr-ferienpartner.de\/mobil\/magic-life-kalawy\/\"]}]},{\"@type\":\"ImageObject\",\"inLanguage\":\"de\",\"@id\":\"https:\/\/www.ihr-ferienpartner.de\/mobil\/magic-life-kalawy\/#primaryimage\",\"url\":\"https:\/\/www.ihr-ferienpartner.de\/Aegypten\/HotelbildMagicLife.jpg\",\"contentUrl\":\"https:\/\/www.ihr-ferienpartner.de\/Aegypten\/HotelbildMagicLife.jpg\"},{\"@type\":\"BreadcrumbList\",\"@id\":\"https:\/\/www.ihr-ferienpartner.de\/mobil\/magic-life-kalawy\/#breadcrumb\",\"itemListElement\":[{\"@type\":\"ListItem\",\"position\":1,\"name\":\"Startseite\",\"item\":\"https:\/\/www.ihr-ferienpartner.de\/mobil\/\"},{\"@type\":\"ListItem\",\"position\":2,\"name\":\"MAGIC LIFE KALAWY\"}]},{\"@type\":\"WebSite\",\"@id\":\"https:\/\/www.ihr-ferienpartner.de\/mobil\/#website\",\"url\":\"https:\/\/www.ihr-ferienpartner.de\/mobil\/\",\"name\":\"FINDE DEIN SPONTANIEN - Reisen g\u00fcnstig buchen\",\"description\":\"Flugreisen im Preisvergleich mit flexiblen Terminen &amp; Abflughafen.\",\"publisher\":{\"@id\":\"https:\/\/www.ihr-ferienpartner.de\/mobil\/#organization\"},\"potentialAction\":[{\"@type\":\"SearchAction\",\"target\":{\"@type\":\"EntryPoint\",\"urlTemplate\":\"https:\/\/www.ihr-ferienpartner.de\/mobil\/?s={search_term_string}\"},\"query-input\":\"required name=search_term_string\"}],\"inLanguage\":\"de\"},{\"@type\":\"Organization\",\"@id\":\"https:\/\/www.ihr-ferienpartner.de\/mobil\/#organization\",\"name\":\"FINDE DEIN SPONTANIEN - Reisen g\u00fcnstig buchen\",\"url\":\"https:\/\/www.ihr-ferienpartner.de\/mobil\/\",\"logo\":{\"@type\":\"ImageObject\",\"inLanguage\":\"de\",\"@id\":\"https:\/\/www.ihr-ferienpartner.de\/mobil\/#\/schema\/logo\/image\/\",\"url\":\"https:\/\/www.ihr-ferienpartner.de\/mobil\/wp-content\/uploads\/2019\/10\/spontanien.jpg\",\"contentUrl\":\"https:\/\/www.ihr-ferienpartner.de\/mobil\/wp-content\/uploads\/2019\/10\/spontanien.jpg\",\"width\":818,\"height\":200,\"caption\":\"FINDE DEIN SPONTANIEN - Reisen g\u00fcnstig buchen\"},\"image\":{\"@id\":\"https:\/\/www.ihr-ferienpartner.de\/mobil\/#\/schema\/logo\/image\/\"}}]}<\/script>\n<!-- \/ Yoast SEO plugin. -->","yoast_head_json":{"title":"MAGIC LIFE KALAWY - top all inclusive Cluburlaub!","description":"Buchen Sie jetzt \u00c4gypten & genie\u00dfen Sie top Service am Roten Meer. G\u00fcnstig buchen mit Preisvergleich, flexiblen Terminen, Dauern & Flughafen.","robots":{"index":"index","follow":"follow","max-snippet":"max-snippet:-1","max-image-preview":"max-image-preview:large","max-video-preview":"max-video-preview:-1"},"canonical":"https:\/\/www.ihr-ferienpartner.de\/mobil\/magic-life-kalawy\/","og_locale":"de_DE","og_type":"article","og_title":"MAGIC LIFE KALAWY - top all inclusive Cluburlaub!","og_description":"Buchen Sie jetzt \u00c4gypten & genie\u00dfen Sie top Service am Roten Meer. G\u00fcnstig buchen mit Preisvergleich, flexiblen Terminen, Dauern & Flughafen.","og_url":"https:\/\/www.ihr-ferienpartner.de\/mobil\/magic-life-kalawy\/","og_site_name":"FINDE DEIN SPONTANIEN - Reisen g\u00fcnstig buchen","og_image":[{"url":"https:\/\/www.ihr-ferienpartner.de\/Aegypten\/HotelbildMagicLife.jpg"}],"twitter_card":"summary_large_image","twitter_misc":{"Gesch\u00e4tzte Lesezeit":"1\u00a0Minute"},"schema":{"@context":"https:\/\/schema.org","@graph":[{"@type":"WebPage","@id":"https:\/\/www.ihr-ferienpartner.de\/mobil\/magic-life-kalawy\/","url":"https:\/\/www.ihr-ferienpartner.de\/mobil\/magic-life-kalawy\/","name":"MAGIC LIFE KALAWY - top all inclusive Cluburlaub!","isPartOf":{"@id":"https:\/\/www.ihr-ferienpartner.de\/mobil\/#website"},"primaryImageOfPage":{"@id":"https:\/\/www.ihr-ferienpartner.de\/mobil\/magic-life-kalawy\/#primaryimage"},"image":{"@id":"https:\/\/www.ihr-ferienpartner.de\/mobil\/magic-life-kalawy\/#primaryimage"},"thumbnailUrl":"https:\/\/www.ihr-ferienpartner.de\/Aegypten\/HotelbildMagicLife.jpg","datePublished":"2024-07-04T13:25:54+00:00","dateModified":"2024-07-04T13:25:54+00:00","description":"Buchen Sie jetzt \u00c4gypten & genie\u00dfen Sie top Service am Roten Meer. G\u00fcnstig buchen mit Preisvergleich, flexiblen Terminen, Dauern & Flughafen.","breadcrumb":{"@id":"https:\/\/www.ihr-ferienpartner.de\/mobil\/magic-life-kalawy\/#breadcrumb"},"inLanguage":"de","potentialAction":[{"@type":"ReadAction","target":["https:\/\/www.ihr-ferienpartner.de\/mobil\/magic-life-kalawy\/"]}]},{"@type":"ImageObject","inLanguage":"de","@id":"https:\/\/www.ihr-ferienpartner.de\/mobil\/magic-life-kalawy\/#primaryimage","url":"https:\/\/www.ihr-ferienpartner.de\/Aegypten\/HotelbildMagicLife.jpg","contentUrl":"https:\/\/www.ihr-ferienpartner.de\/Aegypten\/HotelbildMagicLife.jpg"},{"@type":"BreadcrumbList","@id":"https:\/\/www.ihr-ferienpartner.de\/mobil\/magic-life-kalawy\/#breadcrumb","itemListElement":[{"@type":"ListItem","position":1,"name":"Startseite","item":"https:\/\/www.ihr-ferienpartner.de\/mobil\/"},{"@type":"ListItem","position":2,"name":"MAGIC LIFE KALAWY"}]},{"@type":"WebSite","@id":"https:\/\/www.ihr-ferienpartner.de\/mobil\/#website","url":"https:\/\/www.ihr-ferienpartner.de\/mobil\/","name":"FINDE DEIN SPONTANIEN - Reisen g\u00fcnstig buchen","description":"Flugreisen im Preisvergleich mit flexiblen Terminen &amp; Abflughafen.","publisher":{"@id":"https:\/\/www.ihr-ferienpartner.de\/mobil\/#organization"},"potentialAction":[{"@type":"SearchAction","target":{"@type":"EntryPoint","urlTemplate":"https:\/\/www.ihr-ferienpartner.de\/mobil\/?s={search_term_string}"},"query-input":"required name=search_term_string"}],"inLanguage":"de"},{"@type":"Organization","@id":"https:\/\/www.ihr-ferienpartner.de\/mobil\/#organization","name":"FINDE DEIN SPONTANIEN - Reisen g\u00fcnstig buchen","url":"https:\/\/www.ihr-ferienpartner.de\/mobil\/","logo":{"@type":"ImageObject","inLanguage":"de","@id":"https:\/\/www.ihr-ferienpartner.de\/mobil\/#\/schema\/logo\/image\/","url":"https:\/\/www.ihr-ferienpartner.de\/mobil\/wp-content\/uploads\/2019\/10\/spontanien.jpg","contentUrl":"https:\/\/www.ihr-ferienpartner.de\/mobil\/wp-content\/uploads\/2019\/10\/spontanien.jpg","width":818,"height":200,"caption":"FINDE DEIN SPONTANIEN - Reisen g\u00fcnstig buchen"},"image":{"@id":"https:\/\/www.ihr-ferienpartner.de\/mobil\/#\/schema\/logo\/image\/"}}]}},"_links":{"self":[{"href":"https:\/\/www.ihr-ferienpartner.de\/mobil\/wp-json\/wp\/v2\/pages\/3783"}],"collection":[{"href":"https:\/\/www.ihr-ferienpartner.de\/mobil\/wp-json\/wp\/v2\/pages"}],"about":[{"href":"https:\/\/www.ihr-ferienpartner.de\/mobil\/wp-json\/wp\/v2\/types\/page"}],"author":[{"embeddable":true,"href":"https:\/\/www.ihr-ferienpartner.de\/mobil\/wp-json\/wp\/v2\/users\/1"}],"replies":[{"embeddable":true,"href":"https:\/\/www.ihr-ferienpartner.de\/mobil\/wp-json\/wp\/v2\/comments?post=3783"}],"version-history":[{"count":9,"href":"https:\/\/www.ihr-ferienpartner.de\/mobil\/wp-json\/wp\/v2\/pages\/3783\/revisions"}],"predecessor-version":[{"id":5263,"href":"https:\/\/www.ihr-ferienpartner.de\/mobil\/wp-json\/wp\/v2\/pages\/3783\/revisions\/5263"}],"wp:attachment":[{"href":"https:\/\/www.ihr-ferienpartner.de\/mobil\/wp-json\/wp\/v2\/media?parent=3783"}],"curies":[{"name":"wp","href":"https:\/\/api.w.org\/{rel}","templated":true}]}}