{"id":3786,"date":"2024-07-04T15:34:49","date_gmt":"2024-07-04T13:34:49","guid":{"rendered":"http:\/\/www.ihr-ferienpartner.de\/mobil\/?page_id=3786"},"modified":"2024-07-04T15:34:49","modified_gmt":"2024-07-04T13:34:49","slug":"magic-life-sharm-el-sheikh","status":"publish","type":"page","link":"https:\/\/www.ihr-ferienpartner.de\/mobil\/magic-life-sharm-el-sheikh\/","title":{"rendered":"Iberotel Redsina"},"content":{"rendered":"<div style=\"background-color: #ffffff; padding: 20px 20px 20px 20px;\">\n<h1>Iberotel Redsina<\/h1>\n<p>in Nabq Bay &#8211; \u00c4gypten<br \/>\n(ehemals Magic World Sharm bzw. MAGIC LIFE Sharm el Sheikh)<\/p>\n<p><img decoding=\"async\" src=\"https:\/\/www.ihr-ferienpartner.de\/Aegypten\/HotelbildMagicLife.jpg\" alt=\"Urlaub im Iberotel Redsina g\u00fcnstig buchen\" title=\"Reisen nach \u00c4gypten ins Iberotel Redsina\"><br \/>\n<font size=\"-1\">Die beliebte Anlage liegt direkt am Meer an der Nabq Bay mit traumhaften Korallenriffen bei Sharm El Sheikh.<\/font><\/p>\n<hr>\n<p><b><font color=\"b62b31\">MAGIC LIFE-Alternative:<\/font><\/b> <a href=\"https:\/\/www.ihr-ferienpartner.de\/mobil\/magic-life-kalawy\/\">MAGIC LIFE KALAWY &gt;&gt;<\/a><br \/>\n<b><font color=\"b62b31\">alle Hotels in:<\/font><\/b> <a href=\"https:\/\/www.ihr-ferienpartner.de\/mobil\/aegypten\">\u00c4gypten &gt;&gt;<\/a><\/p>\n<hr>\n<div id=\"ypsnet-ibe\" data-src=\"https:\/\/b2b.specials.de\/index\/jump\/119\/2780\/991880\/?action=dates&amp;regionId=651&amp;from=15&amp;to=316&amp;duration=7-7&amp;adults=2&amp;hotelName=Magic+World+Sharm\"><\/div>\n<p><script src=\"https:\/\/webmedia.ypsilon.net\/spl_js\/ypsnet-ibe.js\"><\/script><\/p>\n<\/div>\n<div style=\"background-color: #ffffff; padding: 20px 20px 20px 20px;\">\n<hr>\n<p><b>all inclusive Clubrlaub im Iberotel Redsina in \u00c4gypten:<\/b><br \/>\nBuchen Sie Ihre Reise und profitieren Sie u.a. vom Anbieter-Preisvergleich und Hotel-Rankings aus \u00fcber 1.000.000 authentischen Hotelbewertungen.<\/p>\n<p><img decoding=\"async\" src=\"https:\/\/www.ihr-ferienpartner.de\/Angebot\/Anbietervergleich.jpg\" alt=\"Reisen nach \u00c4gypten ins Iberotel Redsina\" title=\"Reisen nach \u00c4gypten ins Iberotel Redsina\"><\/p>\n<\/div>\n","protected":false},"excerpt":{"rendered":"<p>Iberotel Redsina in Nabq Bay &#8211; \u00c4gypten (ehemals Magic World Sharm bzw. MAGIC LIFE Sharm el Sheikh) Die beliebte Anlage liegt direkt am Meer an der Nabq Bay mit traumhaften Korallenriffen bei Sharm El Sheikh. MAGIC LIFE-Alternative: MAGIC LIFE KALAWY &gt;&gt; alle Hotels in: \u00c4gypten &gt;&gt; all inclusive Clubrlaub im Iberotel Redsina in \u00c4gypten: Buchen [&hellip;]<\/p>\n","protected":false},"author":1,"featured_media":0,"parent":0,"menu_order":0,"comment_status":"closed","ping_status":"closed","template":"","meta":{"footnotes":""},"yoast_head":"<!-- This site is optimized with the Yoast SEO plugin v22.8 - https:\/\/yoast.com\/wordpress\/plugins\/seo\/ -->\n<title>Iberotel Redsina - all inclusive Cluburlaub genie\u00dfen!<\/title>\n<meta name=\"description\" content=\"Buchen Sie Ihre \u00c4gypten-Reise &amp; genie\u00dfen Sie die Sinai-Halbinsel. Clever buchen mit flexibler Auswahl von Terminen, Dauern &amp; Flughafen.\" \/>\n<meta name=\"robots\" content=\"index, follow, max-snippet:-1, max-image-preview:large, max-video-preview:-1\" \/>\n<link rel=\"canonical\" href=\"https:\/\/www.ihr-ferienpartner.de\/mobil\/magic-life-sharm-el-sheikh\/\" \/>\n<meta property=\"og:locale\" content=\"de_DE\" \/>\n<meta property=\"og:type\" content=\"article\" \/>\n<meta property=\"og:title\" content=\"Iberotel Redsina - all inclusive Cluburlaub genie\u00dfen!\" \/>\n<meta property=\"og:description\" content=\"Buchen Sie Ihre \u00c4gypten-Reise &amp; genie\u00dfen Sie die Sinai-Halbinsel. Clever buchen mit flexibler Auswahl von Terminen, Dauern &amp; Flughafen.\" \/>\n<meta property=\"og:url\" content=\"https:\/\/www.ihr-ferienpartner.de\/mobil\/magic-life-sharm-el-sheikh\/\" \/>\n<meta property=\"og:site_name\" content=\"FINDE DEIN SPONTANIEN - Reisen g\u00fcnstig buchen\" \/>\n<meta property=\"og:image\" content=\"https:\/\/www.ihr-ferienpartner.de\/Aegypten\/HotelbildMagicLife.jpg\" \/>\n<meta name=\"twitter:card\" content=\"summary_large_image\" \/>\n<meta name=\"twitter:label1\" content=\"Gesch\u00e4tzte Lesezeit\" \/>\n\t<meta name=\"twitter:data1\" content=\"1\u00a0Minute\" \/>\n<script type=\"application\/ld+json\" class=\"yoast-schema-graph\">{\"@context\":\"https:\/\/schema.org\",\"@graph\":[{\"@type\":\"WebPage\",\"@id\":\"https:\/\/www.ihr-ferienpartner.de\/mobil\/magic-life-sharm-el-sheikh\/\",\"url\":\"https:\/\/www.ihr-ferienpartner.de\/mobil\/magic-life-sharm-el-sheikh\/\",\"name\":\"Iberotel Redsina - all inclusive Cluburlaub genie\u00dfen!\",\"isPartOf\":{\"@id\":\"https:\/\/www.ihr-ferienpartner.de\/mobil\/#website\"},\"primaryImageOfPage\":{\"@id\":\"https:\/\/www.ihr-ferienpartner.de\/mobil\/magic-life-sharm-el-sheikh\/#primaryimage\"},\"image\":{\"@id\":\"https:\/\/www.ihr-ferienpartner.de\/mobil\/magic-life-sharm-el-sheikh\/#primaryimage\"},\"thumbnailUrl\":\"https:\/\/www.ihr-ferienpartner.de\/Aegypten\/HotelbildMagicLife.jpg\",\"datePublished\":\"2024-07-04T13:34:49+00:00\",\"dateModified\":\"2024-07-04T13:34:49+00:00\",\"description\":\"Buchen Sie Ihre \u00c4gypten-Reise & genie\u00dfen Sie die Sinai-Halbinsel. Clever buchen mit flexibler Auswahl von Terminen, Dauern & Flughafen.\",\"breadcrumb\":{\"@id\":\"https:\/\/www.ihr-ferienpartner.de\/mobil\/magic-life-sharm-el-sheikh\/#breadcrumb\"},\"inLanguage\":\"de\",\"potentialAction\":[{\"@type\":\"ReadAction\",\"target\":[\"https:\/\/www.ihr-ferienpartner.de\/mobil\/magic-life-sharm-el-sheikh\/\"]}]},{\"@type\":\"ImageObject\",\"inLanguage\":\"de\",\"@id\":\"https:\/\/www.ihr-ferienpartner.de\/mobil\/magic-life-sharm-el-sheikh\/#primaryimage\",\"url\":\"https:\/\/www.ihr-ferienpartner.de\/Aegypten\/HotelbildMagicLife.jpg\",\"contentUrl\":\"https:\/\/www.ihr-ferienpartner.de\/Aegypten\/HotelbildMagicLife.jpg\"},{\"@type\":\"BreadcrumbList\",\"@id\":\"https:\/\/www.ihr-ferienpartner.de\/mobil\/magic-life-sharm-el-sheikh\/#breadcrumb\",\"itemListElement\":[{\"@type\":\"ListItem\",\"position\":1,\"name\":\"Startseite\",\"item\":\"https:\/\/www.ihr-ferienpartner.de\/mobil\/\"},{\"@type\":\"ListItem\",\"position\":2,\"name\":\"Iberotel Redsina\"}]},{\"@type\":\"WebSite\",\"@id\":\"https:\/\/www.ihr-ferienpartner.de\/mobil\/#website\",\"url\":\"https:\/\/www.ihr-ferienpartner.de\/mobil\/\",\"name\":\"FINDE DEIN SPONTANIEN - Reisen g\u00fcnstig buchen\",\"description\":\"Flugreisen im Preisvergleich mit flexiblen Terminen &amp; Abflughafen.\",\"publisher\":{\"@id\":\"https:\/\/www.ihr-ferienpartner.de\/mobil\/#organization\"},\"potentialAction\":[{\"@type\":\"SearchAction\",\"target\":{\"@type\":\"EntryPoint\",\"urlTemplate\":\"https:\/\/www.ihr-ferienpartner.de\/mobil\/?s={search_term_string}\"},\"query-input\":\"required name=search_term_string\"}],\"inLanguage\":\"de\"},{\"@type\":\"Organization\",\"@id\":\"https:\/\/www.ihr-ferienpartner.de\/mobil\/#organization\",\"name\":\"FINDE DEIN SPONTANIEN - Reisen g\u00fcnstig buchen\",\"url\":\"https:\/\/www.ihr-ferienpartner.de\/mobil\/\",\"logo\":{\"@type\":\"ImageObject\",\"inLanguage\":\"de\",\"@id\":\"https:\/\/www.ihr-ferienpartner.de\/mobil\/#\/schema\/logo\/image\/\",\"url\":\"https:\/\/www.ihr-ferienpartner.de\/mobil\/wp-content\/uploads\/2019\/10\/spontanien.jpg\",\"contentUrl\":\"https:\/\/www.ihr-ferienpartner.de\/mobil\/wp-content\/uploads\/2019\/10\/spontanien.jpg\",\"width\":818,\"height\":200,\"caption\":\"FINDE DEIN SPONTANIEN - Reisen g\u00fcnstig buchen\"},\"image\":{\"@id\":\"https:\/\/www.ihr-ferienpartner.de\/mobil\/#\/schema\/logo\/image\/\"}}]}<\/script>\n<!-- \/ Yoast SEO plugin. -->","yoast_head_json":{"title":"Iberotel Redsina - all inclusive Cluburlaub genie\u00dfen!","description":"Buchen Sie Ihre \u00c4gypten-Reise & genie\u00dfen Sie die Sinai-Halbinsel. Clever buchen mit flexibler Auswahl von Terminen, Dauern & Flughafen.","robots":{"index":"index","follow":"follow","max-snippet":"max-snippet:-1","max-image-preview":"max-image-preview:large","max-video-preview":"max-video-preview:-1"},"canonical":"https:\/\/www.ihr-ferienpartner.de\/mobil\/magic-life-sharm-el-sheikh\/","og_locale":"de_DE","og_type":"article","og_title":"Iberotel Redsina - all inclusive Cluburlaub genie\u00dfen!","og_description":"Buchen Sie Ihre \u00c4gypten-Reise & genie\u00dfen Sie die Sinai-Halbinsel. Clever buchen mit flexibler Auswahl von Terminen, Dauern & Flughafen.","og_url":"https:\/\/www.ihr-ferienpartner.de\/mobil\/magic-life-sharm-el-sheikh\/","og_site_name":"FINDE DEIN SPONTANIEN - Reisen g\u00fcnstig buchen","og_image":[{"url":"https:\/\/www.ihr-ferienpartner.de\/Aegypten\/HotelbildMagicLife.jpg"}],"twitter_card":"summary_large_image","twitter_misc":{"Gesch\u00e4tzte Lesezeit":"1\u00a0Minute"},"schema":{"@context":"https:\/\/schema.org","@graph":[{"@type":"WebPage","@id":"https:\/\/www.ihr-ferienpartner.de\/mobil\/magic-life-sharm-el-sheikh\/","url":"https:\/\/www.ihr-ferienpartner.de\/mobil\/magic-life-sharm-el-sheikh\/","name":"Iberotel Redsina - all inclusive Cluburlaub genie\u00dfen!","isPartOf":{"@id":"https:\/\/www.ihr-ferienpartner.de\/mobil\/#website"},"primaryImageOfPage":{"@id":"https:\/\/www.ihr-ferienpartner.de\/mobil\/magic-life-sharm-el-sheikh\/#primaryimage"},"image":{"@id":"https:\/\/www.ihr-ferienpartner.de\/mobil\/magic-life-sharm-el-sheikh\/#primaryimage"},"thumbnailUrl":"https:\/\/www.ihr-ferienpartner.de\/Aegypten\/HotelbildMagicLife.jpg","datePublished":"2024-07-04T13:34:49+00:00","dateModified":"2024-07-04T13:34:49+00:00","description":"Buchen Sie Ihre \u00c4gypten-Reise & genie\u00dfen Sie die Sinai-Halbinsel. Clever buchen mit flexibler Auswahl von Terminen, Dauern & Flughafen.","breadcrumb":{"@id":"https:\/\/www.ihr-ferienpartner.de\/mobil\/magic-life-sharm-el-sheikh\/#breadcrumb"},"inLanguage":"de","potentialAction":[{"@type":"ReadAction","target":["https:\/\/www.ihr-ferienpartner.de\/mobil\/magic-life-sharm-el-sheikh\/"]}]},{"@type":"ImageObject","inLanguage":"de","@id":"https:\/\/www.ihr-ferienpartner.de\/mobil\/magic-life-sharm-el-sheikh\/#primaryimage","url":"https:\/\/www.ihr-ferienpartner.de\/Aegypten\/HotelbildMagicLife.jpg","contentUrl":"https:\/\/www.ihr-ferienpartner.de\/Aegypten\/HotelbildMagicLife.jpg"},{"@type":"BreadcrumbList","@id":"https:\/\/www.ihr-ferienpartner.de\/mobil\/magic-life-sharm-el-sheikh\/#breadcrumb","itemListElement":[{"@type":"ListItem","position":1,"name":"Startseite","item":"https:\/\/www.ihr-ferienpartner.de\/mobil\/"},{"@type":"ListItem","position":2,"name":"Iberotel Redsina"}]},{"@type":"WebSite","@id":"https:\/\/www.ihr-ferienpartner.de\/mobil\/#website","url":"https:\/\/www.ihr-ferienpartner.de\/mobil\/","name":"FINDE DEIN SPONTANIEN - Reisen g\u00fcnstig buchen","description":"Flugreisen im Preisvergleich mit flexiblen Terminen &amp; Abflughafen.","publisher":{"@id":"https:\/\/www.ihr-ferienpartner.de\/mobil\/#organization"},"potentialAction":[{"@type":"SearchAction","target":{"@type":"EntryPoint","urlTemplate":"https:\/\/www.ihr-ferienpartner.de\/mobil\/?s={search_term_string}"},"query-input":"required name=search_term_string"}],"inLanguage":"de"},{"@type":"Organization","@id":"https:\/\/www.ihr-ferienpartner.de\/mobil\/#organization","name":"FINDE DEIN SPONTANIEN - Reisen g\u00fcnstig buchen","url":"https:\/\/www.ihr-ferienpartner.de\/mobil\/","logo":{"@type":"ImageObject","inLanguage":"de","@id":"https:\/\/www.ihr-ferienpartner.de\/mobil\/#\/schema\/logo\/image\/","url":"https:\/\/www.ihr-ferienpartner.de\/mobil\/wp-content\/uploads\/2019\/10\/spontanien.jpg","contentUrl":"https:\/\/www.ihr-ferienpartner.de\/mobil\/wp-content\/uploads\/2019\/10\/spontanien.jpg","width":818,"height":200,"caption":"FINDE DEIN SPONTANIEN - Reisen g\u00fcnstig buchen"},"image":{"@id":"https:\/\/www.ihr-ferienpartner.de\/mobil\/#\/schema\/logo\/image\/"}}]}},"_links":{"self":[{"href":"https:\/\/www.ihr-ferienpartner.de\/mobil\/wp-json\/wp\/v2\/pages\/3786"}],"collection":[{"href":"https:\/\/www.ihr-ferienpartner.de\/mobil\/wp-json\/wp\/v2\/pages"}],"about":[{"href":"https:\/\/www.ihr-ferienpartner.de\/mobil\/wp-json\/wp\/v2\/types\/page"}],"author":[{"embeddable":true,"href":"https:\/\/www.ihr-ferienpartner.de\/mobil\/wp-json\/wp\/v2\/users\/1"}],"replies":[{"embeddable":true,"href":"https:\/\/www.ihr-ferienpartner.de\/mobil\/wp-json\/wp\/v2\/comments?post=3786"}],"version-history":[{"count":12,"href":"https:\/\/www.ihr-ferienpartner.de\/mobil\/wp-json\/wp\/v2\/pages\/3786\/revisions"}],"predecessor-version":[{"id":5703,"href":"https:\/\/www.ihr-ferienpartner.de\/mobil\/wp-json\/wp\/v2\/pages\/3786\/revisions\/5703"}],"wp:attachment":[{"href":"https:\/\/www.ihr-ferienpartner.de\/mobil\/wp-json\/wp\/v2\/media?parent=3786"}],"curies":[{"name":"wp","href":"https:\/\/api.w.org\/{rel}","templated":true}]}}