{"id":3845,"date":"2024-07-15T16:50:09","date_gmt":"2024-07-15T14:50:09","guid":{"rendered":"http:\/\/www.ihr-ferienpartner.de\/mobil\/?page_id=3845"},"modified":"2024-07-15T16:50:10","modified_gmt":"2024-07-15T14:50:10","slug":"steigenberger-coraya-beach","status":"publish","type":"page","link":"https:\/\/www.ihr-ferienpartner.de\/mobil\/steigenberger-coraya-beach\/","title":{"rendered":"Steigenberger Coraya Beach"},"content":{"rendered":"<div style=\"background-color: #ffffff; padding: 20px 20px 20px 20px;\">\n<h1>Steigenberger Coraya Beach<\/h1>\n<p>Marsa Alam &#8211; \u00c4gypten<\/p>\n<p><img decoding=\"async\" src=\"https:\/\/www.ihr-ferienpartner.de\/Aegypten\/Rotes_Meer.jpg\" alt=\"Urlaub im Steigenberger Coraya Beach g\u00fcnstig buchen\" title=\"Reisen nach \u00c4gypten ins Steigenberger Coraya Beach\"><br \/>\n<font size=\"-1\">Das Steigenberger Coraya Beach (ehemals Iberotel Coraya Beach) ist ein &#8222;Adults only&#8220; Hotel, welches nur f\u00fcr G\u00e4ste ab 18 Jahren buchbar ist. Die Anlage liegt direkt am flach abfallenden Strand von Coraya. Zentrum der gepflegten Gartenanlage ist eine gro\u00dfz\u00fcgige Poollandschaft. Sie wohnen in orientalisch gestalteten, dreist\u00f6ckigen Wohnh\u00e4usern. Sowohl f\u00fcr Paare als auch Singles wir ein vielf\u00e4ltiges Sport- und Freizeitangebot angeboten.<\/font><\/p>\n<hr>\n<p><b><font color=\"b62b31\">Hotel-Tipp:<\/font><\/b> <a href=\"https:\/\/www.ihr-ferienpartner.de\/mobil\/dl-pauschal2\/?countryId=EG&amp;duration=7-7&amp;from=15&amp;to=316&amp;hotelName=Steigenberger&amp;minRecommrate=60\">alle Steigenberger Hotels &amp; Resorts in \u00c4gypten &gt;&gt;<\/a><br \/>\n<b><font color=\"b62b31\">alle Hotels in:<\/font><\/b> <a href=\"https:\/\/www.ihr-ferienpartner.de\/mobil\/aegypten\">\u00c4gypten &gt;&gt;<\/a><\/p>\n<hr>\n<div id=\"ypsnet-ibe\" data-src=\"https:\/\/b2b.specials.de\/index\/jump\/119\/2780\/991880\/?action=dates&amp;regionId=651&amp;from=15&amp;to=316&amp;duration=7-7&amp;maxPrice=5000&amp;adults=2&amp;giataId=14557\"><\/div>\n<p><script src=\"https:\/\/webmedia.ypsilon.net\/spl_js\/ypsnet-ibe.js\"><\/script><\/p>\n<\/div>\n<div style=\"background-color: #ffffff; padding: 20px 20px 20px 20px;\">\n<hr>\n<p><b>all inclusive Cluburlaub im Steigenberger Coraya Beach in \u00c4gypten:<\/b><br \/>\nBuchen Sie Ihre Reise nach Marsa Alam und profitieren Sie u.a. vom Anbieter-Preisvergleich und Hotel-Rankings aus \u00fcber 1.000.000 authentischen Hotelbewertungen.<\/p>\n<p><img decoding=\"async\" src=\"https:\/\/www.ihr-ferienpartner.de\/Angebot\/Anbietervergleich.jpg\" alt=\"Reisen nach \u00c4gypten ins Steigenberger Coraya Beach\" title=\"Reisen nach \u00c4gypten ins Steigenberger Coraya Beach\"><\/p>\n<\/div>\n","protected":false},"excerpt":{"rendered":"<p>Steigenberger Coraya Beach Marsa Alam &#8211; \u00c4gypten Das Steigenberger Coraya Beach (ehemals Iberotel Coraya Beach) ist ein &#8222;Adults only&#8220; Hotel, welches nur f\u00fcr G\u00e4ste ab 18 Jahren buchbar ist. Die Anlage liegt direkt am flach abfallenden Strand von Coraya. Zentrum der gepflegten Gartenanlage ist eine gro\u00dfz\u00fcgige Poollandschaft. Sie wohnen in orientalisch gestalteten, dreist\u00f6ckigen Wohnh\u00e4usern. Sowohl [&hellip;]<\/p>\n","protected":false},"author":1,"featured_media":0,"parent":0,"menu_order":0,"comment_status":"closed","ping_status":"closed","template":"","meta":{"footnotes":""},"yoast_head":"<!-- This site is optimized with the Yoast SEO plugin v22.8 - https:\/\/yoast.com\/wordpress\/plugins\/seo\/ -->\n<title>Steigenberger Coraya Beach - jetzt Traumurlaub sichern!<\/title>\n<meta name=\"description\" content=\"Genie\u00dfen Sie \u00c4gypten und sparen sie beim Buchen mit Anbieter-Preisvergleich, Hotelbewertungen, flexiblen Terminen &amp; Flughafen.\" \/>\n<meta name=\"robots\" content=\"index, follow, max-snippet:-1, max-image-preview:large, max-video-preview:-1\" \/>\n<link rel=\"canonical\" href=\"https:\/\/www.ihr-ferienpartner.de\/mobil\/steigenberger-coraya-beach\/\" \/>\n<meta property=\"og:locale\" content=\"de_DE\" \/>\n<meta property=\"og:type\" content=\"article\" \/>\n<meta property=\"og:title\" content=\"Steigenberger Coraya Beach - jetzt Traumurlaub sichern!\" \/>\n<meta property=\"og:description\" content=\"Genie\u00dfen Sie \u00c4gypten und sparen sie beim Buchen mit Anbieter-Preisvergleich, Hotelbewertungen, flexiblen Terminen &amp; Flughafen.\" \/>\n<meta property=\"og:url\" content=\"https:\/\/www.ihr-ferienpartner.de\/mobil\/steigenberger-coraya-beach\/\" \/>\n<meta property=\"og:site_name\" content=\"FINDE DEIN SPONTANIEN - Reisen g\u00fcnstig buchen\" \/>\n<meta property=\"article:modified_time\" content=\"2024-07-15T14:50:10+00:00\" \/>\n<meta property=\"og:image\" content=\"https:\/\/www.ihr-ferienpartner.de\/Aegypten\/Rotes_Meer.jpg\" \/>\n<meta name=\"twitter:card\" content=\"summary_large_image\" \/>\n<meta name=\"twitter:label1\" content=\"Gesch\u00e4tzte Lesezeit\" \/>\n\t<meta name=\"twitter:data1\" content=\"1\u00a0Minute\" \/>\n<script type=\"application\/ld+json\" class=\"yoast-schema-graph\">{\"@context\":\"https:\/\/schema.org\",\"@graph\":[{\"@type\":\"WebPage\",\"@id\":\"https:\/\/www.ihr-ferienpartner.de\/mobil\/steigenberger-coraya-beach\/\",\"url\":\"https:\/\/www.ihr-ferienpartner.de\/mobil\/steigenberger-coraya-beach\/\",\"name\":\"Steigenberger Coraya Beach - jetzt Traumurlaub sichern!\",\"isPartOf\":{\"@id\":\"https:\/\/www.ihr-ferienpartner.de\/mobil\/#website\"},\"primaryImageOfPage\":{\"@id\":\"https:\/\/www.ihr-ferienpartner.de\/mobil\/steigenberger-coraya-beach\/#primaryimage\"},\"image\":{\"@id\":\"https:\/\/www.ihr-ferienpartner.de\/mobil\/steigenberger-coraya-beach\/#primaryimage\"},\"thumbnailUrl\":\"https:\/\/www.ihr-ferienpartner.de\/Aegypten\/Rotes_Meer.jpg\",\"datePublished\":\"2024-07-15T14:50:09+00:00\",\"dateModified\":\"2024-07-15T14:50:10+00:00\",\"description\":\"Genie\u00dfen Sie \u00c4gypten und sparen sie beim Buchen mit Anbieter-Preisvergleich, Hotelbewertungen, flexiblen Terminen & Flughafen.\",\"breadcrumb\":{\"@id\":\"https:\/\/www.ihr-ferienpartner.de\/mobil\/steigenberger-coraya-beach\/#breadcrumb\"},\"inLanguage\":\"de\",\"potentialAction\":[{\"@type\":\"ReadAction\",\"target\":[\"https:\/\/www.ihr-ferienpartner.de\/mobil\/steigenberger-coraya-beach\/\"]}]},{\"@type\":\"ImageObject\",\"inLanguage\":\"de\",\"@id\":\"https:\/\/www.ihr-ferienpartner.de\/mobil\/steigenberger-coraya-beach\/#primaryimage\",\"url\":\"https:\/\/www.ihr-ferienpartner.de\/Aegypten\/Rotes_Meer.jpg\",\"contentUrl\":\"https:\/\/www.ihr-ferienpartner.de\/Aegypten\/Rotes_Meer.jpg\"},{\"@type\":\"BreadcrumbList\",\"@id\":\"https:\/\/www.ihr-ferienpartner.de\/mobil\/steigenberger-coraya-beach\/#breadcrumb\",\"itemListElement\":[{\"@type\":\"ListItem\",\"position\":1,\"name\":\"Startseite\",\"item\":\"https:\/\/www.ihr-ferienpartner.de\/mobil\/\"},{\"@type\":\"ListItem\",\"position\":2,\"name\":\"Steigenberger Coraya Beach\"}]},{\"@type\":\"WebSite\",\"@id\":\"https:\/\/www.ihr-ferienpartner.de\/mobil\/#website\",\"url\":\"https:\/\/www.ihr-ferienpartner.de\/mobil\/\",\"name\":\"FINDE DEIN SPONTANIEN - Reisen g\u00fcnstig buchen\",\"description\":\"Flugreisen im Preisvergleich mit flexiblen Terminen &amp; Abflughafen.\",\"publisher\":{\"@id\":\"https:\/\/www.ihr-ferienpartner.de\/mobil\/#organization\"},\"potentialAction\":[{\"@type\":\"SearchAction\",\"target\":{\"@type\":\"EntryPoint\",\"urlTemplate\":\"https:\/\/www.ihr-ferienpartner.de\/mobil\/?s={search_term_string}\"},\"query-input\":\"required name=search_term_string\"}],\"inLanguage\":\"de\"},{\"@type\":\"Organization\",\"@id\":\"https:\/\/www.ihr-ferienpartner.de\/mobil\/#organization\",\"name\":\"FINDE DEIN SPONTANIEN - Reisen g\u00fcnstig buchen\",\"url\":\"https:\/\/www.ihr-ferienpartner.de\/mobil\/\",\"logo\":{\"@type\":\"ImageObject\",\"inLanguage\":\"de\",\"@id\":\"https:\/\/www.ihr-ferienpartner.de\/mobil\/#\/schema\/logo\/image\/\",\"url\":\"https:\/\/www.ihr-ferienpartner.de\/mobil\/wp-content\/uploads\/2019\/10\/spontanien.jpg\",\"contentUrl\":\"https:\/\/www.ihr-ferienpartner.de\/mobil\/wp-content\/uploads\/2019\/10\/spontanien.jpg\",\"width\":818,\"height\":200,\"caption\":\"FINDE DEIN SPONTANIEN - Reisen g\u00fcnstig buchen\"},\"image\":{\"@id\":\"https:\/\/www.ihr-ferienpartner.de\/mobil\/#\/schema\/logo\/image\/\"}}]}<\/script>\n<!-- \/ Yoast SEO plugin. -->","yoast_head_json":{"title":"Steigenberger Coraya Beach - jetzt Traumurlaub sichern!","description":"Genie\u00dfen Sie \u00c4gypten und sparen sie beim Buchen mit Anbieter-Preisvergleich, Hotelbewertungen, flexiblen Terminen & Flughafen.","robots":{"index":"index","follow":"follow","max-snippet":"max-snippet:-1","max-image-preview":"max-image-preview:large","max-video-preview":"max-video-preview:-1"},"canonical":"https:\/\/www.ihr-ferienpartner.de\/mobil\/steigenberger-coraya-beach\/","og_locale":"de_DE","og_type":"article","og_title":"Steigenberger Coraya Beach - jetzt Traumurlaub sichern!","og_description":"Genie\u00dfen Sie \u00c4gypten und sparen sie beim Buchen mit Anbieter-Preisvergleich, Hotelbewertungen, flexiblen Terminen & Flughafen.","og_url":"https:\/\/www.ihr-ferienpartner.de\/mobil\/steigenberger-coraya-beach\/","og_site_name":"FINDE DEIN SPONTANIEN - Reisen g\u00fcnstig buchen","article_modified_time":"2024-07-15T14:50:10+00:00","og_image":[{"url":"https:\/\/www.ihr-ferienpartner.de\/Aegypten\/Rotes_Meer.jpg"}],"twitter_card":"summary_large_image","twitter_misc":{"Gesch\u00e4tzte Lesezeit":"1\u00a0Minute"},"schema":{"@context":"https:\/\/schema.org","@graph":[{"@type":"WebPage","@id":"https:\/\/www.ihr-ferienpartner.de\/mobil\/steigenberger-coraya-beach\/","url":"https:\/\/www.ihr-ferienpartner.de\/mobil\/steigenberger-coraya-beach\/","name":"Steigenberger Coraya Beach - jetzt Traumurlaub sichern!","isPartOf":{"@id":"https:\/\/www.ihr-ferienpartner.de\/mobil\/#website"},"primaryImageOfPage":{"@id":"https:\/\/www.ihr-ferienpartner.de\/mobil\/steigenberger-coraya-beach\/#primaryimage"},"image":{"@id":"https:\/\/www.ihr-ferienpartner.de\/mobil\/steigenberger-coraya-beach\/#primaryimage"},"thumbnailUrl":"https:\/\/www.ihr-ferienpartner.de\/Aegypten\/Rotes_Meer.jpg","datePublished":"2024-07-15T14:50:09+00:00","dateModified":"2024-07-15T14:50:10+00:00","description":"Genie\u00dfen Sie \u00c4gypten und sparen sie beim Buchen mit Anbieter-Preisvergleich, Hotelbewertungen, flexiblen Terminen & Flughafen.","breadcrumb":{"@id":"https:\/\/www.ihr-ferienpartner.de\/mobil\/steigenberger-coraya-beach\/#breadcrumb"},"inLanguage":"de","potentialAction":[{"@type":"ReadAction","target":["https:\/\/www.ihr-ferienpartner.de\/mobil\/steigenberger-coraya-beach\/"]}]},{"@type":"ImageObject","inLanguage":"de","@id":"https:\/\/www.ihr-ferienpartner.de\/mobil\/steigenberger-coraya-beach\/#primaryimage","url":"https:\/\/www.ihr-ferienpartner.de\/Aegypten\/Rotes_Meer.jpg","contentUrl":"https:\/\/www.ihr-ferienpartner.de\/Aegypten\/Rotes_Meer.jpg"},{"@type":"BreadcrumbList","@id":"https:\/\/www.ihr-ferienpartner.de\/mobil\/steigenberger-coraya-beach\/#breadcrumb","itemListElement":[{"@type":"ListItem","position":1,"name":"Startseite","item":"https:\/\/www.ihr-ferienpartner.de\/mobil\/"},{"@type":"ListItem","position":2,"name":"Steigenberger Coraya Beach"}]},{"@type":"WebSite","@id":"https:\/\/www.ihr-ferienpartner.de\/mobil\/#website","url":"https:\/\/www.ihr-ferienpartner.de\/mobil\/","name":"FINDE DEIN SPONTANIEN - Reisen g\u00fcnstig buchen","description":"Flugreisen im Preisvergleich mit flexiblen Terminen &amp; Abflughafen.","publisher":{"@id":"https:\/\/www.ihr-ferienpartner.de\/mobil\/#organization"},"potentialAction":[{"@type":"SearchAction","target":{"@type":"EntryPoint","urlTemplate":"https:\/\/www.ihr-ferienpartner.de\/mobil\/?s={search_term_string}"},"query-input":"required name=search_term_string"}],"inLanguage":"de"},{"@type":"Organization","@id":"https:\/\/www.ihr-ferienpartner.de\/mobil\/#organization","name":"FINDE DEIN SPONTANIEN - Reisen g\u00fcnstig buchen","url":"https:\/\/www.ihr-ferienpartner.de\/mobil\/","logo":{"@type":"ImageObject","inLanguage":"de","@id":"https:\/\/www.ihr-ferienpartner.de\/mobil\/#\/schema\/logo\/image\/","url":"https:\/\/www.ihr-ferienpartner.de\/mobil\/wp-content\/uploads\/2019\/10\/spontanien.jpg","contentUrl":"https:\/\/www.ihr-ferienpartner.de\/mobil\/wp-content\/uploads\/2019\/10\/spontanien.jpg","width":818,"height":200,"caption":"FINDE DEIN SPONTANIEN - Reisen g\u00fcnstig buchen"},"image":{"@id":"https:\/\/www.ihr-ferienpartner.de\/mobil\/#\/schema\/logo\/image\/"}}]}},"_links":{"self":[{"href":"https:\/\/www.ihr-ferienpartner.de\/mobil\/wp-json\/wp\/v2\/pages\/3845"}],"collection":[{"href":"https:\/\/www.ihr-ferienpartner.de\/mobil\/wp-json\/wp\/v2\/pages"}],"about":[{"href":"https:\/\/www.ihr-ferienpartner.de\/mobil\/wp-json\/wp\/v2\/types\/page"}],"author":[{"embeddable":true,"href":"https:\/\/www.ihr-ferienpartner.de\/mobil\/wp-json\/wp\/v2\/users\/1"}],"replies":[{"embeddable":true,"href":"https:\/\/www.ihr-ferienpartner.de\/mobil\/wp-json\/wp\/v2\/comments?post=3845"}],"version-history":[{"count":5,"href":"https:\/\/www.ihr-ferienpartner.de\/mobil\/wp-json\/wp\/v2\/pages\/3845\/revisions"}],"predecessor-version":[{"id":5366,"href":"https:\/\/www.ihr-ferienpartner.de\/mobil\/wp-json\/wp\/v2\/pages\/3845\/revisions\/5366"}],"wp:attachment":[{"href":"https:\/\/www.ihr-ferienpartner.de\/mobil\/wp-json\/wp\/v2\/media?parent=3845"}],"curies":[{"name":"wp","href":"https:\/\/api.w.org\/{rel}","templated":true}]}}