{"id":3859,"date":"2024-07-04T15:03:51","date_gmt":"2024-07-04T13:03:51","guid":{"rendered":"http:\/\/www.ihr-ferienpartner.de\/mobil\/?page_id=3859"},"modified":"2024-07-04T15:03:51","modified_gmt":"2024-07-04T13:03:51","slug":"labranda-club-makadi","status":"publish","type":"page","link":"https:\/\/www.ihr-ferienpartner.de\/mobil\/labranda-club-makadi\/","title":{"rendered":"LABRANDA Club Makadi"},"content":{"rendered":"<div style=\"background-color: #ffffff; padding: 20px 20px 20px 20px;\">\n<h1>LABRANDA Club Makadi<\/h1>\n<p>Makadi Bay, \u00c4gypten<\/p>\n<p><img decoding=\"async\" src=\"https:\/\/www.ihr-ferienpartner.de\/Angebot\/Azur.jpg\" alt=\"Urlaub im LABRANDA Club Makadi g\u00fcnsig buchen\" title=\"Reisen nach \u00c4gypten ins LABRANDA Club Makadi\"><br \/>\n<font size=\"-1\">Das beliebte Hotel LABRANDA Club Makadi &#8211; ehemals Azur Beach Club &#8211; liegt <b>direkt am Strand<\/b> von Makadi (ca. 30 km von Hurghada), wo ein vorgelagertes <b>Korallenriff<\/b> zum Schnorcheln einl\u00e4dt. Die weitl\u00e4ufige <b>all inclusive<\/b>-Anlage umfasst eine <b>gro\u00dfe S\u00fcsswasserpoollandschaft<\/b> mit Kinderbecken, Sonnenterasse mit Liegen, Schirmen und Badet\u00fcchern, zwei Tennispl\u00e4tze, Fitnessraum, Kinderclub und Diskothek. <\/font><\/p>\n<hr>\n<p><b><font color=\"b62b31\">Hotel-Tipp:<\/font><\/b> <a href=\"https:\/\/www.ihr-ferienpartner.de\/mobil\/dl-pauschal2\/?countryId=EG&amp;duration=7-7&amp;from=15&amp;to=316&amp;hotelName=Labranda&amp;minRecommrate=60\">alle LABRANDA Hotels &amp; Resorts in \u00c4gypten &gt;&gt;<\/a><br \/>\n<b><font color=\"b62b31\">alle Hotels in:<\/font><\/b> <a href=\"https:\/\/www.ihr-ferienpartner.de\/mobil\/aegypten\">\u00c4gypten &gt;&gt;<\/a><\/p>\n<hr>\n<div id=\"ypsnet-ibe\" data-src=\"https:\/\/b2b.specials.de\/index\/jump\/119\/2780\/991880\/?action=dates&amp;regionId=651&amp;from=15&amp;to=316&amp;duration=7-7&amp;maxPrice=5000&amp;adults=2&amp;giataId=10511\"><\/div>\n<p><script src=\"https:\/\/webmedia.ypsilon.net\/spl_js\/ypsnet-ibe.js\"><\/script><\/p>\n<\/div>\n<div style=\"background-color: #ffffff; padding: 20px 20px 20px 20px;\">\n<hr>\n<p><b>all inclusive Cluburlaub im LABRANDA Club Makadi in \u00c4gypten:<\/b><br \/>\nBuchen Sie Ihre Reise nach Makadi Bay und profitieren Sie u.a. vom Anbieter-Preisvergleich und Hotel-Rankings aus \u00fcber 1.000.000 authentischen Hotelbewertungen.<\/p>\n<p><img decoding=\"async\" src=\"https:\/\/www.ihr-ferienpartner.de\/Angebot\/Anbietervergleich.jpg\" alt=\"Reisen nach \u00c4gypten in den LABRANDA Club Makadi\" title=\"Reisen nach \u00c4gypten in den LABRANDA Club Makadi\"><\/p>\n<\/div>\n","protected":false},"excerpt":{"rendered":"<p>LABRANDA Club Makadi Makadi Bay, \u00c4gypten Das beliebte Hotel LABRANDA Club Makadi &#8211; ehemals Azur Beach Club &#8211; liegt direkt am Strand von Makadi (ca. 30 km von Hurghada), wo ein vorgelagertes Korallenriff zum Schnorcheln einl\u00e4dt. Die weitl\u00e4ufige all inclusive-Anlage umfasst eine gro\u00dfe S\u00fcsswasserpoollandschaft mit Kinderbecken, Sonnenterasse mit Liegen, Schirmen und Badet\u00fcchern, zwei Tennispl\u00e4tze, Fitnessraum, [&hellip;]<\/p>\n","protected":false},"author":1,"featured_media":0,"parent":0,"menu_order":0,"comment_status":"closed","ping_status":"closed","template":"","meta":{"footnotes":""},"yoast_head":"<!-- This site is optimized with the Yoast SEO plugin v22.8 - https:\/\/yoast.com\/wordpress\/plugins\/seo\/ -->\n<title>LABRANDA Club Makadi - Traumurlaub am Roten Meer buchen!<\/title>\n<meta name=\"description\" content=\"Genie\u00dfen Sie Ihre \u00c4gypten-Reise &amp; sparen Sie durch Preisvergleich (Fr\u00fchbucher &amp; Last Minute), Bewertungen, flexible Termine &amp; Abflughafen.\" \/>\n<meta name=\"robots\" content=\"index, follow, max-snippet:-1, max-image-preview:large, max-video-preview:-1\" \/>\n<link rel=\"canonical\" href=\"https:\/\/www.ihr-ferienpartner.de\/mobil\/labranda-club-makadi\/\" \/>\n<meta property=\"og:locale\" content=\"de_DE\" \/>\n<meta property=\"og:type\" content=\"article\" \/>\n<meta property=\"og:title\" content=\"LABRANDA Club Makadi - Traumurlaub am Roten Meer buchen!\" \/>\n<meta property=\"og:description\" content=\"Genie\u00dfen Sie Ihre \u00c4gypten-Reise &amp; sparen Sie durch Preisvergleich (Fr\u00fchbucher &amp; Last Minute), Bewertungen, flexible Termine &amp; Abflughafen.\" \/>\n<meta property=\"og:url\" content=\"https:\/\/www.ihr-ferienpartner.de\/mobil\/labranda-club-makadi\/\" \/>\n<meta property=\"og:site_name\" content=\"FINDE DEIN SPONTANIEN - Reisen g\u00fcnstig buchen\" \/>\n<meta property=\"og:image\" content=\"https:\/\/www.ihr-ferienpartner.de\/Angebot\/Azur.jpg\" \/>\n<meta name=\"twitter:card\" content=\"summary_large_image\" \/>\n<meta name=\"twitter:label1\" content=\"Gesch\u00e4tzte Lesezeit\" \/>\n\t<meta name=\"twitter:data1\" content=\"1\u00a0Minute\" \/>\n<script type=\"application\/ld+json\" class=\"yoast-schema-graph\">{\"@context\":\"https:\/\/schema.org\",\"@graph\":[{\"@type\":\"WebPage\",\"@id\":\"https:\/\/www.ihr-ferienpartner.de\/mobil\/labranda-club-makadi\/\",\"url\":\"https:\/\/www.ihr-ferienpartner.de\/mobil\/labranda-club-makadi\/\",\"name\":\"LABRANDA Club Makadi - Traumurlaub am Roten Meer buchen!\",\"isPartOf\":{\"@id\":\"https:\/\/www.ihr-ferienpartner.de\/mobil\/#website\"},\"primaryImageOfPage\":{\"@id\":\"https:\/\/www.ihr-ferienpartner.de\/mobil\/labranda-club-makadi\/#primaryimage\"},\"image\":{\"@id\":\"https:\/\/www.ihr-ferienpartner.de\/mobil\/labranda-club-makadi\/#primaryimage\"},\"thumbnailUrl\":\"https:\/\/www.ihr-ferienpartner.de\/Angebot\/Azur.jpg\",\"datePublished\":\"2024-07-04T13:03:51+00:00\",\"dateModified\":\"2024-07-04T13:03:51+00:00\",\"description\":\"Genie\u00dfen Sie Ihre \u00c4gypten-Reise & sparen Sie durch Preisvergleich (Fr\u00fchbucher & Last Minute), Bewertungen, flexible Termine & Abflughafen.\",\"breadcrumb\":{\"@id\":\"https:\/\/www.ihr-ferienpartner.de\/mobil\/labranda-club-makadi\/#breadcrumb\"},\"inLanguage\":\"de\",\"potentialAction\":[{\"@type\":\"ReadAction\",\"target\":[\"https:\/\/www.ihr-ferienpartner.de\/mobil\/labranda-club-makadi\/\"]}]},{\"@type\":\"ImageObject\",\"inLanguage\":\"de\",\"@id\":\"https:\/\/www.ihr-ferienpartner.de\/mobil\/labranda-club-makadi\/#primaryimage\",\"url\":\"https:\/\/www.ihr-ferienpartner.de\/Angebot\/Azur.jpg\",\"contentUrl\":\"https:\/\/www.ihr-ferienpartner.de\/Angebot\/Azur.jpg\"},{\"@type\":\"BreadcrumbList\",\"@id\":\"https:\/\/www.ihr-ferienpartner.de\/mobil\/labranda-club-makadi\/#breadcrumb\",\"itemListElement\":[{\"@type\":\"ListItem\",\"position\":1,\"name\":\"Startseite\",\"item\":\"https:\/\/www.ihr-ferienpartner.de\/mobil\/\"},{\"@type\":\"ListItem\",\"position\":2,\"name\":\"LABRANDA Club Makadi\"}]},{\"@type\":\"WebSite\",\"@id\":\"https:\/\/www.ihr-ferienpartner.de\/mobil\/#website\",\"url\":\"https:\/\/www.ihr-ferienpartner.de\/mobil\/\",\"name\":\"FINDE DEIN SPONTANIEN - Reisen g\u00fcnstig buchen\",\"description\":\"Flugreisen im Preisvergleich mit flexiblen Terminen &amp; Abflughafen.\",\"publisher\":{\"@id\":\"https:\/\/www.ihr-ferienpartner.de\/mobil\/#organization\"},\"potentialAction\":[{\"@type\":\"SearchAction\",\"target\":{\"@type\":\"EntryPoint\",\"urlTemplate\":\"https:\/\/www.ihr-ferienpartner.de\/mobil\/?s={search_term_string}\"},\"query-input\":\"required name=search_term_string\"}],\"inLanguage\":\"de\"},{\"@type\":\"Organization\",\"@id\":\"https:\/\/www.ihr-ferienpartner.de\/mobil\/#organization\",\"name\":\"FINDE DEIN SPONTANIEN - Reisen g\u00fcnstig buchen\",\"url\":\"https:\/\/www.ihr-ferienpartner.de\/mobil\/\",\"logo\":{\"@type\":\"ImageObject\",\"inLanguage\":\"de\",\"@id\":\"https:\/\/www.ihr-ferienpartner.de\/mobil\/#\/schema\/logo\/image\/\",\"url\":\"https:\/\/www.ihr-ferienpartner.de\/mobil\/wp-content\/uploads\/2019\/10\/spontanien.jpg\",\"contentUrl\":\"https:\/\/www.ihr-ferienpartner.de\/mobil\/wp-content\/uploads\/2019\/10\/spontanien.jpg\",\"width\":818,\"height\":200,\"caption\":\"FINDE DEIN SPONTANIEN - Reisen g\u00fcnstig buchen\"},\"image\":{\"@id\":\"https:\/\/www.ihr-ferienpartner.de\/mobil\/#\/schema\/logo\/image\/\"}}]}<\/script>\n<!-- \/ Yoast SEO plugin. -->","yoast_head_json":{"title":"LABRANDA Club Makadi - Traumurlaub am Roten Meer buchen!","description":"Genie\u00dfen Sie Ihre \u00c4gypten-Reise & sparen Sie durch Preisvergleich (Fr\u00fchbucher & Last Minute), Bewertungen, flexible Termine & Abflughafen.","robots":{"index":"index","follow":"follow","max-snippet":"max-snippet:-1","max-image-preview":"max-image-preview:large","max-video-preview":"max-video-preview:-1"},"canonical":"https:\/\/www.ihr-ferienpartner.de\/mobil\/labranda-club-makadi\/","og_locale":"de_DE","og_type":"article","og_title":"LABRANDA Club Makadi - Traumurlaub am Roten Meer buchen!","og_description":"Genie\u00dfen Sie Ihre \u00c4gypten-Reise & sparen Sie durch Preisvergleich (Fr\u00fchbucher & Last Minute), Bewertungen, flexible Termine & Abflughafen.","og_url":"https:\/\/www.ihr-ferienpartner.de\/mobil\/labranda-club-makadi\/","og_site_name":"FINDE DEIN SPONTANIEN - Reisen g\u00fcnstig buchen","og_image":[{"url":"https:\/\/www.ihr-ferienpartner.de\/Angebot\/Azur.jpg"}],"twitter_card":"summary_large_image","twitter_misc":{"Gesch\u00e4tzte Lesezeit":"1\u00a0Minute"},"schema":{"@context":"https:\/\/schema.org","@graph":[{"@type":"WebPage","@id":"https:\/\/www.ihr-ferienpartner.de\/mobil\/labranda-club-makadi\/","url":"https:\/\/www.ihr-ferienpartner.de\/mobil\/labranda-club-makadi\/","name":"LABRANDA Club Makadi - Traumurlaub am Roten Meer buchen!","isPartOf":{"@id":"https:\/\/www.ihr-ferienpartner.de\/mobil\/#website"},"primaryImageOfPage":{"@id":"https:\/\/www.ihr-ferienpartner.de\/mobil\/labranda-club-makadi\/#primaryimage"},"image":{"@id":"https:\/\/www.ihr-ferienpartner.de\/mobil\/labranda-club-makadi\/#primaryimage"},"thumbnailUrl":"https:\/\/www.ihr-ferienpartner.de\/Angebot\/Azur.jpg","datePublished":"2024-07-04T13:03:51+00:00","dateModified":"2024-07-04T13:03:51+00:00","description":"Genie\u00dfen Sie Ihre \u00c4gypten-Reise & sparen Sie durch Preisvergleich (Fr\u00fchbucher & Last Minute), Bewertungen, flexible Termine & Abflughafen.","breadcrumb":{"@id":"https:\/\/www.ihr-ferienpartner.de\/mobil\/labranda-club-makadi\/#breadcrumb"},"inLanguage":"de","potentialAction":[{"@type":"ReadAction","target":["https:\/\/www.ihr-ferienpartner.de\/mobil\/labranda-club-makadi\/"]}]},{"@type":"ImageObject","inLanguage":"de","@id":"https:\/\/www.ihr-ferienpartner.de\/mobil\/labranda-club-makadi\/#primaryimage","url":"https:\/\/www.ihr-ferienpartner.de\/Angebot\/Azur.jpg","contentUrl":"https:\/\/www.ihr-ferienpartner.de\/Angebot\/Azur.jpg"},{"@type":"BreadcrumbList","@id":"https:\/\/www.ihr-ferienpartner.de\/mobil\/labranda-club-makadi\/#breadcrumb","itemListElement":[{"@type":"ListItem","position":1,"name":"Startseite","item":"https:\/\/www.ihr-ferienpartner.de\/mobil\/"},{"@type":"ListItem","position":2,"name":"LABRANDA Club Makadi"}]},{"@type":"WebSite","@id":"https:\/\/www.ihr-ferienpartner.de\/mobil\/#website","url":"https:\/\/www.ihr-ferienpartner.de\/mobil\/","name":"FINDE DEIN SPONTANIEN - Reisen g\u00fcnstig buchen","description":"Flugreisen im Preisvergleich mit flexiblen Terminen &amp; Abflughafen.","publisher":{"@id":"https:\/\/www.ihr-ferienpartner.de\/mobil\/#organization"},"potentialAction":[{"@type":"SearchAction","target":{"@type":"EntryPoint","urlTemplate":"https:\/\/www.ihr-ferienpartner.de\/mobil\/?s={search_term_string}"},"query-input":"required name=search_term_string"}],"inLanguage":"de"},{"@type":"Organization","@id":"https:\/\/www.ihr-ferienpartner.de\/mobil\/#organization","name":"FINDE DEIN SPONTANIEN - Reisen g\u00fcnstig buchen","url":"https:\/\/www.ihr-ferienpartner.de\/mobil\/","logo":{"@type":"ImageObject","inLanguage":"de","@id":"https:\/\/www.ihr-ferienpartner.de\/mobil\/#\/schema\/logo\/image\/","url":"https:\/\/www.ihr-ferienpartner.de\/mobil\/wp-content\/uploads\/2019\/10\/spontanien.jpg","contentUrl":"https:\/\/www.ihr-ferienpartner.de\/mobil\/wp-content\/uploads\/2019\/10\/spontanien.jpg","width":818,"height":200,"caption":"FINDE DEIN SPONTANIEN - Reisen g\u00fcnstig buchen"},"image":{"@id":"https:\/\/www.ihr-ferienpartner.de\/mobil\/#\/schema\/logo\/image\/"}}]}},"_links":{"self":[{"href":"https:\/\/www.ihr-ferienpartner.de\/mobil\/wp-json\/wp\/v2\/pages\/3859"}],"collection":[{"href":"https:\/\/www.ihr-ferienpartner.de\/mobil\/wp-json\/wp\/v2\/pages"}],"about":[{"href":"https:\/\/www.ihr-ferienpartner.de\/mobil\/wp-json\/wp\/v2\/types\/page"}],"author":[{"embeddable":true,"href":"https:\/\/www.ihr-ferienpartner.de\/mobil\/wp-json\/wp\/v2\/users\/1"}],"replies":[{"embeddable":true,"href":"https:\/\/www.ihr-ferienpartner.de\/mobil\/wp-json\/wp\/v2\/comments?post=3859"}],"version-history":[{"count":7,"href":"https:\/\/www.ihr-ferienpartner.de\/mobil\/wp-json\/wp\/v2\/pages\/3859\/revisions"}],"predecessor-version":[{"id":5242,"href":"https:\/\/www.ihr-ferienpartner.de\/mobil\/wp-json\/wp\/v2\/pages\/3859\/revisions\/5242"}],"wp:attachment":[{"href":"https:\/\/www.ihr-ferienpartner.de\/mobil\/wp-json\/wp\/v2\/media?parent=3859"}],"curies":[{"name":"wp","href":"https:\/\/api.w.org\/{rel}","templated":true}]}}