{"id":3897,"date":"2024-07-03T10:13:11","date_gmt":"2024-07-03T08:13:11","guid":{"rendered":"http:\/\/www.ihr-ferienpartner.de\/mobil\/?page_id=3897"},"modified":"2024-07-03T10:13:11","modified_gmt":"2024-07-03T08:13:11","slug":"iberostar-selection-anthelia","status":"publish","type":"page","link":"https:\/\/www.ihr-ferienpartner.de\/mobil\/iberostar-selection-anthelia\/","title":{"rendered":"Iberostar Selection Anthelia"},"content":{"rendered":"<div style=\"background-color: #ffffff; padding: 20px 20px 20px 20px;\">\n<h1>Iberostar Selection Anthelia<\/h1>\n<p>Playa De Fanabe (Costa Adeje) &#8211; Teneriffa<\/p>\n<p><img decoding=\"async\" src=\"https:\/\/www.ihr-ferienpartner.de\/Angebot\/Anthelia.jpg\" alt=\"Hotel Iberostar Selection Anthelia auf Teneriffa buchen\" title=\"Reisen nach Teneriffa ins Hotel Iberostar Selection Anthelia\"><br \/>\n<font size=\"-1\"><b><font color=\"b62b31\">Unser Hotel-Tipp<\/font><\/b> &#8211; Das tolle 5-Sterne Hotel liegt mit tollem Panoramablick direkt am Meer zwischen den beiden Hauptstr\u00e4nden von Costa Adeje Playa del Duque und Playa de Fanabe. Das Resort ist mit Fr\u00fchst\u00fcck, Halbpension oder all inclusive buchbar. <\/font><\/p>\n<hr>\n<p><font size=\"-1\"><b><font color=\"b62b31\">weitere Hotel-Tipps auf Teneriffa:<\/font><\/b> <a href=\"https:\/\/www.ihr-ferienpartner.de\/mobil\/riu-palace-tenerife\/\">Riu Palace Tenerife<\/a>, Playa del Duque &#8211; <a href=\"https:\/\/www.ihr-ferienpartner.de\/mobil\/riu-arecas\/\">Riu Arecas<\/a>, Playa del Duque &#8211; <a href=\"https:\/\/www.ihr-ferienpartner.de\/mobil\/riu-buenavista\/\">Riu Buenavista<\/a>, Playa Paraiso &#8211; <a href=\"https:\/\/www.ihr-ferienpartner.de\/mobil\/bahia-principe\/\">Bahia Principe Costa Adeje &amp; Tenerife Resort<\/a>, Playa Paraiso &#8211; <a href=\"https:\/\/www.ihr-ferienpartner.de\/mobil\/bahia-princess\/\">Bahia Princess<\/a>, Costa Adeje &#8211; <a href=\"https:\/\/www.ihr-ferienpartner.de\/mobil\/gran-melia-palacia-de-isora\/\">Gran Melia Palacia de Isora<\/a>, Alcala<\/font><br \/>\n<b><font color=\"b62b31\">alle Hotels auf:<\/font><\/b> <a href=\"https:\/\/www.ihr-ferienpartner.de\/mobil\/teneriffa\">Teneriffa &gt;&gt;<\/a><\/p>\n<hr>\n<div id=\"ypsnet-ibe\" data-src=\"https:\/\/b2b.specials.de\/index\/jump\/119\/2780\/991880\/?action=dates&amp;regionId=135&amp;from=15&amp;to=316&amp;duration=7-7&amp;maxPrice=5000&amp;adults=2&amp;giataId=6884\"><\/div>\n<p><script src=\"https:\/\/webmedia.ypsilon.net\/spl_js\/ypsnet-ibe.js\"><\/script><\/p>\n<\/div>\n<div style=\"background-color: #ffffff; padding: 20px 20px 20px 20px;\">\n<hr>\n<p><b>Urlaub im Iberostar Selection Anthelia:<\/b><br \/>\nBuchen Sie Ihre Teneriffa-Reise und profitieren Sie u.a. vom Anbieter-Preisvergleich und Hotel-Rankings aus \u00fcber 1.000.000 authentischen Hotelbewertungen.<\/p>\n<p><img decoding=\"async\" src=\"https:\/\/www.ihr-ferienpartner.de\/Angebot\/Anbietervergleich.jpg\" alt=\"Reisen nach Teneriffa ins Iberostar Selection Anthelia\" title=\"Reisen nach Teneriffa, Hotel Iberostar Selection Anthelia\"><\/p>\n<\/div>\n","protected":false},"excerpt":{"rendered":"<p>Iberostar Selection Anthelia Playa De Fanabe (Costa Adeje) &#8211; Teneriffa Unser Hotel-Tipp &#8211; Das tolle 5-Sterne Hotel liegt mit tollem Panoramablick direkt am Meer zwischen den beiden Hauptstr\u00e4nden von Costa Adeje Playa del Duque und Playa de Fanabe. Das Resort ist mit Fr\u00fchst\u00fcck, Halbpension oder all inclusive buchbar. weitere Hotel-Tipps auf Teneriffa: Riu Palace Tenerife, [&hellip;]<\/p>\n","protected":false},"author":1,"featured_media":0,"parent":0,"menu_order":0,"comment_status":"closed","ping_status":"closed","template":"","meta":{"footnotes":""},"yoast_head":"<!-- This site is optimized with the Yoast SEO plugin v22.8 - https:\/\/yoast.com\/wordpress\/plugins\/seo\/ -->\n<title>Iberostar Selection Anthelia - Teneriffa Urlaub g\u00fcnstig buchen!<\/title>\n<meta name=\"description\" content=\"Sparen Sie bei Buchung durch Anbieter-Preisvergleich &amp; flexibler Terminauswahl und genie\u00dfen Sie Ihre Reise an die Playa Fanabe (Costa Adeje).\" \/>\n<meta name=\"robots\" content=\"index, follow, max-snippet:-1, max-image-preview:large, max-video-preview:-1\" \/>\n<link rel=\"canonical\" href=\"https:\/\/www.ihr-ferienpartner.de\/mobil\/iberostar-selection-anthelia\/\" \/>\n<meta property=\"og:locale\" content=\"de_DE\" \/>\n<meta property=\"og:type\" content=\"article\" \/>\n<meta property=\"og:title\" content=\"Iberostar Selection Anthelia - Teneriffa Urlaub g\u00fcnstig buchen!\" \/>\n<meta property=\"og:description\" content=\"Sparen Sie bei Buchung durch Anbieter-Preisvergleich &amp; flexibler Terminauswahl und genie\u00dfen Sie Ihre Reise an die Playa Fanabe (Costa Adeje).\" \/>\n<meta property=\"og:url\" content=\"https:\/\/www.ihr-ferienpartner.de\/mobil\/iberostar-selection-anthelia\/\" \/>\n<meta property=\"og:site_name\" content=\"FINDE DEIN SPONTANIEN - Reisen g\u00fcnstig buchen\" \/>\n<meta property=\"og:image\" content=\"https:\/\/www.ihr-ferienpartner.de\/Angebot\/Anthelia.jpg\" \/>\n<meta name=\"twitter:card\" content=\"summary_large_image\" \/>\n<meta name=\"twitter:label1\" content=\"Gesch\u00e4tzte Lesezeit\" \/>\n\t<meta name=\"twitter:data1\" content=\"2\u00a0Minuten\" \/>\n<script type=\"application\/ld+json\" class=\"yoast-schema-graph\">{\"@context\":\"https:\/\/schema.org\",\"@graph\":[{\"@type\":\"WebPage\",\"@id\":\"https:\/\/www.ihr-ferienpartner.de\/mobil\/iberostar-selection-anthelia\/\",\"url\":\"https:\/\/www.ihr-ferienpartner.de\/mobil\/iberostar-selection-anthelia\/\",\"name\":\"Iberostar Selection Anthelia - Teneriffa Urlaub g\u00fcnstig buchen!\",\"isPartOf\":{\"@id\":\"https:\/\/www.ihr-ferienpartner.de\/mobil\/#website\"},\"primaryImageOfPage\":{\"@id\":\"https:\/\/www.ihr-ferienpartner.de\/mobil\/iberostar-selection-anthelia\/#primaryimage\"},\"image\":{\"@id\":\"https:\/\/www.ihr-ferienpartner.de\/mobil\/iberostar-selection-anthelia\/#primaryimage\"},\"thumbnailUrl\":\"https:\/\/www.ihr-ferienpartner.de\/Angebot\/Anthelia.jpg\",\"datePublished\":\"2024-07-03T08:13:11+00:00\",\"dateModified\":\"2024-07-03T08:13:11+00:00\",\"description\":\"Sparen Sie bei Buchung durch Anbieter-Preisvergleich & flexibler Terminauswahl und genie\u00dfen Sie Ihre Reise an die Playa Fanabe (Costa Adeje).\",\"breadcrumb\":{\"@id\":\"https:\/\/www.ihr-ferienpartner.de\/mobil\/iberostar-selection-anthelia\/#breadcrumb\"},\"inLanguage\":\"de\",\"potentialAction\":[{\"@type\":\"ReadAction\",\"target\":[\"https:\/\/www.ihr-ferienpartner.de\/mobil\/iberostar-selection-anthelia\/\"]}]},{\"@type\":\"ImageObject\",\"inLanguage\":\"de\",\"@id\":\"https:\/\/www.ihr-ferienpartner.de\/mobil\/iberostar-selection-anthelia\/#primaryimage\",\"url\":\"https:\/\/www.ihr-ferienpartner.de\/Angebot\/Anthelia.jpg\",\"contentUrl\":\"https:\/\/www.ihr-ferienpartner.de\/Angebot\/Anthelia.jpg\"},{\"@type\":\"BreadcrumbList\",\"@id\":\"https:\/\/www.ihr-ferienpartner.de\/mobil\/iberostar-selection-anthelia\/#breadcrumb\",\"itemListElement\":[{\"@type\":\"ListItem\",\"position\":1,\"name\":\"Startseite\",\"item\":\"https:\/\/www.ihr-ferienpartner.de\/mobil\/\"},{\"@type\":\"ListItem\",\"position\":2,\"name\":\"Iberostar Selection Anthelia\"}]},{\"@type\":\"WebSite\",\"@id\":\"https:\/\/www.ihr-ferienpartner.de\/mobil\/#website\",\"url\":\"https:\/\/www.ihr-ferienpartner.de\/mobil\/\",\"name\":\"FINDE DEIN SPONTANIEN - Reisen g\u00fcnstig buchen\",\"description\":\"Flugreisen im Preisvergleich mit flexiblen Terminen &amp; Abflughafen.\",\"publisher\":{\"@id\":\"https:\/\/www.ihr-ferienpartner.de\/mobil\/#organization\"},\"potentialAction\":[{\"@type\":\"SearchAction\",\"target\":{\"@type\":\"EntryPoint\",\"urlTemplate\":\"https:\/\/www.ihr-ferienpartner.de\/mobil\/?s={search_term_string}\"},\"query-input\":\"required name=search_term_string\"}],\"inLanguage\":\"de\"},{\"@type\":\"Organization\",\"@id\":\"https:\/\/www.ihr-ferienpartner.de\/mobil\/#organization\",\"name\":\"FINDE DEIN SPONTANIEN - Reisen g\u00fcnstig buchen\",\"url\":\"https:\/\/www.ihr-ferienpartner.de\/mobil\/\",\"logo\":{\"@type\":\"ImageObject\",\"inLanguage\":\"de\",\"@id\":\"https:\/\/www.ihr-ferienpartner.de\/mobil\/#\/schema\/logo\/image\/\",\"url\":\"https:\/\/www.ihr-ferienpartner.de\/mobil\/wp-content\/uploads\/2019\/10\/spontanien.jpg\",\"contentUrl\":\"https:\/\/www.ihr-ferienpartner.de\/mobil\/wp-content\/uploads\/2019\/10\/spontanien.jpg\",\"width\":818,\"height\":200,\"caption\":\"FINDE DEIN SPONTANIEN - Reisen g\u00fcnstig buchen\"},\"image\":{\"@id\":\"https:\/\/www.ihr-ferienpartner.de\/mobil\/#\/schema\/logo\/image\/\"}}]}<\/script>\n<!-- \/ Yoast SEO plugin. -->","yoast_head_json":{"title":"Iberostar Selection Anthelia - Teneriffa Urlaub g\u00fcnstig buchen!","description":"Sparen Sie bei Buchung durch Anbieter-Preisvergleich & flexibler Terminauswahl und genie\u00dfen Sie Ihre Reise an die Playa Fanabe (Costa Adeje).","robots":{"index":"index","follow":"follow","max-snippet":"max-snippet:-1","max-image-preview":"max-image-preview:large","max-video-preview":"max-video-preview:-1"},"canonical":"https:\/\/www.ihr-ferienpartner.de\/mobil\/iberostar-selection-anthelia\/","og_locale":"de_DE","og_type":"article","og_title":"Iberostar Selection Anthelia - Teneriffa Urlaub g\u00fcnstig buchen!","og_description":"Sparen Sie bei Buchung durch Anbieter-Preisvergleich & flexibler Terminauswahl und genie\u00dfen Sie Ihre Reise an die Playa Fanabe (Costa Adeje).","og_url":"https:\/\/www.ihr-ferienpartner.de\/mobil\/iberostar-selection-anthelia\/","og_site_name":"FINDE DEIN SPONTANIEN - Reisen g\u00fcnstig buchen","og_image":[{"url":"https:\/\/www.ihr-ferienpartner.de\/Angebot\/Anthelia.jpg"}],"twitter_card":"summary_large_image","twitter_misc":{"Gesch\u00e4tzte Lesezeit":"2\u00a0Minuten"},"schema":{"@context":"https:\/\/schema.org","@graph":[{"@type":"WebPage","@id":"https:\/\/www.ihr-ferienpartner.de\/mobil\/iberostar-selection-anthelia\/","url":"https:\/\/www.ihr-ferienpartner.de\/mobil\/iberostar-selection-anthelia\/","name":"Iberostar Selection Anthelia - Teneriffa Urlaub g\u00fcnstig buchen!","isPartOf":{"@id":"https:\/\/www.ihr-ferienpartner.de\/mobil\/#website"},"primaryImageOfPage":{"@id":"https:\/\/www.ihr-ferienpartner.de\/mobil\/iberostar-selection-anthelia\/#primaryimage"},"image":{"@id":"https:\/\/www.ihr-ferienpartner.de\/mobil\/iberostar-selection-anthelia\/#primaryimage"},"thumbnailUrl":"https:\/\/www.ihr-ferienpartner.de\/Angebot\/Anthelia.jpg","datePublished":"2024-07-03T08:13:11+00:00","dateModified":"2024-07-03T08:13:11+00:00","description":"Sparen Sie bei Buchung durch Anbieter-Preisvergleich & flexibler Terminauswahl und genie\u00dfen Sie Ihre Reise an die Playa Fanabe (Costa Adeje).","breadcrumb":{"@id":"https:\/\/www.ihr-ferienpartner.de\/mobil\/iberostar-selection-anthelia\/#breadcrumb"},"inLanguage":"de","potentialAction":[{"@type":"ReadAction","target":["https:\/\/www.ihr-ferienpartner.de\/mobil\/iberostar-selection-anthelia\/"]}]},{"@type":"ImageObject","inLanguage":"de","@id":"https:\/\/www.ihr-ferienpartner.de\/mobil\/iberostar-selection-anthelia\/#primaryimage","url":"https:\/\/www.ihr-ferienpartner.de\/Angebot\/Anthelia.jpg","contentUrl":"https:\/\/www.ihr-ferienpartner.de\/Angebot\/Anthelia.jpg"},{"@type":"BreadcrumbList","@id":"https:\/\/www.ihr-ferienpartner.de\/mobil\/iberostar-selection-anthelia\/#breadcrumb","itemListElement":[{"@type":"ListItem","position":1,"name":"Startseite","item":"https:\/\/www.ihr-ferienpartner.de\/mobil\/"},{"@type":"ListItem","position":2,"name":"Iberostar Selection Anthelia"}]},{"@type":"WebSite","@id":"https:\/\/www.ihr-ferienpartner.de\/mobil\/#website","url":"https:\/\/www.ihr-ferienpartner.de\/mobil\/","name":"FINDE DEIN SPONTANIEN - Reisen g\u00fcnstig buchen","description":"Flugreisen im Preisvergleich mit flexiblen Terminen &amp; Abflughafen.","publisher":{"@id":"https:\/\/www.ihr-ferienpartner.de\/mobil\/#organization"},"potentialAction":[{"@type":"SearchAction","target":{"@type":"EntryPoint","urlTemplate":"https:\/\/www.ihr-ferienpartner.de\/mobil\/?s={search_term_string}"},"query-input":"required name=search_term_string"}],"inLanguage":"de"},{"@type":"Organization","@id":"https:\/\/www.ihr-ferienpartner.de\/mobil\/#organization","name":"FINDE DEIN SPONTANIEN - Reisen g\u00fcnstig buchen","url":"https:\/\/www.ihr-ferienpartner.de\/mobil\/","logo":{"@type":"ImageObject","inLanguage":"de","@id":"https:\/\/www.ihr-ferienpartner.de\/mobil\/#\/schema\/logo\/image\/","url":"https:\/\/www.ihr-ferienpartner.de\/mobil\/wp-content\/uploads\/2019\/10\/spontanien.jpg","contentUrl":"https:\/\/www.ihr-ferienpartner.de\/mobil\/wp-content\/uploads\/2019\/10\/spontanien.jpg","width":818,"height":200,"caption":"FINDE DEIN SPONTANIEN - Reisen g\u00fcnstig buchen"},"image":{"@id":"https:\/\/www.ihr-ferienpartner.de\/mobil\/#\/schema\/logo\/image\/"}}]}},"_links":{"self":[{"href":"https:\/\/www.ihr-ferienpartner.de\/mobil\/wp-json\/wp\/v2\/pages\/3897"}],"collection":[{"href":"https:\/\/www.ihr-ferienpartner.de\/mobil\/wp-json\/wp\/v2\/pages"}],"about":[{"href":"https:\/\/www.ihr-ferienpartner.de\/mobil\/wp-json\/wp\/v2\/types\/page"}],"author":[{"embeddable":true,"href":"https:\/\/www.ihr-ferienpartner.de\/mobil\/wp-json\/wp\/v2\/users\/1"}],"replies":[{"embeddable":true,"href":"https:\/\/www.ihr-ferienpartner.de\/mobil\/wp-json\/wp\/v2\/comments?post=3897"}],"version-history":[{"count":7,"href":"https:\/\/www.ihr-ferienpartner.de\/mobil\/wp-json\/wp\/v2\/pages\/3897\/revisions"}],"predecessor-version":[{"id":5207,"href":"https:\/\/www.ihr-ferienpartner.de\/mobil\/wp-json\/wp\/v2\/pages\/3897\/revisions\/5207"}],"wp:attachment":[{"href":"https:\/\/www.ihr-ferienpartner.de\/mobil\/wp-json\/wp\/v2\/media?parent=3897"}],"curies":[{"name":"wp","href":"https:\/\/api.w.org\/{rel}","templated":true}]}}