{"id":3928,"date":"2024-07-04T15:12:28","date_gmt":"2024-07-04T13:12:28","guid":{"rendered":"http:\/\/www.ihr-ferienpartner.de\/mobil\/?page_id=3928"},"modified":"2024-07-04T15:12:28","modified_gmt":"2024-07-04T13:12:28","slug":"labranda-rocca-nettuno-tropea","status":"publish","type":"page","link":"https:\/\/www.ihr-ferienpartner.de\/mobil\/labranda-rocca-nettuno-tropea\/","title":{"rendered":"LABRANDA Rocca Nettuno Tropea"},"content":{"rendered":"<div style=\"background-color: rgba(255,255,255,1);\">\n<div style=\"background-color: #ffffff; padding: 20px 20px 20px 20px;\">\n<h1>LABRANDA Rocca Nettuno Tropea<\/h1>\n<p>Tropea, Kalabrien (Italien)<\/p>\n<p><img decoding=\"async\" src=\"https:\/\/www.ihr-ferienpartner.de\/Angebot\/KalabrienLabranda.jpg\" alt=\"Urlaub im LABRANDA Rocca Nettuno Tropea g\u00fcnstig buchen\" title=\"Reisen nach Kalabrien ins LABRANDA Rocca Nettuno Tropea\"><br \/>\nDas Rocca Nettuno Tropea ist ein traditionsreiches Haus und eine Art Aush\u00e4ngeschild gehobener Hotellerie in Kalabrien. Die Lage auf einem Felsplateau, oberhalb eines breiten Sandkiesstrands, nahe des wundersch\u00f6nen Orts Tropea ist ein gro\u00dfer Pluspunkt. Toller Service und sehr gute kulinarische Angebote &#8211; von Fr\u00fchst\u00fcck bis all inclusive buchbar &#8211; runden das Gesamtpaket ab.<\/p>\n<hr>\n<p><font size=\"-1\"><b><font color=\"b62b31\">weiterer Hotel-Tipp in Kalabrien:<\/font><\/b> <a href=\"https:\/\/www.ihr-ferienpartner.de\/mobil\/magic-life-calabria\/\">TUI MAGIC LIFE Calabria<\/a>, Pizzo<br \/>\n<font color=\"b62b31\">alle Hotels in:<\/font> <a href=\"https:\/\/www.ihr-ferienpartner.de\/mobil\/kalabrien\/\">Kalabrien &gt;&gt;<\/a> &#8211; <a href=\"https:\/\/www.ihr-ferienpartner.de\/mobil\/italien\/\">Italien &gt;&gt;<\/a><\/font><\/p>\n<hr>\n<div id=\"ypsnet-ibe\" data-src=\"https:\/\/b2b.specials.de\/index\/jump\/119\/2780\/991880\/?action=dates&amp;from=15&amp;to=316&amp;duration=7-7&amp;maxPrice=5000&amp;adults=2&amp;giataId=1609&amp;regionId=1040&amp;cityId=405\"><\/div>\n<p><script src=\"https:\/\/webmedia.ypsilon.net\/spl_js\/ypsnet-ibe.js\"><\/script><\/p>\n<\/div>\n<div style=\"background-color: #ffffff; padding: 20px 20px 20px 20px;\">\n<hr>\n<p><b>Traumurlaub im LABRANDA Rocca Nettuno Tropea:<\/b><br \/>\nBuchen Sie Ihre Kalabrien-Reise und profitieren Sie u.a. vom Anbieter-Preisvergleich und Hotel-Rankings aus \u00fcber 1.000.000 authentischen Hotelbewertungen.<\/p>\n<p><img decoding=\"async\" src=\"https:\/\/www.ihr-ferienpartner.de\/Angebot\/Anbietervergleich.jpg\" alt=\"Reisen in das LABRANDA Rocca Nettuno Tropea in Tropea (Kalabrien, Italien)\" title=\"Reisen in das LABRANDA Rocca Nettuno Tropea\"><\/p>\n<\/div>\n<\/div>\n","protected":false},"excerpt":{"rendered":"<p>LABRANDA Rocca Nettuno Tropea Tropea, Kalabrien (Italien) Das Rocca Nettuno Tropea ist ein traditionsreiches Haus und eine Art Aush\u00e4ngeschild gehobener Hotellerie in Kalabrien. Die Lage auf einem Felsplateau, oberhalb eines breiten Sandkiesstrands, nahe des wundersch\u00f6nen Orts Tropea ist ein gro\u00dfer Pluspunkt. Toller Service und sehr gute kulinarische Angebote &#8211; von Fr\u00fchst\u00fcck bis all inclusive buchbar [&hellip;]<\/p>\n","protected":false},"author":1,"featured_media":0,"parent":0,"menu_order":0,"comment_status":"closed","ping_status":"closed","template":"","meta":{"footnotes":""},"yoast_head":"<!-- This site is optimized with the Yoast SEO plugin v22.8 - https:\/\/yoast.com\/wordpress\/plugins\/seo\/ -->\n<title>LABRANDA Rocca Nettuno Tropea - Reisen g\u00fcnstig buchen!<\/title>\n<meta name=\"description\" content=\"Italien Urlaub clever buchen: Last Minute &amp; Fr\u00fchbucher, Anbieter-Preisvergleich, Hotelbewertungen, flexible Termine und Abflughafen.\" \/>\n<meta name=\"robots\" content=\"index, follow, max-snippet:-1, max-image-preview:large, max-video-preview:-1\" \/>\n<link rel=\"canonical\" href=\"https:\/\/www.ihr-ferienpartner.de\/mobil\/labranda-rocca-nettuno-tropea\/\" \/>\n<meta property=\"og:locale\" content=\"de_DE\" \/>\n<meta property=\"og:type\" content=\"article\" \/>\n<meta property=\"og:title\" content=\"LABRANDA Rocca Nettuno Tropea - Reisen g\u00fcnstig buchen!\" \/>\n<meta property=\"og:description\" content=\"Italien Urlaub clever buchen: Last Minute &amp; Fr\u00fchbucher, Anbieter-Preisvergleich, Hotelbewertungen, flexible Termine und Abflughafen.\" \/>\n<meta property=\"og:url\" content=\"https:\/\/www.ihr-ferienpartner.de\/mobil\/labranda-rocca-nettuno-tropea\/\" \/>\n<meta property=\"og:site_name\" content=\"FINDE DEIN SPONTANIEN - Reisen g\u00fcnstig buchen\" \/>\n<meta property=\"og:image\" content=\"https:\/\/www.ihr-ferienpartner.de\/Angebot\/KalabrienLabranda.jpg\" \/>\n<meta name=\"twitter:card\" content=\"summary_large_image\" \/>\n<meta name=\"twitter:label1\" content=\"Gesch\u00e4tzte Lesezeit\" \/>\n\t<meta name=\"twitter:data1\" content=\"1\u00a0Minute\" \/>\n<script type=\"application\/ld+json\" class=\"yoast-schema-graph\">{\"@context\":\"https:\/\/schema.org\",\"@graph\":[{\"@type\":\"WebPage\",\"@id\":\"https:\/\/www.ihr-ferienpartner.de\/mobil\/labranda-rocca-nettuno-tropea\/\",\"url\":\"https:\/\/www.ihr-ferienpartner.de\/mobil\/labranda-rocca-nettuno-tropea\/\",\"name\":\"LABRANDA Rocca Nettuno Tropea - Reisen g\u00fcnstig buchen!\",\"isPartOf\":{\"@id\":\"https:\/\/www.ihr-ferienpartner.de\/mobil\/#website\"},\"primaryImageOfPage\":{\"@id\":\"https:\/\/www.ihr-ferienpartner.de\/mobil\/labranda-rocca-nettuno-tropea\/#primaryimage\"},\"image\":{\"@id\":\"https:\/\/www.ihr-ferienpartner.de\/mobil\/labranda-rocca-nettuno-tropea\/#primaryimage\"},\"thumbnailUrl\":\"https:\/\/www.ihr-ferienpartner.de\/Angebot\/KalabrienLabranda.jpg\",\"datePublished\":\"2024-07-04T13:12:28+00:00\",\"dateModified\":\"2024-07-04T13:12:28+00:00\",\"description\":\"Italien Urlaub clever buchen: Last Minute & Fr\u00fchbucher, Anbieter-Preisvergleich, Hotelbewertungen, flexible Termine und Abflughafen.\",\"breadcrumb\":{\"@id\":\"https:\/\/www.ihr-ferienpartner.de\/mobil\/labranda-rocca-nettuno-tropea\/#breadcrumb\"},\"inLanguage\":\"de\",\"potentialAction\":[{\"@type\":\"ReadAction\",\"target\":[\"https:\/\/www.ihr-ferienpartner.de\/mobil\/labranda-rocca-nettuno-tropea\/\"]}]},{\"@type\":\"ImageObject\",\"inLanguage\":\"de\",\"@id\":\"https:\/\/www.ihr-ferienpartner.de\/mobil\/labranda-rocca-nettuno-tropea\/#primaryimage\",\"url\":\"https:\/\/www.ihr-ferienpartner.de\/Angebot\/KalabrienLabranda.jpg\",\"contentUrl\":\"https:\/\/www.ihr-ferienpartner.de\/Angebot\/KalabrienLabranda.jpg\"},{\"@type\":\"BreadcrumbList\",\"@id\":\"https:\/\/www.ihr-ferienpartner.de\/mobil\/labranda-rocca-nettuno-tropea\/#breadcrumb\",\"itemListElement\":[{\"@type\":\"ListItem\",\"position\":1,\"name\":\"Startseite\",\"item\":\"https:\/\/www.ihr-ferienpartner.de\/mobil\/\"},{\"@type\":\"ListItem\",\"position\":2,\"name\":\"LABRANDA Rocca Nettuno Tropea\"}]},{\"@type\":\"WebSite\",\"@id\":\"https:\/\/www.ihr-ferienpartner.de\/mobil\/#website\",\"url\":\"https:\/\/www.ihr-ferienpartner.de\/mobil\/\",\"name\":\"FINDE DEIN SPONTANIEN - Reisen g\u00fcnstig buchen\",\"description\":\"Flugreisen im Preisvergleich mit flexiblen Terminen &amp; Abflughafen.\",\"publisher\":{\"@id\":\"https:\/\/www.ihr-ferienpartner.de\/mobil\/#organization\"},\"potentialAction\":[{\"@type\":\"SearchAction\",\"target\":{\"@type\":\"EntryPoint\",\"urlTemplate\":\"https:\/\/www.ihr-ferienpartner.de\/mobil\/?s={search_term_string}\"},\"query-input\":\"required name=search_term_string\"}],\"inLanguage\":\"de\"},{\"@type\":\"Organization\",\"@id\":\"https:\/\/www.ihr-ferienpartner.de\/mobil\/#organization\",\"name\":\"FINDE DEIN SPONTANIEN - Reisen g\u00fcnstig buchen\",\"url\":\"https:\/\/www.ihr-ferienpartner.de\/mobil\/\",\"logo\":{\"@type\":\"ImageObject\",\"inLanguage\":\"de\",\"@id\":\"https:\/\/www.ihr-ferienpartner.de\/mobil\/#\/schema\/logo\/image\/\",\"url\":\"https:\/\/www.ihr-ferienpartner.de\/mobil\/wp-content\/uploads\/2019\/10\/spontanien.jpg\",\"contentUrl\":\"https:\/\/www.ihr-ferienpartner.de\/mobil\/wp-content\/uploads\/2019\/10\/spontanien.jpg\",\"width\":818,\"height\":200,\"caption\":\"FINDE DEIN SPONTANIEN - Reisen g\u00fcnstig buchen\"},\"image\":{\"@id\":\"https:\/\/www.ihr-ferienpartner.de\/mobil\/#\/schema\/logo\/image\/\"}}]}<\/script>\n<!-- \/ Yoast SEO plugin. -->","yoast_head_json":{"title":"LABRANDA Rocca Nettuno Tropea - Reisen g\u00fcnstig buchen!","description":"Italien Urlaub clever buchen: Last Minute & Fr\u00fchbucher, Anbieter-Preisvergleich, Hotelbewertungen, flexible Termine und Abflughafen.","robots":{"index":"index","follow":"follow","max-snippet":"max-snippet:-1","max-image-preview":"max-image-preview:large","max-video-preview":"max-video-preview:-1"},"canonical":"https:\/\/www.ihr-ferienpartner.de\/mobil\/labranda-rocca-nettuno-tropea\/","og_locale":"de_DE","og_type":"article","og_title":"LABRANDA Rocca Nettuno Tropea - Reisen g\u00fcnstig buchen!","og_description":"Italien Urlaub clever buchen: Last Minute & Fr\u00fchbucher, Anbieter-Preisvergleich, Hotelbewertungen, flexible Termine und Abflughafen.","og_url":"https:\/\/www.ihr-ferienpartner.de\/mobil\/labranda-rocca-nettuno-tropea\/","og_site_name":"FINDE DEIN SPONTANIEN - Reisen g\u00fcnstig buchen","og_image":[{"url":"https:\/\/www.ihr-ferienpartner.de\/Angebot\/KalabrienLabranda.jpg"}],"twitter_card":"summary_large_image","twitter_misc":{"Gesch\u00e4tzte Lesezeit":"1\u00a0Minute"},"schema":{"@context":"https:\/\/schema.org","@graph":[{"@type":"WebPage","@id":"https:\/\/www.ihr-ferienpartner.de\/mobil\/labranda-rocca-nettuno-tropea\/","url":"https:\/\/www.ihr-ferienpartner.de\/mobil\/labranda-rocca-nettuno-tropea\/","name":"LABRANDA Rocca Nettuno Tropea - Reisen g\u00fcnstig buchen!","isPartOf":{"@id":"https:\/\/www.ihr-ferienpartner.de\/mobil\/#website"},"primaryImageOfPage":{"@id":"https:\/\/www.ihr-ferienpartner.de\/mobil\/labranda-rocca-nettuno-tropea\/#primaryimage"},"image":{"@id":"https:\/\/www.ihr-ferienpartner.de\/mobil\/labranda-rocca-nettuno-tropea\/#primaryimage"},"thumbnailUrl":"https:\/\/www.ihr-ferienpartner.de\/Angebot\/KalabrienLabranda.jpg","datePublished":"2024-07-04T13:12:28+00:00","dateModified":"2024-07-04T13:12:28+00:00","description":"Italien Urlaub clever buchen: Last Minute & Fr\u00fchbucher, Anbieter-Preisvergleich, Hotelbewertungen, flexible Termine und Abflughafen.","breadcrumb":{"@id":"https:\/\/www.ihr-ferienpartner.de\/mobil\/labranda-rocca-nettuno-tropea\/#breadcrumb"},"inLanguage":"de","potentialAction":[{"@type":"ReadAction","target":["https:\/\/www.ihr-ferienpartner.de\/mobil\/labranda-rocca-nettuno-tropea\/"]}]},{"@type":"ImageObject","inLanguage":"de","@id":"https:\/\/www.ihr-ferienpartner.de\/mobil\/labranda-rocca-nettuno-tropea\/#primaryimage","url":"https:\/\/www.ihr-ferienpartner.de\/Angebot\/KalabrienLabranda.jpg","contentUrl":"https:\/\/www.ihr-ferienpartner.de\/Angebot\/KalabrienLabranda.jpg"},{"@type":"BreadcrumbList","@id":"https:\/\/www.ihr-ferienpartner.de\/mobil\/labranda-rocca-nettuno-tropea\/#breadcrumb","itemListElement":[{"@type":"ListItem","position":1,"name":"Startseite","item":"https:\/\/www.ihr-ferienpartner.de\/mobil\/"},{"@type":"ListItem","position":2,"name":"LABRANDA Rocca Nettuno Tropea"}]},{"@type":"WebSite","@id":"https:\/\/www.ihr-ferienpartner.de\/mobil\/#website","url":"https:\/\/www.ihr-ferienpartner.de\/mobil\/","name":"FINDE DEIN SPONTANIEN - Reisen g\u00fcnstig buchen","description":"Flugreisen im Preisvergleich mit flexiblen Terminen &amp; Abflughafen.","publisher":{"@id":"https:\/\/www.ihr-ferienpartner.de\/mobil\/#organization"},"potentialAction":[{"@type":"SearchAction","target":{"@type":"EntryPoint","urlTemplate":"https:\/\/www.ihr-ferienpartner.de\/mobil\/?s={search_term_string}"},"query-input":"required name=search_term_string"}],"inLanguage":"de"},{"@type":"Organization","@id":"https:\/\/www.ihr-ferienpartner.de\/mobil\/#organization","name":"FINDE DEIN SPONTANIEN - Reisen g\u00fcnstig buchen","url":"https:\/\/www.ihr-ferienpartner.de\/mobil\/","logo":{"@type":"ImageObject","inLanguage":"de","@id":"https:\/\/www.ihr-ferienpartner.de\/mobil\/#\/schema\/logo\/image\/","url":"https:\/\/www.ihr-ferienpartner.de\/mobil\/wp-content\/uploads\/2019\/10\/spontanien.jpg","contentUrl":"https:\/\/www.ihr-ferienpartner.de\/mobil\/wp-content\/uploads\/2019\/10\/spontanien.jpg","width":818,"height":200,"caption":"FINDE DEIN SPONTANIEN - Reisen g\u00fcnstig buchen"},"image":{"@id":"https:\/\/www.ihr-ferienpartner.de\/mobil\/#\/schema\/logo\/image\/"}}]}},"_links":{"self":[{"href":"https:\/\/www.ihr-ferienpartner.de\/mobil\/wp-json\/wp\/v2\/pages\/3928"}],"collection":[{"href":"https:\/\/www.ihr-ferienpartner.de\/mobil\/wp-json\/wp\/v2\/pages"}],"about":[{"href":"https:\/\/www.ihr-ferienpartner.de\/mobil\/wp-json\/wp\/v2\/types\/page"}],"author":[{"embeddable":true,"href":"https:\/\/www.ihr-ferienpartner.de\/mobil\/wp-json\/wp\/v2\/users\/1"}],"replies":[{"embeddable":true,"href":"https:\/\/www.ihr-ferienpartner.de\/mobil\/wp-json\/wp\/v2\/comments?post=3928"}],"version-history":[{"count":8,"href":"https:\/\/www.ihr-ferienpartner.de\/mobil\/wp-json\/wp\/v2\/pages\/3928\/revisions"}],"predecessor-version":[{"id":5120,"href":"https:\/\/www.ihr-ferienpartner.de\/mobil\/wp-json\/wp\/v2\/pages\/3928\/revisions\/5120"}],"wp:attachment":[{"href":"https:\/\/www.ihr-ferienpartner.de\/mobil\/wp-json\/wp\/v2\/media?parent=3928"}],"curies":[{"name":"wp","href":"https:\/\/api.w.org\/{rel}","templated":true}]}}