{"id":3954,"date":"2024-06-27T15:04:47","date_gmt":"2024-06-27T13:04:47","guid":{"rendered":"http:\/\/www.ihr-ferienpartner.de\/mobil\/?page_id=3954"},"modified":"2024-06-27T15:04:47","modified_gmt":"2024-06-27T13:04:47","slug":"jaz-makadina","status":"publish","type":"page","link":"https:\/\/www.ihr-ferienpartner.de\/mobil\/jaz-makadina\/","title":{"rendered":"JAZ Makadina"},"content":{"rendered":"<div style=\"background-color: #ffffff; padding:20px 20px 20px 20px;\">\n<h1>Jaz Makadina<\/h1>\n<p>Makadi Bay &#8211; \u00c4gypten<\/p>\n<p><img decoding=\"async\" src=\"https:\/\/www.ihr-ferienpartner.de\/Angebot\/SyMMakadi.jpg\" alt=\"Hotel JAZ Makadina g\u00fcnsig buchen\" title=\"JAZ Makadina im Preisvergleich, billig buchen.\"><br \/>\n<font size=\"-1\">Das Hotel Jaz Makadina (ehemals Sol y Mar Club Makadi) ist eine im marokkanischen Stil erbaute Anlage und liegt <strong>direkt am Strand<\/strong> der sch\u00f6nen Bucht von Makadi, ca. 35 km von Hurghada entfernt. Die orientalische <strong>all inclusive<\/strong>-Anlage verf\u00fcgt \u00fcber mehrere zweist\u00f6ckige Geb\u00e4ude, welche sich in einer sch\u00f6nen Gartenlandschaft, deren Mittelpunkt eine <strong>sch\u00f6ne Poollandschaft<\/strong> darstellt, verteilen<\/font><\/p>\n<hr>\n<p><b><font color=\"b62b31\">Hotel-Tipp:<\/font><\/b> <a href=\"https:\/\/www.ihr-ferienpartner.de\/mobil\/dl-pauschal2\/?countryId=EG&amp;duration=7-7&amp;from=15&amp;to=316&amp;hotelName=Jaz&amp;minRecommrate=60\">alle Jaz Hotels in \u00c4gypten &gt;&gt;<\/a><br \/>\n<b><font color=\"b62b31\">alle Hotels in:<\/font><\/b> <a href=\"https:\/\/www.ihr-ferienpartner.de\/mobil\/aegypten\">\u00c4gypten &gt;&gt;<\/a><\/p>\n<hr>\n<div id=\"ypsnet-ibe\" data-src=\"https:\/\/b2b.specials.de\/index\/jump\/119\/2780\/991880\/?action=dates&amp;regionId=651&amp;from=15&amp;to=316&amp;duration=7-7&amp;maxPrice=5000&amp;adults=2&amp;giataId=16706\"><\/div>\n<p><script src=\"https:\/\/webmedia.ypsilon.net\/spl_js\/ypsnet-ibe.js\"><\/script><\/p>\n<\/div>\n<div style=\"background-color: #ffffff; padding: 20px 20px 20px 20px;\">\n<hr>\n<p><b>all inclusive Cluburlaub im Jaz Makadina in \u00c4gypten:<\/b><br \/>\nBuchen Sie Ihre Reise und profitieren Sie u.a. vom Anbieter-Preisvergleich und Hotel-Rankings aus \u00fcber 1.000.000 authentischen Hotelbewertungen.<\/p>\n<p><img decoding=\"async\" src=\"https:\/\/www.ihr-ferienpartner.de\/Angebot\/Anbietervergleich.jpg\" alt=\"Reisen nach \u00c4gypten im JAZ Makadina in Makadi Bay\" title=\"Reisen nach \u00c4gypten im JAZ Makadina in Makadi\"><\/p>\n<\/div>\n","protected":false},"excerpt":{"rendered":"<p>Jaz Makadina Makadi Bay &#8211; \u00c4gypten Das Hotel Jaz Makadina (ehemals Sol y Mar Club Makadi) ist eine im marokkanischen Stil erbaute Anlage und liegt direkt am Strand der sch\u00f6nen Bucht von Makadi, ca. 35 km von Hurghada entfernt. Die orientalische all inclusive-Anlage verf\u00fcgt \u00fcber mehrere zweist\u00f6ckige Geb\u00e4ude, welche sich in einer sch\u00f6nen Gartenlandschaft, deren [&hellip;]<\/p>\n","protected":false},"author":1,"featured_media":0,"parent":0,"menu_order":0,"comment_status":"closed","ping_status":"closed","template":"","meta":{"footnotes":""},"yoast_head":"<!-- This site is optimized with the Yoast SEO plugin v22.8 - https:\/\/yoast.com\/wordpress\/plugins\/seo\/ -->\n<title>JAZ Makadina - Traumurlaub am Roten Meer g\u00fcnstig buchen!<\/title>\n<meta name=\"description\" content=\"Jetzt Makadi Bay in \u00c4gypten clever buchen: Anbieter-Preisvergleich, flexible Terminauswahl, alle Abflughafen &amp; Bewertungen.\" \/>\n<meta name=\"robots\" content=\"index, follow, max-snippet:-1, max-image-preview:large, max-video-preview:-1\" \/>\n<link rel=\"canonical\" href=\"https:\/\/www.ihr-ferienpartner.de\/mobil\/jaz-makadina\/\" \/>\n<meta property=\"og:locale\" content=\"de_DE\" \/>\n<meta property=\"og:type\" content=\"article\" \/>\n<meta property=\"og:title\" content=\"JAZ Makadina - Traumurlaub am Roten Meer g\u00fcnstig buchen!\" \/>\n<meta property=\"og:description\" content=\"Jetzt Makadi Bay in \u00c4gypten clever buchen: Anbieter-Preisvergleich, flexible Terminauswahl, alle Abflughafen &amp; Bewertungen.\" \/>\n<meta property=\"og:url\" content=\"https:\/\/www.ihr-ferienpartner.de\/mobil\/jaz-makadina\/\" \/>\n<meta property=\"og:site_name\" content=\"FINDE DEIN SPONTANIEN - Reisen g\u00fcnstig buchen\" \/>\n<meta property=\"og:image\" content=\"https:\/\/www.ihr-ferienpartner.de\/Angebot\/SyMMakadi.jpg\" \/>\n<meta name=\"twitter:card\" content=\"summary_large_image\" \/>\n<meta name=\"twitter:label1\" content=\"Gesch\u00e4tzte Lesezeit\" \/>\n\t<meta name=\"twitter:data1\" content=\"1\u00a0Minute\" \/>\n<script type=\"application\/ld+json\" class=\"yoast-schema-graph\">{\"@context\":\"https:\/\/schema.org\",\"@graph\":[{\"@type\":\"WebPage\",\"@id\":\"https:\/\/www.ihr-ferienpartner.de\/mobil\/jaz-makadina\/\",\"url\":\"https:\/\/www.ihr-ferienpartner.de\/mobil\/jaz-makadina\/\",\"name\":\"JAZ Makadina - Traumurlaub am Roten Meer g\u00fcnstig buchen!\",\"isPartOf\":{\"@id\":\"https:\/\/www.ihr-ferienpartner.de\/mobil\/#website\"},\"primaryImageOfPage\":{\"@id\":\"https:\/\/www.ihr-ferienpartner.de\/mobil\/jaz-makadina\/#primaryimage\"},\"image\":{\"@id\":\"https:\/\/www.ihr-ferienpartner.de\/mobil\/jaz-makadina\/#primaryimage\"},\"thumbnailUrl\":\"https:\/\/www.ihr-ferienpartner.de\/Angebot\/SyMMakadi.jpg\",\"datePublished\":\"2024-06-27T13:04:47+00:00\",\"dateModified\":\"2024-06-27T13:04:47+00:00\",\"description\":\"Jetzt Makadi Bay in \u00c4gypten clever buchen: Anbieter-Preisvergleich, flexible Terminauswahl, alle Abflughafen & Bewertungen.\",\"breadcrumb\":{\"@id\":\"https:\/\/www.ihr-ferienpartner.de\/mobil\/jaz-makadina\/#breadcrumb\"},\"inLanguage\":\"de\",\"potentialAction\":[{\"@type\":\"ReadAction\",\"target\":[\"https:\/\/www.ihr-ferienpartner.de\/mobil\/jaz-makadina\/\"]}]},{\"@type\":\"ImageObject\",\"inLanguage\":\"de\",\"@id\":\"https:\/\/www.ihr-ferienpartner.de\/mobil\/jaz-makadina\/#primaryimage\",\"url\":\"https:\/\/www.ihr-ferienpartner.de\/Angebot\/SyMMakadi.jpg\",\"contentUrl\":\"https:\/\/www.ihr-ferienpartner.de\/Angebot\/SyMMakadi.jpg\"},{\"@type\":\"BreadcrumbList\",\"@id\":\"https:\/\/www.ihr-ferienpartner.de\/mobil\/jaz-makadina\/#breadcrumb\",\"itemListElement\":[{\"@type\":\"ListItem\",\"position\":1,\"name\":\"Startseite\",\"item\":\"https:\/\/www.ihr-ferienpartner.de\/mobil\/\"},{\"@type\":\"ListItem\",\"position\":2,\"name\":\"JAZ Makadina\"}]},{\"@type\":\"WebSite\",\"@id\":\"https:\/\/www.ihr-ferienpartner.de\/mobil\/#website\",\"url\":\"https:\/\/www.ihr-ferienpartner.de\/mobil\/\",\"name\":\"FINDE DEIN SPONTANIEN - Reisen g\u00fcnstig buchen\",\"description\":\"Flugreisen im Preisvergleich mit flexiblen Terminen &amp; Abflughafen.\",\"publisher\":{\"@id\":\"https:\/\/www.ihr-ferienpartner.de\/mobil\/#organization\"},\"potentialAction\":[{\"@type\":\"SearchAction\",\"target\":{\"@type\":\"EntryPoint\",\"urlTemplate\":\"https:\/\/www.ihr-ferienpartner.de\/mobil\/?s={search_term_string}\"},\"query-input\":\"required name=search_term_string\"}],\"inLanguage\":\"de\"},{\"@type\":\"Organization\",\"@id\":\"https:\/\/www.ihr-ferienpartner.de\/mobil\/#organization\",\"name\":\"FINDE DEIN SPONTANIEN - Reisen g\u00fcnstig buchen\",\"url\":\"https:\/\/www.ihr-ferienpartner.de\/mobil\/\",\"logo\":{\"@type\":\"ImageObject\",\"inLanguage\":\"de\",\"@id\":\"https:\/\/www.ihr-ferienpartner.de\/mobil\/#\/schema\/logo\/image\/\",\"url\":\"https:\/\/www.ihr-ferienpartner.de\/mobil\/wp-content\/uploads\/2019\/10\/spontanien.jpg\",\"contentUrl\":\"https:\/\/www.ihr-ferienpartner.de\/mobil\/wp-content\/uploads\/2019\/10\/spontanien.jpg\",\"width\":818,\"height\":200,\"caption\":\"FINDE DEIN SPONTANIEN - Reisen g\u00fcnstig buchen\"},\"image\":{\"@id\":\"https:\/\/www.ihr-ferienpartner.de\/mobil\/#\/schema\/logo\/image\/\"}}]}<\/script>\n<!-- \/ Yoast SEO plugin. -->","yoast_head_json":{"title":"JAZ Makadina - Traumurlaub am Roten Meer g\u00fcnstig buchen!","description":"Jetzt Makadi Bay in \u00c4gypten clever buchen: Anbieter-Preisvergleich, flexible Terminauswahl, alle Abflughafen & Bewertungen.","robots":{"index":"index","follow":"follow","max-snippet":"max-snippet:-1","max-image-preview":"max-image-preview:large","max-video-preview":"max-video-preview:-1"},"canonical":"https:\/\/www.ihr-ferienpartner.de\/mobil\/jaz-makadina\/","og_locale":"de_DE","og_type":"article","og_title":"JAZ Makadina - Traumurlaub am Roten Meer g\u00fcnstig buchen!","og_description":"Jetzt Makadi Bay in \u00c4gypten clever buchen: Anbieter-Preisvergleich, flexible Terminauswahl, alle Abflughafen & Bewertungen.","og_url":"https:\/\/www.ihr-ferienpartner.de\/mobil\/jaz-makadina\/","og_site_name":"FINDE DEIN SPONTANIEN - Reisen g\u00fcnstig buchen","og_image":[{"url":"https:\/\/www.ihr-ferienpartner.de\/Angebot\/SyMMakadi.jpg"}],"twitter_card":"summary_large_image","twitter_misc":{"Gesch\u00e4tzte Lesezeit":"1\u00a0Minute"},"schema":{"@context":"https:\/\/schema.org","@graph":[{"@type":"WebPage","@id":"https:\/\/www.ihr-ferienpartner.de\/mobil\/jaz-makadina\/","url":"https:\/\/www.ihr-ferienpartner.de\/mobil\/jaz-makadina\/","name":"JAZ Makadina - Traumurlaub am Roten Meer g\u00fcnstig buchen!","isPartOf":{"@id":"https:\/\/www.ihr-ferienpartner.de\/mobil\/#website"},"primaryImageOfPage":{"@id":"https:\/\/www.ihr-ferienpartner.de\/mobil\/jaz-makadina\/#primaryimage"},"image":{"@id":"https:\/\/www.ihr-ferienpartner.de\/mobil\/jaz-makadina\/#primaryimage"},"thumbnailUrl":"https:\/\/www.ihr-ferienpartner.de\/Angebot\/SyMMakadi.jpg","datePublished":"2024-06-27T13:04:47+00:00","dateModified":"2024-06-27T13:04:47+00:00","description":"Jetzt Makadi Bay in \u00c4gypten clever buchen: Anbieter-Preisvergleich, flexible Terminauswahl, alle Abflughafen & Bewertungen.","breadcrumb":{"@id":"https:\/\/www.ihr-ferienpartner.de\/mobil\/jaz-makadina\/#breadcrumb"},"inLanguage":"de","potentialAction":[{"@type":"ReadAction","target":["https:\/\/www.ihr-ferienpartner.de\/mobil\/jaz-makadina\/"]}]},{"@type":"ImageObject","inLanguage":"de","@id":"https:\/\/www.ihr-ferienpartner.de\/mobil\/jaz-makadina\/#primaryimage","url":"https:\/\/www.ihr-ferienpartner.de\/Angebot\/SyMMakadi.jpg","contentUrl":"https:\/\/www.ihr-ferienpartner.de\/Angebot\/SyMMakadi.jpg"},{"@type":"BreadcrumbList","@id":"https:\/\/www.ihr-ferienpartner.de\/mobil\/jaz-makadina\/#breadcrumb","itemListElement":[{"@type":"ListItem","position":1,"name":"Startseite","item":"https:\/\/www.ihr-ferienpartner.de\/mobil\/"},{"@type":"ListItem","position":2,"name":"JAZ Makadina"}]},{"@type":"WebSite","@id":"https:\/\/www.ihr-ferienpartner.de\/mobil\/#website","url":"https:\/\/www.ihr-ferienpartner.de\/mobil\/","name":"FINDE DEIN SPONTANIEN - Reisen g\u00fcnstig buchen","description":"Flugreisen im Preisvergleich mit flexiblen Terminen &amp; Abflughafen.","publisher":{"@id":"https:\/\/www.ihr-ferienpartner.de\/mobil\/#organization"},"potentialAction":[{"@type":"SearchAction","target":{"@type":"EntryPoint","urlTemplate":"https:\/\/www.ihr-ferienpartner.de\/mobil\/?s={search_term_string}"},"query-input":"required name=search_term_string"}],"inLanguage":"de"},{"@type":"Organization","@id":"https:\/\/www.ihr-ferienpartner.de\/mobil\/#organization","name":"FINDE DEIN SPONTANIEN - Reisen g\u00fcnstig buchen","url":"https:\/\/www.ihr-ferienpartner.de\/mobil\/","logo":{"@type":"ImageObject","inLanguage":"de","@id":"https:\/\/www.ihr-ferienpartner.de\/mobil\/#\/schema\/logo\/image\/","url":"https:\/\/www.ihr-ferienpartner.de\/mobil\/wp-content\/uploads\/2019\/10\/spontanien.jpg","contentUrl":"https:\/\/www.ihr-ferienpartner.de\/mobil\/wp-content\/uploads\/2019\/10\/spontanien.jpg","width":818,"height":200,"caption":"FINDE DEIN SPONTANIEN - Reisen g\u00fcnstig buchen"},"image":{"@id":"https:\/\/www.ihr-ferienpartner.de\/mobil\/#\/schema\/logo\/image\/"}}]}},"_links":{"self":[{"href":"https:\/\/www.ihr-ferienpartner.de\/mobil\/wp-json\/wp\/v2\/pages\/3954"}],"collection":[{"href":"https:\/\/www.ihr-ferienpartner.de\/mobil\/wp-json\/wp\/v2\/pages"}],"about":[{"href":"https:\/\/www.ihr-ferienpartner.de\/mobil\/wp-json\/wp\/v2\/types\/page"}],"author":[{"embeddable":true,"href":"https:\/\/www.ihr-ferienpartner.de\/mobil\/wp-json\/wp\/v2\/users\/1"}],"replies":[{"embeddable":true,"href":"https:\/\/www.ihr-ferienpartner.de\/mobil\/wp-json\/wp\/v2\/comments?post=3954"}],"version-history":[{"count":5,"href":"https:\/\/www.ihr-ferienpartner.de\/mobil\/wp-json\/wp\/v2\/pages\/3954\/revisions"}],"predecessor-version":[{"id":5071,"href":"https:\/\/www.ihr-ferienpartner.de\/mobil\/wp-json\/wp\/v2\/pages\/3954\/revisions\/5071"}],"wp:attachment":[{"href":"https:\/\/www.ihr-ferienpartner.de\/mobil\/wp-json\/wp\/v2\/media?parent=3954"}],"curies":[{"name":"wp","href":"https:\/\/api.w.org\/{rel}","templated":true}]}}